{"id":98055,"date":"2024-04-29T14:46:22","date_gmt":"2024-04-29T12:46:22","guid":{"rendered":"https:\/\/letrame.com\/catalogo\/producto\/poeisiteca-almanaquera\/"},"modified":"2024-08-12T13:03:17","modified_gmt":"2024-08-12T11:03:17","slug":"poeisiteca-almanaquera","status":"publish","type":"product","link":"https:\/\/letrame.com\/catalogo\/producto\/poeisiteca-almanaquera\/","title":{"rendered":"Poeisiteca almanaquera"},"content":{"rendered":"<p><strong>ISBN<\/strong>: 978-84-1144-083-7<\/p>\n<p><strong>T\u00edtulo<\/strong>: <span data-sheets-value=\"{&quot;1&quot;:2,&quot;2&quot;:&quot;Poeisiteca almanaquera&quot;}\" data-sheets-userformat=\"{&quot;2&quot;:579,&quot;3&quot;:{&quot;1&quot;:0},&quot;4&quot;:{&quot;1&quot;:2,&quot;2&quot;:14281427},&quot;9&quot;:1,&quot;12&quot;:0}\">Poeisiteca almanaquera<\/span><br \/>\n<strong>Fecha<\/strong>: 2022<br \/>\n<strong>P\u00e1ginas<\/strong>: 426<\/p>\n<p><strong>SINOPSIS<\/strong><\/p>\n<p>Poesiteca almanaquera o Poemario: El D\u00eda D (Almanaque po\u00e9tico) recopila todas aquellas fechas de gran trascendencia en el calendario. Aqu\u00ed, el lector podr\u00e1 encontrar las conmemoraciones a manera de verso, haciendo alegor\u00eda a los diferentes oficios o profesiones que ejerce un individuo en la sociedad. Podr\u00e1s ubicar, a trav\u00e9s de esta pieza literaria, el d\u00eda que te corresponde el homenaje de tu oficio y a todos aquellos actores laborales que interact\u00faan a tu alrededor. Este poemario te ayudar\u00e1 a resolver, en determinados momentos, un discurso que quieras emprender; ya sea frente a familiares o conocidos, sin tener que improvisar una oratoria para ese momento especial. Adem\u00e1s de ser un Almanaque Po\u00e9tico, tambi\u00e9n se podr\u00eda considerar que es un diccionario po\u00e9tico, puesto que en este encontrar\u00e1s una definici\u00f3n de ciertas actividades de las que no ten\u00edas idea de qu\u00e9 se trataba. Espero sea de su total agrado. Buona lettura.<\/p>\n","protected":false},"excerpt":{"rendered":"<p><strong>ISBN<\/strong>: 978-84-1144-083-7<\/p>\n<p><strong>SINOPSIS<\/strong><\/p>\n<p>Poesiteca almanaquera o Poemario: El D\u00eda D (Almanaque po\u00e9tico) recopila todas aquellas fechas de gran trascendencia en el calendario. Aqu\u00ed, el lector podr\u00e1 encontrar las conmemoraciones a manera de verso, haciendo alegor\u00eda a los diferentes oficios o profesiones que ejerce un individuo en la sociedad. Podr\u00e1s ubicar, a trav\u00e9s de esta pieza literaria, el d\u00eda que te corresponde el homenaje de tu oficio y a todos aquellos actores laborales que interact\u00faan a tu alrededor. Este poemario te ayudar\u00e1 a resolver, en determinados momentos, un discurso que quieras emprender; ya sea frente a familiares o conocidos, sin tener que improvisar una oratoria para ese momento especial. Adem\u00e1s de ser un Almanaque Po\u00e9tico, tambi\u00e9n se podr\u00eda considerar que es un diccionario po\u00e9tico, puesto que en este encontrar\u00e1s una definici\u00f3n de ciertas actividades de las que no ten\u00edas idea de qu\u00e9 se trataba. Espero sea de su total agrado. Buona lettura.<\/p>\n","protected":false},"featured_media":98056,"comment_status":"closed","ping_status":"closed","template":"","meta":{"_acf_changed":false},"libro":[],"product_brand":[],"product_cat":[20],"product_tag":[],"class_list":{"0":"post-98055","1":"product","2":"type-product","3":"status-publish","4":"has-post-thumbnail","6":"product_cat-poesia","8":"first","9":"instock","10":"product-type-simple"},"acf":{"autor":[77477],"enlace_de_compra":"https:\/\/amzn.to\/4cnjmHD"},"yoast_head":"<!-- This site is optimized with the Yoast SEO plugin v27.4 - https:\/\/yoast.com\/product\/yoast-seo-wordpress\/ -->\n<title>Poeisiteca almanaquera - Catalogo | Letrame Grupo Editorial<\/title>\n<meta name=\"robots\" content=\"index, follow, max-snippet:-1, max-image-preview:large, max-video-preview:-1\" \/>\n<link rel=\"canonical\" href=\"https:\/\/letrame.com\/catalogo\/producto\/poeisiteca-almanaquera\/\" \/>\n<meta property=\"og:locale\" content=\"es_ES\" \/>\n<meta property=\"og:type\" content=\"article\" \/>\n<meta property=\"og:title\" content=\"Poeisiteca almanaquera - Catalogo | Letrame Grupo Editorial\" \/>\n<meta property=\"og:description\" content=\"ISBN: 978-84-1144-083-7  SINOPSIS  Poesiteca almanaquera o Poemario: El D\u00eda D (Almanaque po\u00e9tico) recopila todas aquellas fechas de gran trascendencia en el calendario. Aqu\u00ed, el lector podr\u00e1 encontrar las conmemoraciones a manera de verso, haciendo alegor\u00eda a los diferentes oficios o profesiones que ejerce un individuo en la sociedad. Podr\u00e1s ubicar, a trav\u00e9s de esta pieza literaria, el d\u00eda que te corresponde el homenaje de tu oficio y a todos aquellos actores laborales que interact\u00faan a tu alrededor. Este poemario te ayudar\u00e1 a resolver, en determinados momentos, un discurso que quieras emprender; ya sea frente a familiares o conocidos, sin tener que improvisar una oratoria para ese momento especial. Adem\u00e1s de ser un Almanaque Po\u00e9tico, tambi\u00e9n se podr\u00eda considerar que es un diccionario po\u00e9tico, puesto que en este encontrar\u00e1s una definici\u00f3n de ciertas actividades de las que no ten\u00edas idea de qu\u00e9 se trataba. Espero sea de su total agrado. Buona lettura.\" \/>\n<meta property=\"og:url\" content=\"https:\/\/letrame.com\/catalogo\/producto\/poeisiteca-almanaquera\/\" \/>\n<meta property=\"og:site_name\" content=\"Catalogo | Letrame Grupo Editorial\" \/>\n<meta property=\"article:modified_time\" content=\"2024-08-12T11:03:17+00:00\" \/>\n<meta property=\"og:image\" content=\"https:\/\/letrame.com\/catalogo\/wp-content\/uploads\/2024\/04\/redportada_poesiteca_2072mm-compressed.jpg\" \/>\n\t<meta property=\"og:image:width\" content=\"601\" \/>\n\t<meta property=\"og:image:height\" content=\"881\" \/>\n\t<meta property=\"og:image:type\" content=\"image\/jpeg\" \/>\n<meta name=\"twitter:card\" content=\"summary_large_image\" \/>\n<meta name=\"twitter:label1\" content=\"Tiempo de lectura\" \/>\n\t<meta name=\"twitter:data1\" content=\"1 minuto\" \/>\n<script type=\"application\/ld+json\" class=\"yoast-schema-graph\">{\"@context\":\"https:\\\/\\\/schema.org\",\"@graph\":[{\"@type\":\"WebPage\",\"@id\":\"https:\\\/\\\/letrame.com\\\/catalogo\\\/producto\\\/poeisiteca-almanaquera\\\/\",\"url\":\"https:\\\/\\\/letrame.com\\\/catalogo\\\/producto\\\/poeisiteca-almanaquera\\\/\",\"name\":\"Poeisiteca almanaquera - Catalogo | Letrame Grupo Editorial\",\"isPartOf\":{\"@id\":\"https:\\\/\\\/letrame.com\\\/catalogo\\\/#website\"},\"primaryImageOfPage\":{\"@id\":\"https:\\\/\\\/letrame.com\\\/catalogo\\\/producto\\\/poeisiteca-almanaquera\\\/#primaryimage\"},\"image\":{\"@id\":\"https:\\\/\\\/letrame.com\\\/catalogo\\\/producto\\\/poeisiteca-almanaquera\\\/#primaryimage\"},\"thumbnailUrl\":\"https:\\\/\\\/letrame.com\\\/catalogo\\\/wp-content\\\/uploads\\\/2024\\\/04\\\/redportada_poesiteca_2072mm-compressed.jpg\",\"datePublished\":\"2024-04-29T12:46:22+00:00\",\"dateModified\":\"2024-08-12T11:03:17+00:00\",\"breadcrumb\":{\"@id\":\"https:\\\/\\\/letrame.com\\\/catalogo\\\/producto\\\/poeisiteca-almanaquera\\\/#breadcrumb\"},\"inLanguage\":\"es\",\"potentialAction\":[{\"@type\":\"ReadAction\",\"target\":[\"https:\\\/\\\/letrame.com\\\/catalogo\\\/producto\\\/poeisiteca-almanaquera\\\/\"]}]},{\"@type\":\"ImageObject\",\"inLanguage\":\"es\",\"@id\":\"https:\\\/\\\/letrame.com\\\/catalogo\\\/producto\\\/poeisiteca-almanaquera\\\/#primaryimage\",\"url\":\"https:\\\/\\\/letrame.com\\\/catalogo\\\/wp-content\\\/uploads\\\/2024\\\/04\\\/redportada_poesiteca_2072mm-compressed.jpg\",\"contentUrl\":\"https:\\\/\\\/letrame.com\\\/catalogo\\\/wp-content\\\/uploads\\\/2024\\\/04\\\/redportada_poesiteca_2072mm-compressed.jpg\",\"width\":601,\"height\":881},{\"@type\":\"BreadcrumbList\",\"@id\":\"https:\\\/\\\/letrame.com\\\/catalogo\\\/producto\\\/poeisiteca-almanaquera\\\/#breadcrumb\",\"itemListElement\":[{\"@type\":\"ListItem\",\"position\":1,\"name\":\"Portada\",\"item\":\"https:\\\/\\\/letrame.com\\\/catalogo\\\/\"},{\"@type\":\"ListItem\",\"position\":2,\"name\":\"Cat\u00e1logo\",\"item\":\"https:\\\/\\\/letrame.com\\\/catalogo\\\/\"},{\"@type\":\"ListItem\",\"position\":3,\"name\":\"Poeisiteca almanaquera\"}]},{\"@type\":\"WebSite\",\"@id\":\"https:\\\/\\\/letrame.com\\\/catalogo\\\/#website\",\"url\":\"https:\\\/\\\/letrame.com\\\/catalogo\\\/\",\"name\":\"Catalogo | Letrame Grupo Editorial\",\"description\":\"\",\"publisher\":{\"@id\":\"https:\\\/\\\/letrame.com\\\/catalogo\\\/#organization\"},\"potentialAction\":[{\"@type\":\"SearchAction\",\"target\":{\"@type\":\"EntryPoint\",\"urlTemplate\":\"https:\\\/\\\/letrame.com\\\/catalogo\\\/?s={search_term_string}\"},\"query-input\":{\"@type\":\"PropertyValueSpecification\",\"valueRequired\":true,\"valueName\":\"search_term_string\"}}],\"inLanguage\":\"es\"},{\"@type\":\"Organization\",\"@id\":\"https:\\\/\\\/letrame.com\\\/catalogo\\\/#organization\",\"name\":\"Catalogo | Letrame Grupo Editorial\",\"url\":\"https:\\\/\\\/letrame.com\\\/catalogo\\\/\",\"logo\":{\"@type\":\"ImageObject\",\"inLanguage\":\"es\",\"@id\":\"https:\\\/\\\/letrame.com\\\/catalogo\\\/#\\\/schema\\\/logo\\\/image\\\/\",\"url\":\"https:\\\/\\\/letrame.com\\\/catalogo\\\/wp-content\\\/uploads\\\/2024\\\/03\\\/logo2.webp\",\"contentUrl\":\"https:\\\/\\\/letrame.com\\\/catalogo\\\/wp-content\\\/uploads\\\/2024\\\/03\\\/logo2.webp\",\"width\":394,\"height\":128,\"caption\":\"Catalogo | Letrame Grupo Editorial\"},\"image\":{\"@id\":\"https:\\\/\\\/letrame.com\\\/catalogo\\\/#\\\/schema\\\/logo\\\/image\\\/\"}}]}<\/script>\n<!-- \/ Yoast SEO plugin. -->","yoast_head_json":{"title":"Poeisiteca almanaquera - Catalogo | Letrame Grupo Editorial","robots":{"index":"index","follow":"follow","max-snippet":"max-snippet:-1","max-image-preview":"max-image-preview:large","max-video-preview":"max-video-preview:-1"},"canonical":"https:\/\/letrame.com\/catalogo\/producto\/poeisiteca-almanaquera\/","og_locale":"es_ES","og_type":"article","og_title":"Poeisiteca almanaquera - Catalogo | Letrame Grupo Editorial","og_description":"ISBN: 978-84-1144-083-7  SINOPSIS  Poesiteca almanaquera o Poemario: El D\u00eda D (Almanaque po\u00e9tico) recopila todas aquellas fechas de gran trascendencia en el calendario. Aqu\u00ed, el lector podr\u00e1 encontrar las conmemoraciones a manera de verso, haciendo alegor\u00eda a los diferentes oficios o profesiones que ejerce un individuo en la sociedad. Podr\u00e1s ubicar, a trav\u00e9s de esta pieza literaria, el d\u00eda que te corresponde el homenaje de tu oficio y a todos aquellos actores laborales que interact\u00faan a tu alrededor. Este poemario te ayudar\u00e1 a resolver, en determinados momentos, un discurso que quieras emprender; ya sea frente a familiares o conocidos, sin tener que improvisar una oratoria para ese momento especial. Adem\u00e1s de ser un Almanaque Po\u00e9tico, tambi\u00e9n se podr\u00eda considerar que es un diccionario po\u00e9tico, puesto que en este encontrar\u00e1s una definici\u00f3n de ciertas actividades de las que no ten\u00edas idea de qu\u00e9 se trataba. Espero sea de su total agrado. Buona lettura.","og_url":"https:\/\/letrame.com\/catalogo\/producto\/poeisiteca-almanaquera\/","og_site_name":"Catalogo | Letrame Grupo Editorial","article_modified_time":"2024-08-12T11:03:17+00:00","og_image":[{"width":601,"height":881,"url":"https:\/\/letrame.com\/catalogo\/wp-content\/uploads\/2024\/04\/redportada_poesiteca_2072mm-compressed.jpg","type":"image\/jpeg"}],"twitter_card":"summary_large_image","twitter_misc":{"Tiempo de lectura":"1 minuto"},"schema":{"@context":"https:\/\/schema.org","@graph":[{"@type":"WebPage","@id":"https:\/\/letrame.com\/catalogo\/producto\/poeisiteca-almanaquera\/","url":"https:\/\/letrame.com\/catalogo\/producto\/poeisiteca-almanaquera\/","name":"Poeisiteca almanaquera - Catalogo | Letrame Grupo Editorial","isPartOf":{"@id":"https:\/\/letrame.com\/catalogo\/#website"},"primaryImageOfPage":{"@id":"https:\/\/letrame.com\/catalogo\/producto\/poeisiteca-almanaquera\/#primaryimage"},"image":{"@id":"https:\/\/letrame.com\/catalogo\/producto\/poeisiteca-almanaquera\/#primaryimage"},"thumbnailUrl":"https:\/\/letrame.com\/catalogo\/wp-content\/uploads\/2024\/04\/redportada_poesiteca_2072mm-compressed.jpg","datePublished":"2024-04-29T12:46:22+00:00","dateModified":"2024-08-12T11:03:17+00:00","breadcrumb":{"@id":"https:\/\/letrame.com\/catalogo\/producto\/poeisiteca-almanaquera\/#breadcrumb"},"inLanguage":"es","potentialAction":[{"@type":"ReadAction","target":["https:\/\/letrame.com\/catalogo\/producto\/poeisiteca-almanaquera\/"]}]},{"@type":"ImageObject","inLanguage":"es","@id":"https:\/\/letrame.com\/catalogo\/producto\/poeisiteca-almanaquera\/#primaryimage","url":"https:\/\/letrame.com\/catalogo\/wp-content\/uploads\/2024\/04\/redportada_poesiteca_2072mm-compressed.jpg","contentUrl":"https:\/\/letrame.com\/catalogo\/wp-content\/uploads\/2024\/04\/redportada_poesiteca_2072mm-compressed.jpg","width":601,"height":881},{"@type":"BreadcrumbList","@id":"https:\/\/letrame.com\/catalogo\/producto\/poeisiteca-almanaquera\/#breadcrumb","itemListElement":[{"@type":"ListItem","position":1,"name":"Portada","item":"https:\/\/letrame.com\/catalogo\/"},{"@type":"ListItem","position":2,"name":"Cat\u00e1logo","item":"https:\/\/letrame.com\/catalogo\/"},{"@type":"ListItem","position":3,"name":"Poeisiteca almanaquera"}]},{"@type":"WebSite","@id":"https:\/\/letrame.com\/catalogo\/#website","url":"https:\/\/letrame.com\/catalogo\/","name":"Catalogo | Letrame Grupo Editorial","description":"","publisher":{"@id":"https:\/\/letrame.com\/catalogo\/#organization"},"potentialAction":[{"@type":"SearchAction","target":{"@type":"EntryPoint","urlTemplate":"https:\/\/letrame.com\/catalogo\/?s={search_term_string}"},"query-input":{"@type":"PropertyValueSpecification","valueRequired":true,"valueName":"search_term_string"}}],"inLanguage":"es"},{"@type":"Organization","@id":"https:\/\/letrame.com\/catalogo\/#organization","name":"Catalogo | Letrame Grupo Editorial","url":"https:\/\/letrame.com\/catalogo\/","logo":{"@type":"ImageObject","inLanguage":"es","@id":"https:\/\/letrame.com\/catalogo\/#\/schema\/logo\/image\/","url":"https:\/\/letrame.com\/catalogo\/wp-content\/uploads\/2024\/03\/logo2.webp","contentUrl":"https:\/\/letrame.com\/catalogo\/wp-content\/uploads\/2024\/03\/logo2.webp","width":394,"height":128,"caption":"Catalogo | Letrame Grupo Editorial"},"image":{"@id":"https:\/\/letrame.com\/catalogo\/#\/schema\/logo\/image\/"}}]}},"_links":{"self":[{"href":"https:\/\/letrame.com\/catalogo\/wp-json\/wp\/v2\/product\/98055","targetHints":{"allow":["GET"]}}],"collection":[{"href":"https:\/\/letrame.com\/catalogo\/wp-json\/wp\/v2\/product"}],"about":[{"href":"https:\/\/letrame.com\/catalogo\/wp-json\/wp\/v2\/types\/product"}],"replies":[{"embeddable":true,"href":"https:\/\/letrame.com\/catalogo\/wp-json\/wp\/v2\/comments?post=98055"}],"acf:post":[{"embeddable":true,"href":"https:\/\/letrame.com\/catalogo\/wp-json\/wp\/v2\/author_book\/77477"}],"wp:featuredmedia":[{"embeddable":true,"href":"https:\/\/letrame.com\/catalogo\/wp-json\/wp\/v2\/media\/98056"}],"wp:attachment":[{"href":"https:\/\/letrame.com\/catalogo\/wp-json\/wp\/v2\/media?parent=98055"}],"wp:term":[{"taxonomy":"libro","embeddable":true,"href":"https:\/\/letrame.com\/catalogo\/wp-json\/wp\/v2\/libro?post=98055"},{"taxonomy":"product_brand","embeddable":true,"href":"https:\/\/letrame.com\/catalogo\/wp-json\/wp\/v2\/product_brand?post=98055"},{"taxonomy":"product_cat","embeddable":true,"href":"https:\/\/letrame.com\/catalogo\/wp-json\/wp\/v2\/product_cat?post=98055"},{"taxonomy":"product_tag","embeddable":true,"href":"https:\/\/letrame.com\/catalogo\/wp-json\/wp\/v2\/product_tag?post=98055"}],"curies":[{"name":"wp","href":"https:\/\/api.w.org\/{rel}","templated":true}]}}