{"id":98045,"date":"2024-04-29T14:46:13","date_gmt":"2024-04-29T12:46:13","guid":{"rendered":"https:\/\/letrame.com\/catalogo\/producto\/el-segundo-principio-de-arquimedes\/"},"modified":"2024-04-29T14:46:13","modified_gmt":"2024-04-29T12:46:13","slug":"el-segundo-principio-de-arquimedes","status":"publish","type":"product","link":"https:\/\/letrame.com\/catalogo\/producto\/el-segundo-principio-de-arquimedes\/","title":{"rendered":"El segundo principio de Arqu\u00edmedes"},"content":{"rendered":"<p><strong>ISBN<\/strong>: 978-84-1144-078-3<\/p>\n<p><strong>T\u00edtulo<\/strong>: <span data-sheets-value=\"{&quot;1&quot;:2,&quot;2&quot;:&quot;El segundo principio de Arqu\u00edmedes&quot;}\" data-sheets-userformat=\"{&quot;2&quot;:579,&quot;3&quot;:{&quot;1&quot;:0},&quot;4&quot;:{&quot;1&quot;:2,&quot;2&quot;:16777215},&quot;9&quot;:1,&quot;12&quot;:0}\">El segundo principio de Arqu\u00edmedes<\/span><br \/>\n<strong>Fecha<\/strong>: 2022<br \/>\n<strong>P\u00e1ginas<\/strong>: 630<\/p>\n<p><strong>SINOPSIS<\/strong><\/p>\n<p>La novela narra tres d\u00e9cadas de la vida de un ingeniero vasco, desde mediados los a\u00f1os sesenta hasta los noventa del pasado siglo. Se trata de una de esas muchas personas an\u00f3nimas que no ten\u00edan una vinculaci\u00f3n pol\u00edtica o social destacada, pero se vieron envueltos, e incluso arrastrados por los acontecimientos que se estaban produciendo a su alrededor. La narraci\u00f3n nos muestra sus ilusiones y miedos, sus \u00e9xitos y desenga\u00f1os, tanto en el \u00e1mbito personal, como en el social o el laboral. Alrededor suyo se mueve un conjunto de personajes secundarios (su familia, familiares, compa\u00f1eros de estudios y trabajo) que contribuyen a ofrecer una visi\u00f3n m\u00e1s completa de la situaci\u00f3n. A lo largo de esta narraci\u00f3n de hechos totalmente ficticios, el lector puede llegar a comprender mejor lo sucedido durante esos a\u00f1os.<\/p>\n","protected":false},"excerpt":{"rendered":"<p><strong>ISBN<\/strong>: 978-84-1144-078-3<\/p>\n<p><strong>SINOPSIS<\/strong><\/p>\n<p>La novela narra tres d\u00e9cadas de la vida de un ingeniero vasco, desde mediados los a\u00f1os sesenta hasta los noventa del pasado siglo. Se trata de una de esas muchas personas an\u00f3nimas que no ten\u00edan una vinculaci\u00f3n pol\u00edtica o social destacada, pero se vieron envueltos, e incluso arrastrados por los acontecimientos que se estaban produciendo a su alrededor. La narraci\u00f3n nos muestra sus ilusiones y miedos, sus \u00e9xitos y desenga\u00f1os, tanto en el \u00e1mbito personal, como en el social o el laboral. Alrededor suyo se mueve un conjunto de personajes secundarios (su familia, familiares, compa\u00f1eros de estudios y trabajo) que contribuyen a ofrecer una visi\u00f3n m\u00e1s completa de la situaci\u00f3n. A lo largo de esta narraci\u00f3n de hechos totalmente ficticios, el lector puede llegar a comprender mejor lo sucedido durante esos a\u00f1os.<\/p>\n","protected":false},"featured_media":98046,"comment_status":"closed","ping_status":"open","template":"","meta":{"_acf_changed":false},"libro":[],"product_brand":[],"product_cat":[16],"product_tag":[],"class_list":{"0":"post-98045","1":"product","2":"type-product","3":"status-publish","4":"has-post-thumbnail","6":"product_cat-novela","8":"first","9":"instock","10":"product-type-simple"},"acf":{"autor":[76575],"enlace_de_compra":""},"yoast_head":"<!-- This site is optimized with the Yoast SEO plugin v26.6 - https:\/\/yoast.com\/wordpress\/plugins\/seo\/ -->\n<title>El segundo principio de Arqu\u00edmedes - Catalogo | Letrame Grupo Editorial<\/title>\n<meta name=\"robots\" content=\"index, follow, max-snippet:-1, max-image-preview:large, max-video-preview:-1\" \/>\n<link rel=\"canonical\" href=\"https:\/\/letrame.com\/catalogo\/producto\/el-segundo-principio-de-arquimedes\/\" \/>\n<meta property=\"og:locale\" content=\"es_ES\" \/>\n<meta property=\"og:type\" content=\"article\" \/>\n<meta property=\"og:title\" content=\"El segundo principio de Arqu\u00edmedes - Catalogo | Letrame Grupo Editorial\" \/>\n<meta property=\"og:description\" content=\"ISBN: 978-84-1144-078-3 SINOPSIS La novela narra tres d\u00e9cadas de la vida de un ingeniero vasco, desde mediados los a\u00f1os sesenta hasta los noventa del pasado siglo. Se trata de una de esas muchas personas an\u00f3nimas que no ten\u00edan una vinculaci\u00f3n pol\u00edtica o social destacada, pero se vieron envueltos, e incluso arrastrados por los acontecimientos que se estaban produciendo a su alrededor. La narraci\u00f3n nos muestra sus ilusiones y miedos, sus \u00e9xitos y desenga\u00f1os, tanto en el \u00e1mbito personal, como en el social o el laboral. Alrededor suyo se mueve un conjunto de personajes secundarios (su familia, familiares, compa\u00f1eros de estudios y trabajo) que contribuyen a ofrecer una visi\u00f3n m\u00e1s completa de la situaci\u00f3n. A lo largo de esta narraci\u00f3n de hechos totalmente ficticios, el lector puede llegar a comprender mejor lo sucedido durante esos a\u00f1os.\" \/>\n<meta property=\"og:url\" content=\"https:\/\/letrame.com\/catalogo\/producto\/el-segundo-principio-de-arquimedes\/\" \/>\n<meta property=\"og:site_name\" content=\"Catalogo | Letrame Grupo Editorial\" \/>\n<meta property=\"og:image\" content=\"https:\/\/letrame.com\/catalogo\/wp-content\/uploads\/2024\/04\/redportada_elsegundoprincipio_3012mm-compressed.jpg\" \/>\n\t<meta property=\"og:image:width\" content=\"601\" \/>\n\t<meta property=\"og:image:height\" content=\"849\" \/>\n\t<meta property=\"og:image:type\" content=\"image\/jpeg\" \/>\n<meta name=\"twitter:card\" content=\"summary_large_image\" \/>\n<meta name=\"twitter:label1\" content=\"Tiempo de lectura\" \/>\n\t<meta name=\"twitter:data1\" content=\"1 minuto\" \/>\n<script type=\"application\/ld+json\" class=\"yoast-schema-graph\">{\"@context\":\"https:\/\/schema.org\",\"@graph\":[{\"@type\":\"WebPage\",\"@id\":\"https:\/\/letrame.com\/catalogo\/producto\/el-segundo-principio-de-arquimedes\/\",\"url\":\"https:\/\/letrame.com\/catalogo\/producto\/el-segundo-principio-de-arquimedes\/\",\"name\":\"El segundo principio de Arqu\u00edmedes - Catalogo | Letrame Grupo Editorial\",\"isPartOf\":{\"@id\":\"https:\/\/letrame.com\/catalogo\/#website\"},\"primaryImageOfPage\":{\"@id\":\"https:\/\/letrame.com\/catalogo\/producto\/el-segundo-principio-de-arquimedes\/#primaryimage\"},\"image\":{\"@id\":\"https:\/\/letrame.com\/catalogo\/producto\/el-segundo-principio-de-arquimedes\/#primaryimage\"},\"thumbnailUrl\":\"https:\/\/letrame.com\/catalogo\/wp-content\/uploads\/2024\/04\/redportada_elsegundoprincipio_3012mm-compressed.jpg\",\"datePublished\":\"2024-04-29T12:46:13+00:00\",\"breadcrumb\":{\"@id\":\"https:\/\/letrame.com\/catalogo\/producto\/el-segundo-principio-de-arquimedes\/#breadcrumb\"},\"inLanguage\":\"es\",\"potentialAction\":[{\"@type\":\"ReadAction\",\"target\":[\"https:\/\/letrame.com\/catalogo\/producto\/el-segundo-principio-de-arquimedes\/\"]}]},{\"@type\":\"ImageObject\",\"inLanguage\":\"es\",\"@id\":\"https:\/\/letrame.com\/catalogo\/producto\/el-segundo-principio-de-arquimedes\/#primaryimage\",\"url\":\"https:\/\/letrame.com\/catalogo\/wp-content\/uploads\/2024\/04\/redportada_elsegundoprincipio_3012mm-compressed.jpg\",\"contentUrl\":\"https:\/\/letrame.com\/catalogo\/wp-content\/uploads\/2024\/04\/redportada_elsegundoprincipio_3012mm-compressed.jpg\",\"width\":601,\"height\":849},{\"@type\":\"BreadcrumbList\",\"@id\":\"https:\/\/letrame.com\/catalogo\/producto\/el-segundo-principio-de-arquimedes\/#breadcrumb\",\"itemListElement\":[{\"@type\":\"ListItem\",\"position\":1,\"name\":\"Portada\",\"item\":\"https:\/\/letrame.com\/catalogo\/\"},{\"@type\":\"ListItem\",\"position\":2,\"name\":\"Cat\u00e1logo\",\"item\":\"https:\/\/letrame.com\/catalogo\/\"},{\"@type\":\"ListItem\",\"position\":3,\"name\":\"El segundo principio de Arqu\u00edmedes\"}]},{\"@type\":\"WebSite\",\"@id\":\"https:\/\/letrame.com\/catalogo\/#website\",\"url\":\"https:\/\/letrame.com\/catalogo\/\",\"name\":\"Catalogo | Letrame Grupo Editorial\",\"description\":\"\",\"publisher\":{\"@id\":\"https:\/\/letrame.com\/catalogo\/#organization\"},\"potentialAction\":[{\"@type\":\"SearchAction\",\"target\":{\"@type\":\"EntryPoint\",\"urlTemplate\":\"https:\/\/letrame.com\/catalogo\/?s={search_term_string}\"},\"query-input\":{\"@type\":\"PropertyValueSpecification\",\"valueRequired\":true,\"valueName\":\"search_term_string\"}}],\"inLanguage\":\"es\"},{\"@type\":\"Organization\",\"@id\":\"https:\/\/letrame.com\/catalogo\/#organization\",\"name\":\"Catalogo | Letrame Grupo Editorial\",\"url\":\"https:\/\/letrame.com\/catalogo\/\",\"logo\":{\"@type\":\"ImageObject\",\"inLanguage\":\"es\",\"@id\":\"https:\/\/letrame.com\/catalogo\/#\/schema\/logo\/image\/\",\"url\":\"https:\/\/letrame.com\/catalogo\/wp-content\/uploads\/2024\/03\/logo2.webp\",\"contentUrl\":\"https:\/\/letrame.com\/catalogo\/wp-content\/uploads\/2024\/03\/logo2.webp\",\"width\":394,\"height\":128,\"caption\":\"Catalogo | Letrame Grupo Editorial\"},\"image\":{\"@id\":\"https:\/\/letrame.com\/catalogo\/#\/schema\/logo\/image\/\"}}]}<\/script>\n<!-- \/ Yoast SEO plugin. -->","yoast_head_json":{"title":"El segundo principio de Arqu\u00edmedes - Catalogo | Letrame Grupo Editorial","robots":{"index":"index","follow":"follow","max-snippet":"max-snippet:-1","max-image-preview":"max-image-preview:large","max-video-preview":"max-video-preview:-1"},"canonical":"https:\/\/letrame.com\/catalogo\/producto\/el-segundo-principio-de-arquimedes\/","og_locale":"es_ES","og_type":"article","og_title":"El segundo principio de Arqu\u00edmedes - Catalogo | Letrame Grupo Editorial","og_description":"ISBN: 978-84-1144-078-3 SINOPSIS La novela narra tres d\u00e9cadas de la vida de un ingeniero vasco, desde mediados los a\u00f1os sesenta hasta los noventa del pasado siglo. Se trata de una de esas muchas personas an\u00f3nimas que no ten\u00edan una vinculaci\u00f3n pol\u00edtica o social destacada, pero se vieron envueltos, e incluso arrastrados por los acontecimientos que se estaban produciendo a su alrededor. La narraci\u00f3n nos muestra sus ilusiones y miedos, sus \u00e9xitos y desenga\u00f1os, tanto en el \u00e1mbito personal, como en el social o el laboral. Alrededor suyo se mueve un conjunto de personajes secundarios (su familia, familiares, compa\u00f1eros de estudios y trabajo) que contribuyen a ofrecer una visi\u00f3n m\u00e1s completa de la situaci\u00f3n. A lo largo de esta narraci\u00f3n de hechos totalmente ficticios, el lector puede llegar a comprender mejor lo sucedido durante esos a\u00f1os.","og_url":"https:\/\/letrame.com\/catalogo\/producto\/el-segundo-principio-de-arquimedes\/","og_site_name":"Catalogo | Letrame Grupo Editorial","og_image":[{"width":601,"height":849,"url":"https:\/\/letrame.com\/catalogo\/wp-content\/uploads\/2024\/04\/redportada_elsegundoprincipio_3012mm-compressed.jpg","type":"image\/jpeg"}],"twitter_card":"summary_large_image","twitter_misc":{"Tiempo de lectura":"1 minuto"},"schema":{"@context":"https:\/\/schema.org","@graph":[{"@type":"WebPage","@id":"https:\/\/letrame.com\/catalogo\/producto\/el-segundo-principio-de-arquimedes\/","url":"https:\/\/letrame.com\/catalogo\/producto\/el-segundo-principio-de-arquimedes\/","name":"El segundo principio de Arqu\u00edmedes - Catalogo | Letrame Grupo Editorial","isPartOf":{"@id":"https:\/\/letrame.com\/catalogo\/#website"},"primaryImageOfPage":{"@id":"https:\/\/letrame.com\/catalogo\/producto\/el-segundo-principio-de-arquimedes\/#primaryimage"},"image":{"@id":"https:\/\/letrame.com\/catalogo\/producto\/el-segundo-principio-de-arquimedes\/#primaryimage"},"thumbnailUrl":"https:\/\/letrame.com\/catalogo\/wp-content\/uploads\/2024\/04\/redportada_elsegundoprincipio_3012mm-compressed.jpg","datePublished":"2024-04-29T12:46:13+00:00","breadcrumb":{"@id":"https:\/\/letrame.com\/catalogo\/producto\/el-segundo-principio-de-arquimedes\/#breadcrumb"},"inLanguage":"es","potentialAction":[{"@type":"ReadAction","target":["https:\/\/letrame.com\/catalogo\/producto\/el-segundo-principio-de-arquimedes\/"]}]},{"@type":"ImageObject","inLanguage":"es","@id":"https:\/\/letrame.com\/catalogo\/producto\/el-segundo-principio-de-arquimedes\/#primaryimage","url":"https:\/\/letrame.com\/catalogo\/wp-content\/uploads\/2024\/04\/redportada_elsegundoprincipio_3012mm-compressed.jpg","contentUrl":"https:\/\/letrame.com\/catalogo\/wp-content\/uploads\/2024\/04\/redportada_elsegundoprincipio_3012mm-compressed.jpg","width":601,"height":849},{"@type":"BreadcrumbList","@id":"https:\/\/letrame.com\/catalogo\/producto\/el-segundo-principio-de-arquimedes\/#breadcrumb","itemListElement":[{"@type":"ListItem","position":1,"name":"Portada","item":"https:\/\/letrame.com\/catalogo\/"},{"@type":"ListItem","position":2,"name":"Cat\u00e1logo","item":"https:\/\/letrame.com\/catalogo\/"},{"@type":"ListItem","position":3,"name":"El segundo principio de Arqu\u00edmedes"}]},{"@type":"WebSite","@id":"https:\/\/letrame.com\/catalogo\/#website","url":"https:\/\/letrame.com\/catalogo\/","name":"Catalogo | Letrame Grupo Editorial","description":"","publisher":{"@id":"https:\/\/letrame.com\/catalogo\/#organization"},"potentialAction":[{"@type":"SearchAction","target":{"@type":"EntryPoint","urlTemplate":"https:\/\/letrame.com\/catalogo\/?s={search_term_string}"},"query-input":{"@type":"PropertyValueSpecification","valueRequired":true,"valueName":"search_term_string"}}],"inLanguage":"es"},{"@type":"Organization","@id":"https:\/\/letrame.com\/catalogo\/#organization","name":"Catalogo | Letrame Grupo Editorial","url":"https:\/\/letrame.com\/catalogo\/","logo":{"@type":"ImageObject","inLanguage":"es","@id":"https:\/\/letrame.com\/catalogo\/#\/schema\/logo\/image\/","url":"https:\/\/letrame.com\/catalogo\/wp-content\/uploads\/2024\/03\/logo2.webp","contentUrl":"https:\/\/letrame.com\/catalogo\/wp-content\/uploads\/2024\/03\/logo2.webp","width":394,"height":128,"caption":"Catalogo | Letrame Grupo Editorial"},"image":{"@id":"https:\/\/letrame.com\/catalogo\/#\/schema\/logo\/image\/"}}]}},"_links":{"self":[{"href":"https:\/\/letrame.com\/catalogo\/wp-json\/wp\/v2\/product\/98045","targetHints":{"allow":["GET"]}}],"collection":[{"href":"https:\/\/letrame.com\/catalogo\/wp-json\/wp\/v2\/product"}],"about":[{"href":"https:\/\/letrame.com\/catalogo\/wp-json\/wp\/v2\/types\/product"}],"replies":[{"embeddable":true,"href":"https:\/\/letrame.com\/catalogo\/wp-json\/wp\/v2\/comments?post=98045"}],"acf:post":[{"embeddable":true,"href":"https:\/\/letrame.com\/catalogo\/wp-json\/wp\/v2\/author_book\/76575"}],"wp:featuredmedia":[{"embeddable":true,"href":"https:\/\/letrame.com\/catalogo\/wp-json\/wp\/v2\/media\/98046"}],"wp:attachment":[{"href":"https:\/\/letrame.com\/catalogo\/wp-json\/wp\/v2\/media?parent=98045"}],"wp:term":[{"taxonomy":"libro","embeddable":true,"href":"https:\/\/letrame.com\/catalogo\/wp-json\/wp\/v2\/libro?post=98045"},{"taxonomy":"product_brand","embeddable":true,"href":"https:\/\/letrame.com\/catalogo\/wp-json\/wp\/v2\/product_brand?post=98045"},{"taxonomy":"product_cat","embeddable":true,"href":"https:\/\/letrame.com\/catalogo\/wp-json\/wp\/v2\/product_cat?post=98045"},{"taxonomy":"product_tag","embeddable":true,"href":"https:\/\/letrame.com\/catalogo\/wp-json\/wp\/v2\/product_tag?post=98045"}],"curies":[{"name":"wp","href":"https:\/\/api.w.org\/{rel}","templated":true}]}}