{"id":98043,"date":"2024-04-29T14:45:47","date_gmt":"2024-04-29T12:45:47","guid":{"rendered":"https:\/\/letrame.com\/catalogo\/producto\/sintiendo-mi-alma\/"},"modified":"2024-04-29T14:46:08","modified_gmt":"2024-04-29T12:46:08","slug":"sintiendo-mi-alma","status":"publish","type":"product","link":"https:\/\/letrame.com\/catalogo\/producto\/sintiendo-mi-alma\/","title":{"rendered":"Sintiendo mi alma"},"content":{"rendered":"<p><strong>ISBN<\/strong>: 978-84-1144-157-5<\/p>\n<p><strong>T\u00edtulo<\/strong>: Sintiendo mi alma<br \/>\n<strong>Fecha<\/strong>: 2022<br \/>\n<strong>P\u00e1ginas<\/strong>: 154<\/p>\n<p><strong>SINOPSIS<\/strong><\/p>\n<p><em>Sintiendo mi Alma<\/em> es una obra po\u00e9tica que nace de la necesidad de escribir mis sentimientos en papel. Todas esas emociones y vivencias escritas me hacen tomar conciencia de qui\u00e9n soy realmente, y me ayudan a sanar y estar en paz.<\/p>\n<p>Decido sacarlo a la luz porque me he dado cuenta de que todos los que formamos esta humanidad pasamos por experiencias muy parecidas, tenemos que sanar nuestras heridas para poder descubrir qui\u00e9nes somos realmente.<\/p>\n<p>El lector de este poemario podr\u00e1 hacer suyas estas reflexiones, versos o poes\u00edas porque ley\u00e9ndolas le har\u00e1 tomar conciencia y ayudar\u00e1 a verse en su camino y a comprender que no importa cu\u00e1nta oscuridad pueda atravesar porque al final la luz que ya somos brillar\u00e1.<\/p>\n","protected":false},"excerpt":{"rendered":"<p><strong>ISBN<\/strong>: 978-84-1144-157-5<\/p>\n<p><strong>SINOPSIS<\/strong><\/p>\n<p><em>Sintiendo mi Alma<\/em> es una obra po\u00e9tica que nace de la necesidad de escribir mis sentimientos en papel. Todas esas emociones y vivencias escritas me hacen tomar conciencia de qui\u00e9n soy realmente, y me ayudan a sanar y estar en paz.<\/p>\n<p>Decido sacarlo a la luz porque me he dado cuenta de que todos los que formamos esta humanidad pasamos por experiencias muy parecidas, tenemos que sanar nuestras heridas para poder descubrir qui\u00e9nes somos realmente.<\/p>\n<p>El lector de este poemario podr\u00e1 hacer suyas estas reflexiones, versos o poes\u00edas porque ley\u00e9ndolas le har\u00e1 tomar conciencia y ayudar\u00e1 a verse en su camino y a comprender que no importa cu\u00e1nta oscuridad pueda atravesar porque al final la luz que ya somos brillar\u00e1.<\/p>\n","protected":false},"featured_media":98044,"comment_status":"closed","ping_status":"open","template":"","meta":{"_acf_changed":false},"libro":[],"product_brand":[],"product_cat":[26],"product_tag":[],"class_list":{"0":"post-98043","1":"product","2":"type-product","3":"status-publish","4":"has-post-thumbnail","6":"product_cat-sin-categoria","8":"first","9":"instock","10":"product-type-simple"},"acf":{"autor":[76573],"enlace_de_compra":""},"yoast_head":"<!-- This site is optimized with the Yoast SEO plugin v26.6 - https:\/\/yoast.com\/wordpress\/plugins\/seo\/ -->\n<title>Sintiendo mi alma - Catalogo | Letrame Grupo Editorial<\/title>\n<meta name=\"robots\" content=\"index, follow, max-snippet:-1, max-image-preview:large, max-video-preview:-1\" \/>\n<link rel=\"canonical\" href=\"https:\/\/letrame.com\/catalogo\/producto\/sintiendo-mi-alma\/\" \/>\n<meta property=\"og:locale\" content=\"es_ES\" \/>\n<meta property=\"og:type\" content=\"article\" \/>\n<meta property=\"og:title\" content=\"Sintiendo mi alma - Catalogo | Letrame Grupo Editorial\" \/>\n<meta property=\"og:description\" content=\"ISBN: 978-84-1144-157-5 SINOPSIS Sintiendo mi Alma es una obra po\u00e9tica que nace de la necesidad de escribir mis sentimientos en papel. Todas esas emociones y vivencias escritas me hacen tomar conciencia de qui\u00e9n soy realmente, y me ayudan a sanar y estar en paz. Decido sacarlo a la luz porque me he dado cuenta de que todos los que formamos esta humanidad pasamos por experiencias muy parecidas, tenemos que sanar nuestras heridas para poder descubrir qui\u00e9nes somos realmente. El lector de este poemario podr\u00e1 hacer suyas estas reflexiones, versos o poes\u00edas porque ley\u00e9ndolas le har\u00e1 tomar conciencia y ayudar\u00e1 a verse en su camino y a comprender que no importa cu\u00e1nta oscuridad pueda atravesar porque al final la luz que ya somos brillar\u00e1.\" \/>\n<meta property=\"og:url\" content=\"https:\/\/letrame.com\/catalogo\/producto\/sintiendo-mi-alma\/\" \/>\n<meta property=\"og:site_name\" content=\"Catalogo | Letrame Grupo Editorial\" \/>\n<meta property=\"article:modified_time\" content=\"2024-04-29T12:46:08+00:00\" \/>\n<meta property=\"og:image\" content=\"https:\/\/letrame.com\/catalogo\/wp-content\/uploads\/2024\/04\/redportada_sintiendomialma_817mm-compressed.jpg\" \/>\n\t<meta property=\"og:image:width\" content=\"601\" \/>\n\t<meta property=\"og:image:height\" content=\"881\" \/>\n\t<meta property=\"og:image:type\" content=\"image\/jpeg\" \/>\n<meta name=\"twitter:card\" content=\"summary_large_image\" \/>\n<meta name=\"twitter:label1\" content=\"Tiempo de lectura\" \/>\n\t<meta name=\"twitter:data1\" content=\"1 minuto\" \/>\n<script type=\"application\/ld+json\" class=\"yoast-schema-graph\">{\"@context\":\"https:\/\/schema.org\",\"@graph\":[{\"@type\":\"WebPage\",\"@id\":\"https:\/\/letrame.com\/catalogo\/producto\/sintiendo-mi-alma\/\",\"url\":\"https:\/\/letrame.com\/catalogo\/producto\/sintiendo-mi-alma\/\",\"name\":\"Sintiendo mi alma - Catalogo | Letrame Grupo Editorial\",\"isPartOf\":{\"@id\":\"https:\/\/letrame.com\/catalogo\/#website\"},\"primaryImageOfPage\":{\"@id\":\"https:\/\/letrame.com\/catalogo\/producto\/sintiendo-mi-alma\/#primaryimage\"},\"image\":{\"@id\":\"https:\/\/letrame.com\/catalogo\/producto\/sintiendo-mi-alma\/#primaryimage\"},\"thumbnailUrl\":\"https:\/\/letrame.com\/catalogo\/wp-content\/uploads\/2024\/04\/redportada_sintiendomialma_817mm-compressed.jpg\",\"datePublished\":\"2024-04-29T12:45:47+00:00\",\"dateModified\":\"2024-04-29T12:46:08+00:00\",\"breadcrumb\":{\"@id\":\"https:\/\/letrame.com\/catalogo\/producto\/sintiendo-mi-alma\/#breadcrumb\"},\"inLanguage\":\"es\",\"potentialAction\":[{\"@type\":\"ReadAction\",\"target\":[\"https:\/\/letrame.com\/catalogo\/producto\/sintiendo-mi-alma\/\"]}]},{\"@type\":\"ImageObject\",\"inLanguage\":\"es\",\"@id\":\"https:\/\/letrame.com\/catalogo\/producto\/sintiendo-mi-alma\/#primaryimage\",\"url\":\"https:\/\/letrame.com\/catalogo\/wp-content\/uploads\/2024\/04\/redportada_sintiendomialma_817mm-compressed.jpg\",\"contentUrl\":\"https:\/\/letrame.com\/catalogo\/wp-content\/uploads\/2024\/04\/redportada_sintiendomialma_817mm-compressed.jpg\",\"width\":601,\"height\":881},{\"@type\":\"BreadcrumbList\",\"@id\":\"https:\/\/letrame.com\/catalogo\/producto\/sintiendo-mi-alma\/#breadcrumb\",\"itemListElement\":[{\"@type\":\"ListItem\",\"position\":1,\"name\":\"Portada\",\"item\":\"https:\/\/letrame.com\/catalogo\/\"},{\"@type\":\"ListItem\",\"position\":2,\"name\":\"Cat\u00e1logo\",\"item\":\"https:\/\/letrame.com\/catalogo\/\"},{\"@type\":\"ListItem\",\"position\":3,\"name\":\"Sintiendo mi alma\"}]},{\"@type\":\"WebSite\",\"@id\":\"https:\/\/letrame.com\/catalogo\/#website\",\"url\":\"https:\/\/letrame.com\/catalogo\/\",\"name\":\"Catalogo | Letrame Grupo Editorial\",\"description\":\"\",\"publisher\":{\"@id\":\"https:\/\/letrame.com\/catalogo\/#organization\"},\"potentialAction\":[{\"@type\":\"SearchAction\",\"target\":{\"@type\":\"EntryPoint\",\"urlTemplate\":\"https:\/\/letrame.com\/catalogo\/?s={search_term_string}\"},\"query-input\":{\"@type\":\"PropertyValueSpecification\",\"valueRequired\":true,\"valueName\":\"search_term_string\"}}],\"inLanguage\":\"es\"},{\"@type\":\"Organization\",\"@id\":\"https:\/\/letrame.com\/catalogo\/#organization\",\"name\":\"Catalogo | Letrame Grupo Editorial\",\"url\":\"https:\/\/letrame.com\/catalogo\/\",\"logo\":{\"@type\":\"ImageObject\",\"inLanguage\":\"es\",\"@id\":\"https:\/\/letrame.com\/catalogo\/#\/schema\/logo\/image\/\",\"url\":\"https:\/\/letrame.com\/catalogo\/wp-content\/uploads\/2024\/03\/logo2.webp\",\"contentUrl\":\"https:\/\/letrame.com\/catalogo\/wp-content\/uploads\/2024\/03\/logo2.webp\",\"width\":394,\"height\":128,\"caption\":\"Catalogo | Letrame Grupo Editorial\"},\"image\":{\"@id\":\"https:\/\/letrame.com\/catalogo\/#\/schema\/logo\/image\/\"}}]}<\/script>\n<!-- \/ Yoast SEO plugin. -->","yoast_head_json":{"title":"Sintiendo mi alma - Catalogo | Letrame Grupo Editorial","robots":{"index":"index","follow":"follow","max-snippet":"max-snippet:-1","max-image-preview":"max-image-preview:large","max-video-preview":"max-video-preview:-1"},"canonical":"https:\/\/letrame.com\/catalogo\/producto\/sintiendo-mi-alma\/","og_locale":"es_ES","og_type":"article","og_title":"Sintiendo mi alma - Catalogo | Letrame Grupo Editorial","og_description":"ISBN: 978-84-1144-157-5 SINOPSIS Sintiendo mi Alma es una obra po\u00e9tica que nace de la necesidad de escribir mis sentimientos en papel. Todas esas emociones y vivencias escritas me hacen tomar conciencia de qui\u00e9n soy realmente, y me ayudan a sanar y estar en paz. Decido sacarlo a la luz porque me he dado cuenta de que todos los que formamos esta humanidad pasamos por experiencias muy parecidas, tenemos que sanar nuestras heridas para poder descubrir qui\u00e9nes somos realmente. El lector de este poemario podr\u00e1 hacer suyas estas reflexiones, versos o poes\u00edas porque ley\u00e9ndolas le har\u00e1 tomar conciencia y ayudar\u00e1 a verse en su camino y a comprender que no importa cu\u00e1nta oscuridad pueda atravesar porque al final la luz que ya somos brillar\u00e1.","og_url":"https:\/\/letrame.com\/catalogo\/producto\/sintiendo-mi-alma\/","og_site_name":"Catalogo | Letrame Grupo Editorial","article_modified_time":"2024-04-29T12:46:08+00:00","og_image":[{"width":601,"height":881,"url":"https:\/\/letrame.com\/catalogo\/wp-content\/uploads\/2024\/04\/redportada_sintiendomialma_817mm-compressed.jpg","type":"image\/jpeg"}],"twitter_card":"summary_large_image","twitter_misc":{"Tiempo de lectura":"1 minuto"},"schema":{"@context":"https:\/\/schema.org","@graph":[{"@type":"WebPage","@id":"https:\/\/letrame.com\/catalogo\/producto\/sintiendo-mi-alma\/","url":"https:\/\/letrame.com\/catalogo\/producto\/sintiendo-mi-alma\/","name":"Sintiendo mi alma - Catalogo | Letrame Grupo Editorial","isPartOf":{"@id":"https:\/\/letrame.com\/catalogo\/#website"},"primaryImageOfPage":{"@id":"https:\/\/letrame.com\/catalogo\/producto\/sintiendo-mi-alma\/#primaryimage"},"image":{"@id":"https:\/\/letrame.com\/catalogo\/producto\/sintiendo-mi-alma\/#primaryimage"},"thumbnailUrl":"https:\/\/letrame.com\/catalogo\/wp-content\/uploads\/2024\/04\/redportada_sintiendomialma_817mm-compressed.jpg","datePublished":"2024-04-29T12:45:47+00:00","dateModified":"2024-04-29T12:46:08+00:00","breadcrumb":{"@id":"https:\/\/letrame.com\/catalogo\/producto\/sintiendo-mi-alma\/#breadcrumb"},"inLanguage":"es","potentialAction":[{"@type":"ReadAction","target":["https:\/\/letrame.com\/catalogo\/producto\/sintiendo-mi-alma\/"]}]},{"@type":"ImageObject","inLanguage":"es","@id":"https:\/\/letrame.com\/catalogo\/producto\/sintiendo-mi-alma\/#primaryimage","url":"https:\/\/letrame.com\/catalogo\/wp-content\/uploads\/2024\/04\/redportada_sintiendomialma_817mm-compressed.jpg","contentUrl":"https:\/\/letrame.com\/catalogo\/wp-content\/uploads\/2024\/04\/redportada_sintiendomialma_817mm-compressed.jpg","width":601,"height":881},{"@type":"BreadcrumbList","@id":"https:\/\/letrame.com\/catalogo\/producto\/sintiendo-mi-alma\/#breadcrumb","itemListElement":[{"@type":"ListItem","position":1,"name":"Portada","item":"https:\/\/letrame.com\/catalogo\/"},{"@type":"ListItem","position":2,"name":"Cat\u00e1logo","item":"https:\/\/letrame.com\/catalogo\/"},{"@type":"ListItem","position":3,"name":"Sintiendo mi alma"}]},{"@type":"WebSite","@id":"https:\/\/letrame.com\/catalogo\/#website","url":"https:\/\/letrame.com\/catalogo\/","name":"Catalogo | Letrame Grupo Editorial","description":"","publisher":{"@id":"https:\/\/letrame.com\/catalogo\/#organization"},"potentialAction":[{"@type":"SearchAction","target":{"@type":"EntryPoint","urlTemplate":"https:\/\/letrame.com\/catalogo\/?s={search_term_string}"},"query-input":{"@type":"PropertyValueSpecification","valueRequired":true,"valueName":"search_term_string"}}],"inLanguage":"es"},{"@type":"Organization","@id":"https:\/\/letrame.com\/catalogo\/#organization","name":"Catalogo | Letrame Grupo Editorial","url":"https:\/\/letrame.com\/catalogo\/","logo":{"@type":"ImageObject","inLanguage":"es","@id":"https:\/\/letrame.com\/catalogo\/#\/schema\/logo\/image\/","url":"https:\/\/letrame.com\/catalogo\/wp-content\/uploads\/2024\/03\/logo2.webp","contentUrl":"https:\/\/letrame.com\/catalogo\/wp-content\/uploads\/2024\/03\/logo2.webp","width":394,"height":128,"caption":"Catalogo | Letrame Grupo Editorial"},"image":{"@id":"https:\/\/letrame.com\/catalogo\/#\/schema\/logo\/image\/"}}]}},"_links":{"self":[{"href":"https:\/\/letrame.com\/catalogo\/wp-json\/wp\/v2\/product\/98043","targetHints":{"allow":["GET"]}}],"collection":[{"href":"https:\/\/letrame.com\/catalogo\/wp-json\/wp\/v2\/product"}],"about":[{"href":"https:\/\/letrame.com\/catalogo\/wp-json\/wp\/v2\/types\/product"}],"replies":[{"embeddable":true,"href":"https:\/\/letrame.com\/catalogo\/wp-json\/wp\/v2\/comments?post=98043"}],"acf:post":[{"embeddable":true,"href":"https:\/\/letrame.com\/catalogo\/wp-json\/wp\/v2\/author_book\/76573"}],"wp:featuredmedia":[{"embeddable":true,"href":"https:\/\/letrame.com\/catalogo\/wp-json\/wp\/v2\/media\/98044"}],"wp:attachment":[{"href":"https:\/\/letrame.com\/catalogo\/wp-json\/wp\/v2\/media?parent=98043"}],"wp:term":[{"taxonomy":"libro","embeddable":true,"href":"https:\/\/letrame.com\/catalogo\/wp-json\/wp\/v2\/libro?post=98043"},{"taxonomy":"product_brand","embeddable":true,"href":"https:\/\/letrame.com\/catalogo\/wp-json\/wp\/v2\/product_brand?post=98043"},{"taxonomy":"product_cat","embeddable":true,"href":"https:\/\/letrame.com\/catalogo\/wp-json\/wp\/v2\/product_cat?post=98043"},{"taxonomy":"product_tag","embeddable":true,"href":"https:\/\/letrame.com\/catalogo\/wp-json\/wp\/v2\/product_tag?post=98043"}],"curies":[{"name":"wp","href":"https:\/\/api.w.org\/{rel}","templated":true}]}}