{"id":98042,"date":"2024-04-29T14:45:47","date_gmt":"2024-04-29T12:45:47","guid":{"rendered":"https:\/\/letrame.com\/catalogo\/producto\/fenix-de-marina\/"},"modified":"2024-08-12T13:12:16","modified_gmt":"2024-08-12T11:12:16","slug":"fenix-de-marina","status":"publish","type":"product","link":"https:\/\/letrame.com\/catalogo\/producto\/fenix-de-marina\/","title":{"rendered":"F\u00e9nix de Marina"},"content":{"rendered":"<p><strong>ISBN<\/strong>: 978-84-1114-985-3<\/p>\n<p><strong>T\u00edtulo<\/strong>: F\u00e9nix de Marina<br \/>\n<strong>Fecha<\/strong>: 2022<br \/>\n<strong>P\u00e1ginas<\/strong>: 268<\/p>\n<p><strong>SINOPSIS<\/strong><\/p>\n<p>Como olas de Cuch\u00eda que cortan al fuego y van, regresan ya sin conciencia, nunca llegan a clamar todo lo que ellas quisieran.<br \/>\nComo ellas arrastran flores de blancores y belleza, yo a\u00fan creo palacios solamente con estrellas en las que noches que no hay dama que no hay luna que nos vea los dos paseando juntos.<\/p>\n<p>****<\/p>\n<p>La batalla, reducida<\/p>\n<p>A cenizas y la sangre<\/p>\n<p>Solo vi la de mi alma;<\/p>\n<p>No s\u00e9 si<\/p>\n<p>Alg\u00fan d\u00eda, alejado<\/p>\n<p>Del campamento,<\/p>\n<p>Con las armas en el suelo<\/p>\n<p>T\u00fa tambi\u00e9n lloraste.<\/p>\n<p>&nbsp;<\/p>\n<p>El ave f\u00e9nix renace de las cenizas. En este caso, tambi\u00e9n de la sal, despu\u00e9s de la tormenta y el incendio en medio del mar. No cualquier mar, desde luego.<\/p>\n<p>Solo espero que llegu\u00e9is a sentir los versos como un d\u00eda los sent\u00ed yo.<\/p>\n","protected":false},"excerpt":{"rendered":"<p><strong>ISBN<\/strong>: 978-84-1114-985-3<\/p>\n<p><strong>SINOPSIS<\/strong><\/p>\n<p>Como olas de Cuch\u00eda que cortan al fuego y van, regresan ya sin conciencia, nunca llegan a clamar todo lo que ellas quisieran.<br \/>\nComo ellas arrastran flores de blancores y belleza, yo a\u00fan creo palacios solamente con estrellas en las que noches que no hay dama que no hay luna que nos vea los dos paseando juntos.<\/p>\n<p>****<\/p>\n<p>La batalla, reducida<\/p>\n<p>A cenizas y la sangre<\/p>\n<p>Solo vi la de mi alma;<\/p>\n<p>No s\u00e9 si<\/p>\n<p>Alg\u00fan d\u00eda, alejado<\/p>\n<p>Del campamento,<\/p>\n<p>Con las armas en el suelo<\/p>\n<p>T\u00fa tambi\u00e9n lloraste.<\/p>\n<p>&nbsp;<\/p>\n<p>El ave f\u00e9nix renace de las cenizas. En este caso, tambi\u00e9n de la sal, despu\u00e9s de la tormenta y el incendio en medio del mar. No cualquier mar, desde luego.<\/p>\n<p>Solo espero que llegu\u00e9is a sentir los versos como un d\u00eda los sent\u00ed yo.<\/p>\n","protected":false},"featured_media":100402,"comment_status":"closed","ping_status":"closed","template":"","meta":{"_acf_changed":false},"libro":[],"product_brand":[],"product_cat":[26],"product_tag":[],"class_list":{"0":"post-98042","1":"product","2":"type-product","3":"status-publish","4":"has-post-thumbnail","6":"product_cat-sin-categoria","8":"first","9":"instock","10":"product-type-simple"},"acf":{"autor":[76571],"enlace_de_compra":"https:\/\/amzn.to\/4fExzCO"},"yoast_head":"<!-- This site is optimized with the Yoast SEO plugin v27.4 - https:\/\/yoast.com\/product\/yoast-seo-wordpress\/ -->\n<title>F\u00e9nix de Marina - Catalogo | Letrame Grupo Editorial<\/title>\n<meta name=\"robots\" content=\"index, follow, max-snippet:-1, max-image-preview:large, max-video-preview:-1\" \/>\n<link rel=\"canonical\" href=\"https:\/\/letrame.com\/catalogo\/producto\/fenix-de-marina\/\" \/>\n<meta property=\"og:locale\" content=\"es_ES\" \/>\n<meta property=\"og:type\" content=\"article\" \/>\n<meta property=\"og:title\" content=\"F\u00e9nix de Marina - Catalogo | Letrame Grupo Editorial\" \/>\n<meta property=\"og:description\" content=\"ISBN: 978-84-1114-985-3  SINOPSIS  Como olas de Cuch\u00eda que cortan al fuego y van, regresan ya sin conciencia, nunca llegan a clamar todo lo que ellas quisieran. Como ellas arrastran flores de blancores y belleza, yo a\u00fan creo palacios solamente con estrellas en las que noches que no hay dama que no hay luna que nos vea los dos paseando juntos.  ****  La batalla, reducida  A cenizas y la sangre  Solo vi la de mi alma;  No s\u00e9 si  Alg\u00fan d\u00eda, alejado  Del campamento,  Con las armas en el suelo  T\u00fa tambi\u00e9n lloraste.  &nbsp;  El ave f\u00e9nix renace de las cenizas. En este caso, tambi\u00e9n de la sal, despu\u00e9s de la tormenta y el incendio en medio del mar. No cualquier mar, desde luego.  Solo espero que llegu\u00e9is a sentir los versos como un d\u00eda los sent\u00ed yo.\" \/>\n<meta property=\"og:url\" content=\"https:\/\/letrame.com\/catalogo\/producto\/fenix-de-marina\/\" \/>\n<meta property=\"og:site_name\" content=\"Catalogo | Letrame Grupo Editorial\" \/>\n<meta property=\"article:modified_time\" content=\"2024-08-12T11:12:16+00:00\" \/>\n<meta property=\"og:image\" content=\"https:\/\/letrame.com\/catalogo\/wp-content\/uploads\/2024\/04\/redportada_fenixdemarina_1343mm-compressed.webp\" \/>\n\t<meta property=\"og:image:width\" content=\"601\" \/>\n\t<meta property=\"og:image:height\" content=\"881\" \/>\n\t<meta property=\"og:image:type\" content=\"image\/webp\" \/>\n<meta name=\"twitter:card\" content=\"summary_large_image\" \/>\n<meta name=\"twitter:label1\" content=\"Tiempo de lectura\" \/>\n\t<meta name=\"twitter:data1\" content=\"1 minuto\" \/>\n<script type=\"application\/ld+json\" class=\"yoast-schema-graph\">{\"@context\":\"https:\\\/\\\/schema.org\",\"@graph\":[{\"@type\":\"WebPage\",\"@id\":\"https:\\\/\\\/letrame.com\\\/catalogo\\\/producto\\\/fenix-de-marina\\\/\",\"url\":\"https:\\\/\\\/letrame.com\\\/catalogo\\\/producto\\\/fenix-de-marina\\\/\",\"name\":\"F\u00e9nix de Marina - Catalogo | Letrame Grupo Editorial\",\"isPartOf\":{\"@id\":\"https:\\\/\\\/letrame.com\\\/catalogo\\\/#website\"},\"primaryImageOfPage\":{\"@id\":\"https:\\\/\\\/letrame.com\\\/catalogo\\\/producto\\\/fenix-de-marina\\\/#primaryimage\"},\"image\":{\"@id\":\"https:\\\/\\\/letrame.com\\\/catalogo\\\/producto\\\/fenix-de-marina\\\/#primaryimage\"},\"thumbnailUrl\":\"https:\\\/\\\/letrame.com\\\/catalogo\\\/wp-content\\\/uploads\\\/2024\\\/04\\\/redportada_fenixdemarina_1343mm-compressed.webp\",\"datePublished\":\"2024-04-29T12:45:47+00:00\",\"dateModified\":\"2024-08-12T11:12:16+00:00\",\"breadcrumb\":{\"@id\":\"https:\\\/\\\/letrame.com\\\/catalogo\\\/producto\\\/fenix-de-marina\\\/#breadcrumb\"},\"inLanguage\":\"es\",\"potentialAction\":[{\"@type\":\"ReadAction\",\"target\":[\"https:\\\/\\\/letrame.com\\\/catalogo\\\/producto\\\/fenix-de-marina\\\/\"]}]},{\"@type\":\"ImageObject\",\"inLanguage\":\"es\",\"@id\":\"https:\\\/\\\/letrame.com\\\/catalogo\\\/producto\\\/fenix-de-marina\\\/#primaryimage\",\"url\":\"https:\\\/\\\/letrame.com\\\/catalogo\\\/wp-content\\\/uploads\\\/2024\\\/04\\\/redportada_fenixdemarina_1343mm-compressed.webp\",\"contentUrl\":\"https:\\\/\\\/letrame.com\\\/catalogo\\\/wp-content\\\/uploads\\\/2024\\\/04\\\/redportada_fenixdemarina_1343mm-compressed.webp\",\"width\":601,\"height\":881},{\"@type\":\"BreadcrumbList\",\"@id\":\"https:\\\/\\\/letrame.com\\\/catalogo\\\/producto\\\/fenix-de-marina\\\/#breadcrumb\",\"itemListElement\":[{\"@type\":\"ListItem\",\"position\":1,\"name\":\"Portada\",\"item\":\"https:\\\/\\\/letrame.com\\\/catalogo\\\/\"},{\"@type\":\"ListItem\",\"position\":2,\"name\":\"Cat\u00e1logo\",\"item\":\"https:\\\/\\\/letrame.com\\\/catalogo\\\/\"},{\"@type\":\"ListItem\",\"position\":3,\"name\":\"F\u00e9nix de Marina\"}]},{\"@type\":\"WebSite\",\"@id\":\"https:\\\/\\\/letrame.com\\\/catalogo\\\/#website\",\"url\":\"https:\\\/\\\/letrame.com\\\/catalogo\\\/\",\"name\":\"Catalogo | Letrame Grupo Editorial\",\"description\":\"\",\"publisher\":{\"@id\":\"https:\\\/\\\/letrame.com\\\/catalogo\\\/#organization\"},\"potentialAction\":[{\"@type\":\"SearchAction\",\"target\":{\"@type\":\"EntryPoint\",\"urlTemplate\":\"https:\\\/\\\/letrame.com\\\/catalogo\\\/?s={search_term_string}\"},\"query-input\":{\"@type\":\"PropertyValueSpecification\",\"valueRequired\":true,\"valueName\":\"search_term_string\"}}],\"inLanguage\":\"es\"},{\"@type\":\"Organization\",\"@id\":\"https:\\\/\\\/letrame.com\\\/catalogo\\\/#organization\",\"name\":\"Catalogo | Letrame Grupo Editorial\",\"url\":\"https:\\\/\\\/letrame.com\\\/catalogo\\\/\",\"logo\":{\"@type\":\"ImageObject\",\"inLanguage\":\"es\",\"@id\":\"https:\\\/\\\/letrame.com\\\/catalogo\\\/#\\\/schema\\\/logo\\\/image\\\/\",\"url\":\"https:\\\/\\\/letrame.com\\\/catalogo\\\/wp-content\\\/uploads\\\/2024\\\/03\\\/logo2.webp\",\"contentUrl\":\"https:\\\/\\\/letrame.com\\\/catalogo\\\/wp-content\\\/uploads\\\/2024\\\/03\\\/logo2.webp\",\"width\":394,\"height\":128,\"caption\":\"Catalogo | Letrame Grupo Editorial\"},\"image\":{\"@id\":\"https:\\\/\\\/letrame.com\\\/catalogo\\\/#\\\/schema\\\/logo\\\/image\\\/\"}}]}<\/script>\n<!-- \/ Yoast SEO plugin. -->","yoast_head_json":{"title":"F\u00e9nix de Marina - Catalogo | Letrame Grupo Editorial","robots":{"index":"index","follow":"follow","max-snippet":"max-snippet:-1","max-image-preview":"max-image-preview:large","max-video-preview":"max-video-preview:-1"},"canonical":"https:\/\/letrame.com\/catalogo\/producto\/fenix-de-marina\/","og_locale":"es_ES","og_type":"article","og_title":"F\u00e9nix de Marina - Catalogo | Letrame Grupo Editorial","og_description":"ISBN: 978-84-1114-985-3  SINOPSIS  Como olas de Cuch\u00eda que cortan al fuego y van, regresan ya sin conciencia, nunca llegan a clamar todo lo que ellas quisieran. Como ellas arrastran flores de blancores y belleza, yo a\u00fan creo palacios solamente con estrellas en las que noches que no hay dama que no hay luna que nos vea los dos paseando juntos.  ****  La batalla, reducida  A cenizas y la sangre  Solo vi la de mi alma;  No s\u00e9 si  Alg\u00fan d\u00eda, alejado  Del campamento,  Con las armas en el suelo  T\u00fa tambi\u00e9n lloraste.  &nbsp;  El ave f\u00e9nix renace de las cenizas. En este caso, tambi\u00e9n de la sal, despu\u00e9s de la tormenta y el incendio en medio del mar. No cualquier mar, desde luego.  Solo espero que llegu\u00e9is a sentir los versos como un d\u00eda los sent\u00ed yo.","og_url":"https:\/\/letrame.com\/catalogo\/producto\/fenix-de-marina\/","og_site_name":"Catalogo | Letrame Grupo Editorial","article_modified_time":"2024-08-12T11:12:16+00:00","og_image":[{"width":601,"height":881,"url":"https:\/\/letrame.com\/catalogo\/wp-content\/uploads\/2024\/04\/redportada_fenixdemarina_1343mm-compressed.webp","type":"image\/webp"}],"twitter_card":"summary_large_image","twitter_misc":{"Tiempo de lectura":"1 minuto"},"schema":{"@context":"https:\/\/schema.org","@graph":[{"@type":"WebPage","@id":"https:\/\/letrame.com\/catalogo\/producto\/fenix-de-marina\/","url":"https:\/\/letrame.com\/catalogo\/producto\/fenix-de-marina\/","name":"F\u00e9nix de Marina - Catalogo | Letrame Grupo Editorial","isPartOf":{"@id":"https:\/\/letrame.com\/catalogo\/#website"},"primaryImageOfPage":{"@id":"https:\/\/letrame.com\/catalogo\/producto\/fenix-de-marina\/#primaryimage"},"image":{"@id":"https:\/\/letrame.com\/catalogo\/producto\/fenix-de-marina\/#primaryimage"},"thumbnailUrl":"https:\/\/letrame.com\/catalogo\/wp-content\/uploads\/2024\/04\/redportada_fenixdemarina_1343mm-compressed.webp","datePublished":"2024-04-29T12:45:47+00:00","dateModified":"2024-08-12T11:12:16+00:00","breadcrumb":{"@id":"https:\/\/letrame.com\/catalogo\/producto\/fenix-de-marina\/#breadcrumb"},"inLanguage":"es","potentialAction":[{"@type":"ReadAction","target":["https:\/\/letrame.com\/catalogo\/producto\/fenix-de-marina\/"]}]},{"@type":"ImageObject","inLanguage":"es","@id":"https:\/\/letrame.com\/catalogo\/producto\/fenix-de-marina\/#primaryimage","url":"https:\/\/letrame.com\/catalogo\/wp-content\/uploads\/2024\/04\/redportada_fenixdemarina_1343mm-compressed.webp","contentUrl":"https:\/\/letrame.com\/catalogo\/wp-content\/uploads\/2024\/04\/redportada_fenixdemarina_1343mm-compressed.webp","width":601,"height":881},{"@type":"BreadcrumbList","@id":"https:\/\/letrame.com\/catalogo\/producto\/fenix-de-marina\/#breadcrumb","itemListElement":[{"@type":"ListItem","position":1,"name":"Portada","item":"https:\/\/letrame.com\/catalogo\/"},{"@type":"ListItem","position":2,"name":"Cat\u00e1logo","item":"https:\/\/letrame.com\/catalogo\/"},{"@type":"ListItem","position":3,"name":"F\u00e9nix de Marina"}]},{"@type":"WebSite","@id":"https:\/\/letrame.com\/catalogo\/#website","url":"https:\/\/letrame.com\/catalogo\/","name":"Catalogo | Letrame Grupo Editorial","description":"","publisher":{"@id":"https:\/\/letrame.com\/catalogo\/#organization"},"potentialAction":[{"@type":"SearchAction","target":{"@type":"EntryPoint","urlTemplate":"https:\/\/letrame.com\/catalogo\/?s={search_term_string}"},"query-input":{"@type":"PropertyValueSpecification","valueRequired":true,"valueName":"search_term_string"}}],"inLanguage":"es"},{"@type":"Organization","@id":"https:\/\/letrame.com\/catalogo\/#organization","name":"Catalogo | Letrame Grupo Editorial","url":"https:\/\/letrame.com\/catalogo\/","logo":{"@type":"ImageObject","inLanguage":"es","@id":"https:\/\/letrame.com\/catalogo\/#\/schema\/logo\/image\/","url":"https:\/\/letrame.com\/catalogo\/wp-content\/uploads\/2024\/03\/logo2.webp","contentUrl":"https:\/\/letrame.com\/catalogo\/wp-content\/uploads\/2024\/03\/logo2.webp","width":394,"height":128,"caption":"Catalogo | Letrame Grupo Editorial"},"image":{"@id":"https:\/\/letrame.com\/catalogo\/#\/schema\/logo\/image\/"}}]}},"_links":{"self":[{"href":"https:\/\/letrame.com\/catalogo\/wp-json\/wp\/v2\/product\/98042","targetHints":{"allow":["GET"]}}],"collection":[{"href":"https:\/\/letrame.com\/catalogo\/wp-json\/wp\/v2\/product"}],"about":[{"href":"https:\/\/letrame.com\/catalogo\/wp-json\/wp\/v2\/types\/product"}],"replies":[{"embeddable":true,"href":"https:\/\/letrame.com\/catalogo\/wp-json\/wp\/v2\/comments?post=98042"}],"acf:post":[{"embeddable":true,"href":"https:\/\/letrame.com\/catalogo\/wp-json\/wp\/v2\/author_book\/76571"}],"wp:featuredmedia":[{"embeddable":true,"href":"https:\/\/letrame.com\/catalogo\/wp-json\/wp\/v2\/media\/100402"}],"wp:attachment":[{"href":"https:\/\/letrame.com\/catalogo\/wp-json\/wp\/v2\/media?parent=98042"}],"wp:term":[{"taxonomy":"libro","embeddable":true,"href":"https:\/\/letrame.com\/catalogo\/wp-json\/wp\/v2\/libro?post=98042"},{"taxonomy":"product_brand","embeddable":true,"href":"https:\/\/letrame.com\/catalogo\/wp-json\/wp\/v2\/product_brand?post=98042"},{"taxonomy":"product_cat","embeddable":true,"href":"https:\/\/letrame.com\/catalogo\/wp-json\/wp\/v2\/product_cat?post=98042"},{"taxonomy":"product_tag","embeddable":true,"href":"https:\/\/letrame.com\/catalogo\/wp-json\/wp\/v2\/product_tag?post=98042"}],"curies":[{"name":"wp","href":"https:\/\/api.w.org\/{rel}","templated":true}]}}