{"id":98040,"date":"2024-04-29T14:45:47","date_gmt":"2024-04-29T12:45:47","guid":{"rendered":"https:\/\/letrame.com\/catalogo\/producto\/la-noche-de-los-mil-dias\/"},"modified":"2024-04-29T14:45:48","modified_gmt":"2024-04-29T12:45:48","slug":"la-noche-de-los-mil-dias","status":"publish","type":"product","link":"https:\/\/letrame.com\/catalogo\/producto\/la-noche-de-los-mil-dias\/","title":{"rendered":"La noche de los mil d\u00edas"},"content":{"rendered":"<p><strong>ISBN<\/strong>: 978-84-1114-960-0<\/p>\n<p><strong>T\u00edtulo<\/strong>: <span data-sheets-value=\"{&quot;1&quot;:2,&quot;2&quot;:&quot;La noche de los mil d\u00edas&quot;}\" data-sheets-userformat=\"{&quot;2&quot;:579,&quot;3&quot;:{&quot;1&quot;:0},&quot;4&quot;:{&quot;1&quot;:2,&quot;2&quot;:14281427},&quot;9&quot;:1,&quot;12&quot;:0}\">La noche de los mil d\u00edas<\/span><br \/>\n<strong>Fecha<\/strong>: 2022<br \/>\n<strong>P\u00e1ginas<\/strong>: 140<\/p>\n<p><strong>SINOPSIS<\/strong><\/p>\n<p>Los pueblos pueden desarrollarse con las normas que propenden por conservar sus costumbres. Pero, quienes sienten que esa sociedad les debe, pueden equivocar el camino siguiendo Macarios que potencian su ilusi\u00f3n para perderlo todo.<br \/>\nPerdidas las costumbres los r\u00f3tulos sobreviven, y con la dulzura de una ni\u00f1a, Engracia recrea vivencias del caribe colombiano. En medio de quimeras y de la inocencia de personajes que abundan en este territorio caribe, se tejen pasiones, historias que se asan envueltas en la arena que con amor recibe al m\u00e1gico sol que solo aparece en esas tierras, en donde seres enigm\u00e1ticos hacen parte de lo cotidiano para propiciar momentos sublimes, y otras veces prolongar las asperezas de la existencia.<\/p>\n<p>&nbsp;<\/p>\n","protected":false},"excerpt":{"rendered":"<p><strong>ISBN<\/strong>: 978-84-1114-960-0<\/p>\n<p><strong>SINOPSIS<\/strong><\/p>\n<p>Los pueblos pueden desarrollarse con las normas que propenden por conservar sus costumbres. Pero, quienes sienten que esa sociedad les debe, pueden equivocar el camino siguiendo Macarios que potencian su ilusi\u00f3n para perderlo todo.<br \/>\nPerdidas las costumbres los r\u00f3tulos sobreviven, y con la dulzura de una ni\u00f1a, Engracia recrea vivencias del caribe colombiano. En medio de quimeras y de la inocencia de personajes que abundan en este territorio caribe, se tejen pasiones, historias que se asan envueltas en la arena que con amor recibe al m\u00e1gico sol que solo aparece en esas tierras, en donde seres enigm\u00e1ticos hacen parte de lo cotidiano para propiciar momentos sublimes, y otras veces prolongar las asperezas de la existencia.<\/p>\n","protected":false},"featured_media":98041,"comment_status":"closed","ping_status":"open","template":"","meta":{"_acf_changed":false},"libro":[],"product_brand":[],"product_cat":[16],"product_tag":[],"class_list":{"0":"post-98040","1":"product","2":"type-product","3":"status-publish","4":"has-post-thumbnail","6":"product_cat-novela","8":"first","9":"instock","10":"product-type-simple"},"acf":{"autor":[75489],"enlace_de_compra":""},"yoast_head":"<!-- This site is optimized with the Yoast SEO plugin v27.4 - https:\/\/yoast.com\/product\/yoast-seo-wordpress\/ -->\n<title>La noche de los mil d\u00edas - Catalogo | Letrame Grupo Editorial<\/title>\n<meta name=\"robots\" content=\"index, follow, max-snippet:-1, max-image-preview:large, max-video-preview:-1\" \/>\n<link rel=\"canonical\" href=\"https:\/\/letrame.com\/catalogo\/producto\/la-noche-de-los-mil-dias\/\" \/>\n<meta property=\"og:locale\" content=\"es_ES\" \/>\n<meta property=\"og:type\" content=\"article\" \/>\n<meta property=\"og:title\" content=\"La noche de los mil d\u00edas - Catalogo | Letrame Grupo Editorial\" \/>\n<meta property=\"og:description\" content=\"ISBN: 978-84-1114-960-0 SINOPSIS Los pueblos pueden desarrollarse con las normas que propenden por conservar sus costumbres. Pero, quienes sienten que esa sociedad les debe, pueden equivocar el camino siguiendo Macarios que potencian su ilusi\u00f3n para perderlo todo. Perdidas las costumbres los r\u00f3tulos sobreviven, y con la dulzura de una ni\u00f1a, Engracia recrea vivencias del caribe colombiano. En medio de quimeras y de la inocencia de personajes que abundan en este territorio caribe, se tejen pasiones, historias que se asan envueltas en la arena que con amor recibe al m\u00e1gico sol que solo aparece en esas tierras, en donde seres enigm\u00e1ticos hacen parte de lo cotidiano para propiciar momentos sublimes, y otras veces prolongar las asperezas de la existencia.\" \/>\n<meta property=\"og:url\" content=\"https:\/\/letrame.com\/catalogo\/producto\/la-noche-de-los-mil-dias\/\" \/>\n<meta property=\"og:site_name\" content=\"Catalogo | Letrame Grupo Editorial\" \/>\n<meta property=\"article:modified_time\" content=\"2024-04-29T12:45:48+00:00\" \/>\n<meta property=\"og:image\" content=\"https:\/\/letrame.com\/catalogo\/wp-content\/uploads\/2024\/04\/redportada_lanochedelosmildias_753mm-compressed.jpg\" \/>\n\t<meta property=\"og:image:width\" content=\"601\" \/>\n\t<meta property=\"og:image:height\" content=\"881\" \/>\n\t<meta property=\"og:image:type\" content=\"image\/jpeg\" \/>\n<meta name=\"twitter:card\" content=\"summary_large_image\" \/>\n<meta name=\"twitter:label1\" content=\"Tiempo de lectura\" \/>\n\t<meta name=\"twitter:data1\" content=\"1 minuto\" \/>\n<script type=\"application\/ld+json\" class=\"yoast-schema-graph\">{\"@context\":\"https:\\\/\\\/schema.org\",\"@graph\":[{\"@type\":\"WebPage\",\"@id\":\"https:\\\/\\\/letrame.com\\\/catalogo\\\/producto\\\/la-noche-de-los-mil-dias\\\/\",\"url\":\"https:\\\/\\\/letrame.com\\\/catalogo\\\/producto\\\/la-noche-de-los-mil-dias\\\/\",\"name\":\"La noche de los mil d\u00edas - Catalogo | Letrame Grupo Editorial\",\"isPartOf\":{\"@id\":\"https:\\\/\\\/letrame.com\\\/catalogo\\\/#website\"},\"primaryImageOfPage\":{\"@id\":\"https:\\\/\\\/letrame.com\\\/catalogo\\\/producto\\\/la-noche-de-los-mil-dias\\\/#primaryimage\"},\"image\":{\"@id\":\"https:\\\/\\\/letrame.com\\\/catalogo\\\/producto\\\/la-noche-de-los-mil-dias\\\/#primaryimage\"},\"thumbnailUrl\":\"https:\\\/\\\/letrame.com\\\/catalogo\\\/wp-content\\\/uploads\\\/2024\\\/04\\\/redportada_lanochedelosmildias_753mm-compressed.jpg\",\"datePublished\":\"2024-04-29T12:45:47+00:00\",\"dateModified\":\"2024-04-29T12:45:48+00:00\",\"breadcrumb\":{\"@id\":\"https:\\\/\\\/letrame.com\\\/catalogo\\\/producto\\\/la-noche-de-los-mil-dias\\\/#breadcrumb\"},\"inLanguage\":\"es\",\"potentialAction\":[{\"@type\":\"ReadAction\",\"target\":[\"https:\\\/\\\/letrame.com\\\/catalogo\\\/producto\\\/la-noche-de-los-mil-dias\\\/\"]}]},{\"@type\":\"ImageObject\",\"inLanguage\":\"es\",\"@id\":\"https:\\\/\\\/letrame.com\\\/catalogo\\\/producto\\\/la-noche-de-los-mil-dias\\\/#primaryimage\",\"url\":\"https:\\\/\\\/letrame.com\\\/catalogo\\\/wp-content\\\/uploads\\\/2024\\\/04\\\/redportada_lanochedelosmildias_753mm-compressed.jpg\",\"contentUrl\":\"https:\\\/\\\/letrame.com\\\/catalogo\\\/wp-content\\\/uploads\\\/2024\\\/04\\\/redportada_lanochedelosmildias_753mm-compressed.jpg\",\"width\":601,\"height\":881},{\"@type\":\"BreadcrumbList\",\"@id\":\"https:\\\/\\\/letrame.com\\\/catalogo\\\/producto\\\/la-noche-de-los-mil-dias\\\/#breadcrumb\",\"itemListElement\":[{\"@type\":\"ListItem\",\"position\":1,\"name\":\"Portada\",\"item\":\"https:\\\/\\\/letrame.com\\\/catalogo\\\/\"},{\"@type\":\"ListItem\",\"position\":2,\"name\":\"Cat\u00e1logo\",\"item\":\"https:\\\/\\\/letrame.com\\\/catalogo\\\/\"},{\"@type\":\"ListItem\",\"position\":3,\"name\":\"La noche de los mil d\u00edas\"}]},{\"@type\":\"WebSite\",\"@id\":\"https:\\\/\\\/letrame.com\\\/catalogo\\\/#website\",\"url\":\"https:\\\/\\\/letrame.com\\\/catalogo\\\/\",\"name\":\"Catalogo | Letrame Grupo Editorial\",\"description\":\"\",\"publisher\":{\"@id\":\"https:\\\/\\\/letrame.com\\\/catalogo\\\/#organization\"},\"potentialAction\":[{\"@type\":\"SearchAction\",\"target\":{\"@type\":\"EntryPoint\",\"urlTemplate\":\"https:\\\/\\\/letrame.com\\\/catalogo\\\/?s={search_term_string}\"},\"query-input\":{\"@type\":\"PropertyValueSpecification\",\"valueRequired\":true,\"valueName\":\"search_term_string\"}}],\"inLanguage\":\"es\"},{\"@type\":\"Organization\",\"@id\":\"https:\\\/\\\/letrame.com\\\/catalogo\\\/#organization\",\"name\":\"Catalogo | Letrame Grupo Editorial\",\"url\":\"https:\\\/\\\/letrame.com\\\/catalogo\\\/\",\"logo\":{\"@type\":\"ImageObject\",\"inLanguage\":\"es\",\"@id\":\"https:\\\/\\\/letrame.com\\\/catalogo\\\/#\\\/schema\\\/logo\\\/image\\\/\",\"url\":\"https:\\\/\\\/letrame.com\\\/catalogo\\\/wp-content\\\/uploads\\\/2024\\\/03\\\/logo2.webp\",\"contentUrl\":\"https:\\\/\\\/letrame.com\\\/catalogo\\\/wp-content\\\/uploads\\\/2024\\\/03\\\/logo2.webp\",\"width\":394,\"height\":128,\"caption\":\"Catalogo | Letrame Grupo Editorial\"},\"image\":{\"@id\":\"https:\\\/\\\/letrame.com\\\/catalogo\\\/#\\\/schema\\\/logo\\\/image\\\/\"}}]}<\/script>\n<!-- \/ Yoast SEO plugin. -->","yoast_head_json":{"title":"La noche de los mil d\u00edas - Catalogo | Letrame Grupo Editorial","robots":{"index":"index","follow":"follow","max-snippet":"max-snippet:-1","max-image-preview":"max-image-preview:large","max-video-preview":"max-video-preview:-1"},"canonical":"https:\/\/letrame.com\/catalogo\/producto\/la-noche-de-los-mil-dias\/","og_locale":"es_ES","og_type":"article","og_title":"La noche de los mil d\u00edas - Catalogo | Letrame Grupo Editorial","og_description":"ISBN: 978-84-1114-960-0 SINOPSIS Los pueblos pueden desarrollarse con las normas que propenden por conservar sus costumbres. Pero, quienes sienten que esa sociedad les debe, pueden equivocar el camino siguiendo Macarios que potencian su ilusi\u00f3n para perderlo todo. Perdidas las costumbres los r\u00f3tulos sobreviven, y con la dulzura de una ni\u00f1a, Engracia recrea vivencias del caribe colombiano. En medio de quimeras y de la inocencia de personajes que abundan en este territorio caribe, se tejen pasiones, historias que se asan envueltas en la arena que con amor recibe al m\u00e1gico sol que solo aparece en esas tierras, en donde seres enigm\u00e1ticos hacen parte de lo cotidiano para propiciar momentos sublimes, y otras veces prolongar las asperezas de la existencia.","og_url":"https:\/\/letrame.com\/catalogo\/producto\/la-noche-de-los-mil-dias\/","og_site_name":"Catalogo | Letrame Grupo Editorial","article_modified_time":"2024-04-29T12:45:48+00:00","og_image":[{"width":601,"height":881,"url":"https:\/\/letrame.com\/catalogo\/wp-content\/uploads\/2024\/04\/redportada_lanochedelosmildias_753mm-compressed.jpg","type":"image\/jpeg"}],"twitter_card":"summary_large_image","twitter_misc":{"Tiempo de lectura":"1 minuto"},"schema":{"@context":"https:\/\/schema.org","@graph":[{"@type":"WebPage","@id":"https:\/\/letrame.com\/catalogo\/producto\/la-noche-de-los-mil-dias\/","url":"https:\/\/letrame.com\/catalogo\/producto\/la-noche-de-los-mil-dias\/","name":"La noche de los mil d\u00edas - Catalogo | Letrame Grupo Editorial","isPartOf":{"@id":"https:\/\/letrame.com\/catalogo\/#website"},"primaryImageOfPage":{"@id":"https:\/\/letrame.com\/catalogo\/producto\/la-noche-de-los-mil-dias\/#primaryimage"},"image":{"@id":"https:\/\/letrame.com\/catalogo\/producto\/la-noche-de-los-mil-dias\/#primaryimage"},"thumbnailUrl":"https:\/\/letrame.com\/catalogo\/wp-content\/uploads\/2024\/04\/redportada_lanochedelosmildias_753mm-compressed.jpg","datePublished":"2024-04-29T12:45:47+00:00","dateModified":"2024-04-29T12:45:48+00:00","breadcrumb":{"@id":"https:\/\/letrame.com\/catalogo\/producto\/la-noche-de-los-mil-dias\/#breadcrumb"},"inLanguage":"es","potentialAction":[{"@type":"ReadAction","target":["https:\/\/letrame.com\/catalogo\/producto\/la-noche-de-los-mil-dias\/"]}]},{"@type":"ImageObject","inLanguage":"es","@id":"https:\/\/letrame.com\/catalogo\/producto\/la-noche-de-los-mil-dias\/#primaryimage","url":"https:\/\/letrame.com\/catalogo\/wp-content\/uploads\/2024\/04\/redportada_lanochedelosmildias_753mm-compressed.jpg","contentUrl":"https:\/\/letrame.com\/catalogo\/wp-content\/uploads\/2024\/04\/redportada_lanochedelosmildias_753mm-compressed.jpg","width":601,"height":881},{"@type":"BreadcrumbList","@id":"https:\/\/letrame.com\/catalogo\/producto\/la-noche-de-los-mil-dias\/#breadcrumb","itemListElement":[{"@type":"ListItem","position":1,"name":"Portada","item":"https:\/\/letrame.com\/catalogo\/"},{"@type":"ListItem","position":2,"name":"Cat\u00e1logo","item":"https:\/\/letrame.com\/catalogo\/"},{"@type":"ListItem","position":3,"name":"La noche de los mil d\u00edas"}]},{"@type":"WebSite","@id":"https:\/\/letrame.com\/catalogo\/#website","url":"https:\/\/letrame.com\/catalogo\/","name":"Catalogo | Letrame Grupo Editorial","description":"","publisher":{"@id":"https:\/\/letrame.com\/catalogo\/#organization"},"potentialAction":[{"@type":"SearchAction","target":{"@type":"EntryPoint","urlTemplate":"https:\/\/letrame.com\/catalogo\/?s={search_term_string}"},"query-input":{"@type":"PropertyValueSpecification","valueRequired":true,"valueName":"search_term_string"}}],"inLanguage":"es"},{"@type":"Organization","@id":"https:\/\/letrame.com\/catalogo\/#organization","name":"Catalogo | Letrame Grupo Editorial","url":"https:\/\/letrame.com\/catalogo\/","logo":{"@type":"ImageObject","inLanguage":"es","@id":"https:\/\/letrame.com\/catalogo\/#\/schema\/logo\/image\/","url":"https:\/\/letrame.com\/catalogo\/wp-content\/uploads\/2024\/03\/logo2.webp","contentUrl":"https:\/\/letrame.com\/catalogo\/wp-content\/uploads\/2024\/03\/logo2.webp","width":394,"height":128,"caption":"Catalogo | Letrame Grupo Editorial"},"image":{"@id":"https:\/\/letrame.com\/catalogo\/#\/schema\/logo\/image\/"}}]}},"_links":{"self":[{"href":"https:\/\/letrame.com\/catalogo\/wp-json\/wp\/v2\/product\/98040","targetHints":{"allow":["GET"]}}],"collection":[{"href":"https:\/\/letrame.com\/catalogo\/wp-json\/wp\/v2\/product"}],"about":[{"href":"https:\/\/letrame.com\/catalogo\/wp-json\/wp\/v2\/types\/product"}],"replies":[{"embeddable":true,"href":"https:\/\/letrame.com\/catalogo\/wp-json\/wp\/v2\/comments?post=98040"}],"acf:post":[{"embeddable":true,"href":"https:\/\/letrame.com\/catalogo\/wp-json\/wp\/v2\/author_book\/75489"}],"wp:featuredmedia":[{"embeddable":true,"href":"https:\/\/letrame.com\/catalogo\/wp-json\/wp\/v2\/media\/98041"}],"wp:attachment":[{"href":"https:\/\/letrame.com\/catalogo\/wp-json\/wp\/v2\/media?parent=98040"}],"wp:term":[{"taxonomy":"libro","embeddable":true,"href":"https:\/\/letrame.com\/catalogo\/wp-json\/wp\/v2\/libro?post=98040"},{"taxonomy":"product_brand","embeddable":true,"href":"https:\/\/letrame.com\/catalogo\/wp-json\/wp\/v2\/product_brand?post=98040"},{"taxonomy":"product_cat","embeddable":true,"href":"https:\/\/letrame.com\/catalogo\/wp-json\/wp\/v2\/product_cat?post=98040"},{"taxonomy":"product_tag","embeddable":true,"href":"https:\/\/letrame.com\/catalogo\/wp-json\/wp\/v2\/product_tag?post=98040"}],"curies":[{"name":"wp","href":"https:\/\/api.w.org\/{rel}","templated":true}]}}