{"id":98034,"date":"2024-04-29T14:44:51","date_gmt":"2024-04-29T12:44:51","guid":{"rendered":"https:\/\/letrame.com\/catalogo\/producto\/manual-de-hepatologia-clinica\/"},"modified":"2024-08-12T13:22:43","modified_gmt":"2024-08-12T11:22:43","slug":"manual-de-hepatologia-clinica","status":"publish","type":"product","link":"https:\/\/letrame.com\/catalogo\/producto\/manual-de-hepatologia-clinica\/","title":{"rendered":"Manual de hepatolog\u00eda cl\u00ednica"},"content":{"rendered":"<p><strong>ISBN<\/strong>: 978-84-1114-993-8<\/p>\n<p><strong>T\u00edtulo<\/strong>: Manual de hepatolog\u00eda cl\u00ednica<br \/>\n<strong>Fecha<\/strong>: 2022<br \/>\n<strong>P\u00e1ginas<\/strong>: 292<\/p>\n<p><strong>SINOPSIS<\/strong><\/p>\n<p>La hepatolog\u00eda es una subespecialidad de Aparato Digestivo que estudia las enfermedades del h\u00edgado, ves\u00edcula y las v\u00edas biliares.<\/p>\n<p>El h\u00edgado es un \u00f3rgano apasionante que est\u00e1 implicado en m\u00faltiples fen\u00f3menos metab\u00f3licos, por lo que tambi\u00e9n es conocido como el \u00ablaboratorio\u00bb del organismo. Por ello, puede verse afectado por distintas enfermedades sist\u00e9micas, al mismo tiempo que las propias enfermedades hep\u00e1ticas afectan de alguna manera a los dem\u00e1s \u00f3rganos del cuerpo humano. Debido a esta compleja interacci\u00f3n, pero a la vez tan interesante, la mayor\u00eda de los manuscritos sobre la hepatolog\u00eda son tratados densos, en ocasiones complejos y dif\u00edciles de utilizar en la pr\u00e1ctica cl\u00ednica diaria.<\/p>\n<p>Desde que me dedico a la hepatolog\u00eda sent\u00ed la necesidad de tener una herramienta pr\u00e1ctica, de f\u00e1cil acceso, que me apoyara en la toma de decisiones en la consulta, donde muchas veces el tiempo es escaso. As\u00ed, he escrito este manual donde el lector puede encontrar de una forma r\u00e1pida, precisa y actualizada todas las respuestas a las cuestiones que se presentan en la pr\u00e1ctica cl\u00ednica diaria de los que nos dedicamos a esta maravillosa especialidad.<\/p>\n<p>Esta obra va dirigida a hepat\u00f3logos, gastroenter\u00f3logos generales, m\u00e9dicos de urgencias, internistas, pediatras, cirujanos generales, m\u00e9dicos internos residentes y estudiantes de medicina.<\/p>\n<p>&nbsp;<\/p>\n","protected":false},"excerpt":{"rendered":"<p><strong>ISBN<\/strong>: 978-84-1114-993-8<\/p>\n<p><strong>SINOPSIS<\/strong><\/p>\n<p>La hepatolog\u00eda es una subespecialidad de Aparato Digestivo que estudia las enfermedades del h\u00edgado, ves\u00edcula y las v\u00edas biliares.<\/p>\n<p>El h\u00edgado es un \u00f3rgano apasionante que est\u00e1 implicado en m\u00faltiples fen\u00f3menos metab\u00f3licos, por lo que tambi\u00e9n es conocido como el \u00ablaboratorio\u00bb del organismo. Por ello, puede verse afectado por distintas enfermedades sist\u00e9micas, al mismo tiempo que las propias enfermedades hep\u00e1ticas afectan de alguna manera a los dem\u00e1s \u00f3rganos del cuerpo humano. Debido a esta compleja interacci\u00f3n, pero a la vez tan interesante, la mayor\u00eda de los manuscritos sobre la hepatolog\u00eda son tratados densos, en ocasiones complejos y dif\u00edciles de utilizar en la pr\u00e1ctica cl\u00ednica diaria.<\/p>\n<p>Desde que me dedico a la hepatolog\u00eda sent\u00ed la necesidad de tener una herramienta pr\u00e1ctica, de f\u00e1cil acceso, que me apoyara en la toma de decisiones en la consulta, donde muchas veces el tiempo es escaso. As\u00ed, he escrito este manual donde el lector puede encontrar de una forma r\u00e1pida, precisa y actualizada todas las respuestas a las cuestiones que se presentan en la pr\u00e1ctica cl\u00ednica diaria de los que nos dedicamos a esta maravillosa especialidad.<\/p>\n<p>Esta obra va dirigida a hepat\u00f3logos, gastroenter\u00f3logos generales, m\u00e9dicos de urgencias, internistas, pediatras, cirujanos generales, m\u00e9dicos internos residentes y estudiantes de medicina.<\/p>\n<p>&nbsp;<\/p>\n","protected":false},"featured_media":105285,"comment_status":"closed","ping_status":"closed","template":"","meta":{"_acf_changed":false},"libro":[],"product_brand":[],"product_cat":[22],"product_tag":[],"class_list":{"0":"post-98034","1":"product","2":"type-product","3":"status-publish","4":"has-post-thumbnail","6":"product_cat-docencia","8":"first","9":"instock","10":"product-type-simple"},"acf":{"autor":[76565,76584],"enlace_de_compra":"https:\/\/amzn.to\/3YBvrWp"},"yoast_head":"<!-- This site is optimized with the Yoast SEO plugin v27.4 - https:\/\/yoast.com\/product\/yoast-seo-wordpress\/ -->\n<title>Manual de hepatolog\u00eda cl\u00ednica - Catalogo | Letrame Grupo Editorial<\/title>\n<meta name=\"robots\" content=\"index, follow, max-snippet:-1, max-image-preview:large, max-video-preview:-1\" \/>\n<link rel=\"canonical\" href=\"https:\/\/letrame.com\/catalogo\/producto\/manual-de-hepatologia-clinica\/\" \/>\n<meta property=\"og:locale\" content=\"es_ES\" \/>\n<meta property=\"og:type\" content=\"article\" \/>\n<meta property=\"og:title\" content=\"Manual de hepatolog\u00eda cl\u00ednica - Catalogo | Letrame Grupo Editorial\" \/>\n<meta property=\"og:description\" content=\"ISBN: 978-84-1114-993-8  SINOPSIS  La hepatolog\u00eda es una subespecialidad de Aparato Digestivo que estudia las enfermedades del h\u00edgado, ves\u00edcula y las v\u00edas biliares.  El h\u00edgado es un \u00f3rgano apasionante que est\u00e1 implicado en m\u00faltiples fen\u00f3menos metab\u00f3licos, por lo que tambi\u00e9n es conocido como el \u00ablaboratorio\u00bb del organismo. Por ello, puede verse afectado por distintas enfermedades sist\u00e9micas, al mismo tiempo que las propias enfermedades hep\u00e1ticas afectan de alguna manera a los dem\u00e1s \u00f3rganos del cuerpo humano. Debido a esta compleja interacci\u00f3n, pero a la vez tan interesante, la mayor\u00eda de los manuscritos sobre la hepatolog\u00eda son tratados densos, en ocasiones complejos y dif\u00edciles de utilizar en la pr\u00e1ctica cl\u00ednica diaria.  Desde que me dedico a la hepatolog\u00eda sent\u00ed la necesidad de tener una herramienta pr\u00e1ctica, de f\u00e1cil acceso, que me apoyara en la toma de decisiones en la consulta, donde muchas veces el tiempo es escaso. As\u00ed, he escrito este manual donde el lector puede encontrar de una forma r\u00e1pida, precisa y actualizada todas las respuestas a las cuestiones que se presentan en la pr\u00e1ctica cl\u00ednica diaria de los que nos dedicamos a esta maravillosa especialidad.  Esta obra va dirigida a hepat\u00f3logos, gastroenter\u00f3logos generales, m\u00e9dicos de urgencias, internistas, pediatras, cirujanos generales, m\u00e9dicos internos residentes y estudiantes de medicina.  &nbsp;\" \/>\n<meta property=\"og:url\" content=\"https:\/\/letrame.com\/catalogo\/producto\/manual-de-hepatologia-clinica\/\" \/>\n<meta property=\"og:site_name\" content=\"Catalogo | Letrame Grupo Editorial\" \/>\n<meta property=\"article:modified_time\" content=\"2024-08-12T11:22:43+00:00\" \/>\n<meta property=\"og:image\" content=\"https:\/\/letrame.com\/catalogo\/wp-content\/uploads\/2024\/04\/redportada_manualdehepatologia_14-compressed.jpg\" \/>\n\t<meta property=\"og:image:width\" content=\"601\" \/>\n\t<meta property=\"og:image:height\" content=\"881\" \/>\n\t<meta property=\"og:image:type\" content=\"image\/jpeg\" \/>\n<meta name=\"twitter:card\" content=\"summary_large_image\" \/>\n<meta name=\"twitter:label1\" content=\"Tiempo de lectura\" \/>\n\t<meta name=\"twitter:data1\" content=\"2 minutos\" \/>\n<script type=\"application\/ld+json\" class=\"yoast-schema-graph\">{\"@context\":\"https:\\\/\\\/schema.org\",\"@graph\":[{\"@type\":\"WebPage\",\"@id\":\"https:\\\/\\\/letrame.com\\\/catalogo\\\/producto\\\/manual-de-hepatologia-clinica\\\/\",\"url\":\"https:\\\/\\\/letrame.com\\\/catalogo\\\/producto\\\/manual-de-hepatologia-clinica\\\/\",\"name\":\"Manual de hepatolog\u00eda cl\u00ednica - Catalogo | Letrame Grupo Editorial\",\"isPartOf\":{\"@id\":\"https:\\\/\\\/letrame.com\\\/catalogo\\\/#website\"},\"primaryImageOfPage\":{\"@id\":\"https:\\\/\\\/letrame.com\\\/catalogo\\\/producto\\\/manual-de-hepatologia-clinica\\\/#primaryimage\"},\"image\":{\"@id\":\"https:\\\/\\\/letrame.com\\\/catalogo\\\/producto\\\/manual-de-hepatologia-clinica\\\/#primaryimage\"},\"thumbnailUrl\":\"https:\\\/\\\/letrame.com\\\/catalogo\\\/wp-content\\\/uploads\\\/2024\\\/04\\\/redportada_manualdehepatologia_14-compressed.jpg\",\"datePublished\":\"2024-04-29T12:44:51+00:00\",\"dateModified\":\"2024-08-12T11:22:43+00:00\",\"breadcrumb\":{\"@id\":\"https:\\\/\\\/letrame.com\\\/catalogo\\\/producto\\\/manual-de-hepatologia-clinica\\\/#breadcrumb\"},\"inLanguage\":\"es\",\"potentialAction\":[{\"@type\":\"ReadAction\",\"target\":[\"https:\\\/\\\/letrame.com\\\/catalogo\\\/producto\\\/manual-de-hepatologia-clinica\\\/\"]}]},{\"@type\":\"ImageObject\",\"inLanguage\":\"es\",\"@id\":\"https:\\\/\\\/letrame.com\\\/catalogo\\\/producto\\\/manual-de-hepatologia-clinica\\\/#primaryimage\",\"url\":\"https:\\\/\\\/letrame.com\\\/catalogo\\\/wp-content\\\/uploads\\\/2024\\\/04\\\/redportada_manualdehepatologia_14-compressed.jpg\",\"contentUrl\":\"https:\\\/\\\/letrame.com\\\/catalogo\\\/wp-content\\\/uploads\\\/2024\\\/04\\\/redportada_manualdehepatologia_14-compressed.jpg\",\"width\":601,\"height\":881},{\"@type\":\"BreadcrumbList\",\"@id\":\"https:\\\/\\\/letrame.com\\\/catalogo\\\/producto\\\/manual-de-hepatologia-clinica\\\/#breadcrumb\",\"itemListElement\":[{\"@type\":\"ListItem\",\"position\":1,\"name\":\"Portada\",\"item\":\"https:\\\/\\\/letrame.com\\\/catalogo\\\/\"},{\"@type\":\"ListItem\",\"position\":2,\"name\":\"Cat\u00e1logo\",\"item\":\"https:\\\/\\\/letrame.com\\\/catalogo\\\/\"},{\"@type\":\"ListItem\",\"position\":3,\"name\":\"Manual de hepatolog\u00eda cl\u00ednica\"}]},{\"@type\":\"WebSite\",\"@id\":\"https:\\\/\\\/letrame.com\\\/catalogo\\\/#website\",\"url\":\"https:\\\/\\\/letrame.com\\\/catalogo\\\/\",\"name\":\"Catalogo | Letrame Grupo Editorial\",\"description\":\"\",\"publisher\":{\"@id\":\"https:\\\/\\\/letrame.com\\\/catalogo\\\/#organization\"},\"potentialAction\":[{\"@type\":\"SearchAction\",\"target\":{\"@type\":\"EntryPoint\",\"urlTemplate\":\"https:\\\/\\\/letrame.com\\\/catalogo\\\/?s={search_term_string}\"},\"query-input\":{\"@type\":\"PropertyValueSpecification\",\"valueRequired\":true,\"valueName\":\"search_term_string\"}}],\"inLanguage\":\"es\"},{\"@type\":\"Organization\",\"@id\":\"https:\\\/\\\/letrame.com\\\/catalogo\\\/#organization\",\"name\":\"Catalogo | Letrame Grupo Editorial\",\"url\":\"https:\\\/\\\/letrame.com\\\/catalogo\\\/\",\"logo\":{\"@type\":\"ImageObject\",\"inLanguage\":\"es\",\"@id\":\"https:\\\/\\\/letrame.com\\\/catalogo\\\/#\\\/schema\\\/logo\\\/image\\\/\",\"url\":\"https:\\\/\\\/letrame.com\\\/catalogo\\\/wp-content\\\/uploads\\\/2024\\\/03\\\/logo2.webp\",\"contentUrl\":\"https:\\\/\\\/letrame.com\\\/catalogo\\\/wp-content\\\/uploads\\\/2024\\\/03\\\/logo2.webp\",\"width\":394,\"height\":128,\"caption\":\"Catalogo | Letrame Grupo Editorial\"},\"image\":{\"@id\":\"https:\\\/\\\/letrame.com\\\/catalogo\\\/#\\\/schema\\\/logo\\\/image\\\/\"}}]}<\/script>\n<!-- \/ Yoast SEO plugin. -->","yoast_head_json":{"title":"Manual de hepatolog\u00eda cl\u00ednica - Catalogo | Letrame Grupo Editorial","robots":{"index":"index","follow":"follow","max-snippet":"max-snippet:-1","max-image-preview":"max-image-preview:large","max-video-preview":"max-video-preview:-1"},"canonical":"https:\/\/letrame.com\/catalogo\/producto\/manual-de-hepatologia-clinica\/","og_locale":"es_ES","og_type":"article","og_title":"Manual de hepatolog\u00eda cl\u00ednica - Catalogo | Letrame Grupo Editorial","og_description":"ISBN: 978-84-1114-993-8  SINOPSIS  La hepatolog\u00eda es una subespecialidad de Aparato Digestivo que estudia las enfermedades del h\u00edgado, ves\u00edcula y las v\u00edas biliares.  El h\u00edgado es un \u00f3rgano apasionante que est\u00e1 implicado en m\u00faltiples fen\u00f3menos metab\u00f3licos, por lo que tambi\u00e9n es conocido como el \u00ablaboratorio\u00bb del organismo. Por ello, puede verse afectado por distintas enfermedades sist\u00e9micas, al mismo tiempo que las propias enfermedades hep\u00e1ticas afectan de alguna manera a los dem\u00e1s \u00f3rganos del cuerpo humano. Debido a esta compleja interacci\u00f3n, pero a la vez tan interesante, la mayor\u00eda de los manuscritos sobre la hepatolog\u00eda son tratados densos, en ocasiones complejos y dif\u00edciles de utilizar en la pr\u00e1ctica cl\u00ednica diaria.  Desde que me dedico a la hepatolog\u00eda sent\u00ed la necesidad de tener una herramienta pr\u00e1ctica, de f\u00e1cil acceso, que me apoyara en la toma de decisiones en la consulta, donde muchas veces el tiempo es escaso. As\u00ed, he escrito este manual donde el lector puede encontrar de una forma r\u00e1pida, precisa y actualizada todas las respuestas a las cuestiones que se presentan en la pr\u00e1ctica cl\u00ednica diaria de los que nos dedicamos a esta maravillosa especialidad.  Esta obra va dirigida a hepat\u00f3logos, gastroenter\u00f3logos generales, m\u00e9dicos de urgencias, internistas, pediatras, cirujanos generales, m\u00e9dicos internos residentes y estudiantes de medicina.  &nbsp;","og_url":"https:\/\/letrame.com\/catalogo\/producto\/manual-de-hepatologia-clinica\/","og_site_name":"Catalogo | Letrame Grupo Editorial","article_modified_time":"2024-08-12T11:22:43+00:00","og_image":[{"width":601,"height":881,"url":"https:\/\/letrame.com\/catalogo\/wp-content\/uploads\/2024\/04\/redportada_manualdehepatologia_14-compressed.jpg","type":"image\/jpeg"}],"twitter_card":"summary_large_image","twitter_misc":{"Tiempo de lectura":"2 minutos"},"schema":{"@context":"https:\/\/schema.org","@graph":[{"@type":"WebPage","@id":"https:\/\/letrame.com\/catalogo\/producto\/manual-de-hepatologia-clinica\/","url":"https:\/\/letrame.com\/catalogo\/producto\/manual-de-hepatologia-clinica\/","name":"Manual de hepatolog\u00eda cl\u00ednica - Catalogo | Letrame Grupo Editorial","isPartOf":{"@id":"https:\/\/letrame.com\/catalogo\/#website"},"primaryImageOfPage":{"@id":"https:\/\/letrame.com\/catalogo\/producto\/manual-de-hepatologia-clinica\/#primaryimage"},"image":{"@id":"https:\/\/letrame.com\/catalogo\/producto\/manual-de-hepatologia-clinica\/#primaryimage"},"thumbnailUrl":"https:\/\/letrame.com\/catalogo\/wp-content\/uploads\/2024\/04\/redportada_manualdehepatologia_14-compressed.jpg","datePublished":"2024-04-29T12:44:51+00:00","dateModified":"2024-08-12T11:22:43+00:00","breadcrumb":{"@id":"https:\/\/letrame.com\/catalogo\/producto\/manual-de-hepatologia-clinica\/#breadcrumb"},"inLanguage":"es","potentialAction":[{"@type":"ReadAction","target":["https:\/\/letrame.com\/catalogo\/producto\/manual-de-hepatologia-clinica\/"]}]},{"@type":"ImageObject","inLanguage":"es","@id":"https:\/\/letrame.com\/catalogo\/producto\/manual-de-hepatologia-clinica\/#primaryimage","url":"https:\/\/letrame.com\/catalogo\/wp-content\/uploads\/2024\/04\/redportada_manualdehepatologia_14-compressed.jpg","contentUrl":"https:\/\/letrame.com\/catalogo\/wp-content\/uploads\/2024\/04\/redportada_manualdehepatologia_14-compressed.jpg","width":601,"height":881},{"@type":"BreadcrumbList","@id":"https:\/\/letrame.com\/catalogo\/producto\/manual-de-hepatologia-clinica\/#breadcrumb","itemListElement":[{"@type":"ListItem","position":1,"name":"Portada","item":"https:\/\/letrame.com\/catalogo\/"},{"@type":"ListItem","position":2,"name":"Cat\u00e1logo","item":"https:\/\/letrame.com\/catalogo\/"},{"@type":"ListItem","position":3,"name":"Manual de hepatolog\u00eda cl\u00ednica"}]},{"@type":"WebSite","@id":"https:\/\/letrame.com\/catalogo\/#website","url":"https:\/\/letrame.com\/catalogo\/","name":"Catalogo | Letrame Grupo Editorial","description":"","publisher":{"@id":"https:\/\/letrame.com\/catalogo\/#organization"},"potentialAction":[{"@type":"SearchAction","target":{"@type":"EntryPoint","urlTemplate":"https:\/\/letrame.com\/catalogo\/?s={search_term_string}"},"query-input":{"@type":"PropertyValueSpecification","valueRequired":true,"valueName":"search_term_string"}}],"inLanguage":"es"},{"@type":"Organization","@id":"https:\/\/letrame.com\/catalogo\/#organization","name":"Catalogo | Letrame Grupo Editorial","url":"https:\/\/letrame.com\/catalogo\/","logo":{"@type":"ImageObject","inLanguage":"es","@id":"https:\/\/letrame.com\/catalogo\/#\/schema\/logo\/image\/","url":"https:\/\/letrame.com\/catalogo\/wp-content\/uploads\/2024\/03\/logo2.webp","contentUrl":"https:\/\/letrame.com\/catalogo\/wp-content\/uploads\/2024\/03\/logo2.webp","width":394,"height":128,"caption":"Catalogo | Letrame Grupo Editorial"},"image":{"@id":"https:\/\/letrame.com\/catalogo\/#\/schema\/logo\/image\/"}}]}},"_links":{"self":[{"href":"https:\/\/letrame.com\/catalogo\/wp-json\/wp\/v2\/product\/98034","targetHints":{"allow":["GET"]}}],"collection":[{"href":"https:\/\/letrame.com\/catalogo\/wp-json\/wp\/v2\/product"}],"about":[{"href":"https:\/\/letrame.com\/catalogo\/wp-json\/wp\/v2\/types\/product"}],"replies":[{"embeddable":true,"href":"https:\/\/letrame.com\/catalogo\/wp-json\/wp\/v2\/comments?post=98034"}],"acf:post":[{"embeddable":true,"href":"https:\/\/letrame.com\/catalogo\/wp-json\/wp\/v2\/author_book\/76584"},{"embeddable":true,"href":"https:\/\/letrame.com\/catalogo\/wp-json\/wp\/v2\/author_book\/76565"}],"wp:featuredmedia":[{"embeddable":true,"href":"https:\/\/letrame.com\/catalogo\/wp-json\/wp\/v2\/media\/105285"}],"wp:attachment":[{"href":"https:\/\/letrame.com\/catalogo\/wp-json\/wp\/v2\/media?parent=98034"}],"wp:term":[{"taxonomy":"libro","embeddable":true,"href":"https:\/\/letrame.com\/catalogo\/wp-json\/wp\/v2\/libro?post=98034"},{"taxonomy":"product_brand","embeddable":true,"href":"https:\/\/letrame.com\/catalogo\/wp-json\/wp\/v2\/product_brand?post=98034"},{"taxonomy":"product_cat","embeddable":true,"href":"https:\/\/letrame.com\/catalogo\/wp-json\/wp\/v2\/product_cat?post=98034"},{"taxonomy":"product_tag","embeddable":true,"href":"https:\/\/letrame.com\/catalogo\/wp-json\/wp\/v2\/product_tag?post=98034"}],"curies":[{"name":"wp","href":"https:\/\/api.w.org\/{rel}","templated":true}]}}