{"id":98022,"date":"2024-04-29T14:43:58","date_gmt":"2024-04-29T12:43:58","guid":{"rendered":"https:\/\/letrame.com\/catalogo\/producto\/iniciacion-al-entrenamiento-mental\/"},"modified":"2024-05-16T16:22:21","modified_gmt":"2024-05-16T14:22:21","slug":"iniciacion-al-entrenamiento-mental","status":"publish","type":"product","link":"https:\/\/letrame.com\/catalogo\/producto\/iniciacion-al-entrenamiento-mental\/","title":{"rendered":"Iniciaci\u00f3n al entrenamiento mental"},"content":{"rendered":"<p><strong>ISBN<\/strong>: 978-84-1144-021-9<\/p>\n<p><strong>T\u00edtulo<\/strong>: Iniciaci\u00f3n al entrenamiento mental<br \/>\n<strong>Fecha<\/strong>: 2022<br \/>\n<strong>P\u00e1ginas<\/strong>: 130<\/p>\n<p><strong>SINOPSIS<\/strong><\/p>\n<p>Cuando no sabes d\u00f3nde quieres llegar a nivel deportivo, cuando te faltan estrategias para creer en ti, cuando compites peor que entrenas, cuando te falte la concentraci\u00f3n, podr\u00e1s recurrir a las estrategias que te explico en este libro. Este cuaderno es un peque\u00f1o libro de introducci\u00f3n te\u00f3rico-pr\u00e1ctica al entrenamiento mental para j\u00f3venes deportistas, con ejercicios para poner tu mente al 100%. La mente distingue a un campe\u00f3n, es la cuarta pata de la mesa del deportista. Si la cabeza est\u00e1 bien, todo est\u00e1 bien. No dejes atr\u00e1s tu entrenamiento mental.<\/p>\n","protected":false},"excerpt":{"rendered":"<p><strong>ISBN<\/strong>: 978-84-1144-021-9<\/p>\n<p><strong>SINOPSIS<\/strong><\/p>\n<p>Cuando no sabes d\u00f3nde quieres llegar a nivel deportivo, cuando te faltan estrategias para creer en ti, cuando compites peor que entrenas, cuando te falte la concentraci\u00f3n, podr\u00e1s recurrir a las estrategias que te explico en este libro. Este cuaderno es un peque\u00f1o libro de introducci\u00f3n te\u00f3rico-pr\u00e1ctica al entrenamiento mental para j\u00f3venes deportistas, con ejercicios para poner tu mente al 100%. La mente distingue a un campe\u00f3n, es la cuarta pata de la mesa del deportista. Si la cabeza est\u00e1 bien, todo est\u00e1 bien. No dejes atr\u00e1s tu entrenamiento mental.<\/p>\n","protected":false},"featured_media":100405,"comment_status":"closed","ping_status":"closed","template":"","meta":{"_acf_changed":false},"libro":[],"product_brand":[],"product_cat":[18],"product_tag":[],"class_list":{"0":"post-98022","1":"product","2":"type-product","3":"status-publish","4":"has-post-thumbnail","6":"product_cat-autoayuda","8":"first","9":"instock","10":"product-type-simple"},"acf":{"autor":[76553],"enlace_de_compra":""},"yoast_head":"<!-- This site is optimized with the Yoast SEO plugin v27.4 - https:\/\/yoast.com\/product\/yoast-seo-wordpress\/ -->\n<title>Iniciaci\u00f3n al entrenamiento mental - Catalogo | Letrame Grupo Editorial<\/title>\n<meta name=\"robots\" content=\"index, follow, max-snippet:-1, max-image-preview:large, max-video-preview:-1\" \/>\n<link rel=\"canonical\" href=\"https:\/\/letrame.com\/catalogo\/producto\/iniciacion-al-entrenamiento-mental\/\" \/>\n<meta property=\"og:locale\" content=\"es_ES\" \/>\n<meta property=\"og:type\" content=\"article\" \/>\n<meta property=\"og:title\" content=\"Iniciaci\u00f3n al entrenamiento mental - Catalogo | Letrame Grupo Editorial\" \/>\n<meta property=\"og:description\" content=\"ISBN: 978-84-1144-021-9  SINOPSIS  Cuando no sabes d\u00f3nde quieres llegar a nivel deportivo, cuando te faltan estrategias para creer en ti, cuando compites peor que entrenas, cuando te falte la concentraci\u00f3n, podr\u00e1s recurrir a las estrategias que te explico en este libro. Este cuaderno es un peque\u00f1o libro de introducci\u00f3n te\u00f3rico-pr\u00e1ctica al entrenamiento mental para j\u00f3venes deportistas, con ejercicios para poner tu mente al 100%. La mente distingue a un campe\u00f3n, es la cuarta pata de la mesa del deportista. Si la cabeza est\u00e1 bien, todo est\u00e1 bien. No dejes atr\u00e1s tu entrenamiento mental.\" \/>\n<meta property=\"og:url\" content=\"https:\/\/letrame.com\/catalogo\/producto\/iniciacion-al-entrenamiento-mental\/\" \/>\n<meta property=\"og:site_name\" content=\"Catalogo | Letrame Grupo Editorial\" \/>\n<meta property=\"article:modified_time\" content=\"2024-05-16T14:22:21+00:00\" \/>\n<meta property=\"og:image\" content=\"https:\/\/letrame.com\/catalogo\/wp-content\/uploads\/2024\/04\/redportada_iniciacionalentrenamiento_71mm-compressed.webp\" \/>\n\t<meta property=\"og:image:width\" content=\"601\" \/>\n\t<meta property=\"og:image:height\" content=\"881\" \/>\n\t<meta property=\"og:image:type\" content=\"image\/webp\" \/>\n<meta name=\"twitter:card\" content=\"summary_large_image\" \/>\n<meta name=\"twitter:label1\" content=\"Tiempo de lectura\" \/>\n\t<meta name=\"twitter:data1\" content=\"1 minuto\" \/>\n<script type=\"application\/ld+json\" class=\"yoast-schema-graph\">{\"@context\":\"https:\\\/\\\/schema.org\",\"@graph\":[{\"@type\":\"WebPage\",\"@id\":\"https:\\\/\\\/letrame.com\\\/catalogo\\\/producto\\\/iniciacion-al-entrenamiento-mental\\\/\",\"url\":\"https:\\\/\\\/letrame.com\\\/catalogo\\\/producto\\\/iniciacion-al-entrenamiento-mental\\\/\",\"name\":\"Iniciaci\u00f3n al entrenamiento mental - Catalogo | Letrame Grupo Editorial\",\"isPartOf\":{\"@id\":\"https:\\\/\\\/letrame.com\\\/catalogo\\\/#website\"},\"primaryImageOfPage\":{\"@id\":\"https:\\\/\\\/letrame.com\\\/catalogo\\\/producto\\\/iniciacion-al-entrenamiento-mental\\\/#primaryimage\"},\"image\":{\"@id\":\"https:\\\/\\\/letrame.com\\\/catalogo\\\/producto\\\/iniciacion-al-entrenamiento-mental\\\/#primaryimage\"},\"thumbnailUrl\":\"https:\\\/\\\/letrame.com\\\/catalogo\\\/wp-content\\\/uploads\\\/2024\\\/04\\\/redportada_iniciacionalentrenamiento_71mm-compressed.webp\",\"datePublished\":\"2024-04-29T12:43:58+00:00\",\"dateModified\":\"2024-05-16T14:22:21+00:00\",\"breadcrumb\":{\"@id\":\"https:\\\/\\\/letrame.com\\\/catalogo\\\/producto\\\/iniciacion-al-entrenamiento-mental\\\/#breadcrumb\"},\"inLanguage\":\"es\",\"potentialAction\":[{\"@type\":\"ReadAction\",\"target\":[\"https:\\\/\\\/letrame.com\\\/catalogo\\\/producto\\\/iniciacion-al-entrenamiento-mental\\\/\"]}]},{\"@type\":\"ImageObject\",\"inLanguage\":\"es\",\"@id\":\"https:\\\/\\\/letrame.com\\\/catalogo\\\/producto\\\/iniciacion-al-entrenamiento-mental\\\/#primaryimage\",\"url\":\"https:\\\/\\\/letrame.com\\\/catalogo\\\/wp-content\\\/uploads\\\/2024\\\/04\\\/redportada_iniciacionalentrenamiento_71mm-compressed.webp\",\"contentUrl\":\"https:\\\/\\\/letrame.com\\\/catalogo\\\/wp-content\\\/uploads\\\/2024\\\/04\\\/redportada_iniciacionalentrenamiento_71mm-compressed.webp\",\"width\":601,\"height\":881},{\"@type\":\"BreadcrumbList\",\"@id\":\"https:\\\/\\\/letrame.com\\\/catalogo\\\/producto\\\/iniciacion-al-entrenamiento-mental\\\/#breadcrumb\",\"itemListElement\":[{\"@type\":\"ListItem\",\"position\":1,\"name\":\"Portada\",\"item\":\"https:\\\/\\\/letrame.com\\\/catalogo\\\/\"},{\"@type\":\"ListItem\",\"position\":2,\"name\":\"Cat\u00e1logo\",\"item\":\"https:\\\/\\\/letrame.com\\\/catalogo\\\/\"},{\"@type\":\"ListItem\",\"position\":3,\"name\":\"Iniciaci\u00f3n al entrenamiento mental\"}]},{\"@type\":\"WebSite\",\"@id\":\"https:\\\/\\\/letrame.com\\\/catalogo\\\/#website\",\"url\":\"https:\\\/\\\/letrame.com\\\/catalogo\\\/\",\"name\":\"Catalogo | Letrame Grupo Editorial\",\"description\":\"\",\"publisher\":{\"@id\":\"https:\\\/\\\/letrame.com\\\/catalogo\\\/#organization\"},\"potentialAction\":[{\"@type\":\"SearchAction\",\"target\":{\"@type\":\"EntryPoint\",\"urlTemplate\":\"https:\\\/\\\/letrame.com\\\/catalogo\\\/?s={search_term_string}\"},\"query-input\":{\"@type\":\"PropertyValueSpecification\",\"valueRequired\":true,\"valueName\":\"search_term_string\"}}],\"inLanguage\":\"es\"},{\"@type\":\"Organization\",\"@id\":\"https:\\\/\\\/letrame.com\\\/catalogo\\\/#organization\",\"name\":\"Catalogo | Letrame Grupo Editorial\",\"url\":\"https:\\\/\\\/letrame.com\\\/catalogo\\\/\",\"logo\":{\"@type\":\"ImageObject\",\"inLanguage\":\"es\",\"@id\":\"https:\\\/\\\/letrame.com\\\/catalogo\\\/#\\\/schema\\\/logo\\\/image\\\/\",\"url\":\"https:\\\/\\\/letrame.com\\\/catalogo\\\/wp-content\\\/uploads\\\/2024\\\/03\\\/logo2.webp\",\"contentUrl\":\"https:\\\/\\\/letrame.com\\\/catalogo\\\/wp-content\\\/uploads\\\/2024\\\/03\\\/logo2.webp\",\"width\":394,\"height\":128,\"caption\":\"Catalogo | Letrame Grupo Editorial\"},\"image\":{\"@id\":\"https:\\\/\\\/letrame.com\\\/catalogo\\\/#\\\/schema\\\/logo\\\/image\\\/\"}}]}<\/script>\n<!-- \/ Yoast SEO plugin. -->","yoast_head_json":{"title":"Iniciaci\u00f3n al entrenamiento mental - Catalogo | Letrame Grupo Editorial","robots":{"index":"index","follow":"follow","max-snippet":"max-snippet:-1","max-image-preview":"max-image-preview:large","max-video-preview":"max-video-preview:-1"},"canonical":"https:\/\/letrame.com\/catalogo\/producto\/iniciacion-al-entrenamiento-mental\/","og_locale":"es_ES","og_type":"article","og_title":"Iniciaci\u00f3n al entrenamiento mental - Catalogo | Letrame Grupo Editorial","og_description":"ISBN: 978-84-1144-021-9  SINOPSIS  Cuando no sabes d\u00f3nde quieres llegar a nivel deportivo, cuando te faltan estrategias para creer en ti, cuando compites peor que entrenas, cuando te falte la concentraci\u00f3n, podr\u00e1s recurrir a las estrategias que te explico en este libro. Este cuaderno es un peque\u00f1o libro de introducci\u00f3n te\u00f3rico-pr\u00e1ctica al entrenamiento mental para j\u00f3venes deportistas, con ejercicios para poner tu mente al 100%. La mente distingue a un campe\u00f3n, es la cuarta pata de la mesa del deportista. Si la cabeza est\u00e1 bien, todo est\u00e1 bien. No dejes atr\u00e1s tu entrenamiento mental.","og_url":"https:\/\/letrame.com\/catalogo\/producto\/iniciacion-al-entrenamiento-mental\/","og_site_name":"Catalogo | Letrame Grupo Editorial","article_modified_time":"2024-05-16T14:22:21+00:00","og_image":[{"width":601,"height":881,"url":"https:\/\/letrame.com\/catalogo\/wp-content\/uploads\/2024\/04\/redportada_iniciacionalentrenamiento_71mm-compressed.webp","type":"image\/webp"}],"twitter_card":"summary_large_image","twitter_misc":{"Tiempo de lectura":"1 minuto"},"schema":{"@context":"https:\/\/schema.org","@graph":[{"@type":"WebPage","@id":"https:\/\/letrame.com\/catalogo\/producto\/iniciacion-al-entrenamiento-mental\/","url":"https:\/\/letrame.com\/catalogo\/producto\/iniciacion-al-entrenamiento-mental\/","name":"Iniciaci\u00f3n al entrenamiento mental - Catalogo | Letrame Grupo Editorial","isPartOf":{"@id":"https:\/\/letrame.com\/catalogo\/#website"},"primaryImageOfPage":{"@id":"https:\/\/letrame.com\/catalogo\/producto\/iniciacion-al-entrenamiento-mental\/#primaryimage"},"image":{"@id":"https:\/\/letrame.com\/catalogo\/producto\/iniciacion-al-entrenamiento-mental\/#primaryimage"},"thumbnailUrl":"https:\/\/letrame.com\/catalogo\/wp-content\/uploads\/2024\/04\/redportada_iniciacionalentrenamiento_71mm-compressed.webp","datePublished":"2024-04-29T12:43:58+00:00","dateModified":"2024-05-16T14:22:21+00:00","breadcrumb":{"@id":"https:\/\/letrame.com\/catalogo\/producto\/iniciacion-al-entrenamiento-mental\/#breadcrumb"},"inLanguage":"es","potentialAction":[{"@type":"ReadAction","target":["https:\/\/letrame.com\/catalogo\/producto\/iniciacion-al-entrenamiento-mental\/"]}]},{"@type":"ImageObject","inLanguage":"es","@id":"https:\/\/letrame.com\/catalogo\/producto\/iniciacion-al-entrenamiento-mental\/#primaryimage","url":"https:\/\/letrame.com\/catalogo\/wp-content\/uploads\/2024\/04\/redportada_iniciacionalentrenamiento_71mm-compressed.webp","contentUrl":"https:\/\/letrame.com\/catalogo\/wp-content\/uploads\/2024\/04\/redportada_iniciacionalentrenamiento_71mm-compressed.webp","width":601,"height":881},{"@type":"BreadcrumbList","@id":"https:\/\/letrame.com\/catalogo\/producto\/iniciacion-al-entrenamiento-mental\/#breadcrumb","itemListElement":[{"@type":"ListItem","position":1,"name":"Portada","item":"https:\/\/letrame.com\/catalogo\/"},{"@type":"ListItem","position":2,"name":"Cat\u00e1logo","item":"https:\/\/letrame.com\/catalogo\/"},{"@type":"ListItem","position":3,"name":"Iniciaci\u00f3n al entrenamiento mental"}]},{"@type":"WebSite","@id":"https:\/\/letrame.com\/catalogo\/#website","url":"https:\/\/letrame.com\/catalogo\/","name":"Catalogo | Letrame Grupo Editorial","description":"","publisher":{"@id":"https:\/\/letrame.com\/catalogo\/#organization"},"potentialAction":[{"@type":"SearchAction","target":{"@type":"EntryPoint","urlTemplate":"https:\/\/letrame.com\/catalogo\/?s={search_term_string}"},"query-input":{"@type":"PropertyValueSpecification","valueRequired":true,"valueName":"search_term_string"}}],"inLanguage":"es"},{"@type":"Organization","@id":"https:\/\/letrame.com\/catalogo\/#organization","name":"Catalogo | Letrame Grupo Editorial","url":"https:\/\/letrame.com\/catalogo\/","logo":{"@type":"ImageObject","inLanguage":"es","@id":"https:\/\/letrame.com\/catalogo\/#\/schema\/logo\/image\/","url":"https:\/\/letrame.com\/catalogo\/wp-content\/uploads\/2024\/03\/logo2.webp","contentUrl":"https:\/\/letrame.com\/catalogo\/wp-content\/uploads\/2024\/03\/logo2.webp","width":394,"height":128,"caption":"Catalogo | Letrame Grupo Editorial"},"image":{"@id":"https:\/\/letrame.com\/catalogo\/#\/schema\/logo\/image\/"}}]}},"_links":{"self":[{"href":"https:\/\/letrame.com\/catalogo\/wp-json\/wp\/v2\/product\/98022","targetHints":{"allow":["GET"]}}],"collection":[{"href":"https:\/\/letrame.com\/catalogo\/wp-json\/wp\/v2\/product"}],"about":[{"href":"https:\/\/letrame.com\/catalogo\/wp-json\/wp\/v2\/types\/product"}],"replies":[{"embeddable":true,"href":"https:\/\/letrame.com\/catalogo\/wp-json\/wp\/v2\/comments?post=98022"}],"acf:post":[{"embeddable":true,"href":"https:\/\/letrame.com\/catalogo\/wp-json\/wp\/v2\/author_book\/76553"}],"wp:featuredmedia":[{"embeddable":true,"href":"https:\/\/letrame.com\/catalogo\/wp-json\/wp\/v2\/media\/100405"}],"wp:attachment":[{"href":"https:\/\/letrame.com\/catalogo\/wp-json\/wp\/v2\/media?parent=98022"}],"wp:term":[{"taxonomy":"libro","embeddable":true,"href":"https:\/\/letrame.com\/catalogo\/wp-json\/wp\/v2\/libro?post=98022"},{"taxonomy":"product_brand","embeddable":true,"href":"https:\/\/letrame.com\/catalogo\/wp-json\/wp\/v2\/product_brand?post=98022"},{"taxonomy":"product_cat","embeddable":true,"href":"https:\/\/letrame.com\/catalogo\/wp-json\/wp\/v2\/product_cat?post=98022"},{"taxonomy":"product_tag","embeddable":true,"href":"https:\/\/letrame.com\/catalogo\/wp-json\/wp\/v2\/product_tag?post=98022"}],"curies":[{"name":"wp","href":"https:\/\/api.w.org\/{rel}","templated":true}]}}