{"id":98020,"date":"2024-04-29T14:43:58","date_gmt":"2024-04-29T12:43:58","guid":{"rendered":"https:\/\/letrame.com\/catalogo\/producto\/libro-i-amor\/"},"modified":"2024-04-29T14:43:58","modified_gmt":"2024-04-29T12:43:58","slug":"libro-i-amor","status":"publish","type":"product","link":"https:\/\/letrame.com\/catalogo\/producto\/libro-i-amor\/","title":{"rendered":"Libro I. Amor"},"content":{"rendered":"<p><strong>ISBN<\/strong>: 978-84-1114-692-0<\/p>\n<p><strong>T\u00edtulo<\/strong>: <span data-sheets-value=\"{&quot;1&quot;:2,&quot;2&quot;:&quot;Libro I. Amor&quot;}\" data-sheets-userformat=\"{&quot;2&quot;:579,&quot;3&quot;:{&quot;1&quot;:0},&quot;4&quot;:{&quot;1&quot;:2,&quot;2&quot;:16711935},&quot;9&quot;:1,&quot;12&quot;:0}\">Libro I. Amor<\/span><br \/>\n<strong>Fecha<\/strong>: 2022<br \/>\n<strong>P\u00e1ginas<\/strong>: 248<\/p>\n<p><strong>SINOPSIS<\/strong><\/p>\n<p>Esta primera entrega de la serie <em>Nueve libros en miniatura para estar m\u00e1s cerca de la Biblia<\/em>, centrada en el Amor, desglosa para los lectores las secciones del texto sagrado que se encuentran entre Salmos 146-150; Libro de los Proverbios; Eclesiast\u00e9s; Cantares; Isa\u00edas; hasta Jerem\u00edas 30-33. Lo hace inspir\u00e1ndose en la forma de un devocional diario y poniendo el foco en producir un libro accesible para cualquier tipo de lector.<\/p>\n<p>El texto asigna a cada d\u00eda el an\u00e1lisis de un pasaje, en un programa pensado para abarcar cuarenta jornadas. Haciendo siempre uso de un lenguaje esmeradamente claro y sencillo, el autor acompa\u00f1a cada una de las \u00abp\u00edldoras\u00bb diarias de lectura y reflexi\u00f3n con referencias a otras fuentes, as\u00ed como enlaces a contenido multimedia para integrar de forma m\u00e1s amena las ense\u00f1anzas de las que se compone el libro.<\/p>\n<p>&nbsp;<\/p>\n","protected":false},"excerpt":{"rendered":"<p><strong>ISBN<\/strong>: 978-84-1114-692-0<\/p>\n<p><strong>SINOPSIS<\/strong><\/p>\n<p>Esta primera entrega de la serie <em>Nueve libros en miniatura para estar m\u00e1s cerca de la Biblia<\/em>, centrada en el Amor, desglosa para los lectores las secciones del texto sagrado que se encuentran entre Salmos 146-150; Libro de los Proverbios; Eclesiast\u00e9s; Cantares; Isa\u00edas; hasta Jerem\u00edas 30-33. Lo hace inspir\u00e1ndose en la forma de un devocional diario y poniendo el foco en producir un libro accesible para cualquier tipo de lector.<\/p>\n<p>El texto asigna a cada d\u00eda el an\u00e1lisis de un pasaje, en un programa pensado para abarcar cuarenta jornadas. Haciendo siempre uso de un lenguaje esmeradamente claro y sencillo, el autor acompa\u00f1a cada una de las \u00abp\u00edldoras\u00bb diarias de lectura y reflexi\u00f3n con referencias a otras fuentes, as\u00ed como enlaces a contenido multimedia para integrar de forma m\u00e1s amena las ense\u00f1anzas de las que se compone el libro.<\/p>\n<p>&nbsp;<\/p>\n","protected":false},"featured_media":98021,"comment_status":"closed","ping_status":"open","template":"","meta":{"_acf_changed":false},"libro":[],"product_brand":[],"product_cat":[18],"product_tag":[],"class_list":{"0":"post-98020","1":"product","2":"type-product","3":"status-publish","4":"has-post-thumbnail","6":"product_cat-autoayuda","8":"first","9":"instock","10":"product-type-simple"},"acf":{"autor":[76551],"enlace_de_compra":""},"yoast_head":"<!-- This site is optimized with the Yoast SEO plugin v27.4 - https:\/\/yoast.com\/product\/yoast-seo-wordpress\/ -->\n<title>Libro I. Amor - Catalogo | Letrame Grupo Editorial<\/title>\n<meta name=\"robots\" content=\"index, follow, max-snippet:-1, max-image-preview:large, max-video-preview:-1\" \/>\n<link rel=\"canonical\" href=\"https:\/\/letrame.com\/catalogo\/producto\/libro-i-amor\/\" \/>\n<meta property=\"og:locale\" content=\"es_ES\" \/>\n<meta property=\"og:type\" content=\"article\" \/>\n<meta property=\"og:title\" content=\"Libro I. Amor - Catalogo | Letrame Grupo Editorial\" \/>\n<meta property=\"og:description\" content=\"ISBN: 978-84-1114-692-0 SINOPSIS Esta primera entrega de la serie Nueve libros en miniatura para estar m\u00e1s cerca de la Biblia, centrada en el Amor, desglosa para los lectores las secciones del texto sagrado que se encuentran entre Salmos 146-150; Libro de los Proverbios; Eclesiast\u00e9s; Cantares; Isa\u00edas; hasta Jerem\u00edas 30-33. Lo hace inspir\u00e1ndose en la forma de un devocional diario y poniendo el foco en producir un libro accesible para cualquier tipo de lector. El texto asigna a cada d\u00eda el an\u00e1lisis de un pasaje, en un programa pensado para abarcar cuarenta jornadas. Haciendo siempre uso de un lenguaje esmeradamente claro y sencillo, el autor acompa\u00f1a cada una de las \u00abp\u00edldoras\u00bb diarias de lectura y reflexi\u00f3n con referencias a otras fuentes, as\u00ed como enlaces a contenido multimedia para integrar de forma m\u00e1s amena las ense\u00f1anzas de las que se compone el libro. &nbsp;\" \/>\n<meta property=\"og:url\" content=\"https:\/\/letrame.com\/catalogo\/producto\/libro-i-amor\/\" \/>\n<meta property=\"og:site_name\" content=\"Catalogo | Letrame Grupo Editorial\" \/>\n<meta property=\"og:image\" content=\"https:\/\/letrame.com\/catalogo\/wp-content\/uploads\/2024\/04\/redportada_libroI.amor_14mm.jpg\" \/>\n\t<meta property=\"og:image:width\" content=\"601\" \/>\n\t<meta property=\"og:image:height\" content=\"881\" \/>\n\t<meta property=\"og:image:type\" content=\"image\/jpeg\" \/>\n<meta name=\"twitter:card\" content=\"summary_large_image\" \/>\n<meta name=\"twitter:label1\" content=\"Tiempo de lectura\" \/>\n\t<meta name=\"twitter:data1\" content=\"1 minuto\" \/>\n<script type=\"application\/ld+json\" class=\"yoast-schema-graph\">{\"@context\":\"https:\\\/\\\/schema.org\",\"@graph\":[{\"@type\":\"WebPage\",\"@id\":\"https:\\\/\\\/letrame.com\\\/catalogo\\\/producto\\\/libro-i-amor\\\/\",\"url\":\"https:\\\/\\\/letrame.com\\\/catalogo\\\/producto\\\/libro-i-amor\\\/\",\"name\":\"Libro I. Amor - Catalogo | Letrame Grupo Editorial\",\"isPartOf\":{\"@id\":\"https:\\\/\\\/letrame.com\\\/catalogo\\\/#website\"},\"primaryImageOfPage\":{\"@id\":\"https:\\\/\\\/letrame.com\\\/catalogo\\\/producto\\\/libro-i-amor\\\/#primaryimage\"},\"image\":{\"@id\":\"https:\\\/\\\/letrame.com\\\/catalogo\\\/producto\\\/libro-i-amor\\\/#primaryimage\"},\"thumbnailUrl\":\"https:\\\/\\\/letrame.com\\\/catalogo\\\/wp-content\\\/uploads\\\/2024\\\/04\\\/redportada_libroI.amor_14mm.jpg\",\"datePublished\":\"2024-04-29T12:43:58+00:00\",\"breadcrumb\":{\"@id\":\"https:\\\/\\\/letrame.com\\\/catalogo\\\/producto\\\/libro-i-amor\\\/#breadcrumb\"},\"inLanguage\":\"es\",\"potentialAction\":[{\"@type\":\"ReadAction\",\"target\":[\"https:\\\/\\\/letrame.com\\\/catalogo\\\/producto\\\/libro-i-amor\\\/\"]}]},{\"@type\":\"ImageObject\",\"inLanguage\":\"es\",\"@id\":\"https:\\\/\\\/letrame.com\\\/catalogo\\\/producto\\\/libro-i-amor\\\/#primaryimage\",\"url\":\"https:\\\/\\\/letrame.com\\\/catalogo\\\/wp-content\\\/uploads\\\/2024\\\/04\\\/redportada_libroI.amor_14mm.jpg\",\"contentUrl\":\"https:\\\/\\\/letrame.com\\\/catalogo\\\/wp-content\\\/uploads\\\/2024\\\/04\\\/redportada_libroI.amor_14mm.jpg\",\"width\":601,\"height\":881},{\"@type\":\"BreadcrumbList\",\"@id\":\"https:\\\/\\\/letrame.com\\\/catalogo\\\/producto\\\/libro-i-amor\\\/#breadcrumb\",\"itemListElement\":[{\"@type\":\"ListItem\",\"position\":1,\"name\":\"Portada\",\"item\":\"https:\\\/\\\/letrame.com\\\/catalogo\\\/\"},{\"@type\":\"ListItem\",\"position\":2,\"name\":\"Cat\u00e1logo\",\"item\":\"https:\\\/\\\/letrame.com\\\/catalogo\\\/\"},{\"@type\":\"ListItem\",\"position\":3,\"name\":\"Libro I. Amor\"}]},{\"@type\":\"WebSite\",\"@id\":\"https:\\\/\\\/letrame.com\\\/catalogo\\\/#website\",\"url\":\"https:\\\/\\\/letrame.com\\\/catalogo\\\/\",\"name\":\"Catalogo | Letrame Grupo Editorial\",\"description\":\"\",\"publisher\":{\"@id\":\"https:\\\/\\\/letrame.com\\\/catalogo\\\/#organization\"},\"potentialAction\":[{\"@type\":\"SearchAction\",\"target\":{\"@type\":\"EntryPoint\",\"urlTemplate\":\"https:\\\/\\\/letrame.com\\\/catalogo\\\/?s={search_term_string}\"},\"query-input\":{\"@type\":\"PropertyValueSpecification\",\"valueRequired\":true,\"valueName\":\"search_term_string\"}}],\"inLanguage\":\"es\"},{\"@type\":\"Organization\",\"@id\":\"https:\\\/\\\/letrame.com\\\/catalogo\\\/#organization\",\"name\":\"Catalogo | Letrame Grupo Editorial\",\"url\":\"https:\\\/\\\/letrame.com\\\/catalogo\\\/\",\"logo\":{\"@type\":\"ImageObject\",\"inLanguage\":\"es\",\"@id\":\"https:\\\/\\\/letrame.com\\\/catalogo\\\/#\\\/schema\\\/logo\\\/image\\\/\",\"url\":\"https:\\\/\\\/letrame.com\\\/catalogo\\\/wp-content\\\/uploads\\\/2024\\\/03\\\/logo2.webp\",\"contentUrl\":\"https:\\\/\\\/letrame.com\\\/catalogo\\\/wp-content\\\/uploads\\\/2024\\\/03\\\/logo2.webp\",\"width\":394,\"height\":128,\"caption\":\"Catalogo | Letrame Grupo Editorial\"},\"image\":{\"@id\":\"https:\\\/\\\/letrame.com\\\/catalogo\\\/#\\\/schema\\\/logo\\\/image\\\/\"}}]}<\/script>\n<!-- \/ Yoast SEO plugin. -->","yoast_head_json":{"title":"Libro I. Amor - Catalogo | Letrame Grupo Editorial","robots":{"index":"index","follow":"follow","max-snippet":"max-snippet:-1","max-image-preview":"max-image-preview:large","max-video-preview":"max-video-preview:-1"},"canonical":"https:\/\/letrame.com\/catalogo\/producto\/libro-i-amor\/","og_locale":"es_ES","og_type":"article","og_title":"Libro I. Amor - Catalogo | Letrame Grupo Editorial","og_description":"ISBN: 978-84-1114-692-0 SINOPSIS Esta primera entrega de la serie Nueve libros en miniatura para estar m\u00e1s cerca de la Biblia, centrada en el Amor, desglosa para los lectores las secciones del texto sagrado que se encuentran entre Salmos 146-150; Libro de los Proverbios; Eclesiast\u00e9s; Cantares; Isa\u00edas; hasta Jerem\u00edas 30-33. Lo hace inspir\u00e1ndose en la forma de un devocional diario y poniendo el foco en producir un libro accesible para cualquier tipo de lector. El texto asigna a cada d\u00eda el an\u00e1lisis de un pasaje, en un programa pensado para abarcar cuarenta jornadas. Haciendo siempre uso de un lenguaje esmeradamente claro y sencillo, el autor acompa\u00f1a cada una de las \u00abp\u00edldoras\u00bb diarias de lectura y reflexi\u00f3n con referencias a otras fuentes, as\u00ed como enlaces a contenido multimedia para integrar de forma m\u00e1s amena las ense\u00f1anzas de las que se compone el libro. &nbsp;","og_url":"https:\/\/letrame.com\/catalogo\/producto\/libro-i-amor\/","og_site_name":"Catalogo | Letrame Grupo Editorial","og_image":[{"width":601,"height":881,"url":"https:\/\/letrame.com\/catalogo\/wp-content\/uploads\/2024\/04\/redportada_libroI.amor_14mm.jpg","type":"image\/jpeg"}],"twitter_card":"summary_large_image","twitter_misc":{"Tiempo de lectura":"1 minuto"},"schema":{"@context":"https:\/\/schema.org","@graph":[{"@type":"WebPage","@id":"https:\/\/letrame.com\/catalogo\/producto\/libro-i-amor\/","url":"https:\/\/letrame.com\/catalogo\/producto\/libro-i-amor\/","name":"Libro I. Amor - Catalogo | Letrame Grupo Editorial","isPartOf":{"@id":"https:\/\/letrame.com\/catalogo\/#website"},"primaryImageOfPage":{"@id":"https:\/\/letrame.com\/catalogo\/producto\/libro-i-amor\/#primaryimage"},"image":{"@id":"https:\/\/letrame.com\/catalogo\/producto\/libro-i-amor\/#primaryimage"},"thumbnailUrl":"https:\/\/letrame.com\/catalogo\/wp-content\/uploads\/2024\/04\/redportada_libroI.amor_14mm.jpg","datePublished":"2024-04-29T12:43:58+00:00","breadcrumb":{"@id":"https:\/\/letrame.com\/catalogo\/producto\/libro-i-amor\/#breadcrumb"},"inLanguage":"es","potentialAction":[{"@type":"ReadAction","target":["https:\/\/letrame.com\/catalogo\/producto\/libro-i-amor\/"]}]},{"@type":"ImageObject","inLanguage":"es","@id":"https:\/\/letrame.com\/catalogo\/producto\/libro-i-amor\/#primaryimage","url":"https:\/\/letrame.com\/catalogo\/wp-content\/uploads\/2024\/04\/redportada_libroI.amor_14mm.jpg","contentUrl":"https:\/\/letrame.com\/catalogo\/wp-content\/uploads\/2024\/04\/redportada_libroI.amor_14mm.jpg","width":601,"height":881},{"@type":"BreadcrumbList","@id":"https:\/\/letrame.com\/catalogo\/producto\/libro-i-amor\/#breadcrumb","itemListElement":[{"@type":"ListItem","position":1,"name":"Portada","item":"https:\/\/letrame.com\/catalogo\/"},{"@type":"ListItem","position":2,"name":"Cat\u00e1logo","item":"https:\/\/letrame.com\/catalogo\/"},{"@type":"ListItem","position":3,"name":"Libro I. Amor"}]},{"@type":"WebSite","@id":"https:\/\/letrame.com\/catalogo\/#website","url":"https:\/\/letrame.com\/catalogo\/","name":"Catalogo | Letrame Grupo Editorial","description":"","publisher":{"@id":"https:\/\/letrame.com\/catalogo\/#organization"},"potentialAction":[{"@type":"SearchAction","target":{"@type":"EntryPoint","urlTemplate":"https:\/\/letrame.com\/catalogo\/?s={search_term_string}"},"query-input":{"@type":"PropertyValueSpecification","valueRequired":true,"valueName":"search_term_string"}}],"inLanguage":"es"},{"@type":"Organization","@id":"https:\/\/letrame.com\/catalogo\/#organization","name":"Catalogo | Letrame Grupo Editorial","url":"https:\/\/letrame.com\/catalogo\/","logo":{"@type":"ImageObject","inLanguage":"es","@id":"https:\/\/letrame.com\/catalogo\/#\/schema\/logo\/image\/","url":"https:\/\/letrame.com\/catalogo\/wp-content\/uploads\/2024\/03\/logo2.webp","contentUrl":"https:\/\/letrame.com\/catalogo\/wp-content\/uploads\/2024\/03\/logo2.webp","width":394,"height":128,"caption":"Catalogo | Letrame Grupo Editorial"},"image":{"@id":"https:\/\/letrame.com\/catalogo\/#\/schema\/logo\/image\/"}}]}},"_links":{"self":[{"href":"https:\/\/letrame.com\/catalogo\/wp-json\/wp\/v2\/product\/98020","targetHints":{"allow":["GET"]}}],"collection":[{"href":"https:\/\/letrame.com\/catalogo\/wp-json\/wp\/v2\/product"}],"about":[{"href":"https:\/\/letrame.com\/catalogo\/wp-json\/wp\/v2\/types\/product"}],"replies":[{"embeddable":true,"href":"https:\/\/letrame.com\/catalogo\/wp-json\/wp\/v2\/comments?post=98020"}],"acf:post":[{"embeddable":true,"href":"https:\/\/letrame.com\/catalogo\/wp-json\/wp\/v2\/author_book\/76551"}],"wp:featuredmedia":[{"embeddable":true,"href":"https:\/\/letrame.com\/catalogo\/wp-json\/wp\/v2\/media\/98021"}],"wp:attachment":[{"href":"https:\/\/letrame.com\/catalogo\/wp-json\/wp\/v2\/media?parent=98020"}],"wp:term":[{"taxonomy":"libro","embeddable":true,"href":"https:\/\/letrame.com\/catalogo\/wp-json\/wp\/v2\/libro?post=98020"},{"taxonomy":"product_brand","embeddable":true,"href":"https:\/\/letrame.com\/catalogo\/wp-json\/wp\/v2\/product_brand?post=98020"},{"taxonomy":"product_cat","embeddable":true,"href":"https:\/\/letrame.com\/catalogo\/wp-json\/wp\/v2\/product_cat?post=98020"},{"taxonomy":"product_tag","embeddable":true,"href":"https:\/\/letrame.com\/catalogo\/wp-json\/wp\/v2\/product_tag?post=98020"}],"curies":[{"name":"wp","href":"https:\/\/api.w.org\/{rel}","templated":true}]}}