{"id":98014,"date":"2024-04-29T14:43:44","date_gmt":"2024-04-29T12:43:44","guid":{"rendered":"https:\/\/letrame.com\/catalogo\/producto\/voy-a-cuentarte\/"},"modified":"2024-08-12T13:48:19","modified_gmt":"2024-08-12T11:48:19","slug":"voy-a-cuentarte","status":"publish","type":"product","link":"https:\/\/letrame.com\/catalogo\/producto\/voy-a-cuentarte\/","title":{"rendered":"Voy a cuentarte"},"content":{"rendered":"<p><strong>ISBN<\/strong>:\u00a0978-84-1114-939-6<\/p>\n<p><strong>T\u00edtulo<\/strong>: <span data-sheets-value=\"{&quot;1&quot;:2,&quot;2&quot;:&quot;Voy a cuentarte&quot;}\" data-sheets-userformat=\"{&quot;2&quot;:579,&quot;3&quot;:{&quot;1&quot;:0},&quot;4&quot;:{&quot;1&quot;:2,&quot;2&quot;:16777215},&quot;9&quot;:1,&quot;12&quot;:0}\">Voy a cuentarte<\/span><br \/>\n<strong>Fecha<\/strong>: 2022<br \/>\n<strong>P\u00e1ginas<\/strong>: 262<\/p>\n<p><strong>SINOPSIS<\/strong><\/p>\n<p>Escribir un texto propio desarrolla la reflexi\u00f3n, la creatividad y la organizaci\u00f3n del pensamiento. Pero tambi\u00e9n nos lleva a navegar en el interior de nosotros mismos, algo que puede ser muy esclarecedor, gratificante e incluso terap\u00e9utico. Cultivando en nuestros ni\u00f1os y ni\u00f1as el h\u00e1bito escritor, les proporcionamos una herramienta muy \u00fatil, tanto desde el punto de vista ling\u00fc\u00edstico como social y emocional.<\/p>\n<p>Al leer los cuentos y poemas que se recogen en Voy a cuentarte, adem\u00e1s de disfrutar, re\u00edr y so\u00f1ar, podremos adentrarnos, junto con sus autores, en cientos de mundos e historias con las que quiz\u00e1s nos podamos identificar. Dejemos que los m\u00e1s peque\u00f1os de la casa nos \u00abcuenten\u00bb sus historias, sus deseos y sus inquietudes.<\/p>\n","protected":false},"excerpt":{"rendered":"<p><strong>ISBN<\/strong>:\u00a0978-84-1114-939-6<\/p>\n<p><strong>SINOPSIS<\/strong><\/p>\n<p>Escribir un texto propio desarrolla la reflexi\u00f3n, la creatividad y la organizaci\u00f3n del pensamiento. Pero tambi\u00e9n nos lleva a navegar en el interior de nosotros mismos, algo que puede ser muy esclarecedor, gratificante e incluso terap\u00e9utico. Cultivando en nuestros ni\u00f1os y ni\u00f1as el h\u00e1bito escritor, les proporcionamos una herramienta muy \u00fatil, tanto desde el punto de vista ling\u00fc\u00edstico como social y emocional.<\/p>\n<p>Al leer los cuentos y poemas que se recogen en Voy a cuentarte, adem\u00e1s de disfrutar, re\u00edr y so\u00f1ar, podremos adentrarnos, junto con sus autores, en cientos de mundos e historias con las que quiz\u00e1s nos podamos identificar. Dejemos que los m\u00e1s peque\u00f1os de la casa nos \u00abcuenten\u00bb sus historias, sus deseos y sus inquietudes.<\/p>\n<p>&nbsp;<\/p>\n","protected":false},"featured_media":98015,"comment_status":"closed","ping_status":"closed","template":"","meta":{"_acf_changed":false},"libro":[],"product_brand":[],"product_cat":[26],"product_tag":[],"class_list":{"0":"post-98014","1":"product","2":"type-product","3":"status-publish","4":"has-post-thumbnail","6":"product_cat-sin-categoria","8":"first","9":"instock","10":"product-type-simple"},"acf":{"autor":[75339],"enlace_de_compra":""},"yoast_head":"<!-- This site is optimized with the Yoast SEO plugin v26.6 - https:\/\/yoast.com\/wordpress\/plugins\/seo\/ -->\n<title>Voy a cuentarte - Catalogo | Letrame Grupo Editorial<\/title>\n<meta name=\"robots\" content=\"index, follow, max-snippet:-1, max-image-preview:large, max-video-preview:-1\" \/>\n<link rel=\"canonical\" href=\"https:\/\/letrame.com\/catalogo\/producto\/voy-a-cuentarte\/\" \/>\n<meta property=\"og:locale\" content=\"es_ES\" \/>\n<meta property=\"og:type\" content=\"article\" \/>\n<meta property=\"og:title\" content=\"Voy a cuentarte - Catalogo | Letrame Grupo Editorial\" \/>\n<meta property=\"og:description\" content=\"ISBN:\u00a0978-84-1114-939-6  SINOPSIS  Escribir un texto propio desarrolla la reflexi\u00f3n, la creatividad y la organizaci\u00f3n del pensamiento. Pero tambi\u00e9n nos lleva a navegar en el interior de nosotros mismos, algo que puede ser muy esclarecedor, gratificante e incluso terap\u00e9utico. Cultivando en nuestros ni\u00f1os y ni\u00f1as el h\u00e1bito escritor, les proporcionamos una herramienta muy \u00fatil, tanto desde el punto de vista ling\u00fc\u00edstico como social y emocional.  Al leer los cuentos y poemas que se recogen en Voy a cuentarte, adem\u00e1s de disfrutar, re\u00edr y so\u00f1ar, podremos adentrarnos, junto con sus autores, en cientos de mundos e historias con las que quiz\u00e1s nos podamos identificar. Dejemos que los m\u00e1s peque\u00f1os de la casa nos \u00abcuenten\u00bb sus historias, sus deseos y sus inquietudes.  &nbsp;\" \/>\n<meta property=\"og:url\" content=\"https:\/\/letrame.com\/catalogo\/producto\/voy-a-cuentarte\/\" \/>\n<meta property=\"og:site_name\" content=\"Catalogo | Letrame Grupo Editorial\" \/>\n<meta property=\"article:modified_time\" content=\"2024-08-12T11:48:19+00:00\" \/>\n<meta property=\"og:image\" content=\"https:\/\/letrame.com\/catalogo\/wp-content\/uploads\/2024\/04\/redportada_voyacuentarte_1361mm-1.jpg\" \/>\n\t<meta property=\"og:image:width\" content=\"601\" \/>\n\t<meta property=\"og:image:height\" content=\"849\" \/>\n\t<meta property=\"og:image:type\" content=\"image\/jpeg\" \/>\n<meta name=\"twitter:card\" content=\"summary_large_image\" \/>\n<meta name=\"twitter:label1\" content=\"Tiempo de lectura\" \/>\n\t<meta name=\"twitter:data1\" content=\"1 minuto\" \/>\n<script type=\"application\/ld+json\" class=\"yoast-schema-graph\">{\"@context\":\"https:\/\/schema.org\",\"@graph\":[{\"@type\":\"WebPage\",\"@id\":\"https:\/\/letrame.com\/catalogo\/producto\/voy-a-cuentarte\/\",\"url\":\"https:\/\/letrame.com\/catalogo\/producto\/voy-a-cuentarte\/\",\"name\":\"Voy a cuentarte - Catalogo | Letrame Grupo Editorial\",\"isPartOf\":{\"@id\":\"https:\/\/letrame.com\/catalogo\/#website\"},\"primaryImageOfPage\":{\"@id\":\"https:\/\/letrame.com\/catalogo\/producto\/voy-a-cuentarte\/#primaryimage\"},\"image\":{\"@id\":\"https:\/\/letrame.com\/catalogo\/producto\/voy-a-cuentarte\/#primaryimage\"},\"thumbnailUrl\":\"https:\/\/letrame.com\/catalogo\/wp-content\/uploads\/2024\/04\/redportada_voyacuentarte_1361mm-1.jpg\",\"datePublished\":\"2024-04-29T12:43:44+00:00\",\"dateModified\":\"2024-08-12T11:48:19+00:00\",\"breadcrumb\":{\"@id\":\"https:\/\/letrame.com\/catalogo\/producto\/voy-a-cuentarte\/#breadcrumb\"},\"inLanguage\":\"es\",\"potentialAction\":[{\"@type\":\"ReadAction\",\"target\":[\"https:\/\/letrame.com\/catalogo\/producto\/voy-a-cuentarte\/\"]}]},{\"@type\":\"ImageObject\",\"inLanguage\":\"es\",\"@id\":\"https:\/\/letrame.com\/catalogo\/producto\/voy-a-cuentarte\/#primaryimage\",\"url\":\"https:\/\/letrame.com\/catalogo\/wp-content\/uploads\/2024\/04\/redportada_voyacuentarte_1361mm-1.jpg\",\"contentUrl\":\"https:\/\/letrame.com\/catalogo\/wp-content\/uploads\/2024\/04\/redportada_voyacuentarte_1361mm-1.jpg\",\"width\":601,\"height\":849},{\"@type\":\"BreadcrumbList\",\"@id\":\"https:\/\/letrame.com\/catalogo\/producto\/voy-a-cuentarte\/#breadcrumb\",\"itemListElement\":[{\"@type\":\"ListItem\",\"position\":1,\"name\":\"Portada\",\"item\":\"https:\/\/letrame.com\/catalogo\/\"},{\"@type\":\"ListItem\",\"position\":2,\"name\":\"Cat\u00e1logo\",\"item\":\"https:\/\/letrame.com\/catalogo\/\"},{\"@type\":\"ListItem\",\"position\":3,\"name\":\"Voy a cuentarte\"}]},{\"@type\":\"WebSite\",\"@id\":\"https:\/\/letrame.com\/catalogo\/#website\",\"url\":\"https:\/\/letrame.com\/catalogo\/\",\"name\":\"Catalogo | Letrame Grupo Editorial\",\"description\":\"\",\"publisher\":{\"@id\":\"https:\/\/letrame.com\/catalogo\/#organization\"},\"potentialAction\":[{\"@type\":\"SearchAction\",\"target\":{\"@type\":\"EntryPoint\",\"urlTemplate\":\"https:\/\/letrame.com\/catalogo\/?s={search_term_string}\"},\"query-input\":{\"@type\":\"PropertyValueSpecification\",\"valueRequired\":true,\"valueName\":\"search_term_string\"}}],\"inLanguage\":\"es\"},{\"@type\":\"Organization\",\"@id\":\"https:\/\/letrame.com\/catalogo\/#organization\",\"name\":\"Catalogo | Letrame Grupo Editorial\",\"url\":\"https:\/\/letrame.com\/catalogo\/\",\"logo\":{\"@type\":\"ImageObject\",\"inLanguage\":\"es\",\"@id\":\"https:\/\/letrame.com\/catalogo\/#\/schema\/logo\/image\/\",\"url\":\"https:\/\/letrame.com\/catalogo\/wp-content\/uploads\/2024\/03\/logo2.webp\",\"contentUrl\":\"https:\/\/letrame.com\/catalogo\/wp-content\/uploads\/2024\/03\/logo2.webp\",\"width\":394,\"height\":128,\"caption\":\"Catalogo | Letrame Grupo Editorial\"},\"image\":{\"@id\":\"https:\/\/letrame.com\/catalogo\/#\/schema\/logo\/image\/\"}}]}<\/script>\n<!-- \/ Yoast SEO plugin. -->","yoast_head_json":{"title":"Voy a cuentarte - Catalogo | Letrame Grupo Editorial","robots":{"index":"index","follow":"follow","max-snippet":"max-snippet:-1","max-image-preview":"max-image-preview:large","max-video-preview":"max-video-preview:-1"},"canonical":"https:\/\/letrame.com\/catalogo\/producto\/voy-a-cuentarte\/","og_locale":"es_ES","og_type":"article","og_title":"Voy a cuentarte - Catalogo | Letrame Grupo Editorial","og_description":"ISBN:\u00a0978-84-1114-939-6  SINOPSIS  Escribir un texto propio desarrolla la reflexi\u00f3n, la creatividad y la organizaci\u00f3n del pensamiento. Pero tambi\u00e9n nos lleva a navegar en el interior de nosotros mismos, algo que puede ser muy esclarecedor, gratificante e incluso terap\u00e9utico. Cultivando en nuestros ni\u00f1os y ni\u00f1as el h\u00e1bito escritor, les proporcionamos una herramienta muy \u00fatil, tanto desde el punto de vista ling\u00fc\u00edstico como social y emocional.  Al leer los cuentos y poemas que se recogen en Voy a cuentarte, adem\u00e1s de disfrutar, re\u00edr y so\u00f1ar, podremos adentrarnos, junto con sus autores, en cientos de mundos e historias con las que quiz\u00e1s nos podamos identificar. Dejemos que los m\u00e1s peque\u00f1os de la casa nos \u00abcuenten\u00bb sus historias, sus deseos y sus inquietudes.  &nbsp;","og_url":"https:\/\/letrame.com\/catalogo\/producto\/voy-a-cuentarte\/","og_site_name":"Catalogo | Letrame Grupo Editorial","article_modified_time":"2024-08-12T11:48:19+00:00","og_image":[{"width":601,"height":849,"url":"https:\/\/letrame.com\/catalogo\/wp-content\/uploads\/2024\/04\/redportada_voyacuentarte_1361mm-1.jpg","type":"image\/jpeg"}],"twitter_card":"summary_large_image","twitter_misc":{"Tiempo de lectura":"1 minuto"},"schema":{"@context":"https:\/\/schema.org","@graph":[{"@type":"WebPage","@id":"https:\/\/letrame.com\/catalogo\/producto\/voy-a-cuentarte\/","url":"https:\/\/letrame.com\/catalogo\/producto\/voy-a-cuentarte\/","name":"Voy a cuentarte - Catalogo | Letrame Grupo Editorial","isPartOf":{"@id":"https:\/\/letrame.com\/catalogo\/#website"},"primaryImageOfPage":{"@id":"https:\/\/letrame.com\/catalogo\/producto\/voy-a-cuentarte\/#primaryimage"},"image":{"@id":"https:\/\/letrame.com\/catalogo\/producto\/voy-a-cuentarte\/#primaryimage"},"thumbnailUrl":"https:\/\/letrame.com\/catalogo\/wp-content\/uploads\/2024\/04\/redportada_voyacuentarte_1361mm-1.jpg","datePublished":"2024-04-29T12:43:44+00:00","dateModified":"2024-08-12T11:48:19+00:00","breadcrumb":{"@id":"https:\/\/letrame.com\/catalogo\/producto\/voy-a-cuentarte\/#breadcrumb"},"inLanguage":"es","potentialAction":[{"@type":"ReadAction","target":["https:\/\/letrame.com\/catalogo\/producto\/voy-a-cuentarte\/"]}]},{"@type":"ImageObject","inLanguage":"es","@id":"https:\/\/letrame.com\/catalogo\/producto\/voy-a-cuentarte\/#primaryimage","url":"https:\/\/letrame.com\/catalogo\/wp-content\/uploads\/2024\/04\/redportada_voyacuentarte_1361mm-1.jpg","contentUrl":"https:\/\/letrame.com\/catalogo\/wp-content\/uploads\/2024\/04\/redportada_voyacuentarte_1361mm-1.jpg","width":601,"height":849},{"@type":"BreadcrumbList","@id":"https:\/\/letrame.com\/catalogo\/producto\/voy-a-cuentarte\/#breadcrumb","itemListElement":[{"@type":"ListItem","position":1,"name":"Portada","item":"https:\/\/letrame.com\/catalogo\/"},{"@type":"ListItem","position":2,"name":"Cat\u00e1logo","item":"https:\/\/letrame.com\/catalogo\/"},{"@type":"ListItem","position":3,"name":"Voy a cuentarte"}]},{"@type":"WebSite","@id":"https:\/\/letrame.com\/catalogo\/#website","url":"https:\/\/letrame.com\/catalogo\/","name":"Catalogo | Letrame Grupo Editorial","description":"","publisher":{"@id":"https:\/\/letrame.com\/catalogo\/#organization"},"potentialAction":[{"@type":"SearchAction","target":{"@type":"EntryPoint","urlTemplate":"https:\/\/letrame.com\/catalogo\/?s={search_term_string}"},"query-input":{"@type":"PropertyValueSpecification","valueRequired":true,"valueName":"search_term_string"}}],"inLanguage":"es"},{"@type":"Organization","@id":"https:\/\/letrame.com\/catalogo\/#organization","name":"Catalogo | Letrame Grupo Editorial","url":"https:\/\/letrame.com\/catalogo\/","logo":{"@type":"ImageObject","inLanguage":"es","@id":"https:\/\/letrame.com\/catalogo\/#\/schema\/logo\/image\/","url":"https:\/\/letrame.com\/catalogo\/wp-content\/uploads\/2024\/03\/logo2.webp","contentUrl":"https:\/\/letrame.com\/catalogo\/wp-content\/uploads\/2024\/03\/logo2.webp","width":394,"height":128,"caption":"Catalogo | Letrame Grupo Editorial"},"image":{"@id":"https:\/\/letrame.com\/catalogo\/#\/schema\/logo\/image\/"}}]}},"_links":{"self":[{"href":"https:\/\/letrame.com\/catalogo\/wp-json\/wp\/v2\/product\/98014","targetHints":{"allow":["GET"]}}],"collection":[{"href":"https:\/\/letrame.com\/catalogo\/wp-json\/wp\/v2\/product"}],"about":[{"href":"https:\/\/letrame.com\/catalogo\/wp-json\/wp\/v2\/types\/product"}],"replies":[{"embeddable":true,"href":"https:\/\/letrame.com\/catalogo\/wp-json\/wp\/v2\/comments?post=98014"}],"acf:post":[{"embeddable":true,"href":"https:\/\/letrame.com\/catalogo\/wp-json\/wp\/v2\/author_book\/75339"}],"wp:featuredmedia":[{"embeddable":true,"href":"https:\/\/letrame.com\/catalogo\/wp-json\/wp\/v2\/media\/98015"}],"wp:attachment":[{"href":"https:\/\/letrame.com\/catalogo\/wp-json\/wp\/v2\/media?parent=98014"}],"wp:term":[{"taxonomy":"libro","embeddable":true,"href":"https:\/\/letrame.com\/catalogo\/wp-json\/wp\/v2\/libro?post=98014"},{"taxonomy":"product_brand","embeddable":true,"href":"https:\/\/letrame.com\/catalogo\/wp-json\/wp\/v2\/product_brand?post=98014"},{"taxonomy":"product_cat","embeddable":true,"href":"https:\/\/letrame.com\/catalogo\/wp-json\/wp\/v2\/product_cat?post=98014"},{"taxonomy":"product_tag","embeddable":true,"href":"https:\/\/letrame.com\/catalogo\/wp-json\/wp\/v2\/product_tag?post=98014"}],"curies":[{"name":"wp","href":"https:\/\/api.w.org\/{rel}","templated":true}]}}