{"id":97998,"date":"2024-04-29T14:42:35","date_gmt":"2024-04-29T12:42:35","guid":{"rendered":"https:\/\/letrame.com\/catalogo\/producto\/perlas-de-isla-encanta\/"},"modified":"2024-08-12T13:57:04","modified_gmt":"2024-08-12T11:57:04","slug":"perlas-de-isla-encanta","status":"publish","type":"product","link":"https:\/\/letrame.com\/catalogo\/producto\/perlas-de-isla-encanta\/","title":{"rendered":"Perlas de Isla Encanta"},"content":{"rendered":"<p><strong>ISBN<\/strong>: 978-84-1144-025-7<\/p>\n<p><strong>T\u00edtulo<\/strong>: <span data-sheets-value=\"{&quot;1&quot;:2,&quot;2&quot;:&quot;Perlas de Isla Encanta&quot;}\" data-sheets-userformat=\"{&quot;2&quot;:579,&quot;3&quot;:{&quot;1&quot;:0},&quot;4&quot;:{&quot;1&quot;:2,&quot;2&quot;:14281427},&quot;9&quot;:1,&quot;12&quot;:0}\">Perlas de Isla Encanta<\/span><br \/>\n<strong>Fecha<\/strong>: 2022<br \/>\n<strong>P\u00e1ginas<\/strong>: 314<\/p>\n<p><strong>SINOPSIS<\/strong><\/p>\n<p>Un hombre conduce hasta su cala favorita para pescar sin saber que ese d\u00eda la presa ser\u00e1 \u00e9l. A otro se le acusa del asesinato de dos adolescentes, aunque es incapaz de matar a una mosca. Tres hermanos velan a su madre y al mismo tiempo airean los trapos sucios de la familia. Un atol\u00f3n poblado por extra\u00f1as bestias aparece y desaparece por arte de magia. Un ni\u00f1o espera el regreso de su madre para jugar con ella. Un asesino profesional la l\u00eda parda. Una mujer planea el asesinato de su marido mientras se pregunta en qu\u00e9 momento su vida se torci\u00f3.<\/p>\n<p>En todo caso este volumen \u2014que puede leerse como una novela\u2014 no te har\u00e1 olvidar qui\u00e9nes son sus protagonistas principales: Isla Encanta y el resto de islotes y el Continente que orbitan a su alrededor.<\/p>\n","protected":false},"excerpt":{"rendered":"<p><strong>ISBN<\/strong>: 978-84-1144-025-7<\/p>\n<p><strong>SINOPSIS<\/strong><\/p>\n<p>Un hombre conduce hasta su cala favorita para pescar sin saber que ese d\u00eda la presa ser\u00e1 \u00e9l. A otro se le acusa del asesinato de dos adolescentes, aunque es incapaz de matar a una mosca. Tres hermanos velan a su madre y al mismo tiempo airean los trapos sucios de la familia. Un atol\u00f3n poblado por extra\u00f1as bestias aparece y desaparece por arte de magia. Un ni\u00f1o espera el regreso de su madre para jugar con ella. Un asesino profesional la l\u00eda parda. Una mujer planea el asesinato de su marido mientras se pregunta en qu\u00e9 momento su vida se torci\u00f3.<\/p>\n<p>En todo caso este volumen \u2014que puede leerse como una novela\u2014 no te har\u00e1 olvidar qui\u00e9nes son sus protagonistas principales: Isla Encanta y el resto de islotes y el Continente que orbitan a su alrededor.<\/p>\n","protected":false},"featured_media":97999,"comment_status":"closed","ping_status":"closed","template":"","meta":{"_acf_changed":false},"libro":[],"product_brand":[],"product_cat":[21],"product_tag":[],"class_list":{"0":"post-97998","1":"product","2":"type-product","3":"status-publish","4":"has-post-thumbnail","6":"product_cat-relato","8":"first","9":"instock","10":"product-type-simple"},"acf":{"autor":[76532],"enlace_de_compra":"https:\/\/amzn.to\/3AlALTM"},"yoast_head":"<!-- This site is optimized with the Yoast SEO plugin v27.4 - https:\/\/yoast.com\/product\/yoast-seo-wordpress\/ -->\n<title>Perlas de Isla Encanta - Catalogo | Letrame Grupo Editorial<\/title>\n<meta name=\"robots\" content=\"index, follow, max-snippet:-1, max-image-preview:large, max-video-preview:-1\" \/>\n<link rel=\"canonical\" href=\"https:\/\/letrame.com\/catalogo\/producto\/perlas-de-isla-encanta\/\" \/>\n<meta property=\"og:locale\" content=\"es_ES\" \/>\n<meta property=\"og:type\" content=\"article\" \/>\n<meta property=\"og:title\" content=\"Perlas de Isla Encanta - Catalogo | Letrame Grupo Editorial\" \/>\n<meta property=\"og:description\" content=\"ISBN: 978-84-1144-025-7  SINOPSIS  Un hombre conduce hasta su cala favorita para pescar sin saber que ese d\u00eda la presa ser\u00e1 \u00e9l. A otro se le acusa del asesinato de dos adolescentes, aunque es incapaz de matar a una mosca. Tres hermanos velan a su madre y al mismo tiempo airean los trapos sucios de la familia. Un atol\u00f3n poblado por extra\u00f1as bestias aparece y desaparece por arte de magia. Un ni\u00f1o espera el regreso de su madre para jugar con ella. Un asesino profesional la l\u00eda parda. Una mujer planea el asesinato de su marido mientras se pregunta en qu\u00e9 momento su vida se torci\u00f3.  En todo caso este volumen \u2014que puede leerse como una novela\u2014 no te har\u00e1 olvidar qui\u00e9nes son sus protagonistas principales: Isla Encanta y el resto de islotes y el Continente que orbitan a su alrededor.\" \/>\n<meta property=\"og:url\" content=\"https:\/\/letrame.com\/catalogo\/producto\/perlas-de-isla-encanta\/\" \/>\n<meta property=\"og:site_name\" content=\"Catalogo | Letrame Grupo Editorial\" \/>\n<meta property=\"article:modified_time\" content=\"2024-08-12T11:57:04+00:00\" \/>\n<meta property=\"og:image\" content=\"https:\/\/letrame.com\/catalogo\/wp-content\/uploads\/2024\/04\/redportada_perlasdeislaencantada_1555mm.jpg\" \/>\n\t<meta property=\"og:image:width\" content=\"601\" \/>\n\t<meta property=\"og:image:height\" content=\"881\" \/>\n\t<meta property=\"og:image:type\" content=\"image\/jpeg\" \/>\n<meta name=\"twitter:card\" content=\"summary_large_image\" \/>\n<meta name=\"twitter:label1\" content=\"Tiempo de lectura\" \/>\n\t<meta name=\"twitter:data1\" content=\"1 minuto\" \/>\n<script type=\"application\/ld+json\" class=\"yoast-schema-graph\">{\"@context\":\"https:\\\/\\\/schema.org\",\"@graph\":[{\"@type\":\"WebPage\",\"@id\":\"https:\\\/\\\/letrame.com\\\/catalogo\\\/producto\\\/perlas-de-isla-encanta\\\/\",\"url\":\"https:\\\/\\\/letrame.com\\\/catalogo\\\/producto\\\/perlas-de-isla-encanta\\\/\",\"name\":\"Perlas de Isla Encanta - Catalogo | Letrame Grupo Editorial\",\"isPartOf\":{\"@id\":\"https:\\\/\\\/letrame.com\\\/catalogo\\\/#website\"},\"primaryImageOfPage\":{\"@id\":\"https:\\\/\\\/letrame.com\\\/catalogo\\\/producto\\\/perlas-de-isla-encanta\\\/#primaryimage\"},\"image\":{\"@id\":\"https:\\\/\\\/letrame.com\\\/catalogo\\\/producto\\\/perlas-de-isla-encanta\\\/#primaryimage\"},\"thumbnailUrl\":\"https:\\\/\\\/letrame.com\\\/catalogo\\\/wp-content\\\/uploads\\\/2024\\\/04\\\/redportada_perlasdeislaencantada_1555mm.jpg\",\"datePublished\":\"2024-04-29T12:42:35+00:00\",\"dateModified\":\"2024-08-12T11:57:04+00:00\",\"breadcrumb\":{\"@id\":\"https:\\\/\\\/letrame.com\\\/catalogo\\\/producto\\\/perlas-de-isla-encanta\\\/#breadcrumb\"},\"inLanguage\":\"es\",\"potentialAction\":[{\"@type\":\"ReadAction\",\"target\":[\"https:\\\/\\\/letrame.com\\\/catalogo\\\/producto\\\/perlas-de-isla-encanta\\\/\"]}]},{\"@type\":\"ImageObject\",\"inLanguage\":\"es\",\"@id\":\"https:\\\/\\\/letrame.com\\\/catalogo\\\/producto\\\/perlas-de-isla-encanta\\\/#primaryimage\",\"url\":\"https:\\\/\\\/letrame.com\\\/catalogo\\\/wp-content\\\/uploads\\\/2024\\\/04\\\/redportada_perlasdeislaencantada_1555mm.jpg\",\"contentUrl\":\"https:\\\/\\\/letrame.com\\\/catalogo\\\/wp-content\\\/uploads\\\/2024\\\/04\\\/redportada_perlasdeislaencantada_1555mm.jpg\",\"width\":601,\"height\":881},{\"@type\":\"BreadcrumbList\",\"@id\":\"https:\\\/\\\/letrame.com\\\/catalogo\\\/producto\\\/perlas-de-isla-encanta\\\/#breadcrumb\",\"itemListElement\":[{\"@type\":\"ListItem\",\"position\":1,\"name\":\"Portada\",\"item\":\"https:\\\/\\\/letrame.com\\\/catalogo\\\/\"},{\"@type\":\"ListItem\",\"position\":2,\"name\":\"Cat\u00e1logo\",\"item\":\"https:\\\/\\\/letrame.com\\\/catalogo\\\/\"},{\"@type\":\"ListItem\",\"position\":3,\"name\":\"Perlas de Isla Encanta\"}]},{\"@type\":\"WebSite\",\"@id\":\"https:\\\/\\\/letrame.com\\\/catalogo\\\/#website\",\"url\":\"https:\\\/\\\/letrame.com\\\/catalogo\\\/\",\"name\":\"Catalogo | Letrame Grupo Editorial\",\"description\":\"\",\"publisher\":{\"@id\":\"https:\\\/\\\/letrame.com\\\/catalogo\\\/#organization\"},\"potentialAction\":[{\"@type\":\"SearchAction\",\"target\":{\"@type\":\"EntryPoint\",\"urlTemplate\":\"https:\\\/\\\/letrame.com\\\/catalogo\\\/?s={search_term_string}\"},\"query-input\":{\"@type\":\"PropertyValueSpecification\",\"valueRequired\":true,\"valueName\":\"search_term_string\"}}],\"inLanguage\":\"es\"},{\"@type\":\"Organization\",\"@id\":\"https:\\\/\\\/letrame.com\\\/catalogo\\\/#organization\",\"name\":\"Catalogo | Letrame Grupo Editorial\",\"url\":\"https:\\\/\\\/letrame.com\\\/catalogo\\\/\",\"logo\":{\"@type\":\"ImageObject\",\"inLanguage\":\"es\",\"@id\":\"https:\\\/\\\/letrame.com\\\/catalogo\\\/#\\\/schema\\\/logo\\\/image\\\/\",\"url\":\"https:\\\/\\\/letrame.com\\\/catalogo\\\/wp-content\\\/uploads\\\/2024\\\/03\\\/logo2.webp\",\"contentUrl\":\"https:\\\/\\\/letrame.com\\\/catalogo\\\/wp-content\\\/uploads\\\/2024\\\/03\\\/logo2.webp\",\"width\":394,\"height\":128,\"caption\":\"Catalogo | Letrame Grupo Editorial\"},\"image\":{\"@id\":\"https:\\\/\\\/letrame.com\\\/catalogo\\\/#\\\/schema\\\/logo\\\/image\\\/\"}}]}<\/script>\n<!-- \/ Yoast SEO plugin. -->","yoast_head_json":{"title":"Perlas de Isla Encanta - Catalogo | Letrame Grupo Editorial","robots":{"index":"index","follow":"follow","max-snippet":"max-snippet:-1","max-image-preview":"max-image-preview:large","max-video-preview":"max-video-preview:-1"},"canonical":"https:\/\/letrame.com\/catalogo\/producto\/perlas-de-isla-encanta\/","og_locale":"es_ES","og_type":"article","og_title":"Perlas de Isla Encanta - Catalogo | Letrame Grupo Editorial","og_description":"ISBN: 978-84-1144-025-7  SINOPSIS  Un hombre conduce hasta su cala favorita para pescar sin saber que ese d\u00eda la presa ser\u00e1 \u00e9l. A otro se le acusa del asesinato de dos adolescentes, aunque es incapaz de matar a una mosca. Tres hermanos velan a su madre y al mismo tiempo airean los trapos sucios de la familia. Un atol\u00f3n poblado por extra\u00f1as bestias aparece y desaparece por arte de magia. Un ni\u00f1o espera el regreso de su madre para jugar con ella. Un asesino profesional la l\u00eda parda. Una mujer planea el asesinato de su marido mientras se pregunta en qu\u00e9 momento su vida se torci\u00f3.  En todo caso este volumen \u2014que puede leerse como una novela\u2014 no te har\u00e1 olvidar qui\u00e9nes son sus protagonistas principales: Isla Encanta y el resto de islotes y el Continente que orbitan a su alrededor.","og_url":"https:\/\/letrame.com\/catalogo\/producto\/perlas-de-isla-encanta\/","og_site_name":"Catalogo | Letrame Grupo Editorial","article_modified_time":"2024-08-12T11:57:04+00:00","og_image":[{"width":601,"height":881,"url":"https:\/\/letrame.com\/catalogo\/wp-content\/uploads\/2024\/04\/redportada_perlasdeislaencantada_1555mm.jpg","type":"image\/jpeg"}],"twitter_card":"summary_large_image","twitter_misc":{"Tiempo de lectura":"1 minuto"},"schema":{"@context":"https:\/\/schema.org","@graph":[{"@type":"WebPage","@id":"https:\/\/letrame.com\/catalogo\/producto\/perlas-de-isla-encanta\/","url":"https:\/\/letrame.com\/catalogo\/producto\/perlas-de-isla-encanta\/","name":"Perlas de Isla Encanta - Catalogo | Letrame Grupo Editorial","isPartOf":{"@id":"https:\/\/letrame.com\/catalogo\/#website"},"primaryImageOfPage":{"@id":"https:\/\/letrame.com\/catalogo\/producto\/perlas-de-isla-encanta\/#primaryimage"},"image":{"@id":"https:\/\/letrame.com\/catalogo\/producto\/perlas-de-isla-encanta\/#primaryimage"},"thumbnailUrl":"https:\/\/letrame.com\/catalogo\/wp-content\/uploads\/2024\/04\/redportada_perlasdeislaencantada_1555mm.jpg","datePublished":"2024-04-29T12:42:35+00:00","dateModified":"2024-08-12T11:57:04+00:00","breadcrumb":{"@id":"https:\/\/letrame.com\/catalogo\/producto\/perlas-de-isla-encanta\/#breadcrumb"},"inLanguage":"es","potentialAction":[{"@type":"ReadAction","target":["https:\/\/letrame.com\/catalogo\/producto\/perlas-de-isla-encanta\/"]}]},{"@type":"ImageObject","inLanguage":"es","@id":"https:\/\/letrame.com\/catalogo\/producto\/perlas-de-isla-encanta\/#primaryimage","url":"https:\/\/letrame.com\/catalogo\/wp-content\/uploads\/2024\/04\/redportada_perlasdeislaencantada_1555mm.jpg","contentUrl":"https:\/\/letrame.com\/catalogo\/wp-content\/uploads\/2024\/04\/redportada_perlasdeislaencantada_1555mm.jpg","width":601,"height":881},{"@type":"BreadcrumbList","@id":"https:\/\/letrame.com\/catalogo\/producto\/perlas-de-isla-encanta\/#breadcrumb","itemListElement":[{"@type":"ListItem","position":1,"name":"Portada","item":"https:\/\/letrame.com\/catalogo\/"},{"@type":"ListItem","position":2,"name":"Cat\u00e1logo","item":"https:\/\/letrame.com\/catalogo\/"},{"@type":"ListItem","position":3,"name":"Perlas de Isla Encanta"}]},{"@type":"WebSite","@id":"https:\/\/letrame.com\/catalogo\/#website","url":"https:\/\/letrame.com\/catalogo\/","name":"Catalogo | Letrame Grupo Editorial","description":"","publisher":{"@id":"https:\/\/letrame.com\/catalogo\/#organization"},"potentialAction":[{"@type":"SearchAction","target":{"@type":"EntryPoint","urlTemplate":"https:\/\/letrame.com\/catalogo\/?s={search_term_string}"},"query-input":{"@type":"PropertyValueSpecification","valueRequired":true,"valueName":"search_term_string"}}],"inLanguage":"es"},{"@type":"Organization","@id":"https:\/\/letrame.com\/catalogo\/#organization","name":"Catalogo | Letrame Grupo Editorial","url":"https:\/\/letrame.com\/catalogo\/","logo":{"@type":"ImageObject","inLanguage":"es","@id":"https:\/\/letrame.com\/catalogo\/#\/schema\/logo\/image\/","url":"https:\/\/letrame.com\/catalogo\/wp-content\/uploads\/2024\/03\/logo2.webp","contentUrl":"https:\/\/letrame.com\/catalogo\/wp-content\/uploads\/2024\/03\/logo2.webp","width":394,"height":128,"caption":"Catalogo | Letrame Grupo Editorial"},"image":{"@id":"https:\/\/letrame.com\/catalogo\/#\/schema\/logo\/image\/"}}]}},"_links":{"self":[{"href":"https:\/\/letrame.com\/catalogo\/wp-json\/wp\/v2\/product\/97998","targetHints":{"allow":["GET"]}}],"collection":[{"href":"https:\/\/letrame.com\/catalogo\/wp-json\/wp\/v2\/product"}],"about":[{"href":"https:\/\/letrame.com\/catalogo\/wp-json\/wp\/v2\/types\/product"}],"replies":[{"embeddable":true,"href":"https:\/\/letrame.com\/catalogo\/wp-json\/wp\/v2\/comments?post=97998"}],"acf:post":[{"embeddable":true,"href":"https:\/\/letrame.com\/catalogo\/wp-json\/wp\/v2\/author_book\/76532"}],"wp:featuredmedia":[{"embeddable":true,"href":"https:\/\/letrame.com\/catalogo\/wp-json\/wp\/v2\/media\/97999"}],"wp:attachment":[{"href":"https:\/\/letrame.com\/catalogo\/wp-json\/wp\/v2\/media?parent=97998"}],"wp:term":[{"taxonomy":"libro","embeddable":true,"href":"https:\/\/letrame.com\/catalogo\/wp-json\/wp\/v2\/libro?post=97998"},{"taxonomy":"product_brand","embeddable":true,"href":"https:\/\/letrame.com\/catalogo\/wp-json\/wp\/v2\/product_brand?post=97998"},{"taxonomy":"product_cat","embeddable":true,"href":"https:\/\/letrame.com\/catalogo\/wp-json\/wp\/v2\/product_cat?post=97998"},{"taxonomy":"product_tag","embeddable":true,"href":"https:\/\/letrame.com\/catalogo\/wp-json\/wp\/v2\/product_tag?post=97998"}],"curies":[{"name":"wp","href":"https:\/\/api.w.org\/{rel}","templated":true}]}}