{"id":97996,"date":"2024-04-29T14:42:09","date_gmt":"2024-04-29T12:42:09","guid":{"rendered":"https:\/\/letrame.com\/catalogo\/producto\/obsesion-2\/"},"modified":"2024-04-29T14:42:23","modified_gmt":"2024-04-29T12:42:23","slug":"obsesion-2","status":"publish","type":"product","link":"https:\/\/letrame.com\/catalogo\/producto\/obsesion-2\/","title":{"rendered":"Obsesi\u00f3n"},"content":{"rendered":"<p><strong>ISBN<\/strong>: 978-84-1144-035-6<\/p>\n<p><strong>T\u00edtulo<\/strong>: Obsesi\u00f3n<br \/>\n<strong>Fecha<\/strong>: 2022<br \/>\n<strong>P\u00e1ginas<\/strong>: 354<\/p>\n<p><strong>SINOPSIS<\/strong><\/p>\n<p>Thomas Russell estaba obsesionado por aquella ni\u00f1a que hab\u00eda conocido a\u00f1os atr\u00e1s y ahora convertida en mujer, llamada Rachel Scott. La deseaba y no iba a descansar hasta que fuese completamente suya, invit\u00e1ndola a su mundo de perdici\u00f3n, sin importarle el da\u00f1o que pudiese hacerle mientras consegu\u00eda lo que quer\u00eda de ella.<\/p>\n<p>Rachel Scott estaba fascinada por ese hombre misterioso tan diferente a ella que acababa de conocer. Se hab\u00eda enamorado hasta la locura, sin medir las consecuencias de lo que estaba haciendo al dejarse seducir por alguien como \u00e9l.<\/p>\n<p>Su obsesi\u00f3n por estar juntos fue creciendo, hasta que ninguno de los dos pudo resistirse, rindi\u00e9ndose el uno por el otro, pero \u00bfqu\u00e9 pasar\u00eda si de la noche a la ma\u00f1ana, nada es lo que parece y te das cuenta de que toda tu perfecta y ordenada vida, era simplemente una mentira? Ella lo supo demasiado tarde, cuando \u00e9l, su verdugo y a la vez su protector, le hab\u00eda contado el oscuro secreto que guardaba, el que atormentar\u00eda sus vidas para siempre.<\/p>\n<p>&nbsp;<\/p>\n","protected":false},"excerpt":{"rendered":"<p><strong>ISBN<\/strong>: 978-84-1144-035-6<\/p>\n<p><strong>SINOPSIS<\/strong><\/p>\n<p>Thomas Russell estaba obsesionado por aquella ni\u00f1a que hab\u00eda conocido a\u00f1os atr\u00e1s y ahora convertida en mujer, llamada Rachel Scott. La deseaba y no iba a descansar hasta que fuese completamente suya, invit\u00e1ndola a su mundo de perdici\u00f3n, sin importarle el da\u00f1o que pudiese hacerle mientras consegu\u00eda lo que quer\u00eda de ella.<\/p>\n<p>Rachel Scott estaba fascinada por ese hombre misterioso tan diferente a ella que acababa de conocer. Se hab\u00eda enamorado hasta la locura, sin medir las consecuencias de lo que estaba haciendo al dejarse seducir por alguien como \u00e9l.<\/p>\n<p>Su obsesi\u00f3n por estar juntos fue creciendo, hasta que ninguno de los dos pudo resistirse, rindi\u00e9ndose el uno por el otro, pero \u00bfqu\u00e9 pasar\u00eda si de la noche a la ma\u00f1ana, nada es lo que parece y te das cuenta de que toda tu perfecta y ordenada vida, era simplemente una mentira? Ella lo supo demasiado tarde, cuando \u00e9l, su verdugo y a la vez su protector, le hab\u00eda contado el oscuro secreto que guardaba, el que atormentar\u00eda sus vidas para siempre.<\/p>\n<p>&nbsp;<\/p>\n","protected":false},"featured_media":97997,"comment_status":"closed","ping_status":"open","template":"","meta":{"_acf_changed":false},"libro":[],"product_brand":[],"product_cat":[26],"product_tag":[],"class_list":{"0":"post-97996","1":"product","2":"type-product","3":"status-publish","4":"has-post-thumbnail","6":"product_cat-sin-categoria","8":"first","9":"instock","10":"product-type-simple"},"acf":{"autor":[75728],"enlace_de_compra":""},"yoast_head":"<!-- This site is optimized with the Yoast SEO plugin v27.4 - https:\/\/yoast.com\/product\/yoast-seo-wordpress\/ -->\n<title>Obsesi\u00f3n - Catalogo | Letrame Grupo Editorial<\/title>\n<meta name=\"robots\" content=\"index, follow, max-snippet:-1, max-image-preview:large, max-video-preview:-1\" \/>\n<link rel=\"canonical\" href=\"https:\/\/letrame.com\/catalogo\/producto\/obsesion-2\/\" \/>\n<meta property=\"og:locale\" content=\"es_ES\" \/>\n<meta property=\"og:type\" content=\"article\" \/>\n<meta property=\"og:title\" content=\"Obsesi\u00f3n - Catalogo | Letrame Grupo Editorial\" \/>\n<meta property=\"og:description\" content=\"ISBN: 978-84-1144-035-6 SINOPSIS Thomas Russell estaba obsesionado por aquella ni\u00f1a que hab\u00eda conocido a\u00f1os atr\u00e1s y ahora convertida en mujer, llamada Rachel Scott. La deseaba y no iba a descansar hasta que fuese completamente suya, invit\u00e1ndola a su mundo de perdici\u00f3n, sin importarle el da\u00f1o que pudiese hacerle mientras consegu\u00eda lo que quer\u00eda de ella. Rachel Scott estaba fascinada por ese hombre misterioso tan diferente a ella que acababa de conocer. Se hab\u00eda enamorado hasta la locura, sin medir las consecuencias de lo que estaba haciendo al dejarse seducir por alguien como \u00e9l. Su obsesi\u00f3n por estar juntos fue creciendo, hasta que ninguno de los dos pudo resistirse, rindi\u00e9ndose el uno por el otro, pero \u00bfqu\u00e9 pasar\u00eda si de la noche a la ma\u00f1ana, nada es lo que parece y te das cuenta de que toda tu perfecta y ordenada vida, era simplemente una mentira? Ella lo supo demasiado tarde, cuando \u00e9l, su verdugo y a la vez su protector, le hab\u00eda contado el oscuro secreto que guardaba, el que atormentar\u00eda sus vidas para siempre. &nbsp;\" \/>\n<meta property=\"og:url\" content=\"https:\/\/letrame.com\/catalogo\/producto\/obsesion-2\/\" \/>\n<meta property=\"og:site_name\" content=\"Catalogo | Letrame Grupo Editorial\" \/>\n<meta property=\"article:modified_time\" content=\"2024-04-29T12:42:23+00:00\" \/>\n<meta property=\"og:image\" content=\"https:\/\/letrame.com\/catalogo\/wp-content\/uploads\/2024\/04\/redportada_obesison_174mm.jpg\" \/>\n\t<meta property=\"og:image:width\" content=\"601\" \/>\n\t<meta property=\"og:image:height\" content=\"881\" \/>\n\t<meta property=\"og:image:type\" content=\"image\/jpeg\" \/>\n<meta name=\"twitter:card\" content=\"summary_large_image\" \/>\n<meta name=\"twitter:label1\" content=\"Tiempo de lectura\" \/>\n\t<meta name=\"twitter:data1\" content=\"1 minuto\" \/>\n<script type=\"application\/ld+json\" class=\"yoast-schema-graph\">{\"@context\":\"https:\\\/\\\/schema.org\",\"@graph\":[{\"@type\":\"WebPage\",\"@id\":\"https:\\\/\\\/letrame.com\\\/catalogo\\\/producto\\\/obsesion-2\\\/\",\"url\":\"https:\\\/\\\/letrame.com\\\/catalogo\\\/producto\\\/obsesion-2\\\/\",\"name\":\"Obsesi\u00f3n - Catalogo | Letrame Grupo Editorial\",\"isPartOf\":{\"@id\":\"https:\\\/\\\/letrame.com\\\/catalogo\\\/#website\"},\"primaryImageOfPage\":{\"@id\":\"https:\\\/\\\/letrame.com\\\/catalogo\\\/producto\\\/obsesion-2\\\/#primaryimage\"},\"image\":{\"@id\":\"https:\\\/\\\/letrame.com\\\/catalogo\\\/producto\\\/obsesion-2\\\/#primaryimage\"},\"thumbnailUrl\":\"https:\\\/\\\/letrame.com\\\/catalogo\\\/wp-content\\\/uploads\\\/2024\\\/04\\\/redportada_obesison_174mm.jpg\",\"datePublished\":\"2024-04-29T12:42:09+00:00\",\"dateModified\":\"2024-04-29T12:42:23+00:00\",\"breadcrumb\":{\"@id\":\"https:\\\/\\\/letrame.com\\\/catalogo\\\/producto\\\/obsesion-2\\\/#breadcrumb\"},\"inLanguage\":\"es\",\"potentialAction\":[{\"@type\":\"ReadAction\",\"target\":[\"https:\\\/\\\/letrame.com\\\/catalogo\\\/producto\\\/obsesion-2\\\/\"]}]},{\"@type\":\"ImageObject\",\"inLanguage\":\"es\",\"@id\":\"https:\\\/\\\/letrame.com\\\/catalogo\\\/producto\\\/obsesion-2\\\/#primaryimage\",\"url\":\"https:\\\/\\\/letrame.com\\\/catalogo\\\/wp-content\\\/uploads\\\/2024\\\/04\\\/redportada_obesison_174mm.jpg\",\"contentUrl\":\"https:\\\/\\\/letrame.com\\\/catalogo\\\/wp-content\\\/uploads\\\/2024\\\/04\\\/redportada_obesison_174mm.jpg\",\"width\":601,\"height\":881},{\"@type\":\"BreadcrumbList\",\"@id\":\"https:\\\/\\\/letrame.com\\\/catalogo\\\/producto\\\/obsesion-2\\\/#breadcrumb\",\"itemListElement\":[{\"@type\":\"ListItem\",\"position\":1,\"name\":\"Portada\",\"item\":\"https:\\\/\\\/letrame.com\\\/catalogo\\\/\"},{\"@type\":\"ListItem\",\"position\":2,\"name\":\"Cat\u00e1logo\",\"item\":\"https:\\\/\\\/letrame.com\\\/catalogo\\\/\"},{\"@type\":\"ListItem\",\"position\":3,\"name\":\"Obsesi\u00f3n\"}]},{\"@type\":\"WebSite\",\"@id\":\"https:\\\/\\\/letrame.com\\\/catalogo\\\/#website\",\"url\":\"https:\\\/\\\/letrame.com\\\/catalogo\\\/\",\"name\":\"Catalogo | Letrame Grupo Editorial\",\"description\":\"\",\"publisher\":{\"@id\":\"https:\\\/\\\/letrame.com\\\/catalogo\\\/#organization\"},\"potentialAction\":[{\"@type\":\"SearchAction\",\"target\":{\"@type\":\"EntryPoint\",\"urlTemplate\":\"https:\\\/\\\/letrame.com\\\/catalogo\\\/?s={search_term_string}\"},\"query-input\":{\"@type\":\"PropertyValueSpecification\",\"valueRequired\":true,\"valueName\":\"search_term_string\"}}],\"inLanguage\":\"es\"},{\"@type\":\"Organization\",\"@id\":\"https:\\\/\\\/letrame.com\\\/catalogo\\\/#organization\",\"name\":\"Catalogo | Letrame Grupo Editorial\",\"url\":\"https:\\\/\\\/letrame.com\\\/catalogo\\\/\",\"logo\":{\"@type\":\"ImageObject\",\"inLanguage\":\"es\",\"@id\":\"https:\\\/\\\/letrame.com\\\/catalogo\\\/#\\\/schema\\\/logo\\\/image\\\/\",\"url\":\"https:\\\/\\\/letrame.com\\\/catalogo\\\/wp-content\\\/uploads\\\/2024\\\/03\\\/logo2.webp\",\"contentUrl\":\"https:\\\/\\\/letrame.com\\\/catalogo\\\/wp-content\\\/uploads\\\/2024\\\/03\\\/logo2.webp\",\"width\":394,\"height\":128,\"caption\":\"Catalogo | Letrame Grupo Editorial\"},\"image\":{\"@id\":\"https:\\\/\\\/letrame.com\\\/catalogo\\\/#\\\/schema\\\/logo\\\/image\\\/\"}}]}<\/script>\n<!-- \/ Yoast SEO plugin. -->","yoast_head_json":{"title":"Obsesi\u00f3n - Catalogo | Letrame Grupo Editorial","robots":{"index":"index","follow":"follow","max-snippet":"max-snippet:-1","max-image-preview":"max-image-preview:large","max-video-preview":"max-video-preview:-1"},"canonical":"https:\/\/letrame.com\/catalogo\/producto\/obsesion-2\/","og_locale":"es_ES","og_type":"article","og_title":"Obsesi\u00f3n - Catalogo | Letrame Grupo Editorial","og_description":"ISBN: 978-84-1144-035-6 SINOPSIS Thomas Russell estaba obsesionado por aquella ni\u00f1a que hab\u00eda conocido a\u00f1os atr\u00e1s y ahora convertida en mujer, llamada Rachel Scott. La deseaba y no iba a descansar hasta que fuese completamente suya, invit\u00e1ndola a su mundo de perdici\u00f3n, sin importarle el da\u00f1o que pudiese hacerle mientras consegu\u00eda lo que quer\u00eda de ella. Rachel Scott estaba fascinada por ese hombre misterioso tan diferente a ella que acababa de conocer. Se hab\u00eda enamorado hasta la locura, sin medir las consecuencias de lo que estaba haciendo al dejarse seducir por alguien como \u00e9l. Su obsesi\u00f3n por estar juntos fue creciendo, hasta que ninguno de los dos pudo resistirse, rindi\u00e9ndose el uno por el otro, pero \u00bfqu\u00e9 pasar\u00eda si de la noche a la ma\u00f1ana, nada es lo que parece y te das cuenta de que toda tu perfecta y ordenada vida, era simplemente una mentira? Ella lo supo demasiado tarde, cuando \u00e9l, su verdugo y a la vez su protector, le hab\u00eda contado el oscuro secreto que guardaba, el que atormentar\u00eda sus vidas para siempre. &nbsp;","og_url":"https:\/\/letrame.com\/catalogo\/producto\/obsesion-2\/","og_site_name":"Catalogo | Letrame Grupo Editorial","article_modified_time":"2024-04-29T12:42:23+00:00","og_image":[{"width":601,"height":881,"url":"https:\/\/letrame.com\/catalogo\/wp-content\/uploads\/2024\/04\/redportada_obesison_174mm.jpg","type":"image\/jpeg"}],"twitter_card":"summary_large_image","twitter_misc":{"Tiempo de lectura":"1 minuto"},"schema":{"@context":"https:\/\/schema.org","@graph":[{"@type":"WebPage","@id":"https:\/\/letrame.com\/catalogo\/producto\/obsesion-2\/","url":"https:\/\/letrame.com\/catalogo\/producto\/obsesion-2\/","name":"Obsesi\u00f3n - Catalogo | Letrame Grupo Editorial","isPartOf":{"@id":"https:\/\/letrame.com\/catalogo\/#website"},"primaryImageOfPage":{"@id":"https:\/\/letrame.com\/catalogo\/producto\/obsesion-2\/#primaryimage"},"image":{"@id":"https:\/\/letrame.com\/catalogo\/producto\/obsesion-2\/#primaryimage"},"thumbnailUrl":"https:\/\/letrame.com\/catalogo\/wp-content\/uploads\/2024\/04\/redportada_obesison_174mm.jpg","datePublished":"2024-04-29T12:42:09+00:00","dateModified":"2024-04-29T12:42:23+00:00","breadcrumb":{"@id":"https:\/\/letrame.com\/catalogo\/producto\/obsesion-2\/#breadcrumb"},"inLanguage":"es","potentialAction":[{"@type":"ReadAction","target":["https:\/\/letrame.com\/catalogo\/producto\/obsesion-2\/"]}]},{"@type":"ImageObject","inLanguage":"es","@id":"https:\/\/letrame.com\/catalogo\/producto\/obsesion-2\/#primaryimage","url":"https:\/\/letrame.com\/catalogo\/wp-content\/uploads\/2024\/04\/redportada_obesison_174mm.jpg","contentUrl":"https:\/\/letrame.com\/catalogo\/wp-content\/uploads\/2024\/04\/redportada_obesison_174mm.jpg","width":601,"height":881},{"@type":"BreadcrumbList","@id":"https:\/\/letrame.com\/catalogo\/producto\/obsesion-2\/#breadcrumb","itemListElement":[{"@type":"ListItem","position":1,"name":"Portada","item":"https:\/\/letrame.com\/catalogo\/"},{"@type":"ListItem","position":2,"name":"Cat\u00e1logo","item":"https:\/\/letrame.com\/catalogo\/"},{"@type":"ListItem","position":3,"name":"Obsesi\u00f3n"}]},{"@type":"WebSite","@id":"https:\/\/letrame.com\/catalogo\/#website","url":"https:\/\/letrame.com\/catalogo\/","name":"Catalogo | Letrame Grupo Editorial","description":"","publisher":{"@id":"https:\/\/letrame.com\/catalogo\/#organization"},"potentialAction":[{"@type":"SearchAction","target":{"@type":"EntryPoint","urlTemplate":"https:\/\/letrame.com\/catalogo\/?s={search_term_string}"},"query-input":{"@type":"PropertyValueSpecification","valueRequired":true,"valueName":"search_term_string"}}],"inLanguage":"es"},{"@type":"Organization","@id":"https:\/\/letrame.com\/catalogo\/#organization","name":"Catalogo | Letrame Grupo Editorial","url":"https:\/\/letrame.com\/catalogo\/","logo":{"@type":"ImageObject","inLanguage":"es","@id":"https:\/\/letrame.com\/catalogo\/#\/schema\/logo\/image\/","url":"https:\/\/letrame.com\/catalogo\/wp-content\/uploads\/2024\/03\/logo2.webp","contentUrl":"https:\/\/letrame.com\/catalogo\/wp-content\/uploads\/2024\/03\/logo2.webp","width":394,"height":128,"caption":"Catalogo | Letrame Grupo Editorial"},"image":{"@id":"https:\/\/letrame.com\/catalogo\/#\/schema\/logo\/image\/"}}]}},"_links":{"self":[{"href":"https:\/\/letrame.com\/catalogo\/wp-json\/wp\/v2\/product\/97996","targetHints":{"allow":["GET"]}}],"collection":[{"href":"https:\/\/letrame.com\/catalogo\/wp-json\/wp\/v2\/product"}],"about":[{"href":"https:\/\/letrame.com\/catalogo\/wp-json\/wp\/v2\/types\/product"}],"replies":[{"embeddable":true,"href":"https:\/\/letrame.com\/catalogo\/wp-json\/wp\/v2\/comments?post=97996"}],"acf:post":[{"embeddable":true,"href":"https:\/\/letrame.com\/catalogo\/wp-json\/wp\/v2\/author_book\/75728"}],"wp:featuredmedia":[{"embeddable":true,"href":"https:\/\/letrame.com\/catalogo\/wp-json\/wp\/v2\/media\/97997"}],"wp:attachment":[{"href":"https:\/\/letrame.com\/catalogo\/wp-json\/wp\/v2\/media?parent=97996"}],"wp:term":[{"taxonomy":"libro","embeddable":true,"href":"https:\/\/letrame.com\/catalogo\/wp-json\/wp\/v2\/libro?post=97996"},{"taxonomy":"product_brand","embeddable":true,"href":"https:\/\/letrame.com\/catalogo\/wp-json\/wp\/v2\/product_brand?post=97996"},{"taxonomy":"product_cat","embeddable":true,"href":"https:\/\/letrame.com\/catalogo\/wp-json\/wp\/v2\/product_cat?post=97996"},{"taxonomy":"product_tag","embeddable":true,"href":"https:\/\/letrame.com\/catalogo\/wp-json\/wp\/v2\/product_tag?post=97996"}],"curies":[{"name":"wp","href":"https:\/\/api.w.org\/{rel}","templated":true}]}}