{"id":97992,"date":"2024-04-29T14:42:09","date_gmt":"2024-04-29T12:42:09","guid":{"rendered":"https:\/\/letrame.com\/catalogo\/producto\/nitsu\/"},"modified":"2024-04-29T14:42:09","modified_gmt":"2024-04-29T12:42:09","slug":"nitsu","status":"publish","type":"product","link":"https:\/\/letrame.com\/catalogo\/producto\/nitsu\/","title":{"rendered":"Nitsu"},"content":{"rendered":"<p><strong>ISBN<\/strong>: 978-84-1144-026-4<\/p>\n<p><strong>T\u00edtulo<\/strong>: <span data-sheets-value=\"{&quot;1&quot;:2,&quot;2&quot;:&quot;Nitsu&quot;}\" data-sheets-userformat=\"{&quot;2&quot;:579,&quot;3&quot;:{&quot;1&quot;:0},&quot;4&quot;:{&quot;1&quot;:2,&quot;2&quot;:14281427},&quot;9&quot;:1,&quot;12&quot;:0}\">Nitsu<\/span><br \/>\n<strong>Fecha<\/strong>: 2022<br \/>\n<strong>P\u00e1ginas<\/strong>: 270<\/p>\n<p><strong>SINOPSIS<\/strong><\/p>\n<p>Nitsu, el Pr\u00edncipe heredero al trono de Koba, recibe dones, entre otros, un coraz\u00f3n de fuego. Su entrenamiento en Harlag le dar\u00e1 valiosos conocimientos como escuchar al silencio, reconocer que solo nos integramos a la Gran Magia que nos cre\u00f3 solo cuando cumplimos nuestro destino, recorrer el camino sin dudas, hallar las respuestas del futuro en el pasado, escuchar la conciencia y establecer la coherencia entre pensamiento, palabra y acci\u00f3n.<\/p>\n<p>Cuando Nitsu enfrentar\u00e1 la guerra para restituir la armon\u00eda del mundo, asume que el equilibrio evita que la pasi\u00f3n nos domine, el conocimiento nos lleva a descubrir los secretos del universo y el balance permite que todo fluya. Est\u00e1 listo para el combate.<\/p>\n<p>El pr\u00edncipe de los tiempos se\u00a0involucrar\u00e1\u00a0en una lucha ardua en la que en medio de traiciones, pactos rotos, ambici\u00f3n y miedo, solo la fe lo conducir\u00e1 a restablecer la paz.<\/p>\n","protected":false},"excerpt":{"rendered":"<p><strong>ISBN<\/strong>: 978-84-1144-026-4<\/p>\n<p><strong>SINOPSIS<\/strong><\/p>\n<p>Nitsu, el Pr\u00edncipe heredero al trono de Koba, recibe dones, entre otros, un coraz\u00f3n de fuego. Su entrenamiento en Harlag le dar\u00e1 valiosos conocimientos como escuchar al silencio, reconocer que solo nos integramos a la Gran Magia que nos cre\u00f3 solo cuando cumplimos nuestro destino, recorrer el camino sin dudas, hallar las respuestas del futuro en el pasado, escuchar la conciencia y establecer la coherencia entre pensamiento, palabra y acci\u00f3n.<\/p>\n<p>Cuando Nitsu enfrentar\u00e1 la guerra para restituir la armon\u00eda del mundo, asume que el equilibrio evita que la pasi\u00f3n nos domine, el conocimiento nos lleva a descubrir los secretos del universo y el balance permite que todo fluya. Est\u00e1 listo para el combate.<\/p>\n<p>El pr\u00edncipe de los tiempos se\u00a0involucrar\u00e1\u00a0en una lucha ardua en la que en medio de traiciones, pactos rotos, ambici\u00f3n y miedo, solo la fe lo conducir\u00e1 a restablecer la paz.<\/p>\n","protected":false},"featured_media":97993,"comment_status":"closed","ping_status":"open","template":"","meta":{"_acf_changed":false},"libro":[],"product_brand":[],"product_cat":[26],"product_tag":[],"class_list":{"0":"post-97992","1":"product","2":"type-product","3":"status-publish","4":"has-post-thumbnail","6":"product_cat-sin-categoria","8":"first","9":"instock","10":"product-type-simple"},"acf":{"autor":[76528],"enlace_de_compra":""},"yoast_head":"<!-- This site is optimized with the Yoast SEO plugin v27.4 - https:\/\/yoast.com\/product\/yoast-seo-wordpress\/ -->\n<title>Nitsu - Catalogo | Letrame Grupo Editorial<\/title>\n<meta name=\"robots\" content=\"index, follow, max-snippet:-1, max-image-preview:large, max-video-preview:-1\" \/>\n<link rel=\"canonical\" href=\"https:\/\/letrame.com\/catalogo\/producto\/nitsu\/\" \/>\n<meta property=\"og:locale\" content=\"es_ES\" \/>\n<meta property=\"og:type\" content=\"article\" \/>\n<meta property=\"og:title\" content=\"Nitsu - Catalogo | Letrame Grupo Editorial\" \/>\n<meta property=\"og:description\" content=\"ISBN: 978-84-1144-026-4 SINOPSIS Nitsu, el Pr\u00edncipe heredero al trono de Koba, recibe dones, entre otros, un coraz\u00f3n de fuego. Su entrenamiento en Harlag le dar\u00e1 valiosos conocimientos como escuchar al silencio, reconocer que solo nos integramos a la Gran Magia que nos cre\u00f3 solo cuando cumplimos nuestro destino, recorrer el camino sin dudas, hallar las respuestas del futuro en el pasado, escuchar la conciencia y establecer la coherencia entre pensamiento, palabra y acci\u00f3n. Cuando Nitsu enfrentar\u00e1 la guerra para restituir la armon\u00eda del mundo, asume que el equilibrio evita que la pasi\u00f3n nos domine, el conocimiento nos lleva a descubrir los secretos del universo y el balance permite que todo fluya. Est\u00e1 listo para el combate. El pr\u00edncipe de los tiempos se\u00a0involucrar\u00e1\u00a0en una lucha ardua en la que en medio de traiciones, pactos rotos, ambici\u00f3n y miedo, solo la fe lo conducir\u00e1 a restablecer la paz.\" \/>\n<meta property=\"og:url\" content=\"https:\/\/letrame.com\/catalogo\/producto\/nitsu\/\" \/>\n<meta property=\"og:site_name\" content=\"Catalogo | Letrame Grupo Editorial\" \/>\n<meta property=\"og:image\" content=\"https:\/\/letrame.com\/catalogo\/wp-content\/uploads\/2024\/04\/redportada_nitsu_1352mm.jpg\" \/>\n\t<meta property=\"og:image:width\" content=\"601\" \/>\n\t<meta property=\"og:image:height\" content=\"881\" \/>\n\t<meta property=\"og:image:type\" content=\"image\/jpeg\" \/>\n<meta name=\"twitter:card\" content=\"summary_large_image\" \/>\n<meta name=\"twitter:label1\" content=\"Tiempo de lectura\" \/>\n\t<meta name=\"twitter:data1\" content=\"1 minuto\" \/>\n<script type=\"application\/ld+json\" class=\"yoast-schema-graph\">{\"@context\":\"https:\\\/\\\/schema.org\",\"@graph\":[{\"@type\":\"WebPage\",\"@id\":\"https:\\\/\\\/letrame.com\\\/catalogo\\\/producto\\\/nitsu\\\/\",\"url\":\"https:\\\/\\\/letrame.com\\\/catalogo\\\/producto\\\/nitsu\\\/\",\"name\":\"Nitsu - Catalogo | Letrame Grupo Editorial\",\"isPartOf\":{\"@id\":\"https:\\\/\\\/letrame.com\\\/catalogo\\\/#website\"},\"primaryImageOfPage\":{\"@id\":\"https:\\\/\\\/letrame.com\\\/catalogo\\\/producto\\\/nitsu\\\/#primaryimage\"},\"image\":{\"@id\":\"https:\\\/\\\/letrame.com\\\/catalogo\\\/producto\\\/nitsu\\\/#primaryimage\"},\"thumbnailUrl\":\"https:\\\/\\\/letrame.com\\\/catalogo\\\/wp-content\\\/uploads\\\/2024\\\/04\\\/redportada_nitsu_1352mm.jpg\",\"datePublished\":\"2024-04-29T12:42:09+00:00\",\"breadcrumb\":{\"@id\":\"https:\\\/\\\/letrame.com\\\/catalogo\\\/producto\\\/nitsu\\\/#breadcrumb\"},\"inLanguage\":\"es\",\"potentialAction\":[{\"@type\":\"ReadAction\",\"target\":[\"https:\\\/\\\/letrame.com\\\/catalogo\\\/producto\\\/nitsu\\\/\"]}]},{\"@type\":\"ImageObject\",\"inLanguage\":\"es\",\"@id\":\"https:\\\/\\\/letrame.com\\\/catalogo\\\/producto\\\/nitsu\\\/#primaryimage\",\"url\":\"https:\\\/\\\/letrame.com\\\/catalogo\\\/wp-content\\\/uploads\\\/2024\\\/04\\\/redportada_nitsu_1352mm.jpg\",\"contentUrl\":\"https:\\\/\\\/letrame.com\\\/catalogo\\\/wp-content\\\/uploads\\\/2024\\\/04\\\/redportada_nitsu_1352mm.jpg\",\"width\":601,\"height\":881},{\"@type\":\"BreadcrumbList\",\"@id\":\"https:\\\/\\\/letrame.com\\\/catalogo\\\/producto\\\/nitsu\\\/#breadcrumb\",\"itemListElement\":[{\"@type\":\"ListItem\",\"position\":1,\"name\":\"Portada\",\"item\":\"https:\\\/\\\/letrame.com\\\/catalogo\\\/\"},{\"@type\":\"ListItem\",\"position\":2,\"name\":\"Cat\u00e1logo\",\"item\":\"https:\\\/\\\/letrame.com\\\/catalogo\\\/\"},{\"@type\":\"ListItem\",\"position\":3,\"name\":\"Nitsu\"}]},{\"@type\":\"WebSite\",\"@id\":\"https:\\\/\\\/letrame.com\\\/catalogo\\\/#website\",\"url\":\"https:\\\/\\\/letrame.com\\\/catalogo\\\/\",\"name\":\"Catalogo | Letrame Grupo Editorial\",\"description\":\"\",\"publisher\":{\"@id\":\"https:\\\/\\\/letrame.com\\\/catalogo\\\/#organization\"},\"potentialAction\":[{\"@type\":\"SearchAction\",\"target\":{\"@type\":\"EntryPoint\",\"urlTemplate\":\"https:\\\/\\\/letrame.com\\\/catalogo\\\/?s={search_term_string}\"},\"query-input\":{\"@type\":\"PropertyValueSpecification\",\"valueRequired\":true,\"valueName\":\"search_term_string\"}}],\"inLanguage\":\"es\"},{\"@type\":\"Organization\",\"@id\":\"https:\\\/\\\/letrame.com\\\/catalogo\\\/#organization\",\"name\":\"Catalogo | Letrame Grupo Editorial\",\"url\":\"https:\\\/\\\/letrame.com\\\/catalogo\\\/\",\"logo\":{\"@type\":\"ImageObject\",\"inLanguage\":\"es\",\"@id\":\"https:\\\/\\\/letrame.com\\\/catalogo\\\/#\\\/schema\\\/logo\\\/image\\\/\",\"url\":\"https:\\\/\\\/letrame.com\\\/catalogo\\\/wp-content\\\/uploads\\\/2024\\\/03\\\/logo2.webp\",\"contentUrl\":\"https:\\\/\\\/letrame.com\\\/catalogo\\\/wp-content\\\/uploads\\\/2024\\\/03\\\/logo2.webp\",\"width\":394,\"height\":128,\"caption\":\"Catalogo | Letrame Grupo Editorial\"},\"image\":{\"@id\":\"https:\\\/\\\/letrame.com\\\/catalogo\\\/#\\\/schema\\\/logo\\\/image\\\/\"}}]}<\/script>\n<!-- \/ Yoast SEO plugin. -->","yoast_head_json":{"title":"Nitsu - Catalogo | Letrame Grupo Editorial","robots":{"index":"index","follow":"follow","max-snippet":"max-snippet:-1","max-image-preview":"max-image-preview:large","max-video-preview":"max-video-preview:-1"},"canonical":"https:\/\/letrame.com\/catalogo\/producto\/nitsu\/","og_locale":"es_ES","og_type":"article","og_title":"Nitsu - Catalogo | Letrame Grupo Editorial","og_description":"ISBN: 978-84-1144-026-4 SINOPSIS Nitsu, el Pr\u00edncipe heredero al trono de Koba, recibe dones, entre otros, un coraz\u00f3n de fuego. Su entrenamiento en Harlag le dar\u00e1 valiosos conocimientos como escuchar al silencio, reconocer que solo nos integramos a la Gran Magia que nos cre\u00f3 solo cuando cumplimos nuestro destino, recorrer el camino sin dudas, hallar las respuestas del futuro en el pasado, escuchar la conciencia y establecer la coherencia entre pensamiento, palabra y acci\u00f3n. Cuando Nitsu enfrentar\u00e1 la guerra para restituir la armon\u00eda del mundo, asume que el equilibrio evita que la pasi\u00f3n nos domine, el conocimiento nos lleva a descubrir los secretos del universo y el balance permite que todo fluya. Est\u00e1 listo para el combate. El pr\u00edncipe de los tiempos se\u00a0involucrar\u00e1\u00a0en una lucha ardua en la que en medio de traiciones, pactos rotos, ambici\u00f3n y miedo, solo la fe lo conducir\u00e1 a restablecer la paz.","og_url":"https:\/\/letrame.com\/catalogo\/producto\/nitsu\/","og_site_name":"Catalogo | Letrame Grupo Editorial","og_image":[{"width":601,"height":881,"url":"https:\/\/letrame.com\/catalogo\/wp-content\/uploads\/2024\/04\/redportada_nitsu_1352mm.jpg","type":"image\/jpeg"}],"twitter_card":"summary_large_image","twitter_misc":{"Tiempo de lectura":"1 minuto"},"schema":{"@context":"https:\/\/schema.org","@graph":[{"@type":"WebPage","@id":"https:\/\/letrame.com\/catalogo\/producto\/nitsu\/","url":"https:\/\/letrame.com\/catalogo\/producto\/nitsu\/","name":"Nitsu - Catalogo | Letrame Grupo Editorial","isPartOf":{"@id":"https:\/\/letrame.com\/catalogo\/#website"},"primaryImageOfPage":{"@id":"https:\/\/letrame.com\/catalogo\/producto\/nitsu\/#primaryimage"},"image":{"@id":"https:\/\/letrame.com\/catalogo\/producto\/nitsu\/#primaryimage"},"thumbnailUrl":"https:\/\/letrame.com\/catalogo\/wp-content\/uploads\/2024\/04\/redportada_nitsu_1352mm.jpg","datePublished":"2024-04-29T12:42:09+00:00","breadcrumb":{"@id":"https:\/\/letrame.com\/catalogo\/producto\/nitsu\/#breadcrumb"},"inLanguage":"es","potentialAction":[{"@type":"ReadAction","target":["https:\/\/letrame.com\/catalogo\/producto\/nitsu\/"]}]},{"@type":"ImageObject","inLanguage":"es","@id":"https:\/\/letrame.com\/catalogo\/producto\/nitsu\/#primaryimage","url":"https:\/\/letrame.com\/catalogo\/wp-content\/uploads\/2024\/04\/redportada_nitsu_1352mm.jpg","contentUrl":"https:\/\/letrame.com\/catalogo\/wp-content\/uploads\/2024\/04\/redportada_nitsu_1352mm.jpg","width":601,"height":881},{"@type":"BreadcrumbList","@id":"https:\/\/letrame.com\/catalogo\/producto\/nitsu\/#breadcrumb","itemListElement":[{"@type":"ListItem","position":1,"name":"Portada","item":"https:\/\/letrame.com\/catalogo\/"},{"@type":"ListItem","position":2,"name":"Cat\u00e1logo","item":"https:\/\/letrame.com\/catalogo\/"},{"@type":"ListItem","position":3,"name":"Nitsu"}]},{"@type":"WebSite","@id":"https:\/\/letrame.com\/catalogo\/#website","url":"https:\/\/letrame.com\/catalogo\/","name":"Catalogo | Letrame Grupo Editorial","description":"","publisher":{"@id":"https:\/\/letrame.com\/catalogo\/#organization"},"potentialAction":[{"@type":"SearchAction","target":{"@type":"EntryPoint","urlTemplate":"https:\/\/letrame.com\/catalogo\/?s={search_term_string}"},"query-input":{"@type":"PropertyValueSpecification","valueRequired":true,"valueName":"search_term_string"}}],"inLanguage":"es"},{"@type":"Organization","@id":"https:\/\/letrame.com\/catalogo\/#organization","name":"Catalogo | Letrame Grupo Editorial","url":"https:\/\/letrame.com\/catalogo\/","logo":{"@type":"ImageObject","inLanguage":"es","@id":"https:\/\/letrame.com\/catalogo\/#\/schema\/logo\/image\/","url":"https:\/\/letrame.com\/catalogo\/wp-content\/uploads\/2024\/03\/logo2.webp","contentUrl":"https:\/\/letrame.com\/catalogo\/wp-content\/uploads\/2024\/03\/logo2.webp","width":394,"height":128,"caption":"Catalogo | Letrame Grupo Editorial"},"image":{"@id":"https:\/\/letrame.com\/catalogo\/#\/schema\/logo\/image\/"}}]}},"_links":{"self":[{"href":"https:\/\/letrame.com\/catalogo\/wp-json\/wp\/v2\/product\/97992","targetHints":{"allow":["GET"]}}],"collection":[{"href":"https:\/\/letrame.com\/catalogo\/wp-json\/wp\/v2\/product"}],"about":[{"href":"https:\/\/letrame.com\/catalogo\/wp-json\/wp\/v2\/types\/product"}],"replies":[{"embeddable":true,"href":"https:\/\/letrame.com\/catalogo\/wp-json\/wp\/v2\/comments?post=97992"}],"acf:post":[{"embeddable":true,"href":"https:\/\/letrame.com\/catalogo\/wp-json\/wp\/v2\/author_book\/76528"}],"wp:featuredmedia":[{"embeddable":true,"href":"https:\/\/letrame.com\/catalogo\/wp-json\/wp\/v2\/media\/97993"}],"wp:attachment":[{"href":"https:\/\/letrame.com\/catalogo\/wp-json\/wp\/v2\/media?parent=97992"}],"wp:term":[{"taxonomy":"libro","embeddable":true,"href":"https:\/\/letrame.com\/catalogo\/wp-json\/wp\/v2\/libro?post=97992"},{"taxonomy":"product_brand","embeddable":true,"href":"https:\/\/letrame.com\/catalogo\/wp-json\/wp\/v2\/product_brand?post=97992"},{"taxonomy":"product_cat","embeddable":true,"href":"https:\/\/letrame.com\/catalogo\/wp-json\/wp\/v2\/product_cat?post=97992"},{"taxonomy":"product_tag","embeddable":true,"href":"https:\/\/letrame.com\/catalogo\/wp-json\/wp\/v2\/product_tag?post=97992"}],"curies":[{"name":"wp","href":"https:\/\/api.w.org\/{rel}","templated":true}]}}