{"id":97984,"date":"2024-04-29T14:41:01","date_gmt":"2024-04-29T12:41:01","guid":{"rendered":"https:\/\/letrame.com\/catalogo\/producto\/lilith\/"},"modified":"2024-08-12T14:38:21","modified_gmt":"2024-08-12T12:38:21","slug":"lilith","status":"publish","type":"product","link":"https:\/\/letrame.com\/catalogo\/producto\/lilith\/","title":{"rendered":"Lilith"},"content":{"rendered":"<p><strong>ISBN<\/strong>:978-84-1114-942-6<\/p>\n<p><strong>T\u00edtulo<\/strong>: <span data-sheets-value=\"{&quot;1&quot;:2,&quot;2&quot;:&quot;Lilith&quot;}\" data-sheets-userformat=\"{&quot;2&quot;:579,&quot;3&quot;:{&quot;1&quot;:0},&quot;4&quot;:{&quot;1&quot;:2,&quot;2&quot;:14281427},&quot;9&quot;:1,&quot;12&quot;:0}\">Lilith<\/span><br \/>\n<strong>Fecha<\/strong>: 2022<br \/>\n<strong>P\u00e1ginas<\/strong>: 370<\/p>\n<p><strong>SINOPSIS<\/strong><\/p>\n<p>La acci\u00f3n de esta novela se desarrolla en varios de esos muchos pa\u00edses donde reina la dictadura pol\u00edtico-religiosa y se le niega a todo ser vivo el derecho a hablar, protestar y mucho menos reclamar sus derechos.<\/p>\n<p>Todo parece normal en la vida de Malaj, profesor de lengua extranjera en un centro de primaria y escritor <em>amateur<\/em> en su tiempo libre, dentro de sus incomodidades sociales, hasta que descubre a la protagonista.<\/p>\n<p>Lilith resultar\u00e1 ser para \u00e9l una mujer misteriosa, inquietante y bastante curiosa con la que pondr\u00e1 a flor de piel esas debilidades del ser humano que, dependiendo del lugar de procedencia, se preocupa uno mucho de ocultar.<\/p>\n<p>Nada la detendr\u00e1 para ir m\u00e1s all\u00e1 de sus obligaciones profesionales, exponiendo constantemente su vida al peligro, provocando con ello que su visita no pase desapercibida y sea buscada viva o muerta.<\/p>\n<p>&nbsp;<\/p>\n","protected":false},"excerpt":{"rendered":"<p><strong>ISBN<\/strong>:978-84-1114-942-6<\/p>\n<p><strong>SINOPSIS<\/strong><\/p>\n<p>La acci\u00f3n de esta novela se desarrolla en varios de esos muchos pa\u00edses donde reina la dictadura pol\u00edtico-religiosa y se le niega a todo ser vivo el derecho a hablar, protestar y mucho menos reclamar sus derechos.<\/p>\n<p>Todo parece normal en la vida de Malaj, profesor de lengua extranjera en un centro de primaria y escritor <em>amateur<\/em> en su tiempo libre, dentro de sus incomodidades sociales, hasta que descubre a la protagonista.<\/p>\n<p>Lilith resultar\u00e1 ser para \u00e9l una mujer misteriosa, inquietante y bastante curiosa con la que pondr\u00e1 a flor de piel esas debilidades del ser humano que, dependiendo del lugar de procedencia, se preocupa uno mucho de ocultar.<\/p>\n<p>Nada la detendr\u00e1 para ir m\u00e1s all\u00e1 de sus obligaciones profesionales, exponiendo constantemente su vida al peligro, provocando con ello que su visita no pase desapercibida y sea buscada viva o muerta.<\/p>\n<p>&nbsp;<\/p>\n","protected":false},"featured_media":97985,"comment_status":"closed","ping_status":"closed","template":"","meta":{"_acf_changed":false},"libro":[],"product_brand":[],"product_cat":[16,26],"product_tag":[],"class_list":{"0":"post-97984","1":"product","2":"type-product","3":"status-publish","4":"has-post-thumbnail","6":"product_cat-novela","7":"product_cat-sin-categoria","9":"first","10":"instock","11":"purchasable","12":"product-type-simple"},"acf":{"autor":[74521,76521],"enlace_de_compra":"https:\/\/amzn.to\/3WZiAfi"},"yoast_head":"<!-- This site is optimized with the Yoast SEO plugin v26.6 - https:\/\/yoast.com\/wordpress\/plugins\/seo\/ -->\n<title>Lilith - Catalogo | Letrame Grupo Editorial<\/title>\n<meta name=\"robots\" content=\"index, follow, max-snippet:-1, max-image-preview:large, max-video-preview:-1\" \/>\n<link rel=\"canonical\" href=\"https:\/\/letrame.com\/catalogo\/producto\/lilith\/\" \/>\n<meta property=\"og:locale\" content=\"es_ES\" \/>\n<meta property=\"og:type\" content=\"article\" \/>\n<meta property=\"og:title\" content=\"Lilith - Catalogo | Letrame Grupo Editorial\" \/>\n<meta property=\"og:description\" content=\"ISBN:978-84-1114-942-6  SINOPSIS  La acci\u00f3n de esta novela se desarrolla en varios de esos muchos pa\u00edses donde reina la dictadura pol\u00edtico-religiosa y se le niega a todo ser vivo el derecho a hablar, protestar y mucho menos reclamar sus derechos.  Todo parece normal en la vida de Malaj, profesor de lengua extranjera en un centro de primaria y escritor amateur en su tiempo libre, dentro de sus incomodidades sociales, hasta que descubre a la protagonista.  Lilith resultar\u00e1 ser para \u00e9l una mujer misteriosa, inquietante y bastante curiosa con la que pondr\u00e1 a flor de piel esas debilidades del ser humano que, dependiendo del lugar de procedencia, se preocupa uno mucho de ocultar.  Nada la detendr\u00e1 para ir m\u00e1s all\u00e1 de sus obligaciones profesionales, exponiendo constantemente su vida al peligro, provocando con ello que su visita no pase desapercibida y sea buscada viva o muerta.  &nbsp;\" \/>\n<meta property=\"og:url\" content=\"https:\/\/letrame.com\/catalogo\/producto\/lilith\/\" \/>\n<meta property=\"og:site_name\" content=\"Catalogo | Letrame Grupo Editorial\" \/>\n<meta property=\"article:modified_time\" content=\"2024-08-12T12:38:21+00:00\" \/>\n<meta property=\"og:image\" content=\"https:\/\/letrame.com\/catalogo\/wp-content\/uploads\/2024\/04\/redportada_lilith_1813mm.jpg\" \/>\n\t<meta property=\"og:image:width\" content=\"601\" \/>\n\t<meta property=\"og:image:height\" content=\"881\" \/>\n\t<meta property=\"og:image:type\" content=\"image\/jpeg\" \/>\n<meta name=\"twitter:card\" content=\"summary_large_image\" \/>\n<meta name=\"twitter:label1\" content=\"Tiempo de lectura\" \/>\n\t<meta name=\"twitter:data1\" content=\"1 minuto\" \/>\n<script type=\"application\/ld+json\" class=\"yoast-schema-graph\">{\"@context\":\"https:\/\/schema.org\",\"@graph\":[{\"@type\":\"WebPage\",\"@id\":\"https:\/\/letrame.com\/catalogo\/producto\/lilith\/\",\"url\":\"https:\/\/letrame.com\/catalogo\/producto\/lilith\/\",\"name\":\"Lilith - Catalogo | Letrame Grupo Editorial\",\"isPartOf\":{\"@id\":\"https:\/\/letrame.com\/catalogo\/#website\"},\"primaryImageOfPage\":{\"@id\":\"https:\/\/letrame.com\/catalogo\/producto\/lilith\/#primaryimage\"},\"image\":{\"@id\":\"https:\/\/letrame.com\/catalogo\/producto\/lilith\/#primaryimage\"},\"thumbnailUrl\":\"https:\/\/letrame.com\/catalogo\/wp-content\/uploads\/2024\/04\/redportada_lilith_1813mm.jpg\",\"datePublished\":\"2024-04-29T12:41:01+00:00\",\"dateModified\":\"2024-08-12T12:38:21+00:00\",\"breadcrumb\":{\"@id\":\"https:\/\/letrame.com\/catalogo\/producto\/lilith\/#breadcrumb\"},\"inLanguage\":\"es\",\"potentialAction\":[{\"@type\":\"ReadAction\",\"target\":[\"https:\/\/letrame.com\/catalogo\/producto\/lilith\/\"]}]},{\"@type\":\"ImageObject\",\"inLanguage\":\"es\",\"@id\":\"https:\/\/letrame.com\/catalogo\/producto\/lilith\/#primaryimage\",\"url\":\"https:\/\/letrame.com\/catalogo\/wp-content\/uploads\/2024\/04\/redportada_lilith_1813mm.jpg\",\"contentUrl\":\"https:\/\/letrame.com\/catalogo\/wp-content\/uploads\/2024\/04\/redportada_lilith_1813mm.jpg\",\"width\":601,\"height\":881},{\"@type\":\"BreadcrumbList\",\"@id\":\"https:\/\/letrame.com\/catalogo\/producto\/lilith\/#breadcrumb\",\"itemListElement\":[{\"@type\":\"ListItem\",\"position\":1,\"name\":\"Portada\",\"item\":\"https:\/\/letrame.com\/catalogo\/\"},{\"@type\":\"ListItem\",\"position\":2,\"name\":\"Cat\u00e1logo\",\"item\":\"https:\/\/letrame.com\/catalogo\/\"},{\"@type\":\"ListItem\",\"position\":3,\"name\":\"Lilith\"}]},{\"@type\":\"WebSite\",\"@id\":\"https:\/\/letrame.com\/catalogo\/#website\",\"url\":\"https:\/\/letrame.com\/catalogo\/\",\"name\":\"Catalogo | Letrame Grupo Editorial\",\"description\":\"\",\"publisher\":{\"@id\":\"https:\/\/letrame.com\/catalogo\/#organization\"},\"potentialAction\":[{\"@type\":\"SearchAction\",\"target\":{\"@type\":\"EntryPoint\",\"urlTemplate\":\"https:\/\/letrame.com\/catalogo\/?s={search_term_string}\"},\"query-input\":{\"@type\":\"PropertyValueSpecification\",\"valueRequired\":true,\"valueName\":\"search_term_string\"}}],\"inLanguage\":\"es\"},{\"@type\":\"Organization\",\"@id\":\"https:\/\/letrame.com\/catalogo\/#organization\",\"name\":\"Catalogo | Letrame Grupo Editorial\",\"url\":\"https:\/\/letrame.com\/catalogo\/\",\"logo\":{\"@type\":\"ImageObject\",\"inLanguage\":\"es\",\"@id\":\"https:\/\/letrame.com\/catalogo\/#\/schema\/logo\/image\/\",\"url\":\"https:\/\/letrame.com\/catalogo\/wp-content\/uploads\/2024\/03\/logo2.webp\",\"contentUrl\":\"https:\/\/letrame.com\/catalogo\/wp-content\/uploads\/2024\/03\/logo2.webp\",\"width\":394,\"height\":128,\"caption\":\"Catalogo | Letrame Grupo Editorial\"},\"image\":{\"@id\":\"https:\/\/letrame.com\/catalogo\/#\/schema\/logo\/image\/\"}}]}<\/script>\n<!-- \/ Yoast SEO plugin. -->","yoast_head_json":{"title":"Lilith - Catalogo | Letrame Grupo Editorial","robots":{"index":"index","follow":"follow","max-snippet":"max-snippet:-1","max-image-preview":"max-image-preview:large","max-video-preview":"max-video-preview:-1"},"canonical":"https:\/\/letrame.com\/catalogo\/producto\/lilith\/","og_locale":"es_ES","og_type":"article","og_title":"Lilith - Catalogo | Letrame Grupo Editorial","og_description":"ISBN:978-84-1114-942-6  SINOPSIS  La acci\u00f3n de esta novela se desarrolla en varios de esos muchos pa\u00edses donde reina la dictadura pol\u00edtico-religiosa y se le niega a todo ser vivo el derecho a hablar, protestar y mucho menos reclamar sus derechos.  Todo parece normal en la vida de Malaj, profesor de lengua extranjera en un centro de primaria y escritor amateur en su tiempo libre, dentro de sus incomodidades sociales, hasta que descubre a la protagonista.  Lilith resultar\u00e1 ser para \u00e9l una mujer misteriosa, inquietante y bastante curiosa con la que pondr\u00e1 a flor de piel esas debilidades del ser humano que, dependiendo del lugar de procedencia, se preocupa uno mucho de ocultar.  Nada la detendr\u00e1 para ir m\u00e1s all\u00e1 de sus obligaciones profesionales, exponiendo constantemente su vida al peligro, provocando con ello que su visita no pase desapercibida y sea buscada viva o muerta.  &nbsp;","og_url":"https:\/\/letrame.com\/catalogo\/producto\/lilith\/","og_site_name":"Catalogo | Letrame Grupo Editorial","article_modified_time":"2024-08-12T12:38:21+00:00","og_image":[{"width":601,"height":881,"url":"https:\/\/letrame.com\/catalogo\/wp-content\/uploads\/2024\/04\/redportada_lilith_1813mm.jpg","type":"image\/jpeg"}],"twitter_card":"summary_large_image","twitter_misc":{"Tiempo de lectura":"1 minuto"},"schema":{"@context":"https:\/\/schema.org","@graph":[{"@type":"WebPage","@id":"https:\/\/letrame.com\/catalogo\/producto\/lilith\/","url":"https:\/\/letrame.com\/catalogo\/producto\/lilith\/","name":"Lilith - Catalogo | Letrame Grupo Editorial","isPartOf":{"@id":"https:\/\/letrame.com\/catalogo\/#website"},"primaryImageOfPage":{"@id":"https:\/\/letrame.com\/catalogo\/producto\/lilith\/#primaryimage"},"image":{"@id":"https:\/\/letrame.com\/catalogo\/producto\/lilith\/#primaryimage"},"thumbnailUrl":"https:\/\/letrame.com\/catalogo\/wp-content\/uploads\/2024\/04\/redportada_lilith_1813mm.jpg","datePublished":"2024-04-29T12:41:01+00:00","dateModified":"2024-08-12T12:38:21+00:00","breadcrumb":{"@id":"https:\/\/letrame.com\/catalogo\/producto\/lilith\/#breadcrumb"},"inLanguage":"es","potentialAction":[{"@type":"ReadAction","target":["https:\/\/letrame.com\/catalogo\/producto\/lilith\/"]}]},{"@type":"ImageObject","inLanguage":"es","@id":"https:\/\/letrame.com\/catalogo\/producto\/lilith\/#primaryimage","url":"https:\/\/letrame.com\/catalogo\/wp-content\/uploads\/2024\/04\/redportada_lilith_1813mm.jpg","contentUrl":"https:\/\/letrame.com\/catalogo\/wp-content\/uploads\/2024\/04\/redportada_lilith_1813mm.jpg","width":601,"height":881},{"@type":"BreadcrumbList","@id":"https:\/\/letrame.com\/catalogo\/producto\/lilith\/#breadcrumb","itemListElement":[{"@type":"ListItem","position":1,"name":"Portada","item":"https:\/\/letrame.com\/catalogo\/"},{"@type":"ListItem","position":2,"name":"Cat\u00e1logo","item":"https:\/\/letrame.com\/catalogo\/"},{"@type":"ListItem","position":3,"name":"Lilith"}]},{"@type":"WebSite","@id":"https:\/\/letrame.com\/catalogo\/#website","url":"https:\/\/letrame.com\/catalogo\/","name":"Catalogo | Letrame Grupo Editorial","description":"","publisher":{"@id":"https:\/\/letrame.com\/catalogo\/#organization"},"potentialAction":[{"@type":"SearchAction","target":{"@type":"EntryPoint","urlTemplate":"https:\/\/letrame.com\/catalogo\/?s={search_term_string}"},"query-input":{"@type":"PropertyValueSpecification","valueRequired":true,"valueName":"search_term_string"}}],"inLanguage":"es"},{"@type":"Organization","@id":"https:\/\/letrame.com\/catalogo\/#organization","name":"Catalogo | Letrame Grupo Editorial","url":"https:\/\/letrame.com\/catalogo\/","logo":{"@type":"ImageObject","inLanguage":"es","@id":"https:\/\/letrame.com\/catalogo\/#\/schema\/logo\/image\/","url":"https:\/\/letrame.com\/catalogo\/wp-content\/uploads\/2024\/03\/logo2.webp","contentUrl":"https:\/\/letrame.com\/catalogo\/wp-content\/uploads\/2024\/03\/logo2.webp","width":394,"height":128,"caption":"Catalogo | Letrame Grupo Editorial"},"image":{"@id":"https:\/\/letrame.com\/catalogo\/#\/schema\/logo\/image\/"}}]}},"_links":{"self":[{"href":"https:\/\/letrame.com\/catalogo\/wp-json\/wp\/v2\/product\/97984","targetHints":{"allow":["GET"]}}],"collection":[{"href":"https:\/\/letrame.com\/catalogo\/wp-json\/wp\/v2\/product"}],"about":[{"href":"https:\/\/letrame.com\/catalogo\/wp-json\/wp\/v2\/types\/product"}],"replies":[{"embeddable":true,"href":"https:\/\/letrame.com\/catalogo\/wp-json\/wp\/v2\/comments?post=97984"}],"acf:post":[{"embeddable":true,"href":"https:\/\/letrame.com\/catalogo\/wp-json\/wp\/v2\/author_book\/76521"},{"embeddable":true,"href":"https:\/\/letrame.com\/catalogo\/wp-json\/wp\/v2\/author_book\/74521"}],"wp:featuredmedia":[{"embeddable":true,"href":"https:\/\/letrame.com\/catalogo\/wp-json\/wp\/v2\/media\/97985"}],"wp:attachment":[{"href":"https:\/\/letrame.com\/catalogo\/wp-json\/wp\/v2\/media?parent=97984"}],"wp:term":[{"taxonomy":"libro","embeddable":true,"href":"https:\/\/letrame.com\/catalogo\/wp-json\/wp\/v2\/libro?post=97984"},{"taxonomy":"product_brand","embeddable":true,"href":"https:\/\/letrame.com\/catalogo\/wp-json\/wp\/v2\/product_brand?post=97984"},{"taxonomy":"product_cat","embeddable":true,"href":"https:\/\/letrame.com\/catalogo\/wp-json\/wp\/v2\/product_cat?post=97984"},{"taxonomy":"product_tag","embeddable":true,"href":"https:\/\/letrame.com\/catalogo\/wp-json\/wp\/v2\/product_tag?post=97984"}],"curies":[{"name":"wp","href":"https:\/\/api.w.org\/{rel}","templated":true}]}}