{"id":97982,"date":"2024-04-29T14:41:01","date_gmt":"2024-04-29T12:41:01","guid":{"rendered":"https:\/\/letrame.com\/catalogo\/producto\/la-mujer-que-brota\/"},"modified":"2024-04-29T14:41:20","modified_gmt":"2024-04-29T12:41:20","slug":"la-mujer-que-brota","status":"publish","type":"product","link":"https:\/\/letrame.com\/catalogo\/producto\/la-mujer-que-brota\/","title":{"rendered":"La mujer que brota"},"content":{"rendered":"<p><strong>ISBN<\/strong>: 978-84-1144-005-9<\/p>\n<p><strong>T\u00edtulo<\/strong>: <span data-sheets-value=\"{&quot;1&quot;:2,&quot;2&quot;:&quot;La mujer que brota&quot;}\" data-sheets-userformat=\"{&quot;2&quot;:579,&quot;3&quot;:{&quot;1&quot;:0},&quot;4&quot;:{&quot;1&quot;:2,&quot;2&quot;:14281427},&quot;9&quot;:1,&quot;12&quot;:0}\">La mujer que brota<\/span><br \/>\n<strong>Fecha<\/strong>: 2022<br \/>\n<strong>P\u00e1ginas<\/strong>: 156<\/p>\n<p><strong>SINOPSIS<\/strong><\/p>\n<p>Todas las mujeres somos muchas mujeres en una sola: la ni\u00f1a, la joven, la adulta. Todas, semillas que se siembran y engendran flores o frutos, dependiendo de su etapa. Mujeres que brotan y echan ra\u00edces, que germinan y vuelven a convertirse en semillas.<\/p>\n<p><em>La mujer que brota<\/em> es un poemario intimista y buc\u00f3lico que retrata, en una l\u00ednea temporal a trav\u00e9s de cuatro micro poemarios \u2014<em>Arrugas, Me late, \u00c9l (me late)<\/em> y <em>La mujer que brota<\/em>, que da t\u00edtulo a este libro\u2014 la identidad forjada de quien vive.<\/p>\n<p>&nbsp;<\/p>\n<p><strong>\u00abAndrea sigue viviendo y poniendo coraz\u00f3n en todo lo que hace. En todo lo que de ella brota. Ama las palabras para construir, a trav\u00e9s del lenguaje, un paisaje al que mirar de frente. Porque sabe que \u00abhogar\u00bb es ella misma cuando <em>se deja ser<\/em>\u00bb.<\/strong><\/p>\n<p><em>@sara_olivas<\/em><\/p>\n<p><strong>\u00a0<\/strong><\/p>\n<p><strong>\u00abAndrea ha brotado como todas las mujeres que es. Sus ra\u00edces han germinado de tal manera que han colmado su propia est\u00e9tica. Al leer este poemario, como amiga, le doy un abrazo y mi m\u00e1s sincera enhorabuena. Como lectora, le digo que me ha hecho sentir <em>yo<\/em> en todas ellas. Y, como editora, soy tajante y seria: \u201cno le quites ni una coma\u201d\u00bb. <\/strong><\/p>\n<p><em>@dimnet.alicia<\/em><\/p>\n","protected":false},"excerpt":{"rendered":"<p><strong>ISBN<\/strong>: 978-84-1144-005-9<\/p>\n<p><strong>SINOPSIS<\/strong><\/p>\n<p>Todas las mujeres somos muchas mujeres en una sola: la ni\u00f1a, la joven, la adulta. Todas, semillas que se siembran y engendran flores o frutos, dependiendo de su etapa. Mujeres que brotan y echan ra\u00edces, que germinan y vuelven a convertirse en semillas.<\/p>\n<p><em>La mujer que brota<\/em> es un poemario intimista y buc\u00f3lico que retrata, en una l\u00ednea temporal a trav\u00e9s de cuatro micro poemarios \u2014<em>Arrugas, Me late, \u00c9l (me late)<\/em> y <em>La mujer que brota<\/em>, que da t\u00edtulo a este libro\u2014 la identidad forjada de quien vive.<\/p>\n<p>&nbsp;<\/p>\n<p><strong>\u00abAndrea sigue viviendo y poniendo coraz\u00f3n en todo lo que hace. En todo lo que de ella brota. Ama las palabras para construir, a trav\u00e9s del lenguaje, un paisaje al que mirar de frente. Porque sabe que \u00abhogar\u00bb es ella misma cuando <em>se deja ser<\/em>\u00bb.<\/strong><\/p>\n<p><em>@sara_olivas<\/em><\/p>\n<p><strong>\u00a0<\/strong><\/p>\n<p><strong>\u00abAndrea ha brotado como todas las mujeres que es. Sus ra\u00edces han germinado de tal manera que han colmado su propia est\u00e9tica. Al leer este poemario, como amiga, le doy un abrazo y mi m\u00e1s sincera enhorabuena. Como lectora, le digo que me ha hecho sentir <em>yo<\/em> en todas ellas. Y, como editora, soy tajante y seria: \u201cno le quites ni una coma\u201d\u00bb. <\/strong><\/p>\n<p><em>@dimnet.alicia<\/em><\/p>\n","protected":false},"featured_media":97983,"comment_status":"closed","ping_status":"open","template":"","meta":{"_acf_changed":false},"libro":[],"product_brand":[],"product_cat":[20],"product_tag":[],"class_list":{"0":"post-97982","1":"product","2":"type-product","3":"status-publish","4":"has-post-thumbnail","6":"product_cat-poesia","8":"first","9":"instock","10":"product-type-simple"},"acf":{"autor":[76517],"enlace_de_compra":"https:\/\/www.amazon.es\/mujer-que-brota-01-Poes%C3%ADa\/dp\/841144005"},"yoast_head":"<!-- This site is optimized with the Yoast SEO plugin v27.4 - https:\/\/yoast.com\/product\/yoast-seo-wordpress\/ -->\n<title>La mujer que brota - Catalogo | Letrame Grupo Editorial<\/title>\n<meta name=\"robots\" content=\"index, follow, max-snippet:-1, max-image-preview:large, max-video-preview:-1\" \/>\n<link rel=\"canonical\" href=\"https:\/\/letrame.com\/catalogo\/producto\/la-mujer-que-brota\/\" \/>\n<meta property=\"og:locale\" content=\"es_ES\" \/>\n<meta property=\"og:type\" content=\"article\" \/>\n<meta property=\"og:title\" content=\"La mujer que brota - Catalogo | Letrame Grupo Editorial\" \/>\n<meta property=\"og:description\" content=\"ISBN: 978-84-1144-005-9 SINOPSIS Todas las mujeres somos muchas mujeres en una sola: la ni\u00f1a, la joven, la adulta. Todas, semillas que se siembran y engendran flores o frutos, dependiendo de su etapa. Mujeres que brotan y echan ra\u00edces, que germinan y vuelven a convertirse en semillas. La mujer que brota es un poemario intimista y buc\u00f3lico que retrata, en una l\u00ednea temporal a trav\u00e9s de cuatro micro poemarios \u2014Arrugas, Me late, \u00c9l (me late) y La mujer que brota, que da t\u00edtulo a este libro\u2014 la identidad forjada de quien vive. &nbsp; \u00abAndrea sigue viviendo y poniendo coraz\u00f3n en todo lo que hace. En todo lo que de ella brota. Ama las palabras para construir, a trav\u00e9s del lenguaje, un paisaje al que mirar de frente. Porque sabe que \u00abhogar\u00bb es ella misma cuando se deja ser\u00bb. @sara_olivas \u00a0 \u00abAndrea ha brotado como todas las mujeres que es. Sus ra\u00edces han germinado de tal manera que han colmado su propia est\u00e9tica. Al leer este poemario, como amiga, le doy un abrazo y mi m\u00e1s sincera enhorabuena. Como lectora, le digo que me ha hecho sentir yo en todas ellas. Y, como editora, soy tajante y seria: \u201cno le quites ni una coma\u201d\u00bb.  @dimnet.alicia\" \/>\n<meta property=\"og:url\" content=\"https:\/\/letrame.com\/catalogo\/producto\/la-mujer-que-brota\/\" \/>\n<meta property=\"og:site_name\" content=\"Catalogo | Letrame Grupo Editorial\" \/>\n<meta property=\"article:modified_time\" content=\"2024-04-29T12:41:20+00:00\" \/>\n<meta property=\"og:image\" content=\"https:\/\/letrame.com\/catalogo\/wp-content\/uploads\/2024\/04\/redportada_lamujerquebrota_928mm-1.jpg\" \/>\n\t<meta property=\"og:image:width\" content=\"601\" \/>\n\t<meta property=\"og:image:height\" content=\"868\" \/>\n\t<meta property=\"og:image:type\" content=\"image\/jpeg\" \/>\n<meta name=\"twitter:card\" content=\"summary_large_image\" \/>\n<meta name=\"twitter:label1\" content=\"Tiempo de lectura\" \/>\n\t<meta name=\"twitter:data1\" content=\"1 minuto\" \/>\n<script type=\"application\/ld+json\" class=\"yoast-schema-graph\">{\"@context\":\"https:\\\/\\\/schema.org\",\"@graph\":[{\"@type\":\"WebPage\",\"@id\":\"https:\\\/\\\/letrame.com\\\/catalogo\\\/producto\\\/la-mujer-que-brota\\\/\",\"url\":\"https:\\\/\\\/letrame.com\\\/catalogo\\\/producto\\\/la-mujer-que-brota\\\/\",\"name\":\"La mujer que brota - Catalogo | Letrame Grupo Editorial\",\"isPartOf\":{\"@id\":\"https:\\\/\\\/letrame.com\\\/catalogo\\\/#website\"},\"primaryImageOfPage\":{\"@id\":\"https:\\\/\\\/letrame.com\\\/catalogo\\\/producto\\\/la-mujer-que-brota\\\/#primaryimage\"},\"image\":{\"@id\":\"https:\\\/\\\/letrame.com\\\/catalogo\\\/producto\\\/la-mujer-que-brota\\\/#primaryimage\"},\"thumbnailUrl\":\"https:\\\/\\\/letrame.com\\\/catalogo\\\/wp-content\\\/uploads\\\/2024\\\/04\\\/redportada_lamujerquebrota_928mm-1.jpg\",\"datePublished\":\"2024-04-29T12:41:01+00:00\",\"dateModified\":\"2024-04-29T12:41:20+00:00\",\"breadcrumb\":{\"@id\":\"https:\\\/\\\/letrame.com\\\/catalogo\\\/producto\\\/la-mujer-que-brota\\\/#breadcrumb\"},\"inLanguage\":\"es\",\"potentialAction\":[{\"@type\":\"ReadAction\",\"target\":[\"https:\\\/\\\/letrame.com\\\/catalogo\\\/producto\\\/la-mujer-que-brota\\\/\"]}]},{\"@type\":\"ImageObject\",\"inLanguage\":\"es\",\"@id\":\"https:\\\/\\\/letrame.com\\\/catalogo\\\/producto\\\/la-mujer-que-brota\\\/#primaryimage\",\"url\":\"https:\\\/\\\/letrame.com\\\/catalogo\\\/wp-content\\\/uploads\\\/2024\\\/04\\\/redportada_lamujerquebrota_928mm-1.jpg\",\"contentUrl\":\"https:\\\/\\\/letrame.com\\\/catalogo\\\/wp-content\\\/uploads\\\/2024\\\/04\\\/redportada_lamujerquebrota_928mm-1.jpg\",\"width\":601,\"height\":868},{\"@type\":\"BreadcrumbList\",\"@id\":\"https:\\\/\\\/letrame.com\\\/catalogo\\\/producto\\\/la-mujer-que-brota\\\/#breadcrumb\",\"itemListElement\":[{\"@type\":\"ListItem\",\"position\":1,\"name\":\"Portada\",\"item\":\"https:\\\/\\\/letrame.com\\\/catalogo\\\/\"},{\"@type\":\"ListItem\",\"position\":2,\"name\":\"Cat\u00e1logo\",\"item\":\"https:\\\/\\\/letrame.com\\\/catalogo\\\/\"},{\"@type\":\"ListItem\",\"position\":3,\"name\":\"La mujer que brota\"}]},{\"@type\":\"WebSite\",\"@id\":\"https:\\\/\\\/letrame.com\\\/catalogo\\\/#website\",\"url\":\"https:\\\/\\\/letrame.com\\\/catalogo\\\/\",\"name\":\"Catalogo | Letrame Grupo Editorial\",\"description\":\"\",\"publisher\":{\"@id\":\"https:\\\/\\\/letrame.com\\\/catalogo\\\/#organization\"},\"potentialAction\":[{\"@type\":\"SearchAction\",\"target\":{\"@type\":\"EntryPoint\",\"urlTemplate\":\"https:\\\/\\\/letrame.com\\\/catalogo\\\/?s={search_term_string}\"},\"query-input\":{\"@type\":\"PropertyValueSpecification\",\"valueRequired\":true,\"valueName\":\"search_term_string\"}}],\"inLanguage\":\"es\"},{\"@type\":\"Organization\",\"@id\":\"https:\\\/\\\/letrame.com\\\/catalogo\\\/#organization\",\"name\":\"Catalogo | Letrame Grupo Editorial\",\"url\":\"https:\\\/\\\/letrame.com\\\/catalogo\\\/\",\"logo\":{\"@type\":\"ImageObject\",\"inLanguage\":\"es\",\"@id\":\"https:\\\/\\\/letrame.com\\\/catalogo\\\/#\\\/schema\\\/logo\\\/image\\\/\",\"url\":\"https:\\\/\\\/letrame.com\\\/catalogo\\\/wp-content\\\/uploads\\\/2024\\\/03\\\/logo2.webp\",\"contentUrl\":\"https:\\\/\\\/letrame.com\\\/catalogo\\\/wp-content\\\/uploads\\\/2024\\\/03\\\/logo2.webp\",\"width\":394,\"height\":128,\"caption\":\"Catalogo | Letrame Grupo Editorial\"},\"image\":{\"@id\":\"https:\\\/\\\/letrame.com\\\/catalogo\\\/#\\\/schema\\\/logo\\\/image\\\/\"}}]}<\/script>\n<!-- \/ Yoast SEO plugin. -->","yoast_head_json":{"title":"La mujer que brota - Catalogo | Letrame Grupo Editorial","robots":{"index":"index","follow":"follow","max-snippet":"max-snippet:-1","max-image-preview":"max-image-preview:large","max-video-preview":"max-video-preview:-1"},"canonical":"https:\/\/letrame.com\/catalogo\/producto\/la-mujer-que-brota\/","og_locale":"es_ES","og_type":"article","og_title":"La mujer que brota - Catalogo | Letrame Grupo Editorial","og_description":"ISBN: 978-84-1144-005-9 SINOPSIS Todas las mujeres somos muchas mujeres en una sola: la ni\u00f1a, la joven, la adulta. Todas, semillas que se siembran y engendran flores o frutos, dependiendo de su etapa. Mujeres que brotan y echan ra\u00edces, que germinan y vuelven a convertirse en semillas. La mujer que brota es un poemario intimista y buc\u00f3lico que retrata, en una l\u00ednea temporal a trav\u00e9s de cuatro micro poemarios \u2014Arrugas, Me late, \u00c9l (me late) y La mujer que brota, que da t\u00edtulo a este libro\u2014 la identidad forjada de quien vive. &nbsp; \u00abAndrea sigue viviendo y poniendo coraz\u00f3n en todo lo que hace. En todo lo que de ella brota. Ama las palabras para construir, a trav\u00e9s del lenguaje, un paisaje al que mirar de frente. Porque sabe que \u00abhogar\u00bb es ella misma cuando se deja ser\u00bb. @sara_olivas \u00a0 \u00abAndrea ha brotado como todas las mujeres que es. Sus ra\u00edces han germinado de tal manera que han colmado su propia est\u00e9tica. Al leer este poemario, como amiga, le doy un abrazo y mi m\u00e1s sincera enhorabuena. Como lectora, le digo que me ha hecho sentir yo en todas ellas. Y, como editora, soy tajante y seria: \u201cno le quites ni una coma\u201d\u00bb.  @dimnet.alicia","og_url":"https:\/\/letrame.com\/catalogo\/producto\/la-mujer-que-brota\/","og_site_name":"Catalogo | Letrame Grupo Editorial","article_modified_time":"2024-04-29T12:41:20+00:00","og_image":[{"width":601,"height":868,"url":"https:\/\/letrame.com\/catalogo\/wp-content\/uploads\/2024\/04\/redportada_lamujerquebrota_928mm-1.jpg","type":"image\/jpeg"}],"twitter_card":"summary_large_image","twitter_misc":{"Tiempo de lectura":"1 minuto"},"schema":{"@context":"https:\/\/schema.org","@graph":[{"@type":"WebPage","@id":"https:\/\/letrame.com\/catalogo\/producto\/la-mujer-que-brota\/","url":"https:\/\/letrame.com\/catalogo\/producto\/la-mujer-que-brota\/","name":"La mujer que brota - Catalogo | Letrame Grupo Editorial","isPartOf":{"@id":"https:\/\/letrame.com\/catalogo\/#website"},"primaryImageOfPage":{"@id":"https:\/\/letrame.com\/catalogo\/producto\/la-mujer-que-brota\/#primaryimage"},"image":{"@id":"https:\/\/letrame.com\/catalogo\/producto\/la-mujer-que-brota\/#primaryimage"},"thumbnailUrl":"https:\/\/letrame.com\/catalogo\/wp-content\/uploads\/2024\/04\/redportada_lamujerquebrota_928mm-1.jpg","datePublished":"2024-04-29T12:41:01+00:00","dateModified":"2024-04-29T12:41:20+00:00","breadcrumb":{"@id":"https:\/\/letrame.com\/catalogo\/producto\/la-mujer-que-brota\/#breadcrumb"},"inLanguage":"es","potentialAction":[{"@type":"ReadAction","target":["https:\/\/letrame.com\/catalogo\/producto\/la-mujer-que-brota\/"]}]},{"@type":"ImageObject","inLanguage":"es","@id":"https:\/\/letrame.com\/catalogo\/producto\/la-mujer-que-brota\/#primaryimage","url":"https:\/\/letrame.com\/catalogo\/wp-content\/uploads\/2024\/04\/redportada_lamujerquebrota_928mm-1.jpg","contentUrl":"https:\/\/letrame.com\/catalogo\/wp-content\/uploads\/2024\/04\/redportada_lamujerquebrota_928mm-1.jpg","width":601,"height":868},{"@type":"BreadcrumbList","@id":"https:\/\/letrame.com\/catalogo\/producto\/la-mujer-que-brota\/#breadcrumb","itemListElement":[{"@type":"ListItem","position":1,"name":"Portada","item":"https:\/\/letrame.com\/catalogo\/"},{"@type":"ListItem","position":2,"name":"Cat\u00e1logo","item":"https:\/\/letrame.com\/catalogo\/"},{"@type":"ListItem","position":3,"name":"La mujer que brota"}]},{"@type":"WebSite","@id":"https:\/\/letrame.com\/catalogo\/#website","url":"https:\/\/letrame.com\/catalogo\/","name":"Catalogo | Letrame Grupo Editorial","description":"","publisher":{"@id":"https:\/\/letrame.com\/catalogo\/#organization"},"potentialAction":[{"@type":"SearchAction","target":{"@type":"EntryPoint","urlTemplate":"https:\/\/letrame.com\/catalogo\/?s={search_term_string}"},"query-input":{"@type":"PropertyValueSpecification","valueRequired":true,"valueName":"search_term_string"}}],"inLanguage":"es"},{"@type":"Organization","@id":"https:\/\/letrame.com\/catalogo\/#organization","name":"Catalogo | Letrame Grupo Editorial","url":"https:\/\/letrame.com\/catalogo\/","logo":{"@type":"ImageObject","inLanguage":"es","@id":"https:\/\/letrame.com\/catalogo\/#\/schema\/logo\/image\/","url":"https:\/\/letrame.com\/catalogo\/wp-content\/uploads\/2024\/03\/logo2.webp","contentUrl":"https:\/\/letrame.com\/catalogo\/wp-content\/uploads\/2024\/03\/logo2.webp","width":394,"height":128,"caption":"Catalogo | Letrame Grupo Editorial"},"image":{"@id":"https:\/\/letrame.com\/catalogo\/#\/schema\/logo\/image\/"}}]}},"_links":{"self":[{"href":"https:\/\/letrame.com\/catalogo\/wp-json\/wp\/v2\/product\/97982","targetHints":{"allow":["GET"]}}],"collection":[{"href":"https:\/\/letrame.com\/catalogo\/wp-json\/wp\/v2\/product"}],"about":[{"href":"https:\/\/letrame.com\/catalogo\/wp-json\/wp\/v2\/types\/product"}],"replies":[{"embeddable":true,"href":"https:\/\/letrame.com\/catalogo\/wp-json\/wp\/v2\/comments?post=97982"}],"acf:post":[{"embeddable":true,"href":"https:\/\/letrame.com\/catalogo\/wp-json\/wp\/v2\/author_book\/76517"}],"wp:featuredmedia":[{"embeddable":true,"href":"https:\/\/letrame.com\/catalogo\/wp-json\/wp\/v2\/media\/97983"}],"wp:attachment":[{"href":"https:\/\/letrame.com\/catalogo\/wp-json\/wp\/v2\/media?parent=97982"}],"wp:term":[{"taxonomy":"libro","embeddable":true,"href":"https:\/\/letrame.com\/catalogo\/wp-json\/wp\/v2\/libro?post=97982"},{"taxonomy":"product_brand","embeddable":true,"href":"https:\/\/letrame.com\/catalogo\/wp-json\/wp\/v2\/product_brand?post=97982"},{"taxonomy":"product_cat","embeddable":true,"href":"https:\/\/letrame.com\/catalogo\/wp-json\/wp\/v2\/product_cat?post=97982"},{"taxonomy":"product_tag","embeddable":true,"href":"https:\/\/letrame.com\/catalogo\/wp-json\/wp\/v2\/product_tag?post=97982"}],"curies":[{"name":"wp","href":"https:\/\/api.w.org\/{rel}","templated":true}]}}