{"id":97979,"date":"2024-04-29T14:40:03","date_gmt":"2024-04-29T12:40:03","guid":{"rendered":"https:\/\/letrame.com\/catalogo\/producto\/la-habitacion-del-genio\/"},"modified":"2024-04-29T14:40:56","modified_gmt":"2024-04-29T12:40:56","slug":"la-habitacion-del-genio","status":"publish","type":"product","link":"https:\/\/letrame.com\/catalogo\/producto\/la-habitacion-del-genio\/","title":{"rendered":"La habitaci\u00f3n del genio"},"content":{"rendered":"<p><strong>ISBN<\/strong>: 978-84-1144-001-1<\/p>\n<p><strong>T\u00edtulo<\/strong>: <span data-sheets-value=\"{&quot;1&quot;:2,&quot;2&quot;:&quot;La habitaci\u00f3n del genio&quot;}\" data-sheets-userformat=\"{&quot;2&quot;:579,&quot;3&quot;:{&quot;1&quot;:0},&quot;4&quot;:{&quot;1&quot;:2,&quot;2&quot;:14281427},&quot;9&quot;:1,&quot;12&quot;:0}\">La habitaci\u00f3n del genio<\/span><br \/>\n<strong>Fecha<\/strong>: 2022<br \/>\n<strong>P\u00e1ginas<\/strong>: 136<\/p>\n<p><strong>SINOPSIS<\/strong><\/p>\n<p>A lo largo de la vida nos encontramos con una serie de innumerables momentos donde nuestra mente y nuestra alma pueden verse afectadas hasta tal punto que la fragilidad llegue a ellas, pero es en esos momentos donde el ser humano tiene la capacidad de descubrir y conocer al habitante que reside en su interior. Gracias a unas peque\u00f1as acciones diarias y a unas simples t\u00e9cnicas esenciales podemos conseguir despertar a este habitante que una vez despierto nos va a cambiar la vida en todos los sentidos. Este no es un libro que necesites leer a menos que quieras sacar todo tu potencial, llegar al objetivo que quieres llegar o simplemente curiosear en los pensamientos y conocimientos que pueden venir de las tinieblas de un ser humano, para tal vez procurar no llegar a esas tinieblas. <em>La habitaci\u00f3n del genio<\/em> m\u00e1s que un simple libro es una gu\u00eda y una herramienta para ti mismo, del que extraer, analizar e interpretar, seg\u00fan tu libre albedr\u00edo, que puede acompa\u00f1arte a lo largo de tu vida. El crecimiento personal es una asignatura que la mayor\u00eda de personas tenemos pendiente porque no nos la ense\u00f1an en el modelo de educaci\u00f3n en el que vivimos, nos la ense\u00f1a la vida, que es la mejor maestra que podemos llegar a tener. Disfruta del camino y del viaje con la habitaci\u00f3n del genio. Regala y reg\u00e1late la oportunidad de conocer al genio durmiente que vive en tu interior.<\/p>\n<p>&nbsp;<\/p>\n","protected":false},"excerpt":{"rendered":"<p><strong>ISBN<\/strong>: 978-84-1144-001-1<\/p>\n<p><strong>SINOPSIS<\/strong><\/p>\n<p>A lo largo de la vida nos encontramos con una serie de innumerables momentos donde nuestra mente y nuestra alma pueden verse afectadas hasta tal punto que la fragilidad llegue a ellas, pero es en esos momentos donde el ser humano tiene la capacidad de descubrir y conocer al habitante que reside en su interior. Gracias a unas peque\u00f1as acciones diarias y a unas simples t\u00e9cnicas esenciales podemos conseguir despertar a este habitante que una vez despierto nos va a cambiar la vida en todos los sentidos. Este no es un libro que necesites leer a menos que quieras sacar todo tu potencial, llegar al objetivo que quieres llegar o simplemente curiosear en los pensamientos y conocimientos que pueden venir de las tinieblas de un ser humano, para tal vez procurar no llegar a esas tinieblas. <em>La habitaci\u00f3n del genio<\/em> m\u00e1s que un simple libro es una gu\u00eda y una herramienta para ti mismo, del que extraer, analizar e interpretar, seg\u00fan tu libre albedr\u00edo, que puede acompa\u00f1arte a lo largo de tu vida. El crecimiento personal es una asignatura que la mayor\u00eda de personas tenemos pendiente porque no nos la ense\u00f1an en el modelo de educaci\u00f3n en el que vivimos, nos la ense\u00f1a la vida, que es la mejor maestra que podemos llegar a tener. Disfruta del camino y del viaje con la habitaci\u00f3n del genio. Regala y reg\u00e1late la oportunidad de conocer al genio durmiente que vive en tu interior.<\/p>\n","protected":false},"featured_media":97980,"comment_status":"closed","ping_status":"open","template":"","meta":{"_acf_changed":false},"libro":[],"product_brand":[],"product_cat":[26],"product_tag":[],"class_list":{"0":"post-97979","1":"product","2":"type-product","3":"status-publish","4":"has-post-thumbnail","6":"product_cat-sin-categoria","8":"first","9":"instock","10":"product-type-simple"},"acf":{"autor":[76516],"enlace_de_compra":""},"yoast_head":"<!-- This site is optimized with the Yoast SEO plugin v26.6 - https:\/\/yoast.com\/wordpress\/plugins\/seo\/ -->\n<title>La habitaci\u00f3n del genio - Catalogo | Letrame Grupo Editorial<\/title>\n<meta name=\"robots\" content=\"index, follow, max-snippet:-1, max-image-preview:large, max-video-preview:-1\" \/>\n<link rel=\"canonical\" href=\"https:\/\/letrame.com\/catalogo\/producto\/la-habitacion-del-genio\/\" \/>\n<meta property=\"og:locale\" content=\"es_ES\" \/>\n<meta property=\"og:type\" content=\"article\" \/>\n<meta property=\"og:title\" content=\"La habitaci\u00f3n del genio - Catalogo | Letrame Grupo Editorial\" \/>\n<meta property=\"og:description\" content=\"ISBN: 978-84-1144-001-1 SINOPSIS A lo largo de la vida nos encontramos con una serie de innumerables momentos donde nuestra mente y nuestra alma pueden verse afectadas hasta tal punto que la fragilidad llegue a ellas, pero es en esos momentos donde el ser humano tiene la capacidad de descubrir y conocer al habitante que reside en su interior. Gracias a unas peque\u00f1as acciones diarias y a unas simples t\u00e9cnicas esenciales podemos conseguir despertar a este habitante que una vez despierto nos va a cambiar la vida en todos los sentidos. Este no es un libro que necesites leer a menos que quieras sacar todo tu potencial, llegar al objetivo que quieres llegar o simplemente curiosear en los pensamientos y conocimientos que pueden venir de las tinieblas de un ser humano, para tal vez procurar no llegar a esas tinieblas. La habitaci\u00f3n del genio m\u00e1s que un simple libro es una gu\u00eda y una herramienta para ti mismo, del que extraer, analizar e interpretar, seg\u00fan tu libre albedr\u00edo, que puede acompa\u00f1arte a lo largo de tu vida. El crecimiento personal es una asignatura que la mayor\u00eda de personas tenemos pendiente porque no nos la ense\u00f1an en el modelo de educaci\u00f3n en el que vivimos, nos la ense\u00f1a la vida, que es la mejor maestra que podemos llegar a tener. Disfruta del camino y del viaje con la habitaci\u00f3n del genio. Regala y reg\u00e1late la oportunidad de conocer al genio durmiente que vive en tu interior.\" \/>\n<meta property=\"og:url\" content=\"https:\/\/letrame.com\/catalogo\/producto\/la-habitacion-del-genio\/\" \/>\n<meta property=\"og:site_name\" content=\"Catalogo | Letrame Grupo Editorial\" \/>\n<meta property=\"article:modified_time\" content=\"2024-04-29T12:40:56+00:00\" \/>\n<meta property=\"og:image\" content=\"https:\/\/letrame.com\/catalogo\/wp-content\/uploads\/2024\/04\/redportada_lahabitacion_734mm-2.jpg\" \/>\n\t<meta property=\"og:image:width\" content=\"601\" \/>\n\t<meta property=\"og:image:height\" content=\"841\" \/>\n\t<meta property=\"og:image:type\" content=\"image\/jpeg\" \/>\n<meta name=\"twitter:card\" content=\"summary_large_image\" \/>\n<meta name=\"twitter:label1\" content=\"Tiempo de lectura\" \/>\n\t<meta name=\"twitter:data1\" content=\"1 minuto\" \/>\n<script type=\"application\/ld+json\" class=\"yoast-schema-graph\">{\"@context\":\"https:\/\/schema.org\",\"@graph\":[{\"@type\":\"WebPage\",\"@id\":\"https:\/\/letrame.com\/catalogo\/producto\/la-habitacion-del-genio\/\",\"url\":\"https:\/\/letrame.com\/catalogo\/producto\/la-habitacion-del-genio\/\",\"name\":\"La habitaci\u00f3n del genio - Catalogo | Letrame Grupo Editorial\",\"isPartOf\":{\"@id\":\"https:\/\/letrame.com\/catalogo\/#website\"},\"primaryImageOfPage\":{\"@id\":\"https:\/\/letrame.com\/catalogo\/producto\/la-habitacion-del-genio\/#primaryimage\"},\"image\":{\"@id\":\"https:\/\/letrame.com\/catalogo\/producto\/la-habitacion-del-genio\/#primaryimage\"},\"thumbnailUrl\":\"https:\/\/letrame.com\/catalogo\/wp-content\/uploads\/2024\/04\/redportada_lahabitacion_734mm-2.jpg\",\"datePublished\":\"2024-04-29T12:40:03+00:00\",\"dateModified\":\"2024-04-29T12:40:56+00:00\",\"breadcrumb\":{\"@id\":\"https:\/\/letrame.com\/catalogo\/producto\/la-habitacion-del-genio\/#breadcrumb\"},\"inLanguage\":\"es\",\"potentialAction\":[{\"@type\":\"ReadAction\",\"target\":[\"https:\/\/letrame.com\/catalogo\/producto\/la-habitacion-del-genio\/\"]}]},{\"@type\":\"ImageObject\",\"inLanguage\":\"es\",\"@id\":\"https:\/\/letrame.com\/catalogo\/producto\/la-habitacion-del-genio\/#primaryimage\",\"url\":\"https:\/\/letrame.com\/catalogo\/wp-content\/uploads\/2024\/04\/redportada_lahabitacion_734mm-2.jpg\",\"contentUrl\":\"https:\/\/letrame.com\/catalogo\/wp-content\/uploads\/2024\/04\/redportada_lahabitacion_734mm-2.jpg\",\"width\":601,\"height\":841},{\"@type\":\"BreadcrumbList\",\"@id\":\"https:\/\/letrame.com\/catalogo\/producto\/la-habitacion-del-genio\/#breadcrumb\",\"itemListElement\":[{\"@type\":\"ListItem\",\"position\":1,\"name\":\"Portada\",\"item\":\"https:\/\/letrame.com\/catalogo\/\"},{\"@type\":\"ListItem\",\"position\":2,\"name\":\"Cat\u00e1logo\",\"item\":\"https:\/\/letrame.com\/catalogo\/\"},{\"@type\":\"ListItem\",\"position\":3,\"name\":\"La habitaci\u00f3n del genio\"}]},{\"@type\":\"WebSite\",\"@id\":\"https:\/\/letrame.com\/catalogo\/#website\",\"url\":\"https:\/\/letrame.com\/catalogo\/\",\"name\":\"Catalogo | Letrame Grupo Editorial\",\"description\":\"\",\"publisher\":{\"@id\":\"https:\/\/letrame.com\/catalogo\/#organization\"},\"potentialAction\":[{\"@type\":\"SearchAction\",\"target\":{\"@type\":\"EntryPoint\",\"urlTemplate\":\"https:\/\/letrame.com\/catalogo\/?s={search_term_string}\"},\"query-input\":{\"@type\":\"PropertyValueSpecification\",\"valueRequired\":true,\"valueName\":\"search_term_string\"}}],\"inLanguage\":\"es\"},{\"@type\":\"Organization\",\"@id\":\"https:\/\/letrame.com\/catalogo\/#organization\",\"name\":\"Catalogo | Letrame Grupo Editorial\",\"url\":\"https:\/\/letrame.com\/catalogo\/\",\"logo\":{\"@type\":\"ImageObject\",\"inLanguage\":\"es\",\"@id\":\"https:\/\/letrame.com\/catalogo\/#\/schema\/logo\/image\/\",\"url\":\"https:\/\/letrame.com\/catalogo\/wp-content\/uploads\/2024\/03\/logo2.webp\",\"contentUrl\":\"https:\/\/letrame.com\/catalogo\/wp-content\/uploads\/2024\/03\/logo2.webp\",\"width\":394,\"height\":128,\"caption\":\"Catalogo | Letrame Grupo Editorial\"},\"image\":{\"@id\":\"https:\/\/letrame.com\/catalogo\/#\/schema\/logo\/image\/\"}}]}<\/script>\n<!-- \/ Yoast SEO plugin. -->","yoast_head_json":{"title":"La habitaci\u00f3n del genio - Catalogo | Letrame Grupo Editorial","robots":{"index":"index","follow":"follow","max-snippet":"max-snippet:-1","max-image-preview":"max-image-preview:large","max-video-preview":"max-video-preview:-1"},"canonical":"https:\/\/letrame.com\/catalogo\/producto\/la-habitacion-del-genio\/","og_locale":"es_ES","og_type":"article","og_title":"La habitaci\u00f3n del genio - Catalogo | Letrame Grupo Editorial","og_description":"ISBN: 978-84-1144-001-1 SINOPSIS A lo largo de la vida nos encontramos con una serie de innumerables momentos donde nuestra mente y nuestra alma pueden verse afectadas hasta tal punto que la fragilidad llegue a ellas, pero es en esos momentos donde el ser humano tiene la capacidad de descubrir y conocer al habitante que reside en su interior. Gracias a unas peque\u00f1as acciones diarias y a unas simples t\u00e9cnicas esenciales podemos conseguir despertar a este habitante que una vez despierto nos va a cambiar la vida en todos los sentidos. Este no es un libro que necesites leer a menos que quieras sacar todo tu potencial, llegar al objetivo que quieres llegar o simplemente curiosear en los pensamientos y conocimientos que pueden venir de las tinieblas de un ser humano, para tal vez procurar no llegar a esas tinieblas. La habitaci\u00f3n del genio m\u00e1s que un simple libro es una gu\u00eda y una herramienta para ti mismo, del que extraer, analizar e interpretar, seg\u00fan tu libre albedr\u00edo, que puede acompa\u00f1arte a lo largo de tu vida. El crecimiento personal es una asignatura que la mayor\u00eda de personas tenemos pendiente porque no nos la ense\u00f1an en el modelo de educaci\u00f3n en el que vivimos, nos la ense\u00f1a la vida, que es la mejor maestra que podemos llegar a tener. Disfruta del camino y del viaje con la habitaci\u00f3n del genio. Regala y reg\u00e1late la oportunidad de conocer al genio durmiente que vive en tu interior.","og_url":"https:\/\/letrame.com\/catalogo\/producto\/la-habitacion-del-genio\/","og_site_name":"Catalogo | Letrame Grupo Editorial","article_modified_time":"2024-04-29T12:40:56+00:00","og_image":[{"width":601,"height":841,"url":"https:\/\/letrame.com\/catalogo\/wp-content\/uploads\/2024\/04\/redportada_lahabitacion_734mm-2.jpg","type":"image\/jpeg"}],"twitter_card":"summary_large_image","twitter_misc":{"Tiempo de lectura":"1 minuto"},"schema":{"@context":"https:\/\/schema.org","@graph":[{"@type":"WebPage","@id":"https:\/\/letrame.com\/catalogo\/producto\/la-habitacion-del-genio\/","url":"https:\/\/letrame.com\/catalogo\/producto\/la-habitacion-del-genio\/","name":"La habitaci\u00f3n del genio - Catalogo | Letrame Grupo Editorial","isPartOf":{"@id":"https:\/\/letrame.com\/catalogo\/#website"},"primaryImageOfPage":{"@id":"https:\/\/letrame.com\/catalogo\/producto\/la-habitacion-del-genio\/#primaryimage"},"image":{"@id":"https:\/\/letrame.com\/catalogo\/producto\/la-habitacion-del-genio\/#primaryimage"},"thumbnailUrl":"https:\/\/letrame.com\/catalogo\/wp-content\/uploads\/2024\/04\/redportada_lahabitacion_734mm-2.jpg","datePublished":"2024-04-29T12:40:03+00:00","dateModified":"2024-04-29T12:40:56+00:00","breadcrumb":{"@id":"https:\/\/letrame.com\/catalogo\/producto\/la-habitacion-del-genio\/#breadcrumb"},"inLanguage":"es","potentialAction":[{"@type":"ReadAction","target":["https:\/\/letrame.com\/catalogo\/producto\/la-habitacion-del-genio\/"]}]},{"@type":"ImageObject","inLanguage":"es","@id":"https:\/\/letrame.com\/catalogo\/producto\/la-habitacion-del-genio\/#primaryimage","url":"https:\/\/letrame.com\/catalogo\/wp-content\/uploads\/2024\/04\/redportada_lahabitacion_734mm-2.jpg","contentUrl":"https:\/\/letrame.com\/catalogo\/wp-content\/uploads\/2024\/04\/redportada_lahabitacion_734mm-2.jpg","width":601,"height":841},{"@type":"BreadcrumbList","@id":"https:\/\/letrame.com\/catalogo\/producto\/la-habitacion-del-genio\/#breadcrumb","itemListElement":[{"@type":"ListItem","position":1,"name":"Portada","item":"https:\/\/letrame.com\/catalogo\/"},{"@type":"ListItem","position":2,"name":"Cat\u00e1logo","item":"https:\/\/letrame.com\/catalogo\/"},{"@type":"ListItem","position":3,"name":"La habitaci\u00f3n del genio"}]},{"@type":"WebSite","@id":"https:\/\/letrame.com\/catalogo\/#website","url":"https:\/\/letrame.com\/catalogo\/","name":"Catalogo | Letrame Grupo Editorial","description":"","publisher":{"@id":"https:\/\/letrame.com\/catalogo\/#organization"},"potentialAction":[{"@type":"SearchAction","target":{"@type":"EntryPoint","urlTemplate":"https:\/\/letrame.com\/catalogo\/?s={search_term_string}"},"query-input":{"@type":"PropertyValueSpecification","valueRequired":true,"valueName":"search_term_string"}}],"inLanguage":"es"},{"@type":"Organization","@id":"https:\/\/letrame.com\/catalogo\/#organization","name":"Catalogo | Letrame Grupo Editorial","url":"https:\/\/letrame.com\/catalogo\/","logo":{"@type":"ImageObject","inLanguage":"es","@id":"https:\/\/letrame.com\/catalogo\/#\/schema\/logo\/image\/","url":"https:\/\/letrame.com\/catalogo\/wp-content\/uploads\/2024\/03\/logo2.webp","contentUrl":"https:\/\/letrame.com\/catalogo\/wp-content\/uploads\/2024\/03\/logo2.webp","width":394,"height":128,"caption":"Catalogo | Letrame Grupo Editorial"},"image":{"@id":"https:\/\/letrame.com\/catalogo\/#\/schema\/logo\/image\/"}}]}},"_links":{"self":[{"href":"https:\/\/letrame.com\/catalogo\/wp-json\/wp\/v2\/product\/97979","targetHints":{"allow":["GET"]}}],"collection":[{"href":"https:\/\/letrame.com\/catalogo\/wp-json\/wp\/v2\/product"}],"about":[{"href":"https:\/\/letrame.com\/catalogo\/wp-json\/wp\/v2\/types\/product"}],"replies":[{"embeddable":true,"href":"https:\/\/letrame.com\/catalogo\/wp-json\/wp\/v2\/comments?post=97979"}],"acf:post":[{"embeddable":true,"href":"https:\/\/letrame.com\/catalogo\/wp-json\/wp\/v2\/author_book\/76516"}],"wp:featuredmedia":[{"embeddable":true,"href":"https:\/\/letrame.com\/catalogo\/wp-json\/wp\/v2\/media\/97980"}],"wp:attachment":[{"href":"https:\/\/letrame.com\/catalogo\/wp-json\/wp\/v2\/media?parent=97979"}],"wp:term":[{"taxonomy":"libro","embeddable":true,"href":"https:\/\/letrame.com\/catalogo\/wp-json\/wp\/v2\/libro?post=97979"},{"taxonomy":"product_brand","embeddable":true,"href":"https:\/\/letrame.com\/catalogo\/wp-json\/wp\/v2\/product_brand?post=97979"},{"taxonomy":"product_cat","embeddable":true,"href":"https:\/\/letrame.com\/catalogo\/wp-json\/wp\/v2\/product_cat?post=97979"},{"taxonomy":"product_tag","embeddable":true,"href":"https:\/\/letrame.com\/catalogo\/wp-json\/wp\/v2\/product_tag?post=97979"}],"curies":[{"name":"wp","href":"https:\/\/api.w.org\/{rel}","templated":true}]}}