{"id":97968,"date":"2024-04-29T14:39:43","date_gmt":"2024-04-29T12:39:43","guid":{"rendered":"https:\/\/letrame.com\/catalogo\/producto\/efrain\/"},"modified":"2024-04-29T14:39:49","modified_gmt":"2024-04-29T12:39:49","slug":"efrain","status":"publish","type":"product","link":"https:\/\/letrame.com\/catalogo\/producto\/efrain\/","title":{"rendered":"Efra\u00edn"},"content":{"rendered":"<p><strong>ISBN<\/strong>: 978-84-1144-015-8<\/p>\n<p><strong>T\u00edtulo<\/strong>: <span data-sheets-value=\"{&quot;1&quot;:2,&quot;2&quot;:&quot;Efra\u00edn&quot;}\" data-sheets-userformat=\"{&quot;2&quot;:579,&quot;3&quot;:{&quot;1&quot;:0},&quot;4&quot;:{&quot;1&quot;:2,&quot;2&quot;:14281427},&quot;9&quot;:1,&quot;12&quot;:0}\">Efra\u00edn<\/span><br \/>\n<strong>Fecha<\/strong>: 2022<br \/>\n<strong>P\u00e1ginas<\/strong>: 342<\/p>\n<p><strong>SINOPSIS<\/strong><\/p>\n<p><strong>EFRA\u00cdN. Una historia de Colombia.\u00a0(Sinopsis)<\/strong><\/p>\n<p>El 9 de junio de 1965, el gobierno de Colombia necesit\u00f3 un tanque de guerra, dos ca\u00f1ones de artiller\u00eda pesada, un equipo de gaseadores y m\u00e1s de 500 soldados en combate para dar de baja a un solo hombre. \u00bfQui\u00e9n era Efra\u00edn Gonz\u00e1lez y por qu\u00e9 su muerte fue tan celebrada por unos y llorada por otros? Este libro nos asoma a su vida personal, a la circunstancia hist\u00f3rica del bandolerismo y al contexto nacional a partir\u00a0de testimonios de primera mano, de peri\u00f3dicos, de procesos judiciales, de archivos hist\u00f3ricos, notariales, fotogr\u00e1ficos y f\u00edlmicos,\u00a0que componen el retrato m\u00e1s cercano, \u00edntimo y real hasta la fecha realizado sobre uno de los bandoleros m\u00e1s c\u00e9lebres de todos los tiempos.<\/p>\n<p>&nbsp;<\/p>\n","protected":false},"excerpt":{"rendered":"<p><strong>ISBN<\/strong>: 978-84-1144-015-8<\/p>\n<p><strong>SINOPSIS<\/strong><\/p>\n<p><strong>EFRA\u00cdN. Una historia de Colombia.\u00a0<\/strong><\/p>\n<p>El 9 de junio de 1965, el gobierno de Colombia necesit\u00f3 un tanque de guerra, dos ca\u00f1ones de artiller\u00eda pesada, un equipo de gaseadores y m\u00e1s de 500 soldados en combate para dar de baja a un solo hombre. \u00bfQui\u00e9n era Efra\u00edn Gonz\u00e1lez y por qu\u00e9 su muerte fue tan celebrada por unos y llorada por otros? Este libro nos asoma a su vida personal, a la circunstancia hist\u00f3rica del bandolerismo y al contexto nacional a partir\u00a0de testimonios de primera mano, de peri\u00f3dicos, de procesos judiciales, de archivos hist\u00f3ricos, notariales, fotogr\u00e1ficos y f\u00edlmicos,\u00a0que componen el retrato m\u00e1s cercano, \u00edntimo y real hasta la fecha realizado sobre uno de los bandoleros m\u00e1s c\u00e9lebres de todos los tiempos.<\/p>\n","protected":false},"featured_media":97969,"comment_status":"closed","ping_status":"open","template":"","meta":{"_acf_changed":false},"libro":[],"product_brand":[],"product_cat":[16],"product_tag":[],"class_list":{"0":"post-97968","1":"product","2":"type-product","3":"status-publish","4":"has-post-thumbnail","6":"product_cat-novela","8":"first","9":"instock","10":"product-type-simple"},"acf":{"autor":[76508],"enlace_de_compra":"https:\/\/www.amazon.es\/Efra%C3%ADn-Una-historia-Colombia-Novela\/dp\/841144015X\/"},"yoast_head":"<!-- This site is optimized with the Yoast SEO plugin v27.4 - https:\/\/yoast.com\/product\/yoast-seo-wordpress\/ -->\n<title>Efra\u00edn - Catalogo | Letrame Grupo Editorial<\/title>\n<meta name=\"robots\" content=\"index, follow, max-snippet:-1, max-image-preview:large, max-video-preview:-1\" \/>\n<link rel=\"canonical\" href=\"https:\/\/letrame.com\/catalogo\/producto\/efrain\/\" \/>\n<meta property=\"og:locale\" content=\"es_ES\" \/>\n<meta property=\"og:type\" content=\"article\" \/>\n<meta property=\"og:title\" content=\"Efra\u00edn - Catalogo | Letrame Grupo Editorial\" \/>\n<meta property=\"og:description\" content=\"ISBN: 978-84-1144-015-8 SINOPSIS EFRA\u00cdN. Una historia de Colombia.\u00a0 El 9 de junio de 1965, el gobierno de Colombia necesit\u00f3 un tanque de guerra, dos ca\u00f1ones de artiller\u00eda pesada, un equipo de gaseadores y m\u00e1s de 500 soldados en combate para dar de baja a un solo hombre. \u00bfQui\u00e9n era Efra\u00edn Gonz\u00e1lez y por qu\u00e9 su muerte fue tan celebrada por unos y llorada por otros? Este libro nos asoma a su vida personal, a la circunstancia hist\u00f3rica del bandolerismo y al contexto nacional a partir\u00a0de testimonios de primera mano, de peri\u00f3dicos, de procesos judiciales, de archivos hist\u00f3ricos, notariales, fotogr\u00e1ficos y f\u00edlmicos,\u00a0que componen el retrato m\u00e1s cercano, \u00edntimo y real hasta la fecha realizado sobre uno de los bandoleros m\u00e1s c\u00e9lebres de todos los tiempos.\" \/>\n<meta property=\"og:url\" content=\"https:\/\/letrame.com\/catalogo\/producto\/efrain\/\" \/>\n<meta property=\"og:site_name\" content=\"Catalogo | Letrame Grupo Editorial\" \/>\n<meta property=\"article:modified_time\" content=\"2024-04-29T12:39:49+00:00\" \/>\n<meta property=\"og:image\" content=\"https:\/\/letrame.com\/catalogo\/wp-content\/uploads\/2024\/04\/redportada_efrain_1684mm.jpg\" \/>\n\t<meta property=\"og:image:width\" content=\"601\" \/>\n\t<meta property=\"og:image:height\" content=\"881\" \/>\n\t<meta property=\"og:image:type\" content=\"image\/jpeg\" \/>\n<meta name=\"twitter:card\" content=\"summary_large_image\" \/>\n<meta name=\"twitter:label1\" content=\"Tiempo de lectura\" \/>\n\t<meta name=\"twitter:data1\" content=\"1 minuto\" \/>\n<script type=\"application\/ld+json\" class=\"yoast-schema-graph\">{\"@context\":\"https:\\\/\\\/schema.org\",\"@graph\":[{\"@type\":\"WebPage\",\"@id\":\"https:\\\/\\\/letrame.com\\\/catalogo\\\/producto\\\/efrain\\\/\",\"url\":\"https:\\\/\\\/letrame.com\\\/catalogo\\\/producto\\\/efrain\\\/\",\"name\":\"Efra\u00edn - Catalogo | Letrame Grupo Editorial\",\"isPartOf\":{\"@id\":\"https:\\\/\\\/letrame.com\\\/catalogo\\\/#website\"},\"primaryImageOfPage\":{\"@id\":\"https:\\\/\\\/letrame.com\\\/catalogo\\\/producto\\\/efrain\\\/#primaryimage\"},\"image\":{\"@id\":\"https:\\\/\\\/letrame.com\\\/catalogo\\\/producto\\\/efrain\\\/#primaryimage\"},\"thumbnailUrl\":\"https:\\\/\\\/letrame.com\\\/catalogo\\\/wp-content\\\/uploads\\\/2024\\\/04\\\/redportada_efrain_1684mm.jpg\",\"datePublished\":\"2024-04-29T12:39:43+00:00\",\"dateModified\":\"2024-04-29T12:39:49+00:00\",\"breadcrumb\":{\"@id\":\"https:\\\/\\\/letrame.com\\\/catalogo\\\/producto\\\/efrain\\\/#breadcrumb\"},\"inLanguage\":\"es\",\"potentialAction\":[{\"@type\":\"ReadAction\",\"target\":[\"https:\\\/\\\/letrame.com\\\/catalogo\\\/producto\\\/efrain\\\/\"]}]},{\"@type\":\"ImageObject\",\"inLanguage\":\"es\",\"@id\":\"https:\\\/\\\/letrame.com\\\/catalogo\\\/producto\\\/efrain\\\/#primaryimage\",\"url\":\"https:\\\/\\\/letrame.com\\\/catalogo\\\/wp-content\\\/uploads\\\/2024\\\/04\\\/redportada_efrain_1684mm.jpg\",\"contentUrl\":\"https:\\\/\\\/letrame.com\\\/catalogo\\\/wp-content\\\/uploads\\\/2024\\\/04\\\/redportada_efrain_1684mm.jpg\",\"width\":601,\"height\":881},{\"@type\":\"BreadcrumbList\",\"@id\":\"https:\\\/\\\/letrame.com\\\/catalogo\\\/producto\\\/efrain\\\/#breadcrumb\",\"itemListElement\":[{\"@type\":\"ListItem\",\"position\":1,\"name\":\"Portada\",\"item\":\"https:\\\/\\\/letrame.com\\\/catalogo\\\/\"},{\"@type\":\"ListItem\",\"position\":2,\"name\":\"Cat\u00e1logo\",\"item\":\"https:\\\/\\\/letrame.com\\\/catalogo\\\/\"},{\"@type\":\"ListItem\",\"position\":3,\"name\":\"Efra\u00edn\"}]},{\"@type\":\"WebSite\",\"@id\":\"https:\\\/\\\/letrame.com\\\/catalogo\\\/#website\",\"url\":\"https:\\\/\\\/letrame.com\\\/catalogo\\\/\",\"name\":\"Catalogo | Letrame Grupo Editorial\",\"description\":\"\",\"publisher\":{\"@id\":\"https:\\\/\\\/letrame.com\\\/catalogo\\\/#organization\"},\"potentialAction\":[{\"@type\":\"SearchAction\",\"target\":{\"@type\":\"EntryPoint\",\"urlTemplate\":\"https:\\\/\\\/letrame.com\\\/catalogo\\\/?s={search_term_string}\"},\"query-input\":{\"@type\":\"PropertyValueSpecification\",\"valueRequired\":true,\"valueName\":\"search_term_string\"}}],\"inLanguage\":\"es\"},{\"@type\":\"Organization\",\"@id\":\"https:\\\/\\\/letrame.com\\\/catalogo\\\/#organization\",\"name\":\"Catalogo | Letrame Grupo Editorial\",\"url\":\"https:\\\/\\\/letrame.com\\\/catalogo\\\/\",\"logo\":{\"@type\":\"ImageObject\",\"inLanguage\":\"es\",\"@id\":\"https:\\\/\\\/letrame.com\\\/catalogo\\\/#\\\/schema\\\/logo\\\/image\\\/\",\"url\":\"https:\\\/\\\/letrame.com\\\/catalogo\\\/wp-content\\\/uploads\\\/2024\\\/03\\\/logo2.webp\",\"contentUrl\":\"https:\\\/\\\/letrame.com\\\/catalogo\\\/wp-content\\\/uploads\\\/2024\\\/03\\\/logo2.webp\",\"width\":394,\"height\":128,\"caption\":\"Catalogo | Letrame Grupo Editorial\"},\"image\":{\"@id\":\"https:\\\/\\\/letrame.com\\\/catalogo\\\/#\\\/schema\\\/logo\\\/image\\\/\"}}]}<\/script>\n<!-- \/ Yoast SEO plugin. -->","yoast_head_json":{"title":"Efra\u00edn - Catalogo | Letrame Grupo Editorial","robots":{"index":"index","follow":"follow","max-snippet":"max-snippet:-1","max-image-preview":"max-image-preview:large","max-video-preview":"max-video-preview:-1"},"canonical":"https:\/\/letrame.com\/catalogo\/producto\/efrain\/","og_locale":"es_ES","og_type":"article","og_title":"Efra\u00edn - Catalogo | Letrame Grupo Editorial","og_description":"ISBN: 978-84-1144-015-8 SINOPSIS EFRA\u00cdN. Una historia de Colombia.\u00a0 El 9 de junio de 1965, el gobierno de Colombia necesit\u00f3 un tanque de guerra, dos ca\u00f1ones de artiller\u00eda pesada, un equipo de gaseadores y m\u00e1s de 500 soldados en combate para dar de baja a un solo hombre. \u00bfQui\u00e9n era Efra\u00edn Gonz\u00e1lez y por qu\u00e9 su muerte fue tan celebrada por unos y llorada por otros? Este libro nos asoma a su vida personal, a la circunstancia hist\u00f3rica del bandolerismo y al contexto nacional a partir\u00a0de testimonios de primera mano, de peri\u00f3dicos, de procesos judiciales, de archivos hist\u00f3ricos, notariales, fotogr\u00e1ficos y f\u00edlmicos,\u00a0que componen el retrato m\u00e1s cercano, \u00edntimo y real hasta la fecha realizado sobre uno de los bandoleros m\u00e1s c\u00e9lebres de todos los tiempos.","og_url":"https:\/\/letrame.com\/catalogo\/producto\/efrain\/","og_site_name":"Catalogo | Letrame Grupo Editorial","article_modified_time":"2024-04-29T12:39:49+00:00","og_image":[{"width":601,"height":881,"url":"https:\/\/letrame.com\/catalogo\/wp-content\/uploads\/2024\/04\/redportada_efrain_1684mm.jpg","type":"image\/jpeg"}],"twitter_card":"summary_large_image","twitter_misc":{"Tiempo de lectura":"1 minuto"},"schema":{"@context":"https:\/\/schema.org","@graph":[{"@type":"WebPage","@id":"https:\/\/letrame.com\/catalogo\/producto\/efrain\/","url":"https:\/\/letrame.com\/catalogo\/producto\/efrain\/","name":"Efra\u00edn - Catalogo | Letrame Grupo Editorial","isPartOf":{"@id":"https:\/\/letrame.com\/catalogo\/#website"},"primaryImageOfPage":{"@id":"https:\/\/letrame.com\/catalogo\/producto\/efrain\/#primaryimage"},"image":{"@id":"https:\/\/letrame.com\/catalogo\/producto\/efrain\/#primaryimage"},"thumbnailUrl":"https:\/\/letrame.com\/catalogo\/wp-content\/uploads\/2024\/04\/redportada_efrain_1684mm.jpg","datePublished":"2024-04-29T12:39:43+00:00","dateModified":"2024-04-29T12:39:49+00:00","breadcrumb":{"@id":"https:\/\/letrame.com\/catalogo\/producto\/efrain\/#breadcrumb"},"inLanguage":"es","potentialAction":[{"@type":"ReadAction","target":["https:\/\/letrame.com\/catalogo\/producto\/efrain\/"]}]},{"@type":"ImageObject","inLanguage":"es","@id":"https:\/\/letrame.com\/catalogo\/producto\/efrain\/#primaryimage","url":"https:\/\/letrame.com\/catalogo\/wp-content\/uploads\/2024\/04\/redportada_efrain_1684mm.jpg","contentUrl":"https:\/\/letrame.com\/catalogo\/wp-content\/uploads\/2024\/04\/redportada_efrain_1684mm.jpg","width":601,"height":881},{"@type":"BreadcrumbList","@id":"https:\/\/letrame.com\/catalogo\/producto\/efrain\/#breadcrumb","itemListElement":[{"@type":"ListItem","position":1,"name":"Portada","item":"https:\/\/letrame.com\/catalogo\/"},{"@type":"ListItem","position":2,"name":"Cat\u00e1logo","item":"https:\/\/letrame.com\/catalogo\/"},{"@type":"ListItem","position":3,"name":"Efra\u00edn"}]},{"@type":"WebSite","@id":"https:\/\/letrame.com\/catalogo\/#website","url":"https:\/\/letrame.com\/catalogo\/","name":"Catalogo | Letrame Grupo Editorial","description":"","publisher":{"@id":"https:\/\/letrame.com\/catalogo\/#organization"},"potentialAction":[{"@type":"SearchAction","target":{"@type":"EntryPoint","urlTemplate":"https:\/\/letrame.com\/catalogo\/?s={search_term_string}"},"query-input":{"@type":"PropertyValueSpecification","valueRequired":true,"valueName":"search_term_string"}}],"inLanguage":"es"},{"@type":"Organization","@id":"https:\/\/letrame.com\/catalogo\/#organization","name":"Catalogo | Letrame Grupo Editorial","url":"https:\/\/letrame.com\/catalogo\/","logo":{"@type":"ImageObject","inLanguage":"es","@id":"https:\/\/letrame.com\/catalogo\/#\/schema\/logo\/image\/","url":"https:\/\/letrame.com\/catalogo\/wp-content\/uploads\/2024\/03\/logo2.webp","contentUrl":"https:\/\/letrame.com\/catalogo\/wp-content\/uploads\/2024\/03\/logo2.webp","width":394,"height":128,"caption":"Catalogo | Letrame Grupo Editorial"},"image":{"@id":"https:\/\/letrame.com\/catalogo\/#\/schema\/logo\/image\/"}}]}},"_links":{"self":[{"href":"https:\/\/letrame.com\/catalogo\/wp-json\/wp\/v2\/product\/97968","targetHints":{"allow":["GET"]}}],"collection":[{"href":"https:\/\/letrame.com\/catalogo\/wp-json\/wp\/v2\/product"}],"about":[{"href":"https:\/\/letrame.com\/catalogo\/wp-json\/wp\/v2\/types\/product"}],"replies":[{"embeddable":true,"href":"https:\/\/letrame.com\/catalogo\/wp-json\/wp\/v2\/comments?post=97968"}],"acf:post":[{"embeddable":true,"href":"https:\/\/letrame.com\/catalogo\/wp-json\/wp\/v2\/author_book\/76508"}],"wp:featuredmedia":[{"embeddable":true,"href":"https:\/\/letrame.com\/catalogo\/wp-json\/wp\/v2\/media\/97969"}],"wp:attachment":[{"href":"https:\/\/letrame.com\/catalogo\/wp-json\/wp\/v2\/media?parent=97968"}],"wp:term":[{"taxonomy":"libro","embeddable":true,"href":"https:\/\/letrame.com\/catalogo\/wp-json\/wp\/v2\/libro?post=97968"},{"taxonomy":"product_brand","embeddable":true,"href":"https:\/\/letrame.com\/catalogo\/wp-json\/wp\/v2\/product_brand?post=97968"},{"taxonomy":"product_cat","embeddable":true,"href":"https:\/\/letrame.com\/catalogo\/wp-json\/wp\/v2\/product_cat?post=97968"},{"taxonomy":"product_tag","embeddable":true,"href":"https:\/\/letrame.com\/catalogo\/wp-json\/wp\/v2\/product_tag?post=97968"}],"curies":[{"name":"wp","href":"https:\/\/api.w.org\/{rel}","templated":true}]}}