{"id":97958,"date":"2024-04-29T14:39:31","date_gmt":"2024-04-29T12:39:31","guid":{"rendered":"https:\/\/letrame.com\/catalogo\/producto\/develando-el-origen-del-lenguaje-en-los-humanos\/"},"modified":"2024-04-29T14:39:31","modified_gmt":"2024-04-29T12:39:31","slug":"develando-el-origen-del-lenguaje-en-los-humanos","status":"publish","type":"product","link":"https:\/\/letrame.com\/catalogo\/producto\/develando-el-origen-del-lenguaje-en-los-humanos\/","title":{"rendered":"Develando el origen del lenguaje en los humanos"},"content":{"rendered":"<p><strong>ISBN<\/strong>: 978-84-1144-007-3<\/p>\n<p><strong>T\u00edtulo<\/strong>: <span data-sheets-value=\"{&quot;1&quot;:2,&quot;2&quot;:&quot;Develando el origen del lenguaje en los humanos&quot;}\" data-sheets-userformat=\"{&quot;2&quot;:579,&quot;3&quot;:{&quot;1&quot;:0},&quot;4&quot;:{&quot;1&quot;:2,&quot;2&quot;:14281427},&quot;9&quot;:1,&quot;12&quot;:0}\">Develando el origen del lenguaje en los humanos<\/span><br \/>\n<strong>Fecha<\/strong>: 2022<br \/>\n<strong>P\u00e1ginas<\/strong>: 128<\/p>\n<p><strong>SINOPSIS<\/strong><\/p>\n<p>Con Develando el Origen del Lenguaje en los Humanos, a manera de ensayo, el autor nos sorprende con los resultados obtenidos sobre su investigaci\u00f3n bibliogr\u00e1fica, complementada con los conocimientos adquiridos durante su formaci\u00f3n como m\u00e9dico cirujano otorrinolaring\u00f3logo y treinta a\u00f1os de experiencia en la pr\u00e1ctica cl\u00ednica, sobre el c\u00f3mo y cu\u00e1ndo fue que los humanos empezaron a comunicarse mediante un lenguaje articulado en palabras, para lograr expresar as\u00ed sus pensamientos, emociones, intenciones, abstracciones, conocimientos e imaginaciones entre muchos otros procesos mentales conscientes y en ocasiones inconscientes.<\/p>\n<p>El ensayo tiene como intenci\u00f3n lograr que el lector cuente con una idea general y actualizada sobre los cambios evolutivos que se dieron a niveles gen\u00e9ticos, microanat\u00f3micos encef\u00e1licos y neurofisiol\u00f3gicos, que trajeron como resultado el hecho de que los humanos empezaran a comunicarse entre ellos de forma clara y precisa, el resultado es por todos bien sabido. El tema, considera el autor, es de trascendental importancia, pues conforma la base de la primera gran revoluci\u00f3n de los humanos: la revoluci\u00f3n cognitiva.<\/p>\n<p>&nbsp;<\/p>\n","protected":false},"excerpt":{"rendered":"<p><strong>ISBN<\/strong>: 978-84-1144-007-3<\/p>\n<p><strong>SINOPSIS<\/strong><\/p>\n<p>Con Develando el Origen del Lenguaje en los Humanos, a manera de ensayo, el autor nos sorprende con los resultados obtenidos sobre su investigaci\u00f3n bibliogr\u00e1fica, complementada con los conocimientos adquiridos durante su formaci\u00f3n como m\u00e9dico cirujano otorrinolaring\u00f3logo y treinta a\u00f1os de experiencia en la pr\u00e1ctica cl\u00ednica, sobre el c\u00f3mo y cu\u00e1ndo fue que los humanos empezaron a comunicarse mediante un lenguaje articulado en palabras, para lograr expresar as\u00ed sus pensamientos, emociones, intenciones, abstracciones, conocimientos e imaginaciones entre muchos otros procesos mentales conscientes y en ocasiones inconscientes.<\/p>\n<p>El ensayo tiene como intenci\u00f3n lograr que el lector cuente con una idea general y actualizada sobre los cambios evolutivos que se dieron a niveles gen\u00e9ticos, microanat\u00f3micos encef\u00e1licos y neurofisiol\u00f3gicos, que trajeron como resultado el hecho de que los humanos empezaran a comunicarse entre ellos de forma clara y precisa, el resultado es por todos bien sabido. El tema, considera el autor, es de trascendental importancia, pues conforma la base de la primera gran revoluci\u00f3n de los humanos: la revoluci\u00f3n cognitiva.<\/p>\n<p>&nbsp;<\/p>\n","protected":false},"featured_media":97959,"comment_status":"closed","ping_status":"open","template":"","meta":{"_acf_changed":false},"libro":[],"product_brand":[],"product_cat":[36],"product_tag":[],"class_list":{"0":"post-97958","1":"product","2":"type-product","3":"status-publish","4":"has-post-thumbnail","6":"product_cat-investigacion","8":"first","9":"instock","10":"product-type-simple"},"acf":{"autor":[76500],"enlace_de_compra":""},"yoast_head":"<!-- This site is optimized with the Yoast SEO plugin v26.6 - https:\/\/yoast.com\/wordpress\/plugins\/seo\/ -->\n<title>Develando el origen del lenguaje en los humanos - Catalogo | Letrame Grupo Editorial<\/title>\n<meta name=\"robots\" content=\"index, follow, max-snippet:-1, max-image-preview:large, max-video-preview:-1\" \/>\n<link rel=\"canonical\" href=\"https:\/\/letrame.com\/catalogo\/producto\/develando-el-origen-del-lenguaje-en-los-humanos\/\" \/>\n<meta property=\"og:locale\" content=\"es_ES\" \/>\n<meta property=\"og:type\" content=\"article\" \/>\n<meta property=\"og:title\" content=\"Develando el origen del lenguaje en los humanos - Catalogo | Letrame Grupo Editorial\" \/>\n<meta property=\"og:description\" content=\"ISBN: 978-84-1144-007-3 SINOPSIS Con Develando el Origen del Lenguaje en los Humanos, a manera de ensayo, el autor nos sorprende con los resultados obtenidos sobre su investigaci\u00f3n bibliogr\u00e1fica, complementada con los conocimientos adquiridos durante su formaci\u00f3n como m\u00e9dico cirujano otorrinolaring\u00f3logo y treinta a\u00f1os de experiencia en la pr\u00e1ctica cl\u00ednica, sobre el c\u00f3mo y cu\u00e1ndo fue que los humanos empezaron a comunicarse mediante un lenguaje articulado en palabras, para lograr expresar as\u00ed sus pensamientos, emociones, intenciones, abstracciones, conocimientos e imaginaciones entre muchos otros procesos mentales conscientes y en ocasiones inconscientes. El ensayo tiene como intenci\u00f3n lograr que el lector cuente con una idea general y actualizada sobre los cambios evolutivos que se dieron a niveles gen\u00e9ticos, microanat\u00f3micos encef\u00e1licos y neurofisiol\u00f3gicos, que trajeron como resultado el hecho de que los humanos empezaran a comunicarse entre ellos de forma clara y precisa, el resultado es por todos bien sabido. El tema, considera el autor, es de trascendental importancia, pues conforma la base de la primera gran revoluci\u00f3n de los humanos: la revoluci\u00f3n cognitiva. &nbsp;\" \/>\n<meta property=\"og:url\" content=\"https:\/\/letrame.com\/catalogo\/producto\/develando-el-origen-del-lenguaje-en-los-humanos\/\" \/>\n<meta property=\"og:site_name\" content=\"Catalogo | Letrame Grupo Editorial\" \/>\n<meta property=\"og:image\" content=\"https:\/\/letrame.com\/catalogo\/wp-content\/uploads\/2024\/04\/redportada_develando_698mm.jpg\" \/>\n\t<meta property=\"og:image:width\" content=\"601\" \/>\n\t<meta property=\"og:image:height\" content=\"881\" \/>\n\t<meta property=\"og:image:type\" content=\"image\/jpeg\" \/>\n<meta name=\"twitter:card\" content=\"summary_large_image\" \/>\n<meta name=\"twitter:label1\" content=\"Tiempo de lectura\" \/>\n\t<meta name=\"twitter:data1\" content=\"1 minuto\" \/>\n<script type=\"application\/ld+json\" class=\"yoast-schema-graph\">{\"@context\":\"https:\/\/schema.org\",\"@graph\":[{\"@type\":\"WebPage\",\"@id\":\"https:\/\/letrame.com\/catalogo\/producto\/develando-el-origen-del-lenguaje-en-los-humanos\/\",\"url\":\"https:\/\/letrame.com\/catalogo\/producto\/develando-el-origen-del-lenguaje-en-los-humanos\/\",\"name\":\"Develando el origen del lenguaje en los humanos - Catalogo | Letrame Grupo Editorial\",\"isPartOf\":{\"@id\":\"https:\/\/letrame.com\/catalogo\/#website\"},\"primaryImageOfPage\":{\"@id\":\"https:\/\/letrame.com\/catalogo\/producto\/develando-el-origen-del-lenguaje-en-los-humanos\/#primaryimage\"},\"image\":{\"@id\":\"https:\/\/letrame.com\/catalogo\/producto\/develando-el-origen-del-lenguaje-en-los-humanos\/#primaryimage\"},\"thumbnailUrl\":\"https:\/\/letrame.com\/catalogo\/wp-content\/uploads\/2024\/04\/redportada_develando_698mm.jpg\",\"datePublished\":\"2024-04-29T12:39:31+00:00\",\"breadcrumb\":{\"@id\":\"https:\/\/letrame.com\/catalogo\/producto\/develando-el-origen-del-lenguaje-en-los-humanos\/#breadcrumb\"},\"inLanguage\":\"es\",\"potentialAction\":[{\"@type\":\"ReadAction\",\"target\":[\"https:\/\/letrame.com\/catalogo\/producto\/develando-el-origen-del-lenguaje-en-los-humanos\/\"]}]},{\"@type\":\"ImageObject\",\"inLanguage\":\"es\",\"@id\":\"https:\/\/letrame.com\/catalogo\/producto\/develando-el-origen-del-lenguaje-en-los-humanos\/#primaryimage\",\"url\":\"https:\/\/letrame.com\/catalogo\/wp-content\/uploads\/2024\/04\/redportada_develando_698mm.jpg\",\"contentUrl\":\"https:\/\/letrame.com\/catalogo\/wp-content\/uploads\/2024\/04\/redportada_develando_698mm.jpg\",\"width\":601,\"height\":881},{\"@type\":\"BreadcrumbList\",\"@id\":\"https:\/\/letrame.com\/catalogo\/producto\/develando-el-origen-del-lenguaje-en-los-humanos\/#breadcrumb\",\"itemListElement\":[{\"@type\":\"ListItem\",\"position\":1,\"name\":\"Portada\",\"item\":\"https:\/\/letrame.com\/catalogo\/\"},{\"@type\":\"ListItem\",\"position\":2,\"name\":\"Cat\u00e1logo\",\"item\":\"https:\/\/letrame.com\/catalogo\/\"},{\"@type\":\"ListItem\",\"position\":3,\"name\":\"Develando el origen del lenguaje en los humanos\"}]},{\"@type\":\"WebSite\",\"@id\":\"https:\/\/letrame.com\/catalogo\/#website\",\"url\":\"https:\/\/letrame.com\/catalogo\/\",\"name\":\"Catalogo | Letrame Grupo Editorial\",\"description\":\"\",\"publisher\":{\"@id\":\"https:\/\/letrame.com\/catalogo\/#organization\"},\"potentialAction\":[{\"@type\":\"SearchAction\",\"target\":{\"@type\":\"EntryPoint\",\"urlTemplate\":\"https:\/\/letrame.com\/catalogo\/?s={search_term_string}\"},\"query-input\":{\"@type\":\"PropertyValueSpecification\",\"valueRequired\":true,\"valueName\":\"search_term_string\"}}],\"inLanguage\":\"es\"},{\"@type\":\"Organization\",\"@id\":\"https:\/\/letrame.com\/catalogo\/#organization\",\"name\":\"Catalogo | Letrame Grupo Editorial\",\"url\":\"https:\/\/letrame.com\/catalogo\/\",\"logo\":{\"@type\":\"ImageObject\",\"inLanguage\":\"es\",\"@id\":\"https:\/\/letrame.com\/catalogo\/#\/schema\/logo\/image\/\",\"url\":\"https:\/\/letrame.com\/catalogo\/wp-content\/uploads\/2024\/03\/logo2.webp\",\"contentUrl\":\"https:\/\/letrame.com\/catalogo\/wp-content\/uploads\/2024\/03\/logo2.webp\",\"width\":394,\"height\":128,\"caption\":\"Catalogo | Letrame Grupo Editorial\"},\"image\":{\"@id\":\"https:\/\/letrame.com\/catalogo\/#\/schema\/logo\/image\/\"}}]}<\/script>\n<!-- \/ Yoast SEO plugin. -->","yoast_head_json":{"title":"Develando el origen del lenguaje en los humanos - Catalogo | Letrame Grupo Editorial","robots":{"index":"index","follow":"follow","max-snippet":"max-snippet:-1","max-image-preview":"max-image-preview:large","max-video-preview":"max-video-preview:-1"},"canonical":"https:\/\/letrame.com\/catalogo\/producto\/develando-el-origen-del-lenguaje-en-los-humanos\/","og_locale":"es_ES","og_type":"article","og_title":"Develando el origen del lenguaje en los humanos - Catalogo | Letrame Grupo Editorial","og_description":"ISBN: 978-84-1144-007-3 SINOPSIS Con Develando el Origen del Lenguaje en los Humanos, a manera de ensayo, el autor nos sorprende con los resultados obtenidos sobre su investigaci\u00f3n bibliogr\u00e1fica, complementada con los conocimientos adquiridos durante su formaci\u00f3n como m\u00e9dico cirujano otorrinolaring\u00f3logo y treinta a\u00f1os de experiencia en la pr\u00e1ctica cl\u00ednica, sobre el c\u00f3mo y cu\u00e1ndo fue que los humanos empezaron a comunicarse mediante un lenguaje articulado en palabras, para lograr expresar as\u00ed sus pensamientos, emociones, intenciones, abstracciones, conocimientos e imaginaciones entre muchos otros procesos mentales conscientes y en ocasiones inconscientes. El ensayo tiene como intenci\u00f3n lograr que el lector cuente con una idea general y actualizada sobre los cambios evolutivos que se dieron a niveles gen\u00e9ticos, microanat\u00f3micos encef\u00e1licos y neurofisiol\u00f3gicos, que trajeron como resultado el hecho de que los humanos empezaran a comunicarse entre ellos de forma clara y precisa, el resultado es por todos bien sabido. El tema, considera el autor, es de trascendental importancia, pues conforma la base de la primera gran revoluci\u00f3n de los humanos: la revoluci\u00f3n cognitiva. &nbsp;","og_url":"https:\/\/letrame.com\/catalogo\/producto\/develando-el-origen-del-lenguaje-en-los-humanos\/","og_site_name":"Catalogo | Letrame Grupo Editorial","og_image":[{"width":601,"height":881,"url":"https:\/\/letrame.com\/catalogo\/wp-content\/uploads\/2024\/04\/redportada_develando_698mm.jpg","type":"image\/jpeg"}],"twitter_card":"summary_large_image","twitter_misc":{"Tiempo de lectura":"1 minuto"},"schema":{"@context":"https:\/\/schema.org","@graph":[{"@type":"WebPage","@id":"https:\/\/letrame.com\/catalogo\/producto\/develando-el-origen-del-lenguaje-en-los-humanos\/","url":"https:\/\/letrame.com\/catalogo\/producto\/develando-el-origen-del-lenguaje-en-los-humanos\/","name":"Develando el origen del lenguaje en los humanos - Catalogo | Letrame Grupo Editorial","isPartOf":{"@id":"https:\/\/letrame.com\/catalogo\/#website"},"primaryImageOfPage":{"@id":"https:\/\/letrame.com\/catalogo\/producto\/develando-el-origen-del-lenguaje-en-los-humanos\/#primaryimage"},"image":{"@id":"https:\/\/letrame.com\/catalogo\/producto\/develando-el-origen-del-lenguaje-en-los-humanos\/#primaryimage"},"thumbnailUrl":"https:\/\/letrame.com\/catalogo\/wp-content\/uploads\/2024\/04\/redportada_develando_698mm.jpg","datePublished":"2024-04-29T12:39:31+00:00","breadcrumb":{"@id":"https:\/\/letrame.com\/catalogo\/producto\/develando-el-origen-del-lenguaje-en-los-humanos\/#breadcrumb"},"inLanguage":"es","potentialAction":[{"@type":"ReadAction","target":["https:\/\/letrame.com\/catalogo\/producto\/develando-el-origen-del-lenguaje-en-los-humanos\/"]}]},{"@type":"ImageObject","inLanguage":"es","@id":"https:\/\/letrame.com\/catalogo\/producto\/develando-el-origen-del-lenguaje-en-los-humanos\/#primaryimage","url":"https:\/\/letrame.com\/catalogo\/wp-content\/uploads\/2024\/04\/redportada_develando_698mm.jpg","contentUrl":"https:\/\/letrame.com\/catalogo\/wp-content\/uploads\/2024\/04\/redportada_develando_698mm.jpg","width":601,"height":881},{"@type":"BreadcrumbList","@id":"https:\/\/letrame.com\/catalogo\/producto\/develando-el-origen-del-lenguaje-en-los-humanos\/#breadcrumb","itemListElement":[{"@type":"ListItem","position":1,"name":"Portada","item":"https:\/\/letrame.com\/catalogo\/"},{"@type":"ListItem","position":2,"name":"Cat\u00e1logo","item":"https:\/\/letrame.com\/catalogo\/"},{"@type":"ListItem","position":3,"name":"Develando el origen del lenguaje en los humanos"}]},{"@type":"WebSite","@id":"https:\/\/letrame.com\/catalogo\/#website","url":"https:\/\/letrame.com\/catalogo\/","name":"Catalogo | Letrame Grupo Editorial","description":"","publisher":{"@id":"https:\/\/letrame.com\/catalogo\/#organization"},"potentialAction":[{"@type":"SearchAction","target":{"@type":"EntryPoint","urlTemplate":"https:\/\/letrame.com\/catalogo\/?s={search_term_string}"},"query-input":{"@type":"PropertyValueSpecification","valueRequired":true,"valueName":"search_term_string"}}],"inLanguage":"es"},{"@type":"Organization","@id":"https:\/\/letrame.com\/catalogo\/#organization","name":"Catalogo | Letrame Grupo Editorial","url":"https:\/\/letrame.com\/catalogo\/","logo":{"@type":"ImageObject","inLanguage":"es","@id":"https:\/\/letrame.com\/catalogo\/#\/schema\/logo\/image\/","url":"https:\/\/letrame.com\/catalogo\/wp-content\/uploads\/2024\/03\/logo2.webp","contentUrl":"https:\/\/letrame.com\/catalogo\/wp-content\/uploads\/2024\/03\/logo2.webp","width":394,"height":128,"caption":"Catalogo | Letrame Grupo Editorial"},"image":{"@id":"https:\/\/letrame.com\/catalogo\/#\/schema\/logo\/image\/"}}]}},"_links":{"self":[{"href":"https:\/\/letrame.com\/catalogo\/wp-json\/wp\/v2\/product\/97958","targetHints":{"allow":["GET"]}}],"collection":[{"href":"https:\/\/letrame.com\/catalogo\/wp-json\/wp\/v2\/product"}],"about":[{"href":"https:\/\/letrame.com\/catalogo\/wp-json\/wp\/v2\/types\/product"}],"replies":[{"embeddable":true,"href":"https:\/\/letrame.com\/catalogo\/wp-json\/wp\/v2\/comments?post=97958"}],"acf:post":[{"embeddable":true,"href":"https:\/\/letrame.com\/catalogo\/wp-json\/wp\/v2\/author_book\/76500"}],"wp:featuredmedia":[{"embeddable":true,"href":"https:\/\/letrame.com\/catalogo\/wp-json\/wp\/v2\/media\/97959"}],"wp:attachment":[{"href":"https:\/\/letrame.com\/catalogo\/wp-json\/wp\/v2\/media?parent=97958"}],"wp:term":[{"taxonomy":"libro","embeddable":true,"href":"https:\/\/letrame.com\/catalogo\/wp-json\/wp\/v2\/libro?post=97958"},{"taxonomy":"product_brand","embeddable":true,"href":"https:\/\/letrame.com\/catalogo\/wp-json\/wp\/v2\/product_brand?post=97958"},{"taxonomy":"product_cat","embeddable":true,"href":"https:\/\/letrame.com\/catalogo\/wp-json\/wp\/v2\/product_cat?post=97958"},{"taxonomy":"product_tag","embeddable":true,"href":"https:\/\/letrame.com\/catalogo\/wp-json\/wp\/v2\/product_tag?post=97958"}],"curies":[{"name":"wp","href":"https:\/\/api.w.org\/{rel}","templated":true}]}}