{"id":97949,"date":"2024-04-29T14:38:42","date_gmt":"2024-04-29T12:38:42","guid":{"rendered":"https:\/\/letrame.com\/catalogo\/producto\/evadiendo-el-pasado\/"},"modified":"2024-04-29T14:38:45","modified_gmt":"2024-04-29T12:38:45","slug":"evadiendo-el-pasado","status":"publish","type":"product","link":"https:\/\/letrame.com\/catalogo\/producto\/evadiendo-el-pasado\/","title":{"rendered":"Evadiendo el pasado"},"content":{"rendered":"<p><strong>ISBN<\/strong>: 978-84-1114-990-7<\/p>\n<p><strong>T\u00edtulo<\/strong>: <span data-sheets-value=\"{&quot;1&quot;:2,&quot;2&quot;:&quot;Evadiendo el pasado&quot;}\" data-sheets-userformat=\"{&quot;2&quot;:579,&quot;3&quot;:{&quot;1&quot;:0},&quot;4&quot;:{&quot;1&quot;:2,&quot;2&quot;:16777215},&quot;9&quot;:1,&quot;12&quot;:0}\">Evadiendo el pasado<\/span><br \/>\n<strong>Fecha<\/strong>: 2022<br \/>\n<strong>P\u00e1ginas<\/strong>: 298<\/p>\n<p><strong>SINOPSIS<\/strong><\/p>\n<p>Dos j\u00f3venes enlazan sus vidas por casualidades del destino, esto origina que ambos se conviertan en inseparables. Pero un giro inesperado los conduce al seno m\u00e1s profundo de la Cosa Nostra en New York, teniendo que lidiar con todo tipo de malhechores y gente de mal vivir. La traici\u00f3n e inmoralidad son dos habituales en este relato, sus protagonistas intentar\u00e1n salir indemnes de infinidad de situaciones peligrosas, donde la muerte acecha constantemente. A este c\u00f3ctel explosivo se le suma la aparici\u00f3n de un peculiar elenco de personajes, a cual m\u00e1s extravagante.<\/p>\n","protected":false},"excerpt":{"rendered":"<p><strong>ISBN<\/strong>: 978-84-1114-990-7<\/p>\n<p><strong>SINOPSIS<\/strong><\/p>\n<p>Dos j\u00f3venes enlazan sus vidas por casualidades del destino, esto origina que ambos se conviertan en inseparables. Pero un giro inesperado los conduce al seno m\u00e1s profundo de la Cosa Nostra en New York, teniendo que lidiar con todo tipo de malhechores y gente de mal vivir. La traici\u00f3n e inmoralidad son dos habituales en este relato, sus protagonistas intentar\u00e1n salir indemnes de infinidad de situaciones peligrosas, donde la muerte acecha constantemente. A este c\u00f3ctel explosivo se le suma la aparici\u00f3n de un peculiar elenco de personajes, a cual m\u00e1s extravagante.<\/p>\n","protected":false},"featured_media":97950,"comment_status":"closed","ping_status":"open","template":"","meta":{"_acf_changed":false},"libro":[],"product_brand":[],"product_cat":[16],"product_tag":[],"class_list":{"0":"post-97949","1":"product","2":"type-product","3":"status-publish","4":"has-post-thumbnail","6":"product_cat-novela","8":"first","9":"instock","10":"purchasable","11":"product-type-simple"},"acf":{"autor":[76493],"enlace_de_compra":"https:\/\/www.amazon.es\/Evadiendo-el-pasado-1-Novela\/dp\/8411149900\/"},"yoast_head":"<!-- This site is optimized with the Yoast SEO plugin v26.6 - https:\/\/yoast.com\/wordpress\/plugins\/seo\/ -->\n<title>Evadiendo el pasado - Catalogo | Letrame Grupo Editorial<\/title>\n<meta name=\"robots\" content=\"index, follow, max-snippet:-1, max-image-preview:large, max-video-preview:-1\" \/>\n<link rel=\"canonical\" href=\"https:\/\/letrame.com\/catalogo\/producto\/evadiendo-el-pasado\/\" \/>\n<meta property=\"og:locale\" content=\"es_ES\" \/>\n<meta property=\"og:type\" content=\"article\" \/>\n<meta property=\"og:title\" content=\"Evadiendo el pasado - Catalogo | Letrame Grupo Editorial\" \/>\n<meta property=\"og:description\" content=\"ISBN: 978-84-1114-990-7 SINOPSIS Dos j\u00f3venes enlazan sus vidas por casualidades del destino, esto origina que ambos se conviertan en inseparables. Pero un giro inesperado los conduce al seno m\u00e1s profundo de la Cosa Nostra en New York, teniendo que lidiar con todo tipo de malhechores y gente de mal vivir. La traici\u00f3n e inmoralidad son dos habituales en este relato, sus protagonistas intentar\u00e1n salir indemnes de infinidad de situaciones peligrosas, donde la muerte acecha constantemente. A este c\u00f3ctel explosivo se le suma la aparici\u00f3n de un peculiar elenco de personajes, a cual m\u00e1s extravagante.\" \/>\n<meta property=\"og:url\" content=\"https:\/\/letrame.com\/catalogo\/producto\/evadiendo-el-pasado\/\" \/>\n<meta property=\"og:site_name\" content=\"Catalogo | Letrame Grupo Editorial\" \/>\n<meta property=\"article:modified_time\" content=\"2024-04-29T12:38:45+00:00\" \/>\n<meta property=\"og:image\" content=\"https:\/\/letrame.com\/catalogo\/wp-content\/uploads\/2024\/04\/redportada_evadiendoelpasado_1481mm-1-scaled-1.jpg\" \/>\n\t<meta property=\"og:image:width\" content=\"1746\" \/>\n\t<meta property=\"og:image:height\" content=\"2560\" \/>\n\t<meta property=\"og:image:type\" content=\"image\/jpeg\" \/>\n<meta name=\"twitter:card\" content=\"summary_large_image\" \/>\n<meta name=\"twitter:label1\" content=\"Tiempo de lectura\" \/>\n\t<meta name=\"twitter:data1\" content=\"1 minuto\" \/>\n<script type=\"application\/ld+json\" class=\"yoast-schema-graph\">{\"@context\":\"https:\/\/schema.org\",\"@graph\":[{\"@type\":\"WebPage\",\"@id\":\"https:\/\/letrame.com\/catalogo\/producto\/evadiendo-el-pasado\/\",\"url\":\"https:\/\/letrame.com\/catalogo\/producto\/evadiendo-el-pasado\/\",\"name\":\"Evadiendo el pasado - Catalogo | Letrame Grupo Editorial\",\"isPartOf\":{\"@id\":\"https:\/\/letrame.com\/catalogo\/#website\"},\"primaryImageOfPage\":{\"@id\":\"https:\/\/letrame.com\/catalogo\/producto\/evadiendo-el-pasado\/#primaryimage\"},\"image\":{\"@id\":\"https:\/\/letrame.com\/catalogo\/producto\/evadiendo-el-pasado\/#primaryimage\"},\"thumbnailUrl\":\"https:\/\/letrame.com\/catalogo\/wp-content\/uploads\/2024\/04\/redportada_evadiendoelpasado_1481mm-1-scaled-1.jpg\",\"datePublished\":\"2024-04-29T12:38:42+00:00\",\"dateModified\":\"2024-04-29T12:38:45+00:00\",\"breadcrumb\":{\"@id\":\"https:\/\/letrame.com\/catalogo\/producto\/evadiendo-el-pasado\/#breadcrumb\"},\"inLanguage\":\"es\",\"potentialAction\":[{\"@type\":\"ReadAction\",\"target\":[\"https:\/\/letrame.com\/catalogo\/producto\/evadiendo-el-pasado\/\"]}]},{\"@type\":\"ImageObject\",\"inLanguage\":\"es\",\"@id\":\"https:\/\/letrame.com\/catalogo\/producto\/evadiendo-el-pasado\/#primaryimage\",\"url\":\"https:\/\/letrame.com\/catalogo\/wp-content\/uploads\/2024\/04\/redportada_evadiendoelpasado_1481mm-1-scaled-1.jpg\",\"contentUrl\":\"https:\/\/letrame.com\/catalogo\/wp-content\/uploads\/2024\/04\/redportada_evadiendoelpasado_1481mm-1-scaled-1.jpg\",\"width\":1746,\"height\":2560},{\"@type\":\"BreadcrumbList\",\"@id\":\"https:\/\/letrame.com\/catalogo\/producto\/evadiendo-el-pasado\/#breadcrumb\",\"itemListElement\":[{\"@type\":\"ListItem\",\"position\":1,\"name\":\"Portada\",\"item\":\"https:\/\/letrame.com\/catalogo\/\"},{\"@type\":\"ListItem\",\"position\":2,\"name\":\"Cat\u00e1logo\",\"item\":\"https:\/\/letrame.com\/catalogo\/\"},{\"@type\":\"ListItem\",\"position\":3,\"name\":\"Evadiendo el pasado\"}]},{\"@type\":\"WebSite\",\"@id\":\"https:\/\/letrame.com\/catalogo\/#website\",\"url\":\"https:\/\/letrame.com\/catalogo\/\",\"name\":\"Catalogo | Letrame Grupo Editorial\",\"description\":\"\",\"publisher\":{\"@id\":\"https:\/\/letrame.com\/catalogo\/#organization\"},\"potentialAction\":[{\"@type\":\"SearchAction\",\"target\":{\"@type\":\"EntryPoint\",\"urlTemplate\":\"https:\/\/letrame.com\/catalogo\/?s={search_term_string}\"},\"query-input\":{\"@type\":\"PropertyValueSpecification\",\"valueRequired\":true,\"valueName\":\"search_term_string\"}}],\"inLanguage\":\"es\"},{\"@type\":\"Organization\",\"@id\":\"https:\/\/letrame.com\/catalogo\/#organization\",\"name\":\"Catalogo | Letrame Grupo Editorial\",\"url\":\"https:\/\/letrame.com\/catalogo\/\",\"logo\":{\"@type\":\"ImageObject\",\"inLanguage\":\"es\",\"@id\":\"https:\/\/letrame.com\/catalogo\/#\/schema\/logo\/image\/\",\"url\":\"https:\/\/letrame.com\/catalogo\/wp-content\/uploads\/2024\/03\/logo2.webp\",\"contentUrl\":\"https:\/\/letrame.com\/catalogo\/wp-content\/uploads\/2024\/03\/logo2.webp\",\"width\":394,\"height\":128,\"caption\":\"Catalogo | Letrame Grupo Editorial\"},\"image\":{\"@id\":\"https:\/\/letrame.com\/catalogo\/#\/schema\/logo\/image\/\"}}]}<\/script>\n<!-- \/ Yoast SEO plugin. -->","yoast_head_json":{"title":"Evadiendo el pasado - Catalogo | Letrame Grupo Editorial","robots":{"index":"index","follow":"follow","max-snippet":"max-snippet:-1","max-image-preview":"max-image-preview:large","max-video-preview":"max-video-preview:-1"},"canonical":"https:\/\/letrame.com\/catalogo\/producto\/evadiendo-el-pasado\/","og_locale":"es_ES","og_type":"article","og_title":"Evadiendo el pasado - Catalogo | Letrame Grupo Editorial","og_description":"ISBN: 978-84-1114-990-7 SINOPSIS Dos j\u00f3venes enlazan sus vidas por casualidades del destino, esto origina que ambos se conviertan en inseparables. Pero un giro inesperado los conduce al seno m\u00e1s profundo de la Cosa Nostra en New York, teniendo que lidiar con todo tipo de malhechores y gente de mal vivir. La traici\u00f3n e inmoralidad son dos habituales en este relato, sus protagonistas intentar\u00e1n salir indemnes de infinidad de situaciones peligrosas, donde la muerte acecha constantemente. A este c\u00f3ctel explosivo se le suma la aparici\u00f3n de un peculiar elenco de personajes, a cual m\u00e1s extravagante.","og_url":"https:\/\/letrame.com\/catalogo\/producto\/evadiendo-el-pasado\/","og_site_name":"Catalogo | Letrame Grupo Editorial","article_modified_time":"2024-04-29T12:38:45+00:00","og_image":[{"width":1746,"height":2560,"url":"https:\/\/letrame.com\/catalogo\/wp-content\/uploads\/2024\/04\/redportada_evadiendoelpasado_1481mm-1-scaled-1.jpg","type":"image\/jpeg"}],"twitter_card":"summary_large_image","twitter_misc":{"Tiempo de lectura":"1 minuto"},"schema":{"@context":"https:\/\/schema.org","@graph":[{"@type":"WebPage","@id":"https:\/\/letrame.com\/catalogo\/producto\/evadiendo-el-pasado\/","url":"https:\/\/letrame.com\/catalogo\/producto\/evadiendo-el-pasado\/","name":"Evadiendo el pasado - Catalogo | Letrame Grupo Editorial","isPartOf":{"@id":"https:\/\/letrame.com\/catalogo\/#website"},"primaryImageOfPage":{"@id":"https:\/\/letrame.com\/catalogo\/producto\/evadiendo-el-pasado\/#primaryimage"},"image":{"@id":"https:\/\/letrame.com\/catalogo\/producto\/evadiendo-el-pasado\/#primaryimage"},"thumbnailUrl":"https:\/\/letrame.com\/catalogo\/wp-content\/uploads\/2024\/04\/redportada_evadiendoelpasado_1481mm-1-scaled-1.jpg","datePublished":"2024-04-29T12:38:42+00:00","dateModified":"2024-04-29T12:38:45+00:00","breadcrumb":{"@id":"https:\/\/letrame.com\/catalogo\/producto\/evadiendo-el-pasado\/#breadcrumb"},"inLanguage":"es","potentialAction":[{"@type":"ReadAction","target":["https:\/\/letrame.com\/catalogo\/producto\/evadiendo-el-pasado\/"]}]},{"@type":"ImageObject","inLanguage":"es","@id":"https:\/\/letrame.com\/catalogo\/producto\/evadiendo-el-pasado\/#primaryimage","url":"https:\/\/letrame.com\/catalogo\/wp-content\/uploads\/2024\/04\/redportada_evadiendoelpasado_1481mm-1-scaled-1.jpg","contentUrl":"https:\/\/letrame.com\/catalogo\/wp-content\/uploads\/2024\/04\/redportada_evadiendoelpasado_1481mm-1-scaled-1.jpg","width":1746,"height":2560},{"@type":"BreadcrumbList","@id":"https:\/\/letrame.com\/catalogo\/producto\/evadiendo-el-pasado\/#breadcrumb","itemListElement":[{"@type":"ListItem","position":1,"name":"Portada","item":"https:\/\/letrame.com\/catalogo\/"},{"@type":"ListItem","position":2,"name":"Cat\u00e1logo","item":"https:\/\/letrame.com\/catalogo\/"},{"@type":"ListItem","position":3,"name":"Evadiendo el pasado"}]},{"@type":"WebSite","@id":"https:\/\/letrame.com\/catalogo\/#website","url":"https:\/\/letrame.com\/catalogo\/","name":"Catalogo | Letrame Grupo Editorial","description":"","publisher":{"@id":"https:\/\/letrame.com\/catalogo\/#organization"},"potentialAction":[{"@type":"SearchAction","target":{"@type":"EntryPoint","urlTemplate":"https:\/\/letrame.com\/catalogo\/?s={search_term_string}"},"query-input":{"@type":"PropertyValueSpecification","valueRequired":true,"valueName":"search_term_string"}}],"inLanguage":"es"},{"@type":"Organization","@id":"https:\/\/letrame.com\/catalogo\/#organization","name":"Catalogo | Letrame Grupo Editorial","url":"https:\/\/letrame.com\/catalogo\/","logo":{"@type":"ImageObject","inLanguage":"es","@id":"https:\/\/letrame.com\/catalogo\/#\/schema\/logo\/image\/","url":"https:\/\/letrame.com\/catalogo\/wp-content\/uploads\/2024\/03\/logo2.webp","contentUrl":"https:\/\/letrame.com\/catalogo\/wp-content\/uploads\/2024\/03\/logo2.webp","width":394,"height":128,"caption":"Catalogo | Letrame Grupo Editorial"},"image":{"@id":"https:\/\/letrame.com\/catalogo\/#\/schema\/logo\/image\/"}}]}},"_links":{"self":[{"href":"https:\/\/letrame.com\/catalogo\/wp-json\/wp\/v2\/product\/97949","targetHints":{"allow":["GET"]}}],"collection":[{"href":"https:\/\/letrame.com\/catalogo\/wp-json\/wp\/v2\/product"}],"about":[{"href":"https:\/\/letrame.com\/catalogo\/wp-json\/wp\/v2\/types\/product"}],"replies":[{"embeddable":true,"href":"https:\/\/letrame.com\/catalogo\/wp-json\/wp\/v2\/comments?post=97949"}],"acf:post":[{"embeddable":true,"href":"https:\/\/letrame.com\/catalogo\/wp-json\/wp\/v2\/author_book\/76493"}],"wp:featuredmedia":[{"embeddable":true,"href":"https:\/\/letrame.com\/catalogo\/wp-json\/wp\/v2\/media\/97950"}],"wp:attachment":[{"href":"https:\/\/letrame.com\/catalogo\/wp-json\/wp\/v2\/media?parent=97949"}],"wp:term":[{"taxonomy":"libro","embeddable":true,"href":"https:\/\/letrame.com\/catalogo\/wp-json\/wp\/v2\/libro?post=97949"},{"taxonomy":"product_brand","embeddable":true,"href":"https:\/\/letrame.com\/catalogo\/wp-json\/wp\/v2\/product_brand?post=97949"},{"taxonomy":"product_cat","embeddable":true,"href":"https:\/\/letrame.com\/catalogo\/wp-json\/wp\/v2\/product_cat?post=97949"},{"taxonomy":"product_tag","embeddable":true,"href":"https:\/\/letrame.com\/catalogo\/wp-json\/wp\/v2\/product_tag?post=97949"}],"curies":[{"name":"wp","href":"https:\/\/api.w.org\/{rel}","templated":true}]}}