{"id":97932,"date":"2024-04-29T14:37:15","date_gmt":"2024-04-29T12:37:15","guid":{"rendered":"https:\/\/letrame.com\/catalogo\/producto\/adhuc-stantes\/"},"modified":"2024-08-12T15:28:32","modified_gmt":"2024-08-12T13:28:32","slug":"adhuc-stantes","status":"publish","type":"product","link":"https:\/\/letrame.com\/catalogo\/producto\/adhuc-stantes\/","title":{"rendered":"Adhuc stantes"},"content":{"rendered":"<p><strong>ISBN<\/strong>: 978-84-1114-946-4<\/p>\n<p><strong>T\u00edtulo<\/strong>: Adhuc stantes<br \/>\n<strong>Fecha<\/strong>: 2022<br \/>\n<strong>P\u00e1ginas<\/strong>: 134<\/p>\n<p><strong>SINOPSIS<\/strong><\/p>\n<p><span dir=\"ltr\" role=\"presentation\"><span tabindex=\"0\">El trabajo del autor de<\/span><\/span> <span dir=\"ltr\" role=\"presentation\"><span tabindex=\"0\">La sanaci\u00f3n de la<\/span><\/span> <span dir=\"ltr\" role=\"presentation\"><span tabindex=\"0\">mente<\/span><\/span> <span dir=\"ltr\" role=\"presentation\"><span tabindex=\"0\">incluye la videncia, el tarot, los caracoles, el <\/span><\/span><span dir=\"ltr\" role=\"presentation\"><span tabindex=\"0\">or\u00e1culo de F\u00e1tima, los hor\u00f3scopos, la numerolog\u00eda, los masajes y las limpiezas energ\u00e9ticas, <\/span><\/span><span dir=\"ltr\" role=\"presentation\"><span tabindex=\"0\">entre otros, todos los cuales lo ayudan a interpretar la vida y mejorarla<\/span><\/span> <span dir=\"ltr\" role=\"presentation\"><span tabindex=\"0\">a trav\u00e9s del conocimiento <\/span><\/span><span dir=\"ltr\" role=\"presentation\"><span tabindex=\"0\">de uno mismo<\/span><\/span> <span dir=\"ltr\" role=\"presentation\"><span tabindex=\"0\">y el crecimiento personal<\/span><\/span><span dir=\"ltr\" role=\"presentation\"><span tabindex=\"0\">. Gracias a sus conocimientos y<\/span><\/span> <span dir=\"ltr\" role=\"presentation\"><span tabindex=\"0\">sus m\u00faltiples <\/span><\/span><span dir=\"ltr\" role=\"presentation\"><span tabindex=\"0\">experiencia<\/span><\/span><span dir=\"ltr\" role=\"presentation\"><span tabindex=\"0\">s<\/span><\/span><span dir=\"ltr\" role=\"presentation\"><span tabindex=\"0\">, el autor<\/span><\/span> <span dir=\"ltr\" role=\"presentation\"><span tabindex=\"0\">plasma en<\/span><\/span> <span dir=\"ltr\" role=\"presentation\"><span tabindex=\"0\">La sanaci\u00f3n de la<\/span><\/span> <span dir=\"ltr\" role=\"presentation\"><span tabindex=\"0\">mente<\/span><\/span><span dir=\"ltr\" role=\"presentation\"><span tabindex=\"0\">, su segunda obra, sus pensamientos y <\/span><\/span><span dir=\"ltr\" role=\"presentation\"><span tabindex=\"0\">reflexiones sobre cuestiones vitales que nos afectan a todos en el d\u00eda a d\u00eda, atendamos o <\/span><\/span><span dir=\"ltr\" role=\"presentation\"><span tabindex=\"0\">ignoremos tales cuestiones. El<\/span><\/span> <span dir=\"ltr\" role=\"presentation\"><span tabindex=\"0\">miedo,<\/span><\/span> <span dir=\"ltr\" role=\"presentation\"><span tabindex=\"0\">las dudas,<\/span><\/span> <span dir=\"ltr\" role=\"presentation\"><span tabindex=\"0\">la positividad,<\/span><\/span> <span dir=\"ltr\" role=\"presentation\"><span tabindex=\"0\">el poder de la mente, el <\/span><\/span><span dir=\"ltr\" role=\"presentation\"><span tabindex=\"0\">subconsciente, el deseo de cambiar a alguien o querer cambiarnos a nosotros<\/span><\/span> <span dir=\"ltr\" role=\"presentation\"><span tabindex=\"0\">mismos<\/span><\/span><span dir=\"ltr\" role=\"presentation\"><span tabindex=\"0\">, la <\/span><\/span><span dir=\"ltr\" role=\"presentation\"><span tabindex=\"0\">generosidad para con el pr\u00f3jimo<\/span><\/span> <span dir=\"ltr\" role=\"presentation\"><span tabindex=\"0\">y con uno mismo, las relaciones de pareja, el amor<\/span><\/span> <span dir=\"ltr\" role=\"presentation\"><span tabindex=\"0\">o el perd\u00f3n <\/span><\/span><span dir=\"ltr\" role=\"presentation\"><span tabindex=\"0\">son algunas de las cuestiones que<\/span><\/span> <span dir=\"ltr\" role=\"presentation\"><span tabindex=\"0\">aborda a trav\u00e9s de un lenguaje directo, evitando los disimulos <\/span><\/span><span dir=\"ltr\" role=\"presentation\"><span tabindex=\"0\">y las sutilezas<\/span><\/span><span dir=\"ltr\" role=\"presentation\"><span tabindex=\"0\">. Y todo ello<\/span><\/span> <span dir=\"ltr\" role=\"presentation\"><span tabindex=\"0\">lo hace<\/span><\/span> <span dir=\"ltr\" role=\"presentation\"><span tabindex=\"0\">para<\/span><\/span> <span dir=\"ltr\" role=\"presentation\"><span tabindex=\"0\">que nos preguntemos por nuestra propia vida y <\/span><\/span><span dir=\"ltr\" role=\"presentation\"><span tabindex=\"0\">analicemos si es la que queremos para nosotros y si somos verdaderamente felices. Porque, al <\/span><\/span><span dir=\"ltr\" role=\"presentation\"><span tabindex=\"0\">final, casi todo depende de nosotros.<\/span><\/span> <span dir=\"ltr\" role=\"presentation\"><span tabindex=\"0\">Y nada es imposible en la vida.<\/span><\/span> <span dir=\"ltr\" role=\"presentation\"><span tabindex=\"0\">Un laberinto de reflexiones <\/span><\/span><span dir=\"ltr\" role=\"presentation\"><span tabindex=\"0\">y emociones que no te dejar\u00e1 indiferente.<\/span><\/span><\/p>\n","protected":false},"excerpt":{"rendered":"<p><strong>ISBN<\/strong>: 978-84-1114-946-4<\/p>\n<p><strong>SINOPSIS<\/strong><\/p>\n<p><span dir=\"ltr\" role=\"presentation\"><span tabindex=\"0\">El trabajo del autor de<\/span><\/span> <span dir=\"ltr\" role=\"presentation\"><span tabindex=\"0\">La sanaci\u00f3n de la<\/span><\/span> <span dir=\"ltr\" role=\"presentation\"><span tabindex=\"0\">mente<\/span><\/span> <span dir=\"ltr\" role=\"presentation\"><span tabindex=\"0\">incluye la videncia, el tarot, los caracoles, el <\/span><\/span><span dir=\"ltr\" role=\"presentation\"><span tabindex=\"0\">or\u00e1culo de F\u00e1tima, los hor\u00f3scopos, la numerolog\u00eda, los masajes y las limpiezas energ\u00e9ticas, <\/span><\/span><span dir=\"ltr\" role=\"presentation\"><span tabindex=\"0\">entre otros, todos los cuales lo ayudan a interpretar la vida y mejorarla<\/span><\/span> <span dir=\"ltr\" role=\"presentation\"><span tabindex=\"0\">a trav\u00e9s del conocimiento <\/span><\/span><span dir=\"ltr\" role=\"presentation\"><span tabindex=\"0\">de uno mismo<\/span><\/span> <span dir=\"ltr\" role=\"presentation\"><span tabindex=\"0\">y el crecimiento personal<\/span><\/span><span dir=\"ltr\" role=\"presentation\"><span tabindex=\"0\">. Gracias a sus conocimientos y<\/span><\/span> <span dir=\"ltr\" role=\"presentation\"><span tabindex=\"0\">sus m\u00faltiples <\/span><\/span><span dir=\"ltr\" role=\"presentation\"><span tabindex=\"0\">experiencia<\/span><\/span><span dir=\"ltr\" role=\"presentation\"><span tabindex=\"0\">s<\/span><\/span><span dir=\"ltr\" role=\"presentation\"><span tabindex=\"0\">, el autor<\/span><\/span> <span dir=\"ltr\" role=\"presentation\"><span tabindex=\"0\">plasma en<\/span><\/span> <span dir=\"ltr\" role=\"presentation\"><span tabindex=\"0\">La sanaci\u00f3n de la<\/span><\/span> <span dir=\"ltr\" role=\"presentation\"><span tabindex=\"0\">mente<\/span><\/span><span dir=\"ltr\" role=\"presentation\"><span tabindex=\"0\">, su segunda obra, sus pensamientos y <\/span><\/span><span dir=\"ltr\" role=\"presentation\"><span tabindex=\"0\">reflexiones sobre cuestiones vitales que nos afectan a todos en el d\u00eda a d\u00eda, atendamos o <\/span><\/span><span dir=\"ltr\" role=\"presentation\"><span tabindex=\"0\">ignoremos tales cuestiones. El<\/span><\/span> <span dir=\"ltr\" role=\"presentation\"><span tabindex=\"0\">miedo,<\/span><\/span> <span dir=\"ltr\" role=\"presentation\"><span tabindex=\"0\">las dudas,<\/span><\/span> <span dir=\"ltr\" role=\"presentation\"><span tabindex=\"0\">la positividad,<\/span><\/span> <span dir=\"ltr\" role=\"presentation\"><span tabindex=\"0\">el poder de la mente, el <\/span><\/span><span dir=\"ltr\" role=\"presentation\"><span tabindex=\"0\">subconsciente, el deseo de cambiar a alguien o querer cambiarnos a nosotros<\/span><\/span> <span dir=\"ltr\" role=\"presentation\"><span tabindex=\"0\">mismos<\/span><\/span><span dir=\"ltr\" role=\"presentation\"><span tabindex=\"0\">, la <\/span><\/span><span dir=\"ltr\" role=\"presentation\"><span tabindex=\"0\">generosidad para con el pr\u00f3jimo<\/span><\/span> <span dir=\"ltr\" role=\"presentation\"><span tabindex=\"0\">y con uno mismo, las relaciones de pareja, el amor<\/span><\/span> <span dir=\"ltr\" role=\"presentation\"><span tabindex=\"0\">o el perd\u00f3n <\/span><\/span><span dir=\"ltr\" role=\"presentation\"><span tabindex=\"0\">son algunas de las cuestiones que<\/span><\/span> <span dir=\"ltr\" role=\"presentation\"><span tabindex=\"0\">aborda a trav\u00e9s de un lenguaje directo, evitando los disimulos <\/span><\/span><span dir=\"ltr\" role=\"presentation\"><span tabindex=\"0\">y las sutilezas<\/span><\/span><span dir=\"ltr\" role=\"presentation\"><span tabindex=\"0\">. Y todo ello<\/span><\/span> <span dir=\"ltr\" role=\"presentation\"><span tabindex=\"0\">lo hace<\/span><\/span> <span dir=\"ltr\" role=\"presentation\"><span tabindex=\"0\">para<\/span><\/span> <span dir=\"ltr\" role=\"presentation\"><span tabindex=\"0\">que nos preguntemos por nuestra propia vida y <\/span><\/span><span dir=\"ltr\" role=\"presentation\"><span tabindex=\"0\">analicemos si es la que queremos para nosotros y si somos verdaderamente felices. Porque, al <\/span><\/span><span dir=\"ltr\" role=\"presentation\"><span tabindex=\"0\">final, casi todo depende de nosotros.<\/span><\/span> <span dir=\"ltr\" role=\"presentation\"><span tabindex=\"0\">Y nada es imposible en la vida.<\/span><\/span> <span dir=\"ltr\" role=\"presentation\"><span tabindex=\"0\">Un laberinto de reflexiones <\/span><\/span><span dir=\"ltr\" role=\"presentation\"><span tabindex=\"0\">y emociones que no te dejar\u00e1 indiferente.<\/span><\/span><\/p>\n","protected":false},"featured_media":97933,"comment_status":"closed","ping_status":"closed","template":"","meta":{"_acf_changed":false},"libro":[],"product_brand":[],"product_cat":[26],"product_tag":[],"class_list":{"0":"post-97932","1":"product","2":"type-product","3":"status-publish","4":"has-post-thumbnail","6":"product_cat-sin-categoria","8":"first","9":"instock","10":"product-type-simple"},"acf":{"autor":[76479],"enlace_de_compra":""},"yoast_head":"<!-- This site is optimized with the Yoast SEO plugin v27.4 - https:\/\/yoast.com\/product\/yoast-seo-wordpress\/ -->\n<title>Adhuc stantes - Catalogo | Letrame Grupo Editorial<\/title>\n<meta name=\"robots\" content=\"index, follow, max-snippet:-1, max-image-preview:large, max-video-preview:-1\" \/>\n<link rel=\"canonical\" href=\"https:\/\/letrame.com\/catalogo\/producto\/adhuc-stantes\/\" \/>\n<meta property=\"og:locale\" content=\"es_ES\" \/>\n<meta property=\"og:type\" content=\"article\" \/>\n<meta property=\"og:title\" content=\"Adhuc stantes - Catalogo | Letrame Grupo Editorial\" \/>\n<meta property=\"og:description\" content=\"ISBN: 978-84-1114-946-4  SINOPSIS  El trabajo del autor de La sanaci\u00f3n de la mente incluye la videncia, el tarot, los caracoles, el or\u00e1culo de F\u00e1tima, los hor\u00f3scopos, la numerolog\u00eda, los masajes y las limpiezas energ\u00e9ticas, entre otros, todos los cuales lo ayudan a interpretar la vida y mejorarla a trav\u00e9s del conocimiento de uno mismo y el crecimiento personal. Gracias a sus conocimientos y sus m\u00faltiples experiencias, el autor plasma en La sanaci\u00f3n de la mente, su segunda obra, sus pensamientos y reflexiones sobre cuestiones vitales que nos afectan a todos en el d\u00eda a d\u00eda, atendamos o ignoremos tales cuestiones. El miedo, las dudas, la positividad, el poder de la mente, el subconsciente, el deseo de cambiar a alguien o querer cambiarnos a nosotros mismos, la generosidad para con el pr\u00f3jimo y con uno mismo, las relaciones de pareja, el amor o el perd\u00f3n son algunas de las cuestiones que aborda a trav\u00e9s de un lenguaje directo, evitando los disimulos y las sutilezas. Y todo ello lo hace para que nos preguntemos por nuestra propia vida y analicemos si es la que queremos para nosotros y si somos verdaderamente felices. Porque, al final, casi todo depende de nosotros. Y nada es imposible en la vida. Un laberinto de reflexiones y emociones que no te dejar\u00e1 indiferente.\" \/>\n<meta property=\"og:url\" content=\"https:\/\/letrame.com\/catalogo\/producto\/adhuc-stantes\/\" \/>\n<meta property=\"og:site_name\" content=\"Catalogo | Letrame Grupo Editorial\" \/>\n<meta property=\"article:modified_time\" content=\"2024-08-12T13:28:32+00:00\" \/>\n<meta property=\"og:image\" content=\"https:\/\/letrame.com\/catalogo\/wp-content\/uploads\/2024\/04\/redportada_adhuc_725mm.jpg\" \/>\n\t<meta property=\"og:image:width\" content=\"601\" \/>\n\t<meta property=\"og:image:height\" content=\"881\" \/>\n\t<meta property=\"og:image:type\" content=\"image\/jpeg\" \/>\n<meta name=\"twitter:card\" content=\"summary_large_image\" \/>\n<meta name=\"twitter:label1\" content=\"Tiempo de lectura\" \/>\n\t<meta name=\"twitter:data1\" content=\"2 minutos\" \/>\n<script type=\"application\/ld+json\" class=\"yoast-schema-graph\">{\"@context\":\"https:\\\/\\\/schema.org\",\"@graph\":[{\"@type\":\"WebPage\",\"@id\":\"https:\\\/\\\/letrame.com\\\/catalogo\\\/producto\\\/adhuc-stantes\\\/\",\"url\":\"https:\\\/\\\/letrame.com\\\/catalogo\\\/producto\\\/adhuc-stantes\\\/\",\"name\":\"Adhuc stantes - Catalogo | Letrame Grupo Editorial\",\"isPartOf\":{\"@id\":\"https:\\\/\\\/letrame.com\\\/catalogo\\\/#website\"},\"primaryImageOfPage\":{\"@id\":\"https:\\\/\\\/letrame.com\\\/catalogo\\\/producto\\\/adhuc-stantes\\\/#primaryimage\"},\"image\":{\"@id\":\"https:\\\/\\\/letrame.com\\\/catalogo\\\/producto\\\/adhuc-stantes\\\/#primaryimage\"},\"thumbnailUrl\":\"https:\\\/\\\/letrame.com\\\/catalogo\\\/wp-content\\\/uploads\\\/2024\\\/04\\\/redportada_adhuc_725mm.jpg\",\"datePublished\":\"2024-04-29T12:37:15+00:00\",\"dateModified\":\"2024-08-12T13:28:32+00:00\",\"breadcrumb\":{\"@id\":\"https:\\\/\\\/letrame.com\\\/catalogo\\\/producto\\\/adhuc-stantes\\\/#breadcrumb\"},\"inLanguage\":\"es\",\"potentialAction\":[{\"@type\":\"ReadAction\",\"target\":[\"https:\\\/\\\/letrame.com\\\/catalogo\\\/producto\\\/adhuc-stantes\\\/\"]}]},{\"@type\":\"ImageObject\",\"inLanguage\":\"es\",\"@id\":\"https:\\\/\\\/letrame.com\\\/catalogo\\\/producto\\\/adhuc-stantes\\\/#primaryimage\",\"url\":\"https:\\\/\\\/letrame.com\\\/catalogo\\\/wp-content\\\/uploads\\\/2024\\\/04\\\/redportada_adhuc_725mm.jpg\",\"contentUrl\":\"https:\\\/\\\/letrame.com\\\/catalogo\\\/wp-content\\\/uploads\\\/2024\\\/04\\\/redportada_adhuc_725mm.jpg\",\"width\":601,\"height\":881},{\"@type\":\"BreadcrumbList\",\"@id\":\"https:\\\/\\\/letrame.com\\\/catalogo\\\/producto\\\/adhuc-stantes\\\/#breadcrumb\",\"itemListElement\":[{\"@type\":\"ListItem\",\"position\":1,\"name\":\"Portada\",\"item\":\"https:\\\/\\\/letrame.com\\\/catalogo\\\/\"},{\"@type\":\"ListItem\",\"position\":2,\"name\":\"Cat\u00e1logo\",\"item\":\"https:\\\/\\\/letrame.com\\\/catalogo\\\/\"},{\"@type\":\"ListItem\",\"position\":3,\"name\":\"Adhuc stantes\"}]},{\"@type\":\"WebSite\",\"@id\":\"https:\\\/\\\/letrame.com\\\/catalogo\\\/#website\",\"url\":\"https:\\\/\\\/letrame.com\\\/catalogo\\\/\",\"name\":\"Catalogo | Letrame Grupo Editorial\",\"description\":\"\",\"publisher\":{\"@id\":\"https:\\\/\\\/letrame.com\\\/catalogo\\\/#organization\"},\"potentialAction\":[{\"@type\":\"SearchAction\",\"target\":{\"@type\":\"EntryPoint\",\"urlTemplate\":\"https:\\\/\\\/letrame.com\\\/catalogo\\\/?s={search_term_string}\"},\"query-input\":{\"@type\":\"PropertyValueSpecification\",\"valueRequired\":true,\"valueName\":\"search_term_string\"}}],\"inLanguage\":\"es\"},{\"@type\":\"Organization\",\"@id\":\"https:\\\/\\\/letrame.com\\\/catalogo\\\/#organization\",\"name\":\"Catalogo | Letrame Grupo Editorial\",\"url\":\"https:\\\/\\\/letrame.com\\\/catalogo\\\/\",\"logo\":{\"@type\":\"ImageObject\",\"inLanguage\":\"es\",\"@id\":\"https:\\\/\\\/letrame.com\\\/catalogo\\\/#\\\/schema\\\/logo\\\/image\\\/\",\"url\":\"https:\\\/\\\/letrame.com\\\/catalogo\\\/wp-content\\\/uploads\\\/2024\\\/03\\\/logo2.webp\",\"contentUrl\":\"https:\\\/\\\/letrame.com\\\/catalogo\\\/wp-content\\\/uploads\\\/2024\\\/03\\\/logo2.webp\",\"width\":394,\"height\":128,\"caption\":\"Catalogo | Letrame Grupo Editorial\"},\"image\":{\"@id\":\"https:\\\/\\\/letrame.com\\\/catalogo\\\/#\\\/schema\\\/logo\\\/image\\\/\"}}]}<\/script>\n<!-- \/ Yoast SEO plugin. -->","yoast_head_json":{"title":"Adhuc stantes - Catalogo | Letrame Grupo Editorial","robots":{"index":"index","follow":"follow","max-snippet":"max-snippet:-1","max-image-preview":"max-image-preview:large","max-video-preview":"max-video-preview:-1"},"canonical":"https:\/\/letrame.com\/catalogo\/producto\/adhuc-stantes\/","og_locale":"es_ES","og_type":"article","og_title":"Adhuc stantes - Catalogo | Letrame Grupo Editorial","og_description":"ISBN: 978-84-1114-946-4  SINOPSIS  El trabajo del autor de La sanaci\u00f3n de la mente incluye la videncia, el tarot, los caracoles, el or\u00e1culo de F\u00e1tima, los hor\u00f3scopos, la numerolog\u00eda, los masajes y las limpiezas energ\u00e9ticas, entre otros, todos los cuales lo ayudan a interpretar la vida y mejorarla a trav\u00e9s del conocimiento de uno mismo y el crecimiento personal. Gracias a sus conocimientos y sus m\u00faltiples experiencias, el autor plasma en La sanaci\u00f3n de la mente, su segunda obra, sus pensamientos y reflexiones sobre cuestiones vitales que nos afectan a todos en el d\u00eda a d\u00eda, atendamos o ignoremos tales cuestiones. El miedo, las dudas, la positividad, el poder de la mente, el subconsciente, el deseo de cambiar a alguien o querer cambiarnos a nosotros mismos, la generosidad para con el pr\u00f3jimo y con uno mismo, las relaciones de pareja, el amor o el perd\u00f3n son algunas de las cuestiones que aborda a trav\u00e9s de un lenguaje directo, evitando los disimulos y las sutilezas. Y todo ello lo hace para que nos preguntemos por nuestra propia vida y analicemos si es la que queremos para nosotros y si somos verdaderamente felices. Porque, al final, casi todo depende de nosotros. Y nada es imposible en la vida. Un laberinto de reflexiones y emociones que no te dejar\u00e1 indiferente.","og_url":"https:\/\/letrame.com\/catalogo\/producto\/adhuc-stantes\/","og_site_name":"Catalogo | Letrame Grupo Editorial","article_modified_time":"2024-08-12T13:28:32+00:00","og_image":[{"width":601,"height":881,"url":"https:\/\/letrame.com\/catalogo\/wp-content\/uploads\/2024\/04\/redportada_adhuc_725mm.jpg","type":"image\/jpeg"}],"twitter_card":"summary_large_image","twitter_misc":{"Tiempo de lectura":"2 minutos"},"schema":{"@context":"https:\/\/schema.org","@graph":[{"@type":"WebPage","@id":"https:\/\/letrame.com\/catalogo\/producto\/adhuc-stantes\/","url":"https:\/\/letrame.com\/catalogo\/producto\/adhuc-stantes\/","name":"Adhuc stantes - Catalogo | Letrame Grupo Editorial","isPartOf":{"@id":"https:\/\/letrame.com\/catalogo\/#website"},"primaryImageOfPage":{"@id":"https:\/\/letrame.com\/catalogo\/producto\/adhuc-stantes\/#primaryimage"},"image":{"@id":"https:\/\/letrame.com\/catalogo\/producto\/adhuc-stantes\/#primaryimage"},"thumbnailUrl":"https:\/\/letrame.com\/catalogo\/wp-content\/uploads\/2024\/04\/redportada_adhuc_725mm.jpg","datePublished":"2024-04-29T12:37:15+00:00","dateModified":"2024-08-12T13:28:32+00:00","breadcrumb":{"@id":"https:\/\/letrame.com\/catalogo\/producto\/adhuc-stantes\/#breadcrumb"},"inLanguage":"es","potentialAction":[{"@type":"ReadAction","target":["https:\/\/letrame.com\/catalogo\/producto\/adhuc-stantes\/"]}]},{"@type":"ImageObject","inLanguage":"es","@id":"https:\/\/letrame.com\/catalogo\/producto\/adhuc-stantes\/#primaryimage","url":"https:\/\/letrame.com\/catalogo\/wp-content\/uploads\/2024\/04\/redportada_adhuc_725mm.jpg","contentUrl":"https:\/\/letrame.com\/catalogo\/wp-content\/uploads\/2024\/04\/redportada_adhuc_725mm.jpg","width":601,"height":881},{"@type":"BreadcrumbList","@id":"https:\/\/letrame.com\/catalogo\/producto\/adhuc-stantes\/#breadcrumb","itemListElement":[{"@type":"ListItem","position":1,"name":"Portada","item":"https:\/\/letrame.com\/catalogo\/"},{"@type":"ListItem","position":2,"name":"Cat\u00e1logo","item":"https:\/\/letrame.com\/catalogo\/"},{"@type":"ListItem","position":3,"name":"Adhuc stantes"}]},{"@type":"WebSite","@id":"https:\/\/letrame.com\/catalogo\/#website","url":"https:\/\/letrame.com\/catalogo\/","name":"Catalogo | Letrame Grupo Editorial","description":"","publisher":{"@id":"https:\/\/letrame.com\/catalogo\/#organization"},"potentialAction":[{"@type":"SearchAction","target":{"@type":"EntryPoint","urlTemplate":"https:\/\/letrame.com\/catalogo\/?s={search_term_string}"},"query-input":{"@type":"PropertyValueSpecification","valueRequired":true,"valueName":"search_term_string"}}],"inLanguage":"es"},{"@type":"Organization","@id":"https:\/\/letrame.com\/catalogo\/#organization","name":"Catalogo | Letrame Grupo Editorial","url":"https:\/\/letrame.com\/catalogo\/","logo":{"@type":"ImageObject","inLanguage":"es","@id":"https:\/\/letrame.com\/catalogo\/#\/schema\/logo\/image\/","url":"https:\/\/letrame.com\/catalogo\/wp-content\/uploads\/2024\/03\/logo2.webp","contentUrl":"https:\/\/letrame.com\/catalogo\/wp-content\/uploads\/2024\/03\/logo2.webp","width":394,"height":128,"caption":"Catalogo | Letrame Grupo Editorial"},"image":{"@id":"https:\/\/letrame.com\/catalogo\/#\/schema\/logo\/image\/"}}]}},"_links":{"self":[{"href":"https:\/\/letrame.com\/catalogo\/wp-json\/wp\/v2\/product\/97932","targetHints":{"allow":["GET"]}}],"collection":[{"href":"https:\/\/letrame.com\/catalogo\/wp-json\/wp\/v2\/product"}],"about":[{"href":"https:\/\/letrame.com\/catalogo\/wp-json\/wp\/v2\/types\/product"}],"replies":[{"embeddable":true,"href":"https:\/\/letrame.com\/catalogo\/wp-json\/wp\/v2\/comments?post=97932"}],"acf:post":[{"embeddable":true,"href":"https:\/\/letrame.com\/catalogo\/wp-json\/wp\/v2\/author_book\/76479"}],"wp:featuredmedia":[{"embeddable":true,"href":"https:\/\/letrame.com\/catalogo\/wp-json\/wp\/v2\/media\/97933"}],"wp:attachment":[{"href":"https:\/\/letrame.com\/catalogo\/wp-json\/wp\/v2\/media?parent=97932"}],"wp:term":[{"taxonomy":"libro","embeddable":true,"href":"https:\/\/letrame.com\/catalogo\/wp-json\/wp\/v2\/libro?post=97932"},{"taxonomy":"product_brand","embeddable":true,"href":"https:\/\/letrame.com\/catalogo\/wp-json\/wp\/v2\/product_brand?post=97932"},{"taxonomy":"product_cat","embeddable":true,"href":"https:\/\/letrame.com\/catalogo\/wp-json\/wp\/v2\/product_cat?post=97932"},{"taxonomy":"product_tag","embeddable":true,"href":"https:\/\/letrame.com\/catalogo\/wp-json\/wp\/v2\/product_tag?post=97932"}],"curies":[{"name":"wp","href":"https:\/\/api.w.org\/{rel}","templated":true}]}}