{"id":97926,"date":"2024-04-29T14:37:04","date_gmt":"2024-04-29T12:37:04","guid":{"rendered":"https:\/\/letrame.com\/catalogo\/producto\/tragedias-de-amor\/"},"modified":"2024-04-29T14:37:07","modified_gmt":"2024-04-29T12:37:07","slug":"tragedias-de-amor","status":"publish","type":"product","link":"https:\/\/letrame.com\/catalogo\/producto\/tragedias-de-amor\/","title":{"rendered":"Tragedias de amor"},"content":{"rendered":"<p><strong>ISBN<\/strong>: 978-84-1114-852-8<\/p>\n<p><strong>T\u00edtulo<\/strong>: Tragedias de amor<br \/>\n<strong>Fecha<\/strong>: 2022<br \/>\n<strong>P\u00e1ginas<\/strong>: 114<\/p>\n<p><strong>SINOPSIS<\/strong><\/p>\n<p>LA MALMUERTA.<\/p>\n<p>C\u00f3rdoba, a\u00f1o 1404.<\/p>\n<p>Rey de la ciudad Enrique III de Castilla.<\/p>\n<p>Aqu\u00ed vive una joven, bella y dulce mujer, desposada con un importante capit\u00e1n cristiano.<\/p>\n<p>El capit\u00e1n es enviado a la frontera, pues Castilla se encuentra en guerra con el reino nazar\u00ed de Granada.<\/p>\n<p>Antes de partir, y temeroso de que la belleza de su esposa pudiera atraer las miradas y pretensiones de otros, da orden a la servidumbre y a ella misma de que solo salga de la casa para ir a misa, y siempre acompa\u00f1ada por el ama de llaves, persona de su entera confianza.<\/p>\n<p>El corregidor de la ciudad (m\u00e1xima autoridad despu\u00e9s que el rey), enamorado de la mujer, aprovecha la ausencia del esposo para, coaccionando al sirviente principal con distintas acusaciones, enviarle una carta declaratoria y concertar una cita.<\/p>\n<p>Una vez conseguido su objetivo, y ante la respuesta negativa a sus deseos, sinti\u00e9ndose ofendido y con \u00e1nimo de venganza, urde una serie de planes para castigarla, los cuales acaban, para su sorpresa, en la inocente muerte de la joven, de unos criados del capit\u00e1n y en la suya propia.<\/p>\n<p>&nbsp;<\/p>\n<p>LA VENUS GITANA<\/p>\n<p>Diego, un apuesto y adinerado joven cordob\u00e9s, se enamora de la m\u00e1s bella mujer de la ciudad, pero es una humilde gitanilla.<\/p>\n<p>Ella corresponde con un profundo amor a sus sentimientos.<\/p>\n<p>Esta relaci\u00f3n no es bien vista, y uno de los pretendientes de su misma etnia acaba emboscando y asesinando a Diego.<\/p>\n<p>Ella va tras \u00e9l, traspasando la barrera de la muerte.<\/p>\n<p>Ambas obras est\u00e1n inspiradas en leyendas de C\u00f3rdoba y escritas en verso, utilizando distintas m\u00e9tricas: rimas asonantes, rimas consonantes, etc., dependiendo de la descripci\u00f3n o realce de las emociones a explicar.<\/p>\n<p>Es importante para entender las actuaciones de los personajes las circunstancias sociales imperantes en aquellas \u00e9pocas, aunque tambi\u00e9n se describe la grandeza y flaqueza del alma y la raz\u00f3n del ser humano&#8230; inherentes e intemporales.<\/p>\n<p>&nbsp;<\/p>\n","protected":false},"excerpt":{"rendered":"<p><strong>ISBN<\/strong>: 978-84-1114-852-8<\/p>\n<p><strong>SINOPSIS<\/strong><\/p>\n<p>LA MALMUERTA.<\/p>\n<p>C\u00f3rdoba, a\u00f1o 1404.<\/p>\n<p>Rey de la ciudad Enrique III de Castilla.<\/p>\n<p>Aqu\u00ed vive una joven, bella y dulce mujer, desposada con un importante capit\u00e1n cristiano.<\/p>\n<p>El capit\u00e1n es enviado a la frontera, pues Castilla se encuentra en guerra con el reino nazar\u00ed de Granada.<\/p>\n<p>Antes de partir, y temeroso de que la belleza de su esposa pudiera atraer las miradas y pretensiones de otros, da orden a la servidumbre y a ella misma de que solo salga de la casa para ir a misa, y siempre acompa\u00f1ada por el ama de llaves, persona de su entera confianza.<\/p>\n<p>El corregidor de la ciudad (m\u00e1xima autoridad despu\u00e9s que el rey), enamorado de la mujer, aprovecha la ausencia del esposo para, coaccionando al sirviente principal con distintas acusaciones, enviarle una carta declaratoria y concertar una cita.<\/p>\n<p>Una vez conseguido su objetivo, y ante la respuesta negativa a sus deseos, sinti\u00e9ndose ofendido y con \u00e1nimo de venganza, urde una serie de planes para castigarla, los cuales acaban, para su sorpresa, en la inocente muerte de la joven, de unos criados del capit\u00e1n y en la suya propia.<\/p>\n<p>&nbsp;<\/p>\n<p>LA VENUS GITANA<\/p>\n<p>Diego, un apuesto y adinerado joven cordob\u00e9s, se enamora de la m\u00e1s bella mujer de la ciudad, pero es una humilde gitanilla.<\/p>\n<p>Ella corresponde con un profundo amor a sus sentimientos.<\/p>\n<p>Esta relaci\u00f3n no es bien vista, y uno de los pretendientes de su misma etnia acaba emboscando y asesinando a Diego.<\/p>\n<p>Ella va tras \u00e9l, traspasando la barrera de la muerte.<\/p>\n<p>Ambas obras est\u00e1n inspiradas en leyendas de C\u00f3rdoba y escritas en verso, utilizando distintas m\u00e9tricas: rimas asonantes, rimas consonantes, etc., dependiendo de la descripci\u00f3n o realce de las emociones a explicar.<\/p>\n<p>Es importante para entender las actuaciones de los personajes las circunstancias sociales imperantes en aquellas \u00e9pocas, aunque tambi\u00e9n se describe la grandeza y flaqueza del alma y la raz\u00f3n del ser humano&#8230; inherentes e intemporales.<\/p>\n","protected":false},"featured_media":97927,"comment_status":"closed","ping_status":"open","template":"","meta":{"_acf_changed":false},"libro":[],"product_brand":[],"product_cat":[26],"product_tag":[],"class_list":{"0":"post-97926","1":"product","2":"type-product","3":"status-publish","4":"has-post-thumbnail","6":"product_cat-sin-categoria","8":"first","9":"instock","10":"product-type-simple"},"acf":{"autor":[76472],"enlace_de_compra":"https:\/\/www.amazon.es\/Tragedias-amor-malmuerta-venus-gitana\/dp\/8411148521\/"},"yoast_head":"<!-- This site is optimized with the Yoast SEO plugin v27.4 - https:\/\/yoast.com\/product\/yoast-seo-wordpress\/ -->\n<title>Tragedias de amor - Catalogo | Letrame Grupo Editorial<\/title>\n<meta name=\"robots\" content=\"index, follow, max-snippet:-1, max-image-preview:large, max-video-preview:-1\" \/>\n<link rel=\"canonical\" href=\"https:\/\/letrame.com\/catalogo\/producto\/tragedias-de-amor\/\" \/>\n<meta property=\"og:locale\" content=\"es_ES\" \/>\n<meta property=\"og:type\" content=\"article\" \/>\n<meta property=\"og:title\" content=\"Tragedias de amor - Catalogo | Letrame Grupo Editorial\" \/>\n<meta property=\"og:description\" content=\"ISBN: 978-84-1114-852-8 SINOPSIS LA MALMUERTA. C\u00f3rdoba, a\u00f1o 1404. Rey de la ciudad Enrique III de Castilla. Aqu\u00ed vive una joven, bella y dulce mujer, desposada con un importante capit\u00e1n cristiano. El capit\u00e1n es enviado a la frontera, pues Castilla se encuentra en guerra con el reino nazar\u00ed de Granada. Antes de partir, y temeroso de que la belleza de su esposa pudiera atraer las miradas y pretensiones de otros, da orden a la servidumbre y a ella misma de que solo salga de la casa para ir a misa, y siempre acompa\u00f1ada por el ama de llaves, persona de su entera confianza. El corregidor de la ciudad (m\u00e1xima autoridad despu\u00e9s que el rey), enamorado de la mujer, aprovecha la ausencia del esposo para, coaccionando al sirviente principal con distintas acusaciones, enviarle una carta declaratoria y concertar una cita. Una vez conseguido su objetivo, y ante la respuesta negativa a sus deseos, sinti\u00e9ndose ofendido y con \u00e1nimo de venganza, urde una serie de planes para castigarla, los cuales acaban, para su sorpresa, en la inocente muerte de la joven, de unos criados del capit\u00e1n y en la suya propia. &nbsp; LA VENUS GITANA Diego, un apuesto y adinerado joven cordob\u00e9s, se enamora de la m\u00e1s bella mujer de la ciudad, pero es una humilde gitanilla. Ella corresponde con un profundo amor a sus sentimientos. Esta relaci\u00f3n no es bien vista, y uno de los pretendientes de su misma etnia acaba emboscando y asesinando a Diego. Ella va tras \u00e9l, traspasando la barrera de la muerte. Ambas obras est\u00e1n inspiradas en leyendas de C\u00f3rdoba y escritas en verso, utilizando distintas m\u00e9tricas: rimas asonantes, rimas consonantes, etc., dependiendo de la descripci\u00f3n o realce de las emociones a explicar. Es importante para entender las actuaciones de los personajes las circunstancias sociales imperantes en aquellas \u00e9pocas, aunque tambi\u00e9n se describe la grandeza y flaqueza del alma y la raz\u00f3n del ser humano... inherentes e intemporales.\" \/>\n<meta property=\"og:url\" content=\"https:\/\/letrame.com\/catalogo\/producto\/tragedias-de-amor\/\" \/>\n<meta property=\"og:site_name\" content=\"Catalogo | Letrame Grupo Editorial\" \/>\n<meta property=\"article:modified_time\" content=\"2024-04-29T12:37:07+00:00\" \/>\n<meta property=\"og:image\" content=\"https:\/\/letrame.com\/catalogo\/wp-content\/uploads\/2024\/04\/redportada_tragediasdeamor_633mm.jpg\" \/>\n\t<meta property=\"og:image:width\" content=\"601\" \/>\n\t<meta property=\"og:image:height\" content=\"841\" \/>\n\t<meta property=\"og:image:type\" content=\"image\/jpeg\" \/>\n<meta name=\"twitter:card\" content=\"summary_large_image\" \/>\n<meta name=\"twitter:label1\" content=\"Tiempo de lectura\" \/>\n\t<meta name=\"twitter:data1\" content=\"2 minutos\" \/>\n<script type=\"application\/ld+json\" class=\"yoast-schema-graph\">{\"@context\":\"https:\\\/\\\/schema.org\",\"@graph\":[{\"@type\":\"WebPage\",\"@id\":\"https:\\\/\\\/letrame.com\\\/catalogo\\\/producto\\\/tragedias-de-amor\\\/\",\"url\":\"https:\\\/\\\/letrame.com\\\/catalogo\\\/producto\\\/tragedias-de-amor\\\/\",\"name\":\"Tragedias de amor - Catalogo | Letrame Grupo Editorial\",\"isPartOf\":{\"@id\":\"https:\\\/\\\/letrame.com\\\/catalogo\\\/#website\"},\"primaryImageOfPage\":{\"@id\":\"https:\\\/\\\/letrame.com\\\/catalogo\\\/producto\\\/tragedias-de-amor\\\/#primaryimage\"},\"image\":{\"@id\":\"https:\\\/\\\/letrame.com\\\/catalogo\\\/producto\\\/tragedias-de-amor\\\/#primaryimage\"},\"thumbnailUrl\":\"https:\\\/\\\/letrame.com\\\/catalogo\\\/wp-content\\\/uploads\\\/2024\\\/04\\\/redportada_tragediasdeamor_633mm.jpg\",\"datePublished\":\"2024-04-29T12:37:04+00:00\",\"dateModified\":\"2024-04-29T12:37:07+00:00\",\"breadcrumb\":{\"@id\":\"https:\\\/\\\/letrame.com\\\/catalogo\\\/producto\\\/tragedias-de-amor\\\/#breadcrumb\"},\"inLanguage\":\"es\",\"potentialAction\":[{\"@type\":\"ReadAction\",\"target\":[\"https:\\\/\\\/letrame.com\\\/catalogo\\\/producto\\\/tragedias-de-amor\\\/\"]}]},{\"@type\":\"ImageObject\",\"inLanguage\":\"es\",\"@id\":\"https:\\\/\\\/letrame.com\\\/catalogo\\\/producto\\\/tragedias-de-amor\\\/#primaryimage\",\"url\":\"https:\\\/\\\/letrame.com\\\/catalogo\\\/wp-content\\\/uploads\\\/2024\\\/04\\\/redportada_tragediasdeamor_633mm.jpg\",\"contentUrl\":\"https:\\\/\\\/letrame.com\\\/catalogo\\\/wp-content\\\/uploads\\\/2024\\\/04\\\/redportada_tragediasdeamor_633mm.jpg\",\"width\":601,\"height\":841},{\"@type\":\"BreadcrumbList\",\"@id\":\"https:\\\/\\\/letrame.com\\\/catalogo\\\/producto\\\/tragedias-de-amor\\\/#breadcrumb\",\"itemListElement\":[{\"@type\":\"ListItem\",\"position\":1,\"name\":\"Portada\",\"item\":\"https:\\\/\\\/letrame.com\\\/catalogo\\\/\"},{\"@type\":\"ListItem\",\"position\":2,\"name\":\"Cat\u00e1logo\",\"item\":\"https:\\\/\\\/letrame.com\\\/catalogo\\\/\"},{\"@type\":\"ListItem\",\"position\":3,\"name\":\"Tragedias de amor\"}]},{\"@type\":\"WebSite\",\"@id\":\"https:\\\/\\\/letrame.com\\\/catalogo\\\/#website\",\"url\":\"https:\\\/\\\/letrame.com\\\/catalogo\\\/\",\"name\":\"Catalogo | Letrame Grupo Editorial\",\"description\":\"\",\"publisher\":{\"@id\":\"https:\\\/\\\/letrame.com\\\/catalogo\\\/#organization\"},\"potentialAction\":[{\"@type\":\"SearchAction\",\"target\":{\"@type\":\"EntryPoint\",\"urlTemplate\":\"https:\\\/\\\/letrame.com\\\/catalogo\\\/?s={search_term_string}\"},\"query-input\":{\"@type\":\"PropertyValueSpecification\",\"valueRequired\":true,\"valueName\":\"search_term_string\"}}],\"inLanguage\":\"es\"},{\"@type\":\"Organization\",\"@id\":\"https:\\\/\\\/letrame.com\\\/catalogo\\\/#organization\",\"name\":\"Catalogo | Letrame Grupo Editorial\",\"url\":\"https:\\\/\\\/letrame.com\\\/catalogo\\\/\",\"logo\":{\"@type\":\"ImageObject\",\"inLanguage\":\"es\",\"@id\":\"https:\\\/\\\/letrame.com\\\/catalogo\\\/#\\\/schema\\\/logo\\\/image\\\/\",\"url\":\"https:\\\/\\\/letrame.com\\\/catalogo\\\/wp-content\\\/uploads\\\/2024\\\/03\\\/logo2.webp\",\"contentUrl\":\"https:\\\/\\\/letrame.com\\\/catalogo\\\/wp-content\\\/uploads\\\/2024\\\/03\\\/logo2.webp\",\"width\":394,\"height\":128,\"caption\":\"Catalogo | Letrame Grupo Editorial\"},\"image\":{\"@id\":\"https:\\\/\\\/letrame.com\\\/catalogo\\\/#\\\/schema\\\/logo\\\/image\\\/\"}}]}<\/script>\n<!-- \/ Yoast SEO plugin. -->","yoast_head_json":{"title":"Tragedias de amor - Catalogo | Letrame Grupo Editorial","robots":{"index":"index","follow":"follow","max-snippet":"max-snippet:-1","max-image-preview":"max-image-preview:large","max-video-preview":"max-video-preview:-1"},"canonical":"https:\/\/letrame.com\/catalogo\/producto\/tragedias-de-amor\/","og_locale":"es_ES","og_type":"article","og_title":"Tragedias de amor - Catalogo | Letrame Grupo Editorial","og_description":"ISBN: 978-84-1114-852-8 SINOPSIS LA MALMUERTA. C\u00f3rdoba, a\u00f1o 1404. Rey de la ciudad Enrique III de Castilla. Aqu\u00ed vive una joven, bella y dulce mujer, desposada con un importante capit\u00e1n cristiano. El capit\u00e1n es enviado a la frontera, pues Castilla se encuentra en guerra con el reino nazar\u00ed de Granada. Antes de partir, y temeroso de que la belleza de su esposa pudiera atraer las miradas y pretensiones de otros, da orden a la servidumbre y a ella misma de que solo salga de la casa para ir a misa, y siempre acompa\u00f1ada por el ama de llaves, persona de su entera confianza. El corregidor de la ciudad (m\u00e1xima autoridad despu\u00e9s que el rey), enamorado de la mujer, aprovecha la ausencia del esposo para, coaccionando al sirviente principal con distintas acusaciones, enviarle una carta declaratoria y concertar una cita. Una vez conseguido su objetivo, y ante la respuesta negativa a sus deseos, sinti\u00e9ndose ofendido y con \u00e1nimo de venganza, urde una serie de planes para castigarla, los cuales acaban, para su sorpresa, en la inocente muerte de la joven, de unos criados del capit\u00e1n y en la suya propia. &nbsp; LA VENUS GITANA Diego, un apuesto y adinerado joven cordob\u00e9s, se enamora de la m\u00e1s bella mujer de la ciudad, pero es una humilde gitanilla. Ella corresponde con un profundo amor a sus sentimientos. Esta relaci\u00f3n no es bien vista, y uno de los pretendientes de su misma etnia acaba emboscando y asesinando a Diego. Ella va tras \u00e9l, traspasando la barrera de la muerte. Ambas obras est\u00e1n inspiradas en leyendas de C\u00f3rdoba y escritas en verso, utilizando distintas m\u00e9tricas: rimas asonantes, rimas consonantes, etc., dependiendo de la descripci\u00f3n o realce de las emociones a explicar. Es importante para entender las actuaciones de los personajes las circunstancias sociales imperantes en aquellas \u00e9pocas, aunque tambi\u00e9n se describe la grandeza y flaqueza del alma y la raz\u00f3n del ser humano... inherentes e intemporales.","og_url":"https:\/\/letrame.com\/catalogo\/producto\/tragedias-de-amor\/","og_site_name":"Catalogo | Letrame Grupo Editorial","article_modified_time":"2024-04-29T12:37:07+00:00","og_image":[{"width":601,"height":841,"url":"https:\/\/letrame.com\/catalogo\/wp-content\/uploads\/2024\/04\/redportada_tragediasdeamor_633mm.jpg","type":"image\/jpeg"}],"twitter_card":"summary_large_image","twitter_misc":{"Tiempo de lectura":"2 minutos"},"schema":{"@context":"https:\/\/schema.org","@graph":[{"@type":"WebPage","@id":"https:\/\/letrame.com\/catalogo\/producto\/tragedias-de-amor\/","url":"https:\/\/letrame.com\/catalogo\/producto\/tragedias-de-amor\/","name":"Tragedias de amor - Catalogo | Letrame Grupo Editorial","isPartOf":{"@id":"https:\/\/letrame.com\/catalogo\/#website"},"primaryImageOfPage":{"@id":"https:\/\/letrame.com\/catalogo\/producto\/tragedias-de-amor\/#primaryimage"},"image":{"@id":"https:\/\/letrame.com\/catalogo\/producto\/tragedias-de-amor\/#primaryimage"},"thumbnailUrl":"https:\/\/letrame.com\/catalogo\/wp-content\/uploads\/2024\/04\/redportada_tragediasdeamor_633mm.jpg","datePublished":"2024-04-29T12:37:04+00:00","dateModified":"2024-04-29T12:37:07+00:00","breadcrumb":{"@id":"https:\/\/letrame.com\/catalogo\/producto\/tragedias-de-amor\/#breadcrumb"},"inLanguage":"es","potentialAction":[{"@type":"ReadAction","target":["https:\/\/letrame.com\/catalogo\/producto\/tragedias-de-amor\/"]}]},{"@type":"ImageObject","inLanguage":"es","@id":"https:\/\/letrame.com\/catalogo\/producto\/tragedias-de-amor\/#primaryimage","url":"https:\/\/letrame.com\/catalogo\/wp-content\/uploads\/2024\/04\/redportada_tragediasdeamor_633mm.jpg","contentUrl":"https:\/\/letrame.com\/catalogo\/wp-content\/uploads\/2024\/04\/redportada_tragediasdeamor_633mm.jpg","width":601,"height":841},{"@type":"BreadcrumbList","@id":"https:\/\/letrame.com\/catalogo\/producto\/tragedias-de-amor\/#breadcrumb","itemListElement":[{"@type":"ListItem","position":1,"name":"Portada","item":"https:\/\/letrame.com\/catalogo\/"},{"@type":"ListItem","position":2,"name":"Cat\u00e1logo","item":"https:\/\/letrame.com\/catalogo\/"},{"@type":"ListItem","position":3,"name":"Tragedias de amor"}]},{"@type":"WebSite","@id":"https:\/\/letrame.com\/catalogo\/#website","url":"https:\/\/letrame.com\/catalogo\/","name":"Catalogo | Letrame Grupo Editorial","description":"","publisher":{"@id":"https:\/\/letrame.com\/catalogo\/#organization"},"potentialAction":[{"@type":"SearchAction","target":{"@type":"EntryPoint","urlTemplate":"https:\/\/letrame.com\/catalogo\/?s={search_term_string}"},"query-input":{"@type":"PropertyValueSpecification","valueRequired":true,"valueName":"search_term_string"}}],"inLanguage":"es"},{"@type":"Organization","@id":"https:\/\/letrame.com\/catalogo\/#organization","name":"Catalogo | Letrame Grupo Editorial","url":"https:\/\/letrame.com\/catalogo\/","logo":{"@type":"ImageObject","inLanguage":"es","@id":"https:\/\/letrame.com\/catalogo\/#\/schema\/logo\/image\/","url":"https:\/\/letrame.com\/catalogo\/wp-content\/uploads\/2024\/03\/logo2.webp","contentUrl":"https:\/\/letrame.com\/catalogo\/wp-content\/uploads\/2024\/03\/logo2.webp","width":394,"height":128,"caption":"Catalogo | Letrame Grupo Editorial"},"image":{"@id":"https:\/\/letrame.com\/catalogo\/#\/schema\/logo\/image\/"}}]}},"_links":{"self":[{"href":"https:\/\/letrame.com\/catalogo\/wp-json\/wp\/v2\/product\/97926","targetHints":{"allow":["GET"]}}],"collection":[{"href":"https:\/\/letrame.com\/catalogo\/wp-json\/wp\/v2\/product"}],"about":[{"href":"https:\/\/letrame.com\/catalogo\/wp-json\/wp\/v2\/types\/product"}],"replies":[{"embeddable":true,"href":"https:\/\/letrame.com\/catalogo\/wp-json\/wp\/v2\/comments?post=97926"}],"acf:post":[{"embeddable":true,"href":"https:\/\/letrame.com\/catalogo\/wp-json\/wp\/v2\/author_book\/76472"}],"wp:featuredmedia":[{"embeddable":true,"href":"https:\/\/letrame.com\/catalogo\/wp-json\/wp\/v2\/media\/97927"}],"wp:attachment":[{"href":"https:\/\/letrame.com\/catalogo\/wp-json\/wp\/v2\/media?parent=97926"}],"wp:term":[{"taxonomy":"libro","embeddable":true,"href":"https:\/\/letrame.com\/catalogo\/wp-json\/wp\/v2\/libro?post=97926"},{"taxonomy":"product_brand","embeddable":true,"href":"https:\/\/letrame.com\/catalogo\/wp-json\/wp\/v2\/product_brand?post=97926"},{"taxonomy":"product_cat","embeddable":true,"href":"https:\/\/letrame.com\/catalogo\/wp-json\/wp\/v2\/product_cat?post=97926"},{"taxonomy":"product_tag","embeddable":true,"href":"https:\/\/letrame.com\/catalogo\/wp-json\/wp\/v2\/product_tag?post=97926"}],"curies":[{"name":"wp","href":"https:\/\/api.w.org\/{rel}","templated":true}]}}