{"id":97924,"date":"2024-04-29T14:37:04","date_gmt":"2024-04-29T12:37:04","guid":{"rendered":"https:\/\/letrame.com\/catalogo\/producto\/trading-para-traders\/"},"modified":"2024-04-29T14:37:04","modified_gmt":"2024-04-29T12:37:04","slug":"trading-para-traders","status":"publish","type":"product","link":"https:\/\/letrame.com\/catalogo\/producto\/trading-para-traders\/","title":{"rendered":"Trading para traders"},"content":{"rendered":"<p><strong>ISBN<\/strong>: 978-84-1114-950-1<\/p>\n<p><strong>T\u00edtulo<\/strong>: <span data-sheets-value=\"{&quot;1&quot;:2,&quot;2&quot;:&quot;Trading para traders&quot;}\" data-sheets-userformat=\"{&quot;2&quot;:579,&quot;3&quot;:{&quot;1&quot;:0},&quot;4&quot;:{&quot;1&quot;:2,&quot;2&quot;:14281427},&quot;9&quot;:1,&quot;12&quot;:0}\">Trading para traders<\/span><br \/>\n<strong>Fecha<\/strong>: 2022<br \/>\n<strong>P\u00e1ginas<\/strong>: 196<\/p>\n<p><strong>SINOPSIS<\/strong><\/p>\n<p>\u00abTanto en el trading como en la vida, necesitamos ese impulso positivo que nos permita conseguir nuestros objetivos personales\u00bb<\/p>\n<p>Adri\u00e1n P\u00e9rez, Fundador y Mentor de Trading Con \u00c9xito<\/p>\n<p>Tal d\u00eda como hoy, t\u00fa est\u00e1s con este libro en tus manos leyendo la contraportada y es para m\u00ed un sue\u00f1o hecho realidad puesto que podr\u00e9 tener la opci\u00f3n de ayudarte tanto a ti como a much\u00edsimas personas a salir del laberinto que es:<\/p>\n<p>\u00abEstar invirtiendo el dinero sin tener un camino claro el cual seguir\u00bb.<\/p>\n<p>Despu\u00e9s de tantos a\u00f1os metido en este terreno tan pantanoso como es el mundo del trading y la bolsa, me encontr\u00e9 con todo tipo de traders y mentores:<\/p>\n<p>Reales (que muestran la realidad de este negocio) y \u00abReales\u00bb(que te dicen lo que t\u00fa quieres o\u00edr para llenarte la mente con falsas ilusiones).<\/p>\n<p>Sinceramente mi objetivo con la escritura de este libro no va a ser llenarte la mente con falsas ilusiones como puedes llegar a creer -si vienes de una mala experiencia en el trading- sino todo lo contrario, yo quiero llenarte la mente con todo mi conocimiento y experiencia, ya que te ense\u00f1ar\u00e9 la dura realidad de c\u00f3mo funciona este negocio tanto para lo positivo como para lo negativo.<\/p>\n<p>Por todo lo anterior, la lectura de este libro es primordial para ti que empiezas en el trading o llevas un tiempo en todo esto, puesto que te ahorrar\u00e1: mucho dinero y muchos quebraderos de cabeza relacionados con el trading, ya que&#8230;<\/p>\n<p>Este libro te mostrar\u00e1: La Transparencia y La Realidad del Trading contada por un Trader Profesional que ense\u00f1a resultados negativos y resultados positivos en real, de Lunes a Viernes (los d\u00edas que est\u00e1n abiertos la mayor\u00eda de los mercados financieros) en su cuenta de Instagram @tradingconexito_<\/p>\n<p>\u00bfA qui\u00e9n no le gustar\u00eda aprender de alguien que verdaderamente gana dinero de la bolsa y que adem\u00e1s muestra ganancias y p\u00e9rdidas reales con todo lujo de detalles?<\/p>\n<p>APROVECHA ESE IMPULSO POSITIVO Y APRENDE CON TRADING CON \u00c9XITO.<\/p>\n","protected":false},"excerpt":{"rendered":"<p><strong>ISBN<\/strong>: 978-84-1114-950-1<\/p>\n<p><strong>SINOPSIS<\/strong><\/p>\n<p>\u00abTanto en el trading como en la vida, necesitamos ese impulso positivo que nos permita conseguir nuestros objetivos personales\u00bb<\/p>\n<p>Adri\u00e1n P\u00e9rez, Fundador y Mentor de Trading Con \u00c9xito<\/p>\n<p>Tal d\u00eda como hoy, t\u00fa est\u00e1s con este libro en tus manos leyendo la contraportada y es para m\u00ed un sue\u00f1o hecho realidad puesto que podr\u00e9 tener la opci\u00f3n de ayudarte tanto a ti como a much\u00edsimas personas a salir del laberinto que es:<\/p>\n<p>\u00abEstar invirtiendo el dinero sin tener un camino claro el cual seguir\u00bb.<\/p>\n<p>Despu\u00e9s de tantos a\u00f1os metido en este terreno tan pantanoso como es el mundo del trading y la bolsa, me encontr\u00e9 con todo tipo de traders y mentores:<\/p>\n<p>Reales (que muestran la realidad de este negocio) y \u00abReales\u00bb(que te dicen lo que t\u00fa quieres o\u00edr para llenarte la mente con falsas ilusiones).<\/p>\n<p>Sinceramente mi objetivo con la escritura de este libro no va a ser llenarte la mente con falsas ilusiones como puedes llegar a creer -si vienes de una mala experiencia en el trading- sino todo lo contrario, yo quiero llenarte la mente con todo mi conocimiento y experiencia, ya que te ense\u00f1ar\u00e9 la dura realidad de c\u00f3mo funciona este negocio tanto para lo positivo como para lo negativo.<\/p>\n<p>Por todo lo anterior, la lectura de este libro es primordial para ti que empiezas en el trading o llevas un tiempo en todo esto, puesto que te ahorrar\u00e1: mucho dinero y muchos quebraderos de cabeza relacionados con el trading, ya que&#8230;<\/p>\n<p>Este libro te mostrar\u00e1: La Transparencia y La Realidad del Trading contada por un Trader Profesional que ense\u00f1a resultados negativos y resultados positivos en real, de Lunes a Viernes (los d\u00edas que est\u00e1n abiertos la mayor\u00eda de los mercados financieros) en su cuenta de Instagram @tradingconexito_<\/p>\n<p>\u00bfA qui\u00e9n no le gustar\u00eda aprender de alguien que verdaderamente gana dinero de la bolsa y que adem\u00e1s muestra ganancias y p\u00e9rdidas reales con todo lujo de detalles?<\/p>\n<p>APROVECHA ESE IMPULSO POSITIVO Y APRENDE CON TRADING CON \u00c9XITO.<\/p>\n","protected":false},"featured_media":97925,"comment_status":"closed","ping_status":"open","template":"","meta":{"_acf_changed":false},"libro":[],"product_brand":[],"product_cat":[26],"product_tag":[],"class_list":{"0":"post-97924","1":"product","2":"type-product","3":"status-publish","4":"has-post-thumbnail","6":"product_cat-sin-categoria","8":"first","9":"instock","10":"product-type-simple"},"acf":{"autor":[76470],"enlace_de_compra":"https:\/\/www.amazon.es\/Trading-Traders-%C3%89xito-Adri%C3%A1n-Rinc%C3%B3n\/dp\/8411149501\/"},"yoast_head":"<!-- This site is optimized with the Yoast SEO plugin v27.4 - https:\/\/yoast.com\/product\/yoast-seo-wordpress\/ -->\n<title>Trading para traders - Catalogo | Letrame Grupo Editorial<\/title>\n<meta name=\"robots\" content=\"index, follow, max-snippet:-1, max-image-preview:large, max-video-preview:-1\" \/>\n<link rel=\"canonical\" href=\"https:\/\/letrame.com\/catalogo\/producto\/trading-para-traders\/\" \/>\n<meta property=\"og:locale\" content=\"es_ES\" \/>\n<meta property=\"og:type\" content=\"article\" \/>\n<meta property=\"og:title\" content=\"Trading para traders - Catalogo | Letrame Grupo Editorial\" \/>\n<meta property=\"og:description\" content=\"ISBN: 978-84-1114-950-1 SINOPSIS \u00abTanto en el trading como en la vida, necesitamos ese impulso positivo que nos permita conseguir nuestros objetivos personales\u00bb Adri\u00e1n P\u00e9rez, Fundador y Mentor de Trading Con \u00c9xito Tal d\u00eda como hoy, t\u00fa est\u00e1s con este libro en tus manos leyendo la contraportada y es para m\u00ed un sue\u00f1o hecho realidad puesto que podr\u00e9 tener la opci\u00f3n de ayudarte tanto a ti como a much\u00edsimas personas a salir del laberinto que es: \u00abEstar invirtiendo el dinero sin tener un camino claro el cual seguir\u00bb. Despu\u00e9s de tantos a\u00f1os metido en este terreno tan pantanoso como es el mundo del trading y la bolsa, me encontr\u00e9 con todo tipo de traders y mentores: Reales (que muestran la realidad de este negocio) y &quot;Reales&quot;(que te dicen lo que t\u00fa quieres o\u00edr para llenarte la mente con falsas ilusiones). Sinceramente mi objetivo con la escritura de este libro no va a ser llenarte la mente con falsas ilusiones como puedes llegar a creer -si vienes de una mala experiencia en el trading- sino todo lo contrario, yo quiero llenarte la mente con todo mi conocimiento y experiencia, ya que te ense\u00f1ar\u00e9 la dura realidad de c\u00f3mo funciona este negocio tanto para lo positivo como para lo negativo. Por todo lo anterior, la lectura de este libro es primordial para ti que empiezas en el trading o llevas un tiempo en todo esto, puesto que te ahorrar\u00e1: mucho dinero y muchos quebraderos de cabeza relacionados con el trading, ya que... Este libro te mostrar\u00e1: La Transparencia y La Realidad del Trading contada por un Trader Profesional que ense\u00f1a resultados negativos y resultados positivos en real, de Lunes a Viernes (los d\u00edas que est\u00e1n abiertos la mayor\u00eda de los mercados financieros) en su cuenta de Instagram @tradingconexito_ \u00bfA qui\u00e9n no le gustar\u00eda aprender de alguien que verdaderamente gana dinero de la bolsa y que adem\u00e1s muestra ganancias y p\u00e9rdidas reales con todo lujo de detalles? APROVECHA ESE IMPULSO POSITIVO Y APRENDE CON TRADING CON \u00c9XITO.\" \/>\n<meta property=\"og:url\" content=\"https:\/\/letrame.com\/catalogo\/producto\/trading-para-traders\/\" \/>\n<meta property=\"og:site_name\" content=\"Catalogo | Letrame Grupo Editorial\" \/>\n<meta property=\"og:image\" content=\"https:\/\/letrame.com\/catalogo\/wp-content\/uploads\/2024\/04\/redportada_tradingpara_1139mm-1.jpg\" \/>\n\t<meta property=\"og:image:width\" content=\"601\" \/>\n\t<meta property=\"og:image:height\" content=\"881\" \/>\n\t<meta property=\"og:image:type\" content=\"image\/jpeg\" \/>\n<meta name=\"twitter:card\" content=\"summary_large_image\" \/>\n<meta name=\"twitter:label1\" content=\"Tiempo de lectura\" \/>\n\t<meta name=\"twitter:data1\" content=\"2 minutos\" \/>\n<script type=\"application\/ld+json\" class=\"yoast-schema-graph\">{\"@context\":\"https:\\\/\\\/schema.org\",\"@graph\":[{\"@type\":\"WebPage\",\"@id\":\"https:\\\/\\\/letrame.com\\\/catalogo\\\/producto\\\/trading-para-traders\\\/\",\"url\":\"https:\\\/\\\/letrame.com\\\/catalogo\\\/producto\\\/trading-para-traders\\\/\",\"name\":\"Trading para traders - Catalogo | Letrame Grupo Editorial\",\"isPartOf\":{\"@id\":\"https:\\\/\\\/letrame.com\\\/catalogo\\\/#website\"},\"primaryImageOfPage\":{\"@id\":\"https:\\\/\\\/letrame.com\\\/catalogo\\\/producto\\\/trading-para-traders\\\/#primaryimage\"},\"image\":{\"@id\":\"https:\\\/\\\/letrame.com\\\/catalogo\\\/producto\\\/trading-para-traders\\\/#primaryimage\"},\"thumbnailUrl\":\"https:\\\/\\\/letrame.com\\\/catalogo\\\/wp-content\\\/uploads\\\/2024\\\/04\\\/redportada_tradingpara_1139mm-1.jpg\",\"datePublished\":\"2024-04-29T12:37:04+00:00\",\"breadcrumb\":{\"@id\":\"https:\\\/\\\/letrame.com\\\/catalogo\\\/producto\\\/trading-para-traders\\\/#breadcrumb\"},\"inLanguage\":\"es\",\"potentialAction\":[{\"@type\":\"ReadAction\",\"target\":[\"https:\\\/\\\/letrame.com\\\/catalogo\\\/producto\\\/trading-para-traders\\\/\"]}]},{\"@type\":\"ImageObject\",\"inLanguage\":\"es\",\"@id\":\"https:\\\/\\\/letrame.com\\\/catalogo\\\/producto\\\/trading-para-traders\\\/#primaryimage\",\"url\":\"https:\\\/\\\/letrame.com\\\/catalogo\\\/wp-content\\\/uploads\\\/2024\\\/04\\\/redportada_tradingpara_1139mm-1.jpg\",\"contentUrl\":\"https:\\\/\\\/letrame.com\\\/catalogo\\\/wp-content\\\/uploads\\\/2024\\\/04\\\/redportada_tradingpara_1139mm-1.jpg\",\"width\":601,\"height\":881},{\"@type\":\"BreadcrumbList\",\"@id\":\"https:\\\/\\\/letrame.com\\\/catalogo\\\/producto\\\/trading-para-traders\\\/#breadcrumb\",\"itemListElement\":[{\"@type\":\"ListItem\",\"position\":1,\"name\":\"Portada\",\"item\":\"https:\\\/\\\/letrame.com\\\/catalogo\\\/\"},{\"@type\":\"ListItem\",\"position\":2,\"name\":\"Cat\u00e1logo\",\"item\":\"https:\\\/\\\/letrame.com\\\/catalogo\\\/\"},{\"@type\":\"ListItem\",\"position\":3,\"name\":\"Trading para traders\"}]},{\"@type\":\"WebSite\",\"@id\":\"https:\\\/\\\/letrame.com\\\/catalogo\\\/#website\",\"url\":\"https:\\\/\\\/letrame.com\\\/catalogo\\\/\",\"name\":\"Catalogo | Letrame Grupo Editorial\",\"description\":\"\",\"publisher\":{\"@id\":\"https:\\\/\\\/letrame.com\\\/catalogo\\\/#organization\"},\"potentialAction\":[{\"@type\":\"SearchAction\",\"target\":{\"@type\":\"EntryPoint\",\"urlTemplate\":\"https:\\\/\\\/letrame.com\\\/catalogo\\\/?s={search_term_string}\"},\"query-input\":{\"@type\":\"PropertyValueSpecification\",\"valueRequired\":true,\"valueName\":\"search_term_string\"}}],\"inLanguage\":\"es\"},{\"@type\":\"Organization\",\"@id\":\"https:\\\/\\\/letrame.com\\\/catalogo\\\/#organization\",\"name\":\"Catalogo | Letrame Grupo Editorial\",\"url\":\"https:\\\/\\\/letrame.com\\\/catalogo\\\/\",\"logo\":{\"@type\":\"ImageObject\",\"inLanguage\":\"es\",\"@id\":\"https:\\\/\\\/letrame.com\\\/catalogo\\\/#\\\/schema\\\/logo\\\/image\\\/\",\"url\":\"https:\\\/\\\/letrame.com\\\/catalogo\\\/wp-content\\\/uploads\\\/2024\\\/03\\\/logo2.webp\",\"contentUrl\":\"https:\\\/\\\/letrame.com\\\/catalogo\\\/wp-content\\\/uploads\\\/2024\\\/03\\\/logo2.webp\",\"width\":394,\"height\":128,\"caption\":\"Catalogo | Letrame Grupo Editorial\"},\"image\":{\"@id\":\"https:\\\/\\\/letrame.com\\\/catalogo\\\/#\\\/schema\\\/logo\\\/image\\\/\"}}]}<\/script>\n<!-- \/ Yoast SEO plugin. -->","yoast_head_json":{"title":"Trading para traders - Catalogo | Letrame Grupo Editorial","robots":{"index":"index","follow":"follow","max-snippet":"max-snippet:-1","max-image-preview":"max-image-preview:large","max-video-preview":"max-video-preview:-1"},"canonical":"https:\/\/letrame.com\/catalogo\/producto\/trading-para-traders\/","og_locale":"es_ES","og_type":"article","og_title":"Trading para traders - Catalogo | Letrame Grupo Editorial","og_description":"ISBN: 978-84-1114-950-1 SINOPSIS \u00abTanto en el trading como en la vida, necesitamos ese impulso positivo que nos permita conseguir nuestros objetivos personales\u00bb Adri\u00e1n P\u00e9rez, Fundador y Mentor de Trading Con \u00c9xito Tal d\u00eda como hoy, t\u00fa est\u00e1s con este libro en tus manos leyendo la contraportada y es para m\u00ed un sue\u00f1o hecho realidad puesto que podr\u00e9 tener la opci\u00f3n de ayudarte tanto a ti como a much\u00edsimas personas a salir del laberinto que es: \u00abEstar invirtiendo el dinero sin tener un camino claro el cual seguir\u00bb. Despu\u00e9s de tantos a\u00f1os metido en este terreno tan pantanoso como es el mundo del trading y la bolsa, me encontr\u00e9 con todo tipo de traders y mentores: Reales (que muestran la realidad de este negocio) y \"Reales\"(que te dicen lo que t\u00fa quieres o\u00edr para llenarte la mente con falsas ilusiones). Sinceramente mi objetivo con la escritura de este libro no va a ser llenarte la mente con falsas ilusiones como puedes llegar a creer -si vienes de una mala experiencia en el trading- sino todo lo contrario, yo quiero llenarte la mente con todo mi conocimiento y experiencia, ya que te ense\u00f1ar\u00e9 la dura realidad de c\u00f3mo funciona este negocio tanto para lo positivo como para lo negativo. Por todo lo anterior, la lectura de este libro es primordial para ti que empiezas en el trading o llevas un tiempo en todo esto, puesto que te ahorrar\u00e1: mucho dinero y muchos quebraderos de cabeza relacionados con el trading, ya que... Este libro te mostrar\u00e1: La Transparencia y La Realidad del Trading contada por un Trader Profesional que ense\u00f1a resultados negativos y resultados positivos en real, de Lunes a Viernes (los d\u00edas que est\u00e1n abiertos la mayor\u00eda de los mercados financieros) en su cuenta de Instagram @tradingconexito_ \u00bfA qui\u00e9n no le gustar\u00eda aprender de alguien que verdaderamente gana dinero de la bolsa y que adem\u00e1s muestra ganancias y p\u00e9rdidas reales con todo lujo de detalles? APROVECHA ESE IMPULSO POSITIVO Y APRENDE CON TRADING CON \u00c9XITO.","og_url":"https:\/\/letrame.com\/catalogo\/producto\/trading-para-traders\/","og_site_name":"Catalogo | Letrame Grupo Editorial","og_image":[{"width":601,"height":881,"url":"https:\/\/letrame.com\/catalogo\/wp-content\/uploads\/2024\/04\/redportada_tradingpara_1139mm-1.jpg","type":"image\/jpeg"}],"twitter_card":"summary_large_image","twitter_misc":{"Tiempo de lectura":"2 minutos"},"schema":{"@context":"https:\/\/schema.org","@graph":[{"@type":"WebPage","@id":"https:\/\/letrame.com\/catalogo\/producto\/trading-para-traders\/","url":"https:\/\/letrame.com\/catalogo\/producto\/trading-para-traders\/","name":"Trading para traders - Catalogo | Letrame Grupo Editorial","isPartOf":{"@id":"https:\/\/letrame.com\/catalogo\/#website"},"primaryImageOfPage":{"@id":"https:\/\/letrame.com\/catalogo\/producto\/trading-para-traders\/#primaryimage"},"image":{"@id":"https:\/\/letrame.com\/catalogo\/producto\/trading-para-traders\/#primaryimage"},"thumbnailUrl":"https:\/\/letrame.com\/catalogo\/wp-content\/uploads\/2024\/04\/redportada_tradingpara_1139mm-1.jpg","datePublished":"2024-04-29T12:37:04+00:00","breadcrumb":{"@id":"https:\/\/letrame.com\/catalogo\/producto\/trading-para-traders\/#breadcrumb"},"inLanguage":"es","potentialAction":[{"@type":"ReadAction","target":["https:\/\/letrame.com\/catalogo\/producto\/trading-para-traders\/"]}]},{"@type":"ImageObject","inLanguage":"es","@id":"https:\/\/letrame.com\/catalogo\/producto\/trading-para-traders\/#primaryimage","url":"https:\/\/letrame.com\/catalogo\/wp-content\/uploads\/2024\/04\/redportada_tradingpara_1139mm-1.jpg","contentUrl":"https:\/\/letrame.com\/catalogo\/wp-content\/uploads\/2024\/04\/redportada_tradingpara_1139mm-1.jpg","width":601,"height":881},{"@type":"BreadcrumbList","@id":"https:\/\/letrame.com\/catalogo\/producto\/trading-para-traders\/#breadcrumb","itemListElement":[{"@type":"ListItem","position":1,"name":"Portada","item":"https:\/\/letrame.com\/catalogo\/"},{"@type":"ListItem","position":2,"name":"Cat\u00e1logo","item":"https:\/\/letrame.com\/catalogo\/"},{"@type":"ListItem","position":3,"name":"Trading para traders"}]},{"@type":"WebSite","@id":"https:\/\/letrame.com\/catalogo\/#website","url":"https:\/\/letrame.com\/catalogo\/","name":"Catalogo | Letrame Grupo Editorial","description":"","publisher":{"@id":"https:\/\/letrame.com\/catalogo\/#organization"},"potentialAction":[{"@type":"SearchAction","target":{"@type":"EntryPoint","urlTemplate":"https:\/\/letrame.com\/catalogo\/?s={search_term_string}"},"query-input":{"@type":"PropertyValueSpecification","valueRequired":true,"valueName":"search_term_string"}}],"inLanguage":"es"},{"@type":"Organization","@id":"https:\/\/letrame.com\/catalogo\/#organization","name":"Catalogo | Letrame Grupo Editorial","url":"https:\/\/letrame.com\/catalogo\/","logo":{"@type":"ImageObject","inLanguage":"es","@id":"https:\/\/letrame.com\/catalogo\/#\/schema\/logo\/image\/","url":"https:\/\/letrame.com\/catalogo\/wp-content\/uploads\/2024\/03\/logo2.webp","contentUrl":"https:\/\/letrame.com\/catalogo\/wp-content\/uploads\/2024\/03\/logo2.webp","width":394,"height":128,"caption":"Catalogo | Letrame Grupo Editorial"},"image":{"@id":"https:\/\/letrame.com\/catalogo\/#\/schema\/logo\/image\/"}}]}},"_links":{"self":[{"href":"https:\/\/letrame.com\/catalogo\/wp-json\/wp\/v2\/product\/97924","targetHints":{"allow":["GET"]}}],"collection":[{"href":"https:\/\/letrame.com\/catalogo\/wp-json\/wp\/v2\/product"}],"about":[{"href":"https:\/\/letrame.com\/catalogo\/wp-json\/wp\/v2\/types\/product"}],"replies":[{"embeddable":true,"href":"https:\/\/letrame.com\/catalogo\/wp-json\/wp\/v2\/comments?post=97924"}],"acf:post":[{"embeddable":true,"href":"https:\/\/letrame.com\/catalogo\/wp-json\/wp\/v2\/author_book\/76470"}],"wp:featuredmedia":[{"embeddable":true,"href":"https:\/\/letrame.com\/catalogo\/wp-json\/wp\/v2\/media\/97925"}],"wp:attachment":[{"href":"https:\/\/letrame.com\/catalogo\/wp-json\/wp\/v2\/media?parent=97924"}],"wp:term":[{"taxonomy":"libro","embeddable":true,"href":"https:\/\/letrame.com\/catalogo\/wp-json\/wp\/v2\/libro?post=97924"},{"taxonomy":"product_brand","embeddable":true,"href":"https:\/\/letrame.com\/catalogo\/wp-json\/wp\/v2\/product_brand?post=97924"},{"taxonomy":"product_cat","embeddable":true,"href":"https:\/\/letrame.com\/catalogo\/wp-json\/wp\/v2\/product_cat?post=97924"},{"taxonomy":"product_tag","embeddable":true,"href":"https:\/\/letrame.com\/catalogo\/wp-json\/wp\/v2\/product_tag?post=97924"}],"curies":[{"name":"wp","href":"https:\/\/api.w.org\/{rel}","templated":true}]}}