{"id":97922,"date":"2024-04-29T14:36:38","date_gmt":"2024-04-29T12:36:38","guid":{"rendered":"https:\/\/letrame.com\/catalogo\/producto\/socioestadisticas-para-miembras\/"},"modified":"2024-04-29T14:36:59","modified_gmt":"2024-04-29T12:36:59","slug":"socioestadisticas-para-miembras","status":"publish","type":"product","link":"https:\/\/letrame.com\/catalogo\/producto\/socioestadisticas-para-miembras\/","title":{"rendered":"Socioestad\u00edsticas para miembras"},"content":{"rendered":"<p><strong>ISBN<\/strong>: 978-84-1114-943-3<\/p>\n<p><strong>T\u00edtulo<\/strong>: <span data-sheets-value=\"{&quot;1&quot;:2,&quot;2&quot;:&quot;Socioestad\u00edsticas para miembras&quot;}\" data-sheets-userformat=\"{&quot;2&quot;:579,&quot;3&quot;:{&quot;1&quot;:0},&quot;4&quot;:{&quot;1&quot;:2,&quot;2&quot;:14281427},&quot;9&quot;:1,&quot;12&quot;:0}\">Socioestad\u00edsticas para miembras<\/span><br \/>\n<strong>Fecha<\/strong>: 2022<br \/>\n<strong>P\u00e1ginas<\/strong>: 200<\/p>\n<p><strong>SINOPSIS<\/strong><\/p>\n<p>Socioestad\u00edsticas para miembras es un compendio resumido de cuatro de las \u00faltimas investigaciones de este soci\u00f3logo madrile\u00f1o que ha desarrollado su profesi\u00f3n en la Administraci\u00f3n Local y la Universidad durante m\u00e1s de treinta a\u00f1os. Los resultados de estas cuatro investigaciones fueron publicados en sendas revistas cient\u00edficas del campo de las ciencias sociales entre 2018 y 2021, pero en este libro se presentan de modo sint\u00e9tico con un contenido y un formato adaptado al p\u00fablico en general, dejando a un lado en gran parte la exposici\u00f3n de las t\u00e9cnicas anal\u00edticas empleadas y el lenguaje especializado de esta clase de trabajos.<\/p>\n<p>El hilo conductor de estas \u00abSocioestad\u00edsticas\u00bb es un ejercicio fundamentado de refutaci\u00f3n de la llamada \u00abhip\u00f3tesis del g\u00e9nero\u00bb, proposici\u00f3n te\u00f3rica que pretende explicar la realidad social de las mujeres en t\u00e9rminos de una discriminaci\u00f3n general por raz\u00f3n de sexo, sin la concurrencia de otros factores que pudiesen proporcionar una mejor explicaci\u00f3n, o una explicaci\u00f3n complementaria, de algunos de los fen\u00f3menos que aquellas protagonizan o en los que est\u00e1n involucradas.<\/p>\n<p>Aspectos de manifiesta actualidad social y pol\u00edtica como la discriminaci\u00f3n salarial, el \u00abtecho de cristal\u00bb o los feminicidios son analizados en esta obra desde una \u00f3ptica diferente del relato de g\u00e9nero dominante, aportando una nueva perspectiva que, sin menoscabo del mayor rigor cient\u00edfico, ofrece una comprensi\u00f3n alternativa de estos asuntos.<\/p>\n","protected":false},"excerpt":{"rendered":"<p><strong>ISBN<\/strong>: 978-84-1114-943-3<\/p>\n<p><strong>SINOPSIS<\/strong><\/p>\n<p>Socioestad\u00edsticas para miembras es un compendio resumido de cuatro de las \u00faltimas investigaciones de este soci\u00f3logo madrile\u00f1o que ha desarrollado su profesi\u00f3n en la Administraci\u00f3n Local y la Universidad durante m\u00e1s de treinta a\u00f1os. Los resultados de estas cuatro investigaciones fueron publicados en sendas revistas cient\u00edficas del campo de las ciencias sociales entre 2018 y 2021, pero en este libro se presentan de modo sint\u00e9tico con un contenido y un formato adaptado al p\u00fablico en general, dejando a un lado en gran parte la exposici\u00f3n de las t\u00e9cnicas anal\u00edticas empleadas y el lenguaje especializado de esta clase de trabajos.<\/p>\n<p>El hilo conductor de estas \u00abSocioestad\u00edsticas\u00bb es un ejercicio fundamentado de refutaci\u00f3n de la llamada \u00abhip\u00f3tesis del g\u00e9nero\u00bb, proposici\u00f3n te\u00f3rica que pretende explicar la realidad social de las mujeres en t\u00e9rminos de una discriminaci\u00f3n general por raz\u00f3n de sexo, sin la concurrencia de otros factores que pudiesen proporcionar una mejor explicaci\u00f3n, o una explicaci\u00f3n complementaria, de algunos de los fen\u00f3menos que aquellas protagonizan o en los que est\u00e1n involucradas.<\/p>\n<p>Aspectos de manifiesta actualidad social y pol\u00edtica como la discriminaci\u00f3n salarial, el \u00abtecho de cristal\u00bb o los feminicidios son analizados en esta obra desde una \u00f3ptica diferente del relato de g\u00e9nero dominante, aportando una nueva perspectiva que, sin menoscabo del mayor rigor cient\u00edfico, ofrece una comprensi\u00f3n alternativa de estos asuntos.<\/p>\n","protected":false},"featured_media":97923,"comment_status":"closed","ping_status":"open","template":"","meta":{"_acf_changed":false},"libro":[],"product_brand":[],"product_cat":[36],"product_tag":[],"class_list":{"0":"post-97922","1":"product","2":"type-product","3":"status-publish","4":"has-post-thumbnail","6":"product_cat-investigacion","8":"first","9":"instock","10":"product-type-simple"},"acf":{"autor":[76466],"enlace_de_compra":"https:\/\/www.amazon.es\/dp\/8411149439\/"},"yoast_head":"<!-- This site is optimized with the Yoast SEO plugin v27.4 - https:\/\/yoast.com\/product\/yoast-seo-wordpress\/ -->\n<title>Socioestad\u00edsticas para miembras - Catalogo | Letrame Grupo Editorial<\/title>\n<meta name=\"robots\" content=\"index, follow, max-snippet:-1, max-image-preview:large, max-video-preview:-1\" \/>\n<link rel=\"canonical\" href=\"https:\/\/letrame.com\/catalogo\/producto\/socioestadisticas-para-miembras\/\" \/>\n<meta property=\"og:locale\" content=\"es_ES\" \/>\n<meta property=\"og:type\" content=\"article\" \/>\n<meta property=\"og:title\" content=\"Socioestad\u00edsticas para miembras - Catalogo | Letrame Grupo Editorial\" \/>\n<meta property=\"og:description\" content=\"ISBN: 978-84-1114-943-3 SINOPSIS Socioestad\u00edsticas para miembras es un compendio resumido de cuatro de las \u00faltimas investigaciones de este soci\u00f3logo madrile\u00f1o que ha desarrollado su profesi\u00f3n en la Administraci\u00f3n Local y la Universidad durante m\u00e1s de treinta a\u00f1os. Los resultados de estas cuatro investigaciones fueron publicados en sendas revistas cient\u00edficas del campo de las ciencias sociales entre 2018 y 2021, pero en este libro se presentan de modo sint\u00e9tico con un contenido y un formato adaptado al p\u00fablico en general, dejando a un lado en gran parte la exposici\u00f3n de las t\u00e9cnicas anal\u00edticas empleadas y el lenguaje especializado de esta clase de trabajos. El hilo conductor de estas \u00abSocioestad\u00edsticas\u00bb es un ejercicio fundamentado de refutaci\u00f3n de la llamada \u00abhip\u00f3tesis del g\u00e9nero\u00bb, proposici\u00f3n te\u00f3rica que pretende explicar la realidad social de las mujeres en t\u00e9rminos de una discriminaci\u00f3n general por raz\u00f3n de sexo, sin la concurrencia de otros factores que pudiesen proporcionar una mejor explicaci\u00f3n, o una explicaci\u00f3n complementaria, de algunos de los fen\u00f3menos que aquellas protagonizan o en los que est\u00e1n involucradas. Aspectos de manifiesta actualidad social y pol\u00edtica como la discriminaci\u00f3n salarial, el \u00abtecho de cristal\u00bb o los feminicidios son analizados en esta obra desde una \u00f3ptica diferente del relato de g\u00e9nero dominante, aportando una nueva perspectiva que, sin menoscabo del mayor rigor cient\u00edfico, ofrece una comprensi\u00f3n alternativa de estos asuntos.\" \/>\n<meta property=\"og:url\" content=\"https:\/\/letrame.com\/catalogo\/producto\/socioestadisticas-para-miembras\/\" \/>\n<meta property=\"og:site_name\" content=\"Catalogo | Letrame Grupo Editorial\" \/>\n<meta property=\"article:modified_time\" content=\"2024-04-29T12:36:59+00:00\" \/>\n<meta property=\"og:image\" content=\"https:\/\/letrame.com\/catalogo\/wp-content\/uploads\/2024\/04\/redportada_sociestadistica_103mm.jpg\" \/>\n\t<meta property=\"og:image:width\" content=\"601\" \/>\n\t<meta property=\"og:image:height\" content=\"881\" \/>\n\t<meta property=\"og:image:type\" content=\"image\/jpeg\" \/>\n<meta name=\"twitter:card\" content=\"summary_large_image\" \/>\n<meta name=\"twitter:label1\" content=\"Tiempo de lectura\" \/>\n\t<meta name=\"twitter:data1\" content=\"1 minuto\" \/>\n<script type=\"application\/ld+json\" class=\"yoast-schema-graph\">{\"@context\":\"https:\\\/\\\/schema.org\",\"@graph\":[{\"@type\":\"WebPage\",\"@id\":\"https:\\\/\\\/letrame.com\\\/catalogo\\\/producto\\\/socioestadisticas-para-miembras\\\/\",\"url\":\"https:\\\/\\\/letrame.com\\\/catalogo\\\/producto\\\/socioestadisticas-para-miembras\\\/\",\"name\":\"Socioestad\u00edsticas para miembras - Catalogo | Letrame Grupo Editorial\",\"isPartOf\":{\"@id\":\"https:\\\/\\\/letrame.com\\\/catalogo\\\/#website\"},\"primaryImageOfPage\":{\"@id\":\"https:\\\/\\\/letrame.com\\\/catalogo\\\/producto\\\/socioestadisticas-para-miembras\\\/#primaryimage\"},\"image\":{\"@id\":\"https:\\\/\\\/letrame.com\\\/catalogo\\\/producto\\\/socioestadisticas-para-miembras\\\/#primaryimage\"},\"thumbnailUrl\":\"https:\\\/\\\/letrame.com\\\/catalogo\\\/wp-content\\\/uploads\\\/2024\\\/04\\\/redportada_sociestadistica_103mm.jpg\",\"datePublished\":\"2024-04-29T12:36:38+00:00\",\"dateModified\":\"2024-04-29T12:36:59+00:00\",\"breadcrumb\":{\"@id\":\"https:\\\/\\\/letrame.com\\\/catalogo\\\/producto\\\/socioestadisticas-para-miembras\\\/#breadcrumb\"},\"inLanguage\":\"es\",\"potentialAction\":[{\"@type\":\"ReadAction\",\"target\":[\"https:\\\/\\\/letrame.com\\\/catalogo\\\/producto\\\/socioestadisticas-para-miembras\\\/\"]}]},{\"@type\":\"ImageObject\",\"inLanguage\":\"es\",\"@id\":\"https:\\\/\\\/letrame.com\\\/catalogo\\\/producto\\\/socioestadisticas-para-miembras\\\/#primaryimage\",\"url\":\"https:\\\/\\\/letrame.com\\\/catalogo\\\/wp-content\\\/uploads\\\/2024\\\/04\\\/redportada_sociestadistica_103mm.jpg\",\"contentUrl\":\"https:\\\/\\\/letrame.com\\\/catalogo\\\/wp-content\\\/uploads\\\/2024\\\/04\\\/redportada_sociestadistica_103mm.jpg\",\"width\":601,\"height\":881},{\"@type\":\"BreadcrumbList\",\"@id\":\"https:\\\/\\\/letrame.com\\\/catalogo\\\/producto\\\/socioestadisticas-para-miembras\\\/#breadcrumb\",\"itemListElement\":[{\"@type\":\"ListItem\",\"position\":1,\"name\":\"Portada\",\"item\":\"https:\\\/\\\/letrame.com\\\/catalogo\\\/\"},{\"@type\":\"ListItem\",\"position\":2,\"name\":\"Cat\u00e1logo\",\"item\":\"https:\\\/\\\/letrame.com\\\/catalogo\\\/\"},{\"@type\":\"ListItem\",\"position\":3,\"name\":\"Socioestad\u00edsticas para miembras\"}]},{\"@type\":\"WebSite\",\"@id\":\"https:\\\/\\\/letrame.com\\\/catalogo\\\/#website\",\"url\":\"https:\\\/\\\/letrame.com\\\/catalogo\\\/\",\"name\":\"Catalogo | Letrame Grupo Editorial\",\"description\":\"\",\"publisher\":{\"@id\":\"https:\\\/\\\/letrame.com\\\/catalogo\\\/#organization\"},\"potentialAction\":[{\"@type\":\"SearchAction\",\"target\":{\"@type\":\"EntryPoint\",\"urlTemplate\":\"https:\\\/\\\/letrame.com\\\/catalogo\\\/?s={search_term_string}\"},\"query-input\":{\"@type\":\"PropertyValueSpecification\",\"valueRequired\":true,\"valueName\":\"search_term_string\"}}],\"inLanguage\":\"es\"},{\"@type\":\"Organization\",\"@id\":\"https:\\\/\\\/letrame.com\\\/catalogo\\\/#organization\",\"name\":\"Catalogo | Letrame Grupo Editorial\",\"url\":\"https:\\\/\\\/letrame.com\\\/catalogo\\\/\",\"logo\":{\"@type\":\"ImageObject\",\"inLanguage\":\"es\",\"@id\":\"https:\\\/\\\/letrame.com\\\/catalogo\\\/#\\\/schema\\\/logo\\\/image\\\/\",\"url\":\"https:\\\/\\\/letrame.com\\\/catalogo\\\/wp-content\\\/uploads\\\/2024\\\/03\\\/logo2.webp\",\"contentUrl\":\"https:\\\/\\\/letrame.com\\\/catalogo\\\/wp-content\\\/uploads\\\/2024\\\/03\\\/logo2.webp\",\"width\":394,\"height\":128,\"caption\":\"Catalogo | Letrame Grupo Editorial\"},\"image\":{\"@id\":\"https:\\\/\\\/letrame.com\\\/catalogo\\\/#\\\/schema\\\/logo\\\/image\\\/\"}}]}<\/script>\n<!-- \/ Yoast SEO plugin. -->","yoast_head_json":{"title":"Socioestad\u00edsticas para miembras - Catalogo | Letrame Grupo Editorial","robots":{"index":"index","follow":"follow","max-snippet":"max-snippet:-1","max-image-preview":"max-image-preview:large","max-video-preview":"max-video-preview:-1"},"canonical":"https:\/\/letrame.com\/catalogo\/producto\/socioestadisticas-para-miembras\/","og_locale":"es_ES","og_type":"article","og_title":"Socioestad\u00edsticas para miembras - Catalogo | Letrame Grupo Editorial","og_description":"ISBN: 978-84-1114-943-3 SINOPSIS Socioestad\u00edsticas para miembras es un compendio resumido de cuatro de las \u00faltimas investigaciones de este soci\u00f3logo madrile\u00f1o que ha desarrollado su profesi\u00f3n en la Administraci\u00f3n Local y la Universidad durante m\u00e1s de treinta a\u00f1os. Los resultados de estas cuatro investigaciones fueron publicados en sendas revistas cient\u00edficas del campo de las ciencias sociales entre 2018 y 2021, pero en este libro se presentan de modo sint\u00e9tico con un contenido y un formato adaptado al p\u00fablico en general, dejando a un lado en gran parte la exposici\u00f3n de las t\u00e9cnicas anal\u00edticas empleadas y el lenguaje especializado de esta clase de trabajos. El hilo conductor de estas \u00abSocioestad\u00edsticas\u00bb es un ejercicio fundamentado de refutaci\u00f3n de la llamada \u00abhip\u00f3tesis del g\u00e9nero\u00bb, proposici\u00f3n te\u00f3rica que pretende explicar la realidad social de las mujeres en t\u00e9rminos de una discriminaci\u00f3n general por raz\u00f3n de sexo, sin la concurrencia de otros factores que pudiesen proporcionar una mejor explicaci\u00f3n, o una explicaci\u00f3n complementaria, de algunos de los fen\u00f3menos que aquellas protagonizan o en los que est\u00e1n involucradas. Aspectos de manifiesta actualidad social y pol\u00edtica como la discriminaci\u00f3n salarial, el \u00abtecho de cristal\u00bb o los feminicidios son analizados en esta obra desde una \u00f3ptica diferente del relato de g\u00e9nero dominante, aportando una nueva perspectiva que, sin menoscabo del mayor rigor cient\u00edfico, ofrece una comprensi\u00f3n alternativa de estos asuntos.","og_url":"https:\/\/letrame.com\/catalogo\/producto\/socioestadisticas-para-miembras\/","og_site_name":"Catalogo | Letrame Grupo Editorial","article_modified_time":"2024-04-29T12:36:59+00:00","og_image":[{"width":601,"height":881,"url":"https:\/\/letrame.com\/catalogo\/wp-content\/uploads\/2024\/04\/redportada_sociestadistica_103mm.jpg","type":"image\/jpeg"}],"twitter_card":"summary_large_image","twitter_misc":{"Tiempo de lectura":"1 minuto"},"schema":{"@context":"https:\/\/schema.org","@graph":[{"@type":"WebPage","@id":"https:\/\/letrame.com\/catalogo\/producto\/socioestadisticas-para-miembras\/","url":"https:\/\/letrame.com\/catalogo\/producto\/socioestadisticas-para-miembras\/","name":"Socioestad\u00edsticas para miembras - Catalogo | Letrame Grupo Editorial","isPartOf":{"@id":"https:\/\/letrame.com\/catalogo\/#website"},"primaryImageOfPage":{"@id":"https:\/\/letrame.com\/catalogo\/producto\/socioestadisticas-para-miembras\/#primaryimage"},"image":{"@id":"https:\/\/letrame.com\/catalogo\/producto\/socioestadisticas-para-miembras\/#primaryimage"},"thumbnailUrl":"https:\/\/letrame.com\/catalogo\/wp-content\/uploads\/2024\/04\/redportada_sociestadistica_103mm.jpg","datePublished":"2024-04-29T12:36:38+00:00","dateModified":"2024-04-29T12:36:59+00:00","breadcrumb":{"@id":"https:\/\/letrame.com\/catalogo\/producto\/socioestadisticas-para-miembras\/#breadcrumb"},"inLanguage":"es","potentialAction":[{"@type":"ReadAction","target":["https:\/\/letrame.com\/catalogo\/producto\/socioestadisticas-para-miembras\/"]}]},{"@type":"ImageObject","inLanguage":"es","@id":"https:\/\/letrame.com\/catalogo\/producto\/socioestadisticas-para-miembras\/#primaryimage","url":"https:\/\/letrame.com\/catalogo\/wp-content\/uploads\/2024\/04\/redportada_sociestadistica_103mm.jpg","contentUrl":"https:\/\/letrame.com\/catalogo\/wp-content\/uploads\/2024\/04\/redportada_sociestadistica_103mm.jpg","width":601,"height":881},{"@type":"BreadcrumbList","@id":"https:\/\/letrame.com\/catalogo\/producto\/socioestadisticas-para-miembras\/#breadcrumb","itemListElement":[{"@type":"ListItem","position":1,"name":"Portada","item":"https:\/\/letrame.com\/catalogo\/"},{"@type":"ListItem","position":2,"name":"Cat\u00e1logo","item":"https:\/\/letrame.com\/catalogo\/"},{"@type":"ListItem","position":3,"name":"Socioestad\u00edsticas para miembras"}]},{"@type":"WebSite","@id":"https:\/\/letrame.com\/catalogo\/#website","url":"https:\/\/letrame.com\/catalogo\/","name":"Catalogo | Letrame Grupo Editorial","description":"","publisher":{"@id":"https:\/\/letrame.com\/catalogo\/#organization"},"potentialAction":[{"@type":"SearchAction","target":{"@type":"EntryPoint","urlTemplate":"https:\/\/letrame.com\/catalogo\/?s={search_term_string}"},"query-input":{"@type":"PropertyValueSpecification","valueRequired":true,"valueName":"search_term_string"}}],"inLanguage":"es"},{"@type":"Organization","@id":"https:\/\/letrame.com\/catalogo\/#organization","name":"Catalogo | Letrame Grupo Editorial","url":"https:\/\/letrame.com\/catalogo\/","logo":{"@type":"ImageObject","inLanguage":"es","@id":"https:\/\/letrame.com\/catalogo\/#\/schema\/logo\/image\/","url":"https:\/\/letrame.com\/catalogo\/wp-content\/uploads\/2024\/03\/logo2.webp","contentUrl":"https:\/\/letrame.com\/catalogo\/wp-content\/uploads\/2024\/03\/logo2.webp","width":394,"height":128,"caption":"Catalogo | Letrame Grupo Editorial"},"image":{"@id":"https:\/\/letrame.com\/catalogo\/#\/schema\/logo\/image\/"}}]}},"_links":{"self":[{"href":"https:\/\/letrame.com\/catalogo\/wp-json\/wp\/v2\/product\/97922","targetHints":{"allow":["GET"]}}],"collection":[{"href":"https:\/\/letrame.com\/catalogo\/wp-json\/wp\/v2\/product"}],"about":[{"href":"https:\/\/letrame.com\/catalogo\/wp-json\/wp\/v2\/types\/product"}],"replies":[{"embeddable":true,"href":"https:\/\/letrame.com\/catalogo\/wp-json\/wp\/v2\/comments?post=97922"}],"wp:featuredmedia":[{"embeddable":true,"href":"https:\/\/letrame.com\/catalogo\/wp-json\/wp\/v2\/media\/97923"}],"wp:attachment":[{"href":"https:\/\/letrame.com\/catalogo\/wp-json\/wp\/v2\/media?parent=97922"}],"wp:term":[{"taxonomy":"libro","embeddable":true,"href":"https:\/\/letrame.com\/catalogo\/wp-json\/wp\/v2\/libro?post=97922"},{"taxonomy":"product_brand","embeddable":true,"href":"https:\/\/letrame.com\/catalogo\/wp-json\/wp\/v2\/product_brand?post=97922"},{"taxonomy":"product_cat","embeddable":true,"href":"https:\/\/letrame.com\/catalogo\/wp-json\/wp\/v2\/product_cat?post=97922"},{"taxonomy":"product_tag","embeddable":true,"href":"https:\/\/letrame.com\/catalogo\/wp-json\/wp\/v2\/product_tag?post=97922"}],"curies":[{"name":"wp","href":"https:\/\/api.w.org\/{rel}","templated":true}]}}