{"id":97907,"date":"2024-04-29T14:36:16","date_gmt":"2024-04-29T12:36:16","guid":{"rendered":"https:\/\/letrame.com\/catalogo\/producto\/con-un-poco-de-tiempo\/"},"modified":"2024-04-29T14:36:16","modified_gmt":"2024-04-29T12:36:16","slug":"con-un-poco-de-tiempo","status":"publish","type":"product","link":"https:\/\/letrame.com\/catalogo\/producto\/con-un-poco-de-tiempo\/","title":{"rendered":"Con un poco de tiempo"},"content":{"rendered":"<p><strong>ISBN<\/strong>: 978-84-1144-009-7<\/p>\n<p><strong>T\u00edtulo<\/strong>: <span data-sheets-value=\"{&quot;1&quot;:2,&quot;2&quot;:&quot;Con un poco de tiempo&quot;}\" data-sheets-userformat=\"{&quot;2&quot;:579,&quot;3&quot;:{&quot;1&quot;:0},&quot;4&quot;:{&quot;1&quot;:2,&quot;2&quot;:14281427},&quot;9&quot;:1,&quot;12&quot;:0}\">Con un poco de tiempo<\/span><br \/>\n<strong>Fecha<\/strong>: 2022<br \/>\n<strong>P\u00e1ginas<\/strong>: 332<\/p>\n<p><strong>SINOPSIS<\/strong><\/p>\n<p>El viaje a casa fue bastante largo. Abandonar la isla para empezar una nueva vida iba a ser de lo menos emocionante.<\/p>\n<p>Pap\u00e1 y mam\u00e1 quer\u00edan tener algo m\u00e1s de intimidad, por eso eligieron Puente del Rey para vivir. Un pueblo en el norte de la pen\u00ednsula con grandes playas y un puerto y una universidad con algo de prestigio.<\/p>\n<p>Una ciudad tranquila y bien comunicada.<\/p>\n<p>Mir\u00e9 por la ventanilla durante todo el viaje. En mis auriculares se reproduc\u00eda la canci\u00f3n de <em>Better than ever <\/em>de Billie Eilish.<\/p>\n<p>A mi lado, el imb\u00e9cil de Ner\u00f3n mirando su m\u00f3vil.<\/p>\n<p>Finalmente pap\u00e1 detuvo el coche.<\/p>\n<p>\u2014Contemplad este rinconcito.<\/p>\n<p>Mi hermano y yo miramos por nuestras respectivas ventanillas. El paisaje era verde y las casas bajas con paredes de colores.<\/p>\n<p>Era alucinante ese peque\u00f1o trozo del norte.<\/p>\n<p>Puso el freno de mano y nos mir\u00f3 por el retrovisor.<\/p>\n<p>Paus\u00e9 la canci\u00f3n y guard\u00e9 los cascos.<\/p>\n<p>Era hora de conocer ese rinc\u00f3n nuevo llamado hogar.<\/p>\n<p>&nbsp;<\/p>\n","protected":false},"excerpt":{"rendered":"<p><strong>ISBN<\/strong>: 978-84-1144-009-7<\/p>\n<p><strong>SINOPSIS<\/strong><\/p>\n<p>El viaje a casa fue bastante largo. Abandonar la isla para empezar una nueva vida iba a ser de lo menos emocionante.<\/p>\n<p>Pap\u00e1 y mam\u00e1 quer\u00edan tener algo m\u00e1s de intimidad, por eso eligieron Puente del Rey para vivir. Un pueblo en el norte de la pen\u00ednsula con grandes playas y un puerto y una universidad con algo de prestigio.<\/p>\n<p>Una ciudad tranquila y bien comunicada.<\/p>\n<p>Mir\u00e9 por la ventanilla durante todo el viaje. En mis auriculares se reproduc\u00eda la canci\u00f3n de <em>Better than ever <\/em>de Billie Eilish.<\/p>\n<p>A mi lado, el imb\u00e9cil de Ner\u00f3n mirando su m\u00f3vil.<\/p>\n<p>Finalmente pap\u00e1 detuvo el coche.<\/p>\n<p>\u2014Contemplad este rinconcito.<\/p>\n<p>Mi hermano y yo miramos por nuestras respectivas ventanillas. El paisaje era verde y las casas bajas con paredes de colores.<\/p>\n<p>Era alucinante ese peque\u00f1o trozo del norte.<\/p>\n<p>Puso el freno de mano y nos mir\u00f3 por el retrovisor.<\/p>\n<p>Paus\u00e9 la canci\u00f3n y guard\u00e9 los cascos.<\/p>\n<p>Era hora de conocer ese rinc\u00f3n nuevo llamado hogar.<\/p>\n","protected":false},"featured_media":97908,"comment_status":"closed","ping_status":"open","template":"","meta":{"_acf_changed":false},"libro":[],"product_brand":[],"product_cat":[26],"product_tag":[],"class_list":{"0":"post-97907","1":"product","2":"type-product","3":"status-publish","4":"has-post-thumbnail","6":"product_cat-sin-categoria","8":"first","9":"instock","10":"purchasable","11":"product-type-simple"},"acf":{"autor":[76452],"enlace_de_compra":"https:\/\/www.amazon.es\/dp\/8411440095 \/"},"yoast_head":"<!-- This site is optimized with the Yoast SEO plugin v27.4 - https:\/\/yoast.com\/product\/yoast-seo-wordpress\/ -->\n<title>Con un poco de tiempo - Catalogo | Letrame Grupo Editorial<\/title>\n<meta name=\"robots\" content=\"index, follow, max-snippet:-1, max-image-preview:large, max-video-preview:-1\" \/>\n<link rel=\"canonical\" href=\"https:\/\/letrame.com\/catalogo\/producto\/con-un-poco-de-tiempo\/\" \/>\n<meta property=\"og:locale\" content=\"es_ES\" \/>\n<meta property=\"og:type\" content=\"article\" \/>\n<meta property=\"og:title\" content=\"Con un poco de tiempo - Catalogo | Letrame Grupo Editorial\" \/>\n<meta property=\"og:description\" content=\"ISBN: 978-84-1144-009-7 SINOPSIS El viaje a casa fue bastante largo. Abandonar la isla para empezar una nueva vida iba a ser de lo menos emocionante. Pap\u00e1 y mam\u00e1 quer\u00edan tener algo m\u00e1s de intimidad, por eso eligieron Puente del Rey para vivir. Un pueblo en el norte de la pen\u00ednsula con grandes playas y un puerto y una universidad con algo de prestigio. Una ciudad tranquila y bien comunicada. Mir\u00e9 por la ventanilla durante todo el viaje. En mis auriculares se reproduc\u00eda la canci\u00f3n de Better than ever de Billie Eilish. A mi lado, el imb\u00e9cil de Ner\u00f3n mirando su m\u00f3vil. Finalmente pap\u00e1 detuvo el coche. \u2014Contemplad este rinconcito. Mi hermano y yo miramos por nuestras respectivas ventanillas. El paisaje era verde y las casas bajas con paredes de colores. Era alucinante ese peque\u00f1o trozo del norte. Puso el freno de mano y nos mir\u00f3 por el retrovisor. Paus\u00e9 la canci\u00f3n y guard\u00e9 los cascos. Era hora de conocer ese rinc\u00f3n nuevo llamado hogar.\" \/>\n<meta property=\"og:url\" content=\"https:\/\/letrame.com\/catalogo\/producto\/con-un-poco-de-tiempo\/\" \/>\n<meta property=\"og:site_name\" content=\"Catalogo | Letrame Grupo Editorial\" \/>\n<meta property=\"og:image\" content=\"https:\/\/letrame.com\/catalogo\/wp-content\/uploads\/2024\/04\/redportada_conpocotiempo_1638mm-1.jpg\" \/>\n\t<meta property=\"og:image:width\" content=\"601\" \/>\n\t<meta property=\"og:image:height\" content=\"881\" \/>\n\t<meta property=\"og:image:type\" content=\"image\/jpeg\" \/>\n<meta name=\"twitter:card\" content=\"summary_large_image\" \/>\n<meta name=\"twitter:label1\" content=\"Tiempo de lectura\" \/>\n\t<meta name=\"twitter:data1\" content=\"1 minuto\" \/>\n<script type=\"application\/ld+json\" class=\"yoast-schema-graph\">{\"@context\":\"https:\\\/\\\/schema.org\",\"@graph\":[{\"@type\":\"WebPage\",\"@id\":\"https:\\\/\\\/letrame.com\\\/catalogo\\\/producto\\\/con-un-poco-de-tiempo\\\/\",\"url\":\"https:\\\/\\\/letrame.com\\\/catalogo\\\/producto\\\/con-un-poco-de-tiempo\\\/\",\"name\":\"Con un poco de tiempo - Catalogo | Letrame Grupo Editorial\",\"isPartOf\":{\"@id\":\"https:\\\/\\\/letrame.com\\\/catalogo\\\/#website\"},\"primaryImageOfPage\":{\"@id\":\"https:\\\/\\\/letrame.com\\\/catalogo\\\/producto\\\/con-un-poco-de-tiempo\\\/#primaryimage\"},\"image\":{\"@id\":\"https:\\\/\\\/letrame.com\\\/catalogo\\\/producto\\\/con-un-poco-de-tiempo\\\/#primaryimage\"},\"thumbnailUrl\":\"https:\\\/\\\/letrame.com\\\/catalogo\\\/wp-content\\\/uploads\\\/2024\\\/04\\\/redportada_conpocotiempo_1638mm-1.jpg\",\"datePublished\":\"2024-04-29T12:36:16+00:00\",\"breadcrumb\":{\"@id\":\"https:\\\/\\\/letrame.com\\\/catalogo\\\/producto\\\/con-un-poco-de-tiempo\\\/#breadcrumb\"},\"inLanguage\":\"es\",\"potentialAction\":[{\"@type\":\"ReadAction\",\"target\":[\"https:\\\/\\\/letrame.com\\\/catalogo\\\/producto\\\/con-un-poco-de-tiempo\\\/\"]}]},{\"@type\":\"ImageObject\",\"inLanguage\":\"es\",\"@id\":\"https:\\\/\\\/letrame.com\\\/catalogo\\\/producto\\\/con-un-poco-de-tiempo\\\/#primaryimage\",\"url\":\"https:\\\/\\\/letrame.com\\\/catalogo\\\/wp-content\\\/uploads\\\/2024\\\/04\\\/redportada_conpocotiempo_1638mm-1.jpg\",\"contentUrl\":\"https:\\\/\\\/letrame.com\\\/catalogo\\\/wp-content\\\/uploads\\\/2024\\\/04\\\/redportada_conpocotiempo_1638mm-1.jpg\",\"width\":601,\"height\":881},{\"@type\":\"BreadcrumbList\",\"@id\":\"https:\\\/\\\/letrame.com\\\/catalogo\\\/producto\\\/con-un-poco-de-tiempo\\\/#breadcrumb\",\"itemListElement\":[{\"@type\":\"ListItem\",\"position\":1,\"name\":\"Portada\",\"item\":\"https:\\\/\\\/letrame.com\\\/catalogo\\\/\"},{\"@type\":\"ListItem\",\"position\":2,\"name\":\"Cat\u00e1logo\",\"item\":\"https:\\\/\\\/letrame.com\\\/catalogo\\\/\"},{\"@type\":\"ListItem\",\"position\":3,\"name\":\"Con un poco de tiempo\"}]},{\"@type\":\"WebSite\",\"@id\":\"https:\\\/\\\/letrame.com\\\/catalogo\\\/#website\",\"url\":\"https:\\\/\\\/letrame.com\\\/catalogo\\\/\",\"name\":\"Catalogo | Letrame Grupo Editorial\",\"description\":\"\",\"publisher\":{\"@id\":\"https:\\\/\\\/letrame.com\\\/catalogo\\\/#organization\"},\"potentialAction\":[{\"@type\":\"SearchAction\",\"target\":{\"@type\":\"EntryPoint\",\"urlTemplate\":\"https:\\\/\\\/letrame.com\\\/catalogo\\\/?s={search_term_string}\"},\"query-input\":{\"@type\":\"PropertyValueSpecification\",\"valueRequired\":true,\"valueName\":\"search_term_string\"}}],\"inLanguage\":\"es\"},{\"@type\":\"Organization\",\"@id\":\"https:\\\/\\\/letrame.com\\\/catalogo\\\/#organization\",\"name\":\"Catalogo | Letrame Grupo Editorial\",\"url\":\"https:\\\/\\\/letrame.com\\\/catalogo\\\/\",\"logo\":{\"@type\":\"ImageObject\",\"inLanguage\":\"es\",\"@id\":\"https:\\\/\\\/letrame.com\\\/catalogo\\\/#\\\/schema\\\/logo\\\/image\\\/\",\"url\":\"https:\\\/\\\/letrame.com\\\/catalogo\\\/wp-content\\\/uploads\\\/2024\\\/03\\\/logo2.webp\",\"contentUrl\":\"https:\\\/\\\/letrame.com\\\/catalogo\\\/wp-content\\\/uploads\\\/2024\\\/03\\\/logo2.webp\",\"width\":394,\"height\":128,\"caption\":\"Catalogo | Letrame Grupo Editorial\"},\"image\":{\"@id\":\"https:\\\/\\\/letrame.com\\\/catalogo\\\/#\\\/schema\\\/logo\\\/image\\\/\"}}]}<\/script>\n<!-- \/ Yoast SEO plugin. -->","yoast_head_json":{"title":"Con un poco de tiempo - Catalogo | Letrame Grupo Editorial","robots":{"index":"index","follow":"follow","max-snippet":"max-snippet:-1","max-image-preview":"max-image-preview:large","max-video-preview":"max-video-preview:-1"},"canonical":"https:\/\/letrame.com\/catalogo\/producto\/con-un-poco-de-tiempo\/","og_locale":"es_ES","og_type":"article","og_title":"Con un poco de tiempo - Catalogo | Letrame Grupo Editorial","og_description":"ISBN: 978-84-1144-009-7 SINOPSIS El viaje a casa fue bastante largo. Abandonar la isla para empezar una nueva vida iba a ser de lo menos emocionante. Pap\u00e1 y mam\u00e1 quer\u00edan tener algo m\u00e1s de intimidad, por eso eligieron Puente del Rey para vivir. Un pueblo en el norte de la pen\u00ednsula con grandes playas y un puerto y una universidad con algo de prestigio. Una ciudad tranquila y bien comunicada. Mir\u00e9 por la ventanilla durante todo el viaje. En mis auriculares se reproduc\u00eda la canci\u00f3n de Better than ever de Billie Eilish. A mi lado, el imb\u00e9cil de Ner\u00f3n mirando su m\u00f3vil. Finalmente pap\u00e1 detuvo el coche. \u2014Contemplad este rinconcito. Mi hermano y yo miramos por nuestras respectivas ventanillas. El paisaje era verde y las casas bajas con paredes de colores. Era alucinante ese peque\u00f1o trozo del norte. Puso el freno de mano y nos mir\u00f3 por el retrovisor. Paus\u00e9 la canci\u00f3n y guard\u00e9 los cascos. Era hora de conocer ese rinc\u00f3n nuevo llamado hogar.","og_url":"https:\/\/letrame.com\/catalogo\/producto\/con-un-poco-de-tiempo\/","og_site_name":"Catalogo | Letrame Grupo Editorial","og_image":[{"width":601,"height":881,"url":"https:\/\/letrame.com\/catalogo\/wp-content\/uploads\/2024\/04\/redportada_conpocotiempo_1638mm-1.jpg","type":"image\/jpeg"}],"twitter_card":"summary_large_image","twitter_misc":{"Tiempo de lectura":"1 minuto"},"schema":{"@context":"https:\/\/schema.org","@graph":[{"@type":"WebPage","@id":"https:\/\/letrame.com\/catalogo\/producto\/con-un-poco-de-tiempo\/","url":"https:\/\/letrame.com\/catalogo\/producto\/con-un-poco-de-tiempo\/","name":"Con un poco de tiempo - Catalogo | Letrame Grupo Editorial","isPartOf":{"@id":"https:\/\/letrame.com\/catalogo\/#website"},"primaryImageOfPage":{"@id":"https:\/\/letrame.com\/catalogo\/producto\/con-un-poco-de-tiempo\/#primaryimage"},"image":{"@id":"https:\/\/letrame.com\/catalogo\/producto\/con-un-poco-de-tiempo\/#primaryimage"},"thumbnailUrl":"https:\/\/letrame.com\/catalogo\/wp-content\/uploads\/2024\/04\/redportada_conpocotiempo_1638mm-1.jpg","datePublished":"2024-04-29T12:36:16+00:00","breadcrumb":{"@id":"https:\/\/letrame.com\/catalogo\/producto\/con-un-poco-de-tiempo\/#breadcrumb"},"inLanguage":"es","potentialAction":[{"@type":"ReadAction","target":["https:\/\/letrame.com\/catalogo\/producto\/con-un-poco-de-tiempo\/"]}]},{"@type":"ImageObject","inLanguage":"es","@id":"https:\/\/letrame.com\/catalogo\/producto\/con-un-poco-de-tiempo\/#primaryimage","url":"https:\/\/letrame.com\/catalogo\/wp-content\/uploads\/2024\/04\/redportada_conpocotiempo_1638mm-1.jpg","contentUrl":"https:\/\/letrame.com\/catalogo\/wp-content\/uploads\/2024\/04\/redportada_conpocotiempo_1638mm-1.jpg","width":601,"height":881},{"@type":"BreadcrumbList","@id":"https:\/\/letrame.com\/catalogo\/producto\/con-un-poco-de-tiempo\/#breadcrumb","itemListElement":[{"@type":"ListItem","position":1,"name":"Portada","item":"https:\/\/letrame.com\/catalogo\/"},{"@type":"ListItem","position":2,"name":"Cat\u00e1logo","item":"https:\/\/letrame.com\/catalogo\/"},{"@type":"ListItem","position":3,"name":"Con un poco de tiempo"}]},{"@type":"WebSite","@id":"https:\/\/letrame.com\/catalogo\/#website","url":"https:\/\/letrame.com\/catalogo\/","name":"Catalogo | Letrame Grupo Editorial","description":"","publisher":{"@id":"https:\/\/letrame.com\/catalogo\/#organization"},"potentialAction":[{"@type":"SearchAction","target":{"@type":"EntryPoint","urlTemplate":"https:\/\/letrame.com\/catalogo\/?s={search_term_string}"},"query-input":{"@type":"PropertyValueSpecification","valueRequired":true,"valueName":"search_term_string"}}],"inLanguage":"es"},{"@type":"Organization","@id":"https:\/\/letrame.com\/catalogo\/#organization","name":"Catalogo | Letrame Grupo Editorial","url":"https:\/\/letrame.com\/catalogo\/","logo":{"@type":"ImageObject","inLanguage":"es","@id":"https:\/\/letrame.com\/catalogo\/#\/schema\/logo\/image\/","url":"https:\/\/letrame.com\/catalogo\/wp-content\/uploads\/2024\/03\/logo2.webp","contentUrl":"https:\/\/letrame.com\/catalogo\/wp-content\/uploads\/2024\/03\/logo2.webp","width":394,"height":128,"caption":"Catalogo | Letrame Grupo Editorial"},"image":{"@id":"https:\/\/letrame.com\/catalogo\/#\/schema\/logo\/image\/"}}]}},"_links":{"self":[{"href":"https:\/\/letrame.com\/catalogo\/wp-json\/wp\/v2\/product\/97907","targetHints":{"allow":["GET"]}}],"collection":[{"href":"https:\/\/letrame.com\/catalogo\/wp-json\/wp\/v2\/product"}],"about":[{"href":"https:\/\/letrame.com\/catalogo\/wp-json\/wp\/v2\/types\/product"}],"replies":[{"embeddable":true,"href":"https:\/\/letrame.com\/catalogo\/wp-json\/wp\/v2\/comments?post=97907"}],"acf:post":[{"embeddable":true,"href":"https:\/\/letrame.com\/catalogo\/wp-json\/wp\/v2\/author_book\/76452"}],"wp:featuredmedia":[{"embeddable":true,"href":"https:\/\/letrame.com\/catalogo\/wp-json\/wp\/v2\/media\/97908"}],"wp:attachment":[{"href":"https:\/\/letrame.com\/catalogo\/wp-json\/wp\/v2\/media?parent=97907"}],"wp:term":[{"taxonomy":"libro","embeddable":true,"href":"https:\/\/letrame.com\/catalogo\/wp-json\/wp\/v2\/libro?post=97907"},{"taxonomy":"product_brand","embeddable":true,"href":"https:\/\/letrame.com\/catalogo\/wp-json\/wp\/v2\/product_brand?post=97907"},{"taxonomy":"product_cat","embeddable":true,"href":"https:\/\/letrame.com\/catalogo\/wp-json\/wp\/v2\/product_cat?post=97907"},{"taxonomy":"product_tag","embeddable":true,"href":"https:\/\/letrame.com\/catalogo\/wp-json\/wp\/v2\/product_tag?post=97907"}],"curies":[{"name":"wp","href":"https:\/\/api.w.org\/{rel}","templated":true}]}}