{"id":97890,"date":"2024-04-29T14:35:43","date_gmt":"2024-04-29T12:35:43","guid":{"rendered":"https:\/\/letrame.com\/catalogo\/producto\/toda-una-vida\/"},"modified":"2024-08-12T16:11:37","modified_gmt":"2024-08-12T14:11:37","slug":"toda-una-vida","status":"publish","type":"product","link":"https:\/\/letrame.com\/catalogo\/producto\/toda-una-vida\/","title":{"rendered":"Toda una vida"},"content":{"rendered":"<p><strong>ISBN<\/strong>: 978-84-1114-895-5<\/p>\n<p><strong>T\u00edtulo<\/strong>: <span data-sheets-value=\"{&quot;1&quot;:2,&quot;2&quot;:&quot;Toda una vida&quot;}\" data-sheets-userformat=\"{&quot;2&quot;:579,&quot;3&quot;:{&quot;1&quot;:0},&quot;4&quot;:{&quot;1&quot;:2,&quot;2&quot;:14281427},&quot;9&quot;:1,&quot;12&quot;:0}\">Toda una vida<\/span><br \/>\n<strong>Fecha<\/strong>: 2022<br \/>\n<strong>P\u00e1ginas<\/strong>: 210<\/p>\n<p><strong>SINOPSIS<\/strong><\/p>\n<p>Estas l\u00edneas est\u00e1n llenas de emociones, tragedias, satisfacciones y, sobre todo, nostalgia.<\/p>\n<p>Hemos tenido una pandemia, pas\u00e1ndola encerrados en casa sin poder salir. Murieron millones de personas en todo el mundo, con mucho miedo por lo mortal que fue, llev\u00e1ndose a miles de personas. Fue cuando empec\u00e9 a recordar toda mi vida desde que nac\u00ed.<\/p>\n<p>En mi memoria siempre presente mi envenenamiento por S\u00cdNDROME T\u00d3XICO, como much\u00edsimos episodios que cuento con mucha ilusi\u00f3n. Dichosa e ilusionada por haberlo podido realizar, ya que nadie est\u00e1 libre del dichoso Alzheimer. Recibo de vez en cuando algunas secuelas. Mencionar que mis descendientes tendr\u00e1n datos ver\u00eddicos de una abuela que los am\u00f3 hasta su eternidad.<\/p>\n","protected":false},"excerpt":{"rendered":"<p><strong>ISBN<\/strong>: 978-84-1114-895-5<\/p>\n<p><strong>SINOPSIS<\/strong><\/p>\n<p>Estas l\u00edneas est\u00e1n llenas de emociones, tragedias, satisfacciones y, sobre todo, nostalgia.<\/p>\n<p>Hemos tenido una pandemia, pas\u00e1ndola encerrados en casa sin poder salir. Murieron millones de personas en todo el mundo, con mucho miedo por lo mortal que fue, llev\u00e1ndose a miles de personas. Fue cuando empec\u00e9 a recordar toda mi vida desde que nac\u00ed.<\/p>\n<p>En mi memoria siempre presente mi envenenamiento por S\u00cdNDROME T\u00d3XICO, como much\u00edsimos episodios que cuento con mucha ilusi\u00f3n. Dichosa e ilusionada por haberlo podido realizar, ya que nadie est\u00e1 libre del dichoso Alzheimer. Recibo de vez en cuando algunas secuelas. Mencionar que mis descendientes tendr\u00e1n datos ver\u00eddicos de una abuela que los am\u00f3 hasta su eternidad.<\/p>\n","protected":false},"featured_media":97891,"comment_status":"closed","ping_status":"closed","template":"","meta":{"_acf_changed":false},"libro":[],"product_brand":[],"product_cat":[31],"product_tag":[],"class_list":{"0":"post-97890","1":"product","2":"type-product","3":"status-publish","4":"has-post-thumbnail","6":"product_cat-autobiografia","8":"first","9":"instock","10":"product-type-simple"},"acf":{"autor":[76437],"enlace_de_compra":"https:\/\/amzn.to\/3WAlMg8"},"yoast_head":"<!-- This site is optimized with the Yoast SEO plugin v26.6 - https:\/\/yoast.com\/wordpress\/plugins\/seo\/ -->\n<title>Toda una vida - Catalogo | Letrame Grupo Editorial<\/title>\n<meta name=\"robots\" content=\"index, follow, max-snippet:-1, max-image-preview:large, max-video-preview:-1\" \/>\n<link rel=\"canonical\" href=\"https:\/\/letrame.com\/catalogo\/producto\/toda-una-vida\/\" \/>\n<meta property=\"og:locale\" content=\"es_ES\" \/>\n<meta property=\"og:type\" content=\"article\" \/>\n<meta property=\"og:title\" content=\"Toda una vida - Catalogo | Letrame Grupo Editorial\" \/>\n<meta property=\"og:description\" content=\"ISBN: 978-84-1114-895-5  SINOPSIS  Estas l\u00edneas est\u00e1n llenas de emociones, tragedias, satisfacciones y, sobre todo, nostalgia.  Hemos tenido una pandemia, pas\u00e1ndola encerrados en casa sin poder salir. Murieron millones de personas en todo el mundo, con mucho miedo por lo mortal que fue, llev\u00e1ndose a miles de personas. Fue cuando empec\u00e9 a recordar toda mi vida desde que nac\u00ed.  En mi memoria siempre presente mi envenenamiento por S\u00cdNDROME T\u00d3XICO, como much\u00edsimos episodios que cuento con mucha ilusi\u00f3n. Dichosa e ilusionada por haberlo podido realizar, ya que nadie est\u00e1 libre del dichoso Alzheimer. Recibo de vez en cuando algunas secuelas. Mencionar que mis descendientes tendr\u00e1n datos ver\u00eddicos de una abuela que los am\u00f3 hasta su eternidad.\" \/>\n<meta property=\"og:url\" content=\"https:\/\/letrame.com\/catalogo\/producto\/toda-una-vida\/\" \/>\n<meta property=\"og:site_name\" content=\"Catalogo | Letrame Grupo Editorial\" \/>\n<meta property=\"article:modified_time\" content=\"2024-08-12T14:11:37+00:00\" \/>\n<meta property=\"og:image\" content=\"https:\/\/letrame.com\/catalogo\/wp-content\/uploads\/2024\/04\/redportada_todaunavida_1076mm.jpg\" \/>\n\t<meta property=\"og:image:width\" content=\"601\" \/>\n\t<meta property=\"og:image:height\" content=\"881\" \/>\n\t<meta property=\"og:image:type\" content=\"image\/jpeg\" \/>\n<meta name=\"twitter:card\" content=\"summary_large_image\" \/>\n<meta name=\"twitter:label1\" content=\"Tiempo de lectura\" \/>\n\t<meta name=\"twitter:data1\" content=\"1 minuto\" \/>\n<script type=\"application\/ld+json\" class=\"yoast-schema-graph\">{\"@context\":\"https:\/\/schema.org\",\"@graph\":[{\"@type\":\"WebPage\",\"@id\":\"https:\/\/letrame.com\/catalogo\/producto\/toda-una-vida\/\",\"url\":\"https:\/\/letrame.com\/catalogo\/producto\/toda-una-vida\/\",\"name\":\"Toda una vida - Catalogo | Letrame Grupo Editorial\",\"isPartOf\":{\"@id\":\"https:\/\/letrame.com\/catalogo\/#website\"},\"primaryImageOfPage\":{\"@id\":\"https:\/\/letrame.com\/catalogo\/producto\/toda-una-vida\/#primaryimage\"},\"image\":{\"@id\":\"https:\/\/letrame.com\/catalogo\/producto\/toda-una-vida\/#primaryimage\"},\"thumbnailUrl\":\"https:\/\/letrame.com\/catalogo\/wp-content\/uploads\/2024\/04\/redportada_todaunavida_1076mm.jpg\",\"datePublished\":\"2024-04-29T12:35:43+00:00\",\"dateModified\":\"2024-08-12T14:11:37+00:00\",\"breadcrumb\":{\"@id\":\"https:\/\/letrame.com\/catalogo\/producto\/toda-una-vida\/#breadcrumb\"},\"inLanguage\":\"es\",\"potentialAction\":[{\"@type\":\"ReadAction\",\"target\":[\"https:\/\/letrame.com\/catalogo\/producto\/toda-una-vida\/\"]}]},{\"@type\":\"ImageObject\",\"inLanguage\":\"es\",\"@id\":\"https:\/\/letrame.com\/catalogo\/producto\/toda-una-vida\/#primaryimage\",\"url\":\"https:\/\/letrame.com\/catalogo\/wp-content\/uploads\/2024\/04\/redportada_todaunavida_1076mm.jpg\",\"contentUrl\":\"https:\/\/letrame.com\/catalogo\/wp-content\/uploads\/2024\/04\/redportada_todaunavida_1076mm.jpg\",\"width\":601,\"height\":881},{\"@type\":\"BreadcrumbList\",\"@id\":\"https:\/\/letrame.com\/catalogo\/producto\/toda-una-vida\/#breadcrumb\",\"itemListElement\":[{\"@type\":\"ListItem\",\"position\":1,\"name\":\"Portada\",\"item\":\"https:\/\/letrame.com\/catalogo\/\"},{\"@type\":\"ListItem\",\"position\":2,\"name\":\"Cat\u00e1logo\",\"item\":\"https:\/\/letrame.com\/catalogo\/\"},{\"@type\":\"ListItem\",\"position\":3,\"name\":\"Toda una vida\"}]},{\"@type\":\"WebSite\",\"@id\":\"https:\/\/letrame.com\/catalogo\/#website\",\"url\":\"https:\/\/letrame.com\/catalogo\/\",\"name\":\"Catalogo | Letrame Grupo Editorial\",\"description\":\"\",\"publisher\":{\"@id\":\"https:\/\/letrame.com\/catalogo\/#organization\"},\"potentialAction\":[{\"@type\":\"SearchAction\",\"target\":{\"@type\":\"EntryPoint\",\"urlTemplate\":\"https:\/\/letrame.com\/catalogo\/?s={search_term_string}\"},\"query-input\":{\"@type\":\"PropertyValueSpecification\",\"valueRequired\":true,\"valueName\":\"search_term_string\"}}],\"inLanguage\":\"es\"},{\"@type\":\"Organization\",\"@id\":\"https:\/\/letrame.com\/catalogo\/#organization\",\"name\":\"Catalogo | Letrame Grupo Editorial\",\"url\":\"https:\/\/letrame.com\/catalogo\/\",\"logo\":{\"@type\":\"ImageObject\",\"inLanguage\":\"es\",\"@id\":\"https:\/\/letrame.com\/catalogo\/#\/schema\/logo\/image\/\",\"url\":\"https:\/\/letrame.com\/catalogo\/wp-content\/uploads\/2024\/03\/logo2.webp\",\"contentUrl\":\"https:\/\/letrame.com\/catalogo\/wp-content\/uploads\/2024\/03\/logo2.webp\",\"width\":394,\"height\":128,\"caption\":\"Catalogo | Letrame Grupo Editorial\"},\"image\":{\"@id\":\"https:\/\/letrame.com\/catalogo\/#\/schema\/logo\/image\/\"}}]}<\/script>\n<!-- \/ Yoast SEO plugin. -->","yoast_head_json":{"title":"Toda una vida - Catalogo | Letrame Grupo Editorial","robots":{"index":"index","follow":"follow","max-snippet":"max-snippet:-1","max-image-preview":"max-image-preview:large","max-video-preview":"max-video-preview:-1"},"canonical":"https:\/\/letrame.com\/catalogo\/producto\/toda-una-vida\/","og_locale":"es_ES","og_type":"article","og_title":"Toda una vida - Catalogo | Letrame Grupo Editorial","og_description":"ISBN: 978-84-1114-895-5  SINOPSIS  Estas l\u00edneas est\u00e1n llenas de emociones, tragedias, satisfacciones y, sobre todo, nostalgia.  Hemos tenido una pandemia, pas\u00e1ndola encerrados en casa sin poder salir. Murieron millones de personas en todo el mundo, con mucho miedo por lo mortal que fue, llev\u00e1ndose a miles de personas. Fue cuando empec\u00e9 a recordar toda mi vida desde que nac\u00ed.  En mi memoria siempre presente mi envenenamiento por S\u00cdNDROME T\u00d3XICO, como much\u00edsimos episodios que cuento con mucha ilusi\u00f3n. Dichosa e ilusionada por haberlo podido realizar, ya que nadie est\u00e1 libre del dichoso Alzheimer. Recibo de vez en cuando algunas secuelas. Mencionar que mis descendientes tendr\u00e1n datos ver\u00eddicos de una abuela que los am\u00f3 hasta su eternidad.","og_url":"https:\/\/letrame.com\/catalogo\/producto\/toda-una-vida\/","og_site_name":"Catalogo | Letrame Grupo Editorial","article_modified_time":"2024-08-12T14:11:37+00:00","og_image":[{"width":601,"height":881,"url":"https:\/\/letrame.com\/catalogo\/wp-content\/uploads\/2024\/04\/redportada_todaunavida_1076mm.jpg","type":"image\/jpeg"}],"twitter_card":"summary_large_image","twitter_misc":{"Tiempo de lectura":"1 minuto"},"schema":{"@context":"https:\/\/schema.org","@graph":[{"@type":"WebPage","@id":"https:\/\/letrame.com\/catalogo\/producto\/toda-una-vida\/","url":"https:\/\/letrame.com\/catalogo\/producto\/toda-una-vida\/","name":"Toda una vida - Catalogo | Letrame Grupo Editorial","isPartOf":{"@id":"https:\/\/letrame.com\/catalogo\/#website"},"primaryImageOfPage":{"@id":"https:\/\/letrame.com\/catalogo\/producto\/toda-una-vida\/#primaryimage"},"image":{"@id":"https:\/\/letrame.com\/catalogo\/producto\/toda-una-vida\/#primaryimage"},"thumbnailUrl":"https:\/\/letrame.com\/catalogo\/wp-content\/uploads\/2024\/04\/redportada_todaunavida_1076mm.jpg","datePublished":"2024-04-29T12:35:43+00:00","dateModified":"2024-08-12T14:11:37+00:00","breadcrumb":{"@id":"https:\/\/letrame.com\/catalogo\/producto\/toda-una-vida\/#breadcrumb"},"inLanguage":"es","potentialAction":[{"@type":"ReadAction","target":["https:\/\/letrame.com\/catalogo\/producto\/toda-una-vida\/"]}]},{"@type":"ImageObject","inLanguage":"es","@id":"https:\/\/letrame.com\/catalogo\/producto\/toda-una-vida\/#primaryimage","url":"https:\/\/letrame.com\/catalogo\/wp-content\/uploads\/2024\/04\/redportada_todaunavida_1076mm.jpg","contentUrl":"https:\/\/letrame.com\/catalogo\/wp-content\/uploads\/2024\/04\/redportada_todaunavida_1076mm.jpg","width":601,"height":881},{"@type":"BreadcrumbList","@id":"https:\/\/letrame.com\/catalogo\/producto\/toda-una-vida\/#breadcrumb","itemListElement":[{"@type":"ListItem","position":1,"name":"Portada","item":"https:\/\/letrame.com\/catalogo\/"},{"@type":"ListItem","position":2,"name":"Cat\u00e1logo","item":"https:\/\/letrame.com\/catalogo\/"},{"@type":"ListItem","position":3,"name":"Toda una vida"}]},{"@type":"WebSite","@id":"https:\/\/letrame.com\/catalogo\/#website","url":"https:\/\/letrame.com\/catalogo\/","name":"Catalogo | Letrame Grupo Editorial","description":"","publisher":{"@id":"https:\/\/letrame.com\/catalogo\/#organization"},"potentialAction":[{"@type":"SearchAction","target":{"@type":"EntryPoint","urlTemplate":"https:\/\/letrame.com\/catalogo\/?s={search_term_string}"},"query-input":{"@type":"PropertyValueSpecification","valueRequired":true,"valueName":"search_term_string"}}],"inLanguage":"es"},{"@type":"Organization","@id":"https:\/\/letrame.com\/catalogo\/#organization","name":"Catalogo | Letrame Grupo Editorial","url":"https:\/\/letrame.com\/catalogo\/","logo":{"@type":"ImageObject","inLanguage":"es","@id":"https:\/\/letrame.com\/catalogo\/#\/schema\/logo\/image\/","url":"https:\/\/letrame.com\/catalogo\/wp-content\/uploads\/2024\/03\/logo2.webp","contentUrl":"https:\/\/letrame.com\/catalogo\/wp-content\/uploads\/2024\/03\/logo2.webp","width":394,"height":128,"caption":"Catalogo | Letrame Grupo Editorial"},"image":{"@id":"https:\/\/letrame.com\/catalogo\/#\/schema\/logo\/image\/"}}]}},"_links":{"self":[{"href":"https:\/\/letrame.com\/catalogo\/wp-json\/wp\/v2\/product\/97890","targetHints":{"allow":["GET"]}}],"collection":[{"href":"https:\/\/letrame.com\/catalogo\/wp-json\/wp\/v2\/product"}],"about":[{"href":"https:\/\/letrame.com\/catalogo\/wp-json\/wp\/v2\/types\/product"}],"replies":[{"embeddable":true,"href":"https:\/\/letrame.com\/catalogo\/wp-json\/wp\/v2\/comments?post=97890"}],"acf:post":[{"embeddable":true,"href":"https:\/\/letrame.com\/catalogo\/wp-json\/wp\/v2\/author_book\/76437"}],"wp:featuredmedia":[{"embeddable":true,"href":"https:\/\/letrame.com\/catalogo\/wp-json\/wp\/v2\/media\/97891"}],"wp:attachment":[{"href":"https:\/\/letrame.com\/catalogo\/wp-json\/wp\/v2\/media?parent=97890"}],"wp:term":[{"taxonomy":"libro","embeddable":true,"href":"https:\/\/letrame.com\/catalogo\/wp-json\/wp\/v2\/libro?post=97890"},{"taxonomy":"product_brand","embeddable":true,"href":"https:\/\/letrame.com\/catalogo\/wp-json\/wp\/v2\/product_brand?post=97890"},{"taxonomy":"product_cat","embeddable":true,"href":"https:\/\/letrame.com\/catalogo\/wp-json\/wp\/v2\/product_cat?post=97890"},{"taxonomy":"product_tag","embeddable":true,"href":"https:\/\/letrame.com\/catalogo\/wp-json\/wp\/v2\/product_tag?post=97890"}],"curies":[{"name":"wp","href":"https:\/\/api.w.org\/{rel}","templated":true}]}}