{"id":97888,"date":"2024-04-29T14:35:21","date_gmt":"2024-04-29T12:35:21","guid":{"rendered":"https:\/\/letrame.com\/catalogo\/producto\/tratado-de-la-luz\/"},"modified":"2024-04-29T14:35:38","modified_gmt":"2024-04-29T12:35:38","slug":"tratado-de-la-luz","status":"publish","type":"product","link":"https:\/\/letrame.com\/catalogo\/producto\/tratado-de-la-luz\/","title":{"rendered":"Tratado de la luz"},"content":{"rendered":"<p><strong>ISBN<\/strong>: 978-84-1114-752-1<\/p>\n<p><strong>T\u00edtulo<\/strong>: Tratado de la luz<br \/>\n<strong>Fecha<\/strong>: 2022<br \/>\n<strong>P\u00e1ginas<\/strong>: 212<\/p>\n<p><strong>SINOPSIS<\/strong><\/p>\n<p>Tratado de la luz recoge una b\u00fasqueda incesante, la misma que preocup\u00f3 a mujeres y hombres de la antig\u00fcedad y que nos muerde todos los d\u00edas. \u00bfD\u00f3nde est\u00e1 la luz, mam\u00e1, que no la hallo? es la pregunta que puede ocupar estas p\u00e1ginas color hueso, como si en ellos \u2013en los huesos\u2013 se nos derritiera un calcio blanco y l\u00edquido que se escurre y pierde. Y es que solo en la p\u00e9rdida \u2013jam\u00e1s en la abundancia- habita la esperanza. Este libro comienza de noche, pero acaba de d\u00eda, en un albor que se posterga, porque todo bajo el cielo tiene su hora, y tambi\u00e9n la risa la tiene, esa que suena como el canto de un resucitado, pero sol\u00eda o\u00edrse como el lamento del olvidado. En esta \u00e9poca de la sobreestimulaci\u00f3n, entre tanto ruido, son tan pocas las cosas necesarias. Y esas pocas importan tanto. Dejemos de buscar la luz en la oscuridad, que nada puede ser y no ser al mismo tiempo. Y si no la encuentras, comparto contigo una voz que alguna vez me dijo: Ven, ac\u00e9rcate, aqu\u00ed hay un poco.<\/p>\n<p>&nbsp;<\/p>\n<p>&nbsp;<\/p>\n","protected":false},"excerpt":{"rendered":"<p><strong>ISBN<\/strong>: 978-84-1114-752-1<\/p>\n<p><strong>SINOPSIS<\/strong><\/p>\n<p>Tratado de la luz recoge una b\u00fasqueda incesante, la misma que preocup\u00f3 a mujeres y hombres de la antig\u00fcedad y que nos muerde todos los d\u00edas. \u00bfD\u00f3nde est\u00e1 la luz, mam\u00e1, que no la hallo? es la pregunta que puede ocupar estas p\u00e1ginas color hueso, como si en ellos \u2013en los huesos\u2013 se nos derritiera un calcio blanco y l\u00edquido que se escurre y pierde. Y es que solo en la p\u00e9rdida \u2013jam\u00e1s en la abundancia- habita la esperanza. Este libro comienza de noche, pero acaba de d\u00eda, en un albor que se posterga, porque todo bajo el cielo tiene su hora, y tambi\u00e9n la risa la tiene, esa que suena como el canto de un resucitado, pero sol\u00eda o\u00edrse como el lamento del olvidado. En esta \u00e9poca de la sobreestimulaci\u00f3n, entre tanto ruido, son tan pocas las cosas necesarias. Y esas pocas importan tanto. Dejemos de buscar la luz en la oscuridad, que nada puede ser y no ser al mismo tiempo. Y si no la encuentras, comparto contigo una voz que alguna vez me dijo: Ven, ac\u00e9rcate, aqu\u00ed hay un poco.<\/p>\n","protected":false},"featured_media":97889,"comment_status":"closed","ping_status":"open","template":"","meta":{"_acf_changed":false},"libro":[],"product_brand":[],"product_cat":[20],"product_tag":[],"class_list":{"0":"post-97888","1":"product","2":"type-product","3":"status-publish","4":"has-post-thumbnail","6":"product_cat-poesia","8":"first","9":"instock","10":"product-type-simple"},"acf":{"autor":[76436],"enlace_de_compra":"https:\/\/www.amazon.es\/Tratado-luz-siete-cantos-resucitado\/dp\/8411147525\/"},"yoast_head":"<!-- This site is optimized with the Yoast SEO plugin v26.6 - https:\/\/yoast.com\/wordpress\/plugins\/seo\/ -->\n<title>Tratado de la luz - Catalogo | Letrame Grupo Editorial<\/title>\n<meta name=\"robots\" content=\"index, follow, max-snippet:-1, max-image-preview:large, max-video-preview:-1\" \/>\n<link rel=\"canonical\" href=\"https:\/\/letrame.com\/catalogo\/producto\/tratado-de-la-luz\/\" \/>\n<meta property=\"og:locale\" content=\"es_ES\" \/>\n<meta property=\"og:type\" content=\"article\" \/>\n<meta property=\"og:title\" content=\"Tratado de la luz - Catalogo | Letrame Grupo Editorial\" \/>\n<meta property=\"og:description\" content=\"ISBN: 978-84-1114-752-1 SINOPSIS Tratado de la luz recoge una b\u00fasqueda incesante, la misma que preocup\u00f3 a mujeres y hombres de la antig\u00fcedad y que nos muerde todos los d\u00edas. \u00bfD\u00f3nde est\u00e1 la luz, mam\u00e1, que no la hallo? es la pregunta que puede ocupar estas p\u00e1ginas color hueso, como si en ellos \u2013en los huesos\u2013 se nos derritiera un calcio blanco y l\u00edquido que se escurre y pierde. Y es que solo en la p\u00e9rdida \u2013jam\u00e1s en la abundancia- habita la esperanza. Este libro comienza de noche, pero acaba de d\u00eda, en un albor que se posterga, porque todo bajo el cielo tiene su hora, y tambi\u00e9n la risa la tiene, esa que suena como el canto de un resucitado, pero sol\u00eda o\u00edrse como el lamento del olvidado. En esta \u00e9poca de la sobreestimulaci\u00f3n, entre tanto ruido, son tan pocas las cosas necesarias. Y esas pocas importan tanto. Dejemos de buscar la luz en la oscuridad, que nada puede ser y no ser al mismo tiempo. Y si no la encuentras, comparto contigo una voz que alguna vez me dijo: Ven, ac\u00e9rcate, aqu\u00ed hay un poco.\" \/>\n<meta property=\"og:url\" content=\"https:\/\/letrame.com\/catalogo\/producto\/tratado-de-la-luz\/\" \/>\n<meta property=\"og:site_name\" content=\"Catalogo | Letrame Grupo Editorial\" \/>\n<meta property=\"article:modified_time\" content=\"2024-04-29T12:35:38+00:00\" \/>\n<meta property=\"og:image\" content=\"https:\/\/letrame.com\/catalogo\/wp-content\/uploads\/2024\/04\/redportada_tratadodelaluz_1076mm.jpg\" \/>\n\t<meta property=\"og:image:width\" content=\"601\" \/>\n\t<meta property=\"og:image:height\" content=\"881\" \/>\n\t<meta property=\"og:image:type\" content=\"image\/jpeg\" \/>\n<meta name=\"twitter:card\" content=\"summary_large_image\" \/>\n<meta name=\"twitter:label1\" content=\"Tiempo de lectura\" \/>\n\t<meta name=\"twitter:data1\" content=\"1 minuto\" \/>\n<script type=\"application\/ld+json\" class=\"yoast-schema-graph\">{\"@context\":\"https:\/\/schema.org\",\"@graph\":[{\"@type\":\"WebPage\",\"@id\":\"https:\/\/letrame.com\/catalogo\/producto\/tratado-de-la-luz\/\",\"url\":\"https:\/\/letrame.com\/catalogo\/producto\/tratado-de-la-luz\/\",\"name\":\"Tratado de la luz - Catalogo | Letrame Grupo Editorial\",\"isPartOf\":{\"@id\":\"https:\/\/letrame.com\/catalogo\/#website\"},\"primaryImageOfPage\":{\"@id\":\"https:\/\/letrame.com\/catalogo\/producto\/tratado-de-la-luz\/#primaryimage\"},\"image\":{\"@id\":\"https:\/\/letrame.com\/catalogo\/producto\/tratado-de-la-luz\/#primaryimage\"},\"thumbnailUrl\":\"https:\/\/letrame.com\/catalogo\/wp-content\/uploads\/2024\/04\/redportada_tratadodelaluz_1076mm.jpg\",\"datePublished\":\"2024-04-29T12:35:21+00:00\",\"dateModified\":\"2024-04-29T12:35:38+00:00\",\"breadcrumb\":{\"@id\":\"https:\/\/letrame.com\/catalogo\/producto\/tratado-de-la-luz\/#breadcrumb\"},\"inLanguage\":\"es\",\"potentialAction\":[{\"@type\":\"ReadAction\",\"target\":[\"https:\/\/letrame.com\/catalogo\/producto\/tratado-de-la-luz\/\"]}]},{\"@type\":\"ImageObject\",\"inLanguage\":\"es\",\"@id\":\"https:\/\/letrame.com\/catalogo\/producto\/tratado-de-la-luz\/#primaryimage\",\"url\":\"https:\/\/letrame.com\/catalogo\/wp-content\/uploads\/2024\/04\/redportada_tratadodelaluz_1076mm.jpg\",\"contentUrl\":\"https:\/\/letrame.com\/catalogo\/wp-content\/uploads\/2024\/04\/redportada_tratadodelaluz_1076mm.jpg\",\"width\":601,\"height\":881},{\"@type\":\"BreadcrumbList\",\"@id\":\"https:\/\/letrame.com\/catalogo\/producto\/tratado-de-la-luz\/#breadcrumb\",\"itemListElement\":[{\"@type\":\"ListItem\",\"position\":1,\"name\":\"Portada\",\"item\":\"https:\/\/letrame.com\/catalogo\/\"},{\"@type\":\"ListItem\",\"position\":2,\"name\":\"Cat\u00e1logo\",\"item\":\"https:\/\/letrame.com\/catalogo\/\"},{\"@type\":\"ListItem\",\"position\":3,\"name\":\"Tratado de la luz\"}]},{\"@type\":\"WebSite\",\"@id\":\"https:\/\/letrame.com\/catalogo\/#website\",\"url\":\"https:\/\/letrame.com\/catalogo\/\",\"name\":\"Catalogo | Letrame Grupo Editorial\",\"description\":\"\",\"publisher\":{\"@id\":\"https:\/\/letrame.com\/catalogo\/#organization\"},\"potentialAction\":[{\"@type\":\"SearchAction\",\"target\":{\"@type\":\"EntryPoint\",\"urlTemplate\":\"https:\/\/letrame.com\/catalogo\/?s={search_term_string}\"},\"query-input\":{\"@type\":\"PropertyValueSpecification\",\"valueRequired\":true,\"valueName\":\"search_term_string\"}}],\"inLanguage\":\"es\"},{\"@type\":\"Organization\",\"@id\":\"https:\/\/letrame.com\/catalogo\/#organization\",\"name\":\"Catalogo | Letrame Grupo Editorial\",\"url\":\"https:\/\/letrame.com\/catalogo\/\",\"logo\":{\"@type\":\"ImageObject\",\"inLanguage\":\"es\",\"@id\":\"https:\/\/letrame.com\/catalogo\/#\/schema\/logo\/image\/\",\"url\":\"https:\/\/letrame.com\/catalogo\/wp-content\/uploads\/2024\/03\/logo2.webp\",\"contentUrl\":\"https:\/\/letrame.com\/catalogo\/wp-content\/uploads\/2024\/03\/logo2.webp\",\"width\":394,\"height\":128,\"caption\":\"Catalogo | Letrame Grupo Editorial\"},\"image\":{\"@id\":\"https:\/\/letrame.com\/catalogo\/#\/schema\/logo\/image\/\"}}]}<\/script>\n<!-- \/ Yoast SEO plugin. -->","yoast_head_json":{"title":"Tratado de la luz - Catalogo | Letrame Grupo Editorial","robots":{"index":"index","follow":"follow","max-snippet":"max-snippet:-1","max-image-preview":"max-image-preview:large","max-video-preview":"max-video-preview:-1"},"canonical":"https:\/\/letrame.com\/catalogo\/producto\/tratado-de-la-luz\/","og_locale":"es_ES","og_type":"article","og_title":"Tratado de la luz - Catalogo | Letrame Grupo Editorial","og_description":"ISBN: 978-84-1114-752-1 SINOPSIS Tratado de la luz recoge una b\u00fasqueda incesante, la misma que preocup\u00f3 a mujeres y hombres de la antig\u00fcedad y que nos muerde todos los d\u00edas. \u00bfD\u00f3nde est\u00e1 la luz, mam\u00e1, que no la hallo? es la pregunta que puede ocupar estas p\u00e1ginas color hueso, como si en ellos \u2013en los huesos\u2013 se nos derritiera un calcio blanco y l\u00edquido que se escurre y pierde. Y es que solo en la p\u00e9rdida \u2013jam\u00e1s en la abundancia- habita la esperanza. Este libro comienza de noche, pero acaba de d\u00eda, en un albor que se posterga, porque todo bajo el cielo tiene su hora, y tambi\u00e9n la risa la tiene, esa que suena como el canto de un resucitado, pero sol\u00eda o\u00edrse como el lamento del olvidado. En esta \u00e9poca de la sobreestimulaci\u00f3n, entre tanto ruido, son tan pocas las cosas necesarias. Y esas pocas importan tanto. Dejemos de buscar la luz en la oscuridad, que nada puede ser y no ser al mismo tiempo. Y si no la encuentras, comparto contigo una voz que alguna vez me dijo: Ven, ac\u00e9rcate, aqu\u00ed hay un poco.","og_url":"https:\/\/letrame.com\/catalogo\/producto\/tratado-de-la-luz\/","og_site_name":"Catalogo | Letrame Grupo Editorial","article_modified_time":"2024-04-29T12:35:38+00:00","og_image":[{"width":601,"height":881,"url":"https:\/\/letrame.com\/catalogo\/wp-content\/uploads\/2024\/04\/redportada_tratadodelaluz_1076mm.jpg","type":"image\/jpeg"}],"twitter_card":"summary_large_image","twitter_misc":{"Tiempo de lectura":"1 minuto"},"schema":{"@context":"https:\/\/schema.org","@graph":[{"@type":"WebPage","@id":"https:\/\/letrame.com\/catalogo\/producto\/tratado-de-la-luz\/","url":"https:\/\/letrame.com\/catalogo\/producto\/tratado-de-la-luz\/","name":"Tratado de la luz - Catalogo | Letrame Grupo Editorial","isPartOf":{"@id":"https:\/\/letrame.com\/catalogo\/#website"},"primaryImageOfPage":{"@id":"https:\/\/letrame.com\/catalogo\/producto\/tratado-de-la-luz\/#primaryimage"},"image":{"@id":"https:\/\/letrame.com\/catalogo\/producto\/tratado-de-la-luz\/#primaryimage"},"thumbnailUrl":"https:\/\/letrame.com\/catalogo\/wp-content\/uploads\/2024\/04\/redportada_tratadodelaluz_1076mm.jpg","datePublished":"2024-04-29T12:35:21+00:00","dateModified":"2024-04-29T12:35:38+00:00","breadcrumb":{"@id":"https:\/\/letrame.com\/catalogo\/producto\/tratado-de-la-luz\/#breadcrumb"},"inLanguage":"es","potentialAction":[{"@type":"ReadAction","target":["https:\/\/letrame.com\/catalogo\/producto\/tratado-de-la-luz\/"]}]},{"@type":"ImageObject","inLanguage":"es","@id":"https:\/\/letrame.com\/catalogo\/producto\/tratado-de-la-luz\/#primaryimage","url":"https:\/\/letrame.com\/catalogo\/wp-content\/uploads\/2024\/04\/redportada_tratadodelaluz_1076mm.jpg","contentUrl":"https:\/\/letrame.com\/catalogo\/wp-content\/uploads\/2024\/04\/redportada_tratadodelaluz_1076mm.jpg","width":601,"height":881},{"@type":"BreadcrumbList","@id":"https:\/\/letrame.com\/catalogo\/producto\/tratado-de-la-luz\/#breadcrumb","itemListElement":[{"@type":"ListItem","position":1,"name":"Portada","item":"https:\/\/letrame.com\/catalogo\/"},{"@type":"ListItem","position":2,"name":"Cat\u00e1logo","item":"https:\/\/letrame.com\/catalogo\/"},{"@type":"ListItem","position":3,"name":"Tratado de la luz"}]},{"@type":"WebSite","@id":"https:\/\/letrame.com\/catalogo\/#website","url":"https:\/\/letrame.com\/catalogo\/","name":"Catalogo | Letrame Grupo Editorial","description":"","publisher":{"@id":"https:\/\/letrame.com\/catalogo\/#organization"},"potentialAction":[{"@type":"SearchAction","target":{"@type":"EntryPoint","urlTemplate":"https:\/\/letrame.com\/catalogo\/?s={search_term_string}"},"query-input":{"@type":"PropertyValueSpecification","valueRequired":true,"valueName":"search_term_string"}}],"inLanguage":"es"},{"@type":"Organization","@id":"https:\/\/letrame.com\/catalogo\/#organization","name":"Catalogo | Letrame Grupo Editorial","url":"https:\/\/letrame.com\/catalogo\/","logo":{"@type":"ImageObject","inLanguage":"es","@id":"https:\/\/letrame.com\/catalogo\/#\/schema\/logo\/image\/","url":"https:\/\/letrame.com\/catalogo\/wp-content\/uploads\/2024\/03\/logo2.webp","contentUrl":"https:\/\/letrame.com\/catalogo\/wp-content\/uploads\/2024\/03\/logo2.webp","width":394,"height":128,"caption":"Catalogo | Letrame Grupo Editorial"},"image":{"@id":"https:\/\/letrame.com\/catalogo\/#\/schema\/logo\/image\/"}}]}},"_links":{"self":[{"href":"https:\/\/letrame.com\/catalogo\/wp-json\/wp\/v2\/product\/97888","targetHints":{"allow":["GET"]}}],"collection":[{"href":"https:\/\/letrame.com\/catalogo\/wp-json\/wp\/v2\/product"}],"about":[{"href":"https:\/\/letrame.com\/catalogo\/wp-json\/wp\/v2\/types\/product"}],"replies":[{"embeddable":true,"href":"https:\/\/letrame.com\/catalogo\/wp-json\/wp\/v2\/comments?post=97888"}],"acf:post":[{"embeddable":true,"href":"https:\/\/letrame.com\/catalogo\/wp-json\/wp\/v2\/author_book\/76436"}],"wp:featuredmedia":[{"embeddable":true,"href":"https:\/\/letrame.com\/catalogo\/wp-json\/wp\/v2\/media\/97889"}],"wp:attachment":[{"href":"https:\/\/letrame.com\/catalogo\/wp-json\/wp\/v2\/media?parent=97888"}],"wp:term":[{"taxonomy":"libro","embeddable":true,"href":"https:\/\/letrame.com\/catalogo\/wp-json\/wp\/v2\/libro?post=97888"},{"taxonomy":"product_brand","embeddable":true,"href":"https:\/\/letrame.com\/catalogo\/wp-json\/wp\/v2\/product_brand?post=97888"},{"taxonomy":"product_cat","embeddable":true,"href":"https:\/\/letrame.com\/catalogo\/wp-json\/wp\/v2\/product_cat?post=97888"},{"taxonomy":"product_tag","embeddable":true,"href":"https:\/\/letrame.com\/catalogo\/wp-json\/wp\/v2\/product_tag?post=97888"}],"curies":[{"name":"wp","href":"https:\/\/api.w.org\/{rel}","templated":true}]}}