{"id":97881,"date":"2024-04-29T14:35:08","date_gmt":"2024-04-29T12:35:08","guid":{"rendered":"https:\/\/letrame.com\/catalogo\/producto\/satanas-el-lider-de-los-narcisistas\/"},"modified":"2024-08-13T09:40:52","modified_gmt":"2024-08-13T07:40:52","slug":"satanas-el-lider-de-los-narcisistas","status":"publish","type":"product","link":"https:\/\/letrame.com\/catalogo\/producto\/satanas-el-lider-de-los-narcisistas\/","title":{"rendered":"Satan\u00e1s, el l\u00edder de los narcisistas"},"content":{"rendered":"<p><strong>ISBN<\/strong>: 978-84-1114-909-9<\/p>\n<p><strong>T\u00edtulo<\/strong>: <span data-sheets-value=\"{&quot;1&quot;:2,&quot;2&quot;:&quot;Satan\u00e1s, el l\u00edder de los narcisistas&quot;}\" data-sheets-userformat=\"{&quot;2&quot;:579,&quot;3&quot;:{&quot;1&quot;:0},&quot;4&quot;:{&quot;1&quot;:2,&quot;2&quot;:14281427},&quot;9&quot;:1,&quot;12&quot;:0}\">Satan\u00e1s, el l\u00edder de los narcisistas<\/span><br \/>\n<strong>Fecha<\/strong>: 2022<br \/>\n<strong>P\u00e1ginas<\/strong>: 326<\/p>\n<p><strong>SINOPSIS\u00a0<\/strong><\/p>\n<p>Saber identificar a las personas t\u00f3xicas, perversas, maliciosas\u2026 sat\u00e1nicas que nos rodean; que conviven con nosotros, bien como amistades o compa\u00f1eros o parejas o jefes o dirigentes sociales, pol\u00edticos, religiosos\u2026 es hoy en d\u00eda un seguro de calidad de vida, de libertad emocional, de protecci\u00f3n a nuestros sentimientos y sobre todo a evitar sufrimientos in\u00fatiles y esclavizantes.<\/p>\n<p>Jorge Perales Nieto, en este libro <em>SATAN\u00c1S, EL L\u00cdDER DE LOS NARCISISTAS <\/em>que tienes en tus manos, nos muestra, de manera sencilla, accesible y clara a todos aquellos interesados en detectar la maldad, la mentira y las estrategias de dominio que tienen los narcisistas, egoc\u00e9ntricos, psic\u00f3patas integrados que o est\u00e1n ya en nuestras vidas o est\u00e1n llamando a la puerta revestidos de falsedades ocultas. No dudes en pedir ayuda a los profesionales competentes, psic\u00f3logos, psiquiatras o autoridades civiles, si despu\u00e9s de abrir los ojos con lo que aqu\u00ed leas, crees que est\u00e1s atrapado por un psic\u00f3pata sin escr\u00fapulos morales, sin empat\u00eda, sin muestras de amor generoso y gratuito.<\/p>\n<p>Aprenderemos tambi\u00e9n que no todo lo que nos imaginamos o interpretamos como conducta psicop\u00e1tica lo es. Los psic\u00f3patas existen. Las buenas personas somos, sois mayor\u00eda. Buena lectura.<\/p>\n","protected":false},"excerpt":{"rendered":"<p><strong>ISBN<\/strong>: 978-84-1114-909-9<\/p>\n<p><strong>SINOPSIS\u00a0<\/strong><\/p>\n<p>Saber identificar a las personas t\u00f3xicas, perversas, maliciosas\u2026 sat\u00e1nicas que nos rodean; que conviven con nosotros, bien como amistades o compa\u00f1eros o parejas o jefes o dirigentes sociales, pol\u00edticos, religiosos\u2026 es hoy en d\u00eda un seguro de calidad de vida, de libertad emocional, de protecci\u00f3n a nuestros sentimientos y sobre todo a evitar sufrimientos in\u00fatiles y esclavizantes.<\/p>\n<p>Jorge Perales Nieto, en este libro <em>SATAN\u00c1S, EL L\u00cdDER DE LOS NARCISISTAS <\/em>que tienes en tus manos, nos muestra, de manera sencilla, accesible y clara a todos aquellos interesados en detectar la maldad, la mentira y las estrategias de dominio que tienen los narcisistas, egoc\u00e9ntricos, psic\u00f3patas integrados que o est\u00e1n ya en nuestras vidas o est\u00e1n llamando a la puerta revestidos de falsedades ocultas. No dudes en pedir ayuda a los profesionales competentes, psic\u00f3logos, psiquiatras o autoridades civiles, si despu\u00e9s de abrir los ojos con lo que aqu\u00ed leas, crees que est\u00e1s atrapado por un psic\u00f3pata sin escr\u00fapulos morales, sin empat\u00eda, sin muestras de amor generoso y gratuito.<\/p>\n<p>Aprenderemos tambi\u00e9n que no todo lo que nos imaginamos o interpretamos como conducta psicop\u00e1tica lo es. Los psic\u00f3patas existen. Las buenas personas somos, sois mayor\u00eda. Buena lectura.<\/p>\n","protected":false},"featured_media":97882,"comment_status":"closed","ping_status":"closed","template":"","meta":{"_acf_changed":false},"libro":[],"product_brand":[],"product_cat":[18],"product_tag":[],"class_list":{"0":"post-97881","1":"product","2":"type-product","3":"status-publish","4":"has-post-thumbnail","6":"product_cat-autoayuda","8":"first","9":"instock","10":"product-type-simple"},"acf":{"autor":[77578],"enlace_de_compra":"https:\/\/amzn.to\/3WKm0kR"},"yoast_head":"<!-- This site is optimized with the Yoast SEO plugin v27.4 - https:\/\/yoast.com\/product\/yoast-seo-wordpress\/ -->\n<title>Satan\u00e1s, el l\u00edder de los narcisistas - Catalogo | Letrame Grupo Editorial<\/title>\n<meta name=\"robots\" content=\"index, follow, max-snippet:-1, max-image-preview:large, max-video-preview:-1\" \/>\n<link rel=\"canonical\" href=\"https:\/\/letrame.com\/catalogo\/producto\/satanas-el-lider-de-los-narcisistas\/\" \/>\n<meta property=\"og:locale\" content=\"es_ES\" \/>\n<meta property=\"og:type\" content=\"article\" \/>\n<meta property=\"og:title\" content=\"Satan\u00e1s, el l\u00edder de los narcisistas - Catalogo | Letrame Grupo Editorial\" \/>\n<meta property=\"og:description\" content=\"ISBN: 978-84-1114-909-9  SINOPSIS\u00a0  Saber identificar a las personas t\u00f3xicas, perversas, maliciosas\u2026 sat\u00e1nicas que nos rodean; que conviven con nosotros, bien como amistades o compa\u00f1eros o parejas o jefes o dirigentes sociales, pol\u00edticos, religiosos\u2026 es hoy en d\u00eda un seguro de calidad de vida, de libertad emocional, de protecci\u00f3n a nuestros sentimientos y sobre todo a evitar sufrimientos in\u00fatiles y esclavizantes.  Jorge Perales Nieto, en este libro SATAN\u00c1S, EL L\u00cdDER DE LOS NARCISISTAS que tienes en tus manos, nos muestra, de manera sencilla, accesible y clara a todos aquellos interesados en detectar la maldad, la mentira y las estrategias de dominio que tienen los narcisistas, egoc\u00e9ntricos, psic\u00f3patas integrados que o est\u00e1n ya en nuestras vidas o est\u00e1n llamando a la puerta revestidos de falsedades ocultas. No dudes en pedir ayuda a los profesionales competentes, psic\u00f3logos, psiquiatras o autoridades civiles, si despu\u00e9s de abrir los ojos con lo que aqu\u00ed leas, crees que est\u00e1s atrapado por un psic\u00f3pata sin escr\u00fapulos morales, sin empat\u00eda, sin muestras de amor generoso y gratuito.  Aprenderemos tambi\u00e9n que no todo lo que nos imaginamos o interpretamos como conducta psicop\u00e1tica lo es. Los psic\u00f3patas existen. Las buenas personas somos, sois mayor\u00eda. Buena lectura.\" \/>\n<meta property=\"og:url\" content=\"https:\/\/letrame.com\/catalogo\/producto\/satanas-el-lider-de-los-narcisistas\/\" \/>\n<meta property=\"og:site_name\" content=\"Catalogo | Letrame Grupo Editorial\" \/>\n<meta property=\"article:modified_time\" content=\"2024-08-13T07:40:52+00:00\" \/>\n<meta property=\"og:image\" content=\"https:\/\/letrame.com\/catalogo\/wp-content\/uploads\/2024\/04\/redportada_satanas_1611mm.jpg\" \/>\n\t<meta property=\"og:image:width\" content=\"601\" \/>\n\t<meta property=\"og:image:height\" content=\"881\" \/>\n\t<meta property=\"og:image:type\" content=\"image\/jpeg\" \/>\n<meta name=\"twitter:card\" content=\"summary_large_image\" \/>\n<meta name=\"twitter:label1\" content=\"Tiempo de lectura\" \/>\n\t<meta name=\"twitter:data1\" content=\"2 minutos\" \/>\n<script type=\"application\/ld+json\" class=\"yoast-schema-graph\">{\"@context\":\"https:\\\/\\\/schema.org\",\"@graph\":[{\"@type\":\"WebPage\",\"@id\":\"https:\\\/\\\/letrame.com\\\/catalogo\\\/producto\\\/satanas-el-lider-de-los-narcisistas\\\/\",\"url\":\"https:\\\/\\\/letrame.com\\\/catalogo\\\/producto\\\/satanas-el-lider-de-los-narcisistas\\\/\",\"name\":\"Satan\u00e1s, el l\u00edder de los narcisistas - Catalogo | Letrame Grupo Editorial\",\"isPartOf\":{\"@id\":\"https:\\\/\\\/letrame.com\\\/catalogo\\\/#website\"},\"primaryImageOfPage\":{\"@id\":\"https:\\\/\\\/letrame.com\\\/catalogo\\\/producto\\\/satanas-el-lider-de-los-narcisistas\\\/#primaryimage\"},\"image\":{\"@id\":\"https:\\\/\\\/letrame.com\\\/catalogo\\\/producto\\\/satanas-el-lider-de-los-narcisistas\\\/#primaryimage\"},\"thumbnailUrl\":\"https:\\\/\\\/letrame.com\\\/catalogo\\\/wp-content\\\/uploads\\\/2024\\\/04\\\/redportada_satanas_1611mm.jpg\",\"datePublished\":\"2024-04-29T12:35:08+00:00\",\"dateModified\":\"2024-08-13T07:40:52+00:00\",\"breadcrumb\":{\"@id\":\"https:\\\/\\\/letrame.com\\\/catalogo\\\/producto\\\/satanas-el-lider-de-los-narcisistas\\\/#breadcrumb\"},\"inLanguage\":\"es\",\"potentialAction\":[{\"@type\":\"ReadAction\",\"target\":[\"https:\\\/\\\/letrame.com\\\/catalogo\\\/producto\\\/satanas-el-lider-de-los-narcisistas\\\/\"]}]},{\"@type\":\"ImageObject\",\"inLanguage\":\"es\",\"@id\":\"https:\\\/\\\/letrame.com\\\/catalogo\\\/producto\\\/satanas-el-lider-de-los-narcisistas\\\/#primaryimage\",\"url\":\"https:\\\/\\\/letrame.com\\\/catalogo\\\/wp-content\\\/uploads\\\/2024\\\/04\\\/redportada_satanas_1611mm.jpg\",\"contentUrl\":\"https:\\\/\\\/letrame.com\\\/catalogo\\\/wp-content\\\/uploads\\\/2024\\\/04\\\/redportada_satanas_1611mm.jpg\",\"width\":601,\"height\":881},{\"@type\":\"BreadcrumbList\",\"@id\":\"https:\\\/\\\/letrame.com\\\/catalogo\\\/producto\\\/satanas-el-lider-de-los-narcisistas\\\/#breadcrumb\",\"itemListElement\":[{\"@type\":\"ListItem\",\"position\":1,\"name\":\"Portada\",\"item\":\"https:\\\/\\\/letrame.com\\\/catalogo\\\/\"},{\"@type\":\"ListItem\",\"position\":2,\"name\":\"Cat\u00e1logo\",\"item\":\"https:\\\/\\\/letrame.com\\\/catalogo\\\/\"},{\"@type\":\"ListItem\",\"position\":3,\"name\":\"Satan\u00e1s, el l\u00edder de los narcisistas\"}]},{\"@type\":\"WebSite\",\"@id\":\"https:\\\/\\\/letrame.com\\\/catalogo\\\/#website\",\"url\":\"https:\\\/\\\/letrame.com\\\/catalogo\\\/\",\"name\":\"Catalogo | Letrame Grupo Editorial\",\"description\":\"\",\"publisher\":{\"@id\":\"https:\\\/\\\/letrame.com\\\/catalogo\\\/#organization\"},\"potentialAction\":[{\"@type\":\"SearchAction\",\"target\":{\"@type\":\"EntryPoint\",\"urlTemplate\":\"https:\\\/\\\/letrame.com\\\/catalogo\\\/?s={search_term_string}\"},\"query-input\":{\"@type\":\"PropertyValueSpecification\",\"valueRequired\":true,\"valueName\":\"search_term_string\"}}],\"inLanguage\":\"es\"},{\"@type\":\"Organization\",\"@id\":\"https:\\\/\\\/letrame.com\\\/catalogo\\\/#organization\",\"name\":\"Catalogo | Letrame Grupo Editorial\",\"url\":\"https:\\\/\\\/letrame.com\\\/catalogo\\\/\",\"logo\":{\"@type\":\"ImageObject\",\"inLanguage\":\"es\",\"@id\":\"https:\\\/\\\/letrame.com\\\/catalogo\\\/#\\\/schema\\\/logo\\\/image\\\/\",\"url\":\"https:\\\/\\\/letrame.com\\\/catalogo\\\/wp-content\\\/uploads\\\/2024\\\/03\\\/logo2.webp\",\"contentUrl\":\"https:\\\/\\\/letrame.com\\\/catalogo\\\/wp-content\\\/uploads\\\/2024\\\/03\\\/logo2.webp\",\"width\":394,\"height\":128,\"caption\":\"Catalogo | Letrame Grupo Editorial\"},\"image\":{\"@id\":\"https:\\\/\\\/letrame.com\\\/catalogo\\\/#\\\/schema\\\/logo\\\/image\\\/\"}}]}<\/script>\n<!-- \/ Yoast SEO plugin. -->","yoast_head_json":{"title":"Satan\u00e1s, el l\u00edder de los narcisistas - Catalogo | Letrame Grupo Editorial","robots":{"index":"index","follow":"follow","max-snippet":"max-snippet:-1","max-image-preview":"max-image-preview:large","max-video-preview":"max-video-preview:-1"},"canonical":"https:\/\/letrame.com\/catalogo\/producto\/satanas-el-lider-de-los-narcisistas\/","og_locale":"es_ES","og_type":"article","og_title":"Satan\u00e1s, el l\u00edder de los narcisistas - Catalogo | Letrame Grupo Editorial","og_description":"ISBN: 978-84-1114-909-9  SINOPSIS\u00a0  Saber identificar a las personas t\u00f3xicas, perversas, maliciosas\u2026 sat\u00e1nicas que nos rodean; que conviven con nosotros, bien como amistades o compa\u00f1eros o parejas o jefes o dirigentes sociales, pol\u00edticos, religiosos\u2026 es hoy en d\u00eda un seguro de calidad de vida, de libertad emocional, de protecci\u00f3n a nuestros sentimientos y sobre todo a evitar sufrimientos in\u00fatiles y esclavizantes.  Jorge Perales Nieto, en este libro SATAN\u00c1S, EL L\u00cdDER DE LOS NARCISISTAS que tienes en tus manos, nos muestra, de manera sencilla, accesible y clara a todos aquellos interesados en detectar la maldad, la mentira y las estrategias de dominio que tienen los narcisistas, egoc\u00e9ntricos, psic\u00f3patas integrados que o est\u00e1n ya en nuestras vidas o est\u00e1n llamando a la puerta revestidos de falsedades ocultas. No dudes en pedir ayuda a los profesionales competentes, psic\u00f3logos, psiquiatras o autoridades civiles, si despu\u00e9s de abrir los ojos con lo que aqu\u00ed leas, crees que est\u00e1s atrapado por un psic\u00f3pata sin escr\u00fapulos morales, sin empat\u00eda, sin muestras de amor generoso y gratuito.  Aprenderemos tambi\u00e9n que no todo lo que nos imaginamos o interpretamos como conducta psicop\u00e1tica lo es. Los psic\u00f3patas existen. Las buenas personas somos, sois mayor\u00eda. Buena lectura.","og_url":"https:\/\/letrame.com\/catalogo\/producto\/satanas-el-lider-de-los-narcisistas\/","og_site_name":"Catalogo | Letrame Grupo Editorial","article_modified_time":"2024-08-13T07:40:52+00:00","og_image":[{"width":601,"height":881,"url":"https:\/\/letrame.com\/catalogo\/wp-content\/uploads\/2024\/04\/redportada_satanas_1611mm.jpg","type":"image\/jpeg"}],"twitter_card":"summary_large_image","twitter_misc":{"Tiempo de lectura":"2 minutos"},"schema":{"@context":"https:\/\/schema.org","@graph":[{"@type":"WebPage","@id":"https:\/\/letrame.com\/catalogo\/producto\/satanas-el-lider-de-los-narcisistas\/","url":"https:\/\/letrame.com\/catalogo\/producto\/satanas-el-lider-de-los-narcisistas\/","name":"Satan\u00e1s, el l\u00edder de los narcisistas - Catalogo | Letrame Grupo Editorial","isPartOf":{"@id":"https:\/\/letrame.com\/catalogo\/#website"},"primaryImageOfPage":{"@id":"https:\/\/letrame.com\/catalogo\/producto\/satanas-el-lider-de-los-narcisistas\/#primaryimage"},"image":{"@id":"https:\/\/letrame.com\/catalogo\/producto\/satanas-el-lider-de-los-narcisistas\/#primaryimage"},"thumbnailUrl":"https:\/\/letrame.com\/catalogo\/wp-content\/uploads\/2024\/04\/redportada_satanas_1611mm.jpg","datePublished":"2024-04-29T12:35:08+00:00","dateModified":"2024-08-13T07:40:52+00:00","breadcrumb":{"@id":"https:\/\/letrame.com\/catalogo\/producto\/satanas-el-lider-de-los-narcisistas\/#breadcrumb"},"inLanguage":"es","potentialAction":[{"@type":"ReadAction","target":["https:\/\/letrame.com\/catalogo\/producto\/satanas-el-lider-de-los-narcisistas\/"]}]},{"@type":"ImageObject","inLanguage":"es","@id":"https:\/\/letrame.com\/catalogo\/producto\/satanas-el-lider-de-los-narcisistas\/#primaryimage","url":"https:\/\/letrame.com\/catalogo\/wp-content\/uploads\/2024\/04\/redportada_satanas_1611mm.jpg","contentUrl":"https:\/\/letrame.com\/catalogo\/wp-content\/uploads\/2024\/04\/redportada_satanas_1611mm.jpg","width":601,"height":881},{"@type":"BreadcrumbList","@id":"https:\/\/letrame.com\/catalogo\/producto\/satanas-el-lider-de-los-narcisistas\/#breadcrumb","itemListElement":[{"@type":"ListItem","position":1,"name":"Portada","item":"https:\/\/letrame.com\/catalogo\/"},{"@type":"ListItem","position":2,"name":"Cat\u00e1logo","item":"https:\/\/letrame.com\/catalogo\/"},{"@type":"ListItem","position":3,"name":"Satan\u00e1s, el l\u00edder de los narcisistas"}]},{"@type":"WebSite","@id":"https:\/\/letrame.com\/catalogo\/#website","url":"https:\/\/letrame.com\/catalogo\/","name":"Catalogo | Letrame Grupo Editorial","description":"","publisher":{"@id":"https:\/\/letrame.com\/catalogo\/#organization"},"potentialAction":[{"@type":"SearchAction","target":{"@type":"EntryPoint","urlTemplate":"https:\/\/letrame.com\/catalogo\/?s={search_term_string}"},"query-input":{"@type":"PropertyValueSpecification","valueRequired":true,"valueName":"search_term_string"}}],"inLanguage":"es"},{"@type":"Organization","@id":"https:\/\/letrame.com\/catalogo\/#organization","name":"Catalogo | Letrame Grupo Editorial","url":"https:\/\/letrame.com\/catalogo\/","logo":{"@type":"ImageObject","inLanguage":"es","@id":"https:\/\/letrame.com\/catalogo\/#\/schema\/logo\/image\/","url":"https:\/\/letrame.com\/catalogo\/wp-content\/uploads\/2024\/03\/logo2.webp","contentUrl":"https:\/\/letrame.com\/catalogo\/wp-content\/uploads\/2024\/03\/logo2.webp","width":394,"height":128,"caption":"Catalogo | Letrame Grupo Editorial"},"image":{"@id":"https:\/\/letrame.com\/catalogo\/#\/schema\/logo\/image\/"}}]}},"_links":{"self":[{"href":"https:\/\/letrame.com\/catalogo\/wp-json\/wp\/v2\/product\/97881","targetHints":{"allow":["GET"]}}],"collection":[{"href":"https:\/\/letrame.com\/catalogo\/wp-json\/wp\/v2\/product"}],"about":[{"href":"https:\/\/letrame.com\/catalogo\/wp-json\/wp\/v2\/types\/product"}],"replies":[{"embeddable":true,"href":"https:\/\/letrame.com\/catalogo\/wp-json\/wp\/v2\/comments?post=97881"}],"acf:post":[{"embeddable":true,"href":"https:\/\/letrame.com\/catalogo\/wp-json\/wp\/v2\/author_book\/77578"}],"wp:featuredmedia":[{"embeddable":true,"href":"https:\/\/letrame.com\/catalogo\/wp-json\/wp\/v2\/media\/97882"}],"wp:attachment":[{"href":"https:\/\/letrame.com\/catalogo\/wp-json\/wp\/v2\/media?parent=97881"}],"wp:term":[{"taxonomy":"libro","embeddable":true,"href":"https:\/\/letrame.com\/catalogo\/wp-json\/wp\/v2\/libro?post=97881"},{"taxonomy":"product_brand","embeddable":true,"href":"https:\/\/letrame.com\/catalogo\/wp-json\/wp\/v2\/product_brand?post=97881"},{"taxonomy":"product_cat","embeddable":true,"href":"https:\/\/letrame.com\/catalogo\/wp-json\/wp\/v2\/product_cat?post=97881"},{"taxonomy":"product_tag","embeddable":true,"href":"https:\/\/letrame.com\/catalogo\/wp-json\/wp\/v2\/product_tag?post=97881"}],"curies":[{"name":"wp","href":"https:\/\/api.w.org\/{rel}","templated":true}]}}