{"id":97879,"date":"2024-04-29T14:35:08","date_gmt":"2024-04-29T12:35:08","guid":{"rendered":"https:\/\/letrame.com\/catalogo\/producto\/el-portador\/"},"modified":"2024-04-29T14:35:08","modified_gmt":"2024-04-29T12:35:08","slug":"el-portador","status":"publish","type":"product","link":"https:\/\/letrame.com\/catalogo\/producto\/el-portador\/","title":{"rendered":"El portador"},"content":{"rendered":"<p><strong>ISBN<\/strong>: 978-84-1114-579-4<\/p>\n<p><strong>T\u00edtulo<\/strong>: <span data-sheets-value=\"{&quot;1&quot;:2,&quot;2&quot;:&quot;El portador&quot;}\" data-sheets-userformat=\"{&quot;2&quot;:579,&quot;3&quot;:{&quot;1&quot;:0},&quot;4&quot;:{&quot;1&quot;:2,&quot;2&quot;:14281427},&quot;9&quot;:1,&quot;12&quot;:0}\">El portador<\/span><br \/>\n<strong>Fecha<\/strong>: 2022<br \/>\n<strong>P\u00e1ginas<\/strong>: 384<\/p>\n<p><strong>SINOPSIS<\/strong><\/p>\n<p>La historia se inicia con el atraco de un banco en un barrio de una bella ciudad, Elche (Alicante), en el que se ve envuelto Salvador, un humilde electricista que lleva hasta entonces una vida tranquila con su mujer y su hija. Pero es solo el inicio de una trepidante y fant\u00e1stica historia en la que se desarrollar\u00e1n todo tipo de sucesos inveros\u00edmiles y a cada cual m\u00e1s sorprendente.<\/p>\n<p>D\u00e9cadas atr\u00e1s se hab\u00eda producido en un orfanato un pavoroso incendio consecuencia del cual decenas de ni\u00f1os y ni\u00f1as hab\u00edan resultados muertos, y no todos a causa de las llamas. La Polic\u00eda comienza investigar el caso y eligen a Isabel, una guapa y joven polic\u00eda que destinan al lugar de los hechos para que se ponga en contacto con Salvador, se gane su confianza y cumpla la misi\u00f3n que tiene encomendada: salvar al mundo. Casi nada es lo que inicialmente parece. Se trata de una ins\u00f3lita historia en la que se mezclan experimentos m\u00e9dicos, virus y ant\u00eddotos, sue\u00f1os y pesadillas, identidades falsas y personajes que o no son lo que parecen o terminan comport\u00e1ndose como inicialmente no pod\u00eda esperarse. Y de fondo, la amistad, la sed de venganza, la violencia extrema, los l\u00edmites del Bien y del Mal, el deseo, el amor a la familia y el sue\u00f1o del ser humano por ser feliz o incluso inmortal.<\/p>\n","protected":false},"excerpt":{"rendered":"<p><strong>ISBN<\/strong>: 978-84-1114-579-4<\/p>\n<p><strong>SINOPSIS<\/strong><\/p>\n<p>La historia se inicia con el atraco de un banco en un barrio de una bella ciudad, Elche (Alicante), en el que se ve envuelto Salvador, un humilde electricista que lleva hasta entonces una vida tranquila con su mujer y su hija. Pero es solo el inicio de una trepidante y fant\u00e1stica historia en la que se desarrollar\u00e1n todo tipo de sucesos inveros\u00edmiles y a cada cual m\u00e1s sorprendente.<\/p>\n<p>D\u00e9cadas atr\u00e1s se hab\u00eda producido en un orfanato un pavoroso incendio consecuencia del cual decenas de ni\u00f1os y ni\u00f1as hab\u00edan resultados muertos, y no todos a causa de las llamas. La Polic\u00eda comienza investigar el caso y eligen a Isabel, una guapa y joven polic\u00eda que destinan al lugar de los hechos para que se ponga en contacto con Salvador, se gane su confianza y cumpla la misi\u00f3n que tiene encomendada: salvar al mundo. Casi nada es lo que inicialmente parece. Se trata de una ins\u00f3lita historia en la que se mezclan experimentos m\u00e9dicos, virus y ant\u00eddotos, sue\u00f1os y pesadillas, identidades falsas y personajes que o no son lo que parecen o terminan comport\u00e1ndose como inicialmente no pod\u00eda esperarse. Y de fondo, la amistad, la sed de venganza, la violencia extrema, los l\u00edmites del Bien y del Mal, el deseo, el amor a la familia y el sue\u00f1o del ser humano por ser feliz o incluso inmortal.<\/p>\n","protected":false},"featured_media":97880,"comment_status":"closed","ping_status":"open","template":"","meta":{"_acf_changed":false},"libro":[],"product_brand":[],"product_cat":[16],"product_tag":[],"class_list":{"0":"post-97879","1":"product","2":"type-product","3":"status-publish","4":"has-post-thumbnail","6":"product_cat-novela","8":"first","9":"instock","10":"product-type-simple"},"acf":{"autor":[76428],"enlace_de_compra":"https:\/\/www.amazon.es\/portador-Jos%C3%A9-Manuel-Morell-M%C3%A1s\/dp\/8411145794\/"},"yoast_head":"<!-- This site is optimized with the Yoast SEO plugin v27.4 - https:\/\/yoast.com\/product\/yoast-seo-wordpress\/ -->\n<title>El portador - Catalogo | Letrame Grupo Editorial<\/title>\n<meta name=\"robots\" content=\"index, follow, max-snippet:-1, max-image-preview:large, max-video-preview:-1\" \/>\n<link rel=\"canonical\" href=\"https:\/\/letrame.com\/catalogo\/producto\/el-portador\/\" \/>\n<meta property=\"og:locale\" content=\"es_ES\" \/>\n<meta property=\"og:type\" content=\"article\" \/>\n<meta property=\"og:title\" content=\"El portador - Catalogo | Letrame Grupo Editorial\" \/>\n<meta property=\"og:description\" content=\"ISBN: 978-84-1114-579-4 SINOPSIS La historia se inicia con el atraco de un banco en un barrio de una bella ciudad, Elche (Alicante), en el que se ve envuelto Salvador, un humilde electricista que lleva hasta entonces una vida tranquila con su mujer y su hija. Pero es solo el inicio de una trepidante y fant\u00e1stica historia en la que se desarrollar\u00e1n todo tipo de sucesos inveros\u00edmiles y a cada cual m\u00e1s sorprendente. D\u00e9cadas atr\u00e1s se hab\u00eda producido en un orfanato un pavoroso incendio consecuencia del cual decenas de ni\u00f1os y ni\u00f1as hab\u00edan resultados muertos, y no todos a causa de las llamas. La Polic\u00eda comienza investigar el caso y eligen a Isabel, una guapa y joven polic\u00eda que destinan al lugar de los hechos para que se ponga en contacto con Salvador, se gane su confianza y cumpla la misi\u00f3n que tiene encomendada: salvar al mundo. Casi nada es lo que inicialmente parece. Se trata de una ins\u00f3lita historia en la que se mezclan experimentos m\u00e9dicos, virus y ant\u00eddotos, sue\u00f1os y pesadillas, identidades falsas y personajes que o no son lo que parecen o terminan comport\u00e1ndose como inicialmente no pod\u00eda esperarse. Y de fondo, la amistad, la sed de venganza, la violencia extrema, los l\u00edmites del Bien y del Mal, el deseo, el amor a la familia y el sue\u00f1o del ser humano por ser feliz o incluso inmortal.\" \/>\n<meta property=\"og:url\" content=\"https:\/\/letrame.com\/catalogo\/producto\/el-portador\/\" \/>\n<meta property=\"og:site_name\" content=\"Catalogo | Letrame Grupo Editorial\" \/>\n<meta property=\"og:image\" content=\"https:\/\/letrame.com\/catalogo\/wp-content\/uploads\/2024\/04\/redportada_elportador_1881mm-1.jpg\" \/>\n\t<meta property=\"og:image:width\" content=\"601\" \/>\n\t<meta property=\"og:image:height\" content=\"849\" \/>\n\t<meta property=\"og:image:type\" content=\"image\/jpeg\" \/>\n<meta name=\"twitter:card\" content=\"summary_large_image\" \/>\n<meta name=\"twitter:label1\" content=\"Tiempo de lectura\" \/>\n\t<meta name=\"twitter:data1\" content=\"1 minuto\" \/>\n<script type=\"application\/ld+json\" class=\"yoast-schema-graph\">{\"@context\":\"https:\\\/\\\/schema.org\",\"@graph\":[{\"@type\":\"WebPage\",\"@id\":\"https:\\\/\\\/letrame.com\\\/catalogo\\\/producto\\\/el-portador\\\/\",\"url\":\"https:\\\/\\\/letrame.com\\\/catalogo\\\/producto\\\/el-portador\\\/\",\"name\":\"El portador - Catalogo | Letrame Grupo Editorial\",\"isPartOf\":{\"@id\":\"https:\\\/\\\/letrame.com\\\/catalogo\\\/#website\"},\"primaryImageOfPage\":{\"@id\":\"https:\\\/\\\/letrame.com\\\/catalogo\\\/producto\\\/el-portador\\\/#primaryimage\"},\"image\":{\"@id\":\"https:\\\/\\\/letrame.com\\\/catalogo\\\/producto\\\/el-portador\\\/#primaryimage\"},\"thumbnailUrl\":\"https:\\\/\\\/letrame.com\\\/catalogo\\\/wp-content\\\/uploads\\\/2024\\\/04\\\/redportada_elportador_1881mm-1.jpg\",\"datePublished\":\"2024-04-29T12:35:08+00:00\",\"breadcrumb\":{\"@id\":\"https:\\\/\\\/letrame.com\\\/catalogo\\\/producto\\\/el-portador\\\/#breadcrumb\"},\"inLanguage\":\"es\",\"potentialAction\":[{\"@type\":\"ReadAction\",\"target\":[\"https:\\\/\\\/letrame.com\\\/catalogo\\\/producto\\\/el-portador\\\/\"]}]},{\"@type\":\"ImageObject\",\"inLanguage\":\"es\",\"@id\":\"https:\\\/\\\/letrame.com\\\/catalogo\\\/producto\\\/el-portador\\\/#primaryimage\",\"url\":\"https:\\\/\\\/letrame.com\\\/catalogo\\\/wp-content\\\/uploads\\\/2024\\\/04\\\/redportada_elportador_1881mm-1.jpg\",\"contentUrl\":\"https:\\\/\\\/letrame.com\\\/catalogo\\\/wp-content\\\/uploads\\\/2024\\\/04\\\/redportada_elportador_1881mm-1.jpg\",\"width\":601,\"height\":849},{\"@type\":\"BreadcrumbList\",\"@id\":\"https:\\\/\\\/letrame.com\\\/catalogo\\\/producto\\\/el-portador\\\/#breadcrumb\",\"itemListElement\":[{\"@type\":\"ListItem\",\"position\":1,\"name\":\"Portada\",\"item\":\"https:\\\/\\\/letrame.com\\\/catalogo\\\/\"},{\"@type\":\"ListItem\",\"position\":2,\"name\":\"Cat\u00e1logo\",\"item\":\"https:\\\/\\\/letrame.com\\\/catalogo\\\/\"},{\"@type\":\"ListItem\",\"position\":3,\"name\":\"El portador\"}]},{\"@type\":\"WebSite\",\"@id\":\"https:\\\/\\\/letrame.com\\\/catalogo\\\/#website\",\"url\":\"https:\\\/\\\/letrame.com\\\/catalogo\\\/\",\"name\":\"Catalogo | Letrame Grupo Editorial\",\"description\":\"\",\"publisher\":{\"@id\":\"https:\\\/\\\/letrame.com\\\/catalogo\\\/#organization\"},\"potentialAction\":[{\"@type\":\"SearchAction\",\"target\":{\"@type\":\"EntryPoint\",\"urlTemplate\":\"https:\\\/\\\/letrame.com\\\/catalogo\\\/?s={search_term_string}\"},\"query-input\":{\"@type\":\"PropertyValueSpecification\",\"valueRequired\":true,\"valueName\":\"search_term_string\"}}],\"inLanguage\":\"es\"},{\"@type\":\"Organization\",\"@id\":\"https:\\\/\\\/letrame.com\\\/catalogo\\\/#organization\",\"name\":\"Catalogo | Letrame Grupo Editorial\",\"url\":\"https:\\\/\\\/letrame.com\\\/catalogo\\\/\",\"logo\":{\"@type\":\"ImageObject\",\"inLanguage\":\"es\",\"@id\":\"https:\\\/\\\/letrame.com\\\/catalogo\\\/#\\\/schema\\\/logo\\\/image\\\/\",\"url\":\"https:\\\/\\\/letrame.com\\\/catalogo\\\/wp-content\\\/uploads\\\/2024\\\/03\\\/logo2.webp\",\"contentUrl\":\"https:\\\/\\\/letrame.com\\\/catalogo\\\/wp-content\\\/uploads\\\/2024\\\/03\\\/logo2.webp\",\"width\":394,\"height\":128,\"caption\":\"Catalogo | Letrame Grupo Editorial\"},\"image\":{\"@id\":\"https:\\\/\\\/letrame.com\\\/catalogo\\\/#\\\/schema\\\/logo\\\/image\\\/\"}}]}<\/script>\n<!-- \/ Yoast SEO plugin. -->","yoast_head_json":{"title":"El portador - Catalogo | Letrame Grupo Editorial","robots":{"index":"index","follow":"follow","max-snippet":"max-snippet:-1","max-image-preview":"max-image-preview:large","max-video-preview":"max-video-preview:-1"},"canonical":"https:\/\/letrame.com\/catalogo\/producto\/el-portador\/","og_locale":"es_ES","og_type":"article","og_title":"El portador - Catalogo | Letrame Grupo Editorial","og_description":"ISBN: 978-84-1114-579-4 SINOPSIS La historia se inicia con el atraco de un banco en un barrio de una bella ciudad, Elche (Alicante), en el que se ve envuelto Salvador, un humilde electricista que lleva hasta entonces una vida tranquila con su mujer y su hija. Pero es solo el inicio de una trepidante y fant\u00e1stica historia en la que se desarrollar\u00e1n todo tipo de sucesos inveros\u00edmiles y a cada cual m\u00e1s sorprendente. D\u00e9cadas atr\u00e1s se hab\u00eda producido en un orfanato un pavoroso incendio consecuencia del cual decenas de ni\u00f1os y ni\u00f1as hab\u00edan resultados muertos, y no todos a causa de las llamas. La Polic\u00eda comienza investigar el caso y eligen a Isabel, una guapa y joven polic\u00eda que destinan al lugar de los hechos para que se ponga en contacto con Salvador, se gane su confianza y cumpla la misi\u00f3n que tiene encomendada: salvar al mundo. Casi nada es lo que inicialmente parece. Se trata de una ins\u00f3lita historia en la que se mezclan experimentos m\u00e9dicos, virus y ant\u00eddotos, sue\u00f1os y pesadillas, identidades falsas y personajes que o no son lo que parecen o terminan comport\u00e1ndose como inicialmente no pod\u00eda esperarse. Y de fondo, la amistad, la sed de venganza, la violencia extrema, los l\u00edmites del Bien y del Mal, el deseo, el amor a la familia y el sue\u00f1o del ser humano por ser feliz o incluso inmortal.","og_url":"https:\/\/letrame.com\/catalogo\/producto\/el-portador\/","og_site_name":"Catalogo | Letrame Grupo Editorial","og_image":[{"width":601,"height":849,"url":"https:\/\/letrame.com\/catalogo\/wp-content\/uploads\/2024\/04\/redportada_elportador_1881mm-1.jpg","type":"image\/jpeg"}],"twitter_card":"summary_large_image","twitter_misc":{"Tiempo de lectura":"1 minuto"},"schema":{"@context":"https:\/\/schema.org","@graph":[{"@type":"WebPage","@id":"https:\/\/letrame.com\/catalogo\/producto\/el-portador\/","url":"https:\/\/letrame.com\/catalogo\/producto\/el-portador\/","name":"El portador - Catalogo | Letrame Grupo Editorial","isPartOf":{"@id":"https:\/\/letrame.com\/catalogo\/#website"},"primaryImageOfPage":{"@id":"https:\/\/letrame.com\/catalogo\/producto\/el-portador\/#primaryimage"},"image":{"@id":"https:\/\/letrame.com\/catalogo\/producto\/el-portador\/#primaryimage"},"thumbnailUrl":"https:\/\/letrame.com\/catalogo\/wp-content\/uploads\/2024\/04\/redportada_elportador_1881mm-1.jpg","datePublished":"2024-04-29T12:35:08+00:00","breadcrumb":{"@id":"https:\/\/letrame.com\/catalogo\/producto\/el-portador\/#breadcrumb"},"inLanguage":"es","potentialAction":[{"@type":"ReadAction","target":["https:\/\/letrame.com\/catalogo\/producto\/el-portador\/"]}]},{"@type":"ImageObject","inLanguage":"es","@id":"https:\/\/letrame.com\/catalogo\/producto\/el-portador\/#primaryimage","url":"https:\/\/letrame.com\/catalogo\/wp-content\/uploads\/2024\/04\/redportada_elportador_1881mm-1.jpg","contentUrl":"https:\/\/letrame.com\/catalogo\/wp-content\/uploads\/2024\/04\/redportada_elportador_1881mm-1.jpg","width":601,"height":849},{"@type":"BreadcrumbList","@id":"https:\/\/letrame.com\/catalogo\/producto\/el-portador\/#breadcrumb","itemListElement":[{"@type":"ListItem","position":1,"name":"Portada","item":"https:\/\/letrame.com\/catalogo\/"},{"@type":"ListItem","position":2,"name":"Cat\u00e1logo","item":"https:\/\/letrame.com\/catalogo\/"},{"@type":"ListItem","position":3,"name":"El portador"}]},{"@type":"WebSite","@id":"https:\/\/letrame.com\/catalogo\/#website","url":"https:\/\/letrame.com\/catalogo\/","name":"Catalogo | Letrame Grupo Editorial","description":"","publisher":{"@id":"https:\/\/letrame.com\/catalogo\/#organization"},"potentialAction":[{"@type":"SearchAction","target":{"@type":"EntryPoint","urlTemplate":"https:\/\/letrame.com\/catalogo\/?s={search_term_string}"},"query-input":{"@type":"PropertyValueSpecification","valueRequired":true,"valueName":"search_term_string"}}],"inLanguage":"es"},{"@type":"Organization","@id":"https:\/\/letrame.com\/catalogo\/#organization","name":"Catalogo | Letrame Grupo Editorial","url":"https:\/\/letrame.com\/catalogo\/","logo":{"@type":"ImageObject","inLanguage":"es","@id":"https:\/\/letrame.com\/catalogo\/#\/schema\/logo\/image\/","url":"https:\/\/letrame.com\/catalogo\/wp-content\/uploads\/2024\/03\/logo2.webp","contentUrl":"https:\/\/letrame.com\/catalogo\/wp-content\/uploads\/2024\/03\/logo2.webp","width":394,"height":128,"caption":"Catalogo | Letrame Grupo Editorial"},"image":{"@id":"https:\/\/letrame.com\/catalogo\/#\/schema\/logo\/image\/"}}]}},"_links":{"self":[{"href":"https:\/\/letrame.com\/catalogo\/wp-json\/wp\/v2\/product\/97879","targetHints":{"allow":["GET"]}}],"collection":[{"href":"https:\/\/letrame.com\/catalogo\/wp-json\/wp\/v2\/product"}],"about":[{"href":"https:\/\/letrame.com\/catalogo\/wp-json\/wp\/v2\/types\/product"}],"replies":[{"embeddable":true,"href":"https:\/\/letrame.com\/catalogo\/wp-json\/wp\/v2\/comments?post=97879"}],"acf:post":[{"embeddable":true,"href":"https:\/\/letrame.com\/catalogo\/wp-json\/wp\/v2\/author_book\/76428"}],"wp:featuredmedia":[{"embeddable":true,"href":"https:\/\/letrame.com\/catalogo\/wp-json\/wp\/v2\/media\/97880"}],"wp:attachment":[{"href":"https:\/\/letrame.com\/catalogo\/wp-json\/wp\/v2\/media?parent=97879"}],"wp:term":[{"taxonomy":"libro","embeddable":true,"href":"https:\/\/letrame.com\/catalogo\/wp-json\/wp\/v2\/libro?post=97879"},{"taxonomy":"product_brand","embeddable":true,"href":"https:\/\/letrame.com\/catalogo\/wp-json\/wp\/v2\/product_brand?post=97879"},{"taxonomy":"product_cat","embeddable":true,"href":"https:\/\/letrame.com\/catalogo\/wp-json\/wp\/v2\/product_cat?post=97879"},{"taxonomy":"product_tag","embeddable":true,"href":"https:\/\/letrame.com\/catalogo\/wp-json\/wp\/v2\/product_tag?post=97879"}],"curies":[{"name":"wp","href":"https:\/\/api.w.org\/{rel}","templated":true}]}}