{"id":97878,"date":"2024-04-29T14:34:07","date_gmt":"2024-04-29T12:34:07","guid":{"rendered":"https:\/\/letrame.com\/catalogo\/producto\/rame-2\/"},"modified":"2024-05-16T15:57:53","modified_gmt":"2024-05-16T13:57:53","slug":"rame-2","status":"publish","type":"product","link":"https:\/\/letrame.com\/catalogo\/producto\/rame-2\/","title":{"rendered":"Ram\u00e9"},"content":{"rendered":"<p><strong>ISBN<\/strong>:978-84-1114-963-1<\/p>\n<p><strong>T\u00edtulo<\/strong>: Ram\u00e9<\/p>\n<p><strong>Fecha<\/strong>: 2022<br \/>\n<strong>P\u00e1ginas<\/strong>: 112<\/p>\n<p><strong>SINOPSIS<\/strong><\/p>\n<p>Hermoso y ca\u00f3tico a la vez<\/p>\n<p>Cuando el caos acaba siendo faro.<br \/>\nLa p\u00e9rdida, hallazgo.<br \/>\nLos miedos, br\u00fajula.<br \/>\nEl apag\u00f3n, luz.<br \/>\n\u00bfY si lo que hoy consideras tropiezo te acaba haciendo volar?<\/p>\n<p>Aqu\u00ed te encontrar\u00e1s a ti, a m\u00ed. Donde tantas veces hemos sido marea, y calma.<\/p>\n<p>Bienvenidos a tu\/mi hermoso caos.<\/p>\n<div>\n<div dir=\"ltr\" data-smartmail=\"gmail_signature\">\n<div dir=\"ltr\">\n<div>\n<div dir=\"ltr\">\n<div>\n<div dir=\"ltr\">\n<div dir=\"ltr\">\n<div dir=\"ltr\">\n<div dir=\"ltr\">\n<div dir=\"ltr\">\n<div dir=\"ltr\">\n<p>Marta Le\u00f3n:<\/p>\n<p>Ella tambi\u00e9n es caos. Como t\u00fa, como yo.<br \/>\nLa amante del mar con miedo al mar.<br \/>\nLa peque\u00f1a de las dudas infinitas.<br \/>\nRevoluci\u00f3n y calma.<br \/>\nA veces luz, a veces apag\u00f3n.<br \/>\nTambi\u00e9n se perdi\u00f3.<br \/>\nY la p\u00e9rdida acab\u00f3 siendo su br\u00fajula.<br \/>\nClaro que tiene miedos, y ruidos.<br \/>\nPero cree en el poder de la actitud y en la valent\u00eda de sus alas.<br \/>\nElla, que aprendi\u00f3 a bailar en el tropiezo y a creer en el hallazgo que hay tras los miedos.<\/p>\n<p>Porque si algo ha aprendido es que probablemente aquello que m\u00e1s temes sea lo que m\u00e1s necesites.<\/p>\n<p>Como este apag\u00f3n, que acab\u00f3 siendo luz.<\/p>\n<\/div>\n<\/div>\n<\/div>\n<\/div>\n<\/div>\n<\/div>\n<\/div>\n<\/div>\n<\/div>\n<\/div>\n<\/div>\n<\/div>\n","protected":false},"excerpt":{"rendered":"<p><strong>ISBN<\/strong>:978-84-1114-963-1<\/p>\n<p><strong>SINOPSIS<\/strong><\/p>\n<p>Hermoso y ca\u00f3tico a la vez<\/p>\n<p>Cuando el caos acaba siendo faro.<br \/>\nLa p\u00e9rdida, hallazgo.<br \/>\nLos miedos, br\u00fajula.<br \/>\nEl apag\u00f3n, luz.<br \/>\n\u00bfY si lo que hoy consideras tropiezo te acaba haciendo volar?<\/p>\n<p>Aqu\u00ed te encontrar\u00e1s a ti, a m\u00ed. Donde tantas veces hemos sido marea, y calma.<\/p>\n<p>Bienvenidos a tu\/mi hermoso caos.<\/p>\n<div>\n<div dir=\"ltr\" data-smartmail=\"gmail_signature\">\n<div dir=\"ltr\">\n<div>\n<div dir=\"ltr\">\n<div>\n<div dir=\"ltr\">\n<div dir=\"ltr\">\n<div dir=\"ltr\">\n<div dir=\"ltr\">\n<div dir=\"ltr\">\n<div dir=\"ltr\">\n<p>Marta Le\u00f3n:<\/p>\n<p>Ella tambi\u00e9n es caos. Como t\u00fa, como yo.<br \/>\nLa amante del mar con miedo al mar.<br \/>\nLa peque\u00f1a de las dudas infinitas.<br \/>\nRevoluci\u00f3n y calma.<br \/>\nA veces luz, a veces apag\u00f3n.<br \/>\nTambi\u00e9n se perdi\u00f3.<br \/>\nY la p\u00e9rdida acab\u00f3 siendo su br\u00fajula.<br \/>\nClaro que tiene miedos, y ruidos.<br \/>\nPero cree en el poder de la actitud y en la valent\u00eda de sus alas.<br \/>\nElla, que aprendi\u00f3 a bailar en el tropiezo y a creer en el hallazgo que hay tras los miedos.<\/p>\n<p>Porque si algo ha aprendido es que probablemente aquello que m\u00e1s temes sea lo que m\u00e1s necesites.<\/p>\n<p>Como este apag\u00f3n, que acab\u00f3 siendo luz.<\/p>\n<\/div>\n<\/div>\n<\/div>\n<\/div>\n<\/div>\n<\/div>\n<\/div>\n<\/div>\n<\/div>\n<\/div>\n<\/div>\n<\/div>\n","protected":false},"featured_media":100371,"comment_status":"closed","ping_status":"closed","template":"","meta":{"_acf_changed":false},"libro":[],"product_brand":[],"product_cat":[26],"product_tag":[],"class_list":{"0":"post-97878","1":"product","2":"type-product","3":"status-publish","4":"has-post-thumbnail","6":"product_cat-sin-categoria","8":"first","9":"instock","10":"product-type-simple"},"acf":{"autor":[76426],"enlace_de_compra":""},"yoast_head":"<!-- This site is optimized with the Yoast SEO plugin v26.6 - https:\/\/yoast.com\/wordpress\/plugins\/seo\/ -->\n<title>Ram\u00e9 - Catalogo | Letrame Grupo Editorial<\/title>\n<meta name=\"robots\" content=\"index, follow, max-snippet:-1, max-image-preview:large, max-video-preview:-1\" \/>\n<link rel=\"canonical\" href=\"https:\/\/letrame.com\/catalogo\/producto\/rame-2\/\" \/>\n<meta property=\"og:locale\" content=\"es_ES\" \/>\n<meta property=\"og:type\" content=\"article\" \/>\n<meta property=\"og:title\" content=\"Ram\u00e9 - Catalogo | Letrame Grupo Editorial\" \/>\n<meta property=\"og:description\" content=\"ISBN:978-84-1114-963-1  SINOPSIS  Hermoso y ca\u00f3tico a la vez  Cuando el caos acaba siendo faro. La p\u00e9rdida, hallazgo. Los miedos, br\u00fajula. El apag\u00f3n, luz. \u00bfY si lo que hoy consideras tropiezo te acaba haciendo volar?  Aqu\u00ed te encontrar\u00e1s a ti, a m\u00ed. Donde tantas veces hemos sido marea, y calma.  Bienvenidos a tu\/mi hermoso caos.              Marta Le\u00f3n:  Ella tambi\u00e9n es caos. Como t\u00fa, como yo. La amante del mar con miedo al mar. La peque\u00f1a de las dudas infinitas. Revoluci\u00f3n y calma. A veces luz, a veces apag\u00f3n. Tambi\u00e9n se perdi\u00f3. Y la p\u00e9rdida acab\u00f3 siendo su br\u00fajula. Claro que tiene miedos, y ruidos. Pero cree en el poder de la actitud y en la valent\u00eda de sus alas. Ella, que aprendi\u00f3 a bailar en el tropiezo y a creer en el hallazgo que hay tras los miedos.  Porque si algo ha aprendido es que probablemente aquello que m\u00e1s temes sea lo que m\u00e1s necesites.  Como este apag\u00f3n, que acab\u00f3 siendo luz.\" \/>\n<meta property=\"og:url\" content=\"https:\/\/letrame.com\/catalogo\/producto\/rame-2\/\" \/>\n<meta property=\"og:site_name\" content=\"Catalogo | Letrame Grupo Editorial\" \/>\n<meta property=\"article:modified_time\" content=\"2024-05-16T13:57:53+00:00\" \/>\n<meta property=\"og:image\" content=\"https:\/\/letrame.com\/catalogo\/wp-content\/uploads\/2024\/04\/redportada_rame_624mm-3.webp\" \/>\n\t<meta property=\"og:image:width\" content=\"601\" \/>\n\t<meta property=\"og:image:height\" content=\"881\" \/>\n\t<meta property=\"og:image:type\" content=\"image\/webp\" \/>\n<meta name=\"twitter:card\" content=\"summary_large_image\" \/>\n<meta name=\"twitter:label1\" content=\"Tiempo de lectura\" \/>\n\t<meta name=\"twitter:data1\" content=\"1 minuto\" \/>\n<script type=\"application\/ld+json\" class=\"yoast-schema-graph\">{\"@context\":\"https:\/\/schema.org\",\"@graph\":[{\"@type\":\"WebPage\",\"@id\":\"https:\/\/letrame.com\/catalogo\/producto\/rame-2\/\",\"url\":\"https:\/\/letrame.com\/catalogo\/producto\/rame-2\/\",\"name\":\"Ram\u00e9 - Catalogo | Letrame Grupo Editorial\",\"isPartOf\":{\"@id\":\"https:\/\/letrame.com\/catalogo\/#website\"},\"primaryImageOfPage\":{\"@id\":\"https:\/\/letrame.com\/catalogo\/producto\/rame-2\/#primaryimage\"},\"image\":{\"@id\":\"https:\/\/letrame.com\/catalogo\/producto\/rame-2\/#primaryimage\"},\"thumbnailUrl\":\"https:\/\/letrame.com\/catalogo\/wp-content\/uploads\/2024\/04\/redportada_rame_624mm-3.webp\",\"datePublished\":\"2024-04-29T12:34:07+00:00\",\"dateModified\":\"2024-05-16T13:57:53+00:00\",\"breadcrumb\":{\"@id\":\"https:\/\/letrame.com\/catalogo\/producto\/rame-2\/#breadcrumb\"},\"inLanguage\":\"es\",\"potentialAction\":[{\"@type\":\"ReadAction\",\"target\":[\"https:\/\/letrame.com\/catalogo\/producto\/rame-2\/\"]}]},{\"@type\":\"ImageObject\",\"inLanguage\":\"es\",\"@id\":\"https:\/\/letrame.com\/catalogo\/producto\/rame-2\/#primaryimage\",\"url\":\"https:\/\/letrame.com\/catalogo\/wp-content\/uploads\/2024\/04\/redportada_rame_624mm-3.webp\",\"contentUrl\":\"https:\/\/letrame.com\/catalogo\/wp-content\/uploads\/2024\/04\/redportada_rame_624mm-3.webp\",\"width\":601,\"height\":881},{\"@type\":\"BreadcrumbList\",\"@id\":\"https:\/\/letrame.com\/catalogo\/producto\/rame-2\/#breadcrumb\",\"itemListElement\":[{\"@type\":\"ListItem\",\"position\":1,\"name\":\"Portada\",\"item\":\"https:\/\/letrame.com\/catalogo\/\"},{\"@type\":\"ListItem\",\"position\":2,\"name\":\"Cat\u00e1logo\",\"item\":\"https:\/\/letrame.com\/catalogo\/\"},{\"@type\":\"ListItem\",\"position\":3,\"name\":\"Ram\u00e9\"}]},{\"@type\":\"WebSite\",\"@id\":\"https:\/\/letrame.com\/catalogo\/#website\",\"url\":\"https:\/\/letrame.com\/catalogo\/\",\"name\":\"Catalogo | Letrame Grupo Editorial\",\"description\":\"\",\"publisher\":{\"@id\":\"https:\/\/letrame.com\/catalogo\/#organization\"},\"potentialAction\":[{\"@type\":\"SearchAction\",\"target\":{\"@type\":\"EntryPoint\",\"urlTemplate\":\"https:\/\/letrame.com\/catalogo\/?s={search_term_string}\"},\"query-input\":{\"@type\":\"PropertyValueSpecification\",\"valueRequired\":true,\"valueName\":\"search_term_string\"}}],\"inLanguage\":\"es\"},{\"@type\":\"Organization\",\"@id\":\"https:\/\/letrame.com\/catalogo\/#organization\",\"name\":\"Catalogo | Letrame Grupo Editorial\",\"url\":\"https:\/\/letrame.com\/catalogo\/\",\"logo\":{\"@type\":\"ImageObject\",\"inLanguage\":\"es\",\"@id\":\"https:\/\/letrame.com\/catalogo\/#\/schema\/logo\/image\/\",\"url\":\"https:\/\/letrame.com\/catalogo\/wp-content\/uploads\/2024\/03\/logo2.webp\",\"contentUrl\":\"https:\/\/letrame.com\/catalogo\/wp-content\/uploads\/2024\/03\/logo2.webp\",\"width\":394,\"height\":128,\"caption\":\"Catalogo | Letrame Grupo Editorial\"},\"image\":{\"@id\":\"https:\/\/letrame.com\/catalogo\/#\/schema\/logo\/image\/\"}}]}<\/script>\n<!-- \/ Yoast SEO plugin. -->","yoast_head_json":{"title":"Ram\u00e9 - Catalogo | Letrame Grupo Editorial","robots":{"index":"index","follow":"follow","max-snippet":"max-snippet:-1","max-image-preview":"max-image-preview:large","max-video-preview":"max-video-preview:-1"},"canonical":"https:\/\/letrame.com\/catalogo\/producto\/rame-2\/","og_locale":"es_ES","og_type":"article","og_title":"Ram\u00e9 - Catalogo | Letrame Grupo Editorial","og_description":"ISBN:978-84-1114-963-1  SINOPSIS  Hermoso y ca\u00f3tico a la vez  Cuando el caos acaba siendo faro. La p\u00e9rdida, hallazgo. Los miedos, br\u00fajula. El apag\u00f3n, luz. \u00bfY si lo que hoy consideras tropiezo te acaba haciendo volar?  Aqu\u00ed te encontrar\u00e1s a ti, a m\u00ed. Donde tantas veces hemos sido marea, y calma.  Bienvenidos a tu\/mi hermoso caos.              Marta Le\u00f3n:  Ella tambi\u00e9n es caos. Como t\u00fa, como yo. La amante del mar con miedo al mar. La peque\u00f1a de las dudas infinitas. Revoluci\u00f3n y calma. A veces luz, a veces apag\u00f3n. Tambi\u00e9n se perdi\u00f3. Y la p\u00e9rdida acab\u00f3 siendo su br\u00fajula. Claro que tiene miedos, y ruidos. Pero cree en el poder de la actitud y en la valent\u00eda de sus alas. Ella, que aprendi\u00f3 a bailar en el tropiezo y a creer en el hallazgo que hay tras los miedos.  Porque si algo ha aprendido es que probablemente aquello que m\u00e1s temes sea lo que m\u00e1s necesites.  Como este apag\u00f3n, que acab\u00f3 siendo luz.","og_url":"https:\/\/letrame.com\/catalogo\/producto\/rame-2\/","og_site_name":"Catalogo | Letrame Grupo Editorial","article_modified_time":"2024-05-16T13:57:53+00:00","og_image":[{"width":601,"height":881,"url":"https:\/\/letrame.com\/catalogo\/wp-content\/uploads\/2024\/04\/redportada_rame_624mm-3.webp","type":"image\/webp"}],"twitter_card":"summary_large_image","twitter_misc":{"Tiempo de lectura":"1 minuto"},"schema":{"@context":"https:\/\/schema.org","@graph":[{"@type":"WebPage","@id":"https:\/\/letrame.com\/catalogo\/producto\/rame-2\/","url":"https:\/\/letrame.com\/catalogo\/producto\/rame-2\/","name":"Ram\u00e9 - Catalogo | Letrame Grupo Editorial","isPartOf":{"@id":"https:\/\/letrame.com\/catalogo\/#website"},"primaryImageOfPage":{"@id":"https:\/\/letrame.com\/catalogo\/producto\/rame-2\/#primaryimage"},"image":{"@id":"https:\/\/letrame.com\/catalogo\/producto\/rame-2\/#primaryimage"},"thumbnailUrl":"https:\/\/letrame.com\/catalogo\/wp-content\/uploads\/2024\/04\/redportada_rame_624mm-3.webp","datePublished":"2024-04-29T12:34:07+00:00","dateModified":"2024-05-16T13:57:53+00:00","breadcrumb":{"@id":"https:\/\/letrame.com\/catalogo\/producto\/rame-2\/#breadcrumb"},"inLanguage":"es","potentialAction":[{"@type":"ReadAction","target":["https:\/\/letrame.com\/catalogo\/producto\/rame-2\/"]}]},{"@type":"ImageObject","inLanguage":"es","@id":"https:\/\/letrame.com\/catalogo\/producto\/rame-2\/#primaryimage","url":"https:\/\/letrame.com\/catalogo\/wp-content\/uploads\/2024\/04\/redportada_rame_624mm-3.webp","contentUrl":"https:\/\/letrame.com\/catalogo\/wp-content\/uploads\/2024\/04\/redportada_rame_624mm-3.webp","width":601,"height":881},{"@type":"BreadcrumbList","@id":"https:\/\/letrame.com\/catalogo\/producto\/rame-2\/#breadcrumb","itemListElement":[{"@type":"ListItem","position":1,"name":"Portada","item":"https:\/\/letrame.com\/catalogo\/"},{"@type":"ListItem","position":2,"name":"Cat\u00e1logo","item":"https:\/\/letrame.com\/catalogo\/"},{"@type":"ListItem","position":3,"name":"Ram\u00e9"}]},{"@type":"WebSite","@id":"https:\/\/letrame.com\/catalogo\/#website","url":"https:\/\/letrame.com\/catalogo\/","name":"Catalogo | Letrame Grupo Editorial","description":"","publisher":{"@id":"https:\/\/letrame.com\/catalogo\/#organization"},"potentialAction":[{"@type":"SearchAction","target":{"@type":"EntryPoint","urlTemplate":"https:\/\/letrame.com\/catalogo\/?s={search_term_string}"},"query-input":{"@type":"PropertyValueSpecification","valueRequired":true,"valueName":"search_term_string"}}],"inLanguage":"es"},{"@type":"Organization","@id":"https:\/\/letrame.com\/catalogo\/#organization","name":"Catalogo | Letrame Grupo Editorial","url":"https:\/\/letrame.com\/catalogo\/","logo":{"@type":"ImageObject","inLanguage":"es","@id":"https:\/\/letrame.com\/catalogo\/#\/schema\/logo\/image\/","url":"https:\/\/letrame.com\/catalogo\/wp-content\/uploads\/2024\/03\/logo2.webp","contentUrl":"https:\/\/letrame.com\/catalogo\/wp-content\/uploads\/2024\/03\/logo2.webp","width":394,"height":128,"caption":"Catalogo | Letrame Grupo Editorial"},"image":{"@id":"https:\/\/letrame.com\/catalogo\/#\/schema\/logo\/image\/"}}]}},"_links":{"self":[{"href":"https:\/\/letrame.com\/catalogo\/wp-json\/wp\/v2\/product\/97878","targetHints":{"allow":["GET"]}}],"collection":[{"href":"https:\/\/letrame.com\/catalogo\/wp-json\/wp\/v2\/product"}],"about":[{"href":"https:\/\/letrame.com\/catalogo\/wp-json\/wp\/v2\/types\/product"}],"replies":[{"embeddable":true,"href":"https:\/\/letrame.com\/catalogo\/wp-json\/wp\/v2\/comments?post=97878"}],"acf:post":[{"embeddable":true,"href":"https:\/\/letrame.com\/catalogo\/wp-json\/wp\/v2\/author_book\/76426"}],"wp:featuredmedia":[{"embeddable":true,"href":"https:\/\/letrame.com\/catalogo\/wp-json\/wp\/v2\/media\/100371"}],"wp:attachment":[{"href":"https:\/\/letrame.com\/catalogo\/wp-json\/wp\/v2\/media?parent=97878"}],"wp:term":[{"taxonomy":"libro","embeddable":true,"href":"https:\/\/letrame.com\/catalogo\/wp-json\/wp\/v2\/libro?post=97878"},{"taxonomy":"product_brand","embeddable":true,"href":"https:\/\/letrame.com\/catalogo\/wp-json\/wp\/v2\/product_brand?post=97878"},{"taxonomy":"product_cat","embeddable":true,"href":"https:\/\/letrame.com\/catalogo\/wp-json\/wp\/v2\/product_cat?post=97878"},{"taxonomy":"product_tag","embeddable":true,"href":"https:\/\/letrame.com\/catalogo\/wp-json\/wp\/v2\/product_tag?post=97878"}],"curies":[{"name":"wp","href":"https:\/\/api.w.org\/{rel}","templated":true}]}}