{"id":97877,"date":"2024-04-29T14:34:07","date_gmt":"2024-04-29T12:34:07","guid":{"rendered":"https:\/\/letrame.com\/catalogo\/producto\/psicologia-ontologica\/"},"modified":"2024-05-16T15:58:39","modified_gmt":"2024-05-16T13:58:39","slug":"psicologia-ontologica","status":"publish","type":"product","link":"https:\/\/letrame.com\/catalogo\/producto\/psicologia-ontologica\/","title":{"rendered":"Psicolog\u00eda Ontol\u00f3gica"},"content":{"rendered":"<p><strong>ISBN<\/strong>:978-84-1114-879-5<\/p>\n<p><strong>T\u00edtulo<\/strong>: <span data-sheets-value=\"{&quot;1&quot;:2,&quot;2&quot;:&quot;Psicolog\u00eda Ontol\u00f3gica&quot;}\" data-sheets-userformat=\"{&quot;2&quot;:579,&quot;3&quot;:{&quot;1&quot;:0},&quot;4&quot;:{&quot;1&quot;:2,&quot;2&quot;:14281427},&quot;9&quot;:1,&quot;12&quot;:0}\">Psicolog\u00eda Ontol\u00f3gica<\/span><br \/>\n<strong>Fecha<\/strong>: 2022<br \/>\n<strong>P\u00e1ginas<\/strong>: 98<\/p>\n<p><strong>SINOPSIS<\/strong><\/p>\n<p>La\u00a0<strong>Psicolog\u00eda Ontol\u00f3gica<\/strong>\u00a0o\u00a0<strong>centrada en el Ser<\/strong> considera que el psiquismo se construye a partir del n\u00facleo de nuestra esencia,\u00a0<strong>el Ser que somos<\/strong>.<\/p>\n<p>Propone un modelo antropol\u00f3gico integral, bio-psico-socio-cultural-espiritual inmerso en un ecosistema, y emerge de un modelo esperanzador, human\u00edstico y plenificante del ser humano que integra los conocimientos cl\u00ednicos y cient\u00edficos con los de la sabidur\u00eda perenne.<\/p>\n<p>Como humanidad transitamos un tiempo de cambio de paradigmas, de modelos mentales, y encuentro en este factor la gran causa de las crisis que venimos atravesando a nivel institucional, a nivel social, moral, econ\u00f3mico y cultural.<\/p>\n<p>Pero sabemos que cada estado de orden es precedido por un estado de caos, del caos surgir\u00e1 un nuevo orden de manifestaci\u00f3n, y este ciclo se repite y repetir\u00e1 en todo el proceso evolutivo del ser humano y del cosmos.<\/p>\n<p>Este libro intenta aportar un eslab\u00f3n m\u00e1s en la red de conceptualizaciones y propuestas te\u00f3ricas para continuar, como especie, nuestro camino de evoluci\u00f3n hacia un Ser Humano mejor.<\/p>\n","protected":false},"excerpt":{"rendered":"<p><strong>ISBN<\/strong>:978-84-1114-879-5<\/p>\n<p><strong>SINOPSIS<\/strong><\/p>\n<p>La\u00a0<strong>Psicolog\u00eda Ontol\u00f3gica<\/strong>\u00a0o\u00a0<strong>centrada en el Ser<\/strong> considera que el psiquismo se construye a partir del n\u00facleo de nuestra esencia,\u00a0<strong>el Ser que somos<\/strong>.<\/p>\n<p>Propone un modelo antropol\u00f3gico integral, bio-psico-socio-cultural-espiritual inmerso en un ecosistema, y emerge de un modelo esperanzador, human\u00edstico y plenificante del ser humano que integra los conocimientos cl\u00ednicos y cient\u00edficos con los de la sabidur\u00eda perenne.<\/p>\n<p>Como humanidad transitamos un tiempo de cambio de paradigmas, de modelos mentales, y encuentro en este factor la gran causa de las crisis que venimos atravesando a nivel institucional, a nivel social, moral, econ\u00f3mico y cultural.<\/p>\n<p>Pero sabemos que cada estado de orden es precedido por un estado de caos, del caos surgir\u00e1 un nuevo orden de manifestaci\u00f3n, y este ciclo se repite y repetir\u00e1 en todo el proceso evolutivo del ser humano y del cosmos.<\/p>\n<p>Este libro intenta aportar un eslab\u00f3n m\u00e1s en la red de conceptualizaciones y propuestas te\u00f3ricas para continuar, como especie, nuestro camino de evoluci\u00f3n hacia un Ser Humano mejor.<\/p>\n","protected":false},"featured_media":100372,"comment_status":"closed","ping_status":"closed","template":"","meta":{"_acf_changed":false},"libro":[],"product_brand":[],"product_cat":[18],"product_tag":[],"class_list":{"0":"post-97877","1":"product","2":"type-product","3":"status-publish","4":"has-post-thumbnail","6":"product_cat-autoayuda","8":"first","9":"instock","10":"product-type-simple"},"acf":{"autor":[76424],"enlace_de_compra":"https:\/\/www.amazon.es\/Psicolog%C3%ADa-Ontol%C3%B3gica-Psicoterapia-Ontol%C3%B3gica-psicoterapia\/dp\/8411148793\/"},"yoast_head":"<!-- This site is optimized with the Yoast SEO plugin v26.6 - https:\/\/yoast.com\/wordpress\/plugins\/seo\/ -->\n<title>Psicolog\u00eda Ontol\u00f3gica - Catalogo | Letrame Grupo Editorial<\/title>\n<meta name=\"robots\" content=\"index, follow, max-snippet:-1, max-image-preview:large, max-video-preview:-1\" \/>\n<link rel=\"canonical\" href=\"https:\/\/letrame.com\/catalogo\/producto\/psicologia-ontologica\/\" \/>\n<meta property=\"og:locale\" content=\"es_ES\" \/>\n<meta property=\"og:type\" content=\"article\" \/>\n<meta property=\"og:title\" content=\"Psicolog\u00eda Ontol\u00f3gica - Catalogo | Letrame Grupo Editorial\" \/>\n<meta property=\"og:description\" content=\"ISBN:978-84-1114-879-5  SINOPSIS  La\u00a0Psicolog\u00eda Ontol\u00f3gica\u00a0o\u00a0centrada en el Ser considera que el psiquismo se construye a partir del n\u00facleo de nuestra esencia,\u00a0el Ser que somos.  Propone un modelo antropol\u00f3gico integral, bio-psico-socio-cultural-espiritual inmerso en un ecosistema, y emerge de un modelo esperanzador, human\u00edstico y plenificante del ser humano que integra los conocimientos cl\u00ednicos y cient\u00edficos con los de la sabidur\u00eda perenne.  Como humanidad transitamos un tiempo de cambio de paradigmas, de modelos mentales, y encuentro en este factor la gran causa de las crisis que venimos atravesando a nivel institucional, a nivel social, moral, econ\u00f3mico y cultural.  Pero sabemos que cada estado de orden es precedido por un estado de caos, del caos surgir\u00e1 un nuevo orden de manifestaci\u00f3n, y este ciclo se repite y repetir\u00e1 en todo el proceso evolutivo del ser humano y del cosmos.  Este libro intenta aportar un eslab\u00f3n m\u00e1s en la red de conceptualizaciones y propuestas te\u00f3ricas para continuar, como especie, nuestro camino de evoluci\u00f3n hacia un Ser Humano mejor.\" \/>\n<meta property=\"og:url\" content=\"https:\/\/letrame.com\/catalogo\/producto\/psicologia-ontologica\/\" \/>\n<meta property=\"og:site_name\" content=\"Catalogo | Letrame Grupo Editorial\" \/>\n<meta property=\"article:modified_time\" content=\"2024-05-16T13:58:39+00:00\" \/>\n<meta property=\"og:image\" content=\"https:\/\/letrame.com\/catalogo\/wp-content\/uploads\/2024\/04\/redportada_psicologiaontologica_559mm-compressed.webp\" \/>\n\t<meta property=\"og:image:width\" content=\"601\" \/>\n\t<meta property=\"og:image:height\" content=\"881\" \/>\n\t<meta property=\"og:image:type\" content=\"image\/webp\" \/>\n<meta name=\"twitter:card\" content=\"summary_large_image\" \/>\n<meta name=\"twitter:label1\" content=\"Tiempo de lectura\" \/>\n\t<meta name=\"twitter:data1\" content=\"1 minuto\" \/>\n<script type=\"application\/ld+json\" class=\"yoast-schema-graph\">{\"@context\":\"https:\/\/schema.org\",\"@graph\":[{\"@type\":\"WebPage\",\"@id\":\"https:\/\/letrame.com\/catalogo\/producto\/psicologia-ontologica\/\",\"url\":\"https:\/\/letrame.com\/catalogo\/producto\/psicologia-ontologica\/\",\"name\":\"Psicolog\u00eda Ontol\u00f3gica - Catalogo | Letrame Grupo Editorial\",\"isPartOf\":{\"@id\":\"https:\/\/letrame.com\/catalogo\/#website\"},\"primaryImageOfPage\":{\"@id\":\"https:\/\/letrame.com\/catalogo\/producto\/psicologia-ontologica\/#primaryimage\"},\"image\":{\"@id\":\"https:\/\/letrame.com\/catalogo\/producto\/psicologia-ontologica\/#primaryimage\"},\"thumbnailUrl\":\"https:\/\/letrame.com\/catalogo\/wp-content\/uploads\/2024\/04\/redportada_psicologiaontologica_559mm-compressed.webp\",\"datePublished\":\"2024-04-29T12:34:07+00:00\",\"dateModified\":\"2024-05-16T13:58:39+00:00\",\"breadcrumb\":{\"@id\":\"https:\/\/letrame.com\/catalogo\/producto\/psicologia-ontologica\/#breadcrumb\"},\"inLanguage\":\"es\",\"potentialAction\":[{\"@type\":\"ReadAction\",\"target\":[\"https:\/\/letrame.com\/catalogo\/producto\/psicologia-ontologica\/\"]}]},{\"@type\":\"ImageObject\",\"inLanguage\":\"es\",\"@id\":\"https:\/\/letrame.com\/catalogo\/producto\/psicologia-ontologica\/#primaryimage\",\"url\":\"https:\/\/letrame.com\/catalogo\/wp-content\/uploads\/2024\/04\/redportada_psicologiaontologica_559mm-compressed.webp\",\"contentUrl\":\"https:\/\/letrame.com\/catalogo\/wp-content\/uploads\/2024\/04\/redportada_psicologiaontologica_559mm-compressed.webp\",\"width\":601,\"height\":881},{\"@type\":\"BreadcrumbList\",\"@id\":\"https:\/\/letrame.com\/catalogo\/producto\/psicologia-ontologica\/#breadcrumb\",\"itemListElement\":[{\"@type\":\"ListItem\",\"position\":1,\"name\":\"Portada\",\"item\":\"https:\/\/letrame.com\/catalogo\/\"},{\"@type\":\"ListItem\",\"position\":2,\"name\":\"Cat\u00e1logo\",\"item\":\"https:\/\/letrame.com\/catalogo\/\"},{\"@type\":\"ListItem\",\"position\":3,\"name\":\"Psicolog\u00eda Ontol\u00f3gica\"}]},{\"@type\":\"WebSite\",\"@id\":\"https:\/\/letrame.com\/catalogo\/#website\",\"url\":\"https:\/\/letrame.com\/catalogo\/\",\"name\":\"Catalogo | Letrame Grupo Editorial\",\"description\":\"\",\"publisher\":{\"@id\":\"https:\/\/letrame.com\/catalogo\/#organization\"},\"potentialAction\":[{\"@type\":\"SearchAction\",\"target\":{\"@type\":\"EntryPoint\",\"urlTemplate\":\"https:\/\/letrame.com\/catalogo\/?s={search_term_string}\"},\"query-input\":{\"@type\":\"PropertyValueSpecification\",\"valueRequired\":true,\"valueName\":\"search_term_string\"}}],\"inLanguage\":\"es\"},{\"@type\":\"Organization\",\"@id\":\"https:\/\/letrame.com\/catalogo\/#organization\",\"name\":\"Catalogo | Letrame Grupo Editorial\",\"url\":\"https:\/\/letrame.com\/catalogo\/\",\"logo\":{\"@type\":\"ImageObject\",\"inLanguage\":\"es\",\"@id\":\"https:\/\/letrame.com\/catalogo\/#\/schema\/logo\/image\/\",\"url\":\"https:\/\/letrame.com\/catalogo\/wp-content\/uploads\/2024\/03\/logo2.webp\",\"contentUrl\":\"https:\/\/letrame.com\/catalogo\/wp-content\/uploads\/2024\/03\/logo2.webp\",\"width\":394,\"height\":128,\"caption\":\"Catalogo | Letrame Grupo Editorial\"},\"image\":{\"@id\":\"https:\/\/letrame.com\/catalogo\/#\/schema\/logo\/image\/\"}}]}<\/script>\n<!-- \/ Yoast SEO plugin. -->","yoast_head_json":{"title":"Psicolog\u00eda Ontol\u00f3gica - Catalogo | Letrame Grupo Editorial","robots":{"index":"index","follow":"follow","max-snippet":"max-snippet:-1","max-image-preview":"max-image-preview:large","max-video-preview":"max-video-preview:-1"},"canonical":"https:\/\/letrame.com\/catalogo\/producto\/psicologia-ontologica\/","og_locale":"es_ES","og_type":"article","og_title":"Psicolog\u00eda Ontol\u00f3gica - Catalogo | Letrame Grupo Editorial","og_description":"ISBN:978-84-1114-879-5  SINOPSIS  La\u00a0Psicolog\u00eda Ontol\u00f3gica\u00a0o\u00a0centrada en el Ser considera que el psiquismo se construye a partir del n\u00facleo de nuestra esencia,\u00a0el Ser que somos.  Propone un modelo antropol\u00f3gico integral, bio-psico-socio-cultural-espiritual inmerso en un ecosistema, y emerge de un modelo esperanzador, human\u00edstico y plenificante del ser humano que integra los conocimientos cl\u00ednicos y cient\u00edficos con los de la sabidur\u00eda perenne.  Como humanidad transitamos un tiempo de cambio de paradigmas, de modelos mentales, y encuentro en este factor la gran causa de las crisis que venimos atravesando a nivel institucional, a nivel social, moral, econ\u00f3mico y cultural.  Pero sabemos que cada estado de orden es precedido por un estado de caos, del caos surgir\u00e1 un nuevo orden de manifestaci\u00f3n, y este ciclo se repite y repetir\u00e1 en todo el proceso evolutivo del ser humano y del cosmos.  Este libro intenta aportar un eslab\u00f3n m\u00e1s en la red de conceptualizaciones y propuestas te\u00f3ricas para continuar, como especie, nuestro camino de evoluci\u00f3n hacia un Ser Humano mejor.","og_url":"https:\/\/letrame.com\/catalogo\/producto\/psicologia-ontologica\/","og_site_name":"Catalogo | Letrame Grupo Editorial","article_modified_time":"2024-05-16T13:58:39+00:00","og_image":[{"width":601,"height":881,"url":"https:\/\/letrame.com\/catalogo\/wp-content\/uploads\/2024\/04\/redportada_psicologiaontologica_559mm-compressed.webp","type":"image\/webp"}],"twitter_card":"summary_large_image","twitter_misc":{"Tiempo de lectura":"1 minuto"},"schema":{"@context":"https:\/\/schema.org","@graph":[{"@type":"WebPage","@id":"https:\/\/letrame.com\/catalogo\/producto\/psicologia-ontologica\/","url":"https:\/\/letrame.com\/catalogo\/producto\/psicologia-ontologica\/","name":"Psicolog\u00eda Ontol\u00f3gica - Catalogo | Letrame Grupo Editorial","isPartOf":{"@id":"https:\/\/letrame.com\/catalogo\/#website"},"primaryImageOfPage":{"@id":"https:\/\/letrame.com\/catalogo\/producto\/psicologia-ontologica\/#primaryimage"},"image":{"@id":"https:\/\/letrame.com\/catalogo\/producto\/psicologia-ontologica\/#primaryimage"},"thumbnailUrl":"https:\/\/letrame.com\/catalogo\/wp-content\/uploads\/2024\/04\/redportada_psicologiaontologica_559mm-compressed.webp","datePublished":"2024-04-29T12:34:07+00:00","dateModified":"2024-05-16T13:58:39+00:00","breadcrumb":{"@id":"https:\/\/letrame.com\/catalogo\/producto\/psicologia-ontologica\/#breadcrumb"},"inLanguage":"es","potentialAction":[{"@type":"ReadAction","target":["https:\/\/letrame.com\/catalogo\/producto\/psicologia-ontologica\/"]}]},{"@type":"ImageObject","inLanguage":"es","@id":"https:\/\/letrame.com\/catalogo\/producto\/psicologia-ontologica\/#primaryimage","url":"https:\/\/letrame.com\/catalogo\/wp-content\/uploads\/2024\/04\/redportada_psicologiaontologica_559mm-compressed.webp","contentUrl":"https:\/\/letrame.com\/catalogo\/wp-content\/uploads\/2024\/04\/redportada_psicologiaontologica_559mm-compressed.webp","width":601,"height":881},{"@type":"BreadcrumbList","@id":"https:\/\/letrame.com\/catalogo\/producto\/psicologia-ontologica\/#breadcrumb","itemListElement":[{"@type":"ListItem","position":1,"name":"Portada","item":"https:\/\/letrame.com\/catalogo\/"},{"@type":"ListItem","position":2,"name":"Cat\u00e1logo","item":"https:\/\/letrame.com\/catalogo\/"},{"@type":"ListItem","position":3,"name":"Psicolog\u00eda Ontol\u00f3gica"}]},{"@type":"WebSite","@id":"https:\/\/letrame.com\/catalogo\/#website","url":"https:\/\/letrame.com\/catalogo\/","name":"Catalogo | Letrame Grupo Editorial","description":"","publisher":{"@id":"https:\/\/letrame.com\/catalogo\/#organization"},"potentialAction":[{"@type":"SearchAction","target":{"@type":"EntryPoint","urlTemplate":"https:\/\/letrame.com\/catalogo\/?s={search_term_string}"},"query-input":{"@type":"PropertyValueSpecification","valueRequired":true,"valueName":"search_term_string"}}],"inLanguage":"es"},{"@type":"Organization","@id":"https:\/\/letrame.com\/catalogo\/#organization","name":"Catalogo | Letrame Grupo Editorial","url":"https:\/\/letrame.com\/catalogo\/","logo":{"@type":"ImageObject","inLanguage":"es","@id":"https:\/\/letrame.com\/catalogo\/#\/schema\/logo\/image\/","url":"https:\/\/letrame.com\/catalogo\/wp-content\/uploads\/2024\/03\/logo2.webp","contentUrl":"https:\/\/letrame.com\/catalogo\/wp-content\/uploads\/2024\/03\/logo2.webp","width":394,"height":128,"caption":"Catalogo | Letrame Grupo Editorial"},"image":{"@id":"https:\/\/letrame.com\/catalogo\/#\/schema\/logo\/image\/"}}]}},"_links":{"self":[{"href":"https:\/\/letrame.com\/catalogo\/wp-json\/wp\/v2\/product\/97877","targetHints":{"allow":["GET"]}}],"collection":[{"href":"https:\/\/letrame.com\/catalogo\/wp-json\/wp\/v2\/product"}],"about":[{"href":"https:\/\/letrame.com\/catalogo\/wp-json\/wp\/v2\/types\/product"}],"replies":[{"embeddable":true,"href":"https:\/\/letrame.com\/catalogo\/wp-json\/wp\/v2\/comments?post=97877"}],"acf:post":[{"embeddable":true,"href":"https:\/\/letrame.com\/catalogo\/wp-json\/wp\/v2\/author_book\/76424"}],"wp:featuredmedia":[{"embeddable":true,"href":"https:\/\/letrame.com\/catalogo\/wp-json\/wp\/v2\/media\/100372"}],"wp:attachment":[{"href":"https:\/\/letrame.com\/catalogo\/wp-json\/wp\/v2\/media?parent=97877"}],"wp:term":[{"taxonomy":"libro","embeddable":true,"href":"https:\/\/letrame.com\/catalogo\/wp-json\/wp\/v2\/libro?post=97877"},{"taxonomy":"product_brand","embeddable":true,"href":"https:\/\/letrame.com\/catalogo\/wp-json\/wp\/v2\/product_brand?post=97877"},{"taxonomy":"product_cat","embeddable":true,"href":"https:\/\/letrame.com\/catalogo\/wp-json\/wp\/v2\/product_cat?post=97877"},{"taxonomy":"product_tag","embeddable":true,"href":"https:\/\/letrame.com\/catalogo\/wp-json\/wp\/v2\/product_tag?post=97877"}],"curies":[{"name":"wp","href":"https:\/\/api.w.org\/{rel}","templated":true}]}}