{"id":97873,"date":"2024-04-29T14:33:45","date_gmt":"2024-04-29T12:33:45","guid":{"rendered":"https:\/\/letrame.com\/catalogo\/producto\/musica-para-un-corazon-roto\/"},"modified":"2024-04-29T14:34:02","modified_gmt":"2024-04-29T12:34:02","slug":"musica-para-un-corazon-roto","status":"publish","type":"product","link":"https:\/\/letrame.com\/catalogo\/producto\/musica-para-un-corazon-roto\/","title":{"rendered":"M\u00fasica para un coraz\u00f3n roto"},"content":{"rendered":"<p><strong>ISBN<\/strong>:978-84-1114-845-0<\/p>\n<p><strong>T\u00edtulo<\/strong>: M\u00fasica para un coraz\u00f3n roto<br \/>\n<strong>Fecha<\/strong>: 2022<br \/>\n<strong>P\u00e1ginas<\/strong>: 466<\/p>\n<p><strong>SINOPSIS<\/strong><\/p>\n<p>M\u00fasica para un coraz\u00f3n roto es un relato que persigue a Nu\u00f1o por uno de los a\u00f1os m\u00e1s extra\u00f1os de su vida. Siempre con una canci\u00f3n en la rec\u00e1mara se da cuenta de que su sitio, pese a haber conocido a una persona muy especial all\u00ed, no est\u00e1 en Valladolid. Un amor truncado se sumar\u00e1 a otro idealizado e imposible cuando vuelva a Burgos, al reencontrarse con una de las personas que m\u00e1s le han marcado en su vida. Con ella experimenta la dependencia emocional, la inseguridad y una ansiedad que ya hab\u00eda empezado a estallar meses atr\u00e1s.<\/p>\n<p>Despu\u00e9s de darse cuenta de lo insostenible de esa relaci\u00f3n encuentra en Paula una de las mejores amistades que podr\u00eda haber imaginado, la que tambi\u00e9n le permite conocer a su primer amor. La mejor amiga de Paula le llevar\u00e1 a so\u00f1ar con todo lo que siempre hab\u00eda anhelado, besos nunca dados y una historia de pel\u00edcula que Nu\u00f1o intentar\u00e1 mantener hasta el final.<\/p>\n","protected":false},"excerpt":{"rendered":"<p><strong>ISBN<\/strong>:978-84-1114-845-0<\/p>\n<p><strong>SINOPSIS<\/strong><\/p>\n<p>M\u00fasica para un coraz\u00f3n roto es un relato que persigue a Nu\u00f1o por uno de los a\u00f1os m\u00e1s extra\u00f1os de su vida. Siempre con una canci\u00f3n en la rec\u00e1mara se da cuenta de que su sitio, pese a haber conocido a una persona muy especial all\u00ed, no est\u00e1 en Valladolid. Un amor truncado se sumar\u00e1 a otro idealizado e imposible cuando vuelva a Burgos, al reencontrarse con una de las personas que m\u00e1s le han marcado en su vida. Con ella experimenta la dependencia emocional, la inseguridad y una ansiedad que ya hab\u00eda empezado a estallar meses atr\u00e1s.<\/p>\n<p>Despu\u00e9s de darse cuenta de lo insostenible de esa relaci\u00f3n encuentra en Paula una de las mejores amistades que podr\u00eda haber imaginado, la que tambi\u00e9n le permite conocer a su primer amor. La mejor amiga de Paula le llevar\u00e1 a so\u00f1ar con todo lo que siempre hab\u00eda anhelado, besos nunca dados y una historia de pel\u00edcula que Nu\u00f1o intentar\u00e1 mantener hasta el final.<\/p>\n","protected":false},"featured_media":97874,"comment_status":"closed","ping_status":"open","template":"","meta":{"_acf_changed":false},"libro":[],"product_brand":[],"product_cat":[16],"product_tag":[],"class_list":{"0":"post-97873","1":"product","2":"type-product","3":"status-publish","4":"has-post-thumbnail","6":"product_cat-novela","8":"first","9":"instock","10":"product-type-simple"},"acf":{"autor":[76419],"enlace_de_compra":"https:\/\/www.amazon.es\/M%C3%BAsica-para-coraz%C3%B3n-roto-Novela\/dp\/8411148459\/"},"yoast_head":"<!-- This site is optimized with the Yoast SEO plugin v26.6 - https:\/\/yoast.com\/wordpress\/plugins\/seo\/ -->\n<title>M\u00fasica para un coraz\u00f3n roto - Catalogo | Letrame Grupo Editorial<\/title>\n<meta name=\"robots\" content=\"index, follow, max-snippet:-1, max-image-preview:large, max-video-preview:-1\" \/>\n<link rel=\"canonical\" href=\"https:\/\/letrame.com\/catalogo\/producto\/musica-para-un-corazon-roto\/\" \/>\n<meta property=\"og:locale\" content=\"es_ES\" \/>\n<meta property=\"og:type\" content=\"article\" \/>\n<meta property=\"og:title\" content=\"M\u00fasica para un coraz\u00f3n roto - Catalogo | Letrame Grupo Editorial\" \/>\n<meta property=\"og:description\" content=\"ISBN:978-84-1114-845-0 SINOPSIS M\u00fasica para un coraz\u00f3n roto es un relato que persigue a Nu\u00f1o por uno de los a\u00f1os m\u00e1s extra\u00f1os de su vida. Siempre con una canci\u00f3n en la rec\u00e1mara se da cuenta de que su sitio, pese a haber conocido a una persona muy especial all\u00ed, no est\u00e1 en Valladolid. Un amor truncado se sumar\u00e1 a otro idealizado e imposible cuando vuelva a Burgos, al reencontrarse con una de las personas que m\u00e1s le han marcado en su vida. Con ella experimenta la dependencia emocional, la inseguridad y una ansiedad que ya hab\u00eda empezado a estallar meses atr\u00e1s. Despu\u00e9s de darse cuenta de lo insostenible de esa relaci\u00f3n encuentra en Paula una de las mejores amistades que podr\u00eda haber imaginado, la que tambi\u00e9n le permite conocer a su primer amor. La mejor amiga de Paula le llevar\u00e1 a so\u00f1ar con todo lo que siempre hab\u00eda anhelado, besos nunca dados y una historia de pel\u00edcula que Nu\u00f1o intentar\u00e1 mantener hasta el final.\" \/>\n<meta property=\"og:url\" content=\"https:\/\/letrame.com\/catalogo\/producto\/musica-para-un-corazon-roto\/\" \/>\n<meta property=\"og:site_name\" content=\"Catalogo | Letrame Grupo Editorial\" \/>\n<meta property=\"article:modified_time\" content=\"2024-04-29T12:34:02+00:00\" \/>\n<meta property=\"og:image\" content=\"https:\/\/letrame.com\/catalogo\/wp-content\/uploads\/2024\/04\/redportada_musicaparauncorazon_2259mm.jpg\" \/>\n\t<meta property=\"og:image:width\" content=\"601\" \/>\n\t<meta property=\"og:image:height\" content=\"881\" \/>\n\t<meta property=\"og:image:type\" content=\"image\/jpeg\" \/>\n<meta name=\"twitter:card\" content=\"summary_large_image\" \/>\n<meta name=\"twitter:label1\" content=\"Tiempo de lectura\" \/>\n\t<meta name=\"twitter:data1\" content=\"1 minuto\" \/>\n<script type=\"application\/ld+json\" class=\"yoast-schema-graph\">{\"@context\":\"https:\/\/schema.org\",\"@graph\":[{\"@type\":\"WebPage\",\"@id\":\"https:\/\/letrame.com\/catalogo\/producto\/musica-para-un-corazon-roto\/\",\"url\":\"https:\/\/letrame.com\/catalogo\/producto\/musica-para-un-corazon-roto\/\",\"name\":\"M\u00fasica para un coraz\u00f3n roto - Catalogo | Letrame Grupo Editorial\",\"isPartOf\":{\"@id\":\"https:\/\/letrame.com\/catalogo\/#website\"},\"primaryImageOfPage\":{\"@id\":\"https:\/\/letrame.com\/catalogo\/producto\/musica-para-un-corazon-roto\/#primaryimage\"},\"image\":{\"@id\":\"https:\/\/letrame.com\/catalogo\/producto\/musica-para-un-corazon-roto\/#primaryimage\"},\"thumbnailUrl\":\"https:\/\/letrame.com\/catalogo\/wp-content\/uploads\/2024\/04\/redportada_musicaparauncorazon_2259mm.jpg\",\"datePublished\":\"2024-04-29T12:33:45+00:00\",\"dateModified\":\"2024-04-29T12:34:02+00:00\",\"breadcrumb\":{\"@id\":\"https:\/\/letrame.com\/catalogo\/producto\/musica-para-un-corazon-roto\/#breadcrumb\"},\"inLanguage\":\"es\",\"potentialAction\":[{\"@type\":\"ReadAction\",\"target\":[\"https:\/\/letrame.com\/catalogo\/producto\/musica-para-un-corazon-roto\/\"]}]},{\"@type\":\"ImageObject\",\"inLanguage\":\"es\",\"@id\":\"https:\/\/letrame.com\/catalogo\/producto\/musica-para-un-corazon-roto\/#primaryimage\",\"url\":\"https:\/\/letrame.com\/catalogo\/wp-content\/uploads\/2024\/04\/redportada_musicaparauncorazon_2259mm.jpg\",\"contentUrl\":\"https:\/\/letrame.com\/catalogo\/wp-content\/uploads\/2024\/04\/redportada_musicaparauncorazon_2259mm.jpg\",\"width\":601,\"height\":881},{\"@type\":\"BreadcrumbList\",\"@id\":\"https:\/\/letrame.com\/catalogo\/producto\/musica-para-un-corazon-roto\/#breadcrumb\",\"itemListElement\":[{\"@type\":\"ListItem\",\"position\":1,\"name\":\"Portada\",\"item\":\"https:\/\/letrame.com\/catalogo\/\"},{\"@type\":\"ListItem\",\"position\":2,\"name\":\"Cat\u00e1logo\",\"item\":\"https:\/\/letrame.com\/catalogo\/\"},{\"@type\":\"ListItem\",\"position\":3,\"name\":\"M\u00fasica para un coraz\u00f3n roto\"}]},{\"@type\":\"WebSite\",\"@id\":\"https:\/\/letrame.com\/catalogo\/#website\",\"url\":\"https:\/\/letrame.com\/catalogo\/\",\"name\":\"Catalogo | Letrame Grupo Editorial\",\"description\":\"\",\"publisher\":{\"@id\":\"https:\/\/letrame.com\/catalogo\/#organization\"},\"potentialAction\":[{\"@type\":\"SearchAction\",\"target\":{\"@type\":\"EntryPoint\",\"urlTemplate\":\"https:\/\/letrame.com\/catalogo\/?s={search_term_string}\"},\"query-input\":{\"@type\":\"PropertyValueSpecification\",\"valueRequired\":true,\"valueName\":\"search_term_string\"}}],\"inLanguage\":\"es\"},{\"@type\":\"Organization\",\"@id\":\"https:\/\/letrame.com\/catalogo\/#organization\",\"name\":\"Catalogo | Letrame Grupo Editorial\",\"url\":\"https:\/\/letrame.com\/catalogo\/\",\"logo\":{\"@type\":\"ImageObject\",\"inLanguage\":\"es\",\"@id\":\"https:\/\/letrame.com\/catalogo\/#\/schema\/logo\/image\/\",\"url\":\"https:\/\/letrame.com\/catalogo\/wp-content\/uploads\/2024\/03\/logo2.webp\",\"contentUrl\":\"https:\/\/letrame.com\/catalogo\/wp-content\/uploads\/2024\/03\/logo2.webp\",\"width\":394,\"height\":128,\"caption\":\"Catalogo | Letrame Grupo Editorial\"},\"image\":{\"@id\":\"https:\/\/letrame.com\/catalogo\/#\/schema\/logo\/image\/\"}}]}<\/script>\n<!-- \/ Yoast SEO plugin. -->","yoast_head_json":{"title":"M\u00fasica para un coraz\u00f3n roto - Catalogo | Letrame Grupo Editorial","robots":{"index":"index","follow":"follow","max-snippet":"max-snippet:-1","max-image-preview":"max-image-preview:large","max-video-preview":"max-video-preview:-1"},"canonical":"https:\/\/letrame.com\/catalogo\/producto\/musica-para-un-corazon-roto\/","og_locale":"es_ES","og_type":"article","og_title":"M\u00fasica para un coraz\u00f3n roto - Catalogo | Letrame Grupo Editorial","og_description":"ISBN:978-84-1114-845-0 SINOPSIS M\u00fasica para un coraz\u00f3n roto es un relato que persigue a Nu\u00f1o por uno de los a\u00f1os m\u00e1s extra\u00f1os de su vida. Siempre con una canci\u00f3n en la rec\u00e1mara se da cuenta de que su sitio, pese a haber conocido a una persona muy especial all\u00ed, no est\u00e1 en Valladolid. Un amor truncado se sumar\u00e1 a otro idealizado e imposible cuando vuelva a Burgos, al reencontrarse con una de las personas que m\u00e1s le han marcado en su vida. Con ella experimenta la dependencia emocional, la inseguridad y una ansiedad que ya hab\u00eda empezado a estallar meses atr\u00e1s. Despu\u00e9s de darse cuenta de lo insostenible de esa relaci\u00f3n encuentra en Paula una de las mejores amistades que podr\u00eda haber imaginado, la que tambi\u00e9n le permite conocer a su primer amor. La mejor amiga de Paula le llevar\u00e1 a so\u00f1ar con todo lo que siempre hab\u00eda anhelado, besos nunca dados y una historia de pel\u00edcula que Nu\u00f1o intentar\u00e1 mantener hasta el final.","og_url":"https:\/\/letrame.com\/catalogo\/producto\/musica-para-un-corazon-roto\/","og_site_name":"Catalogo | Letrame Grupo Editorial","article_modified_time":"2024-04-29T12:34:02+00:00","og_image":[{"width":601,"height":881,"url":"https:\/\/letrame.com\/catalogo\/wp-content\/uploads\/2024\/04\/redportada_musicaparauncorazon_2259mm.jpg","type":"image\/jpeg"}],"twitter_card":"summary_large_image","twitter_misc":{"Tiempo de lectura":"1 minuto"},"schema":{"@context":"https:\/\/schema.org","@graph":[{"@type":"WebPage","@id":"https:\/\/letrame.com\/catalogo\/producto\/musica-para-un-corazon-roto\/","url":"https:\/\/letrame.com\/catalogo\/producto\/musica-para-un-corazon-roto\/","name":"M\u00fasica para un coraz\u00f3n roto - Catalogo | Letrame Grupo Editorial","isPartOf":{"@id":"https:\/\/letrame.com\/catalogo\/#website"},"primaryImageOfPage":{"@id":"https:\/\/letrame.com\/catalogo\/producto\/musica-para-un-corazon-roto\/#primaryimage"},"image":{"@id":"https:\/\/letrame.com\/catalogo\/producto\/musica-para-un-corazon-roto\/#primaryimage"},"thumbnailUrl":"https:\/\/letrame.com\/catalogo\/wp-content\/uploads\/2024\/04\/redportada_musicaparauncorazon_2259mm.jpg","datePublished":"2024-04-29T12:33:45+00:00","dateModified":"2024-04-29T12:34:02+00:00","breadcrumb":{"@id":"https:\/\/letrame.com\/catalogo\/producto\/musica-para-un-corazon-roto\/#breadcrumb"},"inLanguage":"es","potentialAction":[{"@type":"ReadAction","target":["https:\/\/letrame.com\/catalogo\/producto\/musica-para-un-corazon-roto\/"]}]},{"@type":"ImageObject","inLanguage":"es","@id":"https:\/\/letrame.com\/catalogo\/producto\/musica-para-un-corazon-roto\/#primaryimage","url":"https:\/\/letrame.com\/catalogo\/wp-content\/uploads\/2024\/04\/redportada_musicaparauncorazon_2259mm.jpg","contentUrl":"https:\/\/letrame.com\/catalogo\/wp-content\/uploads\/2024\/04\/redportada_musicaparauncorazon_2259mm.jpg","width":601,"height":881},{"@type":"BreadcrumbList","@id":"https:\/\/letrame.com\/catalogo\/producto\/musica-para-un-corazon-roto\/#breadcrumb","itemListElement":[{"@type":"ListItem","position":1,"name":"Portada","item":"https:\/\/letrame.com\/catalogo\/"},{"@type":"ListItem","position":2,"name":"Cat\u00e1logo","item":"https:\/\/letrame.com\/catalogo\/"},{"@type":"ListItem","position":3,"name":"M\u00fasica para un coraz\u00f3n roto"}]},{"@type":"WebSite","@id":"https:\/\/letrame.com\/catalogo\/#website","url":"https:\/\/letrame.com\/catalogo\/","name":"Catalogo | Letrame Grupo Editorial","description":"","publisher":{"@id":"https:\/\/letrame.com\/catalogo\/#organization"},"potentialAction":[{"@type":"SearchAction","target":{"@type":"EntryPoint","urlTemplate":"https:\/\/letrame.com\/catalogo\/?s={search_term_string}"},"query-input":{"@type":"PropertyValueSpecification","valueRequired":true,"valueName":"search_term_string"}}],"inLanguage":"es"},{"@type":"Organization","@id":"https:\/\/letrame.com\/catalogo\/#organization","name":"Catalogo | Letrame Grupo Editorial","url":"https:\/\/letrame.com\/catalogo\/","logo":{"@type":"ImageObject","inLanguage":"es","@id":"https:\/\/letrame.com\/catalogo\/#\/schema\/logo\/image\/","url":"https:\/\/letrame.com\/catalogo\/wp-content\/uploads\/2024\/03\/logo2.webp","contentUrl":"https:\/\/letrame.com\/catalogo\/wp-content\/uploads\/2024\/03\/logo2.webp","width":394,"height":128,"caption":"Catalogo | Letrame Grupo Editorial"},"image":{"@id":"https:\/\/letrame.com\/catalogo\/#\/schema\/logo\/image\/"}}]}},"_links":{"self":[{"href":"https:\/\/letrame.com\/catalogo\/wp-json\/wp\/v2\/product\/97873","targetHints":{"allow":["GET"]}}],"collection":[{"href":"https:\/\/letrame.com\/catalogo\/wp-json\/wp\/v2\/product"}],"about":[{"href":"https:\/\/letrame.com\/catalogo\/wp-json\/wp\/v2\/types\/product"}],"replies":[{"embeddable":true,"href":"https:\/\/letrame.com\/catalogo\/wp-json\/wp\/v2\/comments?post=97873"}],"acf:post":[{"embeddable":true,"href":"https:\/\/letrame.com\/catalogo\/wp-json\/wp\/v2\/author_book\/76419"}],"wp:featuredmedia":[{"embeddable":true,"href":"https:\/\/letrame.com\/catalogo\/wp-json\/wp\/v2\/media\/97874"}],"wp:attachment":[{"href":"https:\/\/letrame.com\/catalogo\/wp-json\/wp\/v2\/media?parent=97873"}],"wp:term":[{"taxonomy":"libro","embeddable":true,"href":"https:\/\/letrame.com\/catalogo\/wp-json\/wp\/v2\/libro?post=97873"},{"taxonomy":"product_brand","embeddable":true,"href":"https:\/\/letrame.com\/catalogo\/wp-json\/wp\/v2\/product_brand?post=97873"},{"taxonomy":"product_cat","embeddable":true,"href":"https:\/\/letrame.com\/catalogo\/wp-json\/wp\/v2\/product_cat?post=97873"},{"taxonomy":"product_tag","embeddable":true,"href":"https:\/\/letrame.com\/catalogo\/wp-json\/wp\/v2\/product_tag?post=97873"}],"curies":[{"name":"wp","href":"https:\/\/api.w.org\/{rel}","templated":true}]}}