{"id":97865,"date":"2024-04-29T14:33:23","date_gmt":"2024-04-29T12:33:23","guid":{"rendered":"https:\/\/letrame.com\/catalogo\/producto\/los-7-pasajeros\/"},"modified":"2024-04-29T14:33:23","modified_gmt":"2024-04-29T12:33:23","slug":"los-7-pasajeros","status":"publish","type":"product","link":"https:\/\/letrame.com\/catalogo\/producto\/los-7-pasajeros\/","title":{"rendered":"Los 7 pasajeros"},"content":{"rendered":"<p><strong>ISBN<\/strong>:978-84-1114-523-7<\/p>\n<p><strong>T\u00edtulo<\/strong>: <span data-sheets-value=\"{&quot;1&quot;:2,&quot;2&quot;:&quot;Los 7 pasajeros&quot;}\" data-sheets-userformat=\"{&quot;2&quot;:579,&quot;3&quot;:{&quot;1&quot;:0},&quot;4&quot;:{&quot;1&quot;:2,&quot;2&quot;:14281427},&quot;9&quot;:1,&quot;12&quot;:0}\">Los 7 pasajeros<\/span><br \/>\n<strong>Fecha<\/strong>: 2022<br \/>\n<strong>P\u00e1ginas<\/strong>: 640<\/p>\n<p><strong>SINOPSIS<\/strong><\/p>\n<p>\u201cUn sagrado s\u00edmbolo ancestral fue la clave de la conciencia universal\u201d<\/p>\n<p>\u201cCiertos eventos inesperados y descubrimientos ins\u00f3litos a finales del tercer milenio amenazan con la extinci\u00f3n a los humanos, por un secreto en la sangre de solo 7 de ellos.<\/p>\n<p>Vi\u00e9ndose el planeta perdido intentan escapar en una m\u00e1quina del tiempo que solo puede viajar al futuro, mientras otro humano previamente rescatado y enviado a un exoplaneta distante, trescientos a\u00f1os despu\u00e9s\u2026 hace un descubrimiento sensacional.<\/p>\n<p>Dos centenares de seres ancestrales congelados bajo una gran monta\u00f1a le involucran de inmediato en una grave confrontaci\u00f3n entre dos especies alien\u00edgenas, cuyas consecuencias pondr\u00e1n en peligro al universo entero.<\/p>\n<p>Una obra de acci\u00f3n sin l\u00edmites con una profunda mirada a los misterios y retos que enfrentaremos en el tercer milenio, con la posible p\u00e9rdida de nuestra esencia humana por el avance de la ciencia, que seguro nos convertir\u00e1 en m\u00e1quinas.\u201d<\/p>\n","protected":false},"excerpt":{"rendered":"<p><strong>ISBN<\/strong>:978-84-1114-523-7<\/p>\n<p><strong>SINOPSIS<\/strong><\/p>\n<p>\u201cUn sagrado s\u00edmbolo ancestral fue la clave de la conciencia universal\u201d<\/p>\n<p>\u201cCiertos eventos inesperados y descubrimientos ins\u00f3litos a finales del tercer milenio amenazan con la extinci\u00f3n a los humanos, por un secreto en la sangre de solo 7 de ellos.<\/p>\n<p>Vi\u00e9ndose el planeta perdido intentan escapar en una m\u00e1quina del tiempo que solo puede viajar al futuro, mientras otro humano previamente rescatado y enviado a un exoplaneta distante, trescientos a\u00f1os despu\u00e9s\u2026 hace un descubrimiento sensacional.<\/p>\n<p>Dos centenares de seres ancestrales congelados bajo una gran monta\u00f1a le involucran de inmediato en una grave confrontaci\u00f3n entre dos especies alien\u00edgenas, cuyas consecuencias pondr\u00e1n en peligro al universo entero.<\/p>\n<p>Una obra de acci\u00f3n sin l\u00edmites con una profunda mirada a los misterios y retos que enfrentaremos en el tercer milenio, con la posible p\u00e9rdida de nuestra esencia humana por el avance de la ciencia, que seguro nos convertir\u00e1 en m\u00e1quinas.\u201d<\/p>\n","protected":false},"featured_media":97866,"comment_status":"closed","ping_status":"open","template":"","meta":{"_acf_changed":false},"libro":[],"product_brand":[],"product_cat":[26],"product_tag":[],"class_list":{"0":"post-97865","1":"product","2":"type-product","3":"status-publish","4":"has-post-thumbnail","6":"product_cat-sin-categoria","8":"first","9":"instock","10":"product-type-simple"},"acf":{"autor":[76407],"enlace_de_compra":"https:\/\/www.amazon.es\/Los-pasajeros-Julio-Ubieta-Roque-ebook\/dp\/B0B463T57V\/"},"yoast_head":"<!-- This site is optimized with the Yoast SEO plugin v26.6 - https:\/\/yoast.com\/wordpress\/plugins\/seo\/ -->\n<title>Los 7 pasajeros - Catalogo | Letrame Grupo Editorial<\/title>\n<meta name=\"robots\" content=\"index, follow, max-snippet:-1, max-image-preview:large, max-video-preview:-1\" \/>\n<link rel=\"canonical\" href=\"https:\/\/letrame.com\/catalogo\/producto\/los-7-pasajeros\/\" \/>\n<meta property=\"og:locale\" content=\"es_ES\" \/>\n<meta property=\"og:type\" content=\"article\" \/>\n<meta property=\"og:title\" content=\"Los 7 pasajeros - Catalogo | Letrame Grupo Editorial\" \/>\n<meta property=\"og:description\" content=\"ISBN:978-84-1114-523-7 SINOPSIS \u201cUn sagrado s\u00edmbolo ancestral fue la clave de la conciencia universal\u201d \u201cCiertos eventos inesperados y descubrimientos ins\u00f3litos a finales del tercer milenio amenazan con la extinci\u00f3n a los humanos, por un secreto en la sangre de solo 7 de ellos. Vi\u00e9ndose el planeta perdido intentan escapar en una m\u00e1quina del tiempo que solo puede viajar al futuro, mientras otro humano previamente rescatado y enviado a un exoplaneta distante, trescientos a\u00f1os despu\u00e9s\u2026 hace un descubrimiento sensacional. Dos centenares de seres ancestrales congelados bajo una gran monta\u00f1a le involucran de inmediato en una grave confrontaci\u00f3n entre dos especies alien\u00edgenas, cuyas consecuencias pondr\u00e1n en peligro al universo entero. Una obra de acci\u00f3n sin l\u00edmites con una profunda mirada a los misterios y retos que enfrentaremos en el tercer milenio, con la posible p\u00e9rdida de nuestra esencia humana por el avance de la ciencia, que seguro nos convertir\u00e1 en m\u00e1quinas.\u201d\" \/>\n<meta property=\"og:url\" content=\"https:\/\/letrame.com\/catalogo\/producto\/los-7-pasajeros\/\" \/>\n<meta property=\"og:site_name\" content=\"Catalogo | Letrame Grupo Editorial\" \/>\n<meta property=\"og:image\" content=\"https:\/\/letrame.com\/catalogo\/wp-content\/uploads\/2024\/04\/redportada_los7pasajeros_3062mm.jpg\" \/>\n\t<meta property=\"og:image:width\" content=\"601\" \/>\n\t<meta property=\"og:image:height\" content=\"849\" \/>\n\t<meta property=\"og:image:type\" content=\"image\/jpeg\" \/>\n<meta name=\"twitter:card\" content=\"summary_large_image\" \/>\n<meta name=\"twitter:label1\" content=\"Tiempo de lectura\" \/>\n\t<meta name=\"twitter:data1\" content=\"1 minuto\" \/>\n<script type=\"application\/ld+json\" class=\"yoast-schema-graph\">{\"@context\":\"https:\/\/schema.org\",\"@graph\":[{\"@type\":\"WebPage\",\"@id\":\"https:\/\/letrame.com\/catalogo\/producto\/los-7-pasajeros\/\",\"url\":\"https:\/\/letrame.com\/catalogo\/producto\/los-7-pasajeros\/\",\"name\":\"Los 7 pasajeros - Catalogo | Letrame Grupo Editorial\",\"isPartOf\":{\"@id\":\"https:\/\/letrame.com\/catalogo\/#website\"},\"primaryImageOfPage\":{\"@id\":\"https:\/\/letrame.com\/catalogo\/producto\/los-7-pasajeros\/#primaryimage\"},\"image\":{\"@id\":\"https:\/\/letrame.com\/catalogo\/producto\/los-7-pasajeros\/#primaryimage\"},\"thumbnailUrl\":\"https:\/\/letrame.com\/catalogo\/wp-content\/uploads\/2024\/04\/redportada_los7pasajeros_3062mm.jpg\",\"datePublished\":\"2024-04-29T12:33:23+00:00\",\"breadcrumb\":{\"@id\":\"https:\/\/letrame.com\/catalogo\/producto\/los-7-pasajeros\/#breadcrumb\"},\"inLanguage\":\"es\",\"potentialAction\":[{\"@type\":\"ReadAction\",\"target\":[\"https:\/\/letrame.com\/catalogo\/producto\/los-7-pasajeros\/\"]}]},{\"@type\":\"ImageObject\",\"inLanguage\":\"es\",\"@id\":\"https:\/\/letrame.com\/catalogo\/producto\/los-7-pasajeros\/#primaryimage\",\"url\":\"https:\/\/letrame.com\/catalogo\/wp-content\/uploads\/2024\/04\/redportada_los7pasajeros_3062mm.jpg\",\"contentUrl\":\"https:\/\/letrame.com\/catalogo\/wp-content\/uploads\/2024\/04\/redportada_los7pasajeros_3062mm.jpg\",\"width\":601,\"height\":849},{\"@type\":\"BreadcrumbList\",\"@id\":\"https:\/\/letrame.com\/catalogo\/producto\/los-7-pasajeros\/#breadcrumb\",\"itemListElement\":[{\"@type\":\"ListItem\",\"position\":1,\"name\":\"Portada\",\"item\":\"https:\/\/letrame.com\/catalogo\/\"},{\"@type\":\"ListItem\",\"position\":2,\"name\":\"Cat\u00e1logo\",\"item\":\"https:\/\/letrame.com\/catalogo\/\"},{\"@type\":\"ListItem\",\"position\":3,\"name\":\"Los 7 pasajeros\"}]},{\"@type\":\"WebSite\",\"@id\":\"https:\/\/letrame.com\/catalogo\/#website\",\"url\":\"https:\/\/letrame.com\/catalogo\/\",\"name\":\"Catalogo | Letrame Grupo Editorial\",\"description\":\"\",\"publisher\":{\"@id\":\"https:\/\/letrame.com\/catalogo\/#organization\"},\"potentialAction\":[{\"@type\":\"SearchAction\",\"target\":{\"@type\":\"EntryPoint\",\"urlTemplate\":\"https:\/\/letrame.com\/catalogo\/?s={search_term_string}\"},\"query-input\":{\"@type\":\"PropertyValueSpecification\",\"valueRequired\":true,\"valueName\":\"search_term_string\"}}],\"inLanguage\":\"es\"},{\"@type\":\"Organization\",\"@id\":\"https:\/\/letrame.com\/catalogo\/#organization\",\"name\":\"Catalogo | Letrame Grupo Editorial\",\"url\":\"https:\/\/letrame.com\/catalogo\/\",\"logo\":{\"@type\":\"ImageObject\",\"inLanguage\":\"es\",\"@id\":\"https:\/\/letrame.com\/catalogo\/#\/schema\/logo\/image\/\",\"url\":\"https:\/\/letrame.com\/catalogo\/wp-content\/uploads\/2024\/03\/logo2.webp\",\"contentUrl\":\"https:\/\/letrame.com\/catalogo\/wp-content\/uploads\/2024\/03\/logo2.webp\",\"width\":394,\"height\":128,\"caption\":\"Catalogo | Letrame Grupo Editorial\"},\"image\":{\"@id\":\"https:\/\/letrame.com\/catalogo\/#\/schema\/logo\/image\/\"}}]}<\/script>\n<!-- \/ Yoast SEO plugin. -->","yoast_head_json":{"title":"Los 7 pasajeros - Catalogo | Letrame Grupo Editorial","robots":{"index":"index","follow":"follow","max-snippet":"max-snippet:-1","max-image-preview":"max-image-preview:large","max-video-preview":"max-video-preview:-1"},"canonical":"https:\/\/letrame.com\/catalogo\/producto\/los-7-pasajeros\/","og_locale":"es_ES","og_type":"article","og_title":"Los 7 pasajeros - Catalogo | Letrame Grupo Editorial","og_description":"ISBN:978-84-1114-523-7 SINOPSIS \u201cUn sagrado s\u00edmbolo ancestral fue la clave de la conciencia universal\u201d \u201cCiertos eventos inesperados y descubrimientos ins\u00f3litos a finales del tercer milenio amenazan con la extinci\u00f3n a los humanos, por un secreto en la sangre de solo 7 de ellos. Vi\u00e9ndose el planeta perdido intentan escapar en una m\u00e1quina del tiempo que solo puede viajar al futuro, mientras otro humano previamente rescatado y enviado a un exoplaneta distante, trescientos a\u00f1os despu\u00e9s\u2026 hace un descubrimiento sensacional. Dos centenares de seres ancestrales congelados bajo una gran monta\u00f1a le involucran de inmediato en una grave confrontaci\u00f3n entre dos especies alien\u00edgenas, cuyas consecuencias pondr\u00e1n en peligro al universo entero. Una obra de acci\u00f3n sin l\u00edmites con una profunda mirada a los misterios y retos que enfrentaremos en el tercer milenio, con la posible p\u00e9rdida de nuestra esencia humana por el avance de la ciencia, que seguro nos convertir\u00e1 en m\u00e1quinas.\u201d","og_url":"https:\/\/letrame.com\/catalogo\/producto\/los-7-pasajeros\/","og_site_name":"Catalogo | Letrame Grupo Editorial","og_image":[{"width":601,"height":849,"url":"https:\/\/letrame.com\/catalogo\/wp-content\/uploads\/2024\/04\/redportada_los7pasajeros_3062mm.jpg","type":"image\/jpeg"}],"twitter_card":"summary_large_image","twitter_misc":{"Tiempo de lectura":"1 minuto"},"schema":{"@context":"https:\/\/schema.org","@graph":[{"@type":"WebPage","@id":"https:\/\/letrame.com\/catalogo\/producto\/los-7-pasajeros\/","url":"https:\/\/letrame.com\/catalogo\/producto\/los-7-pasajeros\/","name":"Los 7 pasajeros - Catalogo | Letrame Grupo Editorial","isPartOf":{"@id":"https:\/\/letrame.com\/catalogo\/#website"},"primaryImageOfPage":{"@id":"https:\/\/letrame.com\/catalogo\/producto\/los-7-pasajeros\/#primaryimage"},"image":{"@id":"https:\/\/letrame.com\/catalogo\/producto\/los-7-pasajeros\/#primaryimage"},"thumbnailUrl":"https:\/\/letrame.com\/catalogo\/wp-content\/uploads\/2024\/04\/redportada_los7pasajeros_3062mm.jpg","datePublished":"2024-04-29T12:33:23+00:00","breadcrumb":{"@id":"https:\/\/letrame.com\/catalogo\/producto\/los-7-pasajeros\/#breadcrumb"},"inLanguage":"es","potentialAction":[{"@type":"ReadAction","target":["https:\/\/letrame.com\/catalogo\/producto\/los-7-pasajeros\/"]}]},{"@type":"ImageObject","inLanguage":"es","@id":"https:\/\/letrame.com\/catalogo\/producto\/los-7-pasajeros\/#primaryimage","url":"https:\/\/letrame.com\/catalogo\/wp-content\/uploads\/2024\/04\/redportada_los7pasajeros_3062mm.jpg","contentUrl":"https:\/\/letrame.com\/catalogo\/wp-content\/uploads\/2024\/04\/redportada_los7pasajeros_3062mm.jpg","width":601,"height":849},{"@type":"BreadcrumbList","@id":"https:\/\/letrame.com\/catalogo\/producto\/los-7-pasajeros\/#breadcrumb","itemListElement":[{"@type":"ListItem","position":1,"name":"Portada","item":"https:\/\/letrame.com\/catalogo\/"},{"@type":"ListItem","position":2,"name":"Cat\u00e1logo","item":"https:\/\/letrame.com\/catalogo\/"},{"@type":"ListItem","position":3,"name":"Los 7 pasajeros"}]},{"@type":"WebSite","@id":"https:\/\/letrame.com\/catalogo\/#website","url":"https:\/\/letrame.com\/catalogo\/","name":"Catalogo | Letrame Grupo Editorial","description":"","publisher":{"@id":"https:\/\/letrame.com\/catalogo\/#organization"},"potentialAction":[{"@type":"SearchAction","target":{"@type":"EntryPoint","urlTemplate":"https:\/\/letrame.com\/catalogo\/?s={search_term_string}"},"query-input":{"@type":"PropertyValueSpecification","valueRequired":true,"valueName":"search_term_string"}}],"inLanguage":"es"},{"@type":"Organization","@id":"https:\/\/letrame.com\/catalogo\/#organization","name":"Catalogo | Letrame Grupo Editorial","url":"https:\/\/letrame.com\/catalogo\/","logo":{"@type":"ImageObject","inLanguage":"es","@id":"https:\/\/letrame.com\/catalogo\/#\/schema\/logo\/image\/","url":"https:\/\/letrame.com\/catalogo\/wp-content\/uploads\/2024\/03\/logo2.webp","contentUrl":"https:\/\/letrame.com\/catalogo\/wp-content\/uploads\/2024\/03\/logo2.webp","width":394,"height":128,"caption":"Catalogo | Letrame Grupo Editorial"},"image":{"@id":"https:\/\/letrame.com\/catalogo\/#\/schema\/logo\/image\/"}}]}},"_links":{"self":[{"href":"https:\/\/letrame.com\/catalogo\/wp-json\/wp\/v2\/product\/97865","targetHints":{"allow":["GET"]}}],"collection":[{"href":"https:\/\/letrame.com\/catalogo\/wp-json\/wp\/v2\/product"}],"about":[{"href":"https:\/\/letrame.com\/catalogo\/wp-json\/wp\/v2\/types\/product"}],"replies":[{"embeddable":true,"href":"https:\/\/letrame.com\/catalogo\/wp-json\/wp\/v2\/comments?post=97865"}],"acf:post":[{"embeddable":true,"href":"https:\/\/letrame.com\/catalogo\/wp-json\/wp\/v2\/author_book\/76407"}],"wp:featuredmedia":[{"embeddable":true,"href":"https:\/\/letrame.com\/catalogo\/wp-json\/wp\/v2\/media\/97866"}],"wp:attachment":[{"href":"https:\/\/letrame.com\/catalogo\/wp-json\/wp\/v2\/media?parent=97865"}],"wp:term":[{"taxonomy":"libro","embeddable":true,"href":"https:\/\/letrame.com\/catalogo\/wp-json\/wp\/v2\/libro?post=97865"},{"taxonomy":"product_brand","embeddable":true,"href":"https:\/\/letrame.com\/catalogo\/wp-json\/wp\/v2\/product_brand?post=97865"},{"taxonomy":"product_cat","embeddable":true,"href":"https:\/\/letrame.com\/catalogo\/wp-json\/wp\/v2\/product_cat?post=97865"},{"taxonomy":"product_tag","embeddable":true,"href":"https:\/\/letrame.com\/catalogo\/wp-json\/wp\/v2\/product_tag?post=97865"}],"curies":[{"name":"wp","href":"https:\/\/api.w.org\/{rel}","templated":true}]}}