{"id":97859,"date":"2024-04-29T14:32:57","date_gmt":"2024-04-29T12:32:57","guid":{"rendered":"https:\/\/letrame.com\/catalogo\/producto\/la-inocencia-de-creerse-libres\/"},"modified":"2024-04-29T14:32:57","modified_gmt":"2024-04-29T12:32:57","slug":"la-inocencia-de-creerse-libres","status":"publish","type":"product","link":"https:\/\/letrame.com\/catalogo\/producto\/la-inocencia-de-creerse-libres\/","title":{"rendered":"La inocencia de creerse libres"},"content":{"rendered":"<p><strong>ISBN<\/strong>:978-84-1114-847-4<\/p>\n<p><strong>T\u00edtulo<\/strong>: <span data-sheets-value=\"{&quot;1&quot;:2,&quot;2&quot;:&quot;La inocencia de creerse libres&quot;}\" data-sheets-userformat=\"{&quot;2&quot;:579,&quot;3&quot;:{&quot;1&quot;:0},&quot;4&quot;:{&quot;1&quot;:2,&quot;2&quot;:14281427},&quot;9&quot;:1,&quot;12&quot;:0}\">La inocencia de creerse libres<\/span><br \/>\n<strong>Fecha<\/strong>:2022<br \/>\n<strong>P\u00e1ginas<\/strong>: 78<\/p>\n<p><strong>SINOPSIS<\/strong><\/p>\n<p>Este libro pretende reflejar unos a\u00f1os concretos (finales de los cuarenta hasta mediados de los sesenta), en una \u00e9poca de posguerra en un barrio obrero de la periferia (Corea) de una ciudad mediana (por ejemplo, Gand\u00eda), todo ello relatado desde el punto de vista de un ni\u00f1o, Pepito, hijo de republicano.<\/p>\n<p>Pong\u00e1monos en situaci\u00f3n. Habiendo triunfado el golpe de estado contra la Rep\u00fablica, habiendo ganado la Guerra Civil, vino la paz, mejor dicho, la Victoria. Con ella, toda persona que fue leal a la Rep\u00fablica se le esperaba un futuro, en el mejor de los casos, imprevisible.<\/p>\n<p>Esa generaci\u00f3n en que vivieron y sufrieron en primera persona, los que no pudieron exiliarse y pudieron pasar la criba del control franquista, continuaron viviendo en los mismos lugares de anta\u00f1o, pero salieron de la barbarie vivida siendo otras personas.<\/p>\n<p>Las relaciones familiares y sociales quedaron bastante tocadas, la resignaci\u00f3n y el silencio era el pan nuestro de cada d\u00eda. Los hijos que vinieron despu\u00e9s, primero no se hac\u00edan preguntas, pero crecieron entre el silencio, miedo, control y precariedad. Con todo, supieron divertirse a su manera, as\u00ed como sus padres que tuvieron que salir adelante haciendo barrio, disfrutar de las fiestas, como las fallas y teatro valenciano con actores entre los mismos vecinos. Las diferencias sociales depend\u00edan de tener un \u00abstatus\u00bb favorable al nuevo r\u00e9gimen o la clase trabajadora que ten\u00eda por delante un panorama laboral sin derechos.<\/p>\n<p>A esos hijos, tambi\u00e9n marcados por la situaci\u00f3n de sus padres, hab\u00eda que \u00abadoctrinarlos\u00bb, inventarles otro pasado o directamente esconderlo. Para eso se confi\u00f3 a la Iglesia su cometido, sustituyendo a los maestros por religiosos, con ello aparecieron otros desmanes como la pederastia que hoy d\u00eda siguen aflorando.<\/p>\n<p>En resumen, dos generaciones viviendo el d\u00eda a d\u00eda con la impotencia y marcadas por la injusticia de un hecho sangriento y b\u00e1rbaro. A\u00fan en un presente sin Franco continuamos conviviendo con el franquismo en muchos estamentos de nuestra democracia.<\/p>\n","protected":false},"excerpt":{"rendered":"<p><strong>ISBN<\/strong>:978-84-1114-847-4<\/p>\n<p><strong>SINOPSIS<\/strong><\/p>\n<p>Este libro pretende reflejar unos a\u00f1os concretos (finales de los cuarenta hasta mediados de los sesenta), en una \u00e9poca de posguerra en un barrio obrero de la periferia (Corea) de una ciudad mediana (por ejemplo, Gand\u00eda), todo ello relatado desde el punto de vista de un ni\u00f1o, Pepito, hijo de republicano.<\/p>\n<p>Pong\u00e1monos en situaci\u00f3n. Habiendo triunfado el golpe de estado contra la Rep\u00fablica, habiendo ganado la Guerra Civil, vino la paz, mejor dicho, la Victoria. Con ella, toda persona que fue leal a la Rep\u00fablica se le esperaba un futuro, en el mejor de los casos, imprevisible.<\/p>\n<p>Esa generaci\u00f3n en que vivieron y sufrieron en primera persona, los que no pudieron exiliarse y pudieron pasar la criba del control franquista, continuaron viviendo en los mismos lugares de anta\u00f1o, pero salieron de la barbarie vivida siendo otras personas.<\/p>\n<p>Las relaciones familiares y sociales quedaron bastante tocadas, la resignaci\u00f3n y el silencio era el pan nuestro de cada d\u00eda. Los hijos que vinieron despu\u00e9s, primero no se hac\u00edan preguntas, pero crecieron entre el silencio, miedo, control y precariedad. Con todo, supieron divertirse a su manera, as\u00ed como sus padres que tuvieron que salir adelante haciendo barrio, disfrutar de las fiestas, como las fallas y teatro valenciano con actores entre los mismos vecinos. Las diferencias sociales depend\u00edan de tener un \u00abstatus\u00bb favorable al nuevo r\u00e9gimen o la clase trabajadora que ten\u00eda por delante un panorama laboral sin derechos.<\/p>\n<p>A esos hijos, tambi\u00e9n marcados por la situaci\u00f3n de sus padres, hab\u00eda que \u00abadoctrinarlos\u00bb, inventarles otro pasado o directamente esconderlo. Para eso se confi\u00f3 a la Iglesia su cometido, sustituyendo a los maestros por religiosos, con ello aparecieron otros desmanes como la pederastia que hoy d\u00eda siguen aflorando.<\/p>\n<p>En resumen, dos generaciones viviendo el d\u00eda a d\u00eda con la impotencia y marcadas por la injusticia de un hecho sangriento y b\u00e1rbaro. A\u00fan en un presente sin Franco continuamos conviviendo con el franquismo en muchos estamentos de nuestra democracia.<\/p>\n","protected":false},"featured_media":97860,"comment_status":"closed","ping_status":"open","template":"","meta":{"_acf_changed":false},"libro":[],"product_brand":[],"product_cat":[16],"product_tag":[],"class_list":{"0":"post-97859","1":"product","2":"type-product","3":"status-publish","4":"has-post-thumbnail","6":"product_cat-novela","8":"first","9":"instock","10":"product-type-simple"},"acf":{"autor":[76401],"enlace_de_compra":"https:\/\/www.amazon.es\/inocencia-creerse-libres-Novela\/dp\/8411148475\/"},"yoast_head":"<!-- This site is optimized with the Yoast SEO plugin v27.4 - https:\/\/yoast.com\/product\/yoast-seo-wordpress\/ -->\n<title>La inocencia de creerse libres - Catalogo | Letrame Grupo Editorial<\/title>\n<meta name=\"robots\" content=\"index, follow, max-snippet:-1, max-image-preview:large, max-video-preview:-1\" \/>\n<link rel=\"canonical\" href=\"https:\/\/letrame.com\/catalogo\/producto\/la-inocencia-de-creerse-libres\/\" \/>\n<meta property=\"og:locale\" content=\"es_ES\" \/>\n<meta property=\"og:type\" content=\"article\" \/>\n<meta property=\"og:title\" content=\"La inocencia de creerse libres - Catalogo | Letrame Grupo Editorial\" \/>\n<meta property=\"og:description\" content=\"ISBN:978-84-1114-847-4 SINOPSIS Este libro pretende reflejar unos a\u00f1os concretos (finales de los cuarenta hasta mediados de los sesenta), en una \u00e9poca de posguerra en un barrio obrero de la periferia (Corea) de una ciudad mediana (por ejemplo, Gand\u00eda), todo ello relatado desde el punto de vista de un ni\u00f1o, Pepito, hijo de republicano. Pong\u00e1monos en situaci\u00f3n. Habiendo triunfado el golpe de estado contra la Rep\u00fablica, habiendo ganado la Guerra Civil, vino la paz, mejor dicho, la Victoria. Con ella, toda persona que fue leal a la Rep\u00fablica se le esperaba un futuro, en el mejor de los casos, imprevisible. Esa generaci\u00f3n en que vivieron y sufrieron en primera persona, los que no pudieron exiliarse y pudieron pasar la criba del control franquista, continuaron viviendo en los mismos lugares de anta\u00f1o, pero salieron de la barbarie vivida siendo otras personas. Las relaciones familiares y sociales quedaron bastante tocadas, la resignaci\u00f3n y el silencio era el pan nuestro de cada d\u00eda. Los hijos que vinieron despu\u00e9s, primero no se hac\u00edan preguntas, pero crecieron entre el silencio, miedo, control y precariedad. Con todo, supieron divertirse a su manera, as\u00ed como sus padres que tuvieron que salir adelante haciendo barrio, disfrutar de las fiestas, como las fallas y teatro valenciano con actores entre los mismos vecinos. Las diferencias sociales depend\u00edan de tener un \u00abstatus\u00bb favorable al nuevo r\u00e9gimen o la clase trabajadora que ten\u00eda por delante un panorama laboral sin derechos. A esos hijos, tambi\u00e9n marcados por la situaci\u00f3n de sus padres, hab\u00eda que \u00abadoctrinarlos\u00bb, inventarles otro pasado o directamente esconderlo. Para eso se confi\u00f3 a la Iglesia su cometido, sustituyendo a los maestros por religiosos, con ello aparecieron otros desmanes como la pederastia que hoy d\u00eda siguen aflorando. En resumen, dos generaciones viviendo el d\u00eda a d\u00eda con la impotencia y marcadas por la injusticia de un hecho sangriento y b\u00e1rbaro. A\u00fan en un presente sin Franco continuamos conviviendo con el franquismo en muchos estamentos de nuestra democracia.\" \/>\n<meta property=\"og:url\" content=\"https:\/\/letrame.com\/catalogo\/producto\/la-inocencia-de-creerse-libres\/\" \/>\n<meta property=\"og:site_name\" content=\"Catalogo | Letrame Grupo Editorial\" \/>\n<meta property=\"og:image\" content=\"https:\/\/letrame.com\/catalogo\/wp-content\/uploads\/2024\/04\/redportada_lainocenciadecreerse_47mm.jpg\" \/>\n\t<meta property=\"og:image:width\" content=\"601\" \/>\n\t<meta property=\"og:image:height\" content=\"881\" \/>\n\t<meta property=\"og:image:type\" content=\"image\/jpeg\" \/>\n<meta name=\"twitter:card\" content=\"summary_large_image\" \/>\n<meta name=\"twitter:label1\" content=\"Tiempo de lectura\" \/>\n\t<meta name=\"twitter:data1\" content=\"2 minutos\" \/>\n<script type=\"application\/ld+json\" class=\"yoast-schema-graph\">{\"@context\":\"https:\\\/\\\/schema.org\",\"@graph\":[{\"@type\":\"WebPage\",\"@id\":\"https:\\\/\\\/letrame.com\\\/catalogo\\\/producto\\\/la-inocencia-de-creerse-libres\\\/\",\"url\":\"https:\\\/\\\/letrame.com\\\/catalogo\\\/producto\\\/la-inocencia-de-creerse-libres\\\/\",\"name\":\"La inocencia de creerse libres - Catalogo | Letrame Grupo Editorial\",\"isPartOf\":{\"@id\":\"https:\\\/\\\/letrame.com\\\/catalogo\\\/#website\"},\"primaryImageOfPage\":{\"@id\":\"https:\\\/\\\/letrame.com\\\/catalogo\\\/producto\\\/la-inocencia-de-creerse-libres\\\/#primaryimage\"},\"image\":{\"@id\":\"https:\\\/\\\/letrame.com\\\/catalogo\\\/producto\\\/la-inocencia-de-creerse-libres\\\/#primaryimage\"},\"thumbnailUrl\":\"https:\\\/\\\/letrame.com\\\/catalogo\\\/wp-content\\\/uploads\\\/2024\\\/04\\\/redportada_lainocenciadecreerse_47mm.jpg\",\"datePublished\":\"2024-04-29T12:32:57+00:00\",\"breadcrumb\":{\"@id\":\"https:\\\/\\\/letrame.com\\\/catalogo\\\/producto\\\/la-inocencia-de-creerse-libres\\\/#breadcrumb\"},\"inLanguage\":\"es\",\"potentialAction\":[{\"@type\":\"ReadAction\",\"target\":[\"https:\\\/\\\/letrame.com\\\/catalogo\\\/producto\\\/la-inocencia-de-creerse-libres\\\/\"]}]},{\"@type\":\"ImageObject\",\"inLanguage\":\"es\",\"@id\":\"https:\\\/\\\/letrame.com\\\/catalogo\\\/producto\\\/la-inocencia-de-creerse-libres\\\/#primaryimage\",\"url\":\"https:\\\/\\\/letrame.com\\\/catalogo\\\/wp-content\\\/uploads\\\/2024\\\/04\\\/redportada_lainocenciadecreerse_47mm.jpg\",\"contentUrl\":\"https:\\\/\\\/letrame.com\\\/catalogo\\\/wp-content\\\/uploads\\\/2024\\\/04\\\/redportada_lainocenciadecreerse_47mm.jpg\",\"width\":601,\"height\":881},{\"@type\":\"BreadcrumbList\",\"@id\":\"https:\\\/\\\/letrame.com\\\/catalogo\\\/producto\\\/la-inocencia-de-creerse-libres\\\/#breadcrumb\",\"itemListElement\":[{\"@type\":\"ListItem\",\"position\":1,\"name\":\"Portada\",\"item\":\"https:\\\/\\\/letrame.com\\\/catalogo\\\/\"},{\"@type\":\"ListItem\",\"position\":2,\"name\":\"Cat\u00e1logo\",\"item\":\"https:\\\/\\\/letrame.com\\\/catalogo\\\/\"},{\"@type\":\"ListItem\",\"position\":3,\"name\":\"La inocencia de creerse libres\"}]},{\"@type\":\"WebSite\",\"@id\":\"https:\\\/\\\/letrame.com\\\/catalogo\\\/#website\",\"url\":\"https:\\\/\\\/letrame.com\\\/catalogo\\\/\",\"name\":\"Catalogo | Letrame Grupo Editorial\",\"description\":\"\",\"publisher\":{\"@id\":\"https:\\\/\\\/letrame.com\\\/catalogo\\\/#organization\"},\"potentialAction\":[{\"@type\":\"SearchAction\",\"target\":{\"@type\":\"EntryPoint\",\"urlTemplate\":\"https:\\\/\\\/letrame.com\\\/catalogo\\\/?s={search_term_string}\"},\"query-input\":{\"@type\":\"PropertyValueSpecification\",\"valueRequired\":true,\"valueName\":\"search_term_string\"}}],\"inLanguage\":\"es\"},{\"@type\":\"Organization\",\"@id\":\"https:\\\/\\\/letrame.com\\\/catalogo\\\/#organization\",\"name\":\"Catalogo | Letrame Grupo Editorial\",\"url\":\"https:\\\/\\\/letrame.com\\\/catalogo\\\/\",\"logo\":{\"@type\":\"ImageObject\",\"inLanguage\":\"es\",\"@id\":\"https:\\\/\\\/letrame.com\\\/catalogo\\\/#\\\/schema\\\/logo\\\/image\\\/\",\"url\":\"https:\\\/\\\/letrame.com\\\/catalogo\\\/wp-content\\\/uploads\\\/2024\\\/03\\\/logo2.webp\",\"contentUrl\":\"https:\\\/\\\/letrame.com\\\/catalogo\\\/wp-content\\\/uploads\\\/2024\\\/03\\\/logo2.webp\",\"width\":394,\"height\":128,\"caption\":\"Catalogo | Letrame Grupo Editorial\"},\"image\":{\"@id\":\"https:\\\/\\\/letrame.com\\\/catalogo\\\/#\\\/schema\\\/logo\\\/image\\\/\"}}]}<\/script>\n<!-- \/ Yoast SEO plugin. -->","yoast_head_json":{"title":"La inocencia de creerse libres - Catalogo | Letrame Grupo Editorial","robots":{"index":"index","follow":"follow","max-snippet":"max-snippet:-1","max-image-preview":"max-image-preview:large","max-video-preview":"max-video-preview:-1"},"canonical":"https:\/\/letrame.com\/catalogo\/producto\/la-inocencia-de-creerse-libres\/","og_locale":"es_ES","og_type":"article","og_title":"La inocencia de creerse libres - Catalogo | Letrame Grupo Editorial","og_description":"ISBN:978-84-1114-847-4 SINOPSIS Este libro pretende reflejar unos a\u00f1os concretos (finales de los cuarenta hasta mediados de los sesenta), en una \u00e9poca de posguerra en un barrio obrero de la periferia (Corea) de una ciudad mediana (por ejemplo, Gand\u00eda), todo ello relatado desde el punto de vista de un ni\u00f1o, Pepito, hijo de republicano. Pong\u00e1monos en situaci\u00f3n. Habiendo triunfado el golpe de estado contra la Rep\u00fablica, habiendo ganado la Guerra Civil, vino la paz, mejor dicho, la Victoria. Con ella, toda persona que fue leal a la Rep\u00fablica se le esperaba un futuro, en el mejor de los casos, imprevisible. Esa generaci\u00f3n en que vivieron y sufrieron en primera persona, los que no pudieron exiliarse y pudieron pasar la criba del control franquista, continuaron viviendo en los mismos lugares de anta\u00f1o, pero salieron de la barbarie vivida siendo otras personas. Las relaciones familiares y sociales quedaron bastante tocadas, la resignaci\u00f3n y el silencio era el pan nuestro de cada d\u00eda. Los hijos que vinieron despu\u00e9s, primero no se hac\u00edan preguntas, pero crecieron entre el silencio, miedo, control y precariedad. Con todo, supieron divertirse a su manera, as\u00ed como sus padres que tuvieron que salir adelante haciendo barrio, disfrutar de las fiestas, como las fallas y teatro valenciano con actores entre los mismos vecinos. Las diferencias sociales depend\u00edan de tener un \u00abstatus\u00bb favorable al nuevo r\u00e9gimen o la clase trabajadora que ten\u00eda por delante un panorama laboral sin derechos. A esos hijos, tambi\u00e9n marcados por la situaci\u00f3n de sus padres, hab\u00eda que \u00abadoctrinarlos\u00bb, inventarles otro pasado o directamente esconderlo. Para eso se confi\u00f3 a la Iglesia su cometido, sustituyendo a los maestros por religiosos, con ello aparecieron otros desmanes como la pederastia que hoy d\u00eda siguen aflorando. En resumen, dos generaciones viviendo el d\u00eda a d\u00eda con la impotencia y marcadas por la injusticia de un hecho sangriento y b\u00e1rbaro. A\u00fan en un presente sin Franco continuamos conviviendo con el franquismo en muchos estamentos de nuestra democracia.","og_url":"https:\/\/letrame.com\/catalogo\/producto\/la-inocencia-de-creerse-libres\/","og_site_name":"Catalogo | Letrame Grupo Editorial","og_image":[{"url":"https:\/\/letrame.com\/catalogo\/wp-content\/uploads\/2024\/04\/redportada_lainocenciadecreerse_47mm.jpg","width":601,"height":881,"type":"image\/jpeg"}],"twitter_card":"summary_large_image","twitter_misc":{"Tiempo de lectura":"2 minutos"},"schema":{"@context":"https:\/\/schema.org","@graph":[{"@type":"WebPage","@id":"https:\/\/letrame.com\/catalogo\/producto\/la-inocencia-de-creerse-libres\/","url":"https:\/\/letrame.com\/catalogo\/producto\/la-inocencia-de-creerse-libres\/","name":"La inocencia de creerse libres - Catalogo | Letrame Grupo Editorial","isPartOf":{"@id":"https:\/\/letrame.com\/catalogo\/#website"},"primaryImageOfPage":{"@id":"https:\/\/letrame.com\/catalogo\/producto\/la-inocencia-de-creerse-libres\/#primaryimage"},"image":{"@id":"https:\/\/letrame.com\/catalogo\/producto\/la-inocencia-de-creerse-libres\/#primaryimage"},"thumbnailUrl":"https:\/\/letrame.com\/catalogo\/wp-content\/uploads\/2024\/04\/redportada_lainocenciadecreerse_47mm.jpg","datePublished":"2024-04-29T12:32:57+00:00","breadcrumb":{"@id":"https:\/\/letrame.com\/catalogo\/producto\/la-inocencia-de-creerse-libres\/#breadcrumb"},"inLanguage":"es","potentialAction":[{"@type":"ReadAction","target":["https:\/\/letrame.com\/catalogo\/producto\/la-inocencia-de-creerse-libres\/"]}]},{"@type":"ImageObject","inLanguage":"es","@id":"https:\/\/letrame.com\/catalogo\/producto\/la-inocencia-de-creerse-libres\/#primaryimage","url":"https:\/\/letrame.com\/catalogo\/wp-content\/uploads\/2024\/04\/redportada_lainocenciadecreerse_47mm.jpg","contentUrl":"https:\/\/letrame.com\/catalogo\/wp-content\/uploads\/2024\/04\/redportada_lainocenciadecreerse_47mm.jpg","width":601,"height":881},{"@type":"BreadcrumbList","@id":"https:\/\/letrame.com\/catalogo\/producto\/la-inocencia-de-creerse-libres\/#breadcrumb","itemListElement":[{"@type":"ListItem","position":1,"name":"Portada","item":"https:\/\/letrame.com\/catalogo\/"},{"@type":"ListItem","position":2,"name":"Cat\u00e1logo","item":"https:\/\/letrame.com\/catalogo\/"},{"@type":"ListItem","position":3,"name":"La inocencia de creerse libres"}]},{"@type":"WebSite","@id":"https:\/\/letrame.com\/catalogo\/#website","url":"https:\/\/letrame.com\/catalogo\/","name":"Catalogo | Letrame Grupo Editorial","description":"","publisher":{"@id":"https:\/\/letrame.com\/catalogo\/#organization"},"potentialAction":[{"@type":"SearchAction","target":{"@type":"EntryPoint","urlTemplate":"https:\/\/letrame.com\/catalogo\/?s={search_term_string}"},"query-input":{"@type":"PropertyValueSpecification","valueRequired":true,"valueName":"search_term_string"}}],"inLanguage":"es"},{"@type":"Organization","@id":"https:\/\/letrame.com\/catalogo\/#organization","name":"Catalogo | Letrame Grupo Editorial","url":"https:\/\/letrame.com\/catalogo\/","logo":{"@type":"ImageObject","inLanguage":"es","@id":"https:\/\/letrame.com\/catalogo\/#\/schema\/logo\/image\/","url":"https:\/\/letrame.com\/catalogo\/wp-content\/uploads\/2024\/03\/logo2.webp","contentUrl":"https:\/\/letrame.com\/catalogo\/wp-content\/uploads\/2024\/03\/logo2.webp","width":394,"height":128,"caption":"Catalogo | Letrame Grupo Editorial"},"image":{"@id":"https:\/\/letrame.com\/catalogo\/#\/schema\/logo\/image\/"}}]}},"_links":{"self":[{"href":"https:\/\/letrame.com\/catalogo\/wp-json\/wp\/v2\/product\/97859","targetHints":{"allow":["GET"]}}],"collection":[{"href":"https:\/\/letrame.com\/catalogo\/wp-json\/wp\/v2\/product"}],"about":[{"href":"https:\/\/letrame.com\/catalogo\/wp-json\/wp\/v2\/types\/product"}],"replies":[{"embeddable":true,"href":"https:\/\/letrame.com\/catalogo\/wp-json\/wp\/v2\/comments?post=97859"}],"acf:post":[{"embeddable":true,"href":"https:\/\/letrame.com\/catalogo\/wp-json\/wp\/v2\/author_book\/76401"}],"wp:featuredmedia":[{"embeddable":true,"href":"https:\/\/letrame.com\/catalogo\/wp-json\/wp\/v2\/media\/97860"}],"wp:attachment":[{"href":"https:\/\/letrame.com\/catalogo\/wp-json\/wp\/v2\/media?parent=97859"}],"wp:term":[{"taxonomy":"libro","embeddable":true,"href":"https:\/\/letrame.com\/catalogo\/wp-json\/wp\/v2\/libro?post=97859"},{"taxonomy":"product_brand","embeddable":true,"href":"https:\/\/letrame.com\/catalogo\/wp-json\/wp\/v2\/product_brand?post=97859"},{"taxonomy":"product_cat","embeddable":true,"href":"https:\/\/letrame.com\/catalogo\/wp-json\/wp\/v2\/product_cat?post=97859"},{"taxonomy":"product_tag","embeddable":true,"href":"https:\/\/letrame.com\/catalogo\/wp-json\/wp\/v2\/product_tag?post=97859"}],"curies":[{"name":"wp","href":"https:\/\/api.w.org\/{rel}","templated":true}]}}