{"id":97848,"date":"2024-04-29T14:32:19","date_gmt":"2024-04-29T12:32:19","guid":{"rendered":"https:\/\/letrame.com\/catalogo\/producto\/tigerblood\/"},"modified":"2024-04-29T14:32:20","modified_gmt":"2024-04-29T12:32:20","slug":"tigerblood","status":"publish","type":"product","link":"https:\/\/letrame.com\/catalogo\/producto\/tigerblood\/","title":{"rendered":"#Tigerblood"},"content":{"rendered":"<p><strong>ISBN<\/strong>:978-84-1114-754-5<\/p>\n<p><strong>T\u00edtulo<\/strong>: <span data-sheets-value=\"{&quot;1&quot;:2,&quot;2&quot;:&quot;#Tigerblood&quot;}\" data-sheets-userformat=\"{&quot;2&quot;:579,&quot;3&quot;:{&quot;1&quot;:0},&quot;4&quot;:{&quot;1&quot;:2,&quot;2&quot;:14281427},&quot;9&quot;:1,&quot;12&quot;:0}\">#Tigerblood<\/span><\/p>\n<p><strong>Fecha<\/strong>: 2022<br \/>\n<strong>P\u00e1ginas<\/strong>: 110<\/p>\n<p><strong>SINOPSIS<\/strong><\/p>\n<p>301 rel\u00e1mpagos de lucidez. Esto podr\u00eda\u00a0ser en extremo resumen el contenido del libro que tienes en tus manos.<\/p>\n<p>Citas y aforismos in\u00e9ditos\u00a0sobre los negocios, el marketing, el consumo y los consumidores, nuestra sociedad.<\/p>\n<p>Siempre con un toque ir\u00f3nico-sarc\u00e1stico, y siempre punzante y retador para el lector. No todo es lo que aparece.<\/p>\n<p>Y no todo es lo que ser\u00e1 quiz\u00e1s\u00a0dentro de un tiempo. Un libro que abre la mente al lector, que busca su colaboraci\u00f3n y su involucraci\u00f3n.<\/p>\n<p>Leer #TIGERBLOOD es entrenar tu mente en pensar de forma distinta, a veces lateral, a veces distante, nunca ajena.<\/p>\n<p>Este libro solo es el inicio de un largo recorrido. Un camino largo cuanto el comportamiento humano consumidor, a veces tortuoso como sus idiosincrasias.\u00a0Pero siempre verdadero,\u00a0 como\u00a0la realidad que nos envuelve.<\/p>\n<p>&nbsp;<\/p>\n","protected":false},"excerpt":{"rendered":"<p><strong>ISBN<\/strong>:978-84-1114-754-5<\/p>\n<p><strong>SINOPSIS<\/strong><\/p>\n<p>301 rel\u00e1mpagos de lucidez. Esto podr\u00eda\u00a0ser en extremo resumen el contenido del libro que tienes en tus manos.<\/p>\n<p>Citas y aforismos in\u00e9ditos\u00a0sobre los negocios, el marketing, el consumo y los consumidores, nuestra sociedad.<\/p>\n<p>Siempre con un toque ir\u00f3nico-sarc\u00e1stico, y siempre punzante y retador para el lector. No todo es lo que aparece.<\/p>\n<p>Y no todo es lo que ser\u00e1 quiz\u00e1s\u00a0dentro de un tiempo. Un libro que abre la mente al lector, que busca su colaboraci\u00f3n y su involucraci\u00f3n.<\/p>\n<p>Leer #TIGERBLOOD es entrenar tu mente en pensar de forma distinta, a veces lateral, a veces distante, nunca ajena.<\/p>\n<p>Este libro solo es el inicio de un largo recorrido. Un camino largo cuanto el comportamiento humano consumidor, a veces tortuoso como sus idiosincrasias.\u00a0Pero siempre verdadero,\u00a0 como\u00a0la realidad que nos envuelve.<\/p>\n","protected":false},"featured_media":97849,"comment_status":"closed","ping_status":"open","template":"","meta":{"_acf_changed":false},"libro":[],"product_brand":[],"product_cat":[40,21],"product_tag":[],"class_list":{"0":"post-97848","1":"product","2":"type-product","3":"status-publish","4":"has-post-thumbnail","6":"product_cat-economia","7":"product_cat-relato","9":"first","10":"instock","11":"product-type-simple"},"acf":{"autor":[76392],"enlace_de_compra":"https:\/\/www.amazon.es\/Tigerblood-citas-aforismos-in%C3%A9ditos-Business\/dp\/8411147541\/"},"yoast_head":"<!-- This site is optimized with the Yoast SEO plugin v26.6 - https:\/\/yoast.com\/wordpress\/plugins\/seo\/ -->\n<title>#Tigerblood - Catalogo | Letrame Grupo Editorial<\/title>\n<meta name=\"robots\" content=\"index, follow, max-snippet:-1, max-image-preview:large, max-video-preview:-1\" \/>\n<link rel=\"canonical\" href=\"https:\/\/letrame.com\/catalogo\/producto\/tigerblood\/\" \/>\n<meta property=\"og:locale\" content=\"es_ES\" \/>\n<meta property=\"og:type\" content=\"article\" \/>\n<meta property=\"og:title\" content=\"#Tigerblood - Catalogo | Letrame Grupo Editorial\" \/>\n<meta property=\"og:description\" content=\"ISBN:978-84-1114-754-5 SINOPSIS 301 rel\u00e1mpagos de lucidez. Esto podr\u00eda\u00a0ser en extremo resumen el contenido del libro que tienes en tus manos. Citas y aforismos in\u00e9ditos\u00a0sobre los negocios, el marketing, el consumo y los consumidores, nuestra sociedad. Siempre con un toque ir\u00f3nico-sarc\u00e1stico, y siempre punzante y retador para el lector. No todo es lo que aparece. Y no todo es lo que ser\u00e1 quiz\u00e1s\u00a0dentro de un tiempo. Un libro que abre la mente al lector, que busca su colaboraci\u00f3n y su involucraci\u00f3n. Leer #TIGERBLOOD es entrenar tu mente en pensar de forma distinta, a veces lateral, a veces distante, nunca ajena. Este libro solo es el inicio de un largo recorrido. Un camino largo cuanto el comportamiento humano consumidor, a veces tortuoso como sus idiosincrasias.\u00a0Pero siempre verdadero,\u00a0 como\u00a0la realidad que nos envuelve.\" \/>\n<meta property=\"og:url\" content=\"https:\/\/letrame.com\/catalogo\/producto\/tigerblood\/\" \/>\n<meta property=\"og:site_name\" content=\"Catalogo | Letrame Grupo Editorial\" \/>\n<meta property=\"article:modified_time\" content=\"2024-04-29T12:32:20+00:00\" \/>\n<meta property=\"og:image\" content=\"https:\/\/letrame.com\/catalogo\/wp-content\/uploads\/2024\/04\/redportada_tigerblood_615mm.jpg\" \/>\n\t<meta property=\"og:image:width\" content=\"601\" \/>\n\t<meta property=\"og:image:height\" content=\"881\" \/>\n\t<meta property=\"og:image:type\" content=\"image\/jpeg\" \/>\n<meta name=\"twitter:card\" content=\"summary_large_image\" \/>\n<meta name=\"twitter:label1\" content=\"Tiempo de lectura\" \/>\n\t<meta name=\"twitter:data1\" content=\"1 minuto\" \/>\n<script type=\"application\/ld+json\" class=\"yoast-schema-graph\">{\"@context\":\"https:\/\/schema.org\",\"@graph\":[{\"@type\":\"WebPage\",\"@id\":\"https:\/\/letrame.com\/catalogo\/producto\/tigerblood\/\",\"url\":\"https:\/\/letrame.com\/catalogo\/producto\/tigerblood\/\",\"name\":\"#Tigerblood - Catalogo | Letrame Grupo Editorial\",\"isPartOf\":{\"@id\":\"https:\/\/letrame.com\/catalogo\/#website\"},\"primaryImageOfPage\":{\"@id\":\"https:\/\/letrame.com\/catalogo\/producto\/tigerblood\/#primaryimage\"},\"image\":{\"@id\":\"https:\/\/letrame.com\/catalogo\/producto\/tigerblood\/#primaryimage\"},\"thumbnailUrl\":\"https:\/\/letrame.com\/catalogo\/wp-content\/uploads\/2024\/04\/redportada_tigerblood_615mm.jpg\",\"datePublished\":\"2024-04-29T12:32:19+00:00\",\"dateModified\":\"2024-04-29T12:32:20+00:00\",\"breadcrumb\":{\"@id\":\"https:\/\/letrame.com\/catalogo\/producto\/tigerblood\/#breadcrumb\"},\"inLanguage\":\"es\",\"potentialAction\":[{\"@type\":\"ReadAction\",\"target\":[\"https:\/\/letrame.com\/catalogo\/producto\/tigerblood\/\"]}]},{\"@type\":\"ImageObject\",\"inLanguage\":\"es\",\"@id\":\"https:\/\/letrame.com\/catalogo\/producto\/tigerblood\/#primaryimage\",\"url\":\"https:\/\/letrame.com\/catalogo\/wp-content\/uploads\/2024\/04\/redportada_tigerblood_615mm.jpg\",\"contentUrl\":\"https:\/\/letrame.com\/catalogo\/wp-content\/uploads\/2024\/04\/redportada_tigerblood_615mm.jpg\",\"width\":601,\"height\":881},{\"@type\":\"BreadcrumbList\",\"@id\":\"https:\/\/letrame.com\/catalogo\/producto\/tigerblood\/#breadcrumb\",\"itemListElement\":[{\"@type\":\"ListItem\",\"position\":1,\"name\":\"Portada\",\"item\":\"https:\/\/letrame.com\/catalogo\/\"},{\"@type\":\"ListItem\",\"position\":2,\"name\":\"Cat\u00e1logo\",\"item\":\"https:\/\/letrame.com\/catalogo\/\"},{\"@type\":\"ListItem\",\"position\":3,\"name\":\"#Tigerblood\"}]},{\"@type\":\"WebSite\",\"@id\":\"https:\/\/letrame.com\/catalogo\/#website\",\"url\":\"https:\/\/letrame.com\/catalogo\/\",\"name\":\"Catalogo | Letrame Grupo Editorial\",\"description\":\"\",\"publisher\":{\"@id\":\"https:\/\/letrame.com\/catalogo\/#organization\"},\"potentialAction\":[{\"@type\":\"SearchAction\",\"target\":{\"@type\":\"EntryPoint\",\"urlTemplate\":\"https:\/\/letrame.com\/catalogo\/?s={search_term_string}\"},\"query-input\":{\"@type\":\"PropertyValueSpecification\",\"valueRequired\":true,\"valueName\":\"search_term_string\"}}],\"inLanguage\":\"es\"},{\"@type\":\"Organization\",\"@id\":\"https:\/\/letrame.com\/catalogo\/#organization\",\"name\":\"Catalogo | Letrame Grupo Editorial\",\"url\":\"https:\/\/letrame.com\/catalogo\/\",\"logo\":{\"@type\":\"ImageObject\",\"inLanguage\":\"es\",\"@id\":\"https:\/\/letrame.com\/catalogo\/#\/schema\/logo\/image\/\",\"url\":\"https:\/\/letrame.com\/catalogo\/wp-content\/uploads\/2024\/03\/logo2.webp\",\"contentUrl\":\"https:\/\/letrame.com\/catalogo\/wp-content\/uploads\/2024\/03\/logo2.webp\",\"width\":394,\"height\":128,\"caption\":\"Catalogo | Letrame Grupo Editorial\"},\"image\":{\"@id\":\"https:\/\/letrame.com\/catalogo\/#\/schema\/logo\/image\/\"}}]}<\/script>\n<!-- \/ Yoast SEO plugin. -->","yoast_head_json":{"title":"#Tigerblood - Catalogo | Letrame Grupo Editorial","robots":{"index":"index","follow":"follow","max-snippet":"max-snippet:-1","max-image-preview":"max-image-preview:large","max-video-preview":"max-video-preview:-1"},"canonical":"https:\/\/letrame.com\/catalogo\/producto\/tigerblood\/","og_locale":"es_ES","og_type":"article","og_title":"#Tigerblood - Catalogo | Letrame Grupo Editorial","og_description":"ISBN:978-84-1114-754-5 SINOPSIS 301 rel\u00e1mpagos de lucidez. Esto podr\u00eda\u00a0ser en extremo resumen el contenido del libro que tienes en tus manos. Citas y aforismos in\u00e9ditos\u00a0sobre los negocios, el marketing, el consumo y los consumidores, nuestra sociedad. Siempre con un toque ir\u00f3nico-sarc\u00e1stico, y siempre punzante y retador para el lector. No todo es lo que aparece. Y no todo es lo que ser\u00e1 quiz\u00e1s\u00a0dentro de un tiempo. Un libro que abre la mente al lector, que busca su colaboraci\u00f3n y su involucraci\u00f3n. Leer #TIGERBLOOD es entrenar tu mente en pensar de forma distinta, a veces lateral, a veces distante, nunca ajena. Este libro solo es el inicio de un largo recorrido. Un camino largo cuanto el comportamiento humano consumidor, a veces tortuoso como sus idiosincrasias.\u00a0Pero siempre verdadero,\u00a0 como\u00a0la realidad que nos envuelve.","og_url":"https:\/\/letrame.com\/catalogo\/producto\/tigerblood\/","og_site_name":"Catalogo | Letrame Grupo Editorial","article_modified_time":"2024-04-29T12:32:20+00:00","og_image":[{"width":601,"height":881,"url":"https:\/\/letrame.com\/catalogo\/wp-content\/uploads\/2024\/04\/redportada_tigerblood_615mm.jpg","type":"image\/jpeg"}],"twitter_card":"summary_large_image","twitter_misc":{"Tiempo de lectura":"1 minuto"},"schema":{"@context":"https:\/\/schema.org","@graph":[{"@type":"WebPage","@id":"https:\/\/letrame.com\/catalogo\/producto\/tigerblood\/","url":"https:\/\/letrame.com\/catalogo\/producto\/tigerblood\/","name":"#Tigerblood - Catalogo | Letrame Grupo Editorial","isPartOf":{"@id":"https:\/\/letrame.com\/catalogo\/#website"},"primaryImageOfPage":{"@id":"https:\/\/letrame.com\/catalogo\/producto\/tigerblood\/#primaryimage"},"image":{"@id":"https:\/\/letrame.com\/catalogo\/producto\/tigerblood\/#primaryimage"},"thumbnailUrl":"https:\/\/letrame.com\/catalogo\/wp-content\/uploads\/2024\/04\/redportada_tigerblood_615mm.jpg","datePublished":"2024-04-29T12:32:19+00:00","dateModified":"2024-04-29T12:32:20+00:00","breadcrumb":{"@id":"https:\/\/letrame.com\/catalogo\/producto\/tigerblood\/#breadcrumb"},"inLanguage":"es","potentialAction":[{"@type":"ReadAction","target":["https:\/\/letrame.com\/catalogo\/producto\/tigerblood\/"]}]},{"@type":"ImageObject","inLanguage":"es","@id":"https:\/\/letrame.com\/catalogo\/producto\/tigerblood\/#primaryimage","url":"https:\/\/letrame.com\/catalogo\/wp-content\/uploads\/2024\/04\/redportada_tigerblood_615mm.jpg","contentUrl":"https:\/\/letrame.com\/catalogo\/wp-content\/uploads\/2024\/04\/redportada_tigerblood_615mm.jpg","width":601,"height":881},{"@type":"BreadcrumbList","@id":"https:\/\/letrame.com\/catalogo\/producto\/tigerblood\/#breadcrumb","itemListElement":[{"@type":"ListItem","position":1,"name":"Portada","item":"https:\/\/letrame.com\/catalogo\/"},{"@type":"ListItem","position":2,"name":"Cat\u00e1logo","item":"https:\/\/letrame.com\/catalogo\/"},{"@type":"ListItem","position":3,"name":"#Tigerblood"}]},{"@type":"WebSite","@id":"https:\/\/letrame.com\/catalogo\/#website","url":"https:\/\/letrame.com\/catalogo\/","name":"Catalogo | Letrame Grupo Editorial","description":"","publisher":{"@id":"https:\/\/letrame.com\/catalogo\/#organization"},"potentialAction":[{"@type":"SearchAction","target":{"@type":"EntryPoint","urlTemplate":"https:\/\/letrame.com\/catalogo\/?s={search_term_string}"},"query-input":{"@type":"PropertyValueSpecification","valueRequired":true,"valueName":"search_term_string"}}],"inLanguage":"es"},{"@type":"Organization","@id":"https:\/\/letrame.com\/catalogo\/#organization","name":"Catalogo | Letrame Grupo Editorial","url":"https:\/\/letrame.com\/catalogo\/","logo":{"@type":"ImageObject","inLanguage":"es","@id":"https:\/\/letrame.com\/catalogo\/#\/schema\/logo\/image\/","url":"https:\/\/letrame.com\/catalogo\/wp-content\/uploads\/2024\/03\/logo2.webp","contentUrl":"https:\/\/letrame.com\/catalogo\/wp-content\/uploads\/2024\/03\/logo2.webp","width":394,"height":128,"caption":"Catalogo | Letrame Grupo Editorial"},"image":{"@id":"https:\/\/letrame.com\/catalogo\/#\/schema\/logo\/image\/"}}]}},"_links":{"self":[{"href":"https:\/\/letrame.com\/catalogo\/wp-json\/wp\/v2\/product\/97848","targetHints":{"allow":["GET"]}}],"collection":[{"href":"https:\/\/letrame.com\/catalogo\/wp-json\/wp\/v2\/product"}],"about":[{"href":"https:\/\/letrame.com\/catalogo\/wp-json\/wp\/v2\/types\/product"}],"replies":[{"embeddable":true,"href":"https:\/\/letrame.com\/catalogo\/wp-json\/wp\/v2\/comments?post=97848"}],"acf:post":[{"embeddable":true,"href":"https:\/\/letrame.com\/catalogo\/wp-json\/wp\/v2\/author_book\/76392"}],"wp:featuredmedia":[{"embeddable":true,"href":"https:\/\/letrame.com\/catalogo\/wp-json\/wp\/v2\/media\/97849"}],"wp:attachment":[{"href":"https:\/\/letrame.com\/catalogo\/wp-json\/wp\/v2\/media?parent=97848"}],"wp:term":[{"taxonomy":"libro","embeddable":true,"href":"https:\/\/letrame.com\/catalogo\/wp-json\/wp\/v2\/libro?post=97848"},{"taxonomy":"product_brand","embeddable":true,"href":"https:\/\/letrame.com\/catalogo\/wp-json\/wp\/v2\/product_brand?post=97848"},{"taxonomy":"product_cat","embeddable":true,"href":"https:\/\/letrame.com\/catalogo\/wp-json\/wp\/v2\/product_cat?post=97848"},{"taxonomy":"product_tag","embeddable":true,"href":"https:\/\/letrame.com\/catalogo\/wp-json\/wp\/v2\/product_tag?post=97848"}],"curies":[{"name":"wp","href":"https:\/\/api.w.org\/{rel}","templated":true}]}}