{"id":97823,"date":"2024-04-29T14:31:16","date_gmt":"2024-04-29T12:31:16","guid":{"rendered":"https:\/\/letrame.com\/catalogo\/producto\/el-ladron-de-cuentos-una-aventura-entre-libros\/"},"modified":"2024-04-29T14:31:24","modified_gmt":"2024-04-29T12:31:24","slug":"el-ladron-de-cuentos-una-aventura-entre-libros","status":"publish","type":"product","link":"https:\/\/letrame.com\/catalogo\/producto\/el-ladron-de-cuentos-una-aventura-entre-libros\/","title":{"rendered":"El Ladr\u00f3n de cuentos: Una Aventura entre libros"},"content":{"rendered":"<p><strong>ISBN<\/strong>:978-84-1114-918-1<\/p>\n<p><strong>T\u00edtulo<\/strong>: El Ladr\u00f3n de cuentos: Una Aventura entre libros<br \/>\n<strong>Fecha<\/strong>: 2022<br \/>\n<strong>P\u00e1ginas<\/strong>: 146<\/p>\n<p><strong>SINOPSIS<\/strong><\/p>\n<p>Un fortuito accidente en \u00abLa librer\u00eda\u00bb de Merl\u00edn nos har\u00e1 viajar hasta \u00abEl Reino m\u00e1gico de los cuento\u00bb.<\/p>\n<p>Un lugar imaginario en el que viven los cuentos. Y en el que el Eric y su t\u00eda Mary tendr\u00e1n que enfrentarse a la \u00abmagia negra\u00bb para conseguir que el Genio de <em>Aladd\u00edn<\/em>,\u00a0 el Grillo de <em>Pinocho<\/em>, el Hada Madrina de <em>Cenicienta<\/em> y muchos otros puedan regresar a sus cuentos.<br \/>\nEmb\u00e1rcate en esta fant\u00e1stica aventura y averigua qui\u00e9n hay detr\u00e1s de la extra\u00f1a desaparici\u00f3n de los cuentos.<\/p>\n<p>\u00a1Una aventura fascinante que te sorprender\u00e1<em>!<\/em><\/p>\n<p>Una historia entre libros de la mano de los personajes m\u00e1s famosos de los cuentos infantiles: Magos, Hadas, Genios y Piratas, que nos har\u00e1 comprender la importancia de \u00abla magia\u00bb que se encuentra escondida en ellos y nos revelar\u00e1 la necesidad de fomentar la lectura en los m\u00e1s peque\u00f1os.<br \/>\n\u00a1Nunca podr\u00edas haber imaginado que leer cuentos fuera tan importante!<\/p>\n<p>&nbsp;<\/p>\n","protected":false},"excerpt":{"rendered":"<p><strong>ISBN<\/strong>:978-84-1114-918-1<\/p>\n<p><strong>SINOPSIS<\/strong><\/p>\n<p>Un fortuito accidente en \u00abLa librer\u00eda\u00bb de Merl\u00edn nos har\u00e1 viajar hasta \u00abEl Reino m\u00e1gico de los cuento\u00bb.<\/p>\n<p>Un lugar imaginario en el que viven los cuentos. Y en el que el Eric y su t\u00eda Mary tendr\u00e1n que enfrentarse a la \u00abmagia negra\u00bb para conseguir que el Genio de <em>Aladd\u00edn<\/em>,\u00a0 el Grillo de <em>Pinocho<\/em>, el Hada Madrina de <em>Cenicienta<\/em> y muchos otros puedan regresar a sus cuentos.<br \/>\nEmb\u00e1rcate en esta fant\u00e1stica aventura y averigua qui\u00e9n hay detr\u00e1s de la extra\u00f1a desaparici\u00f3n de los cuentos.<\/p>\n<p>\u00a1Una aventura fascinante que te sorprender\u00e1<em>!<\/em><\/p>\n<p>Una historia entre libros de la mano de los personajes m\u00e1s famosos de los cuentos infantiles: Magos, Hadas, Genios y Piratas, que nos har\u00e1 comprender la importancia de \u00abla magia\u00bb que se encuentra escondida en ellos y nos revelar\u00e1 la necesidad de fomentar la lectura en los m\u00e1s peque\u00f1os.<br \/>\n\u00a1Nunca podr\u00edas haber imaginado que leer cuentos fuera tan importante!<\/p>\n","protected":false},"featured_media":97824,"comment_status":"closed","ping_status":"open","template":"","meta":{"_acf_changed":false},"libro":[],"product_brand":[],"product_cat":[38],"product_tag":[],"class_list":{"0":"post-97823","1":"product","2":"type-product","3":"status-publish","4":"has-post-thumbnail","6":"product_cat-narrativa-infantil","8":"first","9":"instock","10":"product-type-simple"},"acf":{"autor":[76370],"enlace_de_compra":"https:\/\/www.amazon.es\/ladr%C3%B3n-cuentos-aventura-entre-libros\/dp\/8411149188\/"},"yoast_head":"<!-- This site is optimized with the Yoast SEO plugin v26.6 - https:\/\/yoast.com\/wordpress\/plugins\/seo\/ -->\n<title>El Ladr\u00f3n de cuentos: Una Aventura entre libros - Catalogo | Letrame Grupo Editorial<\/title>\n<meta name=\"robots\" content=\"index, follow, max-snippet:-1, max-image-preview:large, max-video-preview:-1\" \/>\n<link rel=\"canonical\" href=\"https:\/\/letrame.com\/catalogo\/producto\/el-ladron-de-cuentos-una-aventura-entre-libros\/\" \/>\n<meta property=\"og:locale\" content=\"es_ES\" \/>\n<meta property=\"og:type\" content=\"article\" \/>\n<meta property=\"og:title\" content=\"El Ladr\u00f3n de cuentos: Una Aventura entre libros - Catalogo | Letrame Grupo Editorial\" \/>\n<meta property=\"og:description\" content=\"ISBN:978-84-1114-918-1 SINOPSIS Un fortuito accidente en \u00abLa librer\u00eda\u00bb de Merl\u00edn nos har\u00e1 viajar hasta \u00abEl Reino m\u00e1gico de los cuento\u00bb. Un lugar imaginario en el que viven los cuentos. Y en el que el Eric y su t\u00eda Mary tendr\u00e1n que enfrentarse a la \u00abmagia negra\u00bb para conseguir que el Genio de Aladd\u00edn,\u00a0 el Grillo de Pinocho, el Hada Madrina de Cenicienta y muchos otros puedan regresar a sus cuentos. Emb\u00e1rcate en esta fant\u00e1stica aventura y averigua qui\u00e9n hay detr\u00e1s de la extra\u00f1a desaparici\u00f3n de los cuentos. \u00a1Una aventura fascinante que te sorprender\u00e1! Una historia entre libros de la mano de los personajes m\u00e1s famosos de los cuentos infantiles: Magos, Hadas, Genios y Piratas, que nos har\u00e1 comprender la importancia de \u00abla magia\u00bb que se encuentra escondida en ellos y nos revelar\u00e1 la necesidad de fomentar la lectura en los m\u00e1s peque\u00f1os. \u00a1Nunca podr\u00edas haber imaginado que leer cuentos fuera tan importante!\" \/>\n<meta property=\"og:url\" content=\"https:\/\/letrame.com\/catalogo\/producto\/el-ladron-de-cuentos-una-aventura-entre-libros\/\" \/>\n<meta property=\"og:site_name\" content=\"Catalogo | Letrame Grupo Editorial\" \/>\n<meta property=\"article:modified_time\" content=\"2024-04-29T12:31:24+00:00\" \/>\n<meta property=\"og:image\" content=\"https:\/\/letrame.com\/catalogo\/wp-content\/uploads\/2024\/04\/redportada_elladrondecuentos_781mm.jpg\" \/>\n\t<meta property=\"og:image:width\" content=\"601\" \/>\n\t<meta property=\"og:image:height\" content=\"881\" \/>\n\t<meta property=\"og:image:type\" content=\"image\/jpeg\" \/>\n<meta name=\"twitter:card\" content=\"summary_large_image\" \/>\n<meta name=\"twitter:label1\" content=\"Tiempo de lectura\" \/>\n\t<meta name=\"twitter:data1\" content=\"1 minuto\" \/>\n<script type=\"application\/ld+json\" class=\"yoast-schema-graph\">{\"@context\":\"https:\/\/schema.org\",\"@graph\":[{\"@type\":\"WebPage\",\"@id\":\"https:\/\/letrame.com\/catalogo\/producto\/el-ladron-de-cuentos-una-aventura-entre-libros\/\",\"url\":\"https:\/\/letrame.com\/catalogo\/producto\/el-ladron-de-cuentos-una-aventura-entre-libros\/\",\"name\":\"El Ladr\u00f3n de cuentos: Una Aventura entre libros - Catalogo | Letrame Grupo Editorial\",\"isPartOf\":{\"@id\":\"https:\/\/letrame.com\/catalogo\/#website\"},\"primaryImageOfPage\":{\"@id\":\"https:\/\/letrame.com\/catalogo\/producto\/el-ladron-de-cuentos-una-aventura-entre-libros\/#primaryimage\"},\"image\":{\"@id\":\"https:\/\/letrame.com\/catalogo\/producto\/el-ladron-de-cuentos-una-aventura-entre-libros\/#primaryimage\"},\"thumbnailUrl\":\"https:\/\/letrame.com\/catalogo\/wp-content\/uploads\/2024\/04\/redportada_elladrondecuentos_781mm.jpg\",\"datePublished\":\"2024-04-29T12:31:16+00:00\",\"dateModified\":\"2024-04-29T12:31:24+00:00\",\"breadcrumb\":{\"@id\":\"https:\/\/letrame.com\/catalogo\/producto\/el-ladron-de-cuentos-una-aventura-entre-libros\/#breadcrumb\"},\"inLanguage\":\"es\",\"potentialAction\":[{\"@type\":\"ReadAction\",\"target\":[\"https:\/\/letrame.com\/catalogo\/producto\/el-ladron-de-cuentos-una-aventura-entre-libros\/\"]}]},{\"@type\":\"ImageObject\",\"inLanguage\":\"es\",\"@id\":\"https:\/\/letrame.com\/catalogo\/producto\/el-ladron-de-cuentos-una-aventura-entre-libros\/#primaryimage\",\"url\":\"https:\/\/letrame.com\/catalogo\/wp-content\/uploads\/2024\/04\/redportada_elladrondecuentos_781mm.jpg\",\"contentUrl\":\"https:\/\/letrame.com\/catalogo\/wp-content\/uploads\/2024\/04\/redportada_elladrondecuentos_781mm.jpg\",\"width\":601,\"height\":881},{\"@type\":\"BreadcrumbList\",\"@id\":\"https:\/\/letrame.com\/catalogo\/producto\/el-ladron-de-cuentos-una-aventura-entre-libros\/#breadcrumb\",\"itemListElement\":[{\"@type\":\"ListItem\",\"position\":1,\"name\":\"Portada\",\"item\":\"https:\/\/letrame.com\/catalogo\/\"},{\"@type\":\"ListItem\",\"position\":2,\"name\":\"Cat\u00e1logo\",\"item\":\"https:\/\/letrame.com\/catalogo\/\"},{\"@type\":\"ListItem\",\"position\":3,\"name\":\"El Ladr\u00f3n de cuentos: Una Aventura entre libros\"}]},{\"@type\":\"WebSite\",\"@id\":\"https:\/\/letrame.com\/catalogo\/#website\",\"url\":\"https:\/\/letrame.com\/catalogo\/\",\"name\":\"Catalogo | Letrame Grupo Editorial\",\"description\":\"\",\"publisher\":{\"@id\":\"https:\/\/letrame.com\/catalogo\/#organization\"},\"potentialAction\":[{\"@type\":\"SearchAction\",\"target\":{\"@type\":\"EntryPoint\",\"urlTemplate\":\"https:\/\/letrame.com\/catalogo\/?s={search_term_string}\"},\"query-input\":{\"@type\":\"PropertyValueSpecification\",\"valueRequired\":true,\"valueName\":\"search_term_string\"}}],\"inLanguage\":\"es\"},{\"@type\":\"Organization\",\"@id\":\"https:\/\/letrame.com\/catalogo\/#organization\",\"name\":\"Catalogo | Letrame Grupo Editorial\",\"url\":\"https:\/\/letrame.com\/catalogo\/\",\"logo\":{\"@type\":\"ImageObject\",\"inLanguage\":\"es\",\"@id\":\"https:\/\/letrame.com\/catalogo\/#\/schema\/logo\/image\/\",\"url\":\"https:\/\/letrame.com\/catalogo\/wp-content\/uploads\/2024\/03\/logo2.webp\",\"contentUrl\":\"https:\/\/letrame.com\/catalogo\/wp-content\/uploads\/2024\/03\/logo2.webp\",\"width\":394,\"height\":128,\"caption\":\"Catalogo | Letrame Grupo Editorial\"},\"image\":{\"@id\":\"https:\/\/letrame.com\/catalogo\/#\/schema\/logo\/image\/\"}}]}<\/script>\n<!-- \/ Yoast SEO plugin. -->","yoast_head_json":{"title":"El Ladr\u00f3n de cuentos: Una Aventura entre libros - Catalogo | Letrame Grupo Editorial","robots":{"index":"index","follow":"follow","max-snippet":"max-snippet:-1","max-image-preview":"max-image-preview:large","max-video-preview":"max-video-preview:-1"},"canonical":"https:\/\/letrame.com\/catalogo\/producto\/el-ladron-de-cuentos-una-aventura-entre-libros\/","og_locale":"es_ES","og_type":"article","og_title":"El Ladr\u00f3n de cuentos: Una Aventura entre libros - Catalogo | Letrame Grupo Editorial","og_description":"ISBN:978-84-1114-918-1 SINOPSIS Un fortuito accidente en \u00abLa librer\u00eda\u00bb de Merl\u00edn nos har\u00e1 viajar hasta \u00abEl Reino m\u00e1gico de los cuento\u00bb. Un lugar imaginario en el que viven los cuentos. Y en el que el Eric y su t\u00eda Mary tendr\u00e1n que enfrentarse a la \u00abmagia negra\u00bb para conseguir que el Genio de Aladd\u00edn,\u00a0 el Grillo de Pinocho, el Hada Madrina de Cenicienta y muchos otros puedan regresar a sus cuentos. Emb\u00e1rcate en esta fant\u00e1stica aventura y averigua qui\u00e9n hay detr\u00e1s de la extra\u00f1a desaparici\u00f3n de los cuentos. \u00a1Una aventura fascinante que te sorprender\u00e1! Una historia entre libros de la mano de los personajes m\u00e1s famosos de los cuentos infantiles: Magos, Hadas, Genios y Piratas, que nos har\u00e1 comprender la importancia de \u00abla magia\u00bb que se encuentra escondida en ellos y nos revelar\u00e1 la necesidad de fomentar la lectura en los m\u00e1s peque\u00f1os. \u00a1Nunca podr\u00edas haber imaginado que leer cuentos fuera tan importante!","og_url":"https:\/\/letrame.com\/catalogo\/producto\/el-ladron-de-cuentos-una-aventura-entre-libros\/","og_site_name":"Catalogo | Letrame Grupo Editorial","article_modified_time":"2024-04-29T12:31:24+00:00","og_image":[{"width":601,"height":881,"url":"https:\/\/letrame.com\/catalogo\/wp-content\/uploads\/2024\/04\/redportada_elladrondecuentos_781mm.jpg","type":"image\/jpeg"}],"twitter_card":"summary_large_image","twitter_misc":{"Tiempo de lectura":"1 minuto"},"schema":{"@context":"https:\/\/schema.org","@graph":[{"@type":"WebPage","@id":"https:\/\/letrame.com\/catalogo\/producto\/el-ladron-de-cuentos-una-aventura-entre-libros\/","url":"https:\/\/letrame.com\/catalogo\/producto\/el-ladron-de-cuentos-una-aventura-entre-libros\/","name":"El Ladr\u00f3n de cuentos: Una Aventura entre libros - Catalogo | Letrame Grupo Editorial","isPartOf":{"@id":"https:\/\/letrame.com\/catalogo\/#website"},"primaryImageOfPage":{"@id":"https:\/\/letrame.com\/catalogo\/producto\/el-ladron-de-cuentos-una-aventura-entre-libros\/#primaryimage"},"image":{"@id":"https:\/\/letrame.com\/catalogo\/producto\/el-ladron-de-cuentos-una-aventura-entre-libros\/#primaryimage"},"thumbnailUrl":"https:\/\/letrame.com\/catalogo\/wp-content\/uploads\/2024\/04\/redportada_elladrondecuentos_781mm.jpg","datePublished":"2024-04-29T12:31:16+00:00","dateModified":"2024-04-29T12:31:24+00:00","breadcrumb":{"@id":"https:\/\/letrame.com\/catalogo\/producto\/el-ladron-de-cuentos-una-aventura-entre-libros\/#breadcrumb"},"inLanguage":"es","potentialAction":[{"@type":"ReadAction","target":["https:\/\/letrame.com\/catalogo\/producto\/el-ladron-de-cuentos-una-aventura-entre-libros\/"]}]},{"@type":"ImageObject","inLanguage":"es","@id":"https:\/\/letrame.com\/catalogo\/producto\/el-ladron-de-cuentos-una-aventura-entre-libros\/#primaryimage","url":"https:\/\/letrame.com\/catalogo\/wp-content\/uploads\/2024\/04\/redportada_elladrondecuentos_781mm.jpg","contentUrl":"https:\/\/letrame.com\/catalogo\/wp-content\/uploads\/2024\/04\/redportada_elladrondecuentos_781mm.jpg","width":601,"height":881},{"@type":"BreadcrumbList","@id":"https:\/\/letrame.com\/catalogo\/producto\/el-ladron-de-cuentos-una-aventura-entre-libros\/#breadcrumb","itemListElement":[{"@type":"ListItem","position":1,"name":"Portada","item":"https:\/\/letrame.com\/catalogo\/"},{"@type":"ListItem","position":2,"name":"Cat\u00e1logo","item":"https:\/\/letrame.com\/catalogo\/"},{"@type":"ListItem","position":3,"name":"El Ladr\u00f3n de cuentos: Una Aventura entre libros"}]},{"@type":"WebSite","@id":"https:\/\/letrame.com\/catalogo\/#website","url":"https:\/\/letrame.com\/catalogo\/","name":"Catalogo | Letrame Grupo Editorial","description":"","publisher":{"@id":"https:\/\/letrame.com\/catalogo\/#organization"},"potentialAction":[{"@type":"SearchAction","target":{"@type":"EntryPoint","urlTemplate":"https:\/\/letrame.com\/catalogo\/?s={search_term_string}"},"query-input":{"@type":"PropertyValueSpecification","valueRequired":true,"valueName":"search_term_string"}}],"inLanguage":"es"},{"@type":"Organization","@id":"https:\/\/letrame.com\/catalogo\/#organization","name":"Catalogo | Letrame Grupo Editorial","url":"https:\/\/letrame.com\/catalogo\/","logo":{"@type":"ImageObject","inLanguage":"es","@id":"https:\/\/letrame.com\/catalogo\/#\/schema\/logo\/image\/","url":"https:\/\/letrame.com\/catalogo\/wp-content\/uploads\/2024\/03\/logo2.webp","contentUrl":"https:\/\/letrame.com\/catalogo\/wp-content\/uploads\/2024\/03\/logo2.webp","width":394,"height":128,"caption":"Catalogo | Letrame Grupo Editorial"},"image":{"@id":"https:\/\/letrame.com\/catalogo\/#\/schema\/logo\/image\/"}}]}},"_links":{"self":[{"href":"https:\/\/letrame.com\/catalogo\/wp-json\/wp\/v2\/product\/97823","targetHints":{"allow":["GET"]}}],"collection":[{"href":"https:\/\/letrame.com\/catalogo\/wp-json\/wp\/v2\/product"}],"about":[{"href":"https:\/\/letrame.com\/catalogo\/wp-json\/wp\/v2\/types\/product"}],"replies":[{"embeddable":true,"href":"https:\/\/letrame.com\/catalogo\/wp-json\/wp\/v2\/comments?post=97823"}],"acf:post":[{"embeddable":true,"href":"https:\/\/letrame.com\/catalogo\/wp-json\/wp\/v2\/author_book\/76370"}],"wp:featuredmedia":[{"embeddable":true,"href":"https:\/\/letrame.com\/catalogo\/wp-json\/wp\/v2\/media\/97824"}],"wp:attachment":[{"href":"https:\/\/letrame.com\/catalogo\/wp-json\/wp\/v2\/media?parent=97823"}],"wp:term":[{"taxonomy":"libro","embeddable":true,"href":"https:\/\/letrame.com\/catalogo\/wp-json\/wp\/v2\/libro?post=97823"},{"taxonomy":"product_brand","embeddable":true,"href":"https:\/\/letrame.com\/catalogo\/wp-json\/wp\/v2\/product_brand?post=97823"},{"taxonomy":"product_cat","embeddable":true,"href":"https:\/\/letrame.com\/catalogo\/wp-json\/wp\/v2\/product_cat?post=97823"},{"taxonomy":"product_tag","embeddable":true,"href":"https:\/\/letrame.com\/catalogo\/wp-json\/wp\/v2\/product_tag?post=97823"}],"curies":[{"name":"wp","href":"https:\/\/api.w.org\/{rel}","templated":true}]}}