{"id":97817,"date":"2024-04-29T14:30:55","date_gmt":"2024-04-29T12:30:55","guid":{"rendered":"https:\/\/letrame.com\/catalogo\/producto\/cuatro\/"},"modified":"2024-08-13T10:06:42","modified_gmt":"2024-08-13T08:06:42","slug":"cuatro","status":"publish","type":"product","link":"https:\/\/letrame.com\/catalogo\/producto\/cuatro\/","title":{"rendered":"Cuatro"},"content":{"rendered":"<p><strong>ISBN<\/strong>:978-84-1114-903-7<\/p>\n<p><strong>T\u00edtulo<\/strong>: Cuatro<br \/>\n<strong>Fecha<\/strong>: 2022<br \/>\n<strong>P\u00e1ginas<\/strong>: 192<\/p>\n<p><strong>SINOPSIS<\/strong><\/p>\n<p><em>Cuatro<\/em>, obra entre el ensayo y la poes\u00eda, es un manifiesto que reivindica la recuperaci\u00f3n de los saberes teotihuacanos. El autor defiende que el retorno a este modo de pensar ancestral podr\u00eda serle de utilidad al pueblo mexicano en el momento contempor\u00e1neo tanto a la hora de esclarecer su identidad como grupo social, como en la vida personal de los individuos que lo conforman, para alcanzar un bienestar que se ha negado a s\u00ed mismo durante siglos.<\/p>\n<p>El t\u00edtulo hace referencia a los cuatro lados de la base de una pir\u00e1mide, que simbolizan los cuatro or\u00edgenes del pensamiento. Con un lenguaje claro y directo, a menudo po\u00e9tico, el autor nos gu\u00eda en el ascenso de esta pir\u00e1mide, que busca hacer confluir sus cuatro vertientes en la cumbre donde el ser humano alcanza por fin la consciencia suprema de s\u00ed mismo: como parte de una colectividad, y como eslab\u00f3n que conecta pasado y futuro.<\/p>\n","protected":false},"excerpt":{"rendered":"<p><strong>ISBN<\/strong>:978-84-1114-903-7<\/p>\n<p><strong>SINOPSIS<\/strong><\/p>\n<p><em>Cuatro<\/em>, obra entre el ensayo y la poes\u00eda, es un manifiesto que reivindica la recuperaci\u00f3n de los saberes teotihuacanos. El autor defiende que el retorno a este modo de pensar ancestral podr\u00eda serle de utilidad al pueblo mexicano en el momento contempor\u00e1neo tanto a la hora de esclarecer su identidad como grupo social, como en la vida personal de los individuos que lo conforman, para alcanzar un bienestar que se ha negado a s\u00ed mismo durante siglos.<\/p>\n<p>El t\u00edtulo hace referencia a los cuatro lados de la base de una pir\u00e1mide, que simbolizan los cuatro or\u00edgenes del pensamiento. Con un lenguaje claro y directo, a menudo po\u00e9tico, el autor nos gu\u00eda en el ascenso de esta pir\u00e1mide, que busca hacer confluir sus cuatro vertientes en la cumbre donde el ser humano alcanza por fin la consciencia suprema de s\u00ed mismo: como parte de una colectividad, y como eslab\u00f3n que conecta pasado y futuro.<\/p>\n","protected":false},"featured_media":97818,"comment_status":"closed","ping_status":"closed","template":"","meta":{"_acf_changed":false},"libro":[],"product_brand":[],"product_cat":[23,20],"product_tag":[],"class_list":{"0":"post-97817","1":"product","2":"type-product","3":"status-publish","4":"has-post-thumbnail","6":"product_cat-ensayos","7":"product_cat-poesia","9":"first","10":"instock","11":"product-type-simple"},"acf":{"autor":[77138],"enlace_de_compra":"https:\/\/amzn.to\/3WLFrKc"},"yoast_head":"<!-- This site is optimized with the Yoast SEO plugin v27.4 - https:\/\/yoast.com\/product\/yoast-seo-wordpress\/ -->\n<title>Cuatro - Catalogo | Letrame Grupo Editorial<\/title>\n<meta name=\"robots\" content=\"index, follow, max-snippet:-1, max-image-preview:large, max-video-preview:-1\" \/>\n<link rel=\"canonical\" href=\"https:\/\/letrame.com\/catalogo\/producto\/cuatro\/\" \/>\n<meta property=\"og:locale\" content=\"es_ES\" \/>\n<meta property=\"og:type\" content=\"article\" \/>\n<meta property=\"og:title\" content=\"Cuatro - Catalogo | Letrame Grupo Editorial\" \/>\n<meta property=\"og:description\" content=\"ISBN:978-84-1114-903-7  SINOPSIS  Cuatro, obra entre el ensayo y la poes\u00eda, es un manifiesto que reivindica la recuperaci\u00f3n de los saberes teotihuacanos. El autor defiende que el retorno a este modo de pensar ancestral podr\u00eda serle de utilidad al pueblo mexicano en el momento contempor\u00e1neo tanto a la hora de esclarecer su identidad como grupo social, como en la vida personal de los individuos que lo conforman, para alcanzar un bienestar que se ha negado a s\u00ed mismo durante siglos.  El t\u00edtulo hace referencia a los cuatro lados de la base de una pir\u00e1mide, que simbolizan los cuatro or\u00edgenes del pensamiento. Con un lenguaje claro y directo, a menudo po\u00e9tico, el autor nos gu\u00eda en el ascenso de esta pir\u00e1mide, que busca hacer confluir sus cuatro vertientes en la cumbre donde el ser humano alcanza por fin la consciencia suprema de s\u00ed mismo: como parte de una colectividad, y como eslab\u00f3n que conecta pasado y futuro.\" \/>\n<meta property=\"og:url\" content=\"https:\/\/letrame.com\/catalogo\/producto\/cuatro\/\" \/>\n<meta property=\"og:site_name\" content=\"Catalogo | Letrame Grupo Editorial\" \/>\n<meta property=\"article:modified_time\" content=\"2024-08-13T08:06:42+00:00\" \/>\n<meta property=\"og:image\" content=\"https:\/\/letrame.com\/catalogo\/wp-content\/uploads\/2024\/04\/redportada_cuatro_996mm.jpg\" \/>\n\t<meta property=\"og:image:width\" content=\"601\" \/>\n\t<meta property=\"og:image:height\" content=\"881\" \/>\n\t<meta property=\"og:image:type\" content=\"image\/jpeg\" \/>\n<meta name=\"twitter:card\" content=\"summary_large_image\" \/>\n<meta name=\"twitter:label1\" content=\"Tiempo de lectura\" \/>\n\t<meta name=\"twitter:data1\" content=\"1 minuto\" \/>\n<script type=\"application\/ld+json\" class=\"yoast-schema-graph\">{\"@context\":\"https:\\\/\\\/schema.org\",\"@graph\":[{\"@type\":\"WebPage\",\"@id\":\"https:\\\/\\\/letrame.com\\\/catalogo\\\/producto\\\/cuatro\\\/\",\"url\":\"https:\\\/\\\/letrame.com\\\/catalogo\\\/producto\\\/cuatro\\\/\",\"name\":\"Cuatro - Catalogo | Letrame Grupo Editorial\",\"isPartOf\":{\"@id\":\"https:\\\/\\\/letrame.com\\\/catalogo\\\/#website\"},\"primaryImageOfPage\":{\"@id\":\"https:\\\/\\\/letrame.com\\\/catalogo\\\/producto\\\/cuatro\\\/#primaryimage\"},\"image\":{\"@id\":\"https:\\\/\\\/letrame.com\\\/catalogo\\\/producto\\\/cuatro\\\/#primaryimage\"},\"thumbnailUrl\":\"https:\\\/\\\/letrame.com\\\/catalogo\\\/wp-content\\\/uploads\\\/2024\\\/04\\\/redportada_cuatro_996mm.jpg\",\"datePublished\":\"2024-04-29T12:30:55+00:00\",\"dateModified\":\"2024-08-13T08:06:42+00:00\",\"breadcrumb\":{\"@id\":\"https:\\\/\\\/letrame.com\\\/catalogo\\\/producto\\\/cuatro\\\/#breadcrumb\"},\"inLanguage\":\"es\",\"potentialAction\":[{\"@type\":\"ReadAction\",\"target\":[\"https:\\\/\\\/letrame.com\\\/catalogo\\\/producto\\\/cuatro\\\/\"]}]},{\"@type\":\"ImageObject\",\"inLanguage\":\"es\",\"@id\":\"https:\\\/\\\/letrame.com\\\/catalogo\\\/producto\\\/cuatro\\\/#primaryimage\",\"url\":\"https:\\\/\\\/letrame.com\\\/catalogo\\\/wp-content\\\/uploads\\\/2024\\\/04\\\/redportada_cuatro_996mm.jpg\",\"contentUrl\":\"https:\\\/\\\/letrame.com\\\/catalogo\\\/wp-content\\\/uploads\\\/2024\\\/04\\\/redportada_cuatro_996mm.jpg\",\"width\":601,\"height\":881},{\"@type\":\"BreadcrumbList\",\"@id\":\"https:\\\/\\\/letrame.com\\\/catalogo\\\/producto\\\/cuatro\\\/#breadcrumb\",\"itemListElement\":[{\"@type\":\"ListItem\",\"position\":1,\"name\":\"Portada\",\"item\":\"https:\\\/\\\/letrame.com\\\/catalogo\\\/\"},{\"@type\":\"ListItem\",\"position\":2,\"name\":\"Cat\u00e1logo\",\"item\":\"https:\\\/\\\/letrame.com\\\/catalogo\\\/\"},{\"@type\":\"ListItem\",\"position\":3,\"name\":\"Cuatro\"}]},{\"@type\":\"WebSite\",\"@id\":\"https:\\\/\\\/letrame.com\\\/catalogo\\\/#website\",\"url\":\"https:\\\/\\\/letrame.com\\\/catalogo\\\/\",\"name\":\"Catalogo | Letrame Grupo Editorial\",\"description\":\"\",\"publisher\":{\"@id\":\"https:\\\/\\\/letrame.com\\\/catalogo\\\/#organization\"},\"potentialAction\":[{\"@type\":\"SearchAction\",\"target\":{\"@type\":\"EntryPoint\",\"urlTemplate\":\"https:\\\/\\\/letrame.com\\\/catalogo\\\/?s={search_term_string}\"},\"query-input\":{\"@type\":\"PropertyValueSpecification\",\"valueRequired\":true,\"valueName\":\"search_term_string\"}}],\"inLanguage\":\"es\"},{\"@type\":\"Organization\",\"@id\":\"https:\\\/\\\/letrame.com\\\/catalogo\\\/#organization\",\"name\":\"Catalogo | Letrame Grupo Editorial\",\"url\":\"https:\\\/\\\/letrame.com\\\/catalogo\\\/\",\"logo\":{\"@type\":\"ImageObject\",\"inLanguage\":\"es\",\"@id\":\"https:\\\/\\\/letrame.com\\\/catalogo\\\/#\\\/schema\\\/logo\\\/image\\\/\",\"url\":\"https:\\\/\\\/letrame.com\\\/catalogo\\\/wp-content\\\/uploads\\\/2024\\\/03\\\/logo2.webp\",\"contentUrl\":\"https:\\\/\\\/letrame.com\\\/catalogo\\\/wp-content\\\/uploads\\\/2024\\\/03\\\/logo2.webp\",\"width\":394,\"height\":128,\"caption\":\"Catalogo | Letrame Grupo Editorial\"},\"image\":{\"@id\":\"https:\\\/\\\/letrame.com\\\/catalogo\\\/#\\\/schema\\\/logo\\\/image\\\/\"}}]}<\/script>\n<!-- \/ Yoast SEO plugin. -->","yoast_head_json":{"title":"Cuatro - Catalogo | Letrame Grupo Editorial","robots":{"index":"index","follow":"follow","max-snippet":"max-snippet:-1","max-image-preview":"max-image-preview:large","max-video-preview":"max-video-preview:-1"},"canonical":"https:\/\/letrame.com\/catalogo\/producto\/cuatro\/","og_locale":"es_ES","og_type":"article","og_title":"Cuatro - Catalogo | Letrame Grupo Editorial","og_description":"ISBN:978-84-1114-903-7  SINOPSIS  Cuatro, obra entre el ensayo y la poes\u00eda, es un manifiesto que reivindica la recuperaci\u00f3n de los saberes teotihuacanos. El autor defiende que el retorno a este modo de pensar ancestral podr\u00eda serle de utilidad al pueblo mexicano en el momento contempor\u00e1neo tanto a la hora de esclarecer su identidad como grupo social, como en la vida personal de los individuos que lo conforman, para alcanzar un bienestar que se ha negado a s\u00ed mismo durante siglos.  El t\u00edtulo hace referencia a los cuatro lados de la base de una pir\u00e1mide, que simbolizan los cuatro or\u00edgenes del pensamiento. Con un lenguaje claro y directo, a menudo po\u00e9tico, el autor nos gu\u00eda en el ascenso de esta pir\u00e1mide, que busca hacer confluir sus cuatro vertientes en la cumbre donde el ser humano alcanza por fin la consciencia suprema de s\u00ed mismo: como parte de una colectividad, y como eslab\u00f3n que conecta pasado y futuro.","og_url":"https:\/\/letrame.com\/catalogo\/producto\/cuatro\/","og_site_name":"Catalogo | Letrame Grupo Editorial","article_modified_time":"2024-08-13T08:06:42+00:00","og_image":[{"width":601,"height":881,"url":"https:\/\/letrame.com\/catalogo\/wp-content\/uploads\/2024\/04\/redportada_cuatro_996mm.jpg","type":"image\/jpeg"}],"twitter_card":"summary_large_image","twitter_misc":{"Tiempo de lectura":"1 minuto"},"schema":{"@context":"https:\/\/schema.org","@graph":[{"@type":"WebPage","@id":"https:\/\/letrame.com\/catalogo\/producto\/cuatro\/","url":"https:\/\/letrame.com\/catalogo\/producto\/cuatro\/","name":"Cuatro - Catalogo | Letrame Grupo Editorial","isPartOf":{"@id":"https:\/\/letrame.com\/catalogo\/#website"},"primaryImageOfPage":{"@id":"https:\/\/letrame.com\/catalogo\/producto\/cuatro\/#primaryimage"},"image":{"@id":"https:\/\/letrame.com\/catalogo\/producto\/cuatro\/#primaryimage"},"thumbnailUrl":"https:\/\/letrame.com\/catalogo\/wp-content\/uploads\/2024\/04\/redportada_cuatro_996mm.jpg","datePublished":"2024-04-29T12:30:55+00:00","dateModified":"2024-08-13T08:06:42+00:00","breadcrumb":{"@id":"https:\/\/letrame.com\/catalogo\/producto\/cuatro\/#breadcrumb"},"inLanguage":"es","potentialAction":[{"@type":"ReadAction","target":["https:\/\/letrame.com\/catalogo\/producto\/cuatro\/"]}]},{"@type":"ImageObject","inLanguage":"es","@id":"https:\/\/letrame.com\/catalogo\/producto\/cuatro\/#primaryimage","url":"https:\/\/letrame.com\/catalogo\/wp-content\/uploads\/2024\/04\/redportada_cuatro_996mm.jpg","contentUrl":"https:\/\/letrame.com\/catalogo\/wp-content\/uploads\/2024\/04\/redportada_cuatro_996mm.jpg","width":601,"height":881},{"@type":"BreadcrumbList","@id":"https:\/\/letrame.com\/catalogo\/producto\/cuatro\/#breadcrumb","itemListElement":[{"@type":"ListItem","position":1,"name":"Portada","item":"https:\/\/letrame.com\/catalogo\/"},{"@type":"ListItem","position":2,"name":"Cat\u00e1logo","item":"https:\/\/letrame.com\/catalogo\/"},{"@type":"ListItem","position":3,"name":"Cuatro"}]},{"@type":"WebSite","@id":"https:\/\/letrame.com\/catalogo\/#website","url":"https:\/\/letrame.com\/catalogo\/","name":"Catalogo | Letrame Grupo Editorial","description":"","publisher":{"@id":"https:\/\/letrame.com\/catalogo\/#organization"},"potentialAction":[{"@type":"SearchAction","target":{"@type":"EntryPoint","urlTemplate":"https:\/\/letrame.com\/catalogo\/?s={search_term_string}"},"query-input":{"@type":"PropertyValueSpecification","valueRequired":true,"valueName":"search_term_string"}}],"inLanguage":"es"},{"@type":"Organization","@id":"https:\/\/letrame.com\/catalogo\/#organization","name":"Catalogo | Letrame Grupo Editorial","url":"https:\/\/letrame.com\/catalogo\/","logo":{"@type":"ImageObject","inLanguage":"es","@id":"https:\/\/letrame.com\/catalogo\/#\/schema\/logo\/image\/","url":"https:\/\/letrame.com\/catalogo\/wp-content\/uploads\/2024\/03\/logo2.webp","contentUrl":"https:\/\/letrame.com\/catalogo\/wp-content\/uploads\/2024\/03\/logo2.webp","width":394,"height":128,"caption":"Catalogo | Letrame Grupo Editorial"},"image":{"@id":"https:\/\/letrame.com\/catalogo\/#\/schema\/logo\/image\/"}}]}},"_links":{"self":[{"href":"https:\/\/letrame.com\/catalogo\/wp-json\/wp\/v2\/product\/97817","targetHints":{"allow":["GET"]}}],"collection":[{"href":"https:\/\/letrame.com\/catalogo\/wp-json\/wp\/v2\/product"}],"about":[{"href":"https:\/\/letrame.com\/catalogo\/wp-json\/wp\/v2\/types\/product"}],"replies":[{"embeddable":true,"href":"https:\/\/letrame.com\/catalogo\/wp-json\/wp\/v2\/comments?post=97817"}],"acf:post":[{"embeddable":true,"href":"https:\/\/letrame.com\/catalogo\/wp-json\/wp\/v2\/author_book\/77138"}],"wp:featuredmedia":[{"embeddable":true,"href":"https:\/\/letrame.com\/catalogo\/wp-json\/wp\/v2\/media\/97818"}],"wp:attachment":[{"href":"https:\/\/letrame.com\/catalogo\/wp-json\/wp\/v2\/media?parent=97817"}],"wp:term":[{"taxonomy":"libro","embeddable":true,"href":"https:\/\/letrame.com\/catalogo\/wp-json\/wp\/v2\/libro?post=97817"},{"taxonomy":"product_brand","embeddable":true,"href":"https:\/\/letrame.com\/catalogo\/wp-json\/wp\/v2\/product_brand?post=97817"},{"taxonomy":"product_cat","embeddable":true,"href":"https:\/\/letrame.com\/catalogo\/wp-json\/wp\/v2\/product_cat?post=97817"},{"taxonomy":"product_tag","embeddable":true,"href":"https:\/\/letrame.com\/catalogo\/wp-json\/wp\/v2\/product_tag?post=97817"}],"curies":[{"name":"wp","href":"https:\/\/api.w.org\/{rel}","templated":true}]}}