{"id":97808,"date":"2024-04-29T14:30:47","date_gmt":"2024-04-29T12:30:47","guid":{"rendered":"https:\/\/letrame.com\/catalogo\/producto\/autoestima-culpas\/"},"modified":"2024-04-29T14:30:47","modified_gmt":"2024-04-29T12:30:47","slug":"autoestima-culpas","status":"publish","type":"product","link":"https:\/\/letrame.com\/catalogo\/producto\/autoestima-culpas\/","title":{"rendered":"&#8216;+Autoestima -Culpas"},"content":{"rendered":"<p><strong>ISBN<\/strong>:978-84-1114-896-2<\/p>\n<p><strong>T\u00edtulo<\/strong>:+Autoestima &#8211; Culpas<\/p>\n<p><strong>Fecha<\/strong>: 2022<br \/>\n<strong>P\u00e1ginas<\/strong>: 174<\/p>\n<p><strong>SINOPSIS<\/strong><\/p>\n<p>&nbsp;<\/p>\n<p><strong>La primera vez que el Dalai Lama visit\u00f3 EE.UU. en una entrevista le preguntaron<em> \u201c\u00bfqu\u00e9 mensaje le dar\u00eda a las personas que tienen baja autoestima?\u201d <\/em>A lo que \u00e9l respondi\u00f3 muy sorprendido<em> \u201c\u00bfes que hay personas que no se aman a s\u00ed mismas?\u201d<\/em><\/strong><\/p>\n<p>Tenemos todo para sentirnos plenos y realizados, hoy m\u00e1s que nunca disponemos de recursos en abundancia y de informaci\u00f3n casi inagotable, pero desde que nacemos vamos siendo <em>programados<\/em> para rechazarnos, desvalorizarnos, juzgarnos, despreciarnos y prestar m\u00e1s atenci\u00f3n a lo que hay fuera y lo que otros dicen y opinan de nosotros que a amarnos a nosotros mismos y autocuidarnos.<\/p>\n<p><em>+Autoestima -Culpas<\/em> es un <em>manual de autoterapia<\/em> que te guiar\u00e1 por el camino del amor propio, la aceptaci\u00f3n, el respeto y la valoraci\u00f3n de ti mismo(a). A trav\u00e9s de los ejercicios que te propone en cada cap\u00edtulo, descubrir\u00e1s c\u00f3mo vaciar la mochila de culpas y hacer emerger ese poder que siempre ha estado en ti, pero que creencias, miedos y culpas te imped\u00edan verlo y mucho menos creerlo.<\/p>\n<p>En este libro, Pamela Jara G\u00f3mez da una serie de claves y tips para el empoderamiento personal pero va un poco m\u00e1s all\u00e1 y te propone rescatar tus sue\u00f1os y que te animes a ir tras ellos, a fijarte metas y objetivos para una transformaci\u00f3n total de tu vida. Un tema del que ella habla desde su propia experiencia tras haberse reinventado tres veces desde cero.<\/p>\n<p>&nbsp;<\/p>\n","protected":false},"excerpt":{"rendered":"<p><strong>ISBN<\/strong>:978-84-1114-896-2<\/p>\n<p><strong>SINOPSIS<\/strong><\/p>\n<p><strong>La primera vez que el Dalai Lama visit\u00f3 EE.UU. en una entrevista le preguntaron<em> \u201c\u00bfqu\u00e9 mensaje le dar\u00eda a las personas que tienen baja autoestima?\u201d <\/em>A lo que \u00e9l respondi\u00f3 muy sorprendido<em> \u201c\u00bfes que hay personas que no se aman a s\u00ed mismas?\u201d<\/em><\/strong><\/p>\n<p>Tenemos todo para sentirnos plenos y realizados, hoy m\u00e1s que nunca disponemos de recursos en abundancia y de informaci\u00f3n casi inagotable, pero desde que nacemos vamos siendo <em>programados<\/em> para rechazarnos, desvalorizarnos, juzgarnos, despreciarnos y prestar m\u00e1s atenci\u00f3n a lo que hay fuera y lo que otros dicen y opinan de nosotros que a amarnos a nosotros mismos y autocuidarnos.<\/p>\n<p><em>+Autoestima -Culpas<\/em> es un <em>manual de autoterapia<\/em> que te guiar\u00e1 por el camino del amor propio, la aceptaci\u00f3n, el respeto y la valoraci\u00f3n de ti mismo(a). A trav\u00e9s de los ejercicios que te propone en cada cap\u00edtulo, descubrir\u00e1s c\u00f3mo vaciar la mochila de culpas y hacer emerger ese poder que siempre ha estado en ti, pero que creencias, miedos y culpas te imped\u00edan verlo y mucho menos creerlo.<\/p>\n<p>En este libro, Pamela Jara G\u00f3mez da una serie de claves y tips para el empoderamiento personal pero va un poco m\u00e1s all\u00e1 y te propone rescatar tus sue\u00f1os y que te animes a ir tras ellos, a fijarte metas y objetivos para una transformaci\u00f3n total de tu vida. Un tema del que ella habla desde su propia experiencia tras haberse reinventado tres veces desde cero.<\/p>\n","protected":false},"featured_media":97809,"comment_status":"closed","ping_status":"open","template":"","meta":{"_acf_changed":false},"libro":[],"product_brand":[],"product_cat":[18],"product_tag":[],"class_list":{"0":"post-97808","1":"product","2":"type-product","3":"status-publish","4":"has-post-thumbnail","6":"product_cat-autoayuda","8":"first","9":"instock","10":"product-type-simple"},"acf":{"autor":[76360],"enlace_de_compra":"https:\/\/www.amazon.es\/Autoestima-culpas-autoterapia-empoderamiento-personal\/dp\/8411148963\/"},"yoast_head":"<!-- This site is optimized with the Yoast SEO plugin v26.6 - https:\/\/yoast.com\/wordpress\/plugins\/seo\/ -->\n<title>&#039;+Autoestima -Culpas - Catalogo | Letrame Grupo Editorial<\/title>\n<meta name=\"robots\" content=\"index, follow, max-snippet:-1, max-image-preview:large, max-video-preview:-1\" \/>\n<link rel=\"canonical\" href=\"https:\/\/letrame.com\/catalogo\/producto\/autoestima-culpas\/\" \/>\n<meta property=\"og:locale\" content=\"es_ES\" \/>\n<meta property=\"og:type\" content=\"article\" \/>\n<meta property=\"og:title\" content=\"&#039;+Autoestima -Culpas - Catalogo | Letrame Grupo Editorial\" \/>\n<meta property=\"og:description\" content=\"ISBN:978-84-1114-896-2 SINOPSIS La primera vez que el Dalai Lama visit\u00f3 EE.UU. en una entrevista le preguntaron \u201c\u00bfqu\u00e9 mensaje le dar\u00eda a las personas que tienen baja autoestima?\u201d A lo que \u00e9l respondi\u00f3 muy sorprendido \u201c\u00bfes que hay personas que no se aman a s\u00ed mismas?\u201d Tenemos todo para sentirnos plenos y realizados, hoy m\u00e1s que nunca disponemos de recursos en abundancia y de informaci\u00f3n casi inagotable, pero desde que nacemos vamos siendo programados para rechazarnos, desvalorizarnos, juzgarnos, despreciarnos y prestar m\u00e1s atenci\u00f3n a lo que hay fuera y lo que otros dicen y opinan de nosotros que a amarnos a nosotros mismos y autocuidarnos. +Autoestima -Culpas es un manual de autoterapia que te guiar\u00e1 por el camino del amor propio, la aceptaci\u00f3n, el respeto y la valoraci\u00f3n de ti mismo(a). A trav\u00e9s de los ejercicios que te propone en cada cap\u00edtulo, descubrir\u00e1s c\u00f3mo vaciar la mochila de culpas y hacer emerger ese poder que siempre ha estado en ti, pero que creencias, miedos y culpas te imped\u00edan verlo y mucho menos creerlo. En este libro, Pamela Jara G\u00f3mez da una serie de claves y tips para el empoderamiento personal pero va un poco m\u00e1s all\u00e1 y te propone rescatar tus sue\u00f1os y que te animes a ir tras ellos, a fijarte metas y objetivos para una transformaci\u00f3n total de tu vida. Un tema del que ella habla desde su propia experiencia tras haberse reinventado tres veces desde cero.\" \/>\n<meta property=\"og:url\" content=\"https:\/\/letrame.com\/catalogo\/producto\/autoestima-culpas\/\" \/>\n<meta property=\"og:site_name\" content=\"Catalogo | Letrame Grupo Editorial\" \/>\n<meta property=\"og:image\" content=\"https:\/\/letrame.com\/catalogo\/wp-content\/uploads\/2024\/04\/redportada_autoestima_91mm.jpg\" \/>\n\t<meta property=\"og:image:width\" content=\"601\" \/>\n\t<meta property=\"og:image:height\" content=\"881\" \/>\n\t<meta property=\"og:image:type\" content=\"image\/jpeg\" \/>\n<meta name=\"twitter:card\" content=\"summary_large_image\" \/>\n<meta name=\"twitter:label1\" content=\"Tiempo de lectura\" \/>\n\t<meta name=\"twitter:data1\" content=\"1 minuto\" \/>\n<script type=\"application\/ld+json\" class=\"yoast-schema-graph\">{\"@context\":\"https:\/\/schema.org\",\"@graph\":[{\"@type\":\"WebPage\",\"@id\":\"https:\/\/letrame.com\/catalogo\/producto\/autoestima-culpas\/\",\"url\":\"https:\/\/letrame.com\/catalogo\/producto\/autoestima-culpas\/\",\"name\":\"'+Autoestima -Culpas - Catalogo | Letrame Grupo Editorial\",\"isPartOf\":{\"@id\":\"https:\/\/letrame.com\/catalogo\/#website\"},\"primaryImageOfPage\":{\"@id\":\"https:\/\/letrame.com\/catalogo\/producto\/autoestima-culpas\/#primaryimage\"},\"image\":{\"@id\":\"https:\/\/letrame.com\/catalogo\/producto\/autoestima-culpas\/#primaryimage\"},\"thumbnailUrl\":\"https:\/\/letrame.com\/catalogo\/wp-content\/uploads\/2024\/04\/redportada_autoestima_91mm.jpg\",\"datePublished\":\"2024-04-29T12:30:47+00:00\",\"breadcrumb\":{\"@id\":\"https:\/\/letrame.com\/catalogo\/producto\/autoestima-culpas\/#breadcrumb\"},\"inLanguage\":\"es\",\"potentialAction\":[{\"@type\":\"ReadAction\",\"target\":[\"https:\/\/letrame.com\/catalogo\/producto\/autoestima-culpas\/\"]}]},{\"@type\":\"ImageObject\",\"inLanguage\":\"es\",\"@id\":\"https:\/\/letrame.com\/catalogo\/producto\/autoestima-culpas\/#primaryimage\",\"url\":\"https:\/\/letrame.com\/catalogo\/wp-content\/uploads\/2024\/04\/redportada_autoestima_91mm.jpg\",\"contentUrl\":\"https:\/\/letrame.com\/catalogo\/wp-content\/uploads\/2024\/04\/redportada_autoestima_91mm.jpg\",\"width\":601,\"height\":881},{\"@type\":\"BreadcrumbList\",\"@id\":\"https:\/\/letrame.com\/catalogo\/producto\/autoestima-culpas\/#breadcrumb\",\"itemListElement\":[{\"@type\":\"ListItem\",\"position\":1,\"name\":\"Portada\",\"item\":\"https:\/\/letrame.com\/catalogo\/\"},{\"@type\":\"ListItem\",\"position\":2,\"name\":\"Cat\u00e1logo\",\"item\":\"https:\/\/letrame.com\/catalogo\/\"},{\"@type\":\"ListItem\",\"position\":3,\"name\":\"&#8216;+Autoestima -Culpas\"}]},{\"@type\":\"WebSite\",\"@id\":\"https:\/\/letrame.com\/catalogo\/#website\",\"url\":\"https:\/\/letrame.com\/catalogo\/\",\"name\":\"Catalogo | Letrame Grupo Editorial\",\"description\":\"\",\"publisher\":{\"@id\":\"https:\/\/letrame.com\/catalogo\/#organization\"},\"potentialAction\":[{\"@type\":\"SearchAction\",\"target\":{\"@type\":\"EntryPoint\",\"urlTemplate\":\"https:\/\/letrame.com\/catalogo\/?s={search_term_string}\"},\"query-input\":{\"@type\":\"PropertyValueSpecification\",\"valueRequired\":true,\"valueName\":\"search_term_string\"}}],\"inLanguage\":\"es\"},{\"@type\":\"Organization\",\"@id\":\"https:\/\/letrame.com\/catalogo\/#organization\",\"name\":\"Catalogo | Letrame Grupo Editorial\",\"url\":\"https:\/\/letrame.com\/catalogo\/\",\"logo\":{\"@type\":\"ImageObject\",\"inLanguage\":\"es\",\"@id\":\"https:\/\/letrame.com\/catalogo\/#\/schema\/logo\/image\/\",\"url\":\"https:\/\/letrame.com\/catalogo\/wp-content\/uploads\/2024\/03\/logo2.webp\",\"contentUrl\":\"https:\/\/letrame.com\/catalogo\/wp-content\/uploads\/2024\/03\/logo2.webp\",\"width\":394,\"height\":128,\"caption\":\"Catalogo | Letrame Grupo Editorial\"},\"image\":{\"@id\":\"https:\/\/letrame.com\/catalogo\/#\/schema\/logo\/image\/\"}}]}<\/script>\n<!-- \/ Yoast SEO plugin. -->","yoast_head_json":{"title":"'+Autoestima -Culpas - Catalogo | Letrame Grupo Editorial","robots":{"index":"index","follow":"follow","max-snippet":"max-snippet:-1","max-image-preview":"max-image-preview:large","max-video-preview":"max-video-preview:-1"},"canonical":"https:\/\/letrame.com\/catalogo\/producto\/autoestima-culpas\/","og_locale":"es_ES","og_type":"article","og_title":"'+Autoestima -Culpas - Catalogo | Letrame Grupo Editorial","og_description":"ISBN:978-84-1114-896-2 SINOPSIS La primera vez que el Dalai Lama visit\u00f3 EE.UU. en una entrevista le preguntaron \u201c\u00bfqu\u00e9 mensaje le dar\u00eda a las personas que tienen baja autoestima?\u201d A lo que \u00e9l respondi\u00f3 muy sorprendido \u201c\u00bfes que hay personas que no se aman a s\u00ed mismas?\u201d Tenemos todo para sentirnos plenos y realizados, hoy m\u00e1s que nunca disponemos de recursos en abundancia y de informaci\u00f3n casi inagotable, pero desde que nacemos vamos siendo programados para rechazarnos, desvalorizarnos, juzgarnos, despreciarnos y prestar m\u00e1s atenci\u00f3n a lo que hay fuera y lo que otros dicen y opinan de nosotros que a amarnos a nosotros mismos y autocuidarnos. +Autoestima -Culpas es un manual de autoterapia que te guiar\u00e1 por el camino del amor propio, la aceptaci\u00f3n, el respeto y la valoraci\u00f3n de ti mismo(a). A trav\u00e9s de los ejercicios que te propone en cada cap\u00edtulo, descubrir\u00e1s c\u00f3mo vaciar la mochila de culpas y hacer emerger ese poder que siempre ha estado en ti, pero que creencias, miedos y culpas te imped\u00edan verlo y mucho menos creerlo. En este libro, Pamela Jara G\u00f3mez da una serie de claves y tips para el empoderamiento personal pero va un poco m\u00e1s all\u00e1 y te propone rescatar tus sue\u00f1os y que te animes a ir tras ellos, a fijarte metas y objetivos para una transformaci\u00f3n total de tu vida. Un tema del que ella habla desde su propia experiencia tras haberse reinventado tres veces desde cero.","og_url":"https:\/\/letrame.com\/catalogo\/producto\/autoestima-culpas\/","og_site_name":"Catalogo | Letrame Grupo Editorial","og_image":[{"width":601,"height":881,"url":"https:\/\/letrame.com\/catalogo\/wp-content\/uploads\/2024\/04\/redportada_autoestima_91mm.jpg","type":"image\/jpeg"}],"twitter_card":"summary_large_image","twitter_misc":{"Tiempo de lectura":"1 minuto"},"schema":{"@context":"https:\/\/schema.org","@graph":[{"@type":"WebPage","@id":"https:\/\/letrame.com\/catalogo\/producto\/autoestima-culpas\/","url":"https:\/\/letrame.com\/catalogo\/producto\/autoestima-culpas\/","name":"'+Autoestima -Culpas - Catalogo | Letrame Grupo Editorial","isPartOf":{"@id":"https:\/\/letrame.com\/catalogo\/#website"},"primaryImageOfPage":{"@id":"https:\/\/letrame.com\/catalogo\/producto\/autoestima-culpas\/#primaryimage"},"image":{"@id":"https:\/\/letrame.com\/catalogo\/producto\/autoestima-culpas\/#primaryimage"},"thumbnailUrl":"https:\/\/letrame.com\/catalogo\/wp-content\/uploads\/2024\/04\/redportada_autoestima_91mm.jpg","datePublished":"2024-04-29T12:30:47+00:00","breadcrumb":{"@id":"https:\/\/letrame.com\/catalogo\/producto\/autoestima-culpas\/#breadcrumb"},"inLanguage":"es","potentialAction":[{"@type":"ReadAction","target":["https:\/\/letrame.com\/catalogo\/producto\/autoestima-culpas\/"]}]},{"@type":"ImageObject","inLanguage":"es","@id":"https:\/\/letrame.com\/catalogo\/producto\/autoestima-culpas\/#primaryimage","url":"https:\/\/letrame.com\/catalogo\/wp-content\/uploads\/2024\/04\/redportada_autoestima_91mm.jpg","contentUrl":"https:\/\/letrame.com\/catalogo\/wp-content\/uploads\/2024\/04\/redportada_autoestima_91mm.jpg","width":601,"height":881},{"@type":"BreadcrumbList","@id":"https:\/\/letrame.com\/catalogo\/producto\/autoestima-culpas\/#breadcrumb","itemListElement":[{"@type":"ListItem","position":1,"name":"Portada","item":"https:\/\/letrame.com\/catalogo\/"},{"@type":"ListItem","position":2,"name":"Cat\u00e1logo","item":"https:\/\/letrame.com\/catalogo\/"},{"@type":"ListItem","position":3,"name":"&#8216;+Autoestima -Culpas"}]},{"@type":"WebSite","@id":"https:\/\/letrame.com\/catalogo\/#website","url":"https:\/\/letrame.com\/catalogo\/","name":"Catalogo | Letrame Grupo Editorial","description":"","publisher":{"@id":"https:\/\/letrame.com\/catalogo\/#organization"},"potentialAction":[{"@type":"SearchAction","target":{"@type":"EntryPoint","urlTemplate":"https:\/\/letrame.com\/catalogo\/?s={search_term_string}"},"query-input":{"@type":"PropertyValueSpecification","valueRequired":true,"valueName":"search_term_string"}}],"inLanguage":"es"},{"@type":"Organization","@id":"https:\/\/letrame.com\/catalogo\/#organization","name":"Catalogo | Letrame Grupo Editorial","url":"https:\/\/letrame.com\/catalogo\/","logo":{"@type":"ImageObject","inLanguage":"es","@id":"https:\/\/letrame.com\/catalogo\/#\/schema\/logo\/image\/","url":"https:\/\/letrame.com\/catalogo\/wp-content\/uploads\/2024\/03\/logo2.webp","contentUrl":"https:\/\/letrame.com\/catalogo\/wp-content\/uploads\/2024\/03\/logo2.webp","width":394,"height":128,"caption":"Catalogo | Letrame Grupo Editorial"},"image":{"@id":"https:\/\/letrame.com\/catalogo\/#\/schema\/logo\/image\/"}}]}},"_links":{"self":[{"href":"https:\/\/letrame.com\/catalogo\/wp-json\/wp\/v2\/product\/97808","targetHints":{"allow":["GET"]}}],"collection":[{"href":"https:\/\/letrame.com\/catalogo\/wp-json\/wp\/v2\/product"}],"about":[{"href":"https:\/\/letrame.com\/catalogo\/wp-json\/wp\/v2\/types\/product"}],"replies":[{"embeddable":true,"href":"https:\/\/letrame.com\/catalogo\/wp-json\/wp\/v2\/comments?post=97808"}],"acf:post":[{"embeddable":true,"href":"https:\/\/letrame.com\/catalogo\/wp-json\/wp\/v2\/author_book\/76360"}],"wp:featuredmedia":[{"embeddable":true,"href":"https:\/\/letrame.com\/catalogo\/wp-json\/wp\/v2\/media\/97809"}],"wp:attachment":[{"href":"https:\/\/letrame.com\/catalogo\/wp-json\/wp\/v2\/media?parent=97808"}],"wp:term":[{"taxonomy":"libro","embeddable":true,"href":"https:\/\/letrame.com\/catalogo\/wp-json\/wp\/v2\/libro?post=97808"},{"taxonomy":"product_brand","embeddable":true,"href":"https:\/\/letrame.com\/catalogo\/wp-json\/wp\/v2\/product_brand?post=97808"},{"taxonomy":"product_cat","embeddable":true,"href":"https:\/\/letrame.com\/catalogo\/wp-json\/wp\/v2\/product_cat?post=97808"},{"taxonomy":"product_tag","embeddable":true,"href":"https:\/\/letrame.com\/catalogo\/wp-json\/wp\/v2\/product_tag?post=97808"}],"curies":[{"name":"wp","href":"https:\/\/api.w.org\/{rel}","templated":true}]}}