{"id":97804,"date":"2024-04-29T14:30:36","date_gmt":"2024-04-29T12:30:36","guid":{"rendered":"https:\/\/letrame.com\/catalogo\/producto\/apuntes-sobre-budismo\/"},"modified":"2024-04-29T14:30:40","modified_gmt":"2024-04-29T12:30:40","slug":"apuntes-sobre-budismo","status":"publish","type":"product","link":"https:\/\/letrame.com\/catalogo\/producto\/apuntes-sobre-budismo\/","title":{"rendered":"Apuntes sobre budismo"},"content":{"rendered":"<p><strong>ISBN<\/strong>:978-84-1114-866-5<\/p>\n<p><strong>T\u00edtulo<\/strong>: Apuntes sobre budismo<\/p>\n<p><strong>Fecha<\/strong>: 2022<br \/>\n<strong>P\u00e1ginas<\/strong>: 456<\/p>\n<p><strong>SINOPSIS<\/strong><\/p>\n<p><em>Apuntes sobre Budismo. Del Sutra al koan y al tantra<\/em> es un libro que trata sobre la historia y filosof\u00eda budista, que describe algunas de las principales corrientes hist\u00f3ricas de esta tradici\u00f3n religiosa. Sin embargo, en cierto modo, tambi\u00e9n es una obra de ficci\u00f3n, ya que el hilo conductor que arma la historia es un relato novelado.<\/p>\n<p>Las conversaciones de un maestro zen japon\u00e9s afincado en Espa\u00f1a con un joven interesado en el budismo recorren la filosof\u00eda budista theravada y mahayana. Dentro de esta \u00faltima se incluye la tibetana y el budismo zen, si bien este \u00faltimo est\u00e1 presente desde el principio al fin de la obra impregnando la narraci\u00f3n a trav\u00e9s del zazen.<\/p>\n<p>La meditaci\u00f3n es otro de los temas que aparecen en el texto, y no solo la zen, sino que el propio maestro, personaje principal del libro, nos llevar\u00e1 por otros tipos de meditaci\u00f3n budista, as\u00ed como la practicada en tradiciones tan distintas como el hinduismo, el tao\u00edsmo, Gurdjieff, Krishnamurti, la c\u00e1bala o los suf\u00edes.<\/p>\n<p>&nbsp;<\/p>\n","protected":false},"excerpt":{"rendered":"<p><strong>ISBN<\/strong>:978-84-1114-866-5<\/p>\n<p><strong>SINOPSIS<\/strong><\/p>\n<p><em>Apuntes sobre Budismo. Del Sutra al koan y al tantra<\/em> es un libro que trata sobre la historia y filosof\u00eda budista, que describe algunas de las principales corrientes hist\u00f3ricas de esta tradici\u00f3n religiosa. Sin embargo, en cierto modo, tambi\u00e9n es una obra de ficci\u00f3n, ya que el hilo conductor que arma la historia es un relato novelado.<\/p>\n<p>Las conversaciones de un maestro zen japon\u00e9s afincado en Espa\u00f1a con un joven interesado en el budismo recorren la filosof\u00eda budista theravada y mahayana. Dentro de esta \u00faltima se incluye la tibetana y el budismo zen, si bien este \u00faltimo est\u00e1 presente desde el principio al fin de la obra impregnando la narraci\u00f3n a trav\u00e9s del zazen.<\/p>\n<p>La meditaci\u00f3n es otro de los temas que aparecen en el texto, y no solo la zen, sino que el propio maestro, personaje principal del libro, nos llevar\u00e1 por otros tipos de meditaci\u00f3n budista, as\u00ed como la practicada en tradiciones tan distintas como el hinduismo, el tao\u00edsmo, Gurdjieff, Krishnamurti, la c\u00e1bala o los suf\u00edes.<\/p>\n","protected":false},"featured_media":97805,"comment_status":"closed","ping_status":"open","template":"","meta":{"_acf_changed":false},"libro":[],"product_brand":[],"product_cat":[25],"product_tag":[],"class_list":{"0":"post-97804","1":"product","2":"type-product","3":"status-publish","4":"has-post-thumbnail","6":"product_cat-religion-y-espiritualidad","8":"first","9":"instock","10":"product-type-simple"},"acf":{"autor":[76357],"enlace_de_compra":"https:\/\/www.casadellibro.com\/libro-apuntes-sobre-budismo-del-sutra-al-koan-y-el-tantra\/9788411148665\/13135123\/"},"yoast_head":"<!-- This site is optimized with the Yoast SEO plugin v26.6 - https:\/\/yoast.com\/wordpress\/plugins\/seo\/ -->\n<title>Apuntes sobre budismo - Catalogo | Letrame Grupo Editorial<\/title>\n<meta name=\"robots\" content=\"index, follow, max-snippet:-1, max-image-preview:large, max-video-preview:-1\" \/>\n<link rel=\"canonical\" href=\"https:\/\/letrame.com\/catalogo\/producto\/apuntes-sobre-budismo\/\" \/>\n<meta property=\"og:locale\" content=\"es_ES\" \/>\n<meta property=\"og:type\" content=\"article\" \/>\n<meta property=\"og:title\" content=\"Apuntes sobre budismo - Catalogo | Letrame Grupo Editorial\" \/>\n<meta property=\"og:description\" content=\"ISBN:978-84-1114-866-5 SINOPSIS Apuntes sobre Budismo. Del Sutra al koan y al tantra es un libro que trata sobre la historia y filosof\u00eda budista, que describe algunas de las principales corrientes hist\u00f3ricas de esta tradici\u00f3n religiosa. Sin embargo, en cierto modo, tambi\u00e9n es una obra de ficci\u00f3n, ya que el hilo conductor que arma la historia es un relato novelado. Las conversaciones de un maestro zen japon\u00e9s afincado en Espa\u00f1a con un joven interesado en el budismo recorren la filosof\u00eda budista theravada y mahayana. Dentro de esta \u00faltima se incluye la tibetana y el budismo zen, si bien este \u00faltimo est\u00e1 presente desde el principio al fin de la obra impregnando la narraci\u00f3n a trav\u00e9s del zazen. La meditaci\u00f3n es otro de los temas que aparecen en el texto, y no solo la zen, sino que el propio maestro, personaje principal del libro, nos llevar\u00e1 por otros tipos de meditaci\u00f3n budista, as\u00ed como la practicada en tradiciones tan distintas como el hinduismo, el tao\u00edsmo, Gurdjieff, Krishnamurti, la c\u00e1bala o los suf\u00edes.\" \/>\n<meta property=\"og:url\" content=\"https:\/\/letrame.com\/catalogo\/producto\/apuntes-sobre-budismo\/\" \/>\n<meta property=\"og:site_name\" content=\"Catalogo | Letrame Grupo Editorial\" \/>\n<meta property=\"article:modified_time\" content=\"2024-04-29T12:30:40+00:00\" \/>\n<meta property=\"og:image\" content=\"https:\/\/letrame.com\/catalogo\/wp-content\/uploads\/2024\/04\/redportada_apuntessobrebudismo_2213mm.jpg\" \/>\n\t<meta property=\"og:image:width\" content=\"601\" \/>\n\t<meta property=\"og:image:height\" content=\"849\" \/>\n\t<meta property=\"og:image:type\" content=\"image\/jpeg\" \/>\n<meta name=\"twitter:card\" content=\"summary_large_image\" \/>\n<meta name=\"twitter:label1\" content=\"Tiempo de lectura\" \/>\n\t<meta name=\"twitter:data1\" content=\"1 minuto\" \/>\n<script type=\"application\/ld+json\" class=\"yoast-schema-graph\">{\"@context\":\"https:\/\/schema.org\",\"@graph\":[{\"@type\":\"WebPage\",\"@id\":\"https:\/\/letrame.com\/catalogo\/producto\/apuntes-sobre-budismo\/\",\"url\":\"https:\/\/letrame.com\/catalogo\/producto\/apuntes-sobre-budismo\/\",\"name\":\"Apuntes sobre budismo - Catalogo | Letrame Grupo Editorial\",\"isPartOf\":{\"@id\":\"https:\/\/letrame.com\/catalogo\/#website\"},\"primaryImageOfPage\":{\"@id\":\"https:\/\/letrame.com\/catalogo\/producto\/apuntes-sobre-budismo\/#primaryimage\"},\"image\":{\"@id\":\"https:\/\/letrame.com\/catalogo\/producto\/apuntes-sobre-budismo\/#primaryimage\"},\"thumbnailUrl\":\"https:\/\/letrame.com\/catalogo\/wp-content\/uploads\/2024\/04\/redportada_apuntessobrebudismo_2213mm.jpg\",\"datePublished\":\"2024-04-29T12:30:36+00:00\",\"dateModified\":\"2024-04-29T12:30:40+00:00\",\"breadcrumb\":{\"@id\":\"https:\/\/letrame.com\/catalogo\/producto\/apuntes-sobre-budismo\/#breadcrumb\"},\"inLanguage\":\"es\",\"potentialAction\":[{\"@type\":\"ReadAction\",\"target\":[\"https:\/\/letrame.com\/catalogo\/producto\/apuntes-sobre-budismo\/\"]}]},{\"@type\":\"ImageObject\",\"inLanguage\":\"es\",\"@id\":\"https:\/\/letrame.com\/catalogo\/producto\/apuntes-sobre-budismo\/#primaryimage\",\"url\":\"https:\/\/letrame.com\/catalogo\/wp-content\/uploads\/2024\/04\/redportada_apuntessobrebudismo_2213mm.jpg\",\"contentUrl\":\"https:\/\/letrame.com\/catalogo\/wp-content\/uploads\/2024\/04\/redportada_apuntessobrebudismo_2213mm.jpg\",\"width\":601,\"height\":849},{\"@type\":\"BreadcrumbList\",\"@id\":\"https:\/\/letrame.com\/catalogo\/producto\/apuntes-sobre-budismo\/#breadcrumb\",\"itemListElement\":[{\"@type\":\"ListItem\",\"position\":1,\"name\":\"Portada\",\"item\":\"https:\/\/letrame.com\/catalogo\/\"},{\"@type\":\"ListItem\",\"position\":2,\"name\":\"Cat\u00e1logo\",\"item\":\"https:\/\/letrame.com\/catalogo\/\"},{\"@type\":\"ListItem\",\"position\":3,\"name\":\"Apuntes sobre budismo\"}]},{\"@type\":\"WebSite\",\"@id\":\"https:\/\/letrame.com\/catalogo\/#website\",\"url\":\"https:\/\/letrame.com\/catalogo\/\",\"name\":\"Catalogo | Letrame Grupo Editorial\",\"description\":\"\",\"publisher\":{\"@id\":\"https:\/\/letrame.com\/catalogo\/#organization\"},\"potentialAction\":[{\"@type\":\"SearchAction\",\"target\":{\"@type\":\"EntryPoint\",\"urlTemplate\":\"https:\/\/letrame.com\/catalogo\/?s={search_term_string}\"},\"query-input\":{\"@type\":\"PropertyValueSpecification\",\"valueRequired\":true,\"valueName\":\"search_term_string\"}}],\"inLanguage\":\"es\"},{\"@type\":\"Organization\",\"@id\":\"https:\/\/letrame.com\/catalogo\/#organization\",\"name\":\"Catalogo | Letrame Grupo Editorial\",\"url\":\"https:\/\/letrame.com\/catalogo\/\",\"logo\":{\"@type\":\"ImageObject\",\"inLanguage\":\"es\",\"@id\":\"https:\/\/letrame.com\/catalogo\/#\/schema\/logo\/image\/\",\"url\":\"https:\/\/letrame.com\/catalogo\/wp-content\/uploads\/2024\/03\/logo2.webp\",\"contentUrl\":\"https:\/\/letrame.com\/catalogo\/wp-content\/uploads\/2024\/03\/logo2.webp\",\"width\":394,\"height\":128,\"caption\":\"Catalogo | Letrame Grupo Editorial\"},\"image\":{\"@id\":\"https:\/\/letrame.com\/catalogo\/#\/schema\/logo\/image\/\"}}]}<\/script>\n<!-- \/ Yoast SEO plugin. -->","yoast_head_json":{"title":"Apuntes sobre budismo - Catalogo | Letrame Grupo Editorial","robots":{"index":"index","follow":"follow","max-snippet":"max-snippet:-1","max-image-preview":"max-image-preview:large","max-video-preview":"max-video-preview:-1"},"canonical":"https:\/\/letrame.com\/catalogo\/producto\/apuntes-sobre-budismo\/","og_locale":"es_ES","og_type":"article","og_title":"Apuntes sobre budismo - Catalogo | Letrame Grupo Editorial","og_description":"ISBN:978-84-1114-866-5 SINOPSIS Apuntes sobre Budismo. Del Sutra al koan y al tantra es un libro que trata sobre la historia y filosof\u00eda budista, que describe algunas de las principales corrientes hist\u00f3ricas de esta tradici\u00f3n religiosa. Sin embargo, en cierto modo, tambi\u00e9n es una obra de ficci\u00f3n, ya que el hilo conductor que arma la historia es un relato novelado. Las conversaciones de un maestro zen japon\u00e9s afincado en Espa\u00f1a con un joven interesado en el budismo recorren la filosof\u00eda budista theravada y mahayana. Dentro de esta \u00faltima se incluye la tibetana y el budismo zen, si bien este \u00faltimo est\u00e1 presente desde el principio al fin de la obra impregnando la narraci\u00f3n a trav\u00e9s del zazen. La meditaci\u00f3n es otro de los temas que aparecen en el texto, y no solo la zen, sino que el propio maestro, personaje principal del libro, nos llevar\u00e1 por otros tipos de meditaci\u00f3n budista, as\u00ed como la practicada en tradiciones tan distintas como el hinduismo, el tao\u00edsmo, Gurdjieff, Krishnamurti, la c\u00e1bala o los suf\u00edes.","og_url":"https:\/\/letrame.com\/catalogo\/producto\/apuntes-sobre-budismo\/","og_site_name":"Catalogo | Letrame Grupo Editorial","article_modified_time":"2024-04-29T12:30:40+00:00","og_image":[{"width":601,"height":849,"url":"https:\/\/letrame.com\/catalogo\/wp-content\/uploads\/2024\/04\/redportada_apuntessobrebudismo_2213mm.jpg","type":"image\/jpeg"}],"twitter_card":"summary_large_image","twitter_misc":{"Tiempo de lectura":"1 minuto"},"schema":{"@context":"https:\/\/schema.org","@graph":[{"@type":"WebPage","@id":"https:\/\/letrame.com\/catalogo\/producto\/apuntes-sobre-budismo\/","url":"https:\/\/letrame.com\/catalogo\/producto\/apuntes-sobre-budismo\/","name":"Apuntes sobre budismo - Catalogo | Letrame Grupo Editorial","isPartOf":{"@id":"https:\/\/letrame.com\/catalogo\/#website"},"primaryImageOfPage":{"@id":"https:\/\/letrame.com\/catalogo\/producto\/apuntes-sobre-budismo\/#primaryimage"},"image":{"@id":"https:\/\/letrame.com\/catalogo\/producto\/apuntes-sobre-budismo\/#primaryimage"},"thumbnailUrl":"https:\/\/letrame.com\/catalogo\/wp-content\/uploads\/2024\/04\/redportada_apuntessobrebudismo_2213mm.jpg","datePublished":"2024-04-29T12:30:36+00:00","dateModified":"2024-04-29T12:30:40+00:00","breadcrumb":{"@id":"https:\/\/letrame.com\/catalogo\/producto\/apuntes-sobre-budismo\/#breadcrumb"},"inLanguage":"es","potentialAction":[{"@type":"ReadAction","target":["https:\/\/letrame.com\/catalogo\/producto\/apuntes-sobre-budismo\/"]}]},{"@type":"ImageObject","inLanguage":"es","@id":"https:\/\/letrame.com\/catalogo\/producto\/apuntes-sobre-budismo\/#primaryimage","url":"https:\/\/letrame.com\/catalogo\/wp-content\/uploads\/2024\/04\/redportada_apuntessobrebudismo_2213mm.jpg","contentUrl":"https:\/\/letrame.com\/catalogo\/wp-content\/uploads\/2024\/04\/redportada_apuntessobrebudismo_2213mm.jpg","width":601,"height":849},{"@type":"BreadcrumbList","@id":"https:\/\/letrame.com\/catalogo\/producto\/apuntes-sobre-budismo\/#breadcrumb","itemListElement":[{"@type":"ListItem","position":1,"name":"Portada","item":"https:\/\/letrame.com\/catalogo\/"},{"@type":"ListItem","position":2,"name":"Cat\u00e1logo","item":"https:\/\/letrame.com\/catalogo\/"},{"@type":"ListItem","position":3,"name":"Apuntes sobre budismo"}]},{"@type":"WebSite","@id":"https:\/\/letrame.com\/catalogo\/#website","url":"https:\/\/letrame.com\/catalogo\/","name":"Catalogo | Letrame Grupo Editorial","description":"","publisher":{"@id":"https:\/\/letrame.com\/catalogo\/#organization"},"potentialAction":[{"@type":"SearchAction","target":{"@type":"EntryPoint","urlTemplate":"https:\/\/letrame.com\/catalogo\/?s={search_term_string}"},"query-input":{"@type":"PropertyValueSpecification","valueRequired":true,"valueName":"search_term_string"}}],"inLanguage":"es"},{"@type":"Organization","@id":"https:\/\/letrame.com\/catalogo\/#organization","name":"Catalogo | Letrame Grupo Editorial","url":"https:\/\/letrame.com\/catalogo\/","logo":{"@type":"ImageObject","inLanguage":"es","@id":"https:\/\/letrame.com\/catalogo\/#\/schema\/logo\/image\/","url":"https:\/\/letrame.com\/catalogo\/wp-content\/uploads\/2024\/03\/logo2.webp","contentUrl":"https:\/\/letrame.com\/catalogo\/wp-content\/uploads\/2024\/03\/logo2.webp","width":394,"height":128,"caption":"Catalogo | Letrame Grupo Editorial"},"image":{"@id":"https:\/\/letrame.com\/catalogo\/#\/schema\/logo\/image\/"}}]}},"_links":{"self":[{"href":"https:\/\/letrame.com\/catalogo\/wp-json\/wp\/v2\/product\/97804","targetHints":{"allow":["GET"]}}],"collection":[{"href":"https:\/\/letrame.com\/catalogo\/wp-json\/wp\/v2\/product"}],"about":[{"href":"https:\/\/letrame.com\/catalogo\/wp-json\/wp\/v2\/types\/product"}],"replies":[{"embeddable":true,"href":"https:\/\/letrame.com\/catalogo\/wp-json\/wp\/v2\/comments?post=97804"}],"acf:post":[{"embeddable":true,"href":"https:\/\/letrame.com\/catalogo\/wp-json\/wp\/v2\/author_book\/76357"}],"wp:featuredmedia":[{"embeddable":true,"href":"https:\/\/letrame.com\/catalogo\/wp-json\/wp\/v2\/media\/97805"}],"wp:attachment":[{"href":"https:\/\/letrame.com\/catalogo\/wp-json\/wp\/v2\/media?parent=97804"}],"wp:term":[{"taxonomy":"libro","embeddable":true,"href":"https:\/\/letrame.com\/catalogo\/wp-json\/wp\/v2\/libro?post=97804"},{"taxonomy":"product_brand","embeddable":true,"href":"https:\/\/letrame.com\/catalogo\/wp-json\/wp\/v2\/product_brand?post=97804"},{"taxonomy":"product_cat","embeddable":true,"href":"https:\/\/letrame.com\/catalogo\/wp-json\/wp\/v2\/product_cat?post=97804"},{"taxonomy":"product_tag","embeddable":true,"href":"https:\/\/letrame.com\/catalogo\/wp-json\/wp\/v2\/product_tag?post=97804"}],"curies":[{"name":"wp","href":"https:\/\/api.w.org\/{rel}","templated":true}]}}