{"id":97793,"date":"2024-04-29T14:30:01","date_gmt":"2024-04-29T12:30:01","guid":{"rendered":"https:\/\/letrame.com\/catalogo\/producto\/52-guias-de-facilitacion-para-celulas-tomo-2\/"},"modified":"2024-04-29T14:30:04","modified_gmt":"2024-04-29T12:30:04","slug":"52-guias-de-facilitacion-para-celulas-tomo-2","status":"publish","type":"product","link":"https:\/\/letrame.com\/catalogo\/producto\/52-guias-de-facilitacion-para-celulas-tomo-2\/","title":{"rendered":"52 Gu\u00edas de facilitaci\u00f3n para c\u00e9lulas. Tomo 2"},"content":{"rendered":"<p><strong>ISBN<\/strong>:978-84-1114-865-8<\/p>\n<p><span data-sheets-value=\"{&quot;1&quot;:2,&quot;2&quot;:&quot;52 Gu\u00edas de facilitaci\u00f3n para c\u00e9lulas. Tomo 2&quot;}\" data-sheets-userformat=\"{&quot;2&quot;:579,&quot;3&quot;:{&quot;1&quot;:0},&quot;4&quot;:{&quot;1&quot;:2,&quot;2&quot;:16777215},&quot;9&quot;:1,&quot;12&quot;:0}\"><strong>T\u00edtulo<\/strong>: Gu\u00edas de facilitaci\u00f3n para c\u00e9lulas. Tomo 2<\/span>:<br \/>\n<strong>Fecha <\/strong>: 2022<br \/>\n<strong>P\u00e1ginas<\/strong>: 234<\/p>\n<p><strong>SINOPSIS<\/strong><\/p>\n<p>La visi\u00f3n de los grupos celulares es la multiplicaci\u00f3n. Sin embargo, cuando los miembros de un grupo han pasado juntos por un tiempo considerable, el grupo tiende a crecer hacia adentro y no hacia afuera, consecuentemente la c\u00e9lula pierde la visi\u00f3n y el deseo de multiplicar. Es all\u00ed donde el l\u00edder del grupo (quien conoce las etapas de las c\u00e9lulas) debe llevarlos desde la <em>Comunidad <\/em>hasta la <em>Multiplicaci\u00f3n,<\/em> proveyendo una palabra espec\u00edfica al momento de la facilitaci\u00f3n que refresque la visi\u00f3n y conduzca con \u00e9xito a la multiplicaci\u00f3n.<\/p>\n<p>El libro\u00a0<em>52 gu\u00edas de facilitaci\u00f3n para c\u00e9lulas Tomo 2<\/em> es la herramienta indispensable para quienes desean multiplicar grupos de amistad. Estas gu\u00edas de facilitaci\u00f3n son para grupos de amistad en etapa de Multiplicaci\u00f3n, los temas est\u00e1n elaborados cuidadosamente con la t\u00e9cnica de la facilitaci\u00f3n, promoviendo el di\u00e1logo y la participaci\u00f3n en medio de una agradable y productiva reuni\u00f3n.<\/p>\n<p>En este tomo proveemos los temas necesarios para facilitar a los grupos cuando la iglesia entra a las cinco semanas del ciclo evangel\u00edstico, el discipulado y los eventos estrat\u00e9gicos. Hay algunos temas de car\u00e1cter formativo ya que se trata de un grupo que multiplicar\u00e1 futuros l\u00edderes y un bonus extra para pastores que desean comprometer a la congregaci\u00f3n en cada semana del ciclo evangel\u00edstico.<\/p>\n<p>Si eres un l\u00edder de c\u00e9lula, este libro es para ti. Dios te bendiga.<\/p>\n","protected":false},"excerpt":{"rendered":"<p><strong>ISBN<\/strong>:978-84-1114-865-8<\/p>\n<p><strong>SINOPSIS<\/strong><\/p>\n<p>La visi\u00f3n de los grupos celulares es la multiplicaci\u00f3n. Sin embargo, cuando los miembros de un grupo han pasado juntos por un tiempo considerable, el grupo tiende a crecer hacia adentro y no hacia afuera, consecuentemente la c\u00e9lula pierde la visi\u00f3n y el deseo de multiplicar. Es all\u00ed donde el l\u00edder del grupo (quien conoce las etapas de las c\u00e9lulas) debe llevarlos desde la <em>Comunidad <\/em>hasta la <em>Multiplicaci\u00f3n,<\/em> proveyendo una palabra espec\u00edfica al momento de la facilitaci\u00f3n que refresque la visi\u00f3n y conduzca con \u00e9xito a la multiplicaci\u00f3n.<\/p>\n<p>El libro\u00a0<em>52 gu\u00edas de facilitaci\u00f3n para c\u00e9lulas Tomo 2<\/em> es la herramienta indispensable para quienes desean multiplicar grupos de amistad. Estas gu\u00edas de facilitaci\u00f3n son para grupos de amistad en etapa de Multiplicaci\u00f3n, los temas est\u00e1n elaborados cuidadosamente con la t\u00e9cnica de la facilitaci\u00f3n, promoviendo el di\u00e1logo y la participaci\u00f3n en medio de una agradable y productiva reuni\u00f3n.<\/p>\n<p>En este tomo proveemos los temas necesarios para facilitar a los grupos cuando la iglesia entra a las cinco semanas del ciclo evangel\u00edstico, el discipulado y los eventos estrat\u00e9gicos. Hay algunos temas de car\u00e1cter formativo ya que se trata de un grupo que multiplicar\u00e1 futuros l\u00edderes y un bonus extra para pastores que desean comprometer a la congregaci\u00f3n en cada semana del ciclo evangel\u00edstico.<\/p>\n<p>Si eres un l\u00edder de c\u00e9lula, este libro es para ti. Dios te bendiga.<\/p>\n","protected":false},"featured_media":97794,"comment_status":"closed","ping_status":"open","template":"","meta":{"_acf_changed":false},"libro":[],"product_brand":[],"product_cat":[37],"product_tag":[],"class_list":{"0":"post-97793","1":"product","2":"type-product","3":"status-publish","4":"has-post-thumbnail","6":"product_cat-evangelismo-iglecrecimiento","8":"first","9":"instock","10":"product-type-simple"},"acf":{"autor":[76349],"enlace_de_compra":"https:\/\/www.amazon.es\/Gu%C3%ADas-facilitaci%C3%B3n-para-c%C3%A9lulas-Tomo-ebook\/dp\/B0B4Y1N81T\/"},"yoast_head":"<!-- This site is optimized with the Yoast SEO plugin v26.6 - https:\/\/yoast.com\/wordpress\/plugins\/seo\/ -->\n<title>52 Gu\u00edas de facilitaci\u00f3n para c\u00e9lulas. Tomo 2 - Catalogo | Letrame Grupo Editorial<\/title>\n<meta name=\"robots\" content=\"index, follow, max-snippet:-1, max-image-preview:large, max-video-preview:-1\" \/>\n<link rel=\"canonical\" href=\"https:\/\/letrame.com\/catalogo\/producto\/52-guias-de-facilitacion-para-celulas-tomo-2\/\" \/>\n<meta property=\"og:locale\" content=\"es_ES\" \/>\n<meta property=\"og:type\" content=\"article\" \/>\n<meta property=\"og:title\" content=\"52 Gu\u00edas de facilitaci\u00f3n para c\u00e9lulas. Tomo 2 - Catalogo | Letrame Grupo Editorial\" \/>\n<meta property=\"og:description\" content=\"ISBN:978-84-1114-865-8 SINOPSIS La visi\u00f3n de los grupos celulares es la multiplicaci\u00f3n. Sin embargo, cuando los miembros de un grupo han pasado juntos por un tiempo considerable, el grupo tiende a crecer hacia adentro y no hacia afuera, consecuentemente la c\u00e9lula pierde la visi\u00f3n y el deseo de multiplicar. Es all\u00ed donde el l\u00edder del grupo (quien conoce las etapas de las c\u00e9lulas) debe llevarlos desde la Comunidad hasta la Multiplicaci\u00f3n, proveyendo una palabra espec\u00edfica al momento de la facilitaci\u00f3n que refresque la visi\u00f3n y conduzca con \u00e9xito a la multiplicaci\u00f3n. El libro\u00a052 gu\u00edas de facilitaci\u00f3n para c\u00e9lulas Tomo 2 es la herramienta indispensable para quienes desean multiplicar grupos de amistad. Estas gu\u00edas de facilitaci\u00f3n son para grupos de amistad en etapa de Multiplicaci\u00f3n, los temas est\u00e1n elaborados cuidadosamente con la t\u00e9cnica de la facilitaci\u00f3n, promoviendo el di\u00e1logo y la participaci\u00f3n en medio de una agradable y productiva reuni\u00f3n. En este tomo proveemos los temas necesarios para facilitar a los grupos cuando la iglesia entra a las cinco semanas del ciclo evangel\u00edstico, el discipulado y los eventos estrat\u00e9gicos. Hay algunos temas de car\u00e1cter formativo ya que se trata de un grupo que multiplicar\u00e1 futuros l\u00edderes y un bonus extra para pastores que desean comprometer a la congregaci\u00f3n en cada semana del ciclo evangel\u00edstico. Si eres un l\u00edder de c\u00e9lula, este libro es para ti. Dios te bendiga.\" \/>\n<meta property=\"og:url\" content=\"https:\/\/letrame.com\/catalogo\/producto\/52-guias-de-facilitacion-para-celulas-tomo-2\/\" \/>\n<meta property=\"og:site_name\" content=\"Catalogo | Letrame Grupo Editorial\" \/>\n<meta property=\"article:modified_time\" content=\"2024-04-29T12:30:04+00:00\" \/>\n<meta property=\"og:image\" content=\"https:\/\/letrame.com\/catalogo\/wp-content\/uploads\/2024\/04\/redportada_52guiasde_101mm.jpg\" \/>\n\t<meta property=\"og:image:width\" content=\"601\" \/>\n\t<meta property=\"og:image:height\" content=\"881\" \/>\n\t<meta property=\"og:image:type\" content=\"image\/jpeg\" \/>\n<meta name=\"twitter:card\" content=\"summary_large_image\" \/>\n<meta name=\"twitter:label1\" content=\"Tiempo de lectura\" \/>\n\t<meta name=\"twitter:data1\" content=\"1 minuto\" \/>\n<script type=\"application\/ld+json\" class=\"yoast-schema-graph\">{\"@context\":\"https:\/\/schema.org\",\"@graph\":[{\"@type\":\"WebPage\",\"@id\":\"https:\/\/letrame.com\/catalogo\/producto\/52-guias-de-facilitacion-para-celulas-tomo-2\/\",\"url\":\"https:\/\/letrame.com\/catalogo\/producto\/52-guias-de-facilitacion-para-celulas-tomo-2\/\",\"name\":\"52 Gu\u00edas de facilitaci\u00f3n para c\u00e9lulas. Tomo 2 - Catalogo | Letrame Grupo Editorial\",\"isPartOf\":{\"@id\":\"https:\/\/letrame.com\/catalogo\/#website\"},\"primaryImageOfPage\":{\"@id\":\"https:\/\/letrame.com\/catalogo\/producto\/52-guias-de-facilitacion-para-celulas-tomo-2\/#primaryimage\"},\"image\":{\"@id\":\"https:\/\/letrame.com\/catalogo\/producto\/52-guias-de-facilitacion-para-celulas-tomo-2\/#primaryimage\"},\"thumbnailUrl\":\"https:\/\/letrame.com\/catalogo\/wp-content\/uploads\/2024\/04\/redportada_52guiasde_101mm.jpg\",\"datePublished\":\"2024-04-29T12:30:01+00:00\",\"dateModified\":\"2024-04-29T12:30:04+00:00\",\"breadcrumb\":{\"@id\":\"https:\/\/letrame.com\/catalogo\/producto\/52-guias-de-facilitacion-para-celulas-tomo-2\/#breadcrumb\"},\"inLanguage\":\"es\",\"potentialAction\":[{\"@type\":\"ReadAction\",\"target\":[\"https:\/\/letrame.com\/catalogo\/producto\/52-guias-de-facilitacion-para-celulas-tomo-2\/\"]}]},{\"@type\":\"ImageObject\",\"inLanguage\":\"es\",\"@id\":\"https:\/\/letrame.com\/catalogo\/producto\/52-guias-de-facilitacion-para-celulas-tomo-2\/#primaryimage\",\"url\":\"https:\/\/letrame.com\/catalogo\/wp-content\/uploads\/2024\/04\/redportada_52guiasde_101mm.jpg\",\"contentUrl\":\"https:\/\/letrame.com\/catalogo\/wp-content\/uploads\/2024\/04\/redportada_52guiasde_101mm.jpg\",\"width\":601,\"height\":881},{\"@type\":\"BreadcrumbList\",\"@id\":\"https:\/\/letrame.com\/catalogo\/producto\/52-guias-de-facilitacion-para-celulas-tomo-2\/#breadcrumb\",\"itemListElement\":[{\"@type\":\"ListItem\",\"position\":1,\"name\":\"Portada\",\"item\":\"https:\/\/letrame.com\/catalogo\/\"},{\"@type\":\"ListItem\",\"position\":2,\"name\":\"Cat\u00e1logo\",\"item\":\"https:\/\/letrame.com\/catalogo\/\"},{\"@type\":\"ListItem\",\"position\":3,\"name\":\"52 Gu\u00edas de facilitaci\u00f3n para c\u00e9lulas. Tomo 2\"}]},{\"@type\":\"WebSite\",\"@id\":\"https:\/\/letrame.com\/catalogo\/#website\",\"url\":\"https:\/\/letrame.com\/catalogo\/\",\"name\":\"Catalogo | Letrame Grupo Editorial\",\"description\":\"\",\"publisher\":{\"@id\":\"https:\/\/letrame.com\/catalogo\/#organization\"},\"potentialAction\":[{\"@type\":\"SearchAction\",\"target\":{\"@type\":\"EntryPoint\",\"urlTemplate\":\"https:\/\/letrame.com\/catalogo\/?s={search_term_string}\"},\"query-input\":{\"@type\":\"PropertyValueSpecification\",\"valueRequired\":true,\"valueName\":\"search_term_string\"}}],\"inLanguage\":\"es\"},{\"@type\":\"Organization\",\"@id\":\"https:\/\/letrame.com\/catalogo\/#organization\",\"name\":\"Catalogo | Letrame Grupo Editorial\",\"url\":\"https:\/\/letrame.com\/catalogo\/\",\"logo\":{\"@type\":\"ImageObject\",\"inLanguage\":\"es\",\"@id\":\"https:\/\/letrame.com\/catalogo\/#\/schema\/logo\/image\/\",\"url\":\"https:\/\/letrame.com\/catalogo\/wp-content\/uploads\/2024\/03\/logo2.webp\",\"contentUrl\":\"https:\/\/letrame.com\/catalogo\/wp-content\/uploads\/2024\/03\/logo2.webp\",\"width\":394,\"height\":128,\"caption\":\"Catalogo | Letrame Grupo Editorial\"},\"image\":{\"@id\":\"https:\/\/letrame.com\/catalogo\/#\/schema\/logo\/image\/\"}}]}<\/script>\n<!-- \/ Yoast SEO plugin. -->","yoast_head_json":{"title":"52 Gu\u00edas de facilitaci\u00f3n para c\u00e9lulas. Tomo 2 - Catalogo | Letrame Grupo Editorial","robots":{"index":"index","follow":"follow","max-snippet":"max-snippet:-1","max-image-preview":"max-image-preview:large","max-video-preview":"max-video-preview:-1"},"canonical":"https:\/\/letrame.com\/catalogo\/producto\/52-guias-de-facilitacion-para-celulas-tomo-2\/","og_locale":"es_ES","og_type":"article","og_title":"52 Gu\u00edas de facilitaci\u00f3n para c\u00e9lulas. Tomo 2 - Catalogo | Letrame Grupo Editorial","og_description":"ISBN:978-84-1114-865-8 SINOPSIS La visi\u00f3n de los grupos celulares es la multiplicaci\u00f3n. Sin embargo, cuando los miembros de un grupo han pasado juntos por un tiempo considerable, el grupo tiende a crecer hacia adentro y no hacia afuera, consecuentemente la c\u00e9lula pierde la visi\u00f3n y el deseo de multiplicar. Es all\u00ed donde el l\u00edder del grupo (quien conoce las etapas de las c\u00e9lulas) debe llevarlos desde la Comunidad hasta la Multiplicaci\u00f3n, proveyendo una palabra espec\u00edfica al momento de la facilitaci\u00f3n que refresque la visi\u00f3n y conduzca con \u00e9xito a la multiplicaci\u00f3n. El libro\u00a052 gu\u00edas de facilitaci\u00f3n para c\u00e9lulas Tomo 2 es la herramienta indispensable para quienes desean multiplicar grupos de amistad. Estas gu\u00edas de facilitaci\u00f3n son para grupos de amistad en etapa de Multiplicaci\u00f3n, los temas est\u00e1n elaborados cuidadosamente con la t\u00e9cnica de la facilitaci\u00f3n, promoviendo el di\u00e1logo y la participaci\u00f3n en medio de una agradable y productiva reuni\u00f3n. En este tomo proveemos los temas necesarios para facilitar a los grupos cuando la iglesia entra a las cinco semanas del ciclo evangel\u00edstico, el discipulado y los eventos estrat\u00e9gicos. Hay algunos temas de car\u00e1cter formativo ya que se trata de un grupo que multiplicar\u00e1 futuros l\u00edderes y un bonus extra para pastores que desean comprometer a la congregaci\u00f3n en cada semana del ciclo evangel\u00edstico. Si eres un l\u00edder de c\u00e9lula, este libro es para ti. Dios te bendiga.","og_url":"https:\/\/letrame.com\/catalogo\/producto\/52-guias-de-facilitacion-para-celulas-tomo-2\/","og_site_name":"Catalogo | Letrame Grupo Editorial","article_modified_time":"2024-04-29T12:30:04+00:00","og_image":[{"width":601,"height":881,"url":"https:\/\/letrame.com\/catalogo\/wp-content\/uploads\/2024\/04\/redportada_52guiasde_101mm.jpg","type":"image\/jpeg"}],"twitter_card":"summary_large_image","twitter_misc":{"Tiempo de lectura":"1 minuto"},"schema":{"@context":"https:\/\/schema.org","@graph":[{"@type":"WebPage","@id":"https:\/\/letrame.com\/catalogo\/producto\/52-guias-de-facilitacion-para-celulas-tomo-2\/","url":"https:\/\/letrame.com\/catalogo\/producto\/52-guias-de-facilitacion-para-celulas-tomo-2\/","name":"52 Gu\u00edas de facilitaci\u00f3n para c\u00e9lulas. Tomo 2 - Catalogo | Letrame Grupo Editorial","isPartOf":{"@id":"https:\/\/letrame.com\/catalogo\/#website"},"primaryImageOfPage":{"@id":"https:\/\/letrame.com\/catalogo\/producto\/52-guias-de-facilitacion-para-celulas-tomo-2\/#primaryimage"},"image":{"@id":"https:\/\/letrame.com\/catalogo\/producto\/52-guias-de-facilitacion-para-celulas-tomo-2\/#primaryimage"},"thumbnailUrl":"https:\/\/letrame.com\/catalogo\/wp-content\/uploads\/2024\/04\/redportada_52guiasde_101mm.jpg","datePublished":"2024-04-29T12:30:01+00:00","dateModified":"2024-04-29T12:30:04+00:00","breadcrumb":{"@id":"https:\/\/letrame.com\/catalogo\/producto\/52-guias-de-facilitacion-para-celulas-tomo-2\/#breadcrumb"},"inLanguage":"es","potentialAction":[{"@type":"ReadAction","target":["https:\/\/letrame.com\/catalogo\/producto\/52-guias-de-facilitacion-para-celulas-tomo-2\/"]}]},{"@type":"ImageObject","inLanguage":"es","@id":"https:\/\/letrame.com\/catalogo\/producto\/52-guias-de-facilitacion-para-celulas-tomo-2\/#primaryimage","url":"https:\/\/letrame.com\/catalogo\/wp-content\/uploads\/2024\/04\/redportada_52guiasde_101mm.jpg","contentUrl":"https:\/\/letrame.com\/catalogo\/wp-content\/uploads\/2024\/04\/redportada_52guiasde_101mm.jpg","width":601,"height":881},{"@type":"BreadcrumbList","@id":"https:\/\/letrame.com\/catalogo\/producto\/52-guias-de-facilitacion-para-celulas-tomo-2\/#breadcrumb","itemListElement":[{"@type":"ListItem","position":1,"name":"Portada","item":"https:\/\/letrame.com\/catalogo\/"},{"@type":"ListItem","position":2,"name":"Cat\u00e1logo","item":"https:\/\/letrame.com\/catalogo\/"},{"@type":"ListItem","position":3,"name":"52 Gu\u00edas de facilitaci\u00f3n para c\u00e9lulas. Tomo 2"}]},{"@type":"WebSite","@id":"https:\/\/letrame.com\/catalogo\/#website","url":"https:\/\/letrame.com\/catalogo\/","name":"Catalogo | Letrame Grupo Editorial","description":"","publisher":{"@id":"https:\/\/letrame.com\/catalogo\/#organization"},"potentialAction":[{"@type":"SearchAction","target":{"@type":"EntryPoint","urlTemplate":"https:\/\/letrame.com\/catalogo\/?s={search_term_string}"},"query-input":{"@type":"PropertyValueSpecification","valueRequired":true,"valueName":"search_term_string"}}],"inLanguage":"es"},{"@type":"Organization","@id":"https:\/\/letrame.com\/catalogo\/#organization","name":"Catalogo | Letrame Grupo Editorial","url":"https:\/\/letrame.com\/catalogo\/","logo":{"@type":"ImageObject","inLanguage":"es","@id":"https:\/\/letrame.com\/catalogo\/#\/schema\/logo\/image\/","url":"https:\/\/letrame.com\/catalogo\/wp-content\/uploads\/2024\/03\/logo2.webp","contentUrl":"https:\/\/letrame.com\/catalogo\/wp-content\/uploads\/2024\/03\/logo2.webp","width":394,"height":128,"caption":"Catalogo | Letrame Grupo Editorial"},"image":{"@id":"https:\/\/letrame.com\/catalogo\/#\/schema\/logo\/image\/"}}]}},"_links":{"self":[{"href":"https:\/\/letrame.com\/catalogo\/wp-json\/wp\/v2\/product\/97793","targetHints":{"allow":["GET"]}}],"collection":[{"href":"https:\/\/letrame.com\/catalogo\/wp-json\/wp\/v2\/product"}],"about":[{"href":"https:\/\/letrame.com\/catalogo\/wp-json\/wp\/v2\/types\/product"}],"replies":[{"embeddable":true,"href":"https:\/\/letrame.com\/catalogo\/wp-json\/wp\/v2\/comments?post=97793"}],"acf:post":[{"embeddable":true,"href":"https:\/\/letrame.com\/catalogo\/wp-json\/wp\/v2\/author_book\/76349"}],"wp:featuredmedia":[{"embeddable":true,"href":"https:\/\/letrame.com\/catalogo\/wp-json\/wp\/v2\/media\/97794"}],"wp:attachment":[{"href":"https:\/\/letrame.com\/catalogo\/wp-json\/wp\/v2\/media?parent=97793"}],"wp:term":[{"taxonomy":"libro","embeddable":true,"href":"https:\/\/letrame.com\/catalogo\/wp-json\/wp\/v2\/libro?post=97793"},{"taxonomy":"product_brand","embeddable":true,"href":"https:\/\/letrame.com\/catalogo\/wp-json\/wp\/v2\/product_brand?post=97793"},{"taxonomy":"product_cat","embeddable":true,"href":"https:\/\/letrame.com\/catalogo\/wp-json\/wp\/v2\/product_cat?post=97793"},{"taxonomy":"product_tag","embeddable":true,"href":"https:\/\/letrame.com\/catalogo\/wp-json\/wp\/v2\/product_tag?post=97793"}],"curies":[{"name":"wp","href":"https:\/\/api.w.org\/{rel}","templated":true}]}}