{"id":97785,"date":"2024-04-29T14:29:50","date_gmt":"2024-04-29T12:29:50","guid":{"rendered":"https:\/\/letrame.com\/catalogo\/producto\/vivir-y-algunas-glosas\/"},"modified":"2024-08-13T10:34:33","modified_gmt":"2024-08-13T08:34:33","slug":"vivir-y-algunas-glosas","status":"publish","type":"product","link":"https:\/\/letrame.com\/catalogo\/producto\/vivir-y-algunas-glosas\/","title":{"rendered":"Vivir y algunas glosas"},"content":{"rendered":"<p><strong>ISBN<\/strong>:978-84-1114-842-9<\/p>\n<p><strong>T\u00edtulo<\/strong>: <span data-sheets-value=\"{&quot;1&quot;:2,&quot;2&quot;:&quot;Vivir y algunas glosas&quot;}\" data-sheets-userformat=\"{&quot;2&quot;:579,&quot;3&quot;:{&quot;1&quot;:0},&quot;4&quot;:{&quot;1&quot;:2,&quot;2&quot;:14281427},&quot;9&quot;:1,&quot;12&quot;:0}\">Vivir y algunas glosas<\/span><\/p>\n<p><strong>Fecha<\/strong>: 2022<br \/>\n<strong>P\u00e1ginas<\/strong>: 294<\/p>\n<p><strong>SINOPSIS<\/strong><\/p>\n<p>En repetidas ocasiones ha se\u00f1alado que no escribe para ense\u00f1ar nada a nadie o aleccionar, sino para hablar de \u00e9l y dar a conocer sus opiniones. Tambi\u00e9n quiere aprender, ya que opinar requiere siempre una reflexi\u00f3n previa. A\u00f1ade que siempre se mantuvo al margen de apriorismos y dogmas, no estando contaminado por t\u00f3picos o por una moral equivocada. Solo intent\u00f3 descubrir en muchos terrenos lo que no sab\u00eda, y tener opini\u00f3n propia.<\/p>\n<p>Su prop\u00f3sito al escribir este libro es recoger sus experiencias vitales de hoy, sin excluir alguna pret\u00e9rita, y hacer comentarios o apuntes \u2014glosas\u2014 en su l\u00ednea ya conocida, sobre asuntos que le angustiaron anta\u00f1o y los que le preocupan actualmente, todos ellos relacionados con su manera de ver la vida y la siempre dif\u00edcil convivencia con los dem\u00e1s. Dice en alg\u00fan lugar: \u00abNo es f\u00e1cil intentar ser uno mismo y vivir con dignidad apoy\u00e1ndote solo en tus propias creencias\u00bb. Aunque haya algunos art\u00edculos que pueden clasificarse como autobiogr\u00e1ficos, el libro no lo es, ni tampoco una novela, ni un ensayo y est\u00e1 en sinton\u00eda con el estilo de sus publicaciones anteriores.<\/p>\n","protected":false},"excerpt":{"rendered":"<p><strong>ISBN<\/strong>:978-84-1114-842-9<\/p>\n<p><strong>SINOPSIS<\/strong>:<\/p>\n<p>En repetidas ocasiones ha se\u00f1alado que no escribe para ense\u00f1ar nada a nadie o aleccionar, sino para hablar de \u00e9l y dar a conocer sus opiniones. Tambi\u00e9n quiere aprender, ya que opinar requiere siempre una reflexi\u00f3n previa. A\u00f1ade que siempre se mantuvo al margen de apriorismos y dogmas, no estando contaminado por t\u00f3picos o por una moral equivocada. Solo intent\u00f3 descubrir en muchos terrenos lo que no sab\u00eda, y tener opini\u00f3n propia.<\/p>\n<p>Su prop\u00f3sito al escribir este libro es recoger sus experiencias vitales de hoy, sin excluir alguna pret\u00e9rita, y hacer comentarios o apuntes \u2014glosas\u2014 en su l\u00ednea ya conocida, sobre asuntos que le angustiaron anta\u00f1o y los que le preocupan actualmente, todos ellos relacionados con su manera de ver la vida y la siempre dif\u00edcil convivencia con los dem\u00e1s. Dice en alg\u00fan lugar: \u00abNo es f\u00e1cil intentar ser uno mismo y vivir con dignidad apoy\u00e1ndote solo en tus propias creencias\u00bb. Aunque haya algunos art\u00edculos que pueden clasificarse como autobiogr\u00e1ficos, el libro no lo es, ni tampoco una novela, ni un ensayo y est\u00e1 en sinton\u00eda con el estilo de sus publicaciones anteriores.<\/p>\n","protected":false},"featured_media":97786,"comment_status":"closed","ping_status":"closed","template":"","meta":{"_acf_changed":false},"libro":[],"product_brand":[],"product_cat":[31],"product_tag":[],"class_list":{"0":"post-97785","1":"product","2":"type-product","3":"status-publish","4":"has-post-thumbnail","6":"product_cat-autobiografia","8":"first","9":"instock","10":"product-type-simple"},"acf":{"autor":[76343],"enlace_de_compra":"https:\/\/amzn.to\/3AvAqO9"},"yoast_head":"<!-- This site is optimized with the Yoast SEO plugin v27.4 - https:\/\/yoast.com\/product\/yoast-seo-wordpress\/ -->\n<title>Vivir y algunas glosas - Catalogo | Letrame Grupo Editorial<\/title>\n<meta name=\"robots\" content=\"index, follow, max-snippet:-1, max-image-preview:large, max-video-preview:-1\" \/>\n<link rel=\"canonical\" href=\"https:\/\/letrame.com\/catalogo\/producto\/vivir-y-algunas-glosas\/\" \/>\n<meta property=\"og:locale\" content=\"es_ES\" \/>\n<meta property=\"og:type\" content=\"article\" \/>\n<meta property=\"og:title\" content=\"Vivir y algunas glosas - Catalogo | Letrame Grupo Editorial\" \/>\n<meta property=\"og:description\" content=\"ISBN:978-84-1114-842-9  SINOPSIS:  En repetidas ocasiones ha se\u00f1alado que no escribe para ense\u00f1ar nada a nadie o aleccionar, sino para hablar de \u00e9l y dar a conocer sus opiniones. Tambi\u00e9n quiere aprender, ya que opinar requiere siempre una reflexi\u00f3n previa. A\u00f1ade que siempre se mantuvo al margen de apriorismos y dogmas, no estando contaminado por t\u00f3picos o por una moral equivocada. Solo intent\u00f3 descubrir en muchos terrenos lo que no sab\u00eda, y tener opini\u00f3n propia.  Su prop\u00f3sito al escribir este libro es recoger sus experiencias vitales de hoy, sin excluir alguna pret\u00e9rita, y hacer comentarios o apuntes \u2014glosas\u2014 en su l\u00ednea ya conocida, sobre asuntos que le angustiaron anta\u00f1o y los que le preocupan actualmente, todos ellos relacionados con su manera de ver la vida y la siempre dif\u00edcil convivencia con los dem\u00e1s. Dice en alg\u00fan lugar: \u00abNo es f\u00e1cil intentar ser uno mismo y vivir con dignidad apoy\u00e1ndote solo en tus propias creencias\u00bb. Aunque haya algunos art\u00edculos que pueden clasificarse como autobiogr\u00e1ficos, el libro no lo es, ni tampoco una novela, ni un ensayo y est\u00e1 en sinton\u00eda con el estilo de sus publicaciones anteriores.\" \/>\n<meta property=\"og:url\" content=\"https:\/\/letrame.com\/catalogo\/producto\/vivir-y-algunas-glosas\/\" \/>\n<meta property=\"og:site_name\" content=\"Catalogo | Letrame Grupo Editorial\" \/>\n<meta property=\"article:modified_time\" content=\"2024-08-13T08:34:33+00:00\" \/>\n<meta property=\"og:image\" content=\"https:\/\/letrame.com\/catalogo\/wp-content\/uploads\/2024\/04\/redportadaviviryalgunasglosas_1466mm-compressed.jpg\" \/>\n\t<meta property=\"og:image:width\" content=\"601\" \/>\n\t<meta property=\"og:image:height\" content=\"935\" \/>\n\t<meta property=\"og:image:type\" content=\"image\/jpeg\" \/>\n<meta name=\"twitter:card\" content=\"summary_large_image\" \/>\n<meta name=\"twitter:label1\" content=\"Tiempo de lectura\" \/>\n\t<meta name=\"twitter:data1\" content=\"2 minutos\" \/>\n<script type=\"application\/ld+json\" class=\"yoast-schema-graph\">{\"@context\":\"https:\\\/\\\/schema.org\",\"@graph\":[{\"@type\":\"WebPage\",\"@id\":\"https:\\\/\\\/letrame.com\\\/catalogo\\\/producto\\\/vivir-y-algunas-glosas\\\/\",\"url\":\"https:\\\/\\\/letrame.com\\\/catalogo\\\/producto\\\/vivir-y-algunas-glosas\\\/\",\"name\":\"Vivir y algunas glosas - Catalogo | Letrame Grupo Editorial\",\"isPartOf\":{\"@id\":\"https:\\\/\\\/letrame.com\\\/catalogo\\\/#website\"},\"primaryImageOfPage\":{\"@id\":\"https:\\\/\\\/letrame.com\\\/catalogo\\\/producto\\\/vivir-y-algunas-glosas\\\/#primaryimage\"},\"image\":{\"@id\":\"https:\\\/\\\/letrame.com\\\/catalogo\\\/producto\\\/vivir-y-algunas-glosas\\\/#primaryimage\"},\"thumbnailUrl\":\"https:\\\/\\\/letrame.com\\\/catalogo\\\/wp-content\\\/uploads\\\/2024\\\/04\\\/redportadaviviryalgunasglosas_1466mm-compressed.jpg\",\"datePublished\":\"2024-04-29T12:29:50+00:00\",\"dateModified\":\"2024-08-13T08:34:33+00:00\",\"breadcrumb\":{\"@id\":\"https:\\\/\\\/letrame.com\\\/catalogo\\\/producto\\\/vivir-y-algunas-glosas\\\/#breadcrumb\"},\"inLanguage\":\"es\",\"potentialAction\":[{\"@type\":\"ReadAction\",\"target\":[\"https:\\\/\\\/letrame.com\\\/catalogo\\\/producto\\\/vivir-y-algunas-glosas\\\/\"]}]},{\"@type\":\"ImageObject\",\"inLanguage\":\"es\",\"@id\":\"https:\\\/\\\/letrame.com\\\/catalogo\\\/producto\\\/vivir-y-algunas-glosas\\\/#primaryimage\",\"url\":\"https:\\\/\\\/letrame.com\\\/catalogo\\\/wp-content\\\/uploads\\\/2024\\\/04\\\/redportadaviviryalgunasglosas_1466mm-compressed.jpg\",\"contentUrl\":\"https:\\\/\\\/letrame.com\\\/catalogo\\\/wp-content\\\/uploads\\\/2024\\\/04\\\/redportadaviviryalgunasglosas_1466mm-compressed.jpg\",\"width\":601,\"height\":935},{\"@type\":\"BreadcrumbList\",\"@id\":\"https:\\\/\\\/letrame.com\\\/catalogo\\\/producto\\\/vivir-y-algunas-glosas\\\/#breadcrumb\",\"itemListElement\":[{\"@type\":\"ListItem\",\"position\":1,\"name\":\"Portada\",\"item\":\"https:\\\/\\\/letrame.com\\\/catalogo\\\/\"},{\"@type\":\"ListItem\",\"position\":2,\"name\":\"Cat\u00e1logo\",\"item\":\"https:\\\/\\\/letrame.com\\\/catalogo\\\/\"},{\"@type\":\"ListItem\",\"position\":3,\"name\":\"Vivir y algunas glosas\"}]},{\"@type\":\"WebSite\",\"@id\":\"https:\\\/\\\/letrame.com\\\/catalogo\\\/#website\",\"url\":\"https:\\\/\\\/letrame.com\\\/catalogo\\\/\",\"name\":\"Catalogo | Letrame Grupo Editorial\",\"description\":\"\",\"publisher\":{\"@id\":\"https:\\\/\\\/letrame.com\\\/catalogo\\\/#organization\"},\"potentialAction\":[{\"@type\":\"SearchAction\",\"target\":{\"@type\":\"EntryPoint\",\"urlTemplate\":\"https:\\\/\\\/letrame.com\\\/catalogo\\\/?s={search_term_string}\"},\"query-input\":{\"@type\":\"PropertyValueSpecification\",\"valueRequired\":true,\"valueName\":\"search_term_string\"}}],\"inLanguage\":\"es\"},{\"@type\":\"Organization\",\"@id\":\"https:\\\/\\\/letrame.com\\\/catalogo\\\/#organization\",\"name\":\"Catalogo | Letrame Grupo Editorial\",\"url\":\"https:\\\/\\\/letrame.com\\\/catalogo\\\/\",\"logo\":{\"@type\":\"ImageObject\",\"inLanguage\":\"es\",\"@id\":\"https:\\\/\\\/letrame.com\\\/catalogo\\\/#\\\/schema\\\/logo\\\/image\\\/\",\"url\":\"https:\\\/\\\/letrame.com\\\/catalogo\\\/wp-content\\\/uploads\\\/2024\\\/03\\\/logo2.webp\",\"contentUrl\":\"https:\\\/\\\/letrame.com\\\/catalogo\\\/wp-content\\\/uploads\\\/2024\\\/03\\\/logo2.webp\",\"width\":394,\"height\":128,\"caption\":\"Catalogo | Letrame Grupo Editorial\"},\"image\":{\"@id\":\"https:\\\/\\\/letrame.com\\\/catalogo\\\/#\\\/schema\\\/logo\\\/image\\\/\"}}]}<\/script>\n<!-- \/ Yoast SEO plugin. -->","yoast_head_json":{"title":"Vivir y algunas glosas - Catalogo | Letrame Grupo Editorial","robots":{"index":"index","follow":"follow","max-snippet":"max-snippet:-1","max-image-preview":"max-image-preview:large","max-video-preview":"max-video-preview:-1"},"canonical":"https:\/\/letrame.com\/catalogo\/producto\/vivir-y-algunas-glosas\/","og_locale":"es_ES","og_type":"article","og_title":"Vivir y algunas glosas - Catalogo | Letrame Grupo Editorial","og_description":"ISBN:978-84-1114-842-9  SINOPSIS:  En repetidas ocasiones ha se\u00f1alado que no escribe para ense\u00f1ar nada a nadie o aleccionar, sino para hablar de \u00e9l y dar a conocer sus opiniones. Tambi\u00e9n quiere aprender, ya que opinar requiere siempre una reflexi\u00f3n previa. A\u00f1ade que siempre se mantuvo al margen de apriorismos y dogmas, no estando contaminado por t\u00f3picos o por una moral equivocada. Solo intent\u00f3 descubrir en muchos terrenos lo que no sab\u00eda, y tener opini\u00f3n propia.  Su prop\u00f3sito al escribir este libro es recoger sus experiencias vitales de hoy, sin excluir alguna pret\u00e9rita, y hacer comentarios o apuntes \u2014glosas\u2014 en su l\u00ednea ya conocida, sobre asuntos que le angustiaron anta\u00f1o y los que le preocupan actualmente, todos ellos relacionados con su manera de ver la vida y la siempre dif\u00edcil convivencia con los dem\u00e1s. Dice en alg\u00fan lugar: \u00abNo es f\u00e1cil intentar ser uno mismo y vivir con dignidad apoy\u00e1ndote solo en tus propias creencias\u00bb. Aunque haya algunos art\u00edculos que pueden clasificarse como autobiogr\u00e1ficos, el libro no lo es, ni tampoco una novela, ni un ensayo y est\u00e1 en sinton\u00eda con el estilo de sus publicaciones anteriores.","og_url":"https:\/\/letrame.com\/catalogo\/producto\/vivir-y-algunas-glosas\/","og_site_name":"Catalogo | Letrame Grupo Editorial","article_modified_time":"2024-08-13T08:34:33+00:00","og_image":[{"width":601,"height":935,"url":"https:\/\/letrame.com\/catalogo\/wp-content\/uploads\/2024\/04\/redportadaviviryalgunasglosas_1466mm-compressed.jpg","type":"image\/jpeg"}],"twitter_card":"summary_large_image","twitter_misc":{"Tiempo de lectura":"2 minutos"},"schema":{"@context":"https:\/\/schema.org","@graph":[{"@type":"WebPage","@id":"https:\/\/letrame.com\/catalogo\/producto\/vivir-y-algunas-glosas\/","url":"https:\/\/letrame.com\/catalogo\/producto\/vivir-y-algunas-glosas\/","name":"Vivir y algunas glosas - Catalogo | Letrame Grupo Editorial","isPartOf":{"@id":"https:\/\/letrame.com\/catalogo\/#website"},"primaryImageOfPage":{"@id":"https:\/\/letrame.com\/catalogo\/producto\/vivir-y-algunas-glosas\/#primaryimage"},"image":{"@id":"https:\/\/letrame.com\/catalogo\/producto\/vivir-y-algunas-glosas\/#primaryimage"},"thumbnailUrl":"https:\/\/letrame.com\/catalogo\/wp-content\/uploads\/2024\/04\/redportadaviviryalgunasglosas_1466mm-compressed.jpg","datePublished":"2024-04-29T12:29:50+00:00","dateModified":"2024-08-13T08:34:33+00:00","breadcrumb":{"@id":"https:\/\/letrame.com\/catalogo\/producto\/vivir-y-algunas-glosas\/#breadcrumb"},"inLanguage":"es","potentialAction":[{"@type":"ReadAction","target":["https:\/\/letrame.com\/catalogo\/producto\/vivir-y-algunas-glosas\/"]}]},{"@type":"ImageObject","inLanguage":"es","@id":"https:\/\/letrame.com\/catalogo\/producto\/vivir-y-algunas-glosas\/#primaryimage","url":"https:\/\/letrame.com\/catalogo\/wp-content\/uploads\/2024\/04\/redportadaviviryalgunasglosas_1466mm-compressed.jpg","contentUrl":"https:\/\/letrame.com\/catalogo\/wp-content\/uploads\/2024\/04\/redportadaviviryalgunasglosas_1466mm-compressed.jpg","width":601,"height":935},{"@type":"BreadcrumbList","@id":"https:\/\/letrame.com\/catalogo\/producto\/vivir-y-algunas-glosas\/#breadcrumb","itemListElement":[{"@type":"ListItem","position":1,"name":"Portada","item":"https:\/\/letrame.com\/catalogo\/"},{"@type":"ListItem","position":2,"name":"Cat\u00e1logo","item":"https:\/\/letrame.com\/catalogo\/"},{"@type":"ListItem","position":3,"name":"Vivir y algunas glosas"}]},{"@type":"WebSite","@id":"https:\/\/letrame.com\/catalogo\/#website","url":"https:\/\/letrame.com\/catalogo\/","name":"Catalogo | Letrame Grupo Editorial","description":"","publisher":{"@id":"https:\/\/letrame.com\/catalogo\/#organization"},"potentialAction":[{"@type":"SearchAction","target":{"@type":"EntryPoint","urlTemplate":"https:\/\/letrame.com\/catalogo\/?s={search_term_string}"},"query-input":{"@type":"PropertyValueSpecification","valueRequired":true,"valueName":"search_term_string"}}],"inLanguage":"es"},{"@type":"Organization","@id":"https:\/\/letrame.com\/catalogo\/#organization","name":"Catalogo | Letrame Grupo Editorial","url":"https:\/\/letrame.com\/catalogo\/","logo":{"@type":"ImageObject","inLanguage":"es","@id":"https:\/\/letrame.com\/catalogo\/#\/schema\/logo\/image\/","url":"https:\/\/letrame.com\/catalogo\/wp-content\/uploads\/2024\/03\/logo2.webp","contentUrl":"https:\/\/letrame.com\/catalogo\/wp-content\/uploads\/2024\/03\/logo2.webp","width":394,"height":128,"caption":"Catalogo | Letrame Grupo Editorial"},"image":{"@id":"https:\/\/letrame.com\/catalogo\/#\/schema\/logo\/image\/"}}]}},"_links":{"self":[{"href":"https:\/\/letrame.com\/catalogo\/wp-json\/wp\/v2\/product\/97785","targetHints":{"allow":["GET"]}}],"collection":[{"href":"https:\/\/letrame.com\/catalogo\/wp-json\/wp\/v2\/product"}],"about":[{"href":"https:\/\/letrame.com\/catalogo\/wp-json\/wp\/v2\/types\/product"}],"replies":[{"embeddable":true,"href":"https:\/\/letrame.com\/catalogo\/wp-json\/wp\/v2\/comments?post=97785"}],"acf:post":[{"embeddable":true,"href":"https:\/\/letrame.com\/catalogo\/wp-json\/wp\/v2\/author_book\/76343"}],"wp:featuredmedia":[{"embeddable":true,"href":"https:\/\/letrame.com\/catalogo\/wp-json\/wp\/v2\/media\/97786"}],"wp:attachment":[{"href":"https:\/\/letrame.com\/catalogo\/wp-json\/wp\/v2\/media?parent=97785"}],"wp:term":[{"taxonomy":"libro","embeddable":true,"href":"https:\/\/letrame.com\/catalogo\/wp-json\/wp\/v2\/libro?post=97785"},{"taxonomy":"product_brand","embeddable":true,"href":"https:\/\/letrame.com\/catalogo\/wp-json\/wp\/v2\/product_brand?post=97785"},{"taxonomy":"product_cat","embeddable":true,"href":"https:\/\/letrame.com\/catalogo\/wp-json\/wp\/v2\/product_cat?post=97785"},{"taxonomy":"product_tag","embeddable":true,"href":"https:\/\/letrame.com\/catalogo\/wp-json\/wp\/v2\/product_tag?post=97785"}],"curies":[{"name":"wp","href":"https:\/\/api.w.org\/{rel}","templated":true}]}}