{"id":97767,"date":"2024-04-29T14:29:12","date_gmt":"2024-04-29T12:29:12","guid":{"rendered":"https:\/\/letrame.com\/catalogo\/producto\/quedate-conmigo-aun-te-necesito\/"},"modified":"2024-08-13T10:49:35","modified_gmt":"2024-08-13T08:49:35","slug":"quedate-conmigo-aun-te-necesito","status":"publish","type":"product","link":"https:\/\/letrame.com\/catalogo\/producto\/quedate-conmigo-aun-te-necesito\/","title":{"rendered":"Qu\u00e9date conmigo. A\u00fan te necesito"},"content":{"rendered":"<p><strong>ISBN<\/strong>:978-84-1114-804-7<\/p>\n<p><strong>T\u00edtulo<\/strong>: <span data-sheets-value=\"{&quot;1&quot;:2,&quot;2&quot;:&quot;Qu\u00e9date conmigo. A\u00fan te necesito&quot;}\" data-sheets-userformat=\"{&quot;2&quot;:579,&quot;3&quot;:{&quot;1&quot;:0},&quot;4&quot;:{&quot;1&quot;:2,&quot;2&quot;:14281427},&quot;9&quot;:1,&quot;12&quot;:0}\">Qu\u00e9date conmigo. A\u00fan te necesito<\/span><\/p>\n<p><strong>Fecha<\/strong>: 2022<br \/>\n<strong>P\u00e1ginas<\/strong>: 294<\/p>\n<p><strong>SINOPSIS<\/strong><\/p>\n<p>\u00bfQue son los recuerdos, sino el paso del tiempo convertido en polvo?<\/p>\n<p>Adanna, joven, activa, alegre. Hasta que un accidente arruin\u00f3 su vida. Wilson, el joven que durante meses guard\u00f3 su coraz\u00f3n, hasta que ella despert\u00f3 de su sue\u00f1o. Nada volver\u00e1 a ser igual para ninguno de los dos. Lejos de la realidad, un libro de tapas doradas espera la continuaci\u00f3n de su historia.<\/p>\n<p>Venus, la princesa cuyo trono fue arrebatado. Benjamin, el joven al cual am\u00f3 y finalmente perdi\u00f3. La llegada de la antigua raza alada marcar\u00e1 un nuevo camino en sus vidas. La magia y la realidad se mezclan, dando forma a los engranajes que giran continuamente.<\/p>\n<p>Tres historias se vuelven dos, y la realidad se mezcla con la fantas\u00eda.<\/p>\n<p>&nbsp;<\/p>\n","protected":false},"excerpt":{"rendered":"<p><strong>ISBN<\/strong>:978-84-1114-804<\/p>\n<p><strong>SINOPSIS<\/strong><\/p>\n<p>\u00bfQue son los recuerdos, sino el paso del tiempo convertido en polvo?<\/p>\n<p>Adanna, joven, activa, alegre. Hasta que un accidente arruin\u00f3 su vida. Wilson, el joven que durante meses guard\u00f3 su coraz\u00f3n, hasta que ella despert\u00f3 de su sue\u00f1o. Nada volver\u00e1 a ser igual para ninguno de los dos. Lejos de la realidad, un libro de tapas doradas espera la continuaci\u00f3n de su historia.<\/p>\n<p>Venus, la princesa cuyo trono fue arrebatado. Benjamin, el joven al cual am\u00f3 y finalmente perdi\u00f3. La llegada de la antigua raza alada marcar\u00e1 un nuevo camino en sus vidas. La magia y la realidad se mezclan, dando forma a los engranajes que giran continuamente.<\/p>\n<p>Tres historias se vuelven dos, y la realidad se mezcla con la fantas\u00eda.<\/p>\n","protected":false},"featured_media":97768,"comment_status":"closed","ping_status":"closed","template":"","meta":{"_acf_changed":false},"libro":[],"product_brand":[],"product_cat":[16],"product_tag":[],"class_list":{"0":"post-97767","1":"product","2":"type-product","3":"status-publish","4":"has-post-thumbnail","6":"product_cat-novela","8":"first","9":"instock","10":"product-type-simple"},"acf":{"autor":[75677],"enlace_de_compra":"https:\/\/pau-ef-escritora.blogspot.com\/\/"},"yoast_head":"<!-- This site is optimized with the Yoast SEO plugin v27.4 - https:\/\/yoast.com\/product\/yoast-seo-wordpress\/ -->\n<title>Qu\u00e9date conmigo. A\u00fan te necesito - Catalogo | Letrame Grupo Editorial<\/title>\n<meta name=\"robots\" content=\"index, follow, max-snippet:-1, max-image-preview:large, max-video-preview:-1\" \/>\n<link rel=\"canonical\" href=\"https:\/\/letrame.com\/catalogo\/producto\/quedate-conmigo-aun-te-necesito\/\" \/>\n<meta property=\"og:locale\" content=\"es_ES\" \/>\n<meta property=\"og:type\" content=\"article\" \/>\n<meta property=\"og:title\" content=\"Qu\u00e9date conmigo. A\u00fan te necesito - Catalogo | Letrame Grupo Editorial\" \/>\n<meta property=\"og:description\" content=\"ISBN:978-84-1114-804  SINOPSIS  \u00bfQue son los recuerdos, sino el paso del tiempo convertido en polvo?  Adanna, joven, activa, alegre. Hasta que un accidente arruin\u00f3 su vida. Wilson, el joven que durante meses guard\u00f3 su coraz\u00f3n, hasta que ella despert\u00f3 de su sue\u00f1o. Nada volver\u00e1 a ser igual para ninguno de los dos. Lejos de la realidad, un libro de tapas doradas espera la continuaci\u00f3n de su historia.  Venus, la princesa cuyo trono fue arrebatado. Benjamin, el joven al cual am\u00f3 y finalmente perdi\u00f3. La llegada de la antigua raza alada marcar\u00e1 un nuevo camino en sus vidas. La magia y la realidad se mezclan, dando forma a los engranajes que giran continuamente.  Tres historias se vuelven dos, y la realidad se mezcla con la fantas\u00eda.\" \/>\n<meta property=\"og:url\" content=\"https:\/\/letrame.com\/catalogo\/producto\/quedate-conmigo-aun-te-necesito\/\" \/>\n<meta property=\"og:site_name\" content=\"Catalogo | Letrame Grupo Editorial\" \/>\n<meta property=\"article:modified_time\" content=\"2024-08-13T08:49:35+00:00\" \/>\n<meta property=\"og:image\" content=\"https:\/\/letrame.com\/catalogo\/wp-content\/uploads\/2024\/04\/redportada_quedateconmigo.jpg\" \/>\n\t<meta property=\"og:image:width\" content=\"601\" \/>\n\t<meta property=\"og:image:height\" content=\"917\" \/>\n\t<meta property=\"og:image:type\" content=\"image\/jpeg\" \/>\n<meta name=\"twitter:card\" content=\"summary_large_image\" \/>\n<meta name=\"twitter:label1\" content=\"Tiempo de lectura\" \/>\n\t<meta name=\"twitter:data1\" content=\"1 minuto\" \/>\n<script type=\"application\/ld+json\" class=\"yoast-schema-graph\">{\"@context\":\"https:\\\/\\\/schema.org\",\"@graph\":[{\"@type\":\"WebPage\",\"@id\":\"https:\\\/\\\/letrame.com\\\/catalogo\\\/producto\\\/quedate-conmigo-aun-te-necesito\\\/\",\"url\":\"https:\\\/\\\/letrame.com\\\/catalogo\\\/producto\\\/quedate-conmigo-aun-te-necesito\\\/\",\"name\":\"Qu\u00e9date conmigo. A\u00fan te necesito - Catalogo | Letrame Grupo Editorial\",\"isPartOf\":{\"@id\":\"https:\\\/\\\/letrame.com\\\/catalogo\\\/#website\"},\"primaryImageOfPage\":{\"@id\":\"https:\\\/\\\/letrame.com\\\/catalogo\\\/producto\\\/quedate-conmigo-aun-te-necesito\\\/#primaryimage\"},\"image\":{\"@id\":\"https:\\\/\\\/letrame.com\\\/catalogo\\\/producto\\\/quedate-conmigo-aun-te-necesito\\\/#primaryimage\"},\"thumbnailUrl\":\"https:\\\/\\\/letrame.com\\\/catalogo\\\/wp-content\\\/uploads\\\/2024\\\/04\\\/redportada_quedateconmigo.jpg\",\"datePublished\":\"2024-04-29T12:29:12+00:00\",\"dateModified\":\"2024-08-13T08:49:35+00:00\",\"breadcrumb\":{\"@id\":\"https:\\\/\\\/letrame.com\\\/catalogo\\\/producto\\\/quedate-conmigo-aun-te-necesito\\\/#breadcrumb\"},\"inLanguage\":\"es\",\"potentialAction\":[{\"@type\":\"ReadAction\",\"target\":[\"https:\\\/\\\/letrame.com\\\/catalogo\\\/producto\\\/quedate-conmigo-aun-te-necesito\\\/\"]}]},{\"@type\":\"ImageObject\",\"inLanguage\":\"es\",\"@id\":\"https:\\\/\\\/letrame.com\\\/catalogo\\\/producto\\\/quedate-conmigo-aun-te-necesito\\\/#primaryimage\",\"url\":\"https:\\\/\\\/letrame.com\\\/catalogo\\\/wp-content\\\/uploads\\\/2024\\\/04\\\/redportada_quedateconmigo.jpg\",\"contentUrl\":\"https:\\\/\\\/letrame.com\\\/catalogo\\\/wp-content\\\/uploads\\\/2024\\\/04\\\/redportada_quedateconmigo.jpg\",\"width\":601,\"height\":917},{\"@type\":\"BreadcrumbList\",\"@id\":\"https:\\\/\\\/letrame.com\\\/catalogo\\\/producto\\\/quedate-conmigo-aun-te-necesito\\\/#breadcrumb\",\"itemListElement\":[{\"@type\":\"ListItem\",\"position\":1,\"name\":\"Portada\",\"item\":\"https:\\\/\\\/letrame.com\\\/catalogo\\\/\"},{\"@type\":\"ListItem\",\"position\":2,\"name\":\"Cat\u00e1logo\",\"item\":\"https:\\\/\\\/letrame.com\\\/catalogo\\\/\"},{\"@type\":\"ListItem\",\"position\":3,\"name\":\"Qu\u00e9date conmigo. A\u00fan te necesito\"}]},{\"@type\":\"WebSite\",\"@id\":\"https:\\\/\\\/letrame.com\\\/catalogo\\\/#website\",\"url\":\"https:\\\/\\\/letrame.com\\\/catalogo\\\/\",\"name\":\"Catalogo | Letrame Grupo Editorial\",\"description\":\"\",\"publisher\":{\"@id\":\"https:\\\/\\\/letrame.com\\\/catalogo\\\/#organization\"},\"potentialAction\":[{\"@type\":\"SearchAction\",\"target\":{\"@type\":\"EntryPoint\",\"urlTemplate\":\"https:\\\/\\\/letrame.com\\\/catalogo\\\/?s={search_term_string}\"},\"query-input\":{\"@type\":\"PropertyValueSpecification\",\"valueRequired\":true,\"valueName\":\"search_term_string\"}}],\"inLanguage\":\"es\"},{\"@type\":\"Organization\",\"@id\":\"https:\\\/\\\/letrame.com\\\/catalogo\\\/#organization\",\"name\":\"Catalogo | Letrame Grupo Editorial\",\"url\":\"https:\\\/\\\/letrame.com\\\/catalogo\\\/\",\"logo\":{\"@type\":\"ImageObject\",\"inLanguage\":\"es\",\"@id\":\"https:\\\/\\\/letrame.com\\\/catalogo\\\/#\\\/schema\\\/logo\\\/image\\\/\",\"url\":\"https:\\\/\\\/letrame.com\\\/catalogo\\\/wp-content\\\/uploads\\\/2024\\\/03\\\/logo2.webp\",\"contentUrl\":\"https:\\\/\\\/letrame.com\\\/catalogo\\\/wp-content\\\/uploads\\\/2024\\\/03\\\/logo2.webp\",\"width\":394,\"height\":128,\"caption\":\"Catalogo | Letrame Grupo Editorial\"},\"image\":{\"@id\":\"https:\\\/\\\/letrame.com\\\/catalogo\\\/#\\\/schema\\\/logo\\\/image\\\/\"}}]}<\/script>\n<!-- \/ Yoast SEO plugin. -->","yoast_head_json":{"title":"Qu\u00e9date conmigo. A\u00fan te necesito - Catalogo | Letrame Grupo Editorial","robots":{"index":"index","follow":"follow","max-snippet":"max-snippet:-1","max-image-preview":"max-image-preview:large","max-video-preview":"max-video-preview:-1"},"canonical":"https:\/\/letrame.com\/catalogo\/producto\/quedate-conmigo-aun-te-necesito\/","og_locale":"es_ES","og_type":"article","og_title":"Qu\u00e9date conmigo. A\u00fan te necesito - Catalogo | Letrame Grupo Editorial","og_description":"ISBN:978-84-1114-804  SINOPSIS  \u00bfQue son los recuerdos, sino el paso del tiempo convertido en polvo?  Adanna, joven, activa, alegre. Hasta que un accidente arruin\u00f3 su vida. Wilson, el joven que durante meses guard\u00f3 su coraz\u00f3n, hasta que ella despert\u00f3 de su sue\u00f1o. Nada volver\u00e1 a ser igual para ninguno de los dos. Lejos de la realidad, un libro de tapas doradas espera la continuaci\u00f3n de su historia.  Venus, la princesa cuyo trono fue arrebatado. Benjamin, el joven al cual am\u00f3 y finalmente perdi\u00f3. La llegada de la antigua raza alada marcar\u00e1 un nuevo camino en sus vidas. La magia y la realidad se mezclan, dando forma a los engranajes que giran continuamente.  Tres historias se vuelven dos, y la realidad se mezcla con la fantas\u00eda.","og_url":"https:\/\/letrame.com\/catalogo\/producto\/quedate-conmigo-aun-te-necesito\/","og_site_name":"Catalogo | Letrame Grupo Editorial","article_modified_time":"2024-08-13T08:49:35+00:00","og_image":[{"width":601,"height":917,"url":"https:\/\/letrame.com\/catalogo\/wp-content\/uploads\/2024\/04\/redportada_quedateconmigo.jpg","type":"image\/jpeg"}],"twitter_card":"summary_large_image","twitter_misc":{"Tiempo de lectura":"1 minuto"},"schema":{"@context":"https:\/\/schema.org","@graph":[{"@type":"WebPage","@id":"https:\/\/letrame.com\/catalogo\/producto\/quedate-conmigo-aun-te-necesito\/","url":"https:\/\/letrame.com\/catalogo\/producto\/quedate-conmigo-aun-te-necesito\/","name":"Qu\u00e9date conmigo. A\u00fan te necesito - Catalogo | Letrame Grupo Editorial","isPartOf":{"@id":"https:\/\/letrame.com\/catalogo\/#website"},"primaryImageOfPage":{"@id":"https:\/\/letrame.com\/catalogo\/producto\/quedate-conmigo-aun-te-necesito\/#primaryimage"},"image":{"@id":"https:\/\/letrame.com\/catalogo\/producto\/quedate-conmigo-aun-te-necesito\/#primaryimage"},"thumbnailUrl":"https:\/\/letrame.com\/catalogo\/wp-content\/uploads\/2024\/04\/redportada_quedateconmigo.jpg","datePublished":"2024-04-29T12:29:12+00:00","dateModified":"2024-08-13T08:49:35+00:00","breadcrumb":{"@id":"https:\/\/letrame.com\/catalogo\/producto\/quedate-conmigo-aun-te-necesito\/#breadcrumb"},"inLanguage":"es","potentialAction":[{"@type":"ReadAction","target":["https:\/\/letrame.com\/catalogo\/producto\/quedate-conmigo-aun-te-necesito\/"]}]},{"@type":"ImageObject","inLanguage":"es","@id":"https:\/\/letrame.com\/catalogo\/producto\/quedate-conmigo-aun-te-necesito\/#primaryimage","url":"https:\/\/letrame.com\/catalogo\/wp-content\/uploads\/2024\/04\/redportada_quedateconmigo.jpg","contentUrl":"https:\/\/letrame.com\/catalogo\/wp-content\/uploads\/2024\/04\/redportada_quedateconmigo.jpg","width":601,"height":917},{"@type":"BreadcrumbList","@id":"https:\/\/letrame.com\/catalogo\/producto\/quedate-conmigo-aun-te-necesito\/#breadcrumb","itemListElement":[{"@type":"ListItem","position":1,"name":"Portada","item":"https:\/\/letrame.com\/catalogo\/"},{"@type":"ListItem","position":2,"name":"Cat\u00e1logo","item":"https:\/\/letrame.com\/catalogo\/"},{"@type":"ListItem","position":3,"name":"Qu\u00e9date conmigo. A\u00fan te necesito"}]},{"@type":"WebSite","@id":"https:\/\/letrame.com\/catalogo\/#website","url":"https:\/\/letrame.com\/catalogo\/","name":"Catalogo | Letrame Grupo Editorial","description":"","publisher":{"@id":"https:\/\/letrame.com\/catalogo\/#organization"},"potentialAction":[{"@type":"SearchAction","target":{"@type":"EntryPoint","urlTemplate":"https:\/\/letrame.com\/catalogo\/?s={search_term_string}"},"query-input":{"@type":"PropertyValueSpecification","valueRequired":true,"valueName":"search_term_string"}}],"inLanguage":"es"},{"@type":"Organization","@id":"https:\/\/letrame.com\/catalogo\/#organization","name":"Catalogo | Letrame Grupo Editorial","url":"https:\/\/letrame.com\/catalogo\/","logo":{"@type":"ImageObject","inLanguage":"es","@id":"https:\/\/letrame.com\/catalogo\/#\/schema\/logo\/image\/","url":"https:\/\/letrame.com\/catalogo\/wp-content\/uploads\/2024\/03\/logo2.webp","contentUrl":"https:\/\/letrame.com\/catalogo\/wp-content\/uploads\/2024\/03\/logo2.webp","width":394,"height":128,"caption":"Catalogo | Letrame Grupo Editorial"},"image":{"@id":"https:\/\/letrame.com\/catalogo\/#\/schema\/logo\/image\/"}}]}},"_links":{"self":[{"href":"https:\/\/letrame.com\/catalogo\/wp-json\/wp\/v2\/product\/97767","targetHints":{"allow":["GET"]}}],"collection":[{"href":"https:\/\/letrame.com\/catalogo\/wp-json\/wp\/v2\/product"}],"about":[{"href":"https:\/\/letrame.com\/catalogo\/wp-json\/wp\/v2\/types\/product"}],"replies":[{"embeddable":true,"href":"https:\/\/letrame.com\/catalogo\/wp-json\/wp\/v2\/comments?post=97767"}],"acf:post":[{"embeddable":true,"href":"https:\/\/letrame.com\/catalogo\/wp-json\/wp\/v2\/author_book\/75677"}],"wp:featuredmedia":[{"embeddable":true,"href":"https:\/\/letrame.com\/catalogo\/wp-json\/wp\/v2\/media\/97768"}],"wp:attachment":[{"href":"https:\/\/letrame.com\/catalogo\/wp-json\/wp\/v2\/media?parent=97767"}],"wp:term":[{"taxonomy":"libro","embeddable":true,"href":"https:\/\/letrame.com\/catalogo\/wp-json\/wp\/v2\/libro?post=97767"},{"taxonomy":"product_brand","embeddable":true,"href":"https:\/\/letrame.com\/catalogo\/wp-json\/wp\/v2\/product_brand?post=97767"},{"taxonomy":"product_cat","embeddable":true,"href":"https:\/\/letrame.com\/catalogo\/wp-json\/wp\/v2\/product_cat?post=97767"},{"taxonomy":"product_tag","embeddable":true,"href":"https:\/\/letrame.com\/catalogo\/wp-json\/wp\/v2\/product_tag?post=97767"}],"curies":[{"name":"wp","href":"https:\/\/api.w.org\/{rel}","templated":true}]}}