{"id":97750,"date":"2024-04-29T14:27:55","date_gmt":"2024-04-29T12:27:55","guid":{"rendered":"https:\/\/letrame.com\/catalogo\/producto\/sed-de-aire\/"},"modified":"2024-04-29T14:28:02","modified_gmt":"2024-04-29T12:28:02","slug":"sed-de-aire","status":"publish","type":"product","link":"https:\/\/letrame.com\/catalogo\/producto\/sed-de-aire\/","title":{"rendered":"Sed de aire"},"content":{"rendered":"<p><strong>ISBN<\/strong>:978-84-1114-743-9<\/p>\n<p><strong>T\u00edtulo<\/strong>: <span data-sheets-value=\"{&quot;1&quot;:2,&quot;2&quot;:&quot;Sed de aire&quot;}\" data-sheets-userformat=\"{&quot;2&quot;:579,&quot;3&quot;:{&quot;1&quot;:0},&quot;4&quot;:{&quot;1&quot;:2,&quot;2&quot;:14281427},&quot;9&quot;:1,&quot;12&quot;:0}\">Sed de aire<\/span><\/p>\n<p><strong>Fecha<\/strong>: 2022<br \/>\n<strong>P\u00e1ginas<\/strong>: 510<\/p>\n<p><strong>SINOPSIS<\/strong><\/p>\n<p><strong>Pedro Alonso Madero, un empresario de San Toul trabajador desde temprana edad, ha consolidado el \u00e9xito en su entorno viviendo cada momento de manera intensa y agitada. Inicia el a\u00f1o de la mejor forma sin imaginar los acontecimientos que deber\u00e1 afrontar.\u00a0\u00a0<\/strong><\/p>\n<p><strong>El aleteo de un murci\u00e9lago desat\u00f3 el caos. La llegada del virus cambi\u00f3 todo. En ese instante el mundo se detuvo. Cada uno trat\u00f3 de descifrar a su manera la nueva realidad, afrontando de diversas formas la letal amenaza. Con el paso del tiempo la realidad compet\u00eda con el miedo a lo desconocido apoyados en la infodemia, tan letal como el silente reci\u00e9n llegado.\u00a0<\/strong><\/p>\n<p><strong>\u00a0<\/strong><strong>Los singulares hechos de esta narraci\u00f3n, que conjugan la teor\u00eda del caos y una suerte de conspiraci\u00f3n global, son hechos t\u00edpicos de los a\u00f1os que incluyen el d\u00eda fantasma que tiene como caracter\u00edstica el signo de la cliodin\u00e1mica.\u00a0<\/strong><\/p>\n<p><strong>\u00a0<\/strong><strong>Encontrar la verdad generar\u00e1 el inicio del fin para muchos de los que hacen parte de este relato.<\/strong><\/p>\n","protected":false},"excerpt":{"rendered":"<p><strong>ISBN<\/strong>:978-84-1114-743-9<\/p>\n<p><strong>SINOPSIS<\/strong><\/p>\n<p><strong>Pedro Alonso Madero, un empresario de San Toul trabajador desde temprana edad, ha consolidado el \u00e9xito en su entorno viviendo cada momento de manera intensa y agitada. Inicia el a\u00f1o de la mejor forma sin imaginar los acontecimientos que deber\u00e1 afrontar.\u00a0\u00a0<\/strong><\/p>\n<p><strong>El aleteo de un murci\u00e9lago desat\u00f3 el caos. La llegada del virus cambi\u00f3 todo. En ese instante el mundo se detuvo. Cada uno trat\u00f3 de descifrar a su manera la nueva realidad, afrontando de diversas formas la letal amenaza. Con el paso del tiempo la realidad compet\u00eda con el miedo a lo desconocido apoyados en la infodemia, tan letal como el silente reci\u00e9n llegado.\u00a0<\/strong><\/p>\n<p><strong>\u00a0<\/strong><strong>Los singulares hechos de esta narraci\u00f3n, que conjugan la teor\u00eda del caos y una suerte de conspiraci\u00f3n global, son hechos t\u00edpicos de los a\u00f1os que incluyen el d\u00eda fantasma que tiene como caracter\u00edstica el signo de la cliodin\u00e1mica.\u00a0<\/strong><\/p>\n<p><strong>\u00a0<\/strong><strong>Encontrar la verdad generar\u00e1 el inicio del fin para muchos de los que hacen parte de este relato.<\/strong><\/p>\n","protected":false},"featured_media":97751,"comment_status":"closed","ping_status":"open","template":"","meta":{"_acf_changed":false},"libro":[],"product_brand":[],"product_cat":[16],"product_tag":[],"class_list":{"0":"post-97750","1":"product","2":"type-product","3":"status-publish","4":"has-post-thumbnail","6":"product_cat-novela","8":"first","9":"instock","10":"product-type-simple"},"acf":{"autor":[76314],"enlace_de_compra":"https:\/\/www.amazon.es\/Sed-aire-Entresijos-una-pandemia\/dp\/8411147436\/"},"yoast_head":"<!-- This site is optimized with the Yoast SEO plugin v26.6 - https:\/\/yoast.com\/wordpress\/plugins\/seo\/ -->\n<title>Sed de aire - Catalogo | Letrame Grupo Editorial<\/title>\n<meta name=\"robots\" content=\"index, follow, max-snippet:-1, max-image-preview:large, max-video-preview:-1\" \/>\n<link rel=\"canonical\" href=\"https:\/\/letrame.com\/catalogo\/producto\/sed-de-aire\/\" \/>\n<meta property=\"og:locale\" content=\"es_ES\" \/>\n<meta property=\"og:type\" content=\"article\" \/>\n<meta property=\"og:title\" content=\"Sed de aire - Catalogo | Letrame Grupo Editorial\" \/>\n<meta property=\"og:description\" content=\"ISBN:978-84-1114-743-9 SINOPSIS Pedro Alonso Madero, un empresario de San Toul trabajador desde temprana edad, ha consolidado el \u00e9xito en su entorno viviendo cada momento de manera intensa y agitada. Inicia el a\u00f1o de la mejor forma sin imaginar los acontecimientos que deber\u00e1 afrontar.\u00a0\u00a0 El aleteo de un murci\u00e9lago desat\u00f3 el caos. La llegada del virus cambi\u00f3 todo. En ese instante el mundo se detuvo. Cada uno trat\u00f3 de descifrar a su manera la nueva realidad, afrontando de diversas formas la letal amenaza. Con el paso del tiempo la realidad compet\u00eda con el miedo a lo desconocido apoyados en la infodemia, tan letal como el silente reci\u00e9n llegado.\u00a0 \u00a0Los singulares hechos de esta narraci\u00f3n, que conjugan la teor\u00eda del caos y una suerte de conspiraci\u00f3n global, son hechos t\u00edpicos de los a\u00f1os que incluyen el d\u00eda fantasma que tiene como caracter\u00edstica el signo de la cliodin\u00e1mica.\u00a0 \u00a0Encontrar la verdad generar\u00e1 el inicio del fin para muchos de los que hacen parte de este relato.\" \/>\n<meta property=\"og:url\" content=\"https:\/\/letrame.com\/catalogo\/producto\/sed-de-aire\/\" \/>\n<meta property=\"og:site_name\" content=\"Catalogo | Letrame Grupo Editorial\" \/>\n<meta property=\"article:modified_time\" content=\"2024-04-29T12:28:02+00:00\" \/>\n<meta property=\"og:image\" content=\"https:\/\/letrame.com\/catalogo\/wp-content\/uploads\/2024\/04\/redportada_seddeaire_2462mm.jpg\" \/>\n\t<meta property=\"og:image:width\" content=\"601\" \/>\n\t<meta property=\"og:image:height\" content=\"881\" \/>\n\t<meta property=\"og:image:type\" content=\"image\/jpeg\" \/>\n<meta name=\"twitter:card\" content=\"summary_large_image\" \/>\n<meta name=\"twitter:label1\" content=\"Tiempo de lectura\" \/>\n\t<meta name=\"twitter:data1\" content=\"1 minuto\" \/>\n<script type=\"application\/ld+json\" class=\"yoast-schema-graph\">{\"@context\":\"https:\/\/schema.org\",\"@graph\":[{\"@type\":\"WebPage\",\"@id\":\"https:\/\/letrame.com\/catalogo\/producto\/sed-de-aire\/\",\"url\":\"https:\/\/letrame.com\/catalogo\/producto\/sed-de-aire\/\",\"name\":\"Sed de aire - Catalogo | Letrame Grupo Editorial\",\"isPartOf\":{\"@id\":\"https:\/\/letrame.com\/catalogo\/#website\"},\"primaryImageOfPage\":{\"@id\":\"https:\/\/letrame.com\/catalogo\/producto\/sed-de-aire\/#primaryimage\"},\"image\":{\"@id\":\"https:\/\/letrame.com\/catalogo\/producto\/sed-de-aire\/#primaryimage\"},\"thumbnailUrl\":\"https:\/\/letrame.com\/catalogo\/wp-content\/uploads\/2024\/04\/redportada_seddeaire_2462mm.jpg\",\"datePublished\":\"2024-04-29T12:27:55+00:00\",\"dateModified\":\"2024-04-29T12:28:02+00:00\",\"breadcrumb\":{\"@id\":\"https:\/\/letrame.com\/catalogo\/producto\/sed-de-aire\/#breadcrumb\"},\"inLanguage\":\"es\",\"potentialAction\":[{\"@type\":\"ReadAction\",\"target\":[\"https:\/\/letrame.com\/catalogo\/producto\/sed-de-aire\/\"]}]},{\"@type\":\"ImageObject\",\"inLanguage\":\"es\",\"@id\":\"https:\/\/letrame.com\/catalogo\/producto\/sed-de-aire\/#primaryimage\",\"url\":\"https:\/\/letrame.com\/catalogo\/wp-content\/uploads\/2024\/04\/redportada_seddeaire_2462mm.jpg\",\"contentUrl\":\"https:\/\/letrame.com\/catalogo\/wp-content\/uploads\/2024\/04\/redportada_seddeaire_2462mm.jpg\",\"width\":601,\"height\":881},{\"@type\":\"BreadcrumbList\",\"@id\":\"https:\/\/letrame.com\/catalogo\/producto\/sed-de-aire\/#breadcrumb\",\"itemListElement\":[{\"@type\":\"ListItem\",\"position\":1,\"name\":\"Portada\",\"item\":\"https:\/\/letrame.com\/catalogo\/\"},{\"@type\":\"ListItem\",\"position\":2,\"name\":\"Cat\u00e1logo\",\"item\":\"https:\/\/letrame.com\/catalogo\/\"},{\"@type\":\"ListItem\",\"position\":3,\"name\":\"Sed de aire\"}]},{\"@type\":\"WebSite\",\"@id\":\"https:\/\/letrame.com\/catalogo\/#website\",\"url\":\"https:\/\/letrame.com\/catalogo\/\",\"name\":\"Catalogo | Letrame Grupo Editorial\",\"description\":\"\",\"publisher\":{\"@id\":\"https:\/\/letrame.com\/catalogo\/#organization\"},\"potentialAction\":[{\"@type\":\"SearchAction\",\"target\":{\"@type\":\"EntryPoint\",\"urlTemplate\":\"https:\/\/letrame.com\/catalogo\/?s={search_term_string}\"},\"query-input\":{\"@type\":\"PropertyValueSpecification\",\"valueRequired\":true,\"valueName\":\"search_term_string\"}}],\"inLanguage\":\"es\"},{\"@type\":\"Organization\",\"@id\":\"https:\/\/letrame.com\/catalogo\/#organization\",\"name\":\"Catalogo | Letrame Grupo Editorial\",\"url\":\"https:\/\/letrame.com\/catalogo\/\",\"logo\":{\"@type\":\"ImageObject\",\"inLanguage\":\"es\",\"@id\":\"https:\/\/letrame.com\/catalogo\/#\/schema\/logo\/image\/\",\"url\":\"https:\/\/letrame.com\/catalogo\/wp-content\/uploads\/2024\/03\/logo2.webp\",\"contentUrl\":\"https:\/\/letrame.com\/catalogo\/wp-content\/uploads\/2024\/03\/logo2.webp\",\"width\":394,\"height\":128,\"caption\":\"Catalogo | Letrame Grupo Editorial\"},\"image\":{\"@id\":\"https:\/\/letrame.com\/catalogo\/#\/schema\/logo\/image\/\"}}]}<\/script>\n<!-- \/ Yoast SEO plugin. -->","yoast_head_json":{"title":"Sed de aire - Catalogo | Letrame Grupo Editorial","robots":{"index":"index","follow":"follow","max-snippet":"max-snippet:-1","max-image-preview":"max-image-preview:large","max-video-preview":"max-video-preview:-1"},"canonical":"https:\/\/letrame.com\/catalogo\/producto\/sed-de-aire\/","og_locale":"es_ES","og_type":"article","og_title":"Sed de aire - Catalogo | Letrame Grupo Editorial","og_description":"ISBN:978-84-1114-743-9 SINOPSIS Pedro Alonso Madero, un empresario de San Toul trabajador desde temprana edad, ha consolidado el \u00e9xito en su entorno viviendo cada momento de manera intensa y agitada. Inicia el a\u00f1o de la mejor forma sin imaginar los acontecimientos que deber\u00e1 afrontar.\u00a0\u00a0 El aleteo de un murci\u00e9lago desat\u00f3 el caos. La llegada del virus cambi\u00f3 todo. En ese instante el mundo se detuvo. Cada uno trat\u00f3 de descifrar a su manera la nueva realidad, afrontando de diversas formas la letal amenaza. Con el paso del tiempo la realidad compet\u00eda con el miedo a lo desconocido apoyados en la infodemia, tan letal como el silente reci\u00e9n llegado.\u00a0 \u00a0Los singulares hechos de esta narraci\u00f3n, que conjugan la teor\u00eda del caos y una suerte de conspiraci\u00f3n global, son hechos t\u00edpicos de los a\u00f1os que incluyen el d\u00eda fantasma que tiene como caracter\u00edstica el signo de la cliodin\u00e1mica.\u00a0 \u00a0Encontrar la verdad generar\u00e1 el inicio del fin para muchos de los que hacen parte de este relato.","og_url":"https:\/\/letrame.com\/catalogo\/producto\/sed-de-aire\/","og_site_name":"Catalogo | Letrame Grupo Editorial","article_modified_time":"2024-04-29T12:28:02+00:00","og_image":[{"width":601,"height":881,"url":"https:\/\/letrame.com\/catalogo\/wp-content\/uploads\/2024\/04\/redportada_seddeaire_2462mm.jpg","type":"image\/jpeg"}],"twitter_card":"summary_large_image","twitter_misc":{"Tiempo de lectura":"1 minuto"},"schema":{"@context":"https:\/\/schema.org","@graph":[{"@type":"WebPage","@id":"https:\/\/letrame.com\/catalogo\/producto\/sed-de-aire\/","url":"https:\/\/letrame.com\/catalogo\/producto\/sed-de-aire\/","name":"Sed de aire - Catalogo | Letrame Grupo Editorial","isPartOf":{"@id":"https:\/\/letrame.com\/catalogo\/#website"},"primaryImageOfPage":{"@id":"https:\/\/letrame.com\/catalogo\/producto\/sed-de-aire\/#primaryimage"},"image":{"@id":"https:\/\/letrame.com\/catalogo\/producto\/sed-de-aire\/#primaryimage"},"thumbnailUrl":"https:\/\/letrame.com\/catalogo\/wp-content\/uploads\/2024\/04\/redportada_seddeaire_2462mm.jpg","datePublished":"2024-04-29T12:27:55+00:00","dateModified":"2024-04-29T12:28:02+00:00","breadcrumb":{"@id":"https:\/\/letrame.com\/catalogo\/producto\/sed-de-aire\/#breadcrumb"},"inLanguage":"es","potentialAction":[{"@type":"ReadAction","target":["https:\/\/letrame.com\/catalogo\/producto\/sed-de-aire\/"]}]},{"@type":"ImageObject","inLanguage":"es","@id":"https:\/\/letrame.com\/catalogo\/producto\/sed-de-aire\/#primaryimage","url":"https:\/\/letrame.com\/catalogo\/wp-content\/uploads\/2024\/04\/redportada_seddeaire_2462mm.jpg","contentUrl":"https:\/\/letrame.com\/catalogo\/wp-content\/uploads\/2024\/04\/redportada_seddeaire_2462mm.jpg","width":601,"height":881},{"@type":"BreadcrumbList","@id":"https:\/\/letrame.com\/catalogo\/producto\/sed-de-aire\/#breadcrumb","itemListElement":[{"@type":"ListItem","position":1,"name":"Portada","item":"https:\/\/letrame.com\/catalogo\/"},{"@type":"ListItem","position":2,"name":"Cat\u00e1logo","item":"https:\/\/letrame.com\/catalogo\/"},{"@type":"ListItem","position":3,"name":"Sed de aire"}]},{"@type":"WebSite","@id":"https:\/\/letrame.com\/catalogo\/#website","url":"https:\/\/letrame.com\/catalogo\/","name":"Catalogo | Letrame Grupo Editorial","description":"","publisher":{"@id":"https:\/\/letrame.com\/catalogo\/#organization"},"potentialAction":[{"@type":"SearchAction","target":{"@type":"EntryPoint","urlTemplate":"https:\/\/letrame.com\/catalogo\/?s={search_term_string}"},"query-input":{"@type":"PropertyValueSpecification","valueRequired":true,"valueName":"search_term_string"}}],"inLanguage":"es"},{"@type":"Organization","@id":"https:\/\/letrame.com\/catalogo\/#organization","name":"Catalogo | Letrame Grupo Editorial","url":"https:\/\/letrame.com\/catalogo\/","logo":{"@type":"ImageObject","inLanguage":"es","@id":"https:\/\/letrame.com\/catalogo\/#\/schema\/logo\/image\/","url":"https:\/\/letrame.com\/catalogo\/wp-content\/uploads\/2024\/03\/logo2.webp","contentUrl":"https:\/\/letrame.com\/catalogo\/wp-content\/uploads\/2024\/03\/logo2.webp","width":394,"height":128,"caption":"Catalogo | Letrame Grupo Editorial"},"image":{"@id":"https:\/\/letrame.com\/catalogo\/#\/schema\/logo\/image\/"}}]}},"_links":{"self":[{"href":"https:\/\/letrame.com\/catalogo\/wp-json\/wp\/v2\/product\/97750","targetHints":{"allow":["GET"]}}],"collection":[{"href":"https:\/\/letrame.com\/catalogo\/wp-json\/wp\/v2\/product"}],"about":[{"href":"https:\/\/letrame.com\/catalogo\/wp-json\/wp\/v2\/types\/product"}],"replies":[{"embeddable":true,"href":"https:\/\/letrame.com\/catalogo\/wp-json\/wp\/v2\/comments?post=97750"}],"acf:post":[{"embeddable":true,"href":"https:\/\/letrame.com\/catalogo\/wp-json\/wp\/v2\/author_book\/76314"}],"wp:featuredmedia":[{"embeddable":true,"href":"https:\/\/letrame.com\/catalogo\/wp-json\/wp\/v2\/media\/97751"}],"wp:attachment":[{"href":"https:\/\/letrame.com\/catalogo\/wp-json\/wp\/v2\/media?parent=97750"}],"wp:term":[{"taxonomy":"libro","embeddable":true,"href":"https:\/\/letrame.com\/catalogo\/wp-json\/wp\/v2\/libro?post=97750"},{"taxonomy":"product_brand","embeddable":true,"href":"https:\/\/letrame.com\/catalogo\/wp-json\/wp\/v2\/product_brand?post=97750"},{"taxonomy":"product_cat","embeddable":true,"href":"https:\/\/letrame.com\/catalogo\/wp-json\/wp\/v2\/product_cat?post=97750"},{"taxonomy":"product_tag","embeddable":true,"href":"https:\/\/letrame.com\/catalogo\/wp-json\/wp\/v2\/product_tag?post=97750"}],"curies":[{"name":"wp","href":"https:\/\/api.w.org\/{rel}","templated":true}]}}