{"id":97746,"date":"2024-04-29T14:27:55","date_gmt":"2024-04-29T12:27:55","guid":{"rendered":"https:\/\/letrame.com\/catalogo\/producto\/luna-celta\/"},"modified":"2024-04-29T14:27:55","modified_gmt":"2024-04-29T12:27:55","slug":"luna-celta","status":"publish","type":"product","link":"https:\/\/letrame.com\/catalogo\/producto\/luna-celta\/","title":{"rendered":"Luna celta"},"content":{"rendered":"<p><strong>ISBN<\/strong>:978-84-1114-276-2<\/p>\n<p><strong>T\u00edtulo<\/strong>: <span data-sheets-value=\"{&quot;1&quot;:2,&quot;2&quot;:&quot;Luna celta&quot;}\" data-sheets-userformat=\"{&quot;2&quot;:579,&quot;3&quot;:{&quot;1&quot;:0},&quot;4&quot;:{&quot;1&quot;:2,&quot;2&quot;:14281427},&quot;9&quot;:1,&quot;12&quot;:0}\">Luna celta<\/span><\/p>\n<p><strong>Fecha<\/strong>:2022<br \/>\n<strong>P\u00e1ginas<\/strong>: 118<\/p>\n<p><strong>SINOPSIS<\/strong><\/p>\n<p><strong>Luna Celta <\/strong>es en esencia un camino pintoresco, invita a sus lectores a sumergirse en las profundidades de la luz plateada, sonre\u00edrle a la bella y misteriosa fuente de inspiraci\u00f3n de los vates. Embriagando de emoci\u00f3n e iluminaci\u00f3n a los rom\u00e1nticos y enamorados, quienes visiten estas p\u00e1ginas se dejar\u00e1n llevar por la fuerza transformadora que acompa\u00f1a las aventuras desconocidas del amor.<\/p>\n<p>Escrita en un viaje de retorno, la lectura de este poemario es ideal para acompa\u00f1ar las ma\u00f1anas reflexivas, contemplar las fases de la luna, tranquilizar la mente, disfrutar de los espacios, perderse y encontrarse, escuchar el soundtrack de tu vida, disfrutando sorbo a sorbo los instantes de conexi\u00f3n interior.<\/p>\n<p>Como una caricia, con olor a modernidad amaderada con los amores que evocan al pasado rom\u00e1ntico, a tiempos de aqu\u00ed y ahora, realidades presentes y deseos en la mente, es una ruta sublime, melanc\u00f3lica, intensa, profundamente c\u00edclica, como la Luna que todos llevamos dentro.<\/p>\n<p>En palabras del cr\u00edtico favorito, sencillamente es como una flor de luz tornasol.<\/p>\n","protected":false},"excerpt":{"rendered":"<p><strong>ISBN<\/strong>:978-84-1114-276-2<\/p>\n<p><strong>SINOPSIS<\/strong><\/p>\n<p><strong>Luna Celta <\/strong>es en esencia un camino pintoresco, invita a sus lectores a sumergirse en las profundidades de la luz plateada, sonre\u00edrle a la bella y misteriosa fuente de inspiraci\u00f3n de los vates. Embriagando de emoci\u00f3n e iluminaci\u00f3n a los rom\u00e1nticos y enamorados, quienes visiten estas p\u00e1ginas se dejar\u00e1n llevar por la fuerza transformadora que acompa\u00f1a las aventuras desconocidas del amor.<\/p>\n<p>Escrita en un viaje de retorno, la lectura de este poemario es ideal para acompa\u00f1ar las ma\u00f1anas reflexivas, contemplar las fases de la luna, tranquilizar la mente, disfrutar de los espacios, perderse y encontrarse, escuchar el soundtrack de tu vida, disfrutando sorbo a sorbo los instantes de conexi\u00f3n interior.<\/p>\n<p>Como una caricia, con olor a modernidad amaderada con los amores que evocan al pasado rom\u00e1ntico, a tiempos de aqu\u00ed y ahora, realidades presentes y deseos en la mente, es una ruta sublime, melanc\u00f3lica, intensa, profundamente c\u00edclica, como la Luna que todos llevamos dentro.<\/p>\n<p>En palabras del cr\u00edtico favorito, sencillamente es como una flor de luz tornasol.<\/p>\n","protected":false},"featured_media":97747,"comment_status":"closed","ping_status":"open","template":"","meta":{"_acf_changed":false},"libro":[],"product_brand":[],"product_cat":[20],"product_tag":[],"class_list":{"0":"post-97746","1":"product","2":"type-product","3":"status-publish","4":"has-post-thumbnail","6":"product_cat-poesia","8":"first","9":"instock","10":"product-type-simple"},"acf":{"autor":[76310],"enlace_de_compra":"https:\/\/www.amazon.es\/Luna-Celta-Poes%C3%ADa-Vanira-R%C3%ADos\/dp\/8411142760\/"},"yoast_head":"<!-- This site is optimized with the Yoast SEO plugin v27.4 - https:\/\/yoast.com\/product\/yoast-seo-wordpress\/ -->\n<title>Luna celta - Catalogo | Letrame Grupo Editorial<\/title>\n<meta name=\"robots\" content=\"index, follow, max-snippet:-1, max-image-preview:large, max-video-preview:-1\" \/>\n<link rel=\"canonical\" href=\"https:\/\/letrame.com\/catalogo\/producto\/luna-celta\/\" \/>\n<meta property=\"og:locale\" content=\"es_ES\" \/>\n<meta property=\"og:type\" content=\"article\" \/>\n<meta property=\"og:title\" content=\"Luna celta - Catalogo | Letrame Grupo Editorial\" \/>\n<meta property=\"og:description\" content=\"ISBN:978-84-1114-276-2 SINOPSIS Luna Celta es en esencia un camino pintoresco, invita a sus lectores a sumergirse en las profundidades de la luz plateada, sonre\u00edrle a la bella y misteriosa fuente de inspiraci\u00f3n de los vates. Embriagando de emoci\u00f3n e iluminaci\u00f3n a los rom\u00e1nticos y enamorados, quienes visiten estas p\u00e1ginas se dejar\u00e1n llevar por la fuerza transformadora que acompa\u00f1a las aventuras desconocidas del amor. Escrita en un viaje de retorno, la lectura de este poemario es ideal para acompa\u00f1ar las ma\u00f1anas reflexivas, contemplar las fases de la luna, tranquilizar la mente, disfrutar de los espacios, perderse y encontrarse, escuchar el soundtrack de tu vida, disfrutando sorbo a sorbo los instantes de conexi\u00f3n interior. Como una caricia, con olor a modernidad amaderada con los amores que evocan al pasado rom\u00e1ntico, a tiempos de aqu\u00ed y ahora, realidades presentes y deseos en la mente, es una ruta sublime, melanc\u00f3lica, intensa, profundamente c\u00edclica, como la Luna que todos llevamos dentro. En palabras del cr\u00edtico favorito, sencillamente es como una flor de luz tornasol.\" \/>\n<meta property=\"og:url\" content=\"https:\/\/letrame.com\/catalogo\/producto\/luna-celta\/\" \/>\n<meta property=\"og:site_name\" content=\"Catalogo | Letrame Grupo Editorial\" \/>\n<meta property=\"og:image\" content=\"https:\/\/letrame.com\/catalogo\/wp-content\/uploads\/2024\/04\/redportada_lunacelta_724mm.jpg\" \/>\n\t<meta property=\"og:image:width\" content=\"601\" \/>\n\t<meta property=\"og:image:height\" content=\"881\" \/>\n\t<meta property=\"og:image:type\" content=\"image\/jpeg\" \/>\n<meta name=\"twitter:card\" content=\"summary_large_image\" \/>\n<meta name=\"twitter:label1\" content=\"Tiempo de lectura\" \/>\n\t<meta name=\"twitter:data1\" content=\"1 minuto\" \/>\n<script type=\"application\/ld+json\" class=\"yoast-schema-graph\">{\"@context\":\"https:\\\/\\\/schema.org\",\"@graph\":[{\"@type\":\"WebPage\",\"@id\":\"https:\\\/\\\/letrame.com\\\/catalogo\\\/producto\\\/luna-celta\\\/\",\"url\":\"https:\\\/\\\/letrame.com\\\/catalogo\\\/producto\\\/luna-celta\\\/\",\"name\":\"Luna celta - Catalogo | Letrame Grupo Editorial\",\"isPartOf\":{\"@id\":\"https:\\\/\\\/letrame.com\\\/catalogo\\\/#website\"},\"primaryImageOfPage\":{\"@id\":\"https:\\\/\\\/letrame.com\\\/catalogo\\\/producto\\\/luna-celta\\\/#primaryimage\"},\"image\":{\"@id\":\"https:\\\/\\\/letrame.com\\\/catalogo\\\/producto\\\/luna-celta\\\/#primaryimage\"},\"thumbnailUrl\":\"https:\\\/\\\/letrame.com\\\/catalogo\\\/wp-content\\\/uploads\\\/2024\\\/04\\\/redportada_lunacelta_724mm.jpg\",\"datePublished\":\"2024-04-29T12:27:55+00:00\",\"breadcrumb\":{\"@id\":\"https:\\\/\\\/letrame.com\\\/catalogo\\\/producto\\\/luna-celta\\\/#breadcrumb\"},\"inLanguage\":\"es\",\"potentialAction\":[{\"@type\":\"ReadAction\",\"target\":[\"https:\\\/\\\/letrame.com\\\/catalogo\\\/producto\\\/luna-celta\\\/\"]}]},{\"@type\":\"ImageObject\",\"inLanguage\":\"es\",\"@id\":\"https:\\\/\\\/letrame.com\\\/catalogo\\\/producto\\\/luna-celta\\\/#primaryimage\",\"url\":\"https:\\\/\\\/letrame.com\\\/catalogo\\\/wp-content\\\/uploads\\\/2024\\\/04\\\/redportada_lunacelta_724mm.jpg\",\"contentUrl\":\"https:\\\/\\\/letrame.com\\\/catalogo\\\/wp-content\\\/uploads\\\/2024\\\/04\\\/redportada_lunacelta_724mm.jpg\",\"width\":601,\"height\":881},{\"@type\":\"BreadcrumbList\",\"@id\":\"https:\\\/\\\/letrame.com\\\/catalogo\\\/producto\\\/luna-celta\\\/#breadcrumb\",\"itemListElement\":[{\"@type\":\"ListItem\",\"position\":1,\"name\":\"Portada\",\"item\":\"https:\\\/\\\/letrame.com\\\/catalogo\\\/\"},{\"@type\":\"ListItem\",\"position\":2,\"name\":\"Cat\u00e1logo\",\"item\":\"https:\\\/\\\/letrame.com\\\/catalogo\\\/\"},{\"@type\":\"ListItem\",\"position\":3,\"name\":\"Luna celta\"}]},{\"@type\":\"WebSite\",\"@id\":\"https:\\\/\\\/letrame.com\\\/catalogo\\\/#website\",\"url\":\"https:\\\/\\\/letrame.com\\\/catalogo\\\/\",\"name\":\"Catalogo | Letrame Grupo Editorial\",\"description\":\"\",\"publisher\":{\"@id\":\"https:\\\/\\\/letrame.com\\\/catalogo\\\/#organization\"},\"potentialAction\":[{\"@type\":\"SearchAction\",\"target\":{\"@type\":\"EntryPoint\",\"urlTemplate\":\"https:\\\/\\\/letrame.com\\\/catalogo\\\/?s={search_term_string}\"},\"query-input\":{\"@type\":\"PropertyValueSpecification\",\"valueRequired\":true,\"valueName\":\"search_term_string\"}}],\"inLanguage\":\"es\"},{\"@type\":\"Organization\",\"@id\":\"https:\\\/\\\/letrame.com\\\/catalogo\\\/#organization\",\"name\":\"Catalogo | Letrame Grupo Editorial\",\"url\":\"https:\\\/\\\/letrame.com\\\/catalogo\\\/\",\"logo\":{\"@type\":\"ImageObject\",\"inLanguage\":\"es\",\"@id\":\"https:\\\/\\\/letrame.com\\\/catalogo\\\/#\\\/schema\\\/logo\\\/image\\\/\",\"url\":\"https:\\\/\\\/letrame.com\\\/catalogo\\\/wp-content\\\/uploads\\\/2024\\\/03\\\/logo2.webp\",\"contentUrl\":\"https:\\\/\\\/letrame.com\\\/catalogo\\\/wp-content\\\/uploads\\\/2024\\\/03\\\/logo2.webp\",\"width\":394,\"height\":128,\"caption\":\"Catalogo | Letrame Grupo Editorial\"},\"image\":{\"@id\":\"https:\\\/\\\/letrame.com\\\/catalogo\\\/#\\\/schema\\\/logo\\\/image\\\/\"}}]}<\/script>\n<!-- \/ Yoast SEO plugin. -->","yoast_head_json":{"title":"Luna celta - Catalogo | Letrame Grupo Editorial","robots":{"index":"index","follow":"follow","max-snippet":"max-snippet:-1","max-image-preview":"max-image-preview:large","max-video-preview":"max-video-preview:-1"},"canonical":"https:\/\/letrame.com\/catalogo\/producto\/luna-celta\/","og_locale":"es_ES","og_type":"article","og_title":"Luna celta - Catalogo | Letrame Grupo Editorial","og_description":"ISBN:978-84-1114-276-2 SINOPSIS Luna Celta es en esencia un camino pintoresco, invita a sus lectores a sumergirse en las profundidades de la luz plateada, sonre\u00edrle a la bella y misteriosa fuente de inspiraci\u00f3n de los vates. Embriagando de emoci\u00f3n e iluminaci\u00f3n a los rom\u00e1nticos y enamorados, quienes visiten estas p\u00e1ginas se dejar\u00e1n llevar por la fuerza transformadora que acompa\u00f1a las aventuras desconocidas del amor. Escrita en un viaje de retorno, la lectura de este poemario es ideal para acompa\u00f1ar las ma\u00f1anas reflexivas, contemplar las fases de la luna, tranquilizar la mente, disfrutar de los espacios, perderse y encontrarse, escuchar el soundtrack de tu vida, disfrutando sorbo a sorbo los instantes de conexi\u00f3n interior. Como una caricia, con olor a modernidad amaderada con los amores que evocan al pasado rom\u00e1ntico, a tiempos de aqu\u00ed y ahora, realidades presentes y deseos en la mente, es una ruta sublime, melanc\u00f3lica, intensa, profundamente c\u00edclica, como la Luna que todos llevamos dentro. En palabras del cr\u00edtico favorito, sencillamente es como una flor de luz tornasol.","og_url":"https:\/\/letrame.com\/catalogo\/producto\/luna-celta\/","og_site_name":"Catalogo | Letrame Grupo Editorial","og_image":[{"width":601,"height":881,"url":"https:\/\/letrame.com\/catalogo\/wp-content\/uploads\/2024\/04\/redportada_lunacelta_724mm.jpg","type":"image\/jpeg"}],"twitter_card":"summary_large_image","twitter_misc":{"Tiempo de lectura":"1 minuto"},"schema":{"@context":"https:\/\/schema.org","@graph":[{"@type":"WebPage","@id":"https:\/\/letrame.com\/catalogo\/producto\/luna-celta\/","url":"https:\/\/letrame.com\/catalogo\/producto\/luna-celta\/","name":"Luna celta - Catalogo | Letrame Grupo Editorial","isPartOf":{"@id":"https:\/\/letrame.com\/catalogo\/#website"},"primaryImageOfPage":{"@id":"https:\/\/letrame.com\/catalogo\/producto\/luna-celta\/#primaryimage"},"image":{"@id":"https:\/\/letrame.com\/catalogo\/producto\/luna-celta\/#primaryimage"},"thumbnailUrl":"https:\/\/letrame.com\/catalogo\/wp-content\/uploads\/2024\/04\/redportada_lunacelta_724mm.jpg","datePublished":"2024-04-29T12:27:55+00:00","breadcrumb":{"@id":"https:\/\/letrame.com\/catalogo\/producto\/luna-celta\/#breadcrumb"},"inLanguage":"es","potentialAction":[{"@type":"ReadAction","target":["https:\/\/letrame.com\/catalogo\/producto\/luna-celta\/"]}]},{"@type":"ImageObject","inLanguage":"es","@id":"https:\/\/letrame.com\/catalogo\/producto\/luna-celta\/#primaryimage","url":"https:\/\/letrame.com\/catalogo\/wp-content\/uploads\/2024\/04\/redportada_lunacelta_724mm.jpg","contentUrl":"https:\/\/letrame.com\/catalogo\/wp-content\/uploads\/2024\/04\/redportada_lunacelta_724mm.jpg","width":601,"height":881},{"@type":"BreadcrumbList","@id":"https:\/\/letrame.com\/catalogo\/producto\/luna-celta\/#breadcrumb","itemListElement":[{"@type":"ListItem","position":1,"name":"Portada","item":"https:\/\/letrame.com\/catalogo\/"},{"@type":"ListItem","position":2,"name":"Cat\u00e1logo","item":"https:\/\/letrame.com\/catalogo\/"},{"@type":"ListItem","position":3,"name":"Luna celta"}]},{"@type":"WebSite","@id":"https:\/\/letrame.com\/catalogo\/#website","url":"https:\/\/letrame.com\/catalogo\/","name":"Catalogo | Letrame Grupo Editorial","description":"","publisher":{"@id":"https:\/\/letrame.com\/catalogo\/#organization"},"potentialAction":[{"@type":"SearchAction","target":{"@type":"EntryPoint","urlTemplate":"https:\/\/letrame.com\/catalogo\/?s={search_term_string}"},"query-input":{"@type":"PropertyValueSpecification","valueRequired":true,"valueName":"search_term_string"}}],"inLanguage":"es"},{"@type":"Organization","@id":"https:\/\/letrame.com\/catalogo\/#organization","name":"Catalogo | Letrame Grupo Editorial","url":"https:\/\/letrame.com\/catalogo\/","logo":{"@type":"ImageObject","inLanguage":"es","@id":"https:\/\/letrame.com\/catalogo\/#\/schema\/logo\/image\/","url":"https:\/\/letrame.com\/catalogo\/wp-content\/uploads\/2024\/03\/logo2.webp","contentUrl":"https:\/\/letrame.com\/catalogo\/wp-content\/uploads\/2024\/03\/logo2.webp","width":394,"height":128,"caption":"Catalogo | Letrame Grupo Editorial"},"image":{"@id":"https:\/\/letrame.com\/catalogo\/#\/schema\/logo\/image\/"}}]}},"_links":{"self":[{"href":"https:\/\/letrame.com\/catalogo\/wp-json\/wp\/v2\/product\/97746","targetHints":{"allow":["GET"]}}],"collection":[{"href":"https:\/\/letrame.com\/catalogo\/wp-json\/wp\/v2\/product"}],"about":[{"href":"https:\/\/letrame.com\/catalogo\/wp-json\/wp\/v2\/types\/product"}],"replies":[{"embeddable":true,"href":"https:\/\/letrame.com\/catalogo\/wp-json\/wp\/v2\/comments?post=97746"}],"acf:post":[{"embeddable":true,"href":"https:\/\/letrame.com\/catalogo\/wp-json\/wp\/v2\/author_book\/76310"}],"wp:featuredmedia":[{"embeddable":true,"href":"https:\/\/letrame.com\/catalogo\/wp-json\/wp\/v2\/media\/97747"}],"wp:attachment":[{"href":"https:\/\/letrame.com\/catalogo\/wp-json\/wp\/v2\/media?parent=97746"}],"wp:term":[{"taxonomy":"libro","embeddable":true,"href":"https:\/\/letrame.com\/catalogo\/wp-json\/wp\/v2\/libro?post=97746"},{"taxonomy":"product_brand","embeddable":true,"href":"https:\/\/letrame.com\/catalogo\/wp-json\/wp\/v2\/product_brand?post=97746"},{"taxonomy":"product_cat","embeddable":true,"href":"https:\/\/letrame.com\/catalogo\/wp-json\/wp\/v2\/product_cat?post=97746"},{"taxonomy":"product_tag","embeddable":true,"href":"https:\/\/letrame.com\/catalogo\/wp-json\/wp\/v2\/product_tag?post=97746"}],"curies":[{"name":"wp","href":"https:\/\/api.w.org\/{rel}","templated":true}]}}