{"id":97739,"date":"2024-04-29T14:27:31","date_gmt":"2024-04-29T12:27:31","guid":{"rendered":"https:\/\/letrame.com\/catalogo\/producto\/libre-por-la-palabra\/"},"modified":"2024-08-13T11:08:08","modified_gmt":"2024-08-13T09:08:08","slug":"libre-por-la-palabra","status":"publish","type":"product","link":"https:\/\/letrame.com\/catalogo\/producto\/libre-por-la-palabra\/","title":{"rendered":"Libre por la palabra"},"content":{"rendered":"<p><strong>ISBN<\/strong>:978-84-1114-646-3<\/p>\n<p><strong>T\u00edtulo<\/strong>: <span data-sheets-value=\"{&quot;1&quot;:2,&quot;2&quot;:&quot;Libre por la palabra&quot;}\" data-sheets-userformat=\"{&quot;2&quot;:579,&quot;3&quot;:{&quot;1&quot;:0},&quot;4&quot;:{&quot;1&quot;:2,&quot;2&quot;:14281427},&quot;9&quot;:1,&quot;12&quot;:0}\">Libre por la palabra<\/span><\/p>\n<p><strong>Fecha<\/strong>: 2022<br \/>\n<strong>P\u00e1ginas<\/strong>: 174<\/p>\n<p><strong>SINOPSIS<\/strong><\/p>\n<p>La obra es una recopilaci\u00f3n de 62 poemas en diferentes modelos de estrofas y rimas sobre vivencias aut\u00e9nticas, on\u00edricas e incluso fant\u00e1sticas de la autora, dividida en 9 partes:<\/p>\n<p>1) \u00abSimplemente yo\u00bb 2) \u00abPeque\u00f1as rimas: S\u00fabitos pensamientos\u00bb 3) \u00abPandemia:COVID-19\u00bb 4) \u00abLos que est\u00e1n y los que se fueron\u00bb 5) \u00abA ti, mujer\u00bb 6) \u00abA esos que nos acompa\u00f1an sin pedir nada a cambio\u00bb 7) \u00abEros tambi\u00e9n se manifiesta\u00bb 8) \u00abEscribo mientras la vida pasa\u00bb 9) \u00abActos de fe\u00bb.<\/p>\n","protected":false},"excerpt":{"rendered":"<p><strong>ISBN<\/strong>:978-84-1114-646-3<\/p>\n<p><strong>SINOPSIS<\/strong><\/p>\n<p>La obra es una recopilaci\u00f3n de 62 poemas en diferentes modelos de estrofas y rimas sobre vivencias aut\u00e9nticas, on\u00edricas e incluso fant\u00e1sticas de la autora, dividida en 9 partes:<\/p>\n<p>1) \u00abSimplemente yo\u00bb 2) \u00abPeque\u00f1as rimas: S\u00fabitos pensamientos\u00bb 3) \u00abPandemia:COVID-19\u00bb 4) \u00abLos que est\u00e1n y los que se fueron\u00bb 5) \u00abA ti, mujer\u00bb 6) \u00abA esos que nos acompa\u00f1an sin pedir nada a cambio\u00bb 7) \u00abEros tambi\u00e9n se manifiesta\u00bb 8) \u00abEscribo mientras la vida pasa\u00bb 9) \u00abActos de fe\u00bb.<\/p>\n","protected":false},"featured_media":97741,"comment_status":"closed","ping_status":"closed","template":"","meta":{"_acf_changed":false},"libro":[],"product_brand":[],"product_cat":[15],"product_tag":[],"class_list":{"0":"post-97739","1":"product","2":"type-product","3":"status-publish","4":"has-post-thumbnail","6":"product_cat-sin-categorizar","8":"first","9":"instock","10":"product-type-simple"},"acf":{"autor":[76305],"enlace_de_compra":""},"yoast_head":"<!-- This site is optimized with the Yoast SEO plugin v26.6 - https:\/\/yoast.com\/wordpress\/plugins\/seo\/ -->\n<title>Libre por la palabra - Catalogo | Letrame Grupo Editorial<\/title>\n<meta name=\"robots\" content=\"index, follow, max-snippet:-1, max-image-preview:large, max-video-preview:-1\" \/>\n<link rel=\"canonical\" href=\"https:\/\/letrame.com\/catalogo\/producto\/libre-por-la-palabra\/\" \/>\n<meta property=\"og:locale\" content=\"es_ES\" \/>\n<meta property=\"og:type\" content=\"article\" \/>\n<meta property=\"og:title\" content=\"Libre por la palabra - Catalogo | Letrame Grupo Editorial\" \/>\n<meta property=\"og:description\" content=\"ISBN:978-84-1114-646-3  SINOPSIS  La obra es una recopilaci\u00f3n de 62 poemas en diferentes modelos de estrofas y rimas sobre vivencias aut\u00e9nticas, on\u00edricas e incluso fant\u00e1sticas de la autora, dividida en 9 partes:  1) \u00abSimplemente yo\u00bb 2) \u00abPeque\u00f1as rimas: S\u00fabitos pensamientos\u00bb 3) \u00abPandemia:COVID-19\u00bb 4) \u00abLos que est\u00e1n y los que se fueron\u00bb 5) \u00abA ti, mujer\u00bb 6) \u00abA esos que nos acompa\u00f1an sin pedir nada a cambio\u00bb 7) \u00abEros tambi\u00e9n se manifiesta\u00bb 8) \u00abEscribo mientras la vida pasa\u00bb 9) \u00abActos de fe\u00bb.\" \/>\n<meta property=\"og:url\" content=\"https:\/\/letrame.com\/catalogo\/producto\/libre-por-la-palabra\/\" \/>\n<meta property=\"og:site_name\" content=\"Catalogo | Letrame Grupo Editorial\" \/>\n<meta property=\"article:modified_time\" content=\"2024-08-13T09:08:08+00:00\" \/>\n<meta property=\"og:image\" content=\"https:\/\/letrame.com\/catalogo\/wp-content\/uploads\/2024\/04\/redportada_libreporlapalabra_913mm-compressed.jpg\" \/>\n\t<meta property=\"og:image:width\" content=\"601\" \/>\n\t<meta property=\"og:image:height\" content=\"881\" \/>\n\t<meta property=\"og:image:type\" content=\"image\/jpeg\" \/>\n<meta name=\"twitter:card\" content=\"summary_large_image\" \/>\n<meta name=\"twitter:label1\" content=\"Tiempo de lectura\" \/>\n\t<meta name=\"twitter:data1\" content=\"1 minuto\" \/>\n<script type=\"application\/ld+json\" class=\"yoast-schema-graph\">{\"@context\":\"https:\/\/schema.org\",\"@graph\":[{\"@type\":\"WebPage\",\"@id\":\"https:\/\/letrame.com\/catalogo\/producto\/libre-por-la-palabra\/\",\"url\":\"https:\/\/letrame.com\/catalogo\/producto\/libre-por-la-palabra\/\",\"name\":\"Libre por la palabra - Catalogo | Letrame Grupo Editorial\",\"isPartOf\":{\"@id\":\"https:\/\/letrame.com\/catalogo\/#website\"},\"primaryImageOfPage\":{\"@id\":\"https:\/\/letrame.com\/catalogo\/producto\/libre-por-la-palabra\/#primaryimage\"},\"image\":{\"@id\":\"https:\/\/letrame.com\/catalogo\/producto\/libre-por-la-palabra\/#primaryimage\"},\"thumbnailUrl\":\"https:\/\/letrame.com\/catalogo\/wp-content\/uploads\/2024\/04\/redportada_libreporlapalabra_913mm-compressed.jpg\",\"datePublished\":\"2024-04-29T12:27:31+00:00\",\"dateModified\":\"2024-08-13T09:08:08+00:00\",\"breadcrumb\":{\"@id\":\"https:\/\/letrame.com\/catalogo\/producto\/libre-por-la-palabra\/#breadcrumb\"},\"inLanguage\":\"es\",\"potentialAction\":[{\"@type\":\"ReadAction\",\"target\":[\"https:\/\/letrame.com\/catalogo\/producto\/libre-por-la-palabra\/\"]}]},{\"@type\":\"ImageObject\",\"inLanguage\":\"es\",\"@id\":\"https:\/\/letrame.com\/catalogo\/producto\/libre-por-la-palabra\/#primaryimage\",\"url\":\"https:\/\/letrame.com\/catalogo\/wp-content\/uploads\/2024\/04\/redportada_libreporlapalabra_913mm-compressed.jpg\",\"contentUrl\":\"https:\/\/letrame.com\/catalogo\/wp-content\/uploads\/2024\/04\/redportada_libreporlapalabra_913mm-compressed.jpg\",\"width\":601,\"height\":881},{\"@type\":\"BreadcrumbList\",\"@id\":\"https:\/\/letrame.com\/catalogo\/producto\/libre-por-la-palabra\/#breadcrumb\",\"itemListElement\":[{\"@type\":\"ListItem\",\"position\":1,\"name\":\"Portada\",\"item\":\"https:\/\/letrame.com\/catalogo\/\"},{\"@type\":\"ListItem\",\"position\":2,\"name\":\"Cat\u00e1logo\",\"item\":\"https:\/\/letrame.com\/catalogo\/\"},{\"@type\":\"ListItem\",\"position\":3,\"name\":\"Libre por la palabra\"}]},{\"@type\":\"WebSite\",\"@id\":\"https:\/\/letrame.com\/catalogo\/#website\",\"url\":\"https:\/\/letrame.com\/catalogo\/\",\"name\":\"Catalogo | Letrame Grupo Editorial\",\"description\":\"\",\"publisher\":{\"@id\":\"https:\/\/letrame.com\/catalogo\/#organization\"},\"potentialAction\":[{\"@type\":\"SearchAction\",\"target\":{\"@type\":\"EntryPoint\",\"urlTemplate\":\"https:\/\/letrame.com\/catalogo\/?s={search_term_string}\"},\"query-input\":{\"@type\":\"PropertyValueSpecification\",\"valueRequired\":true,\"valueName\":\"search_term_string\"}}],\"inLanguage\":\"es\"},{\"@type\":\"Organization\",\"@id\":\"https:\/\/letrame.com\/catalogo\/#organization\",\"name\":\"Catalogo | Letrame Grupo Editorial\",\"url\":\"https:\/\/letrame.com\/catalogo\/\",\"logo\":{\"@type\":\"ImageObject\",\"inLanguage\":\"es\",\"@id\":\"https:\/\/letrame.com\/catalogo\/#\/schema\/logo\/image\/\",\"url\":\"https:\/\/letrame.com\/catalogo\/wp-content\/uploads\/2024\/03\/logo2.webp\",\"contentUrl\":\"https:\/\/letrame.com\/catalogo\/wp-content\/uploads\/2024\/03\/logo2.webp\",\"width\":394,\"height\":128,\"caption\":\"Catalogo | Letrame Grupo Editorial\"},\"image\":{\"@id\":\"https:\/\/letrame.com\/catalogo\/#\/schema\/logo\/image\/\"}}]}<\/script>\n<!-- \/ Yoast SEO plugin. -->","yoast_head_json":{"title":"Libre por la palabra - Catalogo | Letrame Grupo Editorial","robots":{"index":"index","follow":"follow","max-snippet":"max-snippet:-1","max-image-preview":"max-image-preview:large","max-video-preview":"max-video-preview:-1"},"canonical":"https:\/\/letrame.com\/catalogo\/producto\/libre-por-la-palabra\/","og_locale":"es_ES","og_type":"article","og_title":"Libre por la palabra - Catalogo | Letrame Grupo Editorial","og_description":"ISBN:978-84-1114-646-3  SINOPSIS  La obra es una recopilaci\u00f3n de 62 poemas en diferentes modelos de estrofas y rimas sobre vivencias aut\u00e9nticas, on\u00edricas e incluso fant\u00e1sticas de la autora, dividida en 9 partes:  1) \u00abSimplemente yo\u00bb 2) \u00abPeque\u00f1as rimas: S\u00fabitos pensamientos\u00bb 3) \u00abPandemia:COVID-19\u00bb 4) \u00abLos que est\u00e1n y los que se fueron\u00bb 5) \u00abA ti, mujer\u00bb 6) \u00abA esos que nos acompa\u00f1an sin pedir nada a cambio\u00bb 7) \u00abEros tambi\u00e9n se manifiesta\u00bb 8) \u00abEscribo mientras la vida pasa\u00bb 9) \u00abActos de fe\u00bb.","og_url":"https:\/\/letrame.com\/catalogo\/producto\/libre-por-la-palabra\/","og_site_name":"Catalogo | Letrame Grupo Editorial","article_modified_time":"2024-08-13T09:08:08+00:00","og_image":[{"width":601,"height":881,"url":"https:\/\/letrame.com\/catalogo\/wp-content\/uploads\/2024\/04\/redportada_libreporlapalabra_913mm-compressed.jpg","type":"image\/jpeg"}],"twitter_card":"summary_large_image","twitter_misc":{"Tiempo de lectura":"1 minuto"},"schema":{"@context":"https:\/\/schema.org","@graph":[{"@type":"WebPage","@id":"https:\/\/letrame.com\/catalogo\/producto\/libre-por-la-palabra\/","url":"https:\/\/letrame.com\/catalogo\/producto\/libre-por-la-palabra\/","name":"Libre por la palabra - Catalogo | Letrame Grupo Editorial","isPartOf":{"@id":"https:\/\/letrame.com\/catalogo\/#website"},"primaryImageOfPage":{"@id":"https:\/\/letrame.com\/catalogo\/producto\/libre-por-la-palabra\/#primaryimage"},"image":{"@id":"https:\/\/letrame.com\/catalogo\/producto\/libre-por-la-palabra\/#primaryimage"},"thumbnailUrl":"https:\/\/letrame.com\/catalogo\/wp-content\/uploads\/2024\/04\/redportada_libreporlapalabra_913mm-compressed.jpg","datePublished":"2024-04-29T12:27:31+00:00","dateModified":"2024-08-13T09:08:08+00:00","breadcrumb":{"@id":"https:\/\/letrame.com\/catalogo\/producto\/libre-por-la-palabra\/#breadcrumb"},"inLanguage":"es","potentialAction":[{"@type":"ReadAction","target":["https:\/\/letrame.com\/catalogo\/producto\/libre-por-la-palabra\/"]}]},{"@type":"ImageObject","inLanguage":"es","@id":"https:\/\/letrame.com\/catalogo\/producto\/libre-por-la-palabra\/#primaryimage","url":"https:\/\/letrame.com\/catalogo\/wp-content\/uploads\/2024\/04\/redportada_libreporlapalabra_913mm-compressed.jpg","contentUrl":"https:\/\/letrame.com\/catalogo\/wp-content\/uploads\/2024\/04\/redportada_libreporlapalabra_913mm-compressed.jpg","width":601,"height":881},{"@type":"BreadcrumbList","@id":"https:\/\/letrame.com\/catalogo\/producto\/libre-por-la-palabra\/#breadcrumb","itemListElement":[{"@type":"ListItem","position":1,"name":"Portada","item":"https:\/\/letrame.com\/catalogo\/"},{"@type":"ListItem","position":2,"name":"Cat\u00e1logo","item":"https:\/\/letrame.com\/catalogo\/"},{"@type":"ListItem","position":3,"name":"Libre por la palabra"}]},{"@type":"WebSite","@id":"https:\/\/letrame.com\/catalogo\/#website","url":"https:\/\/letrame.com\/catalogo\/","name":"Catalogo | Letrame Grupo Editorial","description":"","publisher":{"@id":"https:\/\/letrame.com\/catalogo\/#organization"},"potentialAction":[{"@type":"SearchAction","target":{"@type":"EntryPoint","urlTemplate":"https:\/\/letrame.com\/catalogo\/?s={search_term_string}"},"query-input":{"@type":"PropertyValueSpecification","valueRequired":true,"valueName":"search_term_string"}}],"inLanguage":"es"},{"@type":"Organization","@id":"https:\/\/letrame.com\/catalogo\/#organization","name":"Catalogo | Letrame Grupo Editorial","url":"https:\/\/letrame.com\/catalogo\/","logo":{"@type":"ImageObject","inLanguage":"es","@id":"https:\/\/letrame.com\/catalogo\/#\/schema\/logo\/image\/","url":"https:\/\/letrame.com\/catalogo\/wp-content\/uploads\/2024\/03\/logo2.webp","contentUrl":"https:\/\/letrame.com\/catalogo\/wp-content\/uploads\/2024\/03\/logo2.webp","width":394,"height":128,"caption":"Catalogo | Letrame Grupo Editorial"},"image":{"@id":"https:\/\/letrame.com\/catalogo\/#\/schema\/logo\/image\/"}}]}},"_links":{"self":[{"href":"https:\/\/letrame.com\/catalogo\/wp-json\/wp\/v2\/product\/97739","targetHints":{"allow":["GET"]}}],"collection":[{"href":"https:\/\/letrame.com\/catalogo\/wp-json\/wp\/v2\/product"}],"about":[{"href":"https:\/\/letrame.com\/catalogo\/wp-json\/wp\/v2\/types\/product"}],"replies":[{"embeddable":true,"href":"https:\/\/letrame.com\/catalogo\/wp-json\/wp\/v2\/comments?post=97739"}],"acf:post":[{"embeddable":true,"href":"https:\/\/letrame.com\/catalogo\/wp-json\/wp\/v2\/author_book\/76305"}],"wp:featuredmedia":[{"embeddable":true,"href":"https:\/\/letrame.com\/catalogo\/wp-json\/wp\/v2\/media\/97741"}],"wp:attachment":[{"href":"https:\/\/letrame.com\/catalogo\/wp-json\/wp\/v2\/media?parent=97739"}],"wp:term":[{"taxonomy":"libro","embeddable":true,"href":"https:\/\/letrame.com\/catalogo\/wp-json\/wp\/v2\/libro?post=97739"},{"taxonomy":"product_brand","embeddable":true,"href":"https:\/\/letrame.com\/catalogo\/wp-json\/wp\/v2\/product_brand?post=97739"},{"taxonomy":"product_cat","embeddable":true,"href":"https:\/\/letrame.com\/catalogo\/wp-json\/wp\/v2\/product_cat?post=97739"},{"taxonomy":"product_tag","embeddable":true,"href":"https:\/\/letrame.com\/catalogo\/wp-json\/wp\/v2\/product_tag?post=97739"}],"curies":[{"name":"wp","href":"https:\/\/api.w.org\/{rel}","templated":true}]}}