{"id":97737,"date":"2024-04-29T14:27:31","date_gmt":"2024-04-29T12:27:31","guid":{"rendered":"https:\/\/letrame.com\/catalogo\/producto\/pasos-largos\/"},"modified":"2024-08-13T11:09:11","modified_gmt":"2024-08-13T09:09:11","slug":"pasos-largos","status":"publish","type":"product","link":"https:\/\/letrame.com\/catalogo\/producto\/pasos-largos\/","title":{"rendered":"Pasos Largos"},"content":{"rendered":"<p><strong>ISBN<\/strong>:978-84-1114-710-1<\/p>\n<p><strong>T\u00edtulo<\/strong>: Pasos Largos<br \/>\n<strong>Fecha<\/strong>: 2022<br \/>\n<strong>P\u00e1ginas<\/strong>: 720<\/p>\n<p><strong>SINOPSIS<\/strong><\/p>\n<p>Con el final de la Guerra Civil m\u00e1s de medio mill\u00f3n de republicanos huyen de la Espa\u00f1a de Franco. Entre ellos un bracero extreme\u00f1o que para eludir los campos de trabajo franceses se alista como soldado de fortuna bajo otra bandera. Siguiendo sus pasos a lo largo de tres continentes se van desmigajando los principales acontecimientos mundiales de un convulso siglo XX, entre ellos la fratricida lucha contra la Alemania nazi donde el protagonista forma parte de \u00abla nueve\u00bb, una compa\u00f1\u00eda de las fuerzas francesas libres compuesta solo por milicianos republicanos espa\u00f1oles que encabezan de forma an\u00f3nima la liberaci\u00f3n de media Europa.<\/p>\n<p>Mientras, al otro lado de los pirineos, la familia del desaparecido soldado intenta sobrevivir a una reci\u00e9n nacida dictadura que se adue\u00f1a de todo, hasta del pensamiento. Ambas historias buscar\u00e1n edificar un puente de uni\u00f3n como posible cruce.<\/p>\n","protected":false},"excerpt":{"rendered":"<p><strong>ISBN<\/strong>:978-84-1114-710-1<\/p>\n<p><strong>SINOPSIS<\/strong><\/p>\n<p>Con el final de la Guerra Civil m\u00e1s de medio mill\u00f3n de republicanos huyen de la Espa\u00f1a de Franco. Entre ellos un bracero extreme\u00f1o que para eludir los campos de trabajo franceses se alista como soldado de fortuna bajo otra bandera. Siguiendo sus pasos a lo largo de tres continentes se van desmigajando los principales acontecimientos mundiales de un convulso siglo XX, entre ellos la fratricida lucha contra la Alemania nazi donde el protagonista forma parte de \u00abla nueve\u00bb, una compa\u00f1\u00eda de las fuerzas francesas libres compuesta solo por milicianos republicanos espa\u00f1oles que encabezan de forma an\u00f3nima la liberaci\u00f3n de media Europa.<\/p>\n<p>Mientras, al otro lado de los pirineos, la familia del desaparecido soldado intenta sobrevivir a una reci\u00e9n nacida dictadura que se adue\u00f1a de todo, hasta del pensamiento. Ambas historias buscar\u00e1n edificar un puente de uni\u00f3n como posible cruce.<\/p>\n","protected":false},"featured_media":97738,"comment_status":"closed","ping_status":"closed","template":"","meta":{"_acf_changed":false},"libro":[],"product_brand":[],"product_cat":[26],"product_tag":[],"class_list":{"0":"post-97737","1":"product","2":"type-product","3":"status-publish","4":"has-post-thumbnail","6":"product_cat-sin-categoria","8":"first","9":"instock","10":"product-type-simple"},"acf":{"autor":[72904],"enlace_de_compra":"https:\/\/www.amazon.es\/Largos-pasos-soldat-Francisco-Escobar\/dp\/841114710X\/"},"yoast_head":"<!-- This site is optimized with the Yoast SEO plugin v26.6 - https:\/\/yoast.com\/wordpress\/plugins\/seo\/ -->\n<title>Pasos Largos - Catalogo | Letrame Grupo Editorial<\/title>\n<meta name=\"robots\" content=\"index, follow, max-snippet:-1, max-image-preview:large, max-video-preview:-1\" \/>\n<link rel=\"canonical\" href=\"https:\/\/letrame.com\/catalogo\/producto\/pasos-largos\/\" \/>\n<meta property=\"og:locale\" content=\"es_ES\" \/>\n<meta property=\"og:type\" content=\"article\" \/>\n<meta property=\"og:title\" content=\"Pasos Largos - Catalogo | Letrame Grupo Editorial\" \/>\n<meta property=\"og:description\" content=\"ISBN:978-84-1114-710-1  SINOPSIS  Con el final de la Guerra Civil m\u00e1s de medio mill\u00f3n de republicanos huyen de la Espa\u00f1a de Franco. Entre ellos un bracero extreme\u00f1o que para eludir los campos de trabajo franceses se alista como soldado de fortuna bajo otra bandera. Siguiendo sus pasos a lo largo de tres continentes se van desmigajando los principales acontecimientos mundiales de un convulso siglo XX, entre ellos la fratricida lucha contra la Alemania nazi donde el protagonista forma parte de \u00abla nueve\u00bb, una compa\u00f1\u00eda de las fuerzas francesas libres compuesta solo por milicianos republicanos espa\u00f1oles que encabezan de forma an\u00f3nima la liberaci\u00f3n de media Europa.  Mientras, al otro lado de los pirineos, la familia del desaparecido soldado intenta sobrevivir a una reci\u00e9n nacida dictadura que se adue\u00f1a de todo, hasta del pensamiento. Ambas historias buscar\u00e1n edificar un puente de uni\u00f3n como posible cruce.\" \/>\n<meta property=\"og:url\" content=\"https:\/\/letrame.com\/catalogo\/producto\/pasos-largos\/\" \/>\n<meta property=\"og:site_name\" content=\"Catalogo | Letrame Grupo Editorial\" \/>\n<meta property=\"article:modified_time\" content=\"2024-08-13T09:09:11+00:00\" \/>\n<meta property=\"og:image\" content=\"https:\/\/letrame.com\/catalogo\/wp-content\/uploads\/2024\/04\/redportada_pasoslargos_344mm.jpg\" \/>\n\t<meta property=\"og:image:width\" content=\"601\" \/>\n\t<meta property=\"og:image:height\" content=\"849\" \/>\n\t<meta property=\"og:image:type\" content=\"image\/jpeg\" \/>\n<meta name=\"twitter:card\" content=\"summary_large_image\" \/>\n<meta name=\"twitter:label1\" content=\"Tiempo de lectura\" \/>\n\t<meta name=\"twitter:data1\" content=\"1 minuto\" \/>\n<script type=\"application\/ld+json\" class=\"yoast-schema-graph\">{\"@context\":\"https:\/\/schema.org\",\"@graph\":[{\"@type\":\"WebPage\",\"@id\":\"https:\/\/letrame.com\/catalogo\/producto\/pasos-largos\/\",\"url\":\"https:\/\/letrame.com\/catalogo\/producto\/pasos-largos\/\",\"name\":\"Pasos Largos - Catalogo | Letrame Grupo Editorial\",\"isPartOf\":{\"@id\":\"https:\/\/letrame.com\/catalogo\/#website\"},\"primaryImageOfPage\":{\"@id\":\"https:\/\/letrame.com\/catalogo\/producto\/pasos-largos\/#primaryimage\"},\"image\":{\"@id\":\"https:\/\/letrame.com\/catalogo\/producto\/pasos-largos\/#primaryimage\"},\"thumbnailUrl\":\"https:\/\/letrame.com\/catalogo\/wp-content\/uploads\/2024\/04\/redportada_pasoslargos_344mm.jpg\",\"datePublished\":\"2024-04-29T12:27:31+00:00\",\"dateModified\":\"2024-08-13T09:09:11+00:00\",\"breadcrumb\":{\"@id\":\"https:\/\/letrame.com\/catalogo\/producto\/pasos-largos\/#breadcrumb\"},\"inLanguage\":\"es\",\"potentialAction\":[{\"@type\":\"ReadAction\",\"target\":[\"https:\/\/letrame.com\/catalogo\/producto\/pasos-largos\/\"]}]},{\"@type\":\"ImageObject\",\"inLanguage\":\"es\",\"@id\":\"https:\/\/letrame.com\/catalogo\/producto\/pasos-largos\/#primaryimage\",\"url\":\"https:\/\/letrame.com\/catalogo\/wp-content\/uploads\/2024\/04\/redportada_pasoslargos_344mm.jpg\",\"contentUrl\":\"https:\/\/letrame.com\/catalogo\/wp-content\/uploads\/2024\/04\/redportada_pasoslargos_344mm.jpg\",\"width\":601,\"height\":849},{\"@type\":\"BreadcrumbList\",\"@id\":\"https:\/\/letrame.com\/catalogo\/producto\/pasos-largos\/#breadcrumb\",\"itemListElement\":[{\"@type\":\"ListItem\",\"position\":1,\"name\":\"Portada\",\"item\":\"https:\/\/letrame.com\/catalogo\/\"},{\"@type\":\"ListItem\",\"position\":2,\"name\":\"Cat\u00e1logo\",\"item\":\"https:\/\/letrame.com\/catalogo\/\"},{\"@type\":\"ListItem\",\"position\":3,\"name\":\"Pasos Largos\"}]},{\"@type\":\"WebSite\",\"@id\":\"https:\/\/letrame.com\/catalogo\/#website\",\"url\":\"https:\/\/letrame.com\/catalogo\/\",\"name\":\"Catalogo | Letrame Grupo Editorial\",\"description\":\"\",\"publisher\":{\"@id\":\"https:\/\/letrame.com\/catalogo\/#organization\"},\"potentialAction\":[{\"@type\":\"SearchAction\",\"target\":{\"@type\":\"EntryPoint\",\"urlTemplate\":\"https:\/\/letrame.com\/catalogo\/?s={search_term_string}\"},\"query-input\":{\"@type\":\"PropertyValueSpecification\",\"valueRequired\":true,\"valueName\":\"search_term_string\"}}],\"inLanguage\":\"es\"},{\"@type\":\"Organization\",\"@id\":\"https:\/\/letrame.com\/catalogo\/#organization\",\"name\":\"Catalogo | Letrame Grupo Editorial\",\"url\":\"https:\/\/letrame.com\/catalogo\/\",\"logo\":{\"@type\":\"ImageObject\",\"inLanguage\":\"es\",\"@id\":\"https:\/\/letrame.com\/catalogo\/#\/schema\/logo\/image\/\",\"url\":\"https:\/\/letrame.com\/catalogo\/wp-content\/uploads\/2024\/03\/logo2.webp\",\"contentUrl\":\"https:\/\/letrame.com\/catalogo\/wp-content\/uploads\/2024\/03\/logo2.webp\",\"width\":394,\"height\":128,\"caption\":\"Catalogo | Letrame Grupo Editorial\"},\"image\":{\"@id\":\"https:\/\/letrame.com\/catalogo\/#\/schema\/logo\/image\/\"}}]}<\/script>\n<!-- \/ Yoast SEO plugin. -->","yoast_head_json":{"title":"Pasos Largos - Catalogo | Letrame Grupo Editorial","robots":{"index":"index","follow":"follow","max-snippet":"max-snippet:-1","max-image-preview":"max-image-preview:large","max-video-preview":"max-video-preview:-1"},"canonical":"https:\/\/letrame.com\/catalogo\/producto\/pasos-largos\/","og_locale":"es_ES","og_type":"article","og_title":"Pasos Largos - Catalogo | Letrame Grupo Editorial","og_description":"ISBN:978-84-1114-710-1  SINOPSIS  Con el final de la Guerra Civil m\u00e1s de medio mill\u00f3n de republicanos huyen de la Espa\u00f1a de Franco. Entre ellos un bracero extreme\u00f1o que para eludir los campos de trabajo franceses se alista como soldado de fortuna bajo otra bandera. Siguiendo sus pasos a lo largo de tres continentes se van desmigajando los principales acontecimientos mundiales de un convulso siglo XX, entre ellos la fratricida lucha contra la Alemania nazi donde el protagonista forma parte de \u00abla nueve\u00bb, una compa\u00f1\u00eda de las fuerzas francesas libres compuesta solo por milicianos republicanos espa\u00f1oles que encabezan de forma an\u00f3nima la liberaci\u00f3n de media Europa.  Mientras, al otro lado de los pirineos, la familia del desaparecido soldado intenta sobrevivir a una reci\u00e9n nacida dictadura que se adue\u00f1a de todo, hasta del pensamiento. Ambas historias buscar\u00e1n edificar un puente de uni\u00f3n como posible cruce.","og_url":"https:\/\/letrame.com\/catalogo\/producto\/pasos-largos\/","og_site_name":"Catalogo | Letrame Grupo Editorial","article_modified_time":"2024-08-13T09:09:11+00:00","og_image":[{"width":601,"height":849,"url":"https:\/\/letrame.com\/catalogo\/wp-content\/uploads\/2024\/04\/redportada_pasoslargos_344mm.jpg","type":"image\/jpeg"}],"twitter_card":"summary_large_image","twitter_misc":{"Tiempo de lectura":"1 minuto"},"schema":{"@context":"https:\/\/schema.org","@graph":[{"@type":"WebPage","@id":"https:\/\/letrame.com\/catalogo\/producto\/pasos-largos\/","url":"https:\/\/letrame.com\/catalogo\/producto\/pasos-largos\/","name":"Pasos Largos - Catalogo | Letrame Grupo Editorial","isPartOf":{"@id":"https:\/\/letrame.com\/catalogo\/#website"},"primaryImageOfPage":{"@id":"https:\/\/letrame.com\/catalogo\/producto\/pasos-largos\/#primaryimage"},"image":{"@id":"https:\/\/letrame.com\/catalogo\/producto\/pasos-largos\/#primaryimage"},"thumbnailUrl":"https:\/\/letrame.com\/catalogo\/wp-content\/uploads\/2024\/04\/redportada_pasoslargos_344mm.jpg","datePublished":"2024-04-29T12:27:31+00:00","dateModified":"2024-08-13T09:09:11+00:00","breadcrumb":{"@id":"https:\/\/letrame.com\/catalogo\/producto\/pasos-largos\/#breadcrumb"},"inLanguage":"es","potentialAction":[{"@type":"ReadAction","target":["https:\/\/letrame.com\/catalogo\/producto\/pasos-largos\/"]}]},{"@type":"ImageObject","inLanguage":"es","@id":"https:\/\/letrame.com\/catalogo\/producto\/pasos-largos\/#primaryimage","url":"https:\/\/letrame.com\/catalogo\/wp-content\/uploads\/2024\/04\/redportada_pasoslargos_344mm.jpg","contentUrl":"https:\/\/letrame.com\/catalogo\/wp-content\/uploads\/2024\/04\/redportada_pasoslargos_344mm.jpg","width":601,"height":849},{"@type":"BreadcrumbList","@id":"https:\/\/letrame.com\/catalogo\/producto\/pasos-largos\/#breadcrumb","itemListElement":[{"@type":"ListItem","position":1,"name":"Portada","item":"https:\/\/letrame.com\/catalogo\/"},{"@type":"ListItem","position":2,"name":"Cat\u00e1logo","item":"https:\/\/letrame.com\/catalogo\/"},{"@type":"ListItem","position":3,"name":"Pasos Largos"}]},{"@type":"WebSite","@id":"https:\/\/letrame.com\/catalogo\/#website","url":"https:\/\/letrame.com\/catalogo\/","name":"Catalogo | Letrame Grupo Editorial","description":"","publisher":{"@id":"https:\/\/letrame.com\/catalogo\/#organization"},"potentialAction":[{"@type":"SearchAction","target":{"@type":"EntryPoint","urlTemplate":"https:\/\/letrame.com\/catalogo\/?s={search_term_string}"},"query-input":{"@type":"PropertyValueSpecification","valueRequired":true,"valueName":"search_term_string"}}],"inLanguage":"es"},{"@type":"Organization","@id":"https:\/\/letrame.com\/catalogo\/#organization","name":"Catalogo | Letrame Grupo Editorial","url":"https:\/\/letrame.com\/catalogo\/","logo":{"@type":"ImageObject","inLanguage":"es","@id":"https:\/\/letrame.com\/catalogo\/#\/schema\/logo\/image\/","url":"https:\/\/letrame.com\/catalogo\/wp-content\/uploads\/2024\/03\/logo2.webp","contentUrl":"https:\/\/letrame.com\/catalogo\/wp-content\/uploads\/2024\/03\/logo2.webp","width":394,"height":128,"caption":"Catalogo | Letrame Grupo Editorial"},"image":{"@id":"https:\/\/letrame.com\/catalogo\/#\/schema\/logo\/image\/"}}]}},"_links":{"self":[{"href":"https:\/\/letrame.com\/catalogo\/wp-json\/wp\/v2\/product\/97737","targetHints":{"allow":["GET"]}}],"collection":[{"href":"https:\/\/letrame.com\/catalogo\/wp-json\/wp\/v2\/product"}],"about":[{"href":"https:\/\/letrame.com\/catalogo\/wp-json\/wp\/v2\/types\/product"}],"replies":[{"embeddable":true,"href":"https:\/\/letrame.com\/catalogo\/wp-json\/wp\/v2\/comments?post=97737"}],"acf:post":[{"embeddable":true,"href":"https:\/\/letrame.com\/catalogo\/wp-json\/wp\/v2\/author_book\/72904"}],"wp:featuredmedia":[{"embeddable":true,"href":"https:\/\/letrame.com\/catalogo\/wp-json\/wp\/v2\/media\/97738"}],"wp:attachment":[{"href":"https:\/\/letrame.com\/catalogo\/wp-json\/wp\/v2\/media?parent=97737"}],"wp:term":[{"taxonomy":"libro","embeddable":true,"href":"https:\/\/letrame.com\/catalogo\/wp-json\/wp\/v2\/libro?post=97737"},{"taxonomy":"product_brand","embeddable":true,"href":"https:\/\/letrame.com\/catalogo\/wp-json\/wp\/v2\/product_brand?post=97737"},{"taxonomy":"product_cat","embeddable":true,"href":"https:\/\/letrame.com\/catalogo\/wp-json\/wp\/v2\/product_cat?post=97737"},{"taxonomy":"product_tag","embeddable":true,"href":"https:\/\/letrame.com\/catalogo\/wp-json\/wp\/v2\/product_tag?post=97737"}],"curies":[{"name":"wp","href":"https:\/\/api.w.org\/{rel}","templated":true}]}}