{"id":97732,"date":"2024-04-29T14:27:09","date_gmt":"2024-04-29T12:27:09","guid":{"rendered":"https:\/\/letrame.com\/catalogo\/producto\/la-tarantula\/"},"modified":"2024-08-13T11:11:16","modified_gmt":"2024-08-13T09:11:16","slug":"la-tarantula","status":"publish","type":"product","link":"https:\/\/letrame.com\/catalogo\/producto\/la-tarantula\/","title":{"rendered":"La tar\u00e1ntula"},"content":{"rendered":"<p><strong>ISBN<\/strong>:978-84-1114-717-0<\/p>\n<p><strong>T\u00edtulo<\/strong>: <span data-sheets-value=\"{&quot;1&quot;:2,&quot;2&quot;:&quot;La tar\u00e1ntula&quot;}\" data-sheets-userformat=\"{&quot;2&quot;:579,&quot;3&quot;:{&quot;1&quot;:0},&quot;4&quot;:{&quot;1&quot;:2,&quot;2&quot;:14281427},&quot;9&quot;:1,&quot;12&quot;:0}\">La tar\u00e1ntula<\/span><\/p>\n<p><strong>Fecha<\/strong>: 2022<br \/>\n<strong>P\u00e1ginas<\/strong>: 208<\/p>\n<p><strong>SINOPSIS<\/strong><\/p>\n<p>\u00ab<em>Negro, negro que te amo con desmesura, negro<\/em>\u00bb. Cae la noche y C\u00f3modo Lucio conduce junto a sus pensamientos, revel\u00e1ndose a s\u00ed mismo como un ser absurdo. Ah\u00ed descubre el espejismo de una isla ficticia, la cual decide nombrar \u00abTriunvirato de la felicidad\u00bb: punto de fuga donde convergen la alegr\u00eda del pasado, el presente y el futuro. Mientras tanto, en la cantina ya lo esperan sus amigos Horacio Rondoy (atormentado por la perseverancia del recuerdo) y Juliano Delzo (frustrado ante un ma\u00f1ana que no ha de llegar). Y C\u00f3modo, al igual que el ahora, simplemente ocurrir\u00e1, solo servir\u00e1 como el hilo que habr\u00e1 de guiar la pesadumbre, la represi\u00f3n y la gloria de quienes viven en aquel p\u00e1ramo perdido y atemporal. Igualmente, ser\u00e1 la lupa de aumento que permita ver con claridad la voluntad como forma de aceptaci\u00f3n o negaci\u00f3n de vivir. Cada uno de los personajes intentar\u00e1 llegar a aquel sitio que C\u00f3modo promete, pero aquel sitio es nada asequible y solo es viable por medio del sufrimiento propio o ajeno. <em>La Tar\u00e1ntula<\/em> es una cr\u00edtica social, un paraje dist\u00f3pico donde la muerte, el dolor y el lado oscuro del ser humano florecen voluptuosamente; una vela que ilumina los conceptos de \u00abla verdad en s\u00ed\u00bb, el \u00abradar de la tristeza\u00bb y los recovecos del llamado \u00abresguardo interior\u00bb; un escenario repleto de luces y m\u00fasica que espera impaciente ser aplastado por quien anhela ser alguien distinto. En el fondo es una oportunidad, la \u00faltima, para el hombre que ha perdido la esperanza.<\/p>\n","protected":false},"excerpt":{"rendered":"<p><strong>ISBN<\/strong>:978-84-1114-717-0<\/p>\n<p><strong>SINOPSIS<\/strong><\/p>\n<p>\u00ab<em>Negro, negro que te amo con desmesura, negro<\/em>\u00bb. Cae la noche y C\u00f3modo Lucio conduce junto a sus pensamientos, revel\u00e1ndose a s\u00ed mismo como un ser absurdo. Ah\u00ed descubre el espejismo de una isla ficticia, la cual decide nombrar \u00abTriunvirato de la felicidad\u00bb: punto de fuga donde convergen la alegr\u00eda del pasado, el presente y el futuro. Mientras tanto, en la cantina ya lo esperan sus amigos Horacio Rondoy (atormentado por la perseverancia del recuerdo) y Juliano Delzo (frustrado ante un ma\u00f1ana que no ha de llegar). Y C\u00f3modo, al igual que el ahora, simplemente ocurrir\u00e1, solo servir\u00e1 como el hilo que habr\u00e1 de guiar la pesadumbre, la represi\u00f3n y la gloria de quienes viven en aquel p\u00e1ramo perdido y atemporal. Igualmente, ser\u00e1 la lupa de aumento que permita ver con claridad la voluntad como forma de aceptaci\u00f3n o negaci\u00f3n de vivir. Cada uno de los personajes intentar\u00e1 llegar a aquel sitio que C\u00f3modo promete, pero aquel sitio es nada asequible y solo es viable por medio del sufrimiento propio o ajeno. <em>La Tar\u00e1ntula<\/em> es una cr\u00edtica social, un paraje dist\u00f3pico donde la muerte, el dolor y el lado oscuro del ser humano florecen voluptuosamente; una vela que ilumina los conceptos de \u00abla verdad en s\u00ed\u00bb, el \u00abradar de la tristeza\u00bb y los recovecos del llamado \u00abresguardo interior\u00bb; un escenario repleto de luces y m\u00fasica que espera impaciente ser aplastado por quien anhela ser alguien distinto. En el fondo es una oportunidad, la \u00faltima, para el hombre que ha perdido la esperanza.<\/p>\n","protected":false},"featured_media":100379,"comment_status":"closed","ping_status":"closed","template":"","meta":{"_acf_changed":false},"libro":[],"product_brand":[],"product_cat":[16],"product_tag":[],"class_list":{"0":"post-97732","1":"product","2":"type-product","3":"status-publish","4":"has-post-thumbnail","6":"product_cat-novela","8":"first","9":"instock","10":"product-type-simple"},"acf":{"autor":[76296],"enlace_de_compra":"https:\/\/amzn.to\/3M48eoj"},"yoast_head":"<!-- This site is optimized with the Yoast SEO plugin v27.4 - https:\/\/yoast.com\/product\/yoast-seo-wordpress\/ -->\n<title>La tar\u00e1ntula - Catalogo | Letrame Grupo Editorial<\/title>\n<meta name=\"robots\" content=\"index, follow, max-snippet:-1, max-image-preview:large, max-video-preview:-1\" \/>\n<link rel=\"canonical\" href=\"https:\/\/letrame.com\/catalogo\/producto\/la-tarantula\/\" \/>\n<meta property=\"og:locale\" content=\"es_ES\" \/>\n<meta property=\"og:type\" content=\"article\" \/>\n<meta property=\"og:title\" content=\"La tar\u00e1ntula - Catalogo | Letrame Grupo Editorial\" \/>\n<meta property=\"og:description\" content=\"ISBN:978-84-1114-717-0  SINOPSIS  \u00abNegro, negro que te amo con desmesura, negro\u00bb. Cae la noche y C\u00f3modo Lucio conduce junto a sus pensamientos, revel\u00e1ndose a s\u00ed mismo como un ser absurdo. Ah\u00ed descubre el espejismo de una isla ficticia, la cual decide nombrar \u00abTriunvirato de la felicidad\u00bb: punto de fuga donde convergen la alegr\u00eda del pasado, el presente y el futuro. Mientras tanto, en la cantina ya lo esperan sus amigos Horacio Rondoy (atormentado por la perseverancia del recuerdo) y Juliano Delzo (frustrado ante un ma\u00f1ana que no ha de llegar). Y C\u00f3modo, al igual que el ahora, simplemente ocurrir\u00e1, solo servir\u00e1 como el hilo que habr\u00e1 de guiar la pesadumbre, la represi\u00f3n y la gloria de quienes viven en aquel p\u00e1ramo perdido y atemporal. Igualmente, ser\u00e1 la lupa de aumento que permita ver con claridad la voluntad como forma de aceptaci\u00f3n o negaci\u00f3n de vivir. Cada uno de los personajes intentar\u00e1 llegar a aquel sitio que C\u00f3modo promete, pero aquel sitio es nada asequible y solo es viable por medio del sufrimiento propio o ajeno. La Tar\u00e1ntula es una cr\u00edtica social, un paraje dist\u00f3pico donde la muerte, el dolor y el lado oscuro del ser humano florecen voluptuosamente; una vela que ilumina los conceptos de \u00abla verdad en s\u00ed\u00bb, el \u00abradar de la tristeza\u00bb y los recovecos del llamado \u00abresguardo interior\u00bb; un escenario repleto de luces y m\u00fasica que espera impaciente ser aplastado por quien anhela ser alguien distinto. En el fondo es una oportunidad, la \u00faltima, para el hombre que ha perdido la esperanza.\" \/>\n<meta property=\"og:url\" content=\"https:\/\/letrame.com\/catalogo\/producto\/la-tarantula\/\" \/>\n<meta property=\"og:site_name\" content=\"Catalogo | Letrame Grupo Editorial\" \/>\n<meta property=\"article:modified_time\" content=\"2024-08-13T09:11:16+00:00\" \/>\n<meta property=\"og:image\" content=\"https:\/\/letrame.com\/catalogo\/wp-content\/uploads\/2024\/04\/redportada_latarantula_107mm-1.webp\" \/>\n\t<meta property=\"og:image:width\" content=\"601\" \/>\n\t<meta property=\"og:image:height\" content=\"881\" \/>\n\t<meta property=\"og:image:type\" content=\"image\/webp\" \/>\n<meta name=\"twitter:card\" content=\"summary_large_image\" \/>\n<meta name=\"twitter:label1\" content=\"Tiempo de lectura\" \/>\n\t<meta name=\"twitter:data1\" content=\"2 minutos\" \/>\n<script type=\"application\/ld+json\" class=\"yoast-schema-graph\">{\"@context\":\"https:\\\/\\\/schema.org\",\"@graph\":[{\"@type\":\"WebPage\",\"@id\":\"https:\\\/\\\/letrame.com\\\/catalogo\\\/producto\\\/la-tarantula\\\/\",\"url\":\"https:\\\/\\\/letrame.com\\\/catalogo\\\/producto\\\/la-tarantula\\\/\",\"name\":\"La tar\u00e1ntula - Catalogo | Letrame Grupo Editorial\",\"isPartOf\":{\"@id\":\"https:\\\/\\\/letrame.com\\\/catalogo\\\/#website\"},\"primaryImageOfPage\":{\"@id\":\"https:\\\/\\\/letrame.com\\\/catalogo\\\/producto\\\/la-tarantula\\\/#primaryimage\"},\"image\":{\"@id\":\"https:\\\/\\\/letrame.com\\\/catalogo\\\/producto\\\/la-tarantula\\\/#primaryimage\"},\"thumbnailUrl\":\"https:\\\/\\\/letrame.com\\\/catalogo\\\/wp-content\\\/uploads\\\/2024\\\/04\\\/redportada_latarantula_107mm-1.webp\",\"datePublished\":\"2024-04-29T12:27:09+00:00\",\"dateModified\":\"2024-08-13T09:11:16+00:00\",\"breadcrumb\":{\"@id\":\"https:\\\/\\\/letrame.com\\\/catalogo\\\/producto\\\/la-tarantula\\\/#breadcrumb\"},\"inLanguage\":\"es\",\"potentialAction\":[{\"@type\":\"ReadAction\",\"target\":[\"https:\\\/\\\/letrame.com\\\/catalogo\\\/producto\\\/la-tarantula\\\/\"]}]},{\"@type\":\"ImageObject\",\"inLanguage\":\"es\",\"@id\":\"https:\\\/\\\/letrame.com\\\/catalogo\\\/producto\\\/la-tarantula\\\/#primaryimage\",\"url\":\"https:\\\/\\\/letrame.com\\\/catalogo\\\/wp-content\\\/uploads\\\/2024\\\/04\\\/redportada_latarantula_107mm-1.webp\",\"contentUrl\":\"https:\\\/\\\/letrame.com\\\/catalogo\\\/wp-content\\\/uploads\\\/2024\\\/04\\\/redportada_latarantula_107mm-1.webp\",\"width\":601,\"height\":881},{\"@type\":\"BreadcrumbList\",\"@id\":\"https:\\\/\\\/letrame.com\\\/catalogo\\\/producto\\\/la-tarantula\\\/#breadcrumb\",\"itemListElement\":[{\"@type\":\"ListItem\",\"position\":1,\"name\":\"Portada\",\"item\":\"https:\\\/\\\/letrame.com\\\/catalogo\\\/\"},{\"@type\":\"ListItem\",\"position\":2,\"name\":\"Cat\u00e1logo\",\"item\":\"https:\\\/\\\/letrame.com\\\/catalogo\\\/\"},{\"@type\":\"ListItem\",\"position\":3,\"name\":\"La tar\u00e1ntula\"}]},{\"@type\":\"WebSite\",\"@id\":\"https:\\\/\\\/letrame.com\\\/catalogo\\\/#website\",\"url\":\"https:\\\/\\\/letrame.com\\\/catalogo\\\/\",\"name\":\"Catalogo | Letrame Grupo Editorial\",\"description\":\"\",\"publisher\":{\"@id\":\"https:\\\/\\\/letrame.com\\\/catalogo\\\/#organization\"},\"potentialAction\":[{\"@type\":\"SearchAction\",\"target\":{\"@type\":\"EntryPoint\",\"urlTemplate\":\"https:\\\/\\\/letrame.com\\\/catalogo\\\/?s={search_term_string}\"},\"query-input\":{\"@type\":\"PropertyValueSpecification\",\"valueRequired\":true,\"valueName\":\"search_term_string\"}}],\"inLanguage\":\"es\"},{\"@type\":\"Organization\",\"@id\":\"https:\\\/\\\/letrame.com\\\/catalogo\\\/#organization\",\"name\":\"Catalogo | Letrame Grupo Editorial\",\"url\":\"https:\\\/\\\/letrame.com\\\/catalogo\\\/\",\"logo\":{\"@type\":\"ImageObject\",\"inLanguage\":\"es\",\"@id\":\"https:\\\/\\\/letrame.com\\\/catalogo\\\/#\\\/schema\\\/logo\\\/image\\\/\",\"url\":\"https:\\\/\\\/letrame.com\\\/catalogo\\\/wp-content\\\/uploads\\\/2024\\\/03\\\/logo2.webp\",\"contentUrl\":\"https:\\\/\\\/letrame.com\\\/catalogo\\\/wp-content\\\/uploads\\\/2024\\\/03\\\/logo2.webp\",\"width\":394,\"height\":128,\"caption\":\"Catalogo | Letrame Grupo Editorial\"},\"image\":{\"@id\":\"https:\\\/\\\/letrame.com\\\/catalogo\\\/#\\\/schema\\\/logo\\\/image\\\/\"}}]}<\/script>\n<!-- \/ Yoast SEO plugin. -->","yoast_head_json":{"title":"La tar\u00e1ntula - Catalogo | Letrame Grupo Editorial","robots":{"index":"index","follow":"follow","max-snippet":"max-snippet:-1","max-image-preview":"max-image-preview:large","max-video-preview":"max-video-preview:-1"},"canonical":"https:\/\/letrame.com\/catalogo\/producto\/la-tarantula\/","og_locale":"es_ES","og_type":"article","og_title":"La tar\u00e1ntula - Catalogo | Letrame Grupo Editorial","og_description":"ISBN:978-84-1114-717-0  SINOPSIS  \u00abNegro, negro que te amo con desmesura, negro\u00bb. Cae la noche y C\u00f3modo Lucio conduce junto a sus pensamientos, revel\u00e1ndose a s\u00ed mismo como un ser absurdo. Ah\u00ed descubre el espejismo de una isla ficticia, la cual decide nombrar \u00abTriunvirato de la felicidad\u00bb: punto de fuga donde convergen la alegr\u00eda del pasado, el presente y el futuro. Mientras tanto, en la cantina ya lo esperan sus amigos Horacio Rondoy (atormentado por la perseverancia del recuerdo) y Juliano Delzo (frustrado ante un ma\u00f1ana que no ha de llegar). Y C\u00f3modo, al igual que el ahora, simplemente ocurrir\u00e1, solo servir\u00e1 como el hilo que habr\u00e1 de guiar la pesadumbre, la represi\u00f3n y la gloria de quienes viven en aquel p\u00e1ramo perdido y atemporal. Igualmente, ser\u00e1 la lupa de aumento que permita ver con claridad la voluntad como forma de aceptaci\u00f3n o negaci\u00f3n de vivir. Cada uno de los personajes intentar\u00e1 llegar a aquel sitio que C\u00f3modo promete, pero aquel sitio es nada asequible y solo es viable por medio del sufrimiento propio o ajeno. La Tar\u00e1ntula es una cr\u00edtica social, un paraje dist\u00f3pico donde la muerte, el dolor y el lado oscuro del ser humano florecen voluptuosamente; una vela que ilumina los conceptos de \u00abla verdad en s\u00ed\u00bb, el \u00abradar de la tristeza\u00bb y los recovecos del llamado \u00abresguardo interior\u00bb; un escenario repleto de luces y m\u00fasica que espera impaciente ser aplastado por quien anhela ser alguien distinto. En el fondo es una oportunidad, la \u00faltima, para el hombre que ha perdido la esperanza.","og_url":"https:\/\/letrame.com\/catalogo\/producto\/la-tarantula\/","og_site_name":"Catalogo | Letrame Grupo Editorial","article_modified_time":"2024-08-13T09:11:16+00:00","og_image":[{"width":601,"height":881,"url":"https:\/\/letrame.com\/catalogo\/wp-content\/uploads\/2024\/04\/redportada_latarantula_107mm-1.webp","type":"image\/webp"}],"twitter_card":"summary_large_image","twitter_misc":{"Tiempo de lectura":"2 minutos"},"schema":{"@context":"https:\/\/schema.org","@graph":[{"@type":"WebPage","@id":"https:\/\/letrame.com\/catalogo\/producto\/la-tarantula\/","url":"https:\/\/letrame.com\/catalogo\/producto\/la-tarantula\/","name":"La tar\u00e1ntula - Catalogo | Letrame Grupo Editorial","isPartOf":{"@id":"https:\/\/letrame.com\/catalogo\/#website"},"primaryImageOfPage":{"@id":"https:\/\/letrame.com\/catalogo\/producto\/la-tarantula\/#primaryimage"},"image":{"@id":"https:\/\/letrame.com\/catalogo\/producto\/la-tarantula\/#primaryimage"},"thumbnailUrl":"https:\/\/letrame.com\/catalogo\/wp-content\/uploads\/2024\/04\/redportada_latarantula_107mm-1.webp","datePublished":"2024-04-29T12:27:09+00:00","dateModified":"2024-08-13T09:11:16+00:00","breadcrumb":{"@id":"https:\/\/letrame.com\/catalogo\/producto\/la-tarantula\/#breadcrumb"},"inLanguage":"es","potentialAction":[{"@type":"ReadAction","target":["https:\/\/letrame.com\/catalogo\/producto\/la-tarantula\/"]}]},{"@type":"ImageObject","inLanguage":"es","@id":"https:\/\/letrame.com\/catalogo\/producto\/la-tarantula\/#primaryimage","url":"https:\/\/letrame.com\/catalogo\/wp-content\/uploads\/2024\/04\/redportada_latarantula_107mm-1.webp","contentUrl":"https:\/\/letrame.com\/catalogo\/wp-content\/uploads\/2024\/04\/redportada_latarantula_107mm-1.webp","width":601,"height":881},{"@type":"BreadcrumbList","@id":"https:\/\/letrame.com\/catalogo\/producto\/la-tarantula\/#breadcrumb","itemListElement":[{"@type":"ListItem","position":1,"name":"Portada","item":"https:\/\/letrame.com\/catalogo\/"},{"@type":"ListItem","position":2,"name":"Cat\u00e1logo","item":"https:\/\/letrame.com\/catalogo\/"},{"@type":"ListItem","position":3,"name":"La tar\u00e1ntula"}]},{"@type":"WebSite","@id":"https:\/\/letrame.com\/catalogo\/#website","url":"https:\/\/letrame.com\/catalogo\/","name":"Catalogo | Letrame Grupo Editorial","description":"","publisher":{"@id":"https:\/\/letrame.com\/catalogo\/#organization"},"potentialAction":[{"@type":"SearchAction","target":{"@type":"EntryPoint","urlTemplate":"https:\/\/letrame.com\/catalogo\/?s={search_term_string}"},"query-input":{"@type":"PropertyValueSpecification","valueRequired":true,"valueName":"search_term_string"}}],"inLanguage":"es"},{"@type":"Organization","@id":"https:\/\/letrame.com\/catalogo\/#organization","name":"Catalogo | Letrame Grupo Editorial","url":"https:\/\/letrame.com\/catalogo\/","logo":{"@type":"ImageObject","inLanguage":"es","@id":"https:\/\/letrame.com\/catalogo\/#\/schema\/logo\/image\/","url":"https:\/\/letrame.com\/catalogo\/wp-content\/uploads\/2024\/03\/logo2.webp","contentUrl":"https:\/\/letrame.com\/catalogo\/wp-content\/uploads\/2024\/03\/logo2.webp","width":394,"height":128,"caption":"Catalogo | Letrame Grupo Editorial"},"image":{"@id":"https:\/\/letrame.com\/catalogo\/#\/schema\/logo\/image\/"}}]}},"_links":{"self":[{"href":"https:\/\/letrame.com\/catalogo\/wp-json\/wp\/v2\/product\/97732","targetHints":{"allow":["GET"]}}],"collection":[{"href":"https:\/\/letrame.com\/catalogo\/wp-json\/wp\/v2\/product"}],"about":[{"href":"https:\/\/letrame.com\/catalogo\/wp-json\/wp\/v2\/types\/product"}],"replies":[{"embeddable":true,"href":"https:\/\/letrame.com\/catalogo\/wp-json\/wp\/v2\/comments?post=97732"}],"acf:post":[{"embeddable":true,"href":"https:\/\/letrame.com\/catalogo\/wp-json\/wp\/v2\/author_book\/76296"}],"wp:featuredmedia":[{"embeddable":true,"href":"https:\/\/letrame.com\/catalogo\/wp-json\/wp\/v2\/media\/100379"}],"wp:attachment":[{"href":"https:\/\/letrame.com\/catalogo\/wp-json\/wp\/v2\/media?parent=97732"}],"wp:term":[{"taxonomy":"libro","embeddable":true,"href":"https:\/\/letrame.com\/catalogo\/wp-json\/wp\/v2\/libro?post=97732"},{"taxonomy":"product_brand","embeddable":true,"href":"https:\/\/letrame.com\/catalogo\/wp-json\/wp\/v2\/product_brand?post=97732"},{"taxonomy":"product_cat","embeddable":true,"href":"https:\/\/letrame.com\/catalogo\/wp-json\/wp\/v2\/product_cat?post=97732"},{"taxonomy":"product_tag","embeddable":true,"href":"https:\/\/letrame.com\/catalogo\/wp-json\/wp\/v2\/product_tag?post=97732"}],"curies":[{"name":"wp","href":"https:\/\/api.w.org\/{rel}","templated":true}]}}