{"id":97722,"date":"2024-04-29T14:26:48","date_gmt":"2024-04-29T12:26:48","guid":{"rendered":"https:\/\/letrame.com\/catalogo\/producto\/intolerantes-al-amor\/"},"modified":"2024-04-29T14:26:52","modified_gmt":"2024-04-29T12:26:52","slug":"intolerantes-al-amor","status":"publish","type":"product","link":"https:\/\/letrame.com\/catalogo\/producto\/intolerantes-al-amor\/","title":{"rendered":"Intolerantes al amor"},"content":{"rendered":"<p><strong>ISBN<\/strong>:978-84-1114-795-8<\/p>\n<p><strong>T\u00edtulo<\/strong>: <span data-sheets-value=\"{&quot;1&quot;:2,&quot;2&quot;:&quot;Intolerantes al amor&quot;}\" data-sheets-userformat=\"{&quot;2&quot;:579,&quot;3&quot;:{&quot;1&quot;:0},&quot;4&quot;:{&quot;1&quot;:2,&quot;2&quot;:14281427},&quot;9&quot;:1,&quot;12&quot;:0}\">Intolerantes al amor<\/span><\/p>\n<p><strong>Fecha<\/strong>: 2022<br \/>\n<strong>P\u00e1ginas<\/strong>: 172<\/p>\n<p><strong>SINOPSIS<\/strong><\/p>\n<p>\u00bfSe puede ser intolerante al amor? A la lactosa ya lo sab\u00edamos, pero \u00bfal amor?<\/p>\n<p>\u00a1Vale!, \u00a1que s\u00ed! , que me lo he inventado. Pero\u2026 puede ser que cuando leas este libro, termines d\u00e1ndome la raz\u00f3n.<\/p>\n<p><em>Intolerantes al amor<\/em> es una desenfadada autocr\u00edtica, y reflexi\u00f3n, sobre el amor de hoy y lo dif\u00edcil\u00a0 que resulta no solo encontrar pareja; tambi\u00e9n mantenerla sin descomponernos por dentro en el intento.<\/p>\n<p>\u00a1Porque el amor y el desamor pueden sentar muy, pero que muuuuy mal!<\/p>\n","protected":false},"excerpt":{"rendered":"<p><strong>ISBN<\/strong>:978-84-1114-795-8<\/p>\n<p><strong>SINOPSIS<\/strong><\/p>\n<p>\u00bfSe puede ser intolerante al amor? A la lactosa ya lo sab\u00edamos, pero \u00bfal amor?<\/p>\n<p>\u00a1Vale!, \u00a1que s\u00ed! , que me lo he inventado. Pero\u2026 puede ser que cuando leas este libro, termines d\u00e1ndome la raz\u00f3n.<\/p>\n<p><em>Intolerantes al amor<\/em> es una desenfadada autocr\u00edtica, y reflexi\u00f3n, sobre el amor de hoy y lo dif\u00edcil\u00a0 que resulta no solo encontrar pareja; tambi\u00e9n mantenerla sin descomponernos por dentro en el intento.<\/p>\n<p>\u00a1Porque el amor y el desamor pueden sentar muy, pero que muuuuy mal!<\/p>\n","protected":false},"featured_media":97723,"comment_status":"closed","ping_status":"open","template":"","meta":{"_acf_changed":false},"libro":[],"product_brand":[],"product_cat":[18],"product_tag":[],"class_list":{"0":"post-97722","1":"product","2":"type-product","3":"status-publish","4":"has-post-thumbnail","6":"product_cat-autoayuda","8":"first","9":"instock","10":"product-type-simple"},"acf":{"autor":[76285],"enlace_de_compra":"https:\/\/www.amazon.es\/Intolerantes-al-amor-01-Autoayuda\/dp\/8411147959\/"},"yoast_head":"<!-- This site is optimized with the Yoast SEO plugin v26.6 - https:\/\/yoast.com\/wordpress\/plugins\/seo\/ -->\n<title>Intolerantes al amor - Catalogo | Letrame Grupo Editorial<\/title>\n<meta name=\"robots\" content=\"index, follow, max-snippet:-1, max-image-preview:large, max-video-preview:-1\" \/>\n<link rel=\"canonical\" href=\"https:\/\/letrame.com\/catalogo\/producto\/intolerantes-al-amor\/\" \/>\n<meta property=\"og:locale\" content=\"es_ES\" \/>\n<meta property=\"og:type\" content=\"article\" \/>\n<meta property=\"og:title\" content=\"Intolerantes al amor - Catalogo | Letrame Grupo Editorial\" \/>\n<meta property=\"og:description\" content=\"ISBN:978-84-1114-795-8 SINOPSIS \u00bfSe puede ser intolerante al amor? A la lactosa ya lo sab\u00edamos, pero \u00bfal amor? \u00a1Vale!, \u00a1que s\u00ed! , que me lo he inventado. Pero\u2026 puede ser que cuando leas este libro, termines d\u00e1ndome la raz\u00f3n. Intolerantes al amor es una desenfadada autocr\u00edtica, y reflexi\u00f3n, sobre el amor de hoy y lo dif\u00edcil\u00a0 que resulta no solo encontrar pareja; tambi\u00e9n mantenerla sin descomponernos por dentro en el intento. \u00a1Porque el amor y el desamor pueden sentar muy, pero que muuuuy mal!\" \/>\n<meta property=\"og:url\" content=\"https:\/\/letrame.com\/catalogo\/producto\/intolerantes-al-amor\/\" \/>\n<meta property=\"og:site_name\" content=\"Catalogo | Letrame Grupo Editorial\" \/>\n<meta property=\"article:modified_time\" content=\"2024-04-29T12:26:52+00:00\" \/>\n<meta property=\"og:image\" content=\"https:\/\/letrame.com\/catalogo\/wp-content\/uploads\/2024\/04\/redportada_intolerantesalamor_91mm.jpg\" \/>\n\t<meta property=\"og:image:width\" content=\"601\" \/>\n\t<meta property=\"og:image:height\" content=\"841\" \/>\n\t<meta property=\"og:image:type\" content=\"image\/jpeg\" \/>\n<meta name=\"twitter:card\" content=\"summary_large_image\" \/>\n<meta name=\"twitter:label1\" content=\"Tiempo de lectura\" \/>\n\t<meta name=\"twitter:data1\" content=\"1 minuto\" \/>\n<script type=\"application\/ld+json\" class=\"yoast-schema-graph\">{\"@context\":\"https:\/\/schema.org\",\"@graph\":[{\"@type\":\"WebPage\",\"@id\":\"https:\/\/letrame.com\/catalogo\/producto\/intolerantes-al-amor\/\",\"url\":\"https:\/\/letrame.com\/catalogo\/producto\/intolerantes-al-amor\/\",\"name\":\"Intolerantes al amor - Catalogo | Letrame Grupo Editorial\",\"isPartOf\":{\"@id\":\"https:\/\/letrame.com\/catalogo\/#website\"},\"primaryImageOfPage\":{\"@id\":\"https:\/\/letrame.com\/catalogo\/producto\/intolerantes-al-amor\/#primaryimage\"},\"image\":{\"@id\":\"https:\/\/letrame.com\/catalogo\/producto\/intolerantes-al-amor\/#primaryimage\"},\"thumbnailUrl\":\"https:\/\/letrame.com\/catalogo\/wp-content\/uploads\/2024\/04\/redportada_intolerantesalamor_91mm.jpg\",\"datePublished\":\"2024-04-29T12:26:48+00:00\",\"dateModified\":\"2024-04-29T12:26:52+00:00\",\"breadcrumb\":{\"@id\":\"https:\/\/letrame.com\/catalogo\/producto\/intolerantes-al-amor\/#breadcrumb\"},\"inLanguage\":\"es\",\"potentialAction\":[{\"@type\":\"ReadAction\",\"target\":[\"https:\/\/letrame.com\/catalogo\/producto\/intolerantes-al-amor\/\"]}]},{\"@type\":\"ImageObject\",\"inLanguage\":\"es\",\"@id\":\"https:\/\/letrame.com\/catalogo\/producto\/intolerantes-al-amor\/#primaryimage\",\"url\":\"https:\/\/letrame.com\/catalogo\/wp-content\/uploads\/2024\/04\/redportada_intolerantesalamor_91mm.jpg\",\"contentUrl\":\"https:\/\/letrame.com\/catalogo\/wp-content\/uploads\/2024\/04\/redportada_intolerantesalamor_91mm.jpg\",\"width\":601,\"height\":841},{\"@type\":\"BreadcrumbList\",\"@id\":\"https:\/\/letrame.com\/catalogo\/producto\/intolerantes-al-amor\/#breadcrumb\",\"itemListElement\":[{\"@type\":\"ListItem\",\"position\":1,\"name\":\"Portada\",\"item\":\"https:\/\/letrame.com\/catalogo\/\"},{\"@type\":\"ListItem\",\"position\":2,\"name\":\"Cat\u00e1logo\",\"item\":\"https:\/\/letrame.com\/catalogo\/\"},{\"@type\":\"ListItem\",\"position\":3,\"name\":\"Intolerantes al amor\"}]},{\"@type\":\"WebSite\",\"@id\":\"https:\/\/letrame.com\/catalogo\/#website\",\"url\":\"https:\/\/letrame.com\/catalogo\/\",\"name\":\"Catalogo | Letrame Grupo Editorial\",\"description\":\"\",\"publisher\":{\"@id\":\"https:\/\/letrame.com\/catalogo\/#organization\"},\"potentialAction\":[{\"@type\":\"SearchAction\",\"target\":{\"@type\":\"EntryPoint\",\"urlTemplate\":\"https:\/\/letrame.com\/catalogo\/?s={search_term_string}\"},\"query-input\":{\"@type\":\"PropertyValueSpecification\",\"valueRequired\":true,\"valueName\":\"search_term_string\"}}],\"inLanguage\":\"es\"},{\"@type\":\"Organization\",\"@id\":\"https:\/\/letrame.com\/catalogo\/#organization\",\"name\":\"Catalogo | Letrame Grupo Editorial\",\"url\":\"https:\/\/letrame.com\/catalogo\/\",\"logo\":{\"@type\":\"ImageObject\",\"inLanguage\":\"es\",\"@id\":\"https:\/\/letrame.com\/catalogo\/#\/schema\/logo\/image\/\",\"url\":\"https:\/\/letrame.com\/catalogo\/wp-content\/uploads\/2024\/03\/logo2.webp\",\"contentUrl\":\"https:\/\/letrame.com\/catalogo\/wp-content\/uploads\/2024\/03\/logo2.webp\",\"width\":394,\"height\":128,\"caption\":\"Catalogo | Letrame Grupo Editorial\"},\"image\":{\"@id\":\"https:\/\/letrame.com\/catalogo\/#\/schema\/logo\/image\/\"}}]}<\/script>\n<!-- \/ Yoast SEO plugin. -->","yoast_head_json":{"title":"Intolerantes al amor - Catalogo | Letrame Grupo Editorial","robots":{"index":"index","follow":"follow","max-snippet":"max-snippet:-1","max-image-preview":"max-image-preview:large","max-video-preview":"max-video-preview:-1"},"canonical":"https:\/\/letrame.com\/catalogo\/producto\/intolerantes-al-amor\/","og_locale":"es_ES","og_type":"article","og_title":"Intolerantes al amor - Catalogo | Letrame Grupo Editorial","og_description":"ISBN:978-84-1114-795-8 SINOPSIS \u00bfSe puede ser intolerante al amor? A la lactosa ya lo sab\u00edamos, pero \u00bfal amor? \u00a1Vale!, \u00a1que s\u00ed! , que me lo he inventado. Pero\u2026 puede ser que cuando leas este libro, termines d\u00e1ndome la raz\u00f3n. Intolerantes al amor es una desenfadada autocr\u00edtica, y reflexi\u00f3n, sobre el amor de hoy y lo dif\u00edcil\u00a0 que resulta no solo encontrar pareja; tambi\u00e9n mantenerla sin descomponernos por dentro en el intento. \u00a1Porque el amor y el desamor pueden sentar muy, pero que muuuuy mal!","og_url":"https:\/\/letrame.com\/catalogo\/producto\/intolerantes-al-amor\/","og_site_name":"Catalogo | Letrame Grupo Editorial","article_modified_time":"2024-04-29T12:26:52+00:00","og_image":[{"width":601,"height":841,"url":"https:\/\/letrame.com\/catalogo\/wp-content\/uploads\/2024\/04\/redportada_intolerantesalamor_91mm.jpg","type":"image\/jpeg"}],"twitter_card":"summary_large_image","twitter_misc":{"Tiempo de lectura":"1 minuto"},"schema":{"@context":"https:\/\/schema.org","@graph":[{"@type":"WebPage","@id":"https:\/\/letrame.com\/catalogo\/producto\/intolerantes-al-amor\/","url":"https:\/\/letrame.com\/catalogo\/producto\/intolerantes-al-amor\/","name":"Intolerantes al amor - Catalogo | Letrame Grupo Editorial","isPartOf":{"@id":"https:\/\/letrame.com\/catalogo\/#website"},"primaryImageOfPage":{"@id":"https:\/\/letrame.com\/catalogo\/producto\/intolerantes-al-amor\/#primaryimage"},"image":{"@id":"https:\/\/letrame.com\/catalogo\/producto\/intolerantes-al-amor\/#primaryimage"},"thumbnailUrl":"https:\/\/letrame.com\/catalogo\/wp-content\/uploads\/2024\/04\/redportada_intolerantesalamor_91mm.jpg","datePublished":"2024-04-29T12:26:48+00:00","dateModified":"2024-04-29T12:26:52+00:00","breadcrumb":{"@id":"https:\/\/letrame.com\/catalogo\/producto\/intolerantes-al-amor\/#breadcrumb"},"inLanguage":"es","potentialAction":[{"@type":"ReadAction","target":["https:\/\/letrame.com\/catalogo\/producto\/intolerantes-al-amor\/"]}]},{"@type":"ImageObject","inLanguage":"es","@id":"https:\/\/letrame.com\/catalogo\/producto\/intolerantes-al-amor\/#primaryimage","url":"https:\/\/letrame.com\/catalogo\/wp-content\/uploads\/2024\/04\/redportada_intolerantesalamor_91mm.jpg","contentUrl":"https:\/\/letrame.com\/catalogo\/wp-content\/uploads\/2024\/04\/redportada_intolerantesalamor_91mm.jpg","width":601,"height":841},{"@type":"BreadcrumbList","@id":"https:\/\/letrame.com\/catalogo\/producto\/intolerantes-al-amor\/#breadcrumb","itemListElement":[{"@type":"ListItem","position":1,"name":"Portada","item":"https:\/\/letrame.com\/catalogo\/"},{"@type":"ListItem","position":2,"name":"Cat\u00e1logo","item":"https:\/\/letrame.com\/catalogo\/"},{"@type":"ListItem","position":3,"name":"Intolerantes al amor"}]},{"@type":"WebSite","@id":"https:\/\/letrame.com\/catalogo\/#website","url":"https:\/\/letrame.com\/catalogo\/","name":"Catalogo | Letrame Grupo Editorial","description":"","publisher":{"@id":"https:\/\/letrame.com\/catalogo\/#organization"},"potentialAction":[{"@type":"SearchAction","target":{"@type":"EntryPoint","urlTemplate":"https:\/\/letrame.com\/catalogo\/?s={search_term_string}"},"query-input":{"@type":"PropertyValueSpecification","valueRequired":true,"valueName":"search_term_string"}}],"inLanguage":"es"},{"@type":"Organization","@id":"https:\/\/letrame.com\/catalogo\/#organization","name":"Catalogo | Letrame Grupo Editorial","url":"https:\/\/letrame.com\/catalogo\/","logo":{"@type":"ImageObject","inLanguage":"es","@id":"https:\/\/letrame.com\/catalogo\/#\/schema\/logo\/image\/","url":"https:\/\/letrame.com\/catalogo\/wp-content\/uploads\/2024\/03\/logo2.webp","contentUrl":"https:\/\/letrame.com\/catalogo\/wp-content\/uploads\/2024\/03\/logo2.webp","width":394,"height":128,"caption":"Catalogo | Letrame Grupo Editorial"},"image":{"@id":"https:\/\/letrame.com\/catalogo\/#\/schema\/logo\/image\/"}}]}},"_links":{"self":[{"href":"https:\/\/letrame.com\/catalogo\/wp-json\/wp\/v2\/product\/97722","targetHints":{"allow":["GET"]}}],"collection":[{"href":"https:\/\/letrame.com\/catalogo\/wp-json\/wp\/v2\/product"}],"about":[{"href":"https:\/\/letrame.com\/catalogo\/wp-json\/wp\/v2\/types\/product"}],"replies":[{"embeddable":true,"href":"https:\/\/letrame.com\/catalogo\/wp-json\/wp\/v2\/comments?post=97722"}],"acf:post":[{"embeddable":true,"href":"https:\/\/letrame.com\/catalogo\/wp-json\/wp\/v2\/author_book\/76285"}],"wp:featuredmedia":[{"embeddable":true,"href":"https:\/\/letrame.com\/catalogo\/wp-json\/wp\/v2\/media\/97723"}],"wp:attachment":[{"href":"https:\/\/letrame.com\/catalogo\/wp-json\/wp\/v2\/media?parent=97722"}],"wp:term":[{"taxonomy":"libro","embeddable":true,"href":"https:\/\/letrame.com\/catalogo\/wp-json\/wp\/v2\/libro?post=97722"},{"taxonomy":"product_brand","embeddable":true,"href":"https:\/\/letrame.com\/catalogo\/wp-json\/wp\/v2\/product_brand?post=97722"},{"taxonomy":"product_cat","embeddable":true,"href":"https:\/\/letrame.com\/catalogo\/wp-json\/wp\/v2\/product_cat?post=97722"},{"taxonomy":"product_tag","embeddable":true,"href":"https:\/\/letrame.com\/catalogo\/wp-json\/wp\/v2\/product_tag?post=97722"}],"curies":[{"name":"wp","href":"https:\/\/api.w.org\/{rel}","templated":true}]}}