{"id":97719,"date":"2024-04-29T14:26:48","date_gmt":"2024-04-29T12:26:48","guid":{"rendered":"https:\/\/letrame.com\/catalogo\/producto\/historias-de-malenia\/"},"modified":"2024-08-13T11:19:39","modified_gmt":"2024-08-13T09:19:39","slug":"historias-de-malenia","status":"publish","type":"product","link":"https:\/\/letrame.com\/catalogo\/producto\/historias-de-malenia\/","title":{"rendered":"Historias de Malenia"},"content":{"rendered":"<p><strong>ISBN<\/strong>:978-84-1114-689-0<\/p>\n<p><strong>Titulo: <\/strong>Historias de Malenia<\/p>\n<p><strong>Fecha:\u00a0<\/strong>2022<\/p>\n<p><strong>P\u00e1ginas: <\/strong>154<\/p>\n<p><strong>SINOPSIS<\/strong><\/p>\n<p>\u00bfQu\u00e9 es Malenia? Malenia es algo m\u00e1s extenso que un pueblo, m\u00e1s profundo que el agua del r\u00edo y m\u00e1s eterno que los amores de verano. Quiz\u00e1 solo los aut\u00f3ctonos sepan su significado, su verdadero origen o lleguen a recordar la barca que se utilizaba para cruzar su preciado r\u00edo Genil.<\/p>\n<p>Este compendio de relatos\u00a0\u00a0 nos sumerge en\u00a0 la vida de un muchacho en Villanueva Mes\u00eda, Granada. Lo que descubriremos entre sus p\u00e1ginas va m\u00e1s all\u00e1 que un conjunto de acontecimientos: ser\u00e1 el alma malena la que nos llegue al coraz\u00f3n y la que nos devuelva a la ni\u00f1ez.<\/p>\n","protected":false},"excerpt":{"rendered":"<p><strong>ISBN<\/strong>:978-84-1114-689-0<\/p>\n<p><strong>SINOPSIS<\/strong><\/p>\n<p>\u00bfQu\u00e9 es Malenia? Malenia es algo m\u00e1s extenso que un pueblo, m\u00e1s profundo que el agua del r\u00edo y m\u00e1s eterno que los amores de verano. Quiz\u00e1 solo los aut\u00f3ctonos sepan su significado, su verdadero origen o lleguen a recordar la barca que se utilizaba para cruzar su preciado r\u00edo Genil.<\/p>\n<p>Este compendio de relatos\u00a0\u00a0 nos sumerge en\u00a0 la vida de un muchacho en Villanueva Mes\u00eda, Granada. Lo que descubriremos entre sus p\u00e1ginas va m\u00e1s all\u00e1 que un conjunto de acontecimientos: ser\u00e1 el alma malena la que nos llegue al coraz\u00f3n y la que nos devuelva a la ni\u00f1ez.<\/p>\n","protected":false},"featured_media":97721,"comment_status":"closed","ping_status":"closed","template":"","meta":{"_acf_changed":false},"libro":[],"product_brand":[],"product_cat":[15],"product_tag":[],"class_list":{"0":"post-97719","1":"product","2":"type-product","3":"status-publish","4":"has-post-thumbnail","6":"product_cat-sin-categorizar","8":"first","9":"instock","10":"product-type-simple"},"acf":{"autor":[76284],"enlace_de_compra":"https:\/\/amzn.to\/46GC7o9"},"yoast_head":"<!-- This site is optimized with the Yoast SEO plugin v27.4 - https:\/\/yoast.com\/product\/yoast-seo-wordpress\/ -->\n<title>Historias de Malenia - Catalogo | Letrame Grupo Editorial<\/title>\n<meta name=\"robots\" content=\"index, follow, max-snippet:-1, max-image-preview:large, max-video-preview:-1\" \/>\n<link rel=\"canonical\" href=\"https:\/\/letrame.com\/catalogo\/producto\/historias-de-malenia\/\" \/>\n<meta property=\"og:locale\" content=\"es_ES\" \/>\n<meta property=\"og:type\" content=\"article\" \/>\n<meta property=\"og:title\" content=\"Historias de Malenia - Catalogo | Letrame Grupo Editorial\" \/>\n<meta property=\"og:description\" content=\"ISBN:978-84-1114-689-0  SINOPSIS  \u00bfQu\u00e9 es Malenia? Malenia es algo m\u00e1s extenso que un pueblo, m\u00e1s profundo que el agua del r\u00edo y m\u00e1s eterno que los amores de verano. Quiz\u00e1 solo los aut\u00f3ctonos sepan su significado, su verdadero origen o lleguen a recordar la barca que se utilizaba para cruzar su preciado r\u00edo Genil.  Este compendio de relatos\u00a0\u00a0 nos sumerge en\u00a0 la vida de un muchacho en Villanueva Mes\u00eda, Granada. Lo que descubriremos entre sus p\u00e1ginas va m\u00e1s all\u00e1 que un conjunto de acontecimientos: ser\u00e1 el alma malena la que nos llegue al coraz\u00f3n y la que nos devuelva a la ni\u00f1ez.\" \/>\n<meta property=\"og:url\" content=\"https:\/\/letrame.com\/catalogo\/producto\/historias-de-malenia\/\" \/>\n<meta property=\"og:site_name\" content=\"Catalogo | Letrame Grupo Editorial\" \/>\n<meta property=\"article:modified_time\" content=\"2024-08-13T09:19:39+00:00\" \/>\n<meta property=\"og:image\" content=\"https:\/\/letrame.com\/catalogo\/wp-content\/uploads\/2024\/04\/redportada_historiasdemalenia_821mm.jpg\" \/>\n\t<meta property=\"og:image:width\" content=\"601\" \/>\n\t<meta property=\"og:image:height\" content=\"881\" \/>\n\t<meta property=\"og:image:type\" content=\"image\/jpeg\" \/>\n<meta name=\"twitter:card\" content=\"summary_large_image\" \/>\n<meta name=\"twitter:label1\" content=\"Tiempo de lectura\" \/>\n\t<meta name=\"twitter:data1\" content=\"1 minuto\" \/>\n<script type=\"application\/ld+json\" class=\"yoast-schema-graph\">{\"@context\":\"https:\\\/\\\/schema.org\",\"@graph\":[{\"@type\":\"WebPage\",\"@id\":\"https:\\\/\\\/letrame.com\\\/catalogo\\\/producto\\\/historias-de-malenia\\\/\",\"url\":\"https:\\\/\\\/letrame.com\\\/catalogo\\\/producto\\\/historias-de-malenia\\\/\",\"name\":\"Historias de Malenia - Catalogo | Letrame Grupo Editorial\",\"isPartOf\":{\"@id\":\"https:\\\/\\\/letrame.com\\\/catalogo\\\/#website\"},\"primaryImageOfPage\":{\"@id\":\"https:\\\/\\\/letrame.com\\\/catalogo\\\/producto\\\/historias-de-malenia\\\/#primaryimage\"},\"image\":{\"@id\":\"https:\\\/\\\/letrame.com\\\/catalogo\\\/producto\\\/historias-de-malenia\\\/#primaryimage\"},\"thumbnailUrl\":\"https:\\\/\\\/letrame.com\\\/catalogo\\\/wp-content\\\/uploads\\\/2024\\\/04\\\/redportada_historiasdemalenia_821mm.jpg\",\"datePublished\":\"2024-04-29T12:26:48+00:00\",\"dateModified\":\"2024-08-13T09:19:39+00:00\",\"breadcrumb\":{\"@id\":\"https:\\\/\\\/letrame.com\\\/catalogo\\\/producto\\\/historias-de-malenia\\\/#breadcrumb\"},\"inLanguage\":\"es\",\"potentialAction\":[{\"@type\":\"ReadAction\",\"target\":[\"https:\\\/\\\/letrame.com\\\/catalogo\\\/producto\\\/historias-de-malenia\\\/\"]}]},{\"@type\":\"ImageObject\",\"inLanguage\":\"es\",\"@id\":\"https:\\\/\\\/letrame.com\\\/catalogo\\\/producto\\\/historias-de-malenia\\\/#primaryimage\",\"url\":\"https:\\\/\\\/letrame.com\\\/catalogo\\\/wp-content\\\/uploads\\\/2024\\\/04\\\/redportada_historiasdemalenia_821mm.jpg\",\"contentUrl\":\"https:\\\/\\\/letrame.com\\\/catalogo\\\/wp-content\\\/uploads\\\/2024\\\/04\\\/redportada_historiasdemalenia_821mm.jpg\",\"width\":601,\"height\":881},{\"@type\":\"BreadcrumbList\",\"@id\":\"https:\\\/\\\/letrame.com\\\/catalogo\\\/producto\\\/historias-de-malenia\\\/#breadcrumb\",\"itemListElement\":[{\"@type\":\"ListItem\",\"position\":1,\"name\":\"Portada\",\"item\":\"https:\\\/\\\/letrame.com\\\/catalogo\\\/\"},{\"@type\":\"ListItem\",\"position\":2,\"name\":\"Cat\u00e1logo\",\"item\":\"https:\\\/\\\/letrame.com\\\/catalogo\\\/\"},{\"@type\":\"ListItem\",\"position\":3,\"name\":\"Historias de Malenia\"}]},{\"@type\":\"WebSite\",\"@id\":\"https:\\\/\\\/letrame.com\\\/catalogo\\\/#website\",\"url\":\"https:\\\/\\\/letrame.com\\\/catalogo\\\/\",\"name\":\"Catalogo | Letrame Grupo Editorial\",\"description\":\"\",\"publisher\":{\"@id\":\"https:\\\/\\\/letrame.com\\\/catalogo\\\/#organization\"},\"potentialAction\":[{\"@type\":\"SearchAction\",\"target\":{\"@type\":\"EntryPoint\",\"urlTemplate\":\"https:\\\/\\\/letrame.com\\\/catalogo\\\/?s={search_term_string}\"},\"query-input\":{\"@type\":\"PropertyValueSpecification\",\"valueRequired\":true,\"valueName\":\"search_term_string\"}}],\"inLanguage\":\"es\"},{\"@type\":\"Organization\",\"@id\":\"https:\\\/\\\/letrame.com\\\/catalogo\\\/#organization\",\"name\":\"Catalogo | Letrame Grupo Editorial\",\"url\":\"https:\\\/\\\/letrame.com\\\/catalogo\\\/\",\"logo\":{\"@type\":\"ImageObject\",\"inLanguage\":\"es\",\"@id\":\"https:\\\/\\\/letrame.com\\\/catalogo\\\/#\\\/schema\\\/logo\\\/image\\\/\",\"url\":\"https:\\\/\\\/letrame.com\\\/catalogo\\\/wp-content\\\/uploads\\\/2024\\\/03\\\/logo2.webp\",\"contentUrl\":\"https:\\\/\\\/letrame.com\\\/catalogo\\\/wp-content\\\/uploads\\\/2024\\\/03\\\/logo2.webp\",\"width\":394,\"height\":128,\"caption\":\"Catalogo | Letrame Grupo Editorial\"},\"image\":{\"@id\":\"https:\\\/\\\/letrame.com\\\/catalogo\\\/#\\\/schema\\\/logo\\\/image\\\/\"}}]}<\/script>\n<!-- \/ Yoast SEO plugin. -->","yoast_head_json":{"title":"Historias de Malenia - Catalogo | Letrame Grupo Editorial","robots":{"index":"index","follow":"follow","max-snippet":"max-snippet:-1","max-image-preview":"max-image-preview:large","max-video-preview":"max-video-preview:-1"},"canonical":"https:\/\/letrame.com\/catalogo\/producto\/historias-de-malenia\/","og_locale":"es_ES","og_type":"article","og_title":"Historias de Malenia - Catalogo | Letrame Grupo Editorial","og_description":"ISBN:978-84-1114-689-0  SINOPSIS  \u00bfQu\u00e9 es Malenia? Malenia es algo m\u00e1s extenso que un pueblo, m\u00e1s profundo que el agua del r\u00edo y m\u00e1s eterno que los amores de verano. Quiz\u00e1 solo los aut\u00f3ctonos sepan su significado, su verdadero origen o lleguen a recordar la barca que se utilizaba para cruzar su preciado r\u00edo Genil.  Este compendio de relatos\u00a0\u00a0 nos sumerge en\u00a0 la vida de un muchacho en Villanueva Mes\u00eda, Granada. Lo que descubriremos entre sus p\u00e1ginas va m\u00e1s all\u00e1 que un conjunto de acontecimientos: ser\u00e1 el alma malena la que nos llegue al coraz\u00f3n y la que nos devuelva a la ni\u00f1ez.","og_url":"https:\/\/letrame.com\/catalogo\/producto\/historias-de-malenia\/","og_site_name":"Catalogo | Letrame Grupo Editorial","article_modified_time":"2024-08-13T09:19:39+00:00","og_image":[{"width":601,"height":881,"url":"https:\/\/letrame.com\/catalogo\/wp-content\/uploads\/2024\/04\/redportada_historiasdemalenia_821mm.jpg","type":"image\/jpeg"}],"twitter_card":"summary_large_image","twitter_misc":{"Tiempo de lectura":"1 minuto"},"schema":{"@context":"https:\/\/schema.org","@graph":[{"@type":"WebPage","@id":"https:\/\/letrame.com\/catalogo\/producto\/historias-de-malenia\/","url":"https:\/\/letrame.com\/catalogo\/producto\/historias-de-malenia\/","name":"Historias de Malenia - Catalogo | Letrame Grupo Editorial","isPartOf":{"@id":"https:\/\/letrame.com\/catalogo\/#website"},"primaryImageOfPage":{"@id":"https:\/\/letrame.com\/catalogo\/producto\/historias-de-malenia\/#primaryimage"},"image":{"@id":"https:\/\/letrame.com\/catalogo\/producto\/historias-de-malenia\/#primaryimage"},"thumbnailUrl":"https:\/\/letrame.com\/catalogo\/wp-content\/uploads\/2024\/04\/redportada_historiasdemalenia_821mm.jpg","datePublished":"2024-04-29T12:26:48+00:00","dateModified":"2024-08-13T09:19:39+00:00","breadcrumb":{"@id":"https:\/\/letrame.com\/catalogo\/producto\/historias-de-malenia\/#breadcrumb"},"inLanguage":"es","potentialAction":[{"@type":"ReadAction","target":["https:\/\/letrame.com\/catalogo\/producto\/historias-de-malenia\/"]}]},{"@type":"ImageObject","inLanguage":"es","@id":"https:\/\/letrame.com\/catalogo\/producto\/historias-de-malenia\/#primaryimage","url":"https:\/\/letrame.com\/catalogo\/wp-content\/uploads\/2024\/04\/redportada_historiasdemalenia_821mm.jpg","contentUrl":"https:\/\/letrame.com\/catalogo\/wp-content\/uploads\/2024\/04\/redportada_historiasdemalenia_821mm.jpg","width":601,"height":881},{"@type":"BreadcrumbList","@id":"https:\/\/letrame.com\/catalogo\/producto\/historias-de-malenia\/#breadcrumb","itemListElement":[{"@type":"ListItem","position":1,"name":"Portada","item":"https:\/\/letrame.com\/catalogo\/"},{"@type":"ListItem","position":2,"name":"Cat\u00e1logo","item":"https:\/\/letrame.com\/catalogo\/"},{"@type":"ListItem","position":3,"name":"Historias de Malenia"}]},{"@type":"WebSite","@id":"https:\/\/letrame.com\/catalogo\/#website","url":"https:\/\/letrame.com\/catalogo\/","name":"Catalogo | Letrame Grupo Editorial","description":"","publisher":{"@id":"https:\/\/letrame.com\/catalogo\/#organization"},"potentialAction":[{"@type":"SearchAction","target":{"@type":"EntryPoint","urlTemplate":"https:\/\/letrame.com\/catalogo\/?s={search_term_string}"},"query-input":{"@type":"PropertyValueSpecification","valueRequired":true,"valueName":"search_term_string"}}],"inLanguage":"es"},{"@type":"Organization","@id":"https:\/\/letrame.com\/catalogo\/#organization","name":"Catalogo | Letrame Grupo Editorial","url":"https:\/\/letrame.com\/catalogo\/","logo":{"@type":"ImageObject","inLanguage":"es","@id":"https:\/\/letrame.com\/catalogo\/#\/schema\/logo\/image\/","url":"https:\/\/letrame.com\/catalogo\/wp-content\/uploads\/2024\/03\/logo2.webp","contentUrl":"https:\/\/letrame.com\/catalogo\/wp-content\/uploads\/2024\/03\/logo2.webp","width":394,"height":128,"caption":"Catalogo | Letrame Grupo Editorial"},"image":{"@id":"https:\/\/letrame.com\/catalogo\/#\/schema\/logo\/image\/"}}]}},"_links":{"self":[{"href":"https:\/\/letrame.com\/catalogo\/wp-json\/wp\/v2\/product\/97719","targetHints":{"allow":["GET"]}}],"collection":[{"href":"https:\/\/letrame.com\/catalogo\/wp-json\/wp\/v2\/product"}],"about":[{"href":"https:\/\/letrame.com\/catalogo\/wp-json\/wp\/v2\/types\/product"}],"replies":[{"embeddable":true,"href":"https:\/\/letrame.com\/catalogo\/wp-json\/wp\/v2\/comments?post=97719"}],"acf:post":[{"embeddable":true,"href":"https:\/\/letrame.com\/catalogo\/wp-json\/wp\/v2\/author_book\/76284"}],"wp:featuredmedia":[{"embeddable":true,"href":"https:\/\/letrame.com\/catalogo\/wp-json\/wp\/v2\/media\/97721"}],"wp:attachment":[{"href":"https:\/\/letrame.com\/catalogo\/wp-json\/wp\/v2\/media?parent=97719"}],"wp:term":[{"taxonomy":"libro","embeddable":true,"href":"https:\/\/letrame.com\/catalogo\/wp-json\/wp\/v2\/libro?post=97719"},{"taxonomy":"product_brand","embeddable":true,"href":"https:\/\/letrame.com\/catalogo\/wp-json\/wp\/v2\/product_brand?post=97719"},{"taxonomy":"product_cat","embeddable":true,"href":"https:\/\/letrame.com\/catalogo\/wp-json\/wp\/v2\/product_cat?post=97719"},{"taxonomy":"product_tag","embeddable":true,"href":"https:\/\/letrame.com\/catalogo\/wp-json\/wp\/v2\/product_tag?post=97719"}],"curies":[{"name":"wp","href":"https:\/\/api.w.org\/{rel}","templated":true}]}}