{"id":97715,"date":"2024-04-29T14:26:37","date_gmt":"2024-04-29T12:26:37","guid":{"rendered":"https:\/\/letrame.com\/catalogo\/producto\/en-el-corazon-de-la-tormenta\/"},"modified":"2024-04-29T14:26:40","modified_gmt":"2024-04-29T12:26:40","slug":"en-el-corazon-de-la-tormenta","status":"publish","type":"product","link":"https:\/\/letrame.com\/catalogo\/producto\/en-el-corazon-de-la-tormenta\/","title":{"rendered":"En el coraz\u00f3n de la tormenta"},"content":{"rendered":"<p><strong>ISBN<\/strong>:978-84-1114-688-3<\/p>\n<p><strong>T\u00edtulo<\/strong>: En el coraz\u00f3n de la tormenta<\/p>\n<p><strong>Fecha<\/strong>: 2022<br \/>\n<strong>P\u00e1ginas<\/strong>: 174<\/p>\n<p><strong>SINOPSIS<\/strong><\/p>\n<p>En 2025 la sociedad tal y como la conocemos lleg\u00f3 a su fin. El virus mut\u00f3 y la infecci\u00f3n se expandi\u00f3 tan r\u00e1pido que nadie pudo contenerla. Pocos son los que se resisten, pocos son los que quedan con vida en este oscuro abismo. Irene es una de ellos. T\u00fa tambi\u00e9n.<\/p>\n<p>Descubre lo que el dolor y la p\u00e9rdida pueden llegar a hacerle al coraz\u00f3n de una persona, llev\u00e1ndolo a tomar caminos iluminados por la esperanza o ba\u00f1ados en r\u00edos de sangre. La moral ya no reina sobre nuestro mundo. Ahora es el caos quien lleva la corona, un caos que te llevar\u00e1 al l\u00edmite, un caos que te lo arrebatar\u00e1 todo, un caos que te guiar\u00e1 m\u00e1s all\u00e1 del bien y del mal.<\/p>\n","protected":false},"excerpt":{"rendered":"<p><strong>ISBN<\/strong>:978-84-1114-688-3<\/p>\n<p><strong>SINOPSIS<\/strong><\/p>\n<p>En 2025 la sociedad tal y como la conocemos lleg\u00f3 a su fin. El virus mut\u00f3 y la infecci\u00f3n se expandi\u00f3 tan r\u00e1pido que nadie pudo contenerla. Pocos son los que se resisten, pocos son los que quedan con vida en este oscuro abismo. Irene es una de ellos. T\u00fa tambi\u00e9n.<\/p>\n<p>Descubre lo que el dolor y la p\u00e9rdida pueden llegar a hacerle al coraz\u00f3n de una persona, llev\u00e1ndolo a tomar caminos iluminados por la esperanza o ba\u00f1ados en r\u00edos de sangre. La moral ya no reina sobre nuestro mundo. Ahora es el caos quien lleva la corona, un caos que te llevar\u00e1 al l\u00edmite, un caos que te lo arrebatar\u00e1 todo, un caos que te guiar\u00e1 m\u00e1s all\u00e1 del bien y del mal.<\/p>\n","protected":false},"featured_media":97716,"comment_status":"closed","ping_status":"open","template":"","meta":{"_acf_changed":false},"libro":[],"product_brand":[],"product_cat":[16],"product_tag":[],"class_list":{"0":"post-97715","1":"product","2":"type-product","3":"status-publish","4":"has-post-thumbnail","6":"product_cat-novela","8":"first","9":"instock","10":"product-type-simple"},"acf":{"autor":[76280],"enlace_de_compra":"ttps:\/\/www.amazon.es\/coraz%C3%B3n-tormenta-Nicol%C3%A1s-Robledillo-Palomares\/dp\/841114688X\/"},"yoast_head":"<!-- This site is optimized with the Yoast SEO plugin v26.6 - https:\/\/yoast.com\/wordpress\/plugins\/seo\/ -->\n<title>En el coraz\u00f3n de la tormenta - Catalogo | Letrame Grupo Editorial<\/title>\n<meta name=\"robots\" content=\"index, follow, max-snippet:-1, max-image-preview:large, max-video-preview:-1\" \/>\n<link rel=\"canonical\" href=\"https:\/\/letrame.com\/catalogo\/producto\/en-el-corazon-de-la-tormenta\/\" \/>\n<meta property=\"og:locale\" content=\"es_ES\" \/>\n<meta property=\"og:type\" content=\"article\" \/>\n<meta property=\"og:title\" content=\"En el coraz\u00f3n de la tormenta - Catalogo | Letrame Grupo Editorial\" \/>\n<meta property=\"og:description\" content=\"ISBN:978-84-1114-688-3 SINOPSIS En 2025 la sociedad tal y como la conocemos lleg\u00f3 a su fin. El virus mut\u00f3 y la infecci\u00f3n se expandi\u00f3 tan r\u00e1pido que nadie pudo contenerla. Pocos son los que se resisten, pocos son los que quedan con vida en este oscuro abismo. Irene es una de ellos. T\u00fa tambi\u00e9n. Descubre lo que el dolor y la p\u00e9rdida pueden llegar a hacerle al coraz\u00f3n de una persona, llev\u00e1ndolo a tomar caminos iluminados por la esperanza o ba\u00f1ados en r\u00edos de sangre. La moral ya no reina sobre nuestro mundo. Ahora es el caos quien lleva la corona, un caos que te llevar\u00e1 al l\u00edmite, un caos que te lo arrebatar\u00e1 todo, un caos que te guiar\u00e1 m\u00e1s all\u00e1 del bien y del mal.\" \/>\n<meta property=\"og:url\" content=\"https:\/\/letrame.com\/catalogo\/producto\/en-el-corazon-de-la-tormenta\/\" \/>\n<meta property=\"og:site_name\" content=\"Catalogo | Letrame Grupo Editorial\" \/>\n<meta property=\"article:modified_time\" content=\"2024-04-29T12:26:40+00:00\" \/>\n<meta property=\"og:image\" content=\"https:\/\/letrame.com\/catalogo\/wp-content\/uploads\/2024\/04\/redportada_enelcorazondelatormenta_913mm.jpg\" \/>\n\t<meta property=\"og:image:width\" content=\"601\" \/>\n\t<meta property=\"og:image:height\" content=\"881\" \/>\n\t<meta property=\"og:image:type\" content=\"image\/jpeg\" \/>\n<meta name=\"twitter:card\" content=\"summary_large_image\" \/>\n<meta name=\"twitter:label1\" content=\"Tiempo de lectura\" \/>\n\t<meta name=\"twitter:data1\" content=\"1 minuto\" \/>\n<script type=\"application\/ld+json\" class=\"yoast-schema-graph\">{\"@context\":\"https:\/\/schema.org\",\"@graph\":[{\"@type\":\"WebPage\",\"@id\":\"https:\/\/letrame.com\/catalogo\/producto\/en-el-corazon-de-la-tormenta\/\",\"url\":\"https:\/\/letrame.com\/catalogo\/producto\/en-el-corazon-de-la-tormenta\/\",\"name\":\"En el coraz\u00f3n de la tormenta - Catalogo | Letrame Grupo Editorial\",\"isPartOf\":{\"@id\":\"https:\/\/letrame.com\/catalogo\/#website\"},\"primaryImageOfPage\":{\"@id\":\"https:\/\/letrame.com\/catalogo\/producto\/en-el-corazon-de-la-tormenta\/#primaryimage\"},\"image\":{\"@id\":\"https:\/\/letrame.com\/catalogo\/producto\/en-el-corazon-de-la-tormenta\/#primaryimage\"},\"thumbnailUrl\":\"https:\/\/letrame.com\/catalogo\/wp-content\/uploads\/2024\/04\/redportada_enelcorazondelatormenta_913mm.jpg\",\"datePublished\":\"2024-04-29T12:26:37+00:00\",\"dateModified\":\"2024-04-29T12:26:40+00:00\",\"breadcrumb\":{\"@id\":\"https:\/\/letrame.com\/catalogo\/producto\/en-el-corazon-de-la-tormenta\/#breadcrumb\"},\"inLanguage\":\"es\",\"potentialAction\":[{\"@type\":\"ReadAction\",\"target\":[\"https:\/\/letrame.com\/catalogo\/producto\/en-el-corazon-de-la-tormenta\/\"]}]},{\"@type\":\"ImageObject\",\"inLanguage\":\"es\",\"@id\":\"https:\/\/letrame.com\/catalogo\/producto\/en-el-corazon-de-la-tormenta\/#primaryimage\",\"url\":\"https:\/\/letrame.com\/catalogo\/wp-content\/uploads\/2024\/04\/redportada_enelcorazondelatormenta_913mm.jpg\",\"contentUrl\":\"https:\/\/letrame.com\/catalogo\/wp-content\/uploads\/2024\/04\/redportada_enelcorazondelatormenta_913mm.jpg\",\"width\":601,\"height\":881},{\"@type\":\"BreadcrumbList\",\"@id\":\"https:\/\/letrame.com\/catalogo\/producto\/en-el-corazon-de-la-tormenta\/#breadcrumb\",\"itemListElement\":[{\"@type\":\"ListItem\",\"position\":1,\"name\":\"Portada\",\"item\":\"https:\/\/letrame.com\/catalogo\/\"},{\"@type\":\"ListItem\",\"position\":2,\"name\":\"Cat\u00e1logo\",\"item\":\"https:\/\/letrame.com\/catalogo\/\"},{\"@type\":\"ListItem\",\"position\":3,\"name\":\"En el coraz\u00f3n de la tormenta\"}]},{\"@type\":\"WebSite\",\"@id\":\"https:\/\/letrame.com\/catalogo\/#website\",\"url\":\"https:\/\/letrame.com\/catalogo\/\",\"name\":\"Catalogo | Letrame Grupo Editorial\",\"description\":\"\",\"publisher\":{\"@id\":\"https:\/\/letrame.com\/catalogo\/#organization\"},\"potentialAction\":[{\"@type\":\"SearchAction\",\"target\":{\"@type\":\"EntryPoint\",\"urlTemplate\":\"https:\/\/letrame.com\/catalogo\/?s={search_term_string}\"},\"query-input\":{\"@type\":\"PropertyValueSpecification\",\"valueRequired\":true,\"valueName\":\"search_term_string\"}}],\"inLanguage\":\"es\"},{\"@type\":\"Organization\",\"@id\":\"https:\/\/letrame.com\/catalogo\/#organization\",\"name\":\"Catalogo | Letrame Grupo Editorial\",\"url\":\"https:\/\/letrame.com\/catalogo\/\",\"logo\":{\"@type\":\"ImageObject\",\"inLanguage\":\"es\",\"@id\":\"https:\/\/letrame.com\/catalogo\/#\/schema\/logo\/image\/\",\"url\":\"https:\/\/letrame.com\/catalogo\/wp-content\/uploads\/2024\/03\/logo2.webp\",\"contentUrl\":\"https:\/\/letrame.com\/catalogo\/wp-content\/uploads\/2024\/03\/logo2.webp\",\"width\":394,\"height\":128,\"caption\":\"Catalogo | Letrame Grupo Editorial\"},\"image\":{\"@id\":\"https:\/\/letrame.com\/catalogo\/#\/schema\/logo\/image\/\"}}]}<\/script>\n<!-- \/ Yoast SEO plugin. -->","yoast_head_json":{"title":"En el coraz\u00f3n de la tormenta - Catalogo | Letrame Grupo Editorial","robots":{"index":"index","follow":"follow","max-snippet":"max-snippet:-1","max-image-preview":"max-image-preview:large","max-video-preview":"max-video-preview:-1"},"canonical":"https:\/\/letrame.com\/catalogo\/producto\/en-el-corazon-de-la-tormenta\/","og_locale":"es_ES","og_type":"article","og_title":"En el coraz\u00f3n de la tormenta - Catalogo | Letrame Grupo Editorial","og_description":"ISBN:978-84-1114-688-3 SINOPSIS En 2025 la sociedad tal y como la conocemos lleg\u00f3 a su fin. El virus mut\u00f3 y la infecci\u00f3n se expandi\u00f3 tan r\u00e1pido que nadie pudo contenerla. Pocos son los que se resisten, pocos son los que quedan con vida en este oscuro abismo. Irene es una de ellos. T\u00fa tambi\u00e9n. Descubre lo que el dolor y la p\u00e9rdida pueden llegar a hacerle al coraz\u00f3n de una persona, llev\u00e1ndolo a tomar caminos iluminados por la esperanza o ba\u00f1ados en r\u00edos de sangre. La moral ya no reina sobre nuestro mundo. Ahora es el caos quien lleva la corona, un caos que te llevar\u00e1 al l\u00edmite, un caos que te lo arrebatar\u00e1 todo, un caos que te guiar\u00e1 m\u00e1s all\u00e1 del bien y del mal.","og_url":"https:\/\/letrame.com\/catalogo\/producto\/en-el-corazon-de-la-tormenta\/","og_site_name":"Catalogo | Letrame Grupo Editorial","article_modified_time":"2024-04-29T12:26:40+00:00","og_image":[{"width":601,"height":881,"url":"https:\/\/letrame.com\/catalogo\/wp-content\/uploads\/2024\/04\/redportada_enelcorazondelatormenta_913mm.jpg","type":"image\/jpeg"}],"twitter_card":"summary_large_image","twitter_misc":{"Tiempo de lectura":"1 minuto"},"schema":{"@context":"https:\/\/schema.org","@graph":[{"@type":"WebPage","@id":"https:\/\/letrame.com\/catalogo\/producto\/en-el-corazon-de-la-tormenta\/","url":"https:\/\/letrame.com\/catalogo\/producto\/en-el-corazon-de-la-tormenta\/","name":"En el coraz\u00f3n de la tormenta - Catalogo | Letrame Grupo Editorial","isPartOf":{"@id":"https:\/\/letrame.com\/catalogo\/#website"},"primaryImageOfPage":{"@id":"https:\/\/letrame.com\/catalogo\/producto\/en-el-corazon-de-la-tormenta\/#primaryimage"},"image":{"@id":"https:\/\/letrame.com\/catalogo\/producto\/en-el-corazon-de-la-tormenta\/#primaryimage"},"thumbnailUrl":"https:\/\/letrame.com\/catalogo\/wp-content\/uploads\/2024\/04\/redportada_enelcorazondelatormenta_913mm.jpg","datePublished":"2024-04-29T12:26:37+00:00","dateModified":"2024-04-29T12:26:40+00:00","breadcrumb":{"@id":"https:\/\/letrame.com\/catalogo\/producto\/en-el-corazon-de-la-tormenta\/#breadcrumb"},"inLanguage":"es","potentialAction":[{"@type":"ReadAction","target":["https:\/\/letrame.com\/catalogo\/producto\/en-el-corazon-de-la-tormenta\/"]}]},{"@type":"ImageObject","inLanguage":"es","@id":"https:\/\/letrame.com\/catalogo\/producto\/en-el-corazon-de-la-tormenta\/#primaryimage","url":"https:\/\/letrame.com\/catalogo\/wp-content\/uploads\/2024\/04\/redportada_enelcorazondelatormenta_913mm.jpg","contentUrl":"https:\/\/letrame.com\/catalogo\/wp-content\/uploads\/2024\/04\/redportada_enelcorazondelatormenta_913mm.jpg","width":601,"height":881},{"@type":"BreadcrumbList","@id":"https:\/\/letrame.com\/catalogo\/producto\/en-el-corazon-de-la-tormenta\/#breadcrumb","itemListElement":[{"@type":"ListItem","position":1,"name":"Portada","item":"https:\/\/letrame.com\/catalogo\/"},{"@type":"ListItem","position":2,"name":"Cat\u00e1logo","item":"https:\/\/letrame.com\/catalogo\/"},{"@type":"ListItem","position":3,"name":"En el coraz\u00f3n de la tormenta"}]},{"@type":"WebSite","@id":"https:\/\/letrame.com\/catalogo\/#website","url":"https:\/\/letrame.com\/catalogo\/","name":"Catalogo | Letrame Grupo Editorial","description":"","publisher":{"@id":"https:\/\/letrame.com\/catalogo\/#organization"},"potentialAction":[{"@type":"SearchAction","target":{"@type":"EntryPoint","urlTemplate":"https:\/\/letrame.com\/catalogo\/?s={search_term_string}"},"query-input":{"@type":"PropertyValueSpecification","valueRequired":true,"valueName":"search_term_string"}}],"inLanguage":"es"},{"@type":"Organization","@id":"https:\/\/letrame.com\/catalogo\/#organization","name":"Catalogo | Letrame Grupo Editorial","url":"https:\/\/letrame.com\/catalogo\/","logo":{"@type":"ImageObject","inLanguage":"es","@id":"https:\/\/letrame.com\/catalogo\/#\/schema\/logo\/image\/","url":"https:\/\/letrame.com\/catalogo\/wp-content\/uploads\/2024\/03\/logo2.webp","contentUrl":"https:\/\/letrame.com\/catalogo\/wp-content\/uploads\/2024\/03\/logo2.webp","width":394,"height":128,"caption":"Catalogo | Letrame Grupo Editorial"},"image":{"@id":"https:\/\/letrame.com\/catalogo\/#\/schema\/logo\/image\/"}}]}},"_links":{"self":[{"href":"https:\/\/letrame.com\/catalogo\/wp-json\/wp\/v2\/product\/97715","targetHints":{"allow":["GET"]}}],"collection":[{"href":"https:\/\/letrame.com\/catalogo\/wp-json\/wp\/v2\/product"}],"about":[{"href":"https:\/\/letrame.com\/catalogo\/wp-json\/wp\/v2\/types\/product"}],"replies":[{"embeddable":true,"href":"https:\/\/letrame.com\/catalogo\/wp-json\/wp\/v2\/comments?post=97715"}],"acf:post":[{"embeddable":true,"href":"https:\/\/letrame.com\/catalogo\/wp-json\/wp\/v2\/author_book\/76280"}],"wp:featuredmedia":[{"embeddable":true,"href":"https:\/\/letrame.com\/catalogo\/wp-json\/wp\/v2\/media\/97716"}],"wp:attachment":[{"href":"https:\/\/letrame.com\/catalogo\/wp-json\/wp\/v2\/media?parent=97715"}],"wp:term":[{"taxonomy":"libro","embeddable":true,"href":"https:\/\/letrame.com\/catalogo\/wp-json\/wp\/v2\/libro?post=97715"},{"taxonomy":"product_brand","embeddable":true,"href":"https:\/\/letrame.com\/catalogo\/wp-json\/wp\/v2\/product_brand?post=97715"},{"taxonomy":"product_cat","embeddable":true,"href":"https:\/\/letrame.com\/catalogo\/wp-json\/wp\/v2\/product_cat?post=97715"},{"taxonomy":"product_tag","embeddable":true,"href":"https:\/\/letrame.com\/catalogo\/wp-json\/wp\/v2\/product_tag?post=97715"}],"curies":[{"name":"wp","href":"https:\/\/api.w.org\/{rel}","templated":true}]}}