{"id":97713,"date":"2024-04-29T14:26:37","date_gmt":"2024-04-29T12:26:37","guid":{"rendered":"https:\/\/letrame.com\/catalogo\/producto\/elogi-dels-fumuts\/"},"modified":"2024-04-29T14:26:37","modified_gmt":"2024-04-29T12:26:37","slug":"elogi-dels-fumuts","status":"publish","type":"product","link":"https:\/\/letrame.com\/catalogo\/producto\/elogi-dels-fumuts\/","title":{"rendered":"Elogi dels fumuts"},"content":{"rendered":"<p><strong>ISBN<\/strong>:978-84-1114-741-5<\/p>\n<p><strong>T\u00edtulo<\/strong>: <span data-sheets-value=\"{&quot;1&quot;:2,&quot;2&quot;:&quot;Elogi dels fumuts&quot;}\" data-sheets-userformat=\"{&quot;2&quot;:579,&quot;3&quot;:{&quot;1&quot;:0},&quot;4&quot;:{&quot;1&quot;:2,&quot;2&quot;:14281427},&quot;9&quot;:1,&quot;12&quot;:0}\">Elogi dels fumuts<\/span><\/p>\n<p><strong>Fecha<\/strong>: 2022<br \/>\n<strong>P\u00e1ginas<\/strong>: 174<\/p>\n<p><strong>SINOPSIS<\/strong><\/p>\n<p>L\u2019ELOGI DELS FUMUTS \u00e9s un recull de dotze contes sobre la improbable extinci\u00f3 dels idiotes, relats ben diversos i diferents en tractament, estructura i g\u00e8nere, si b\u00e9 domina el color negre: de veure-ho tot negre, de posar-se negre amb el que passa al m\u00f3n, d\u2019humor negre, de g\u00e8nere negre, de vegades fosc, negr\u00edssim, per\u00f2 sempre amb un nexe en com\u00fa, una mirada tendra i astorada sobre l\u2019estupidesa humana.<\/p>\n<p>Diu el diccionari que un idiota \u00e9s qui es comporta i pensa de manera absurda i inadequada a les situacions.\u00a0Un mot que, passant pel llat\u00ed, ve del grec antic <em>_______<\/em>, <em>idi_t_s,<\/em> \u00abhome particular, ciutad\u00e0 simple, ignorant\u00bb. Individus absurds que es passegen en les p\u00e0gines d\u2019aquest llibre sense donar mai treva a la seva estupidesa, prenent forma de marit, pol\u00edtic, guerrer, somiatruites, maltractador, assass\u00ed, v\u00edctima, escriptor, lector&#8230; Tant en mascul\u00ed com en femen\u00ed o no binari. A tothom, en un moment o un altre, li toca rebre, per\u00f2 tamb\u00e9, sovint, personatges semblants reben l\u2019elogi dels fumuts, dels perjudicats, dels insurgents que es rebel\u00b7len.<\/p>\n","protected":false},"excerpt":{"rendered":"<p><strong>ISBN<\/strong>:978-84-1114-741-5<\/p>\n<p><strong>SINOPSIS<\/strong><\/p>\n<p>L\u2019ELOGI DELS FUMUTS \u00e9s un recull de dotze contes sobre la improbable extinci\u00f3 dels idiotes, relats ben diversos i diferents en tractament, estructura i g\u00e8nere, si b\u00e9 domina el color negre: de veure-ho tot negre, de posar-se negre amb el que passa al m\u00f3n, d\u2019humor negre, de g\u00e8nere negre, de vegades fosc, negr\u00edssim, per\u00f2 sempre amb un nexe en com\u00fa, una mirada tendra i astorada sobre l\u2019estupidesa humana.<\/p>\n<p>Diu el diccionari que un idiota \u00e9s qui es comporta i pensa de manera absurda i inadequada a les situacions.\u00a0Un mot que, passant pel llat\u00ed, ve del grec antic <em>_______<\/em>, <em>idi_t_s,<\/em> \u00abhome particular, ciutad\u00e0 simple, ignorant\u00bb. Individus absurds que es passegen en les p\u00e0gines d\u2019aquest llibre sense donar mai treva a la seva estupidesa, prenent forma de marit, pol\u00edtic, guerrer, somiatruites, maltractador, assass\u00ed, v\u00edctima, escriptor, lector&#8230; Tant en mascul\u00ed com en femen\u00ed o no binari. A tothom, en un moment o un altre, li toca rebre, per\u00f2 tamb\u00e9, sovint, personatges semblants reben l\u2019elogi dels fumuts, dels perjudicats, dels insurgents que es rebel\u00b7len.<\/p>\n","protected":false},"featured_media":97714,"comment_status":"closed","ping_status":"open","template":"","meta":{"_acf_changed":false},"libro":[],"product_brand":[],"product_cat":[16],"product_tag":[],"class_list":{"0":"post-97713","1":"product","2":"type-product","3":"status-publish","4":"has-post-thumbnail","6":"product_cat-novela","8":"first","9":"instock","10":"product-type-simple"},"acf":{"autor":[76278],"enlace_de_compra":"https:\/\/www.amazon.es\/fumuts-Contes-improbable-extinci%C3%B3-idiotes\/dp\/841114741X\/"},"yoast_head":"<!-- This site is optimized with the Yoast SEO plugin v26.6 - https:\/\/yoast.com\/wordpress\/plugins\/seo\/ -->\n<title>Elogi dels fumuts - Catalogo | Letrame Grupo Editorial<\/title>\n<meta name=\"robots\" content=\"index, follow, max-snippet:-1, max-image-preview:large, max-video-preview:-1\" \/>\n<link rel=\"canonical\" href=\"https:\/\/letrame.com\/catalogo\/producto\/elogi-dels-fumuts\/\" \/>\n<meta property=\"og:locale\" content=\"es_ES\" \/>\n<meta property=\"og:type\" content=\"article\" \/>\n<meta property=\"og:title\" content=\"Elogi dels fumuts - Catalogo | Letrame Grupo Editorial\" \/>\n<meta property=\"og:description\" content=\"ISBN:978-84-1114-741-5 SINOPSIS L\u2019ELOGI DELS FUMUTS \u00e9s un recull de dotze contes sobre la improbable extinci\u00f3 dels idiotes, relats ben diversos i diferents en tractament, estructura i g\u00e8nere, si b\u00e9 domina el color negre: de veure-ho tot negre, de posar-se negre amb el que passa al m\u00f3n, d\u2019humor negre, de g\u00e8nere negre, de vegades fosc, negr\u00edssim, per\u00f2 sempre amb un nexe en com\u00fa, una mirada tendra i astorada sobre l\u2019estupidesa humana. Diu el diccionari que un idiota \u00e9s qui es comporta i pensa de manera absurda i inadequada a les situacions.\u00a0Un mot que, passant pel llat\u00ed, ve del grec antic _______, idi_t_s, \u00abhome particular, ciutad\u00e0 simple, ignorant\u00bb. Individus absurds que es passegen en les p\u00e0gines d\u2019aquest llibre sense donar mai treva a la seva estupidesa, prenent forma de marit, pol\u00edtic, guerrer, somiatruites, maltractador, assass\u00ed, v\u00edctima, escriptor, lector... Tant en mascul\u00ed com en femen\u00ed o no binari. A tothom, en un moment o un altre, li toca rebre, per\u00f2 tamb\u00e9, sovint, personatges semblants reben l\u2019elogi dels fumuts, dels perjudicats, dels insurgents que es rebel\u00b7len.\" \/>\n<meta property=\"og:url\" content=\"https:\/\/letrame.com\/catalogo\/producto\/elogi-dels-fumuts\/\" \/>\n<meta property=\"og:site_name\" content=\"Catalogo | Letrame Grupo Editorial\" \/>\n<meta property=\"og:image\" content=\"https:\/\/letrame.com\/catalogo\/wp-content\/uploads\/2024\/04\/redportada_elogi_913mm.jpg\" \/>\n\t<meta property=\"og:image:width\" content=\"601\" \/>\n\t<meta property=\"og:image:height\" content=\"881\" \/>\n\t<meta property=\"og:image:type\" content=\"image\/jpeg\" \/>\n<meta name=\"twitter:card\" content=\"summary_large_image\" \/>\n<meta name=\"twitter:label1\" content=\"Tiempo de lectura\" \/>\n\t<meta name=\"twitter:data1\" content=\"1 minuto\" \/>\n<script type=\"application\/ld+json\" class=\"yoast-schema-graph\">{\"@context\":\"https:\/\/schema.org\",\"@graph\":[{\"@type\":\"WebPage\",\"@id\":\"https:\/\/letrame.com\/catalogo\/producto\/elogi-dels-fumuts\/\",\"url\":\"https:\/\/letrame.com\/catalogo\/producto\/elogi-dels-fumuts\/\",\"name\":\"Elogi dels fumuts - Catalogo | Letrame Grupo Editorial\",\"isPartOf\":{\"@id\":\"https:\/\/letrame.com\/catalogo\/#website\"},\"primaryImageOfPage\":{\"@id\":\"https:\/\/letrame.com\/catalogo\/producto\/elogi-dels-fumuts\/#primaryimage\"},\"image\":{\"@id\":\"https:\/\/letrame.com\/catalogo\/producto\/elogi-dels-fumuts\/#primaryimage\"},\"thumbnailUrl\":\"https:\/\/letrame.com\/catalogo\/wp-content\/uploads\/2024\/04\/redportada_elogi_913mm.jpg\",\"datePublished\":\"2024-04-29T12:26:37+00:00\",\"breadcrumb\":{\"@id\":\"https:\/\/letrame.com\/catalogo\/producto\/elogi-dels-fumuts\/#breadcrumb\"},\"inLanguage\":\"es\",\"potentialAction\":[{\"@type\":\"ReadAction\",\"target\":[\"https:\/\/letrame.com\/catalogo\/producto\/elogi-dels-fumuts\/\"]}]},{\"@type\":\"ImageObject\",\"inLanguage\":\"es\",\"@id\":\"https:\/\/letrame.com\/catalogo\/producto\/elogi-dels-fumuts\/#primaryimage\",\"url\":\"https:\/\/letrame.com\/catalogo\/wp-content\/uploads\/2024\/04\/redportada_elogi_913mm.jpg\",\"contentUrl\":\"https:\/\/letrame.com\/catalogo\/wp-content\/uploads\/2024\/04\/redportada_elogi_913mm.jpg\",\"width\":601,\"height\":881},{\"@type\":\"BreadcrumbList\",\"@id\":\"https:\/\/letrame.com\/catalogo\/producto\/elogi-dels-fumuts\/#breadcrumb\",\"itemListElement\":[{\"@type\":\"ListItem\",\"position\":1,\"name\":\"Portada\",\"item\":\"https:\/\/letrame.com\/catalogo\/\"},{\"@type\":\"ListItem\",\"position\":2,\"name\":\"Cat\u00e1logo\",\"item\":\"https:\/\/letrame.com\/catalogo\/\"},{\"@type\":\"ListItem\",\"position\":3,\"name\":\"Elogi dels fumuts\"}]},{\"@type\":\"WebSite\",\"@id\":\"https:\/\/letrame.com\/catalogo\/#website\",\"url\":\"https:\/\/letrame.com\/catalogo\/\",\"name\":\"Catalogo | Letrame Grupo Editorial\",\"description\":\"\",\"publisher\":{\"@id\":\"https:\/\/letrame.com\/catalogo\/#organization\"},\"potentialAction\":[{\"@type\":\"SearchAction\",\"target\":{\"@type\":\"EntryPoint\",\"urlTemplate\":\"https:\/\/letrame.com\/catalogo\/?s={search_term_string}\"},\"query-input\":{\"@type\":\"PropertyValueSpecification\",\"valueRequired\":true,\"valueName\":\"search_term_string\"}}],\"inLanguage\":\"es\"},{\"@type\":\"Organization\",\"@id\":\"https:\/\/letrame.com\/catalogo\/#organization\",\"name\":\"Catalogo | Letrame Grupo Editorial\",\"url\":\"https:\/\/letrame.com\/catalogo\/\",\"logo\":{\"@type\":\"ImageObject\",\"inLanguage\":\"es\",\"@id\":\"https:\/\/letrame.com\/catalogo\/#\/schema\/logo\/image\/\",\"url\":\"https:\/\/letrame.com\/catalogo\/wp-content\/uploads\/2024\/03\/logo2.webp\",\"contentUrl\":\"https:\/\/letrame.com\/catalogo\/wp-content\/uploads\/2024\/03\/logo2.webp\",\"width\":394,\"height\":128,\"caption\":\"Catalogo | Letrame Grupo Editorial\"},\"image\":{\"@id\":\"https:\/\/letrame.com\/catalogo\/#\/schema\/logo\/image\/\"}}]}<\/script>\n<!-- \/ Yoast SEO plugin. -->","yoast_head_json":{"title":"Elogi dels fumuts - Catalogo | Letrame Grupo Editorial","robots":{"index":"index","follow":"follow","max-snippet":"max-snippet:-1","max-image-preview":"max-image-preview:large","max-video-preview":"max-video-preview:-1"},"canonical":"https:\/\/letrame.com\/catalogo\/producto\/elogi-dels-fumuts\/","og_locale":"es_ES","og_type":"article","og_title":"Elogi dels fumuts - Catalogo | Letrame Grupo Editorial","og_description":"ISBN:978-84-1114-741-5 SINOPSIS L\u2019ELOGI DELS FUMUTS \u00e9s un recull de dotze contes sobre la improbable extinci\u00f3 dels idiotes, relats ben diversos i diferents en tractament, estructura i g\u00e8nere, si b\u00e9 domina el color negre: de veure-ho tot negre, de posar-se negre amb el que passa al m\u00f3n, d\u2019humor negre, de g\u00e8nere negre, de vegades fosc, negr\u00edssim, per\u00f2 sempre amb un nexe en com\u00fa, una mirada tendra i astorada sobre l\u2019estupidesa humana. Diu el diccionari que un idiota \u00e9s qui es comporta i pensa de manera absurda i inadequada a les situacions.\u00a0Un mot que, passant pel llat\u00ed, ve del grec antic _______, idi_t_s, \u00abhome particular, ciutad\u00e0 simple, ignorant\u00bb. Individus absurds que es passegen en les p\u00e0gines d\u2019aquest llibre sense donar mai treva a la seva estupidesa, prenent forma de marit, pol\u00edtic, guerrer, somiatruites, maltractador, assass\u00ed, v\u00edctima, escriptor, lector... Tant en mascul\u00ed com en femen\u00ed o no binari. A tothom, en un moment o un altre, li toca rebre, per\u00f2 tamb\u00e9, sovint, personatges semblants reben l\u2019elogi dels fumuts, dels perjudicats, dels insurgents que es rebel\u00b7len.","og_url":"https:\/\/letrame.com\/catalogo\/producto\/elogi-dels-fumuts\/","og_site_name":"Catalogo | Letrame Grupo Editorial","og_image":[{"width":601,"height":881,"url":"https:\/\/letrame.com\/catalogo\/wp-content\/uploads\/2024\/04\/redportada_elogi_913mm.jpg","type":"image\/jpeg"}],"twitter_card":"summary_large_image","twitter_misc":{"Tiempo de lectura":"1 minuto"},"schema":{"@context":"https:\/\/schema.org","@graph":[{"@type":"WebPage","@id":"https:\/\/letrame.com\/catalogo\/producto\/elogi-dels-fumuts\/","url":"https:\/\/letrame.com\/catalogo\/producto\/elogi-dels-fumuts\/","name":"Elogi dels fumuts - Catalogo | Letrame Grupo Editorial","isPartOf":{"@id":"https:\/\/letrame.com\/catalogo\/#website"},"primaryImageOfPage":{"@id":"https:\/\/letrame.com\/catalogo\/producto\/elogi-dels-fumuts\/#primaryimage"},"image":{"@id":"https:\/\/letrame.com\/catalogo\/producto\/elogi-dels-fumuts\/#primaryimage"},"thumbnailUrl":"https:\/\/letrame.com\/catalogo\/wp-content\/uploads\/2024\/04\/redportada_elogi_913mm.jpg","datePublished":"2024-04-29T12:26:37+00:00","breadcrumb":{"@id":"https:\/\/letrame.com\/catalogo\/producto\/elogi-dels-fumuts\/#breadcrumb"},"inLanguage":"es","potentialAction":[{"@type":"ReadAction","target":["https:\/\/letrame.com\/catalogo\/producto\/elogi-dels-fumuts\/"]}]},{"@type":"ImageObject","inLanguage":"es","@id":"https:\/\/letrame.com\/catalogo\/producto\/elogi-dels-fumuts\/#primaryimage","url":"https:\/\/letrame.com\/catalogo\/wp-content\/uploads\/2024\/04\/redportada_elogi_913mm.jpg","contentUrl":"https:\/\/letrame.com\/catalogo\/wp-content\/uploads\/2024\/04\/redportada_elogi_913mm.jpg","width":601,"height":881},{"@type":"BreadcrumbList","@id":"https:\/\/letrame.com\/catalogo\/producto\/elogi-dels-fumuts\/#breadcrumb","itemListElement":[{"@type":"ListItem","position":1,"name":"Portada","item":"https:\/\/letrame.com\/catalogo\/"},{"@type":"ListItem","position":2,"name":"Cat\u00e1logo","item":"https:\/\/letrame.com\/catalogo\/"},{"@type":"ListItem","position":3,"name":"Elogi dels fumuts"}]},{"@type":"WebSite","@id":"https:\/\/letrame.com\/catalogo\/#website","url":"https:\/\/letrame.com\/catalogo\/","name":"Catalogo | Letrame Grupo Editorial","description":"","publisher":{"@id":"https:\/\/letrame.com\/catalogo\/#organization"},"potentialAction":[{"@type":"SearchAction","target":{"@type":"EntryPoint","urlTemplate":"https:\/\/letrame.com\/catalogo\/?s={search_term_string}"},"query-input":{"@type":"PropertyValueSpecification","valueRequired":true,"valueName":"search_term_string"}}],"inLanguage":"es"},{"@type":"Organization","@id":"https:\/\/letrame.com\/catalogo\/#organization","name":"Catalogo | Letrame Grupo Editorial","url":"https:\/\/letrame.com\/catalogo\/","logo":{"@type":"ImageObject","inLanguage":"es","@id":"https:\/\/letrame.com\/catalogo\/#\/schema\/logo\/image\/","url":"https:\/\/letrame.com\/catalogo\/wp-content\/uploads\/2024\/03\/logo2.webp","contentUrl":"https:\/\/letrame.com\/catalogo\/wp-content\/uploads\/2024\/03\/logo2.webp","width":394,"height":128,"caption":"Catalogo | Letrame Grupo Editorial"},"image":{"@id":"https:\/\/letrame.com\/catalogo\/#\/schema\/logo\/image\/"}}]}},"_links":{"self":[{"href":"https:\/\/letrame.com\/catalogo\/wp-json\/wp\/v2\/product\/97713","targetHints":{"allow":["GET"]}}],"collection":[{"href":"https:\/\/letrame.com\/catalogo\/wp-json\/wp\/v2\/product"}],"about":[{"href":"https:\/\/letrame.com\/catalogo\/wp-json\/wp\/v2\/types\/product"}],"replies":[{"embeddable":true,"href":"https:\/\/letrame.com\/catalogo\/wp-json\/wp\/v2\/comments?post=97713"}],"acf:post":[{"embeddable":true,"href":"https:\/\/letrame.com\/catalogo\/wp-json\/wp\/v2\/author_book\/76278"}],"wp:featuredmedia":[{"embeddable":true,"href":"https:\/\/letrame.com\/catalogo\/wp-json\/wp\/v2\/media\/97714"}],"wp:attachment":[{"href":"https:\/\/letrame.com\/catalogo\/wp-json\/wp\/v2\/media?parent=97713"}],"wp:term":[{"taxonomy":"libro","embeddable":true,"href":"https:\/\/letrame.com\/catalogo\/wp-json\/wp\/v2\/libro?post=97713"},{"taxonomy":"product_brand","embeddable":true,"href":"https:\/\/letrame.com\/catalogo\/wp-json\/wp\/v2\/product_brand?post=97713"},{"taxonomy":"product_cat","embeddable":true,"href":"https:\/\/letrame.com\/catalogo\/wp-json\/wp\/v2\/product_cat?post=97713"},{"taxonomy":"product_tag","embeddable":true,"href":"https:\/\/letrame.com\/catalogo\/wp-json\/wp\/v2\/product_tag?post=97713"}],"curies":[{"name":"wp","href":"https:\/\/api.w.org\/{rel}","templated":true}]}}