{"id":97711,"date":"2024-04-29T14:26:25","date_gmt":"2024-04-29T12:26:25","guid":{"rendered":"https:\/\/letrame.com\/catalogo\/producto\/el-poemario-de-yavko\/"},"modified":"2024-04-29T14:26:32","modified_gmt":"2024-04-29T12:26:32","slug":"el-poemario-de-yavko","status":"publish","type":"product","link":"https:\/\/letrame.com\/catalogo\/producto\/el-poemario-de-yavko\/","title":{"rendered":"El poemario de Yavko"},"content":{"rendered":"<p><strong>ISBN<\/strong>:978-84-1114-763-7<\/p>\n<p><strong>T\u00edtulo<\/strong>: El poemario de Yavko<\/p>\n<p><strong>Fecha<\/strong>: 2022<br \/>\n<strong>P\u00e1ginas<\/strong>: 102<\/p>\n<p><strong>SINOPSIS<\/strong><\/p>\n<p>Esta es una obra po\u00e9tica en el que el lector podr\u00e1 adentrarse en el coraz\u00f3n de yavko, acompa\u00f1\u00e1ndolo en su introspecci\u00f3n y descubriendo las fisuras que agrietan sus paredes. Entendemos las fisuras muchas veces tan s\u00f3lo como grietas, aunque si hablamos de los sentimientos acaecen un significado mucho m\u00e1s complejo.<\/p>\n<p>Al\u00e9jate de lo mundano, conoce los mundos que crea Yavko en sus sue\u00f1os. Toda la imaginaci\u00f3n que rezuma de su alma cobra vida en forma de versos e historias que desaf\u00edan la realidad. \u00bfQui\u00e9n no ha querido ser el h\u00e9roe de la pel\u00edcula, o que existieran esos mundos de fantas\u00eda a los que explorar?<\/p>\n<p>La naturaleza en todo su esplendor es y ser\u00e1 siempre una fuente inagotable de inspiraci\u00f3n. Todos esos paisajes y esos encuentros con el mundo salvaje formaron recuerdos que quedaron grabados en la mente de Yavko, a los que har\u00e1 referencia durante su vida c\u00f3mo la belleza m\u00e1s pura.<\/p>\n<p>As\u00ed como las grietas pueden producir goteras, las fisuras tambi\u00e9n permiten que entre luz en esa habitaci\u00f3n que llamamos coraz\u00f3n. Esa luz ba\u00f1ar\u00e1 de esperanza al que se encuentre sumido en el fr\u00edo de la oscuridad, llenando de alegr\u00eda la tinta que se desliza por su pluma.<\/p>\n<p>[aux_button label=\u00bbCOMPRAR\u00bb size=\u00bbmedium\u00bb icon_align=\u00bbleft\u00bb color_name=\u00bbball-blue\u00bb link=\u00bbhttps:\/\/www.amazon.es\/El-poemarioYavko01Poes%C3%ADa\/dp\/8411147630\/\u00bb]<\/p>\n","protected":false},"excerpt":{"rendered":"<p><strong>ISBN<\/strong>:978-84-1114-763-7<\/p>\n<p><strong>SINOPSIS<\/strong><\/p>\n<p>Esta es una obra po\u00e9tica en el que el lector podr\u00e1 adentrarse en el coraz\u00f3n de yavko, acompa\u00f1\u00e1ndolo en su introspecci\u00f3n y descubriendo las fisuras que agrietan sus paredes. Entendemos las fisuras muchas veces tan s\u00f3lo como grietas, aunque si hablamos de los sentimientos acaecen un significado mucho m\u00e1s complejo.<\/p>\n<p>Al\u00e9jate de lo mundano, conoce los mundos que crea Yavko en sus sue\u00f1os. Toda la imaginaci\u00f3n que rezuma de su alma cobra vida en forma de versos e historias que desaf\u00edan la realidad. \u00bfQui\u00e9n no ha querido ser el h\u00e9roe de la pel\u00edcula, o que existieran esos mundos de fantas\u00eda a los que explorar?<\/p>\n<p>La naturaleza en todo su esplendor es y ser\u00e1 siempre una fuente inagotable de inspiraci\u00f3n. Todos esos paisajes y esos encuentros con el mundo salvaje formaron recuerdos que quedaron grabados en la mente de Yavko, a los que har\u00e1 referencia durante su vida c\u00f3mo la belleza m\u00e1s pura.<\/p>\n<p>As\u00ed como las grietas pueden producir goteras, las fisuras tambi\u00e9n permiten que entre luz en esa habitaci\u00f3n que llamamos coraz\u00f3n. Esa luz ba\u00f1ar\u00e1 de esperanza al que se encuentre sumido en el fr\u00edo de la oscuridad, llenando de alegr\u00eda la tinta que se desliza por su pluma.<\/p>\n","protected":false},"featured_media":97712,"comment_status":"closed","ping_status":"open","template":"","meta":{"_acf_changed":false},"libro":[],"product_brand":[],"product_cat":[20],"product_tag":[],"class_list":{"0":"post-97711","1":"product","2":"type-product","3":"status-publish","4":"has-post-thumbnail","6":"product_cat-poesia","8":"first","9":"instock","10":"product-type-simple"},"acf":{"autor":[76276],"enlace_de_compra":"https:\/\/www.amazon.es\/El-poemario-Yavko-01-Poes%C3%ADa\/dp\/8411147630\/"},"yoast_head":"<!-- This site is optimized with the Yoast SEO plugin v27.4 - https:\/\/yoast.com\/product\/yoast-seo-wordpress\/ -->\n<title>El poemario de Yavko - Catalogo | Letrame Grupo Editorial<\/title>\n<meta name=\"robots\" content=\"index, follow, max-snippet:-1, max-image-preview:large, max-video-preview:-1\" \/>\n<link rel=\"canonical\" href=\"https:\/\/letrame.com\/catalogo\/producto\/el-poemario-de-yavko\/\" \/>\n<meta property=\"og:locale\" content=\"es_ES\" \/>\n<meta property=\"og:type\" content=\"article\" \/>\n<meta property=\"og:title\" content=\"El poemario de Yavko - Catalogo | Letrame Grupo Editorial\" \/>\n<meta property=\"og:description\" content=\"ISBN:978-84-1114-763-7 SINOPSIS Esta es una obra po\u00e9tica en el que el lector podr\u00e1 adentrarse en el coraz\u00f3n de yavko, acompa\u00f1\u00e1ndolo en su introspecci\u00f3n y descubriendo las fisuras que agrietan sus paredes. Entendemos las fisuras muchas veces tan s\u00f3lo como grietas, aunque si hablamos de los sentimientos acaecen un significado mucho m\u00e1s complejo. Al\u00e9jate de lo mundano, conoce los mundos que crea Yavko en sus sue\u00f1os. Toda la imaginaci\u00f3n que rezuma de su alma cobra vida en forma de versos e historias que desaf\u00edan la realidad. \u00bfQui\u00e9n no ha querido ser el h\u00e9roe de la pel\u00edcula, o que existieran esos mundos de fantas\u00eda a los que explorar? La naturaleza en todo su esplendor es y ser\u00e1 siempre una fuente inagotable de inspiraci\u00f3n. Todos esos paisajes y esos encuentros con el mundo salvaje formaron recuerdos que quedaron grabados en la mente de Yavko, a los que har\u00e1 referencia durante su vida c\u00f3mo la belleza m\u00e1s pura. As\u00ed como las grietas pueden producir goteras, las fisuras tambi\u00e9n permiten que entre luz en esa habitaci\u00f3n que llamamos coraz\u00f3n. Esa luz ba\u00f1ar\u00e1 de esperanza al que se encuentre sumido en el fr\u00edo de la oscuridad, llenando de alegr\u00eda la tinta que se desliza por su pluma.\" \/>\n<meta property=\"og:url\" content=\"https:\/\/letrame.com\/catalogo\/producto\/el-poemario-de-yavko\/\" \/>\n<meta property=\"og:site_name\" content=\"Catalogo | Letrame Grupo Editorial\" \/>\n<meta property=\"article:modified_time\" content=\"2024-04-29T12:26:32+00:00\" \/>\n<meta property=\"og:image\" content=\"https:\/\/letrame.com\/catalogo\/wp-content\/uploads\/2024\/04\/redportada_elpoemariodeyavko_581mm.jpg\" \/>\n\t<meta property=\"og:image:width\" content=\"601\" \/>\n\t<meta property=\"og:image:height\" content=\"881\" \/>\n\t<meta property=\"og:image:type\" content=\"image\/jpeg\" \/>\n<meta name=\"twitter:card\" content=\"summary_large_image\" \/>\n<meta name=\"twitter:label1\" content=\"Tiempo de lectura\" \/>\n\t<meta name=\"twitter:data1\" content=\"1 minuto\" \/>\n<script type=\"application\/ld+json\" class=\"yoast-schema-graph\">{\"@context\":\"https:\\\/\\\/schema.org\",\"@graph\":[{\"@type\":\"WebPage\",\"@id\":\"https:\\\/\\\/letrame.com\\\/catalogo\\\/producto\\\/el-poemario-de-yavko\\\/\",\"url\":\"https:\\\/\\\/letrame.com\\\/catalogo\\\/producto\\\/el-poemario-de-yavko\\\/\",\"name\":\"El poemario de Yavko - Catalogo | Letrame Grupo Editorial\",\"isPartOf\":{\"@id\":\"https:\\\/\\\/letrame.com\\\/catalogo\\\/#website\"},\"primaryImageOfPage\":{\"@id\":\"https:\\\/\\\/letrame.com\\\/catalogo\\\/producto\\\/el-poemario-de-yavko\\\/#primaryimage\"},\"image\":{\"@id\":\"https:\\\/\\\/letrame.com\\\/catalogo\\\/producto\\\/el-poemario-de-yavko\\\/#primaryimage\"},\"thumbnailUrl\":\"https:\\\/\\\/letrame.com\\\/catalogo\\\/wp-content\\\/uploads\\\/2024\\\/04\\\/redportada_elpoemariodeyavko_581mm.jpg\",\"datePublished\":\"2024-04-29T12:26:25+00:00\",\"dateModified\":\"2024-04-29T12:26:32+00:00\",\"breadcrumb\":{\"@id\":\"https:\\\/\\\/letrame.com\\\/catalogo\\\/producto\\\/el-poemario-de-yavko\\\/#breadcrumb\"},\"inLanguage\":\"es\",\"potentialAction\":[{\"@type\":\"ReadAction\",\"target\":[\"https:\\\/\\\/letrame.com\\\/catalogo\\\/producto\\\/el-poemario-de-yavko\\\/\"]}]},{\"@type\":\"ImageObject\",\"inLanguage\":\"es\",\"@id\":\"https:\\\/\\\/letrame.com\\\/catalogo\\\/producto\\\/el-poemario-de-yavko\\\/#primaryimage\",\"url\":\"https:\\\/\\\/letrame.com\\\/catalogo\\\/wp-content\\\/uploads\\\/2024\\\/04\\\/redportada_elpoemariodeyavko_581mm.jpg\",\"contentUrl\":\"https:\\\/\\\/letrame.com\\\/catalogo\\\/wp-content\\\/uploads\\\/2024\\\/04\\\/redportada_elpoemariodeyavko_581mm.jpg\",\"width\":601,\"height\":881},{\"@type\":\"BreadcrumbList\",\"@id\":\"https:\\\/\\\/letrame.com\\\/catalogo\\\/producto\\\/el-poemario-de-yavko\\\/#breadcrumb\",\"itemListElement\":[{\"@type\":\"ListItem\",\"position\":1,\"name\":\"Portada\",\"item\":\"https:\\\/\\\/letrame.com\\\/catalogo\\\/\"},{\"@type\":\"ListItem\",\"position\":2,\"name\":\"Cat\u00e1logo\",\"item\":\"https:\\\/\\\/letrame.com\\\/catalogo\\\/\"},{\"@type\":\"ListItem\",\"position\":3,\"name\":\"El poemario de Yavko\"}]},{\"@type\":\"WebSite\",\"@id\":\"https:\\\/\\\/letrame.com\\\/catalogo\\\/#website\",\"url\":\"https:\\\/\\\/letrame.com\\\/catalogo\\\/\",\"name\":\"Catalogo | Letrame Grupo Editorial\",\"description\":\"\",\"publisher\":{\"@id\":\"https:\\\/\\\/letrame.com\\\/catalogo\\\/#organization\"},\"potentialAction\":[{\"@type\":\"SearchAction\",\"target\":{\"@type\":\"EntryPoint\",\"urlTemplate\":\"https:\\\/\\\/letrame.com\\\/catalogo\\\/?s={search_term_string}\"},\"query-input\":{\"@type\":\"PropertyValueSpecification\",\"valueRequired\":true,\"valueName\":\"search_term_string\"}}],\"inLanguage\":\"es\"},{\"@type\":\"Organization\",\"@id\":\"https:\\\/\\\/letrame.com\\\/catalogo\\\/#organization\",\"name\":\"Catalogo | Letrame Grupo Editorial\",\"url\":\"https:\\\/\\\/letrame.com\\\/catalogo\\\/\",\"logo\":{\"@type\":\"ImageObject\",\"inLanguage\":\"es\",\"@id\":\"https:\\\/\\\/letrame.com\\\/catalogo\\\/#\\\/schema\\\/logo\\\/image\\\/\",\"url\":\"https:\\\/\\\/letrame.com\\\/catalogo\\\/wp-content\\\/uploads\\\/2024\\\/03\\\/logo2.webp\",\"contentUrl\":\"https:\\\/\\\/letrame.com\\\/catalogo\\\/wp-content\\\/uploads\\\/2024\\\/03\\\/logo2.webp\",\"width\":394,\"height\":128,\"caption\":\"Catalogo | Letrame Grupo Editorial\"},\"image\":{\"@id\":\"https:\\\/\\\/letrame.com\\\/catalogo\\\/#\\\/schema\\\/logo\\\/image\\\/\"}}]}<\/script>\n<!-- \/ Yoast SEO plugin. -->","yoast_head_json":{"title":"El poemario de Yavko - Catalogo | Letrame Grupo Editorial","robots":{"index":"index","follow":"follow","max-snippet":"max-snippet:-1","max-image-preview":"max-image-preview:large","max-video-preview":"max-video-preview:-1"},"canonical":"https:\/\/letrame.com\/catalogo\/producto\/el-poemario-de-yavko\/","og_locale":"es_ES","og_type":"article","og_title":"El poemario de Yavko - Catalogo | Letrame Grupo Editorial","og_description":"ISBN:978-84-1114-763-7 SINOPSIS Esta es una obra po\u00e9tica en el que el lector podr\u00e1 adentrarse en el coraz\u00f3n de yavko, acompa\u00f1\u00e1ndolo en su introspecci\u00f3n y descubriendo las fisuras que agrietan sus paredes. Entendemos las fisuras muchas veces tan s\u00f3lo como grietas, aunque si hablamos de los sentimientos acaecen un significado mucho m\u00e1s complejo. Al\u00e9jate de lo mundano, conoce los mundos que crea Yavko en sus sue\u00f1os. Toda la imaginaci\u00f3n que rezuma de su alma cobra vida en forma de versos e historias que desaf\u00edan la realidad. \u00bfQui\u00e9n no ha querido ser el h\u00e9roe de la pel\u00edcula, o que existieran esos mundos de fantas\u00eda a los que explorar? La naturaleza en todo su esplendor es y ser\u00e1 siempre una fuente inagotable de inspiraci\u00f3n. Todos esos paisajes y esos encuentros con el mundo salvaje formaron recuerdos que quedaron grabados en la mente de Yavko, a los que har\u00e1 referencia durante su vida c\u00f3mo la belleza m\u00e1s pura. As\u00ed como las grietas pueden producir goteras, las fisuras tambi\u00e9n permiten que entre luz en esa habitaci\u00f3n que llamamos coraz\u00f3n. Esa luz ba\u00f1ar\u00e1 de esperanza al que se encuentre sumido en el fr\u00edo de la oscuridad, llenando de alegr\u00eda la tinta que se desliza por su pluma.","og_url":"https:\/\/letrame.com\/catalogo\/producto\/el-poemario-de-yavko\/","og_site_name":"Catalogo | Letrame Grupo Editorial","article_modified_time":"2024-04-29T12:26:32+00:00","og_image":[{"width":601,"height":881,"url":"https:\/\/letrame.com\/catalogo\/wp-content\/uploads\/2024\/04\/redportada_elpoemariodeyavko_581mm.jpg","type":"image\/jpeg"}],"twitter_card":"summary_large_image","twitter_misc":{"Tiempo de lectura":"1 minuto"},"schema":{"@context":"https:\/\/schema.org","@graph":[{"@type":"WebPage","@id":"https:\/\/letrame.com\/catalogo\/producto\/el-poemario-de-yavko\/","url":"https:\/\/letrame.com\/catalogo\/producto\/el-poemario-de-yavko\/","name":"El poemario de Yavko - Catalogo | Letrame Grupo Editorial","isPartOf":{"@id":"https:\/\/letrame.com\/catalogo\/#website"},"primaryImageOfPage":{"@id":"https:\/\/letrame.com\/catalogo\/producto\/el-poemario-de-yavko\/#primaryimage"},"image":{"@id":"https:\/\/letrame.com\/catalogo\/producto\/el-poemario-de-yavko\/#primaryimage"},"thumbnailUrl":"https:\/\/letrame.com\/catalogo\/wp-content\/uploads\/2024\/04\/redportada_elpoemariodeyavko_581mm.jpg","datePublished":"2024-04-29T12:26:25+00:00","dateModified":"2024-04-29T12:26:32+00:00","breadcrumb":{"@id":"https:\/\/letrame.com\/catalogo\/producto\/el-poemario-de-yavko\/#breadcrumb"},"inLanguage":"es","potentialAction":[{"@type":"ReadAction","target":["https:\/\/letrame.com\/catalogo\/producto\/el-poemario-de-yavko\/"]}]},{"@type":"ImageObject","inLanguage":"es","@id":"https:\/\/letrame.com\/catalogo\/producto\/el-poemario-de-yavko\/#primaryimage","url":"https:\/\/letrame.com\/catalogo\/wp-content\/uploads\/2024\/04\/redportada_elpoemariodeyavko_581mm.jpg","contentUrl":"https:\/\/letrame.com\/catalogo\/wp-content\/uploads\/2024\/04\/redportada_elpoemariodeyavko_581mm.jpg","width":601,"height":881},{"@type":"BreadcrumbList","@id":"https:\/\/letrame.com\/catalogo\/producto\/el-poemario-de-yavko\/#breadcrumb","itemListElement":[{"@type":"ListItem","position":1,"name":"Portada","item":"https:\/\/letrame.com\/catalogo\/"},{"@type":"ListItem","position":2,"name":"Cat\u00e1logo","item":"https:\/\/letrame.com\/catalogo\/"},{"@type":"ListItem","position":3,"name":"El poemario de Yavko"}]},{"@type":"WebSite","@id":"https:\/\/letrame.com\/catalogo\/#website","url":"https:\/\/letrame.com\/catalogo\/","name":"Catalogo | Letrame Grupo Editorial","description":"","publisher":{"@id":"https:\/\/letrame.com\/catalogo\/#organization"},"potentialAction":[{"@type":"SearchAction","target":{"@type":"EntryPoint","urlTemplate":"https:\/\/letrame.com\/catalogo\/?s={search_term_string}"},"query-input":{"@type":"PropertyValueSpecification","valueRequired":true,"valueName":"search_term_string"}}],"inLanguage":"es"},{"@type":"Organization","@id":"https:\/\/letrame.com\/catalogo\/#organization","name":"Catalogo | Letrame Grupo Editorial","url":"https:\/\/letrame.com\/catalogo\/","logo":{"@type":"ImageObject","inLanguage":"es","@id":"https:\/\/letrame.com\/catalogo\/#\/schema\/logo\/image\/","url":"https:\/\/letrame.com\/catalogo\/wp-content\/uploads\/2024\/03\/logo2.webp","contentUrl":"https:\/\/letrame.com\/catalogo\/wp-content\/uploads\/2024\/03\/logo2.webp","width":394,"height":128,"caption":"Catalogo | Letrame Grupo Editorial"},"image":{"@id":"https:\/\/letrame.com\/catalogo\/#\/schema\/logo\/image\/"}}]}},"_links":{"self":[{"href":"https:\/\/letrame.com\/catalogo\/wp-json\/wp\/v2\/product\/97711","targetHints":{"allow":["GET"]}}],"collection":[{"href":"https:\/\/letrame.com\/catalogo\/wp-json\/wp\/v2\/product"}],"about":[{"href":"https:\/\/letrame.com\/catalogo\/wp-json\/wp\/v2\/types\/product"}],"replies":[{"embeddable":true,"href":"https:\/\/letrame.com\/catalogo\/wp-json\/wp\/v2\/comments?post=97711"}],"acf:post":[{"embeddable":true,"href":"https:\/\/letrame.com\/catalogo\/wp-json\/wp\/v2\/author_book\/76276"}],"wp:featuredmedia":[{"embeddable":true,"href":"https:\/\/letrame.com\/catalogo\/wp-json\/wp\/v2\/media\/97712"}],"wp:attachment":[{"href":"https:\/\/letrame.com\/catalogo\/wp-json\/wp\/v2\/media?parent=97711"}],"wp:term":[{"taxonomy":"libro","embeddable":true,"href":"https:\/\/letrame.com\/catalogo\/wp-json\/wp\/v2\/libro?post=97711"},{"taxonomy":"product_brand","embeddable":true,"href":"https:\/\/letrame.com\/catalogo\/wp-json\/wp\/v2\/product_brand?post=97711"},{"taxonomy":"product_cat","embeddable":true,"href":"https:\/\/letrame.com\/catalogo\/wp-json\/wp\/v2\/product_cat?post=97711"},{"taxonomy":"product_tag","embeddable":true,"href":"https:\/\/letrame.com\/catalogo\/wp-json\/wp\/v2\/product_tag?post=97711"}],"curies":[{"name":"wp","href":"https:\/\/api.w.org\/{rel}","templated":true}]}}